{"id":3017,"date":"2022-02-18T10:57:58","date_gmt":"2022-02-18T03:57:58","guid":{"rendered":"https:\/\/anhuysafety.com\/?post_type=product&#038;p=3017"},"modified":"2022-05-16T16:07:57","modified_gmt":"2022-05-16T09:07:57","slug":"kinh-bao-ho-my-nomads","status":"publish","type":"product","link":"https:\/\/anhuysafety.com\/en\/product\/kinh-bao-ho-my-nomads\/","title":{"rendered":"K\u00ednh b\u1ea3o h\u1ed9 M\u1ef9 NOMADS"},"content":{"rendered":"<p>\u2022 Nh\u1eb9, \u0111\u1eb9p.<br \/>\n\u2022 M\u1eaft k\u00ednh m\u00e0u kh\u00f3i, ch\u1ed1ng \u0111\u1ecdng h\u01a1i n\u01b0\u1edbc, ch\u1ea5t l\u01b0\u1ee3ng quang h\u1ecdc c\u1ea5p 1.<br \/>\n\u2022 T\u1ea5m ch\u1eafn b\u00ean c\u00f3 th\u1ec3 th\u00e1o r\u1eddi<br \/>\n\u2022 Thi\u1ebft k\u1ebf s\u1eed d\u1ee5ng l\u00fd t\u01b0\u1edfng cho khu\u00f4n m\u1eb7t nh\u1ecf.<br \/>\n\u2022 Kh\u1ea3 n\u0103ng ch\u1ed1ng tia UV:\u00a0 99,9%<br \/>\n\u2022Ti\u00eau chu\u1ea9n ANSI Z87.1+\u00a0 v\u00e0 ti\u00eau chu\u1ea9n Ch\u00e2u \u00c2u EN<br \/>\n\u2022 H\u1ed9p 12 c\u00e1i<\/p>\n<p>S\u1ea3n xu\u1ea5t: Jackson \u2013 USA<\/p>","protected":false},"excerpt":{"rendered":"<p>\u2022 Nh\u1eb9, \u0111\u1eb9p. \u2022 M\u1eaft k\u00ednh m\u00e0u kh\u00f3i, ch\u1ed1ng \u0111\u1ecdng h\u01a1i n\u01b0\u1edbc, ch\u1ea5t l\u01b0\u1ee3ng quang h\u1ecdc c\u1ea5p 1. \u2022 T\u1ea5m ch\u1eafn b\u00ean c\u00f3 th\u1ec3 th\u00e1o r\u1eddi \u2022 Thi\u1ebft k\u1ebf s\u1eed d\u1ee5ng l\u00fd t\u01b0\u1edfng cho khu\u00f4n m\u1eb7t nh\u1ecf. \u2022 Kh\u1ea3 n\u0103ng ch\u1ed1ng tia UV:\u00a0 99,9% \u2022Ti\u00eau chu\u1ea9n ANSI Z87.1+\u00a0 v\u00e0 ti\u00eau chu\u1ea9n Ch\u00e2u \u00c2u EN \u2022 [&hellip;]<\/p>\n","protected":false},"featured_media":3052,"template":"","meta":{"site-sidebar-layout":"default","site-content-layout":"default","ast-site-content-layout":"default","site-content-style":"default","site-sidebar-style":"default","ast-global-header-display":"","ast-banner-title-visibility":"","ast-main-header-display":"","ast-hfb-above-header-display":"","ast-hfb-below-header-display":"","ast-hfb-mobile-header-display":"","site-post-title":"","ast-breadcrumbs-content":"","ast-featured-img":"","footer-sml-layout":"","ast-disable-related-posts":"","theme-transparent-header-meta":"","adv-header-id-meta":"","stick-header-meta":"","header-above-stick-meta":"","header-main-stick-meta":"","header-below-stick-meta":"","astra-migrate-meta-layouts":"default","ast-page-background-enabled":"default","ast-page-background-meta":{"desktop":{"background-color":"","background-image":"","background-repeat":"repeat","background-position":"center center","background-size":"auto","background-attachment":"scroll","background-type":"","background-media":"","overlay-type":"","overlay-color":"","overlay-opacity":"","overlay-gradient":""},"tablet":{"background-color":"","background-image":"","background-repeat":"repeat","background-position":"center center","background-size":"auto","background-attachment":"scroll","background-type":"","background-media":"","overlay-type":"","overlay-color":"","overlay-opacity":"","overlay-gradient":""},"mobile":{"background-color":"","background-image":"","background-repeat":"repeat","background-position":"center center","background-size":"auto","background-attachment":"scroll","background-type":"","background-media":"","overlay-type":"","overlay-color":"","overlay-opacity":"","overlay-gradient":""}},"ast-content-background-meta":{"desktop":{"background-color":"var(--ast-global-color-5)","background-image":"","background-repeat":"repeat","background-position":"center center","background-size":"auto","background-attachment":"scroll","background-type":"","background-media":"","overlay-type":"","overlay-color":"","overlay-opacity":"","overlay-gradient":""},"tablet":{"background-color":"var(--ast-global-color-5)","background-image":"","background-repeat":"repeat","background-position":"center center","background-size":"auto","background-attachment":"scroll","background-type":"","background-media":"","overlay-type":"","overlay-color":"","overlay-opacity":"","overlay-gradient":""},"mobile":{"background-color":"var(--ast-global-color-5)","background-image":"","background-repeat":"repeat","background-position":"center center","background-size":"auto","background-attachment":"scroll","background-type":"","background-media":"","overlay-type":"","overlay-color":"","overlay-opacity":"","overlay-gradient":""}}},"product_brand":[],"product_cat":[72],"product_tag":[73,74,75],"class_list":{"0":"post-3017","1":"product","2":"type-product","3":"status-publish","4":"has-post-thumbnail","6":"product_cat-kinh-bao-ho-kieu-gong-my","7":"product_tag-kinh-bao-ho","8":"product_tag-kinh-bao-ho-my","9":"product_tag-nomads","10":"desktop-align-left","11":"tablet-align-left","12":"mobile-align-left","14":"first","15":"instock","16":"shipping-taxable","17":"purchasable","18":"product-type-simple"},"yoast_head":"<!-- This site is optimized with the Yoast SEO plugin v27.3 - https:\/\/yoast.com\/product\/yoast-seo-wordpress\/ -->\n<title>K\u00ednh b\u1ea3o h\u1ed9 M\u1ef9 NOMADS - C\u00f4ng Ty TNHH Trang Thi\u1ebft B\u1ecb K\u1ef9 Thu\u1eadt An Huy<\/title>\n<meta name=\"description\" content=\"K\u00ednh b\u1ea3o h\u1ed9 g\u1ecdng M\u1ef9 nomads\" \/>\n<meta name=\"robots\" content=\"index, follow, max-snippet:-1, max-image-preview:large, max-video-preview:-1\" \/>\n<link rel=\"canonical\" href=\"http:\/\/anhuysafety.com\/en\/product\/kinh-bao-ho-my-nomads\/\" \/>\n<meta property=\"og:locale\" content=\"en_US\" \/>\n<meta property=\"og:type\" content=\"article\" \/>\n<meta property=\"og:title\" content=\"K\u00ednh b\u1ea3o h\u1ed9 M\u1ef9 NOMADS - C\u00f4ng Ty TNHH Trang Thi\u1ebft B\u1ecb K\u1ef9 Thu\u1eadt An Huy\" \/>\n<meta property=\"og:description\" content=\"K\u00ednh b\u1ea3o h\u1ed9 g\u1ecdng M\u1ef9 nomads\" \/>\n<meta property=\"og:url\" content=\"http:\/\/anhuysafety.com\/en\/product\/kinh-bao-ho-my-nomads\/\" \/>\n<meta property=\"og:site_name\" content=\"C\u00f4ng Ty TNHH Trang Thi\u1ebft B\u1ecb K\u1ef9 Thu\u1eadt An Huy\" \/>\n<meta property=\"article:modified_time\" content=\"2022-05-16T09:07:57+00:00\" \/>\n<meta property=\"og:image\" content=\"https:\/\/anhuysafety.com\/wp-content\/uploads\/2022\/02\/nomads22603499_400x300.gif\" \/>\n\t<meta property=\"og:image:width\" content=\"400\" \/>\n\t<meta property=\"og:image:height\" content=\"300\" \/>\n\t<meta property=\"og:image:type\" content=\"image\/gif\" \/>\n<meta name=\"twitter:card\" content=\"summary_large_image\" \/>\n<script type=\"application\/ld+json\" class=\"yoast-schema-graph\">{\"@context\":\"https:\\\/\\\/schema.org\",\"@graph\":[{\"@type\":\"WebPage\",\"@id\":\"http:\\\/\\\/anhuysafety.com\\\/en\\\/product\\\/kinh-bao-ho-my-nomads\\\/\",\"url\":\"http:\\\/\\\/anhuysafety.com\\\/en\\\/product\\\/kinh-bao-ho-my-nomads\\\/\",\"name\":\"K\u00ednh b\u1ea3o h\u1ed9 M\u1ef9 NOMADS - C\u00f4ng Ty TNHH Trang Thi\u1ebft B\u1ecb K\u1ef9 Thu\u1eadt An Huy\",\"isPartOf\":{\"@id\":\"https:\\\/\\\/anhuysafety.com\\\/#website\"},\"primaryImageOfPage\":{\"@id\":\"http:\\\/\\\/anhuysafety.com\\\/en\\\/product\\\/kinh-bao-ho-my-nomads\\\/#primaryimage\"},\"image\":{\"@id\":\"http:\\\/\\\/anhuysafety.com\\\/en\\\/product\\\/kinh-bao-ho-my-nomads\\\/#primaryimage\"},\"thumbnailUrl\":\"https:\\\/\\\/anhuysafety.com\\\/wp-content\\\/uploads\\\/2022\\\/02\\\/nomads22603499_400x300.gif\",\"datePublished\":\"2022-02-18T03:57:58+00:00\",\"dateModified\":\"2022-05-16T09:07:57+00:00\",\"description\":\"K\u00ednh b\u1ea3o h\u1ed9 g\u1ecdng M\u1ef9 nomads\",\"breadcrumb\":{\"@id\":\"http:\\\/\\\/anhuysafety.com\\\/en\\\/product\\\/kinh-bao-ho-my-nomads\\\/#breadcrumb\"},\"inLanguage\":\"en-US\",\"potentialAction\":[{\"@type\":\"ReadAction\",\"target\":[\"http:\\\/\\\/anhuysafety.com\\\/en\\\/product\\\/kinh-bao-ho-my-nomads\\\/\"]}]},{\"@type\":\"ImageObject\",\"inLanguage\":\"en-US\",\"@id\":\"http:\\\/\\\/anhuysafety.com\\\/en\\\/product\\\/kinh-bao-ho-my-nomads\\\/#primaryimage\",\"url\":\"https:\\\/\\\/anhuysafety.com\\\/wp-content\\\/uploads\\\/2022\\\/02\\\/nomads22603499_400x300.gif\",\"contentUrl\":\"https:\\\/\\\/anhuysafety.com\\\/wp-content\\\/uploads\\\/2022\\\/02\\\/nomads22603499_400x300.gif\",\"width\":400,\"height\":300,\"caption\":\"K\u00ednh b\u1ea3o h\u1ed9\"},{\"@type\":\"BreadcrumbList\",\"@id\":\"http:\\\/\\\/anhuysafety.com\\\/en\\\/product\\\/kinh-bao-ho-my-nomads\\\/#breadcrumb\",\"itemListElement\":[{\"@type\":\"ListItem\",\"position\":1,\"name\":\"Trang ch\u1ee7\",\"item\":\"https:\\\/\\\/anhuysafety.com\\\/\"},{\"@type\":\"ListItem\",\"position\":2,\"name\":\"S\u1ea3n ph\u1ea9m\",\"item\":\"http:\\\/\\\/anhuysafety.com\\\/en\\\/cua-hang\"},{\"@type\":\"ListItem\",\"position\":3,\"name\":\"K\u00ednh b\u1ea3o h\u1ed9 M\u1ef9 NOMADS\"}]},{\"@type\":\"WebSite\",\"@id\":\"https:\\\/\\\/anhuysafety.com\\\/#website\",\"url\":\"https:\\\/\\\/anhuysafety.com\\\/\",\"name\":\"C\u00f4ng Ty TNHH Trang Thi\u1ebft B\u1ecb K\u1ef9 Thu\u1eadt An Huy\",\"description\":\"\",\"publisher\":{\"@id\":\"https:\\\/\\\/anhuysafety.com\\\/#organization\"},\"potentialAction\":[{\"@type\":\"SearchAction\",\"target\":{\"@type\":\"EntryPoint\",\"urlTemplate\":\"https:\\\/\\\/anhuysafety.com\\\/?s={search_term_string}\"},\"query-input\":{\"@type\":\"PropertyValueSpecification\",\"valueRequired\":true,\"valueName\":\"search_term_string\"}}],\"inLanguage\":\"en-US\"},{\"@type\":\"Organization\",\"@id\":\"https:\\\/\\\/anhuysafety.com\\\/#organization\",\"name\":\"C\u00f4ng ty TNHH trang thi\u1ebft b\u1ecb k\u1ef9 thu\u1eadt An Huy\",\"url\":\"https:\\\/\\\/anhuysafety.com\\\/\",\"logo\":{\"@type\":\"ImageObject\",\"inLanguage\":\"en-US\",\"@id\":\"https:\\\/\\\/anhuysafety.com\\\/#\\\/schema\\\/logo\\\/image\\\/\",\"url\":\"https:\\\/\\\/anhuysafety.com\\\/wp-content\\\/uploads\\\/2022\\\/02\\\/cropped-cropped-cropped-LOGO_AN_HUY_SAFETY_chuan-removebg-preview-1.png\",\"contentUrl\":\"https:\\\/\\\/anhuysafety.com\\\/wp-content\\\/uploads\\\/2022\\\/02\\\/cropped-cropped-cropped-LOGO_AN_HUY_SAFETY_chuan-removebg-preview-1.png\",\"width\":357,\"height\":318,\"caption\":\"C\u00f4ng ty TNHH trang thi\u1ebft b\u1ecb k\u1ef9 thu\u1eadt An Huy\"},\"image\":{\"@id\":\"https:\\\/\\\/anhuysafety.com\\\/#\\\/schema\\\/logo\\\/image\\\/\"}}]}<\/script>\n<!-- \/ Yoast SEO plugin. -->","yoast_head_json":{"title":"K\u00ednh b\u1ea3o h\u1ed9 M\u1ef9 NOMADS - C\u00f4ng Ty TNHH Trang Thi\u1ebft B\u1ecb K\u1ef9 Thu\u1eadt An Huy","description":"K\u00ednh b\u1ea3o h\u1ed9 g\u1ecdng M\u1ef9 nomads","robots":{"index":"index","follow":"follow","max-snippet":"max-snippet:-1","max-image-preview":"max-image-preview:large","max-video-preview":"max-video-preview:-1"},"canonical":"http:\/\/anhuysafety.com\/en\/product\/kinh-bao-ho-my-nomads\/","og_locale":"en_US","og_type":"article","og_title":"K\u00ednh b\u1ea3o h\u1ed9 M\u1ef9 NOMADS - C\u00f4ng Ty TNHH Trang Thi\u1ebft B\u1ecb K\u1ef9 Thu\u1eadt An Huy","og_description":"K\u00ednh b\u1ea3o h\u1ed9 g\u1ecdng M\u1ef9 nomads","og_url":"http:\/\/anhuysafety.com\/en\/product\/kinh-bao-ho-my-nomads\/","og_site_name":"C\u00f4ng Ty TNHH Trang Thi\u1ebft B\u1ecb K\u1ef9 Thu\u1eadt An Huy","article_modified_time":"2022-05-16T09:07:57+00:00","og_image":[{"width":400,"height":300,"url":"https:\/\/anhuysafety.com\/wp-content\/uploads\/2022\/02\/nomads22603499_400x300.gif","type":"image\/gif"}],"twitter_card":"summary_large_image","schema":{"@context":"https:\/\/schema.org","@graph":[{"@type":"WebPage","@id":"http:\/\/anhuysafety.com\/en\/product\/kinh-bao-ho-my-nomads\/","url":"http:\/\/anhuysafety.com\/en\/product\/kinh-bao-ho-my-nomads\/","name":"K\u00ednh b\u1ea3o h\u1ed9 M\u1ef9 NOMADS - C\u00f4ng Ty TNHH Trang Thi\u1ebft B\u1ecb K\u1ef9 Thu\u1eadt An Huy","isPartOf":{"@id":"https:\/\/anhuysafety.com\/#website"},"primaryImageOfPage":{"@id":"http:\/\/anhuysafety.com\/en\/product\/kinh-bao-ho-my-nomads\/#primaryimage"},"image":{"@id":"http:\/\/anhuysafety.com\/en\/product\/kinh-bao-ho-my-nomads\/#primaryimage"},"thumbnailUrl":"https:\/\/anhuysafety.com\/wp-content\/uploads\/2022\/02\/nomads22603499_400x300.gif","datePublished":"2022-02-18T03:57:58+00:00","dateModified":"2022-05-16T09:07:57+00:00","description":"K\u00ednh b\u1ea3o h\u1ed9 g\u1ecdng M\u1ef9 nomads","breadcrumb":{"@id":"http:\/\/anhuysafety.com\/en\/product\/kinh-bao-ho-my-nomads\/#breadcrumb"},"inLanguage":"en-US","potentialAction":[{"@type":"ReadAction","target":["http:\/\/anhuysafety.com\/en\/product\/kinh-bao-ho-my-nomads\/"]}]},{"@type":"ImageObject","inLanguage":"en-US","@id":"http:\/\/anhuysafety.com\/en\/product\/kinh-bao-ho-my-nomads\/#primaryimage","url":"https:\/\/anhuysafety.com\/wp-content\/uploads\/2022\/02\/nomads22603499_400x300.gif","contentUrl":"https:\/\/anhuysafety.com\/wp-content\/uploads\/2022\/02\/nomads22603499_400x300.gif","width":400,"height":300,"caption":"K\u00ednh b\u1ea3o h\u1ed9"},{"@type":"BreadcrumbList","@id":"http:\/\/anhuysafety.com\/en\/product\/kinh-bao-ho-my-nomads\/#breadcrumb","itemListElement":[{"@type":"ListItem","position":1,"name":"Trang ch\u1ee7","item":"https:\/\/anhuysafety.com\/"},{"@type":"ListItem","position":2,"name":"S\u1ea3n ph\u1ea9m","item":"http:\/\/anhuysafety.com\/en\/cua-hang"},{"@type":"ListItem","position":3,"name":"K\u00ednh b\u1ea3o h\u1ed9 M\u1ef9 NOMADS"}]},{"@type":"WebSite","@id":"https:\/\/anhuysafety.com\/#website","url":"https:\/\/anhuysafety.com\/","name":"AN HUY TECHNICAL EQUIPMENT CO., LTD","description":"","publisher":{"@id":"https:\/\/anhuysafety.com\/#organization"},"potentialAction":[{"@type":"SearchAction","target":{"@type":"EntryPoint","urlTemplate":"https:\/\/anhuysafety.com\/?s={search_term_string}"},"query-input":{"@type":"PropertyValueSpecification","valueRequired":true,"valueName":"search_term_string"}}],"inLanguage":"en-US"},{"@type":"Organization","@id":"https:\/\/anhuysafety.com\/#organization","name":"C\u00f4ng ty TNHH trang thi\u1ebft b\u1ecb k\u1ef9 thu\u1eadt An Huy","url":"https:\/\/anhuysafety.com\/","logo":{"@type":"ImageObject","inLanguage":"en-US","@id":"https:\/\/anhuysafety.com\/#\/schema\/logo\/image\/","url":"https:\/\/anhuysafety.com\/wp-content\/uploads\/2022\/02\/cropped-cropped-cropped-LOGO_AN_HUY_SAFETY_chuan-removebg-preview-1.png","contentUrl":"https:\/\/anhuysafety.com\/wp-content\/uploads\/2022\/02\/cropped-cropped-cropped-LOGO_AN_HUY_SAFETY_chuan-removebg-preview-1.png","width":357,"height":318,"caption":"C\u00f4ng ty TNHH trang thi\u1ebft b\u1ecb k\u1ef9 thu\u1eadt An Huy"},"image":{"@id":"https:\/\/anhuysafety.com\/#\/schema\/logo\/image\/"}}]}},"_links":{"self":[{"href":"https:\/\/anhuysafety.com\/en\/wp-json\/wp\/v2\/product\/3017","targetHints":{"allow":["GET"]}}],"collection":[{"href":"https:\/\/anhuysafety.com\/en\/wp-json\/wp\/v2\/product"}],"about":[{"href":"https:\/\/anhuysafety.com\/en\/wp-json\/wp\/v2\/types\/product"}],"version-history":[{"count":1,"href":"https:\/\/anhuysafety.com\/en\/wp-json\/wp\/v2\/product\/3017\/revisions"}],"predecessor-version":[{"id":3019,"href":"https:\/\/anhuysafety.com\/en\/wp-json\/wp\/v2\/product\/3017\/revisions\/3019"}],"wp:featuredmedia":[{"embeddable":true,"href":"https:\/\/anhuysafety.com\/en\/wp-json\/wp\/v2\/media\/3052"}],"wp:attachment":[{"href":"https:\/\/anhuysafety.com\/en\/wp-json\/wp\/v2\/media?parent=3017"}],"wp:term":[{"taxonomy":"product_brand","embeddable":true,"href":"https:\/\/anhuysafety.com\/en\/wp-json\/wp\/v2\/product_brand?post=3017"},{"taxonomy":"product_cat","embeddable":true,"href":"https:\/\/anhuysafety.com\/en\/wp-json\/wp\/v2\/product_cat?post=3017"},{"taxonomy":"product_tag","embeddable":true,"href":"https:\/\/anhuysafety.com\/en\/wp-json\/wp\/v2\/product_tag?post=3017"}],"curies":[{"name":"wp","href":"https:\/\/api.w.org\/{rel}","templated":true}]}}