{"id":3029,"date":"2022-02-18T11:40:22","date_gmt":"2022-02-18T04:40:22","guid":{"rendered":"https:\/\/anhuysafety.com\/?post_type=product&#038;p=3029"},"modified":"2022-05-16T16:07:58","modified_gmt":"2022-05-16T09:07:58","slug":"kinh-bao-ho-magnum-3g-my","status":"publish","type":"product","link":"https:\/\/anhuysafety.com\/en\/product\/kinh-bao-ho-magnum-3g-my\/","title":{"rendered":"K\u00ednh b\u1ea3o h\u1ed9 Nemesis VL Smoke"},"content":{"rendered":"<ul>\n<li>K\u00ednh an to\u00e0n \u00a0Nemesis * VL\u00a0 V30 v\u1edbi thi\u1ebft k\u1ebf ki\u1ec3u d\u00e1ng th\u1ec3 thao n\u0103ng \u0111\u1ed9ng v\u00e0 kh\u00f4ng khung,\u00a0 c\u00f3 tr\u1ecdng l\u01b0\u1ee3ng \u00a0nh\u1eb9<\/li>\n<li>K\u00ednh \u0111\u01b0\u1ee3c thi\u1ebft k\u1ebf \u0111\u1ec3 l\u00e0m t\u0103ng t\u1ea7m nh\u00ecn v\u00e0 kh\u00f4ng g\u00e2y tr\u1edf ng\u1ea1i khi mang n\u00f3n an to\u00e0n.<\/li>\n<li>C\u00f3 m\u1ed9t s\u1ee3i d\u00e2y qu\u00e0ng c\u1ed5 \u0111\u1ec3 tr\u00e1nh h\u01b0 h\u1ecfng khi kh\u00f4ng d\u00f9ng \u0111\u1ebfn.<\/li>\n<li>Tr\u00f2ng k\u00ednh m\u00e0u kh\u00f3i, l\u00fd t\u01b0\u1edfng cho vi\u1ec7c s\u1eed d\u1ee5ng ngo\u00e0i tr\u1eddi.<\/li>\n<li>M\u1eaft k\u00ednh c\u1ee9ng, ch\u1ed1ng tr\u1ea7y x\u01b0\u1edbc gi\u00fap th\u1eddi gian s\u1eed d\u1ee5ng l\u00e2u.<\/li>\n<li>M\u1eaft k\u00ednh \u0111\u01b0\u1ee3c l\u00e0m b\u1eb1ng ch\u1ea5t li\u1ec7u polycarbonate ch\u1ed1ng tia b\u1ee9c x\u1ea1 c\u00f3 h\u1ea1i UVA \/ UVB \/ UVC \u0111\u1ebfn \u00a099,9% .<\/li>\n<li>\u0110\u00e1p \u1ee9ng ti\u00eau chu\u1ea9n \u00a0Z87.1 +<\/li>\n<\/ul>","protected":false},"excerpt":{"rendered":"<p>K\u00ednh an to\u00e0n \u00a0Nemesis * VL\u00a0 V30 v\u1edbi thi\u1ebft k\u1ebf ki\u1ec3u d\u00e1ng th\u1ec3 thao n\u0103ng \u0111\u1ed9ng v\u00e0 kh\u00f4ng khung,\u00a0 c\u00f3 tr\u1ecdng l\u01b0\u1ee3ng \u00a0nh\u1eb9 K\u00ednh \u0111\u01b0\u1ee3c thi\u1ebft k\u1ebf \u0111\u1ec3 l\u00e0m t\u0103ng t\u1ea7m nh\u00ecn v\u00e0 kh\u00f4ng g\u00e2y tr\u1edf ng\u1ea1i khi mang n\u00f3n an to\u00e0n. C\u00f3 m\u1ed9t s\u1ee3i d\u00e2y qu\u00e0ng c\u1ed5 \u0111\u1ec3 tr\u00e1nh h\u01b0 h\u1ecfng khi kh\u00f4ng d\u00f9ng [&hellip;]<\/p>\n","protected":false},"featured_media":3039,"template":"","meta":{"site-sidebar-layout":"default","site-content-layout":"default","ast-site-content-layout":"default","site-content-style":"default","site-sidebar-style":"default","ast-global-header-display":"","ast-banner-title-visibility":"","ast-main-header-display":"","ast-hfb-above-header-display":"","ast-hfb-below-header-display":"","ast-hfb-mobile-header-display":"","site-post-title":"","ast-breadcrumbs-content":"","ast-featured-img":"","footer-sml-layout":"","ast-disable-related-posts":"","theme-transparent-header-meta":"","adv-header-id-meta":"","stick-header-meta":"","header-above-stick-meta":"","header-main-stick-meta":"","header-below-stick-meta":"","astra-migrate-meta-layouts":"default","ast-page-background-enabled":"default","ast-page-background-meta":{"desktop":{"background-color":"","background-image":"","background-repeat":"repeat","background-position":"center center","background-size":"auto","background-attachment":"scroll","background-type":"","background-media":"","overlay-type":"","overlay-color":"","overlay-opacity":"","overlay-gradient":""},"tablet":{"background-color":"","background-image":"","background-repeat":"repeat","background-position":"center center","background-size":"auto","background-attachment":"scroll","background-type":"","background-media":"","overlay-type":"","overlay-color":"","overlay-opacity":"","overlay-gradient":""},"mobile":{"background-color":"","background-image":"","background-repeat":"repeat","background-position":"center center","background-size":"auto","background-attachment":"scroll","background-type":"","background-media":"","overlay-type":"","overlay-color":"","overlay-opacity":"","overlay-gradient":""}},"ast-content-background-meta":{"desktop":{"background-color":"var(--ast-global-color-5)","background-image":"","background-repeat":"repeat","background-position":"center center","background-size":"auto","background-attachment":"scroll","background-type":"","background-media":"","overlay-type":"","overlay-color":"","overlay-opacity":"","overlay-gradient":""},"tablet":{"background-color":"var(--ast-global-color-5)","background-image":"","background-repeat":"repeat","background-position":"center center","background-size":"auto","background-attachment":"scroll","background-type":"","background-media":"","overlay-type":"","overlay-color":"","overlay-opacity":"","overlay-gradient":""},"mobile":{"background-color":"var(--ast-global-color-5)","background-image":"","background-repeat":"repeat","background-position":"center center","background-size":"auto","background-attachment":"scroll","background-type":"","background-media":"","overlay-type":"","overlay-color":"","overlay-opacity":"","overlay-gradient":""}}},"product_brand":[],"product_cat":[72],"product_tag":[],"class_list":{"0":"post-3029","1":"product","2":"type-product","3":"status-publish","4":"has-post-thumbnail","6":"product_cat-kinh-bao-ho-kieu-gong-my","7":"desktop-align-left","8":"tablet-align-left","9":"mobile-align-left","11":"first","12":"instock","13":"shipping-taxable","14":"purchasable","15":"product-type-simple"},"yoast_head":"<!-- This site is optimized with the Yoast SEO plugin v27.5 - https:\/\/yoast.com\/product\/yoast-seo-wordpress\/ -->\n<title>K\u00ednh b\u1ea3o h\u1ed9 Nemesis VL Smoke - C\u00f4ng Ty TNHH Trang Thi\u1ebft B\u1ecb K\u1ef9 Thu\u1eadt An Huy<\/title>\n<meta name=\"robots\" content=\"index, follow, max-snippet:-1, max-image-preview:large, max-video-preview:-1\" \/>\n<link rel=\"canonical\" href=\"http:\/\/anhuysafety.com\/en\/product\/kinh-bao-ho-magnum-3g-my\/\" \/>\n<meta property=\"og:locale\" content=\"en_US\" \/>\n<meta property=\"og:type\" content=\"article\" \/>\n<meta property=\"og:title\" content=\"K\u00ednh b\u1ea3o h\u1ed9 Nemesis VL Smoke - C\u00f4ng Ty TNHH Trang Thi\u1ebft B\u1ecb K\u1ef9 Thu\u1eadt An Huy\" \/>\n<meta property=\"og:description\" content=\"K\u00ednh an to\u00e0n \u00a0Nemesis * VL\u00a0 V30 v\u1edbi thi\u1ebft k\u1ebf ki\u1ec3u d\u00e1ng th\u1ec3 thao n\u0103ng \u0111\u1ed9ng v\u00e0 kh\u00f4ng khung,\u00a0 c\u00f3 tr\u1ecdng l\u01b0\u1ee3ng \u00a0nh\u1eb9 K\u00ednh \u0111\u01b0\u1ee3c thi\u1ebft k\u1ebf \u0111\u1ec3 l\u00e0m t\u0103ng t\u1ea7m nh\u00ecn v\u00e0 kh\u00f4ng g\u00e2y tr\u1edf ng\u1ea1i khi mang n\u00f3n an to\u00e0n. C\u00f3 m\u1ed9t s\u1ee3i d\u00e2y qu\u00e0ng c\u1ed5 \u0111\u1ec3 tr\u00e1nh h\u01b0 h\u1ecfng khi kh\u00f4ng d\u00f9ng [&hellip;]\" \/>\n<meta property=\"og:url\" content=\"http:\/\/anhuysafety.com\/en\/product\/kinh-bao-ho-magnum-3g-my\/\" \/>\n<meta property=\"og:site_name\" content=\"C\u00f4ng Ty TNHH Trang Thi\u1ebft B\u1ecb K\u1ef9 Thu\u1eadt An Huy\" \/>\n<meta property=\"article:modified_time\" content=\"2022-05-16T09:07:58+00:00\" \/>\n<meta property=\"og:image\" content=\"https:\/\/anhuysafety.com\/wp-content\/uploads\/2022\/02\/nemsisvlx12236995_400x300.gif\" \/>\n\t<meta property=\"og:image:width\" content=\"400\" \/>\n\t<meta property=\"og:image:height\" content=\"300\" \/>\n\t<meta property=\"og:image:type\" content=\"image\/gif\" \/>\n<meta name=\"twitter:card\" content=\"summary_large_image\" \/>\n<meta name=\"twitter:label1\" content=\"Est. reading time\" \/>\n\t<meta name=\"twitter:data1\" content=\"1 minute\" \/>\n<script type=\"application\/ld+json\" class=\"yoast-schema-graph\">{\"@context\":\"https:\\\/\\\/schema.org\",\"@graph\":[{\"@type\":\"WebPage\",\"@id\":\"http:\\\/\\\/anhuysafety.com\\\/en\\\/product\\\/kinh-bao-ho-magnum-3g-my\\\/\",\"url\":\"http:\\\/\\\/anhuysafety.com\\\/en\\\/product\\\/kinh-bao-ho-magnum-3g-my\\\/\",\"name\":\"K\u00ednh b\u1ea3o h\u1ed9 Nemesis VL Smoke - C\u00f4ng Ty TNHH Trang Thi\u1ebft B\u1ecb K\u1ef9 Thu\u1eadt An Huy\",\"isPartOf\":{\"@id\":\"https:\\\/\\\/anhuysafety.com\\\/#website\"},\"primaryImageOfPage\":{\"@id\":\"http:\\\/\\\/anhuysafety.com\\\/en\\\/product\\\/kinh-bao-ho-magnum-3g-my\\\/#primaryimage\"},\"image\":{\"@id\":\"http:\\\/\\\/anhuysafety.com\\\/en\\\/product\\\/kinh-bao-ho-magnum-3g-my\\\/#primaryimage\"},\"thumbnailUrl\":\"https:\\\/\\\/anhuysafety.com\\\/wp-content\\\/uploads\\\/2022\\\/02\\\/nemsisvlx12236995_400x300.gif\",\"datePublished\":\"2022-02-18T04:40:22+00:00\",\"dateModified\":\"2022-05-16T09:07:58+00:00\",\"breadcrumb\":{\"@id\":\"http:\\\/\\\/anhuysafety.com\\\/en\\\/product\\\/kinh-bao-ho-magnum-3g-my\\\/#breadcrumb\"},\"inLanguage\":\"en-US\",\"potentialAction\":[{\"@type\":\"ReadAction\",\"target\":[\"http:\\\/\\\/anhuysafety.com\\\/en\\\/product\\\/kinh-bao-ho-magnum-3g-my\\\/\"]}]},{\"@type\":\"ImageObject\",\"inLanguage\":\"en-US\",\"@id\":\"http:\\\/\\\/anhuysafety.com\\\/en\\\/product\\\/kinh-bao-ho-magnum-3g-my\\\/#primaryimage\",\"url\":\"https:\\\/\\\/anhuysafety.com\\\/wp-content\\\/uploads\\\/2022\\\/02\\\/nemsisvlx12236995_400x300.gif\",\"contentUrl\":\"https:\\\/\\\/anhuysafety.com\\\/wp-content\\\/uploads\\\/2022\\\/02\\\/nemsisvlx12236995_400x300.gif\",\"width\":400,\"height\":300,\"caption\":\"K\u00ednh b\u1ea3o h\u1ed9\"},{\"@type\":\"BreadcrumbList\",\"@id\":\"http:\\\/\\\/anhuysafety.com\\\/en\\\/product\\\/kinh-bao-ho-magnum-3g-my\\\/#breadcrumb\",\"itemListElement\":[{\"@type\":\"ListItem\",\"position\":1,\"name\":\"Trang ch\u1ee7\",\"item\":\"https:\\\/\\\/anhuysafety.com\\\/\"},{\"@type\":\"ListItem\",\"position\":2,\"name\":\"S\u1ea3n ph\u1ea9m\",\"item\":\"http:\\\/\\\/anhuysafety.com\\\/en\\\/cua-hang\"},{\"@type\":\"ListItem\",\"position\":3,\"name\":\"K\u00ednh b\u1ea3o h\u1ed9 Nemesis VL Smoke\"}]},{\"@type\":\"WebSite\",\"@id\":\"https:\\\/\\\/anhuysafety.com\\\/#website\",\"url\":\"https:\\\/\\\/anhuysafety.com\\\/\",\"name\":\"C\u00f4ng Ty TNHH Trang Thi\u1ebft B\u1ecb K\u1ef9 Thu\u1eadt An Huy\",\"description\":\"\",\"publisher\":{\"@id\":\"https:\\\/\\\/anhuysafety.com\\\/#organization\"},\"potentialAction\":[{\"@type\":\"SearchAction\",\"target\":{\"@type\":\"EntryPoint\",\"urlTemplate\":\"https:\\\/\\\/anhuysafety.com\\\/?s={search_term_string}\"},\"query-input\":{\"@type\":\"PropertyValueSpecification\",\"valueRequired\":true,\"valueName\":\"search_term_string\"}}],\"inLanguage\":\"en-US\"},{\"@type\":\"Organization\",\"@id\":\"https:\\\/\\\/anhuysafety.com\\\/#organization\",\"name\":\"C\u00f4ng ty TNHH trang thi\u1ebft b\u1ecb k\u1ef9 thu\u1eadt An Huy\",\"url\":\"https:\\\/\\\/anhuysafety.com\\\/\",\"logo\":{\"@type\":\"ImageObject\",\"inLanguage\":\"en-US\",\"@id\":\"https:\\\/\\\/anhuysafety.com\\\/#\\\/schema\\\/logo\\\/image\\\/\",\"url\":\"https:\\\/\\\/anhuysafety.com\\\/wp-content\\\/uploads\\\/2022\\\/02\\\/cropped-cropped-cropped-LOGO_AN_HUY_SAFETY_chuan-removebg-preview-1.png\",\"contentUrl\":\"https:\\\/\\\/anhuysafety.com\\\/wp-content\\\/uploads\\\/2022\\\/02\\\/cropped-cropped-cropped-LOGO_AN_HUY_SAFETY_chuan-removebg-preview-1.png\",\"width\":357,\"height\":318,\"caption\":\"C\u00f4ng ty TNHH trang thi\u1ebft b\u1ecb k\u1ef9 thu\u1eadt An Huy\"},\"image\":{\"@id\":\"https:\\\/\\\/anhuysafety.com\\\/#\\\/schema\\\/logo\\\/image\\\/\"}}]}<\/script>\n<!-- \/ Yoast SEO plugin. -->","yoast_head_json":{"title":"K\u00ednh b\u1ea3o h\u1ed9 Nemesis VL Smoke - C\u00f4ng Ty TNHH Trang Thi\u1ebft B\u1ecb K\u1ef9 Thu\u1eadt An Huy","robots":{"index":"index","follow":"follow","max-snippet":"max-snippet:-1","max-image-preview":"max-image-preview:large","max-video-preview":"max-video-preview:-1"},"canonical":"http:\/\/anhuysafety.com\/en\/product\/kinh-bao-ho-magnum-3g-my\/","og_locale":"en_US","og_type":"article","og_title":"K\u00ednh b\u1ea3o h\u1ed9 Nemesis VL Smoke - C\u00f4ng Ty TNHH Trang Thi\u1ebft B\u1ecb K\u1ef9 Thu\u1eadt An Huy","og_description":"K\u00ednh an to\u00e0n \u00a0Nemesis * VL\u00a0 V30 v\u1edbi thi\u1ebft k\u1ebf ki\u1ec3u d\u00e1ng th\u1ec3 thao n\u0103ng \u0111\u1ed9ng v\u00e0 kh\u00f4ng khung,\u00a0 c\u00f3 tr\u1ecdng l\u01b0\u1ee3ng \u00a0nh\u1eb9 K\u00ednh \u0111\u01b0\u1ee3c thi\u1ebft k\u1ebf \u0111\u1ec3 l\u00e0m t\u0103ng t\u1ea7m nh\u00ecn v\u00e0 kh\u00f4ng g\u00e2y tr\u1edf ng\u1ea1i khi mang n\u00f3n an to\u00e0n. C\u00f3 m\u1ed9t s\u1ee3i d\u00e2y qu\u00e0ng c\u1ed5 \u0111\u1ec3 tr\u00e1nh h\u01b0 h\u1ecfng khi kh\u00f4ng d\u00f9ng [&hellip;]","og_url":"http:\/\/anhuysafety.com\/en\/product\/kinh-bao-ho-magnum-3g-my\/","og_site_name":"C\u00f4ng Ty TNHH Trang Thi\u1ebft B\u1ecb K\u1ef9 Thu\u1eadt An Huy","article_modified_time":"2022-05-16T09:07:58+00:00","og_image":[{"width":400,"height":300,"url":"https:\/\/anhuysafety.com\/wp-content\/uploads\/2022\/02\/nemsisvlx12236995_400x300.gif","type":"image\/gif"}],"twitter_card":"summary_large_image","twitter_misc":{"Est. reading time":"1 minute"},"schema":{"@context":"https:\/\/schema.org","@graph":[{"@type":"WebPage","@id":"http:\/\/anhuysafety.com\/en\/product\/kinh-bao-ho-magnum-3g-my\/","url":"http:\/\/anhuysafety.com\/en\/product\/kinh-bao-ho-magnum-3g-my\/","name":"K\u00ednh b\u1ea3o h\u1ed9 Nemesis VL Smoke - C\u00f4ng Ty TNHH Trang Thi\u1ebft B\u1ecb K\u1ef9 Thu\u1eadt An Huy","isPartOf":{"@id":"https:\/\/anhuysafety.com\/#website"},"primaryImageOfPage":{"@id":"http:\/\/anhuysafety.com\/en\/product\/kinh-bao-ho-magnum-3g-my\/#primaryimage"},"image":{"@id":"http:\/\/anhuysafety.com\/en\/product\/kinh-bao-ho-magnum-3g-my\/#primaryimage"},"thumbnailUrl":"https:\/\/anhuysafety.com\/wp-content\/uploads\/2022\/02\/nemsisvlx12236995_400x300.gif","datePublished":"2022-02-18T04:40:22+00:00","dateModified":"2022-05-16T09:07:58+00:00","breadcrumb":{"@id":"http:\/\/anhuysafety.com\/en\/product\/kinh-bao-ho-magnum-3g-my\/#breadcrumb"},"inLanguage":"en-US","potentialAction":[{"@type":"ReadAction","target":["http:\/\/anhuysafety.com\/en\/product\/kinh-bao-ho-magnum-3g-my\/"]}]},{"@type":"ImageObject","inLanguage":"en-US","@id":"http:\/\/anhuysafety.com\/en\/product\/kinh-bao-ho-magnum-3g-my\/#primaryimage","url":"https:\/\/anhuysafety.com\/wp-content\/uploads\/2022\/02\/nemsisvlx12236995_400x300.gif","contentUrl":"https:\/\/anhuysafety.com\/wp-content\/uploads\/2022\/02\/nemsisvlx12236995_400x300.gif","width":400,"height":300,"caption":"K\u00ednh b\u1ea3o h\u1ed9"},{"@type":"BreadcrumbList","@id":"http:\/\/anhuysafety.com\/en\/product\/kinh-bao-ho-magnum-3g-my\/#breadcrumb","itemListElement":[{"@type":"ListItem","position":1,"name":"Trang ch\u1ee7","item":"https:\/\/anhuysafety.com\/"},{"@type":"ListItem","position":2,"name":"S\u1ea3n ph\u1ea9m","item":"http:\/\/anhuysafety.com\/en\/cua-hang"},{"@type":"ListItem","position":3,"name":"K\u00ednh b\u1ea3o h\u1ed9 Nemesis VL Smoke"}]},{"@type":"WebSite","@id":"https:\/\/anhuysafety.com\/#website","url":"https:\/\/anhuysafety.com\/","name":"AN HUY TECHNICAL EQUIPMENT CO., LTD","description":"","publisher":{"@id":"https:\/\/anhuysafety.com\/#organization"},"potentialAction":[{"@type":"SearchAction","target":{"@type":"EntryPoint","urlTemplate":"https:\/\/anhuysafety.com\/?s={search_term_string}"},"query-input":{"@type":"PropertyValueSpecification","valueRequired":true,"valueName":"search_term_string"}}],"inLanguage":"en-US"},{"@type":"Organization","@id":"https:\/\/anhuysafety.com\/#organization","name":"C\u00f4ng ty TNHH trang thi\u1ebft b\u1ecb k\u1ef9 thu\u1eadt An Huy","url":"https:\/\/anhuysafety.com\/","logo":{"@type":"ImageObject","inLanguage":"en-US","@id":"https:\/\/anhuysafety.com\/#\/schema\/logo\/image\/","url":"https:\/\/anhuysafety.com\/wp-content\/uploads\/2022\/02\/cropped-cropped-cropped-LOGO_AN_HUY_SAFETY_chuan-removebg-preview-1.png","contentUrl":"https:\/\/anhuysafety.com\/wp-content\/uploads\/2022\/02\/cropped-cropped-cropped-LOGO_AN_HUY_SAFETY_chuan-removebg-preview-1.png","width":357,"height":318,"caption":"C\u00f4ng ty TNHH trang thi\u1ebft b\u1ecb k\u1ef9 thu\u1eadt An Huy"},"image":{"@id":"https:\/\/anhuysafety.com\/#\/schema\/logo\/image\/"}}]}},"_links":{"self":[{"href":"https:\/\/anhuysafety.com\/en\/wp-json\/wp\/v2\/product\/3029","targetHints":{"allow":["GET"]}}],"collection":[{"href":"https:\/\/anhuysafety.com\/en\/wp-json\/wp\/v2\/product"}],"about":[{"href":"https:\/\/anhuysafety.com\/en\/wp-json\/wp\/v2\/types\/product"}],"version-history":[{"count":2,"href":"https:\/\/anhuysafety.com\/en\/wp-json\/wp\/v2\/product\/3029\/revisions"}],"predecessor-version":[{"id":3034,"href":"https:\/\/anhuysafety.com\/en\/wp-json\/wp\/v2\/product\/3029\/revisions\/3034"}],"wp:featuredmedia":[{"embeddable":true,"href":"https:\/\/anhuysafety.com\/en\/wp-json\/wp\/v2\/media\/3039"}],"wp:attachment":[{"href":"https:\/\/anhuysafety.com\/en\/wp-json\/wp\/v2\/media?parent=3029"}],"wp:term":[{"taxonomy":"product_brand","embeddable":true,"href":"https:\/\/anhuysafety.com\/en\/wp-json\/wp\/v2\/product_brand?post=3029"},{"taxonomy":"product_cat","embeddable":true,"href":"https:\/\/anhuysafety.com\/en\/wp-json\/wp\/v2\/product_cat?post=3029"},{"taxonomy":"product_tag","embeddable":true,"href":"https:\/\/anhuysafety.com\/en\/wp-json\/wp\/v2\/product_tag?post=3029"}],"curies":[{"name":"wp","href":"https:\/\/api.w.org\/{rel}","templated":true}]}}