{"id":3035,"date":"2022-02-18T11:48:18","date_gmt":"2022-02-18T04:48:18","guid":{"rendered":"https:\/\/anhuysafety.com\/?post_type=product&#038;p=3035"},"modified":"2024-09-09T01:30:17","modified_gmt":"2024-09-08T18:30:17","slug":"mat-kinh-bao-ho-magnum-3g","status":"publish","type":"product","link":"https:\/\/anhuysafety.com\/en\/product\/mat-kinh-bao-ho-magnum-3g\/","title":{"rendered":"K\u00ednh b\u1ea3o h\u1ed9 Magnum 3G &#8211; M\u1ef9"},"content":{"rendered":"<p>\u2022 M\u1eaft k\u00ednh m\u00e0u kh\u00f3i, ch\u1ed1ng \u0111\u1ecdng h\u01a1i n\u01b0\u1edbc, ch\u1ea5t l\u01b0\u1ee3ng quang h\u1ecdc c\u1ea5p 1.<br \/>\n\u2022 \u0110\u01b0\u1eddng vi\u1ec1n ph\u00eda tr\u00ean k\u00ednh \u0111\u01b0\u1ee3c thi\u1ebft k\u1ebf t\u1ea1o s\u1ef1 ti\u1ec7n nghi cao.<br \/>\n\u2022 B\u1ea3n l\u1ec1 gi\u1edbi h\u1ea1n d\u1eebng ch\u1ed1ng tr\u1ea7y x\u01b0\u1edbc.<br \/>\n\u2022 \u0110\u1ec7m cao su t\u1ef1 \u0111i\u1ec1u ch\u1ec9nh ti\u1ebfp x\u00fac v\u1eeba v\u1eb7n s\u1ed1ng m\u0169i<br \/>\n\u2022 Kh\u1ea3 n\u0103ng ch\u1ed1ng tia UV:\u00a0 99,9%<br \/>\n\u2022 Ti\u00eau chu\u1ea9n ANSI Z87.1+\u00a0 v\u00e0 ti\u00eau chu\u1ea9n Ch\u00e2u \u00c2u EN<br \/>\n\u2022 H\u1ed9p 12 c\u00e1i<\/p>\n<p>S\u1ea3n xu\u1ea5t: Jackson \u2013 USA<\/p>","protected":false},"excerpt":{"rendered":"<p>\u2022 M\u1eaft k\u00ednh m\u00e0u kh\u00f3i, ch\u1ed1ng \u0111\u1ecdng h\u01a1i n\u01b0\u1edbc, ch\u1ea5t l\u01b0\u1ee3ng quang h\u1ecdc c\u1ea5p 1. \u2022 \u0110\u01b0\u1eddng vi\u1ec1n ph\u00eda tr\u00ean k\u00ednh \u0111\u01b0\u1ee3c thi\u1ebft k\u1ebf t\u1ea1o s\u1ef1 ti\u1ec7n nghi cao. \u2022 B\u1ea3n l\u1ec1 gi\u1edbi h\u1ea1n d\u1eebng ch\u1ed1ng tr\u1ea7y x\u01b0\u1edbc. \u2022 \u0110\u1ec7m cao su t\u1ef1 \u0111i\u1ec1u ch\u1ec9nh ti\u1ebfp x\u00fac v\u1eeba v\u1eb7n s\u1ed1ng m\u0169i \u2022 Kh\u1ea3 n\u0103ng ch\u1ed1ng [&hellip;]<\/p>\n","protected":false},"featured_media":3041,"template":"","meta":{"site-sidebar-layout":"default","site-content-layout":"default","ast-site-content-layout":"default","site-content-style":"default","site-sidebar-style":"default","ast-global-header-display":"","ast-banner-title-visibility":"","ast-main-header-display":"","ast-hfb-above-header-display":"","ast-hfb-below-header-display":"","ast-hfb-mobile-header-display":"","site-post-title":"","ast-breadcrumbs-content":"","ast-featured-img":"","footer-sml-layout":"","ast-disable-related-posts":"","theme-transparent-header-meta":"","adv-header-id-meta":"","stick-header-meta":"","header-above-stick-meta":"","header-main-stick-meta":"","header-below-stick-meta":"","astra-migrate-meta-layouts":"default","ast-page-background-enabled":"default","ast-page-background-meta":{"desktop":{"background-color":"","background-image":"","background-repeat":"repeat","background-position":"center center","background-size":"auto","background-attachment":"scroll","background-type":"","background-media":"","overlay-type":"","overlay-color":"","overlay-opacity":"","overlay-gradient":""},"tablet":{"background-color":"","background-image":"","background-repeat":"repeat","background-position":"center center","background-size":"auto","background-attachment":"scroll","background-type":"","background-media":"","overlay-type":"","overlay-color":"","overlay-opacity":"","overlay-gradient":""},"mobile":{"background-color":"","background-image":"","background-repeat":"repeat","background-position":"center center","background-size":"auto","background-attachment":"scroll","background-type":"","background-media":"","overlay-type":"","overlay-color":"","overlay-opacity":"","overlay-gradient":""}},"ast-content-background-meta":{"desktop":{"background-color":"var(--ast-global-color-5)","background-image":"","background-repeat":"repeat","background-position":"center center","background-size":"auto","background-attachment":"scroll","background-type":"","background-media":"","overlay-type":"","overlay-color":"","overlay-opacity":"","overlay-gradient":""},"tablet":{"background-color":"var(--ast-global-color-5)","background-image":"","background-repeat":"repeat","background-position":"center center","background-size":"auto","background-attachment":"scroll","background-type":"","background-media":"","overlay-type":"","overlay-color":"","overlay-opacity":"","overlay-gradient":""},"mobile":{"background-color":"var(--ast-global-color-5)","background-image":"","background-repeat":"repeat","background-position":"center center","background-size":"auto","background-attachment":"scroll","background-type":"","background-media":"","overlay-type":"","overlay-color":"","overlay-opacity":"","overlay-gradient":""}}},"product_brand":[],"product_cat":[72],"product_tag":[],"class_list":{"0":"post-3035","1":"product","2":"type-product","3":"status-publish","4":"has-post-thumbnail","6":"product_cat-kinh-bao-ho-kieu-gong-my","7":"desktop-align-left","8":"tablet-align-left","9":"mobile-align-left","11":"first","12":"instock","13":"shipping-taxable","14":"purchasable","15":"product-type-simple"},"yoast_head":"<!-- This site is optimized with the Yoast SEO plugin v27.3 - https:\/\/yoast.com\/product\/yoast-seo-wordpress\/ -->\n<title>K\u00ednh b\u1ea3o h\u1ed9 Magnum 3G - M\u1ef9 - C\u00f4ng Ty TNHH Trang Thi\u1ebft B\u1ecb K\u1ef9 Thu\u1eadt An Huy<\/title>\n<meta name=\"description\" content=\"K\u00ednh b\u1ea3o h\u1ed9 Magnum 3G - M\u1ef9\" \/>\n<meta name=\"robots\" content=\"index, follow, max-snippet:-1, max-image-preview:large, max-video-preview:-1\" \/>\n<link rel=\"canonical\" href=\"http:\/\/anhuysafety.com\/en\/product\/mat-kinh-bao-ho-magnum-3g\/\" \/>\n<meta property=\"og:locale\" content=\"en_US\" \/>\n<meta property=\"og:type\" content=\"article\" \/>\n<meta property=\"og:title\" content=\"K\u00ednh b\u1ea3o h\u1ed9 Magnum 3G - M\u1ef9 - C\u00f4ng Ty TNHH Trang Thi\u1ebft B\u1ecb K\u1ef9 Thu\u1eadt An Huy\" \/>\n<meta property=\"og:description\" content=\"K\u00ednh b\u1ea3o h\u1ed9 Magnum 3G - M\u1ef9\" \/>\n<meta property=\"og:url\" content=\"http:\/\/anhuysafety.com\/en\/product\/mat-kinh-bao-ho-magnum-3g\/\" \/>\n<meta property=\"og:site_name\" content=\"C\u00f4ng Ty TNHH Trang Thi\u1ebft B\u1ecb K\u1ef9 Thu\u1eadt An Huy\" \/>\n<meta property=\"article:modified_time\" content=\"2024-09-08T18:30:17+00:00\" \/>\n<meta property=\"og:image\" content=\"https:\/\/anhuysafety.com\/wp-content\/uploads\/2022\/02\/magnum3gx44590188_400x300.gif\" \/>\n\t<meta property=\"og:image:width\" content=\"400\" \/>\n\t<meta property=\"og:image:height\" content=\"300\" \/>\n\t<meta property=\"og:image:type\" content=\"image\/gif\" \/>\n<meta name=\"twitter:card\" content=\"summary_large_image\" \/>\n<meta name=\"twitter:label1\" content=\"Est. reading time\" \/>\n\t<meta name=\"twitter:data1\" content=\"1 minute\" \/>\n<script type=\"application\/ld+json\" class=\"yoast-schema-graph\">{\"@context\":\"https:\\\/\\\/schema.org\",\"@graph\":[{\"@type\":\"WebPage\",\"@id\":\"http:\\\/\\\/anhuysafety.com\\\/en\\\/product\\\/mat-kinh-bao-ho-magnum-3g\\\/\",\"url\":\"http:\\\/\\\/anhuysafety.com\\\/en\\\/product\\\/mat-kinh-bao-ho-magnum-3g\\\/\",\"name\":\"K\u00ednh b\u1ea3o h\u1ed9 Magnum 3G - M\u1ef9 - C\u00f4ng Ty TNHH Trang Thi\u1ebft B\u1ecb K\u1ef9 Thu\u1eadt An Huy\",\"isPartOf\":{\"@id\":\"https:\\\/\\\/anhuysafety.com\\\/#website\"},\"primaryImageOfPage\":{\"@id\":\"http:\\\/\\\/anhuysafety.com\\\/en\\\/product\\\/mat-kinh-bao-ho-magnum-3g\\\/#primaryimage\"},\"image\":{\"@id\":\"http:\\\/\\\/anhuysafety.com\\\/en\\\/product\\\/mat-kinh-bao-ho-magnum-3g\\\/#primaryimage\"},\"thumbnailUrl\":\"https:\\\/\\\/anhuysafety.com\\\/wp-content\\\/uploads\\\/2022\\\/02\\\/magnum3gx44590188_400x300.gif\",\"datePublished\":\"2022-02-18T04:48:18+00:00\",\"dateModified\":\"2024-09-08T18:30:17+00:00\",\"description\":\"K\u00ednh b\u1ea3o h\u1ed9 Magnum 3G - M\u1ef9\",\"breadcrumb\":{\"@id\":\"http:\\\/\\\/anhuysafety.com\\\/en\\\/product\\\/mat-kinh-bao-ho-magnum-3g\\\/#breadcrumb\"},\"inLanguage\":\"en-US\",\"potentialAction\":[{\"@type\":\"ReadAction\",\"target\":[\"http:\\\/\\\/anhuysafety.com\\\/en\\\/product\\\/mat-kinh-bao-ho-magnum-3g\\\/\"]}]},{\"@type\":\"ImageObject\",\"inLanguage\":\"en-US\",\"@id\":\"http:\\\/\\\/anhuysafety.com\\\/en\\\/product\\\/mat-kinh-bao-ho-magnum-3g\\\/#primaryimage\",\"url\":\"https:\\\/\\\/anhuysafety.com\\\/wp-content\\\/uploads\\\/2022\\\/02\\\/magnum3gx44590188_400x300.gif\",\"contentUrl\":\"https:\\\/\\\/anhuysafety.com\\\/wp-content\\\/uploads\\\/2022\\\/02\\\/magnum3gx44590188_400x300.gif\",\"width\":400,\"height\":300,\"caption\":\"K\u00ednh b\u1ea3o h\u1ed9\"},{\"@type\":\"BreadcrumbList\",\"@id\":\"http:\\\/\\\/anhuysafety.com\\\/en\\\/product\\\/mat-kinh-bao-ho-magnum-3g\\\/#breadcrumb\",\"itemListElement\":[{\"@type\":\"ListItem\",\"position\":1,\"name\":\"Trang ch\u1ee7\",\"item\":\"https:\\\/\\\/anhuysafety.com\\\/\"},{\"@type\":\"ListItem\",\"position\":2,\"name\":\"S\u1ea3n ph\u1ea9m\",\"item\":\"http:\\\/\\\/anhuysafety.com\\\/en\\\/cua-hang\"},{\"@type\":\"ListItem\",\"position\":3,\"name\":\"K\u00ednh b\u1ea3o h\u1ed9 Magnum 3G &#8211; M\u1ef9\"}]},{\"@type\":\"WebSite\",\"@id\":\"https:\\\/\\\/anhuysafety.com\\\/#website\",\"url\":\"https:\\\/\\\/anhuysafety.com\\\/\",\"name\":\"C\u00f4ng Ty TNHH Trang Thi\u1ebft B\u1ecb K\u1ef9 Thu\u1eadt An Huy\",\"description\":\"\",\"publisher\":{\"@id\":\"https:\\\/\\\/anhuysafety.com\\\/#organization\"},\"potentialAction\":[{\"@type\":\"SearchAction\",\"target\":{\"@type\":\"EntryPoint\",\"urlTemplate\":\"https:\\\/\\\/anhuysafety.com\\\/?s={search_term_string}\"},\"query-input\":{\"@type\":\"PropertyValueSpecification\",\"valueRequired\":true,\"valueName\":\"search_term_string\"}}],\"inLanguage\":\"en-US\"},{\"@type\":\"Organization\",\"@id\":\"https:\\\/\\\/anhuysafety.com\\\/#organization\",\"name\":\"C\u00f4ng ty TNHH trang thi\u1ebft b\u1ecb k\u1ef9 thu\u1eadt An Huy\",\"url\":\"https:\\\/\\\/anhuysafety.com\\\/\",\"logo\":{\"@type\":\"ImageObject\",\"inLanguage\":\"en-US\",\"@id\":\"https:\\\/\\\/anhuysafety.com\\\/#\\\/schema\\\/logo\\\/image\\\/\",\"url\":\"https:\\\/\\\/anhuysafety.com\\\/wp-content\\\/uploads\\\/2022\\\/02\\\/cropped-cropped-cropped-LOGO_AN_HUY_SAFETY_chuan-removebg-preview-1.png\",\"contentUrl\":\"https:\\\/\\\/anhuysafety.com\\\/wp-content\\\/uploads\\\/2022\\\/02\\\/cropped-cropped-cropped-LOGO_AN_HUY_SAFETY_chuan-removebg-preview-1.png\",\"width\":357,\"height\":318,\"caption\":\"C\u00f4ng ty TNHH trang thi\u1ebft b\u1ecb k\u1ef9 thu\u1eadt An Huy\"},\"image\":{\"@id\":\"https:\\\/\\\/anhuysafety.com\\\/#\\\/schema\\\/logo\\\/image\\\/\"}}]}<\/script>\n<!-- \/ Yoast SEO plugin. -->","yoast_head_json":{"title":"K\u00ednh b\u1ea3o h\u1ed9 Magnum 3G - M\u1ef9 - C\u00f4ng Ty TNHH Trang Thi\u1ebft B\u1ecb K\u1ef9 Thu\u1eadt An Huy","description":"K\u00ednh b\u1ea3o h\u1ed9 Magnum 3G - M\u1ef9","robots":{"index":"index","follow":"follow","max-snippet":"max-snippet:-1","max-image-preview":"max-image-preview:large","max-video-preview":"max-video-preview:-1"},"canonical":"http:\/\/anhuysafety.com\/en\/product\/mat-kinh-bao-ho-magnum-3g\/","og_locale":"en_US","og_type":"article","og_title":"K\u00ednh b\u1ea3o h\u1ed9 Magnum 3G - M\u1ef9 - C\u00f4ng Ty TNHH Trang Thi\u1ebft B\u1ecb K\u1ef9 Thu\u1eadt An Huy","og_description":"K\u00ednh b\u1ea3o h\u1ed9 Magnum 3G - M\u1ef9","og_url":"http:\/\/anhuysafety.com\/en\/product\/mat-kinh-bao-ho-magnum-3g\/","og_site_name":"C\u00f4ng Ty TNHH Trang Thi\u1ebft B\u1ecb K\u1ef9 Thu\u1eadt An Huy","article_modified_time":"2024-09-08T18:30:17+00:00","og_image":[{"width":400,"height":300,"url":"https:\/\/anhuysafety.com\/wp-content\/uploads\/2022\/02\/magnum3gx44590188_400x300.gif","type":"image\/gif"}],"twitter_card":"summary_large_image","twitter_misc":{"Est. reading time":"1 minute"},"schema":{"@context":"https:\/\/schema.org","@graph":[{"@type":"WebPage","@id":"http:\/\/anhuysafety.com\/en\/product\/mat-kinh-bao-ho-magnum-3g\/","url":"http:\/\/anhuysafety.com\/en\/product\/mat-kinh-bao-ho-magnum-3g\/","name":"K\u00ednh b\u1ea3o h\u1ed9 Magnum 3G - M\u1ef9 - C\u00f4ng Ty TNHH Trang Thi\u1ebft B\u1ecb K\u1ef9 Thu\u1eadt An Huy","isPartOf":{"@id":"https:\/\/anhuysafety.com\/#website"},"primaryImageOfPage":{"@id":"http:\/\/anhuysafety.com\/en\/product\/mat-kinh-bao-ho-magnum-3g\/#primaryimage"},"image":{"@id":"http:\/\/anhuysafety.com\/en\/product\/mat-kinh-bao-ho-magnum-3g\/#primaryimage"},"thumbnailUrl":"https:\/\/anhuysafety.com\/wp-content\/uploads\/2022\/02\/magnum3gx44590188_400x300.gif","datePublished":"2022-02-18T04:48:18+00:00","dateModified":"2024-09-08T18:30:17+00:00","description":"K\u00ednh b\u1ea3o h\u1ed9 Magnum 3G - M\u1ef9","breadcrumb":{"@id":"http:\/\/anhuysafety.com\/en\/product\/mat-kinh-bao-ho-magnum-3g\/#breadcrumb"},"inLanguage":"en-US","potentialAction":[{"@type":"ReadAction","target":["http:\/\/anhuysafety.com\/en\/product\/mat-kinh-bao-ho-magnum-3g\/"]}]},{"@type":"ImageObject","inLanguage":"en-US","@id":"http:\/\/anhuysafety.com\/en\/product\/mat-kinh-bao-ho-magnum-3g\/#primaryimage","url":"https:\/\/anhuysafety.com\/wp-content\/uploads\/2022\/02\/magnum3gx44590188_400x300.gif","contentUrl":"https:\/\/anhuysafety.com\/wp-content\/uploads\/2022\/02\/magnum3gx44590188_400x300.gif","width":400,"height":300,"caption":"K\u00ednh b\u1ea3o h\u1ed9"},{"@type":"BreadcrumbList","@id":"http:\/\/anhuysafety.com\/en\/product\/mat-kinh-bao-ho-magnum-3g\/#breadcrumb","itemListElement":[{"@type":"ListItem","position":1,"name":"Trang ch\u1ee7","item":"https:\/\/anhuysafety.com\/"},{"@type":"ListItem","position":2,"name":"S\u1ea3n ph\u1ea9m","item":"http:\/\/anhuysafety.com\/en\/cua-hang"},{"@type":"ListItem","position":3,"name":"K\u00ednh b\u1ea3o h\u1ed9 Magnum 3G &#8211; M\u1ef9"}]},{"@type":"WebSite","@id":"https:\/\/anhuysafety.com\/#website","url":"https:\/\/anhuysafety.com\/","name":"AN HUY TECHNICAL EQUIPMENT CO., LTD","description":"","publisher":{"@id":"https:\/\/anhuysafety.com\/#organization"},"potentialAction":[{"@type":"SearchAction","target":{"@type":"EntryPoint","urlTemplate":"https:\/\/anhuysafety.com\/?s={search_term_string}"},"query-input":{"@type":"PropertyValueSpecification","valueRequired":true,"valueName":"search_term_string"}}],"inLanguage":"en-US"},{"@type":"Organization","@id":"https:\/\/anhuysafety.com\/#organization","name":"C\u00f4ng ty TNHH trang thi\u1ebft b\u1ecb k\u1ef9 thu\u1eadt An Huy","url":"https:\/\/anhuysafety.com\/","logo":{"@type":"ImageObject","inLanguage":"en-US","@id":"https:\/\/anhuysafety.com\/#\/schema\/logo\/image\/","url":"https:\/\/anhuysafety.com\/wp-content\/uploads\/2022\/02\/cropped-cropped-cropped-LOGO_AN_HUY_SAFETY_chuan-removebg-preview-1.png","contentUrl":"https:\/\/anhuysafety.com\/wp-content\/uploads\/2022\/02\/cropped-cropped-cropped-LOGO_AN_HUY_SAFETY_chuan-removebg-preview-1.png","width":357,"height":318,"caption":"C\u00f4ng ty TNHH trang thi\u1ebft b\u1ecb k\u1ef9 thu\u1eadt An Huy"},"image":{"@id":"https:\/\/anhuysafety.com\/#\/schema\/logo\/image\/"}}]}},"_links":{"self":[{"href":"https:\/\/anhuysafety.com\/en\/wp-json\/wp\/v2\/product\/3035","targetHints":{"allow":["GET"]}}],"collection":[{"href":"https:\/\/anhuysafety.com\/en\/wp-json\/wp\/v2\/product"}],"about":[{"href":"https:\/\/anhuysafety.com\/en\/wp-json\/wp\/v2\/types\/product"}],"version-history":[{"count":1,"href":"https:\/\/anhuysafety.com\/en\/wp-json\/wp\/v2\/product\/3035\/revisions"}],"predecessor-version":[{"id":3036,"href":"https:\/\/anhuysafety.com\/en\/wp-json\/wp\/v2\/product\/3035\/revisions\/3036"}],"wp:featuredmedia":[{"embeddable":true,"href":"https:\/\/anhuysafety.com\/en\/wp-json\/wp\/v2\/media\/3041"}],"wp:attachment":[{"href":"https:\/\/anhuysafety.com\/en\/wp-json\/wp\/v2\/media?parent=3035"}],"wp:term":[{"taxonomy":"product_brand","embeddable":true,"href":"https:\/\/anhuysafety.com\/en\/wp-json\/wp\/v2\/product_brand?post=3035"},{"taxonomy":"product_cat","embeddable":true,"href":"https:\/\/anhuysafety.com\/en\/wp-json\/wp\/v2\/product_cat?post=3035"},{"taxonomy":"product_tag","embeddable":true,"href":"https:\/\/anhuysafety.com\/en\/wp-json\/wp\/v2\/product_tag?post=3035"}],"curies":[{"name":"wp","href":"https:\/\/api.w.org\/{rel}","templated":true}]}}