{"id":3368,"date":"2022-03-12T10:44:31","date_gmt":"2022-03-12T03:44:31","guid":{"rendered":"https:\/\/anhuysafety.com\/?post_type=product&#038;p=3368"},"modified":"2022-05-16T16:08:01","modified_gmt":"2022-05-16T09:08:01","slug":"sao-cach-dien-tia-canh-cay-tts-804","status":"publish","type":"product","link":"https:\/\/anhuysafety.com\/en\/product\/sao-cach-dien-tia-canh-cay-tts-804\/","title":{"rendered":"S\u00e0o c\u00e1ch \u0111i\u1ec7n t\u1ec9a c\u00e0nh c\u00e2y TTS 804"},"content":{"rendered":"<p><strong>TTS-804 S\u00e0o c\u1eaft c\u00e0nh c\u00e2y<\/strong><\/p>\n<p>S\u00e0o g\u1ed3m 4 kh\u00fac x 2m, c\u00f3 th\u1ec3 th\u00e1o r\u1eddi t\u1eebng kh\u00fac, t\u00ednh n\u0103ng c\u00e1ch \u0111i\u1ec7n cao, ch\u1ecbu l\u1ef1c.<\/p>\n<p>L\u01b0\u1ee1i c\u1eaft, t\u1ec9a c\u00e0nh c\u00e2y v\u00e0 l\u01b0\u1ee1i c\u01b0a \u0111\u01b0\u1ee3c c\u1ed1 \u0111\u1ecbnh tr\u1ef1c ti\u1ebfp v\u00e0o s\u00e0o.<\/p>\n<p>Tr\u1ecdng l\u01b0\u1ee3ng nh\u1eb9<\/p>","protected":false},"excerpt":{"rendered":"<p>TTS-804 S\u00e0o c\u1eaft c\u00e0nh c\u00e2y S\u00e0o g\u1ed3m 4 kh\u00fac x 2m, c\u00f3 th\u1ec3 th\u00e1o r\u1eddi t\u1eebng kh\u00fac, t\u00ednh n\u0103ng c\u00e1ch \u0111i\u1ec7n cao, ch\u1ecbu l\u1ef1c. L\u01b0\u1ee1i c\u1eaft, t\u1ec9a c\u00e0nh c\u00e2y v\u00e0 l\u01b0\u1ee1i c\u01b0a \u0111\u01b0\u1ee3c c\u1ed1 \u0111\u1ecbnh tr\u1ef1c ti\u1ebfp v\u00e0o s\u00e0o. Tr\u1ecdng l\u01b0\u1ee3ng nh\u1eb9<\/p>","protected":false},"featured_media":3369,"template":"","meta":{"site-sidebar-layout":"default","site-content-layout":"default","ast-site-content-layout":"default","site-content-style":"default","site-sidebar-style":"default","ast-global-header-display":"","ast-banner-title-visibility":"","ast-main-header-display":"","ast-hfb-above-header-display":"","ast-hfb-below-header-display":"","ast-hfb-mobile-header-display":"","site-post-title":"","ast-breadcrumbs-content":"","ast-featured-img":"","footer-sml-layout":"","ast-disable-related-posts":"","theme-transparent-header-meta":"","adv-header-id-meta":"","stick-header-meta":"","header-above-stick-meta":"","header-main-stick-meta":"","header-below-stick-meta":"","astra-migrate-meta-layouts":"default","ast-page-background-enabled":"default","ast-page-background-meta":{"desktop":{"background-color":"","background-image":"","background-repeat":"repeat","background-position":"center center","background-size":"auto","background-attachment":"scroll","background-type":"","background-media":"","overlay-type":"","overlay-color":"","overlay-opacity":"","overlay-gradient":""},"tablet":{"background-color":"","background-image":"","background-repeat":"repeat","background-position":"center center","background-size":"auto","background-attachment":"scroll","background-type":"","background-media":"","overlay-type":"","overlay-color":"","overlay-opacity":"","overlay-gradient":""},"mobile":{"background-color":"","background-image":"","background-repeat":"repeat","background-position":"center center","background-size":"auto","background-attachment":"scroll","background-type":"","background-media":"","overlay-type":"","overlay-color":"","overlay-opacity":"","overlay-gradient":""}},"ast-content-background-meta":{"desktop":{"background-color":"var(--ast-global-color-5)","background-image":"","background-repeat":"repeat","background-position":"center center","background-size":"auto","background-attachment":"scroll","background-type":"","background-media":"","overlay-type":"","overlay-color":"","overlay-opacity":"","overlay-gradient":""},"tablet":{"background-color":"var(--ast-global-color-5)","background-image":"","background-repeat":"repeat","background-position":"center center","background-size":"auto","background-attachment":"scroll","background-type":"","background-media":"","overlay-type":"","overlay-color":"","overlay-opacity":"","overlay-gradient":""},"mobile":{"background-color":"var(--ast-global-color-5)","background-image":"","background-repeat":"repeat","background-position":"center center","background-size":"auto","background-attachment":"scroll","background-type":"","background-media":"","overlay-type":"","overlay-color":"","overlay-opacity":"","overlay-gradient":""}}},"product_brand":[],"product_cat":[88],"product_tag":[171],"class_list":{"0":"post-3368","1":"product","2":"type-product","3":"status-publish","4":"has-post-thumbnail","6":"product_cat-sao-cach-dien","7":"product_tag-sao-cach-dien","8":"desktop-align-left","9":"tablet-align-left","10":"mobile-align-left","12":"first","13":"instock","14":"shipping-taxable","15":"product-type-simple"},"yoast_head":"<!-- This site is optimized with the Yoast SEO plugin v27.4 - https:\/\/yoast.com\/product\/yoast-seo-wordpress\/ -->\n<title>S\u00e0o c\u00e1ch \u0111i\u1ec7n t\u1ec9a c\u00e0nh c\u00e2y TTS 804 - C\u00f4ng Ty TNHH Trang Thi\u1ebft B\u1ecb K\u1ef9 Thu\u1eadt An Huy<\/title>\n<meta name=\"description\" content=\"S\u00e0o c\u00e1ch \u0111i\u1ec7n t\u1ec9a c\u00e0nh c\u00e2y TTS 804\" \/>\n<meta name=\"robots\" content=\"index, follow, max-snippet:-1, max-image-preview:large, max-video-preview:-1\" \/>\n<link rel=\"canonical\" href=\"http:\/\/anhuysafety.com\/en\/product\/sao-cach-dien-tia-canh-cay-tts-804\/\" \/>\n<meta property=\"og:locale\" content=\"en_US\" \/>\n<meta property=\"og:type\" content=\"article\" \/>\n<meta property=\"og:title\" content=\"S\u00e0o c\u00e1ch \u0111i\u1ec7n t\u1ec9a c\u00e0nh c\u00e2y TTS 804 - C\u00f4ng Ty TNHH Trang Thi\u1ebft B\u1ecb K\u1ef9 Thu\u1eadt An Huy\" \/>\n<meta property=\"og:description\" content=\"S\u00e0o c\u00e1ch \u0111i\u1ec7n t\u1ec9a c\u00e0nh c\u00e2y TTS 804\" \/>\n<meta property=\"og:url\" content=\"http:\/\/anhuysafety.com\/en\/product\/sao-cach-dien-tia-canh-cay-tts-804\/\" \/>\n<meta property=\"og:site_name\" content=\"C\u00f4ng Ty TNHH Trang Thi\u1ebft B\u1ecb K\u1ef9 Thu\u1eadt An Huy\" \/>\n<meta property=\"article:modified_time\" content=\"2022-05-16T09:08:01+00:00\" \/>\n<meta property=\"og:image\" content=\"https:\/\/anhuysafety.com\/wp-content\/uploads\/2022\/03\/tts804saocachdien86466991.gif\" \/>\n\t<meta property=\"og:image:width\" content=\"550\" \/>\n\t<meta property=\"og:image:height\" content=\"412\" \/>\n\t<meta property=\"og:image:type\" content=\"image\/gif\" \/>\n<meta name=\"twitter:card\" content=\"summary_large_image\" \/>\n<script type=\"application\/ld+json\" class=\"yoast-schema-graph\">{\"@context\":\"https:\\\/\\\/schema.org\",\"@graph\":[{\"@type\":\"WebPage\",\"@id\":\"http:\\\/\\\/anhuysafety.com\\\/en\\\/product\\\/sao-cach-dien-tia-canh-cay-tts-804\\\/\",\"url\":\"http:\\\/\\\/anhuysafety.com\\\/en\\\/product\\\/sao-cach-dien-tia-canh-cay-tts-804\\\/\",\"name\":\"S\u00e0o c\u00e1ch \u0111i\u1ec7n t\u1ec9a c\u00e0nh c\u00e2y TTS 804 - C\u00f4ng Ty TNHH Trang Thi\u1ebft B\u1ecb K\u1ef9 Thu\u1eadt An Huy\",\"isPartOf\":{\"@id\":\"https:\\\/\\\/anhuysafety.com\\\/#website\"},\"primaryImageOfPage\":{\"@id\":\"http:\\\/\\\/anhuysafety.com\\\/en\\\/product\\\/sao-cach-dien-tia-canh-cay-tts-804\\\/#primaryimage\"},\"image\":{\"@id\":\"http:\\\/\\\/anhuysafety.com\\\/en\\\/product\\\/sao-cach-dien-tia-canh-cay-tts-804\\\/#primaryimage\"},\"thumbnailUrl\":\"https:\\\/\\\/anhuysafety.com\\\/wp-content\\\/uploads\\\/2022\\\/03\\\/tts804saocachdien86466991.gif\",\"datePublished\":\"2022-03-12T03:44:31+00:00\",\"dateModified\":\"2022-05-16T09:08:01+00:00\",\"description\":\"S\u00e0o c\u00e1ch \u0111i\u1ec7n t\u1ec9a c\u00e0nh c\u00e2y TTS 804\",\"breadcrumb\":{\"@id\":\"http:\\\/\\\/anhuysafety.com\\\/en\\\/product\\\/sao-cach-dien-tia-canh-cay-tts-804\\\/#breadcrumb\"},\"inLanguage\":\"en-US\",\"potentialAction\":[{\"@type\":\"ReadAction\",\"target\":[\"http:\\\/\\\/anhuysafety.com\\\/en\\\/product\\\/sao-cach-dien-tia-canh-cay-tts-804\\\/\"]}]},{\"@type\":\"ImageObject\",\"inLanguage\":\"en-US\",\"@id\":\"http:\\\/\\\/anhuysafety.com\\\/en\\\/product\\\/sao-cach-dien-tia-canh-cay-tts-804\\\/#primaryimage\",\"url\":\"https:\\\/\\\/anhuysafety.com\\\/wp-content\\\/uploads\\\/2022\\\/03\\\/tts804saocachdien86466991.gif\",\"contentUrl\":\"https:\\\/\\\/anhuysafety.com\\\/wp-content\\\/uploads\\\/2022\\\/03\\\/tts804saocachdien86466991.gif\",\"width\":550,\"height\":412,\"caption\":\"S\u00e0o c\u00e1ch \u0111i\u1ec7n t\u1ec9a c\u00e0nh c\u00e2y\"},{\"@type\":\"BreadcrumbList\",\"@id\":\"http:\\\/\\\/anhuysafety.com\\\/en\\\/product\\\/sao-cach-dien-tia-canh-cay-tts-804\\\/#breadcrumb\",\"itemListElement\":[{\"@type\":\"ListItem\",\"position\":1,\"name\":\"Trang ch\u1ee7\",\"item\":\"https:\\\/\\\/anhuysafety.com\\\/\"},{\"@type\":\"ListItem\",\"position\":2,\"name\":\"S\u1ea3n ph\u1ea9m\",\"item\":\"http:\\\/\\\/anhuysafety.com\\\/en\\\/cua-hang\"},{\"@type\":\"ListItem\",\"position\":3,\"name\":\"S\u00e0o c\u00e1ch \u0111i\u1ec7n t\u1ec9a c\u00e0nh c\u00e2y TTS 804\"}]},{\"@type\":\"WebSite\",\"@id\":\"https:\\\/\\\/anhuysafety.com\\\/#website\",\"url\":\"https:\\\/\\\/anhuysafety.com\\\/\",\"name\":\"C\u00f4ng Ty TNHH Trang Thi\u1ebft B\u1ecb K\u1ef9 Thu\u1eadt An Huy\",\"description\":\"\",\"publisher\":{\"@id\":\"https:\\\/\\\/anhuysafety.com\\\/#organization\"},\"potentialAction\":[{\"@type\":\"SearchAction\",\"target\":{\"@type\":\"EntryPoint\",\"urlTemplate\":\"https:\\\/\\\/anhuysafety.com\\\/?s={search_term_string}\"},\"query-input\":{\"@type\":\"PropertyValueSpecification\",\"valueRequired\":true,\"valueName\":\"search_term_string\"}}],\"inLanguage\":\"en-US\"},{\"@type\":\"Organization\",\"@id\":\"https:\\\/\\\/anhuysafety.com\\\/#organization\",\"name\":\"C\u00f4ng ty TNHH trang thi\u1ebft b\u1ecb k\u1ef9 thu\u1eadt An Huy\",\"url\":\"https:\\\/\\\/anhuysafety.com\\\/\",\"logo\":{\"@type\":\"ImageObject\",\"inLanguage\":\"en-US\",\"@id\":\"https:\\\/\\\/anhuysafety.com\\\/#\\\/schema\\\/logo\\\/image\\\/\",\"url\":\"https:\\\/\\\/anhuysafety.com\\\/wp-content\\\/uploads\\\/2022\\\/02\\\/cropped-cropped-cropped-LOGO_AN_HUY_SAFETY_chuan-removebg-preview-1.png\",\"contentUrl\":\"https:\\\/\\\/anhuysafety.com\\\/wp-content\\\/uploads\\\/2022\\\/02\\\/cropped-cropped-cropped-LOGO_AN_HUY_SAFETY_chuan-removebg-preview-1.png\",\"width\":357,\"height\":318,\"caption\":\"C\u00f4ng ty TNHH trang thi\u1ebft b\u1ecb k\u1ef9 thu\u1eadt An Huy\"},\"image\":{\"@id\":\"https:\\\/\\\/anhuysafety.com\\\/#\\\/schema\\\/logo\\\/image\\\/\"}}]}<\/script>\n<!-- \/ Yoast SEO plugin. -->","yoast_head_json":{"title":"S\u00e0o c\u00e1ch \u0111i\u1ec7n t\u1ec9a c\u00e0nh c\u00e2y TTS 804 - C\u00f4ng Ty TNHH Trang Thi\u1ebft B\u1ecb K\u1ef9 Thu\u1eadt An Huy","description":"S\u00e0o c\u00e1ch \u0111i\u1ec7n t\u1ec9a c\u00e0nh c\u00e2y TTS 804","robots":{"index":"index","follow":"follow","max-snippet":"max-snippet:-1","max-image-preview":"max-image-preview:large","max-video-preview":"max-video-preview:-1"},"canonical":"http:\/\/anhuysafety.com\/en\/product\/sao-cach-dien-tia-canh-cay-tts-804\/","og_locale":"en_US","og_type":"article","og_title":"S\u00e0o c\u00e1ch \u0111i\u1ec7n t\u1ec9a c\u00e0nh c\u00e2y TTS 804 - C\u00f4ng Ty TNHH Trang Thi\u1ebft B\u1ecb K\u1ef9 Thu\u1eadt An Huy","og_description":"S\u00e0o c\u00e1ch \u0111i\u1ec7n t\u1ec9a c\u00e0nh c\u00e2y TTS 804","og_url":"http:\/\/anhuysafety.com\/en\/product\/sao-cach-dien-tia-canh-cay-tts-804\/","og_site_name":"C\u00f4ng Ty TNHH Trang Thi\u1ebft B\u1ecb K\u1ef9 Thu\u1eadt An Huy","article_modified_time":"2022-05-16T09:08:01+00:00","og_image":[{"width":550,"height":412,"url":"https:\/\/anhuysafety.com\/wp-content\/uploads\/2022\/03\/tts804saocachdien86466991.gif","type":"image\/gif"}],"twitter_card":"summary_large_image","schema":{"@context":"https:\/\/schema.org","@graph":[{"@type":"WebPage","@id":"http:\/\/anhuysafety.com\/en\/product\/sao-cach-dien-tia-canh-cay-tts-804\/","url":"http:\/\/anhuysafety.com\/en\/product\/sao-cach-dien-tia-canh-cay-tts-804\/","name":"S\u00e0o c\u00e1ch \u0111i\u1ec7n t\u1ec9a c\u00e0nh c\u00e2y TTS 804 - C\u00f4ng Ty TNHH Trang Thi\u1ebft B\u1ecb K\u1ef9 Thu\u1eadt An Huy","isPartOf":{"@id":"https:\/\/anhuysafety.com\/#website"},"primaryImageOfPage":{"@id":"http:\/\/anhuysafety.com\/en\/product\/sao-cach-dien-tia-canh-cay-tts-804\/#primaryimage"},"image":{"@id":"http:\/\/anhuysafety.com\/en\/product\/sao-cach-dien-tia-canh-cay-tts-804\/#primaryimage"},"thumbnailUrl":"https:\/\/anhuysafety.com\/wp-content\/uploads\/2022\/03\/tts804saocachdien86466991.gif","datePublished":"2022-03-12T03:44:31+00:00","dateModified":"2022-05-16T09:08:01+00:00","description":"S\u00e0o c\u00e1ch \u0111i\u1ec7n t\u1ec9a c\u00e0nh c\u00e2y TTS 804","breadcrumb":{"@id":"http:\/\/anhuysafety.com\/en\/product\/sao-cach-dien-tia-canh-cay-tts-804\/#breadcrumb"},"inLanguage":"en-US","potentialAction":[{"@type":"ReadAction","target":["http:\/\/anhuysafety.com\/en\/product\/sao-cach-dien-tia-canh-cay-tts-804\/"]}]},{"@type":"ImageObject","inLanguage":"en-US","@id":"http:\/\/anhuysafety.com\/en\/product\/sao-cach-dien-tia-canh-cay-tts-804\/#primaryimage","url":"https:\/\/anhuysafety.com\/wp-content\/uploads\/2022\/03\/tts804saocachdien86466991.gif","contentUrl":"https:\/\/anhuysafety.com\/wp-content\/uploads\/2022\/03\/tts804saocachdien86466991.gif","width":550,"height":412,"caption":"S\u00e0o c\u00e1ch \u0111i\u1ec7n t\u1ec9a c\u00e0nh c\u00e2y"},{"@type":"BreadcrumbList","@id":"http:\/\/anhuysafety.com\/en\/product\/sao-cach-dien-tia-canh-cay-tts-804\/#breadcrumb","itemListElement":[{"@type":"ListItem","position":1,"name":"Trang ch\u1ee7","item":"https:\/\/anhuysafety.com\/"},{"@type":"ListItem","position":2,"name":"S\u1ea3n ph\u1ea9m","item":"http:\/\/anhuysafety.com\/en\/cua-hang"},{"@type":"ListItem","position":3,"name":"S\u00e0o c\u00e1ch \u0111i\u1ec7n t\u1ec9a c\u00e0nh c\u00e2y TTS 804"}]},{"@type":"WebSite","@id":"https:\/\/anhuysafety.com\/#website","url":"https:\/\/anhuysafety.com\/","name":"AN HUY TECHNICAL EQUIPMENT CO., LTD","description":"","publisher":{"@id":"https:\/\/anhuysafety.com\/#organization"},"potentialAction":[{"@type":"SearchAction","target":{"@type":"EntryPoint","urlTemplate":"https:\/\/anhuysafety.com\/?s={search_term_string}"},"query-input":{"@type":"PropertyValueSpecification","valueRequired":true,"valueName":"search_term_string"}}],"inLanguage":"en-US"},{"@type":"Organization","@id":"https:\/\/anhuysafety.com\/#organization","name":"C\u00f4ng ty TNHH trang thi\u1ebft b\u1ecb k\u1ef9 thu\u1eadt An Huy","url":"https:\/\/anhuysafety.com\/","logo":{"@type":"ImageObject","inLanguage":"en-US","@id":"https:\/\/anhuysafety.com\/#\/schema\/logo\/image\/","url":"https:\/\/anhuysafety.com\/wp-content\/uploads\/2022\/02\/cropped-cropped-cropped-LOGO_AN_HUY_SAFETY_chuan-removebg-preview-1.png","contentUrl":"https:\/\/anhuysafety.com\/wp-content\/uploads\/2022\/02\/cropped-cropped-cropped-LOGO_AN_HUY_SAFETY_chuan-removebg-preview-1.png","width":357,"height":318,"caption":"C\u00f4ng ty TNHH trang thi\u1ebft b\u1ecb k\u1ef9 thu\u1eadt An Huy"},"image":{"@id":"https:\/\/anhuysafety.com\/#\/schema\/logo\/image\/"}}]}},"_links":{"self":[{"href":"https:\/\/anhuysafety.com\/en\/wp-json\/wp\/v2\/product\/3368","targetHints":{"allow":["GET"]}}],"collection":[{"href":"https:\/\/anhuysafety.com\/en\/wp-json\/wp\/v2\/product"}],"about":[{"href":"https:\/\/anhuysafety.com\/en\/wp-json\/wp\/v2\/types\/product"}],"version-history":[{"count":2,"href":"https:\/\/anhuysafety.com\/en\/wp-json\/wp\/v2\/product\/3368\/revisions"}],"predecessor-version":[{"id":3426,"href":"https:\/\/anhuysafety.com\/en\/wp-json\/wp\/v2\/product\/3368\/revisions\/3426"}],"wp:featuredmedia":[{"embeddable":true,"href":"https:\/\/anhuysafety.com\/en\/wp-json\/wp\/v2\/media\/3369"}],"wp:attachment":[{"href":"https:\/\/anhuysafety.com\/en\/wp-json\/wp\/v2\/media?parent=3368"}],"wp:term":[{"taxonomy":"product_brand","embeddable":true,"href":"https:\/\/anhuysafety.com\/en\/wp-json\/wp\/v2\/product_brand?post=3368"},{"taxonomy":"product_cat","embeddable":true,"href":"https:\/\/anhuysafety.com\/en\/wp-json\/wp\/v2\/product_cat?post=3368"},{"taxonomy":"product_tag","embeddable":true,"href":"https:\/\/anhuysafety.com\/en\/wp-json\/wp\/v2\/product_tag?post=3368"}],"curies":[{"name":"wp","href":"https:\/\/api.w.org\/{rel}","templated":true}]}}