{"id":3390,"date":"2022-03-28T10:06:01","date_gmt":"2022-03-28T03:06:01","guid":{"rendered":"https:\/\/anhuysafety.com\/?post_type=product&#038;p=3390"},"modified":"2022-04-11T09:27:03","modified_gmt":"2022-04-11T02:27:03","slug":"3390","status":"publish","type":"product","link":"https:\/\/anhuysafety.com\/en\/product\/3390\/","title":{"rendered":"GI\u00c0Y B\u1ea2O H\u1ed8 HANS HS-12HD-1"},"content":{"rendered":"<p style=\"text-align: justify; background: white; margin: 0in 0in 7.5pt 0in;\"><span style=\"font-family: 'Arial',sans-serif; color: black;\">Gi\u00e0y b\u1ea3o h\u1ed9 th\u1ea5p c\u1ed5 HS-12HD-1 c\u00f3 \u0111\u1ebf Pyrone tr\u1ecdng l\u01b0\u1ee3ng th\u1ea5p, \u0111\u1ed9 co gi\u00e3n cao, k\u00e8m v\u1edbi \u0111\u1ebf lava ch\u1ed1ng tr\u01a1n tr\u01b0\u1ee3t. Ki\u1ec3u d\u00e1ng thi\u1ebft k\u1ebf ph\u00f9 h\u1ee3p v\u1edbi \u0111\u00f4i ch\u00e2n ng\u01b0\u1eddi Ch\u00e2u \u00c1<\/span><\/p>\n<p style=\"text-align: justify; background: white; margin: 0in 0in 7.5pt 0in;\"><span style=\"font-family: 'Arial',sans-serif; color: black;\">\u0110\u1eb7c t\u00ednh n\u1ed5i tr\u1ed9i\u00a0c\u1ee7a d\u00f2ng s\u1ea3n ph\u1ea9m\u00a0HS-12HD-1 v\u1edbi \u0111\u01b0\u1eddng may ch\u1eafc, m\u0169i th\u00e9p ch\u1ed1ng va \u0111\u1eadp chu\u1ea9n qu\u1ed1c t\u1ebf, l\u1edbp l\u00f3t ch\u1ed1ng \u0111\u00e2m xuy\u00ean. L\u1edbp da b\u00f2 t\u1ef1 nhi\u00ean cao c\u1ea5p t\u1ea1o c\u1ea3m gi\u00e1c tho\u1ea3i m\u00e1i khi mang gi\u00e0y trong th\u1eddi gian d\u00e0i<\/span><\/p>\n<p style=\"text-align: justify; background: white; margin: 0in 0in 7.5pt 0in;\"><span style=\"font-family: 'Arial',sans-serif; color: black;\">D\u00f9ng cho m\u00f4i tr\u01b0\u1eddng : D\u1ea7u kh\u00ed, \u0111\u00f3ng t\u00e0u, c\u1ea3ng \u2013 \u00d4 t\u00f4, xe m\u00e1y, nh\u1ef1a, g\u1ed7, kim lo\u1ea1i \u2013 Gi\u00e0y da, may m\u1eb7c, nhu\u1ed9m \u2013 Th\u1ef1c ph\u1ea9m, th\u1ee7y s\u1ea3n, th\u1ee9c \u0103n gia s\u1ee9c \u2013 Xi m\u0103ng, x\u00e2y d\u1ef1ng, h\u00f3a ch\u1ea5t, ph\u00e2n b\u00f3n.<\/span><\/p>","protected":false},"excerpt":{"rendered":"<p>Gi\u00e0y b\u1ea3o h\u1ed9 th\u1ea5p c\u1ed5 HS-12HD-1 c\u00f3 \u0111\u1ebf Pyrone tr\u1ecdng l\u01b0\u1ee3ng th\u1ea5p, \u0111\u1ed9 co gi\u00e3n cao, k\u00e8m v\u1edbi \u0111\u1ebf lava ch\u1ed1ng tr\u01a1n tr\u01b0\u1ee3t. Ki\u1ec3u d\u00e1ng thi\u1ebft k\u1ebf ph\u00f9 h\u1ee3p v\u1edbi \u0111\u00f4i ch\u00e2n ng\u01b0\u1eddi Ch\u00e2u \u00c1 \u0110\u1eb7c t\u00ednh n\u1ed5i tr\u1ed9i\u00a0c\u1ee7a d\u00f2ng s\u1ea3n ph\u1ea9m\u00a0HS-12HD-1 v\u1edbi \u0111\u01b0\u1eddng may ch\u1eafc, m\u0169i th\u00e9p ch\u1ed1ng va \u0111\u1eadp chu\u1ea9n qu\u1ed1c t\u1ebf, l\u1edbp [&hellip;]<\/p>\n","protected":false},"featured_media":3392,"template":"","meta":{"site-sidebar-layout":"default","site-content-layout":"default","ast-site-content-layout":"default","site-content-style":"default","site-sidebar-style":"default","ast-global-header-display":"","ast-banner-title-visibility":"","ast-main-header-display":"","ast-hfb-above-header-display":"","ast-hfb-below-header-display":"","ast-hfb-mobile-header-display":"","site-post-title":"","ast-breadcrumbs-content":"","ast-featured-img":"","footer-sml-layout":"","ast-disable-related-posts":"","theme-transparent-header-meta":"","adv-header-id-meta":"","stick-header-meta":"","header-above-stick-meta":"","header-main-stick-meta":"","header-below-stick-meta":"","astra-migrate-meta-layouts":"default","ast-page-background-enabled":"default","ast-page-background-meta":{"desktop":{"background-color":"","background-image":"","background-repeat":"repeat","background-position":"center center","background-size":"auto","background-attachment":"scroll","background-type":"","background-media":"","overlay-type":"","overlay-color":"","overlay-opacity":"","overlay-gradient":""},"tablet":{"background-color":"","background-image":"","background-repeat":"repeat","background-position":"center center","background-size":"auto","background-attachment":"scroll","background-type":"","background-media":"","overlay-type":"","overlay-color":"","overlay-opacity":"","overlay-gradient":""},"mobile":{"background-color":"","background-image":"","background-repeat":"repeat","background-position":"center center","background-size":"auto","background-attachment":"scroll","background-type":"","background-media":"","overlay-type":"","overlay-color":"","overlay-opacity":"","overlay-gradient":""}},"ast-content-background-meta":{"desktop":{"background-color":"var(--ast-global-color-5)","background-image":"","background-repeat":"repeat","background-position":"center center","background-size":"auto","background-attachment":"scroll","background-type":"","background-media":"","overlay-type":"","overlay-color":"","overlay-opacity":"","overlay-gradient":""},"tablet":{"background-color":"var(--ast-global-color-5)","background-image":"","background-repeat":"repeat","background-position":"center center","background-size":"auto","background-attachment":"scroll","background-type":"","background-media":"","overlay-type":"","overlay-color":"","overlay-opacity":"","overlay-gradient":""},"mobile":{"background-color":"var(--ast-global-color-5)","background-image":"","background-repeat":"repeat","background-position":"center center","background-size":"auto","background-attachment":"scroll","background-type":"","background-media":"","overlay-type":"","overlay-color":"","overlay-opacity":"","overlay-gradient":""}}},"product_brand":[],"product_cat":[143,67,84],"product_tag":[],"class_list":{"0":"post-3390","1":"product","2":"type-product","3":"status-publish","4":"has-post-thumbnail","6":"product_cat-giay-da-hans-han-quoc","7":"product_cat-bao-ve-ca-nhan","8":"product_cat-bao-ve-chan","9":"desktop-align-left","10":"tablet-align-left","11":"mobile-align-left","13":"first","14":"instock","15":"featured","16":"shipping-taxable","17":"product-type-simple"},"yoast_head":"<!-- This site is optimized with the Yoast SEO plugin v27.4 - https:\/\/yoast.com\/product\/yoast-seo-wordpress\/ -->\n<title>GI\u00c0Y B\u1ea2O H\u1ed8 HANS HS-12HD-1 - C\u00f4ng Ty TNHH Trang Thi\u1ebft B\u1ecb K\u1ef9 Thu\u1eadt An Huy<\/title>\n<meta name=\"robots\" content=\"index, follow, max-snippet:-1, max-image-preview:large, max-video-preview:-1\" \/>\n<link rel=\"canonical\" href=\"http:\/\/anhuysafety.com\/en\/product\/3390\/\" \/>\n<meta property=\"og:locale\" content=\"en_US\" \/>\n<meta property=\"og:type\" content=\"article\" \/>\n<meta property=\"og:title\" content=\"GI\u00c0Y B\u1ea2O H\u1ed8 HANS HS-12HD-1 - C\u00f4ng Ty TNHH Trang Thi\u1ebft B\u1ecb K\u1ef9 Thu\u1eadt An Huy\" \/>\n<meta property=\"og:description\" content=\"Gi\u00e0y b\u1ea3o h\u1ed9 th\u1ea5p c\u1ed5 HS-12HD-1 c\u00f3 \u0111\u1ebf Pyrone tr\u1ecdng l\u01b0\u1ee3ng th\u1ea5p, \u0111\u1ed9 co gi\u00e3n cao, k\u00e8m v\u1edbi \u0111\u1ebf lava ch\u1ed1ng tr\u01a1n tr\u01b0\u1ee3t. Ki\u1ec3u d\u00e1ng thi\u1ebft k\u1ebf ph\u00f9 h\u1ee3p v\u1edbi \u0111\u00f4i ch\u00e2n ng\u01b0\u1eddi Ch\u00e2u \u00c1 \u0110\u1eb7c t\u00ednh n\u1ed5i tr\u1ed9i\u00a0c\u1ee7a d\u00f2ng s\u1ea3n ph\u1ea9m\u00a0HS-12HD-1 v\u1edbi \u0111\u01b0\u1eddng may ch\u1eafc, m\u0169i th\u00e9p ch\u1ed1ng va \u0111\u1eadp chu\u1ea9n qu\u1ed1c t\u1ebf, l\u1edbp [&hellip;]\" \/>\n<meta property=\"og:url\" content=\"http:\/\/anhuysafety.com\/en\/product\/3390\/\" \/>\n<meta property=\"og:site_name\" content=\"C\u00f4ng Ty TNHH Trang Thi\u1ebft B\u1ecb K\u1ef9 Thu\u1eadt An Huy\" \/>\n<meta property=\"article:modified_time\" content=\"2022-04-11T02:27:03+00:00\" \/>\n<meta property=\"og:image\" content=\"https:\/\/anhuysafety.com\/wp-content\/uploads\/2022\/03\/giay-hans.jpg\" \/>\n\t<meta property=\"og:image:width\" content=\"647\" \/>\n\t<meta property=\"og:image:height\" content=\"385\" \/>\n\t<meta property=\"og:image:type\" content=\"image\/jpeg\" \/>\n<meta name=\"twitter:card\" content=\"summary_large_image\" \/>\n<meta name=\"twitter:label1\" content=\"Est. reading time\" \/>\n\t<meta name=\"twitter:data1\" content=\"1 minute\" \/>\n<script type=\"application\/ld+json\" class=\"yoast-schema-graph\">{\"@context\":\"https:\\\/\\\/schema.org\",\"@graph\":[{\"@type\":\"WebPage\",\"@id\":\"http:\\\/\\\/anhuysafety.com\\\/en\\\/product\\\/3390\\\/\",\"url\":\"http:\\\/\\\/anhuysafety.com\\\/en\\\/product\\\/3390\\\/\",\"name\":\"GI\u00c0Y B\u1ea2O H\u1ed8 HANS HS-12HD-1 - C\u00f4ng Ty TNHH Trang Thi\u1ebft B\u1ecb K\u1ef9 Thu\u1eadt An Huy\",\"isPartOf\":{\"@id\":\"https:\\\/\\\/anhuysafety.com\\\/#website\"},\"primaryImageOfPage\":{\"@id\":\"http:\\\/\\\/anhuysafety.com\\\/en\\\/product\\\/3390\\\/#primaryimage\"},\"image\":{\"@id\":\"http:\\\/\\\/anhuysafety.com\\\/en\\\/product\\\/3390\\\/#primaryimage\"},\"thumbnailUrl\":\"https:\\\/\\\/anhuysafety.com\\\/wp-content\\\/uploads\\\/2022\\\/03\\\/giay-hans.jpg\",\"datePublished\":\"2022-03-28T03:06:01+00:00\",\"dateModified\":\"2022-04-11T02:27:03+00:00\",\"breadcrumb\":{\"@id\":\"http:\\\/\\\/anhuysafety.com\\\/en\\\/product\\\/3390\\\/#breadcrumb\"},\"inLanguage\":\"en-US\",\"potentialAction\":[{\"@type\":\"ReadAction\",\"target\":[\"http:\\\/\\\/anhuysafety.com\\\/en\\\/product\\\/3390\\\/\"]}]},{\"@type\":\"ImageObject\",\"inLanguage\":\"en-US\",\"@id\":\"http:\\\/\\\/anhuysafety.com\\\/en\\\/product\\\/3390\\\/#primaryimage\",\"url\":\"https:\\\/\\\/anhuysafety.com\\\/wp-content\\\/uploads\\\/2022\\\/03\\\/giay-hans.jpg\",\"contentUrl\":\"https:\\\/\\\/anhuysafety.com\\\/wp-content\\\/uploads\\\/2022\\\/03\\\/giay-hans.jpg\",\"width\":647,\"height\":385},{\"@type\":\"BreadcrumbList\",\"@id\":\"http:\\\/\\\/anhuysafety.com\\\/en\\\/product\\\/3390\\\/#breadcrumb\",\"itemListElement\":[{\"@type\":\"ListItem\",\"position\":1,\"name\":\"Trang ch\u1ee7\",\"item\":\"https:\\\/\\\/anhuysafety.com\\\/\"},{\"@type\":\"ListItem\",\"position\":2,\"name\":\"S\u1ea3n ph\u1ea9m\",\"item\":\"http:\\\/\\\/anhuysafety.com\\\/en\\\/cua-hang\"},{\"@type\":\"ListItem\",\"position\":3,\"name\":\"GI\u00c0Y B\u1ea2O H\u1ed8 HANS HS-12HD-1\"}]},{\"@type\":\"WebSite\",\"@id\":\"https:\\\/\\\/anhuysafety.com\\\/#website\",\"url\":\"https:\\\/\\\/anhuysafety.com\\\/\",\"name\":\"C\u00f4ng Ty TNHH Trang Thi\u1ebft B\u1ecb K\u1ef9 Thu\u1eadt An Huy\",\"description\":\"\",\"publisher\":{\"@id\":\"https:\\\/\\\/anhuysafety.com\\\/#organization\"},\"potentialAction\":[{\"@type\":\"SearchAction\",\"target\":{\"@type\":\"EntryPoint\",\"urlTemplate\":\"https:\\\/\\\/anhuysafety.com\\\/?s={search_term_string}\"},\"query-input\":{\"@type\":\"PropertyValueSpecification\",\"valueRequired\":true,\"valueName\":\"search_term_string\"}}],\"inLanguage\":\"en-US\"},{\"@type\":\"Organization\",\"@id\":\"https:\\\/\\\/anhuysafety.com\\\/#organization\",\"name\":\"C\u00f4ng ty TNHH trang thi\u1ebft b\u1ecb k\u1ef9 thu\u1eadt An Huy\",\"url\":\"https:\\\/\\\/anhuysafety.com\\\/\",\"logo\":{\"@type\":\"ImageObject\",\"inLanguage\":\"en-US\",\"@id\":\"https:\\\/\\\/anhuysafety.com\\\/#\\\/schema\\\/logo\\\/image\\\/\",\"url\":\"https:\\\/\\\/anhuysafety.com\\\/wp-content\\\/uploads\\\/2022\\\/02\\\/cropped-cropped-cropped-LOGO_AN_HUY_SAFETY_chuan-removebg-preview-1.png\",\"contentUrl\":\"https:\\\/\\\/anhuysafety.com\\\/wp-content\\\/uploads\\\/2022\\\/02\\\/cropped-cropped-cropped-LOGO_AN_HUY_SAFETY_chuan-removebg-preview-1.png\",\"width\":357,\"height\":318,\"caption\":\"C\u00f4ng ty TNHH trang thi\u1ebft b\u1ecb k\u1ef9 thu\u1eadt An Huy\"},\"image\":{\"@id\":\"https:\\\/\\\/anhuysafety.com\\\/#\\\/schema\\\/logo\\\/image\\\/\"}}]}<\/script>\n<!-- \/ Yoast SEO plugin. -->","yoast_head_json":{"title":"GI\u00c0Y B\u1ea2O H\u1ed8 HANS HS-12HD-1 - C\u00f4ng Ty TNHH Trang Thi\u1ebft B\u1ecb K\u1ef9 Thu\u1eadt An Huy","robots":{"index":"index","follow":"follow","max-snippet":"max-snippet:-1","max-image-preview":"max-image-preview:large","max-video-preview":"max-video-preview:-1"},"canonical":"http:\/\/anhuysafety.com\/en\/product\/3390\/","og_locale":"en_US","og_type":"article","og_title":"GI\u00c0Y B\u1ea2O H\u1ed8 HANS HS-12HD-1 - C\u00f4ng Ty TNHH Trang Thi\u1ebft B\u1ecb K\u1ef9 Thu\u1eadt An Huy","og_description":"Gi\u00e0y b\u1ea3o h\u1ed9 th\u1ea5p c\u1ed5 HS-12HD-1 c\u00f3 \u0111\u1ebf Pyrone tr\u1ecdng l\u01b0\u1ee3ng th\u1ea5p, \u0111\u1ed9 co gi\u00e3n cao, k\u00e8m v\u1edbi \u0111\u1ebf lava ch\u1ed1ng tr\u01a1n tr\u01b0\u1ee3t. Ki\u1ec3u d\u00e1ng thi\u1ebft k\u1ebf ph\u00f9 h\u1ee3p v\u1edbi \u0111\u00f4i ch\u00e2n ng\u01b0\u1eddi Ch\u00e2u \u00c1 \u0110\u1eb7c t\u00ednh n\u1ed5i tr\u1ed9i\u00a0c\u1ee7a d\u00f2ng s\u1ea3n ph\u1ea9m\u00a0HS-12HD-1 v\u1edbi \u0111\u01b0\u1eddng may ch\u1eafc, m\u0169i th\u00e9p ch\u1ed1ng va \u0111\u1eadp chu\u1ea9n qu\u1ed1c t\u1ebf, l\u1edbp [&hellip;]","og_url":"http:\/\/anhuysafety.com\/en\/product\/3390\/","og_site_name":"C\u00f4ng Ty TNHH Trang Thi\u1ebft B\u1ecb K\u1ef9 Thu\u1eadt An Huy","article_modified_time":"2022-04-11T02:27:03+00:00","og_image":[{"width":647,"height":385,"url":"https:\/\/anhuysafety.com\/wp-content\/uploads\/2022\/03\/giay-hans.jpg","type":"image\/jpeg"}],"twitter_card":"summary_large_image","twitter_misc":{"Est. reading time":"1 minute"},"schema":{"@context":"https:\/\/schema.org","@graph":[{"@type":"WebPage","@id":"http:\/\/anhuysafety.com\/en\/product\/3390\/","url":"http:\/\/anhuysafety.com\/en\/product\/3390\/","name":"GI\u00c0Y B\u1ea2O H\u1ed8 HANS HS-12HD-1 - C\u00f4ng Ty TNHH Trang Thi\u1ebft B\u1ecb K\u1ef9 Thu\u1eadt An Huy","isPartOf":{"@id":"https:\/\/anhuysafety.com\/#website"},"primaryImageOfPage":{"@id":"http:\/\/anhuysafety.com\/en\/product\/3390\/#primaryimage"},"image":{"@id":"http:\/\/anhuysafety.com\/en\/product\/3390\/#primaryimage"},"thumbnailUrl":"https:\/\/anhuysafety.com\/wp-content\/uploads\/2022\/03\/giay-hans.jpg","datePublished":"2022-03-28T03:06:01+00:00","dateModified":"2022-04-11T02:27:03+00:00","breadcrumb":{"@id":"http:\/\/anhuysafety.com\/en\/product\/3390\/#breadcrumb"},"inLanguage":"en-US","potentialAction":[{"@type":"ReadAction","target":["http:\/\/anhuysafety.com\/en\/product\/3390\/"]}]},{"@type":"ImageObject","inLanguage":"en-US","@id":"http:\/\/anhuysafety.com\/en\/product\/3390\/#primaryimage","url":"https:\/\/anhuysafety.com\/wp-content\/uploads\/2022\/03\/giay-hans.jpg","contentUrl":"https:\/\/anhuysafety.com\/wp-content\/uploads\/2022\/03\/giay-hans.jpg","width":647,"height":385},{"@type":"BreadcrumbList","@id":"http:\/\/anhuysafety.com\/en\/product\/3390\/#breadcrumb","itemListElement":[{"@type":"ListItem","position":1,"name":"Trang ch\u1ee7","item":"https:\/\/anhuysafety.com\/"},{"@type":"ListItem","position":2,"name":"S\u1ea3n ph\u1ea9m","item":"http:\/\/anhuysafety.com\/en\/cua-hang"},{"@type":"ListItem","position":3,"name":"GI\u00c0Y B\u1ea2O H\u1ed8 HANS HS-12HD-1"}]},{"@type":"WebSite","@id":"https:\/\/anhuysafety.com\/#website","url":"https:\/\/anhuysafety.com\/","name":"AN HUY TECHNICAL EQUIPMENT CO., LTD","description":"","publisher":{"@id":"https:\/\/anhuysafety.com\/#organization"},"potentialAction":[{"@type":"SearchAction","target":{"@type":"EntryPoint","urlTemplate":"https:\/\/anhuysafety.com\/?s={search_term_string}"},"query-input":{"@type":"PropertyValueSpecification","valueRequired":true,"valueName":"search_term_string"}}],"inLanguage":"en-US"},{"@type":"Organization","@id":"https:\/\/anhuysafety.com\/#organization","name":"C\u00f4ng ty TNHH trang thi\u1ebft b\u1ecb k\u1ef9 thu\u1eadt An Huy","url":"https:\/\/anhuysafety.com\/","logo":{"@type":"ImageObject","inLanguage":"en-US","@id":"https:\/\/anhuysafety.com\/#\/schema\/logo\/image\/","url":"https:\/\/anhuysafety.com\/wp-content\/uploads\/2022\/02\/cropped-cropped-cropped-LOGO_AN_HUY_SAFETY_chuan-removebg-preview-1.png","contentUrl":"https:\/\/anhuysafety.com\/wp-content\/uploads\/2022\/02\/cropped-cropped-cropped-LOGO_AN_HUY_SAFETY_chuan-removebg-preview-1.png","width":357,"height":318,"caption":"C\u00f4ng ty TNHH trang thi\u1ebft b\u1ecb k\u1ef9 thu\u1eadt An Huy"},"image":{"@id":"https:\/\/anhuysafety.com\/#\/schema\/logo\/image\/"}}]}},"_links":{"self":[{"href":"https:\/\/anhuysafety.com\/en\/wp-json\/wp\/v2\/product\/3390","targetHints":{"allow":["GET"]}}],"collection":[{"href":"https:\/\/anhuysafety.com\/en\/wp-json\/wp\/v2\/product"}],"about":[{"href":"https:\/\/anhuysafety.com\/en\/wp-json\/wp\/v2\/types\/product"}],"version-history":[{"count":3,"href":"https:\/\/anhuysafety.com\/en\/wp-json\/wp\/v2\/product\/3390\/revisions"}],"predecessor-version":[{"id":3395,"href":"https:\/\/anhuysafety.com\/en\/wp-json\/wp\/v2\/product\/3390\/revisions\/3395"}],"wp:featuredmedia":[{"embeddable":true,"href":"https:\/\/anhuysafety.com\/en\/wp-json\/wp\/v2\/media\/3392"}],"wp:attachment":[{"href":"https:\/\/anhuysafety.com\/en\/wp-json\/wp\/v2\/media?parent=3390"}],"wp:term":[{"taxonomy":"product_brand","embeddable":true,"href":"https:\/\/anhuysafety.com\/en\/wp-json\/wp\/v2\/product_brand?post=3390"},{"taxonomy":"product_cat","embeddable":true,"href":"https:\/\/anhuysafety.com\/en\/wp-json\/wp\/v2\/product_cat?post=3390"},{"taxonomy":"product_tag","embeddable":true,"href":"https:\/\/anhuysafety.com\/en\/wp-json\/wp\/v2\/product_tag?post=3390"}],"curies":[{"name":"wp","href":"https:\/\/api.w.org\/{rel}","templated":true}]}}