{"id":3400,"date":"2022-03-28T11:24:11","date_gmt":"2022-03-28T04:24:11","guid":{"rendered":"https:\/\/anhuysafety.com\/?post_type=product&#038;p=3400"},"modified":"2022-04-11T18:31:19","modified_gmt":"2022-04-11T11:31:19","slug":"giay-da-bao-ho-lao-dong-thap-co-bestrun-jogger","status":"publish","type":"product","link":"https:\/\/anhuysafety.com\/en\/product\/giay-da-bao-ho-lao-dong-thap-co-bestrun-jogger\/","title":{"rendered":"Gi\u00e0y da b\u1ea3o h\u1ed9 lao \u0111\u1ed9ng th\u1ea5p c\u1ed5 BESTRUN &#8211; JOGGER"},"content":{"rendered":"<p>Gi\u00e0y\u00a0\u0111\u1ea1t ch\u1ec9 ti\u00eau ch\u1ea5t l\u01b0\u1ee3ng Ch\u00e2u \u00c2u EN345 v\u1edbi t\u00ednh n\u0103ng b\u1ea3o v\u1ec7 c\u1ea5p &#8220;S3&#8221; ( c\u00f3 ch\u1ee9ng ch\u1ec9 )<\/p>\n<p>Gi\u00e0y kh\u00f4ng ch\u1ec9 c\u00f3 t\u00ednh n\u0103ng\u00a0ch\u1ed1ng x\u0103ng d\u1ea7u, ch\u1ed1ng h\u00f3a ch\u1ea5t, ch\u1ed1ng t\u0129nh \u0111i\u1ec7n, ch\u1ed1ng tr\u01a1n tr\u01b0\u1ee3t , gi\u1ea3m s\u00f3c, ch\u1ed1ng d\u1eadp ng\u00f3n, ch\u1ed1ng \u0111\u00e2m xuy\u00ean \u0111\u1ebf, m\u00e0 c\u00f2n \u0111\u1ea1t ch\u1ec9 ti\u00eau ch\u1ed1ng th\u1ea5m n\u01b0\u1edbc v\u00e0 \u0111\u1ed9 tho\u00e1t kh\u00ed\u00a0l\u00e0 c\u00e1c ch\u1ec9 ti\u00eau nhi\u1ec1u gi\u00e0y da an to\u00e0n nh\u1eadp ngo\u1ea1i kh\u00e1c kh\u00f4ng c\u00f3.<\/p>\n<p>Kh\u1ea3 n\u0103ng ch\u1ed1ng th\u1ea5m n\u01b0\u1edbc l\u00e0m gi\u00e0y kh\u00f4ng b\u1ecb bung \u0111\u1ebf d\u00f9 ph\u1ea3i ti\u1ebfp x\u00fac v\u1edbi n\u01b0\u1edbc. \u0110\u1ed9 tho\u00e1t kh\u00ed t\u1ed1t t\u1ea1o ti\u00ean nghi tho\u1ea3i m\u00e1i, d\u1ec5 ch\u1ecbu d\u00f9 ch\u00e2n ph\u1ea3i mang gi\u00e0y su\u1ed1t ca l\u00e0m vi\u1ec7c.<br \/>\nGi\u00e0y c\u00f3 k\u1ebft c\u1ea5u v\u1eefng ch\u1eafc, ki\u1ec3u d\u00e1ng \u0111\u1eb9p, nh\u1eb9 .<\/p>\n<p><a href=\"https:\/\/anhuysafety.com\/wp-content\/uploads\/2022\/03\/Chung-chi-CE-giay-Jogger-Bestrunthap-co.pdf\">Chung chi CE giay Jogger Bestrun(th\u1ea5p c\u1ed5)<\/a><\/p>","protected":false},"excerpt":{"rendered":"<p>Gi\u00e0y\u00a0\u0111\u1ea1t ch\u1ec9 ti\u00eau ch\u1ea5t l\u01b0\u1ee3ng Ch\u00e2u \u00c2u EN345 v\u1edbi t\u00ednh n\u0103ng b\u1ea3o v\u1ec7 c\u1ea5p &#8220;S3&#8221; ( c\u00f3 ch\u1ee9ng ch\u1ec9 ) Gi\u00e0y kh\u00f4ng ch\u1ec9 c\u00f3 t\u00ednh n\u0103ng\u00a0ch\u1ed1ng x\u0103ng d\u1ea7u, ch\u1ed1ng h\u00f3a ch\u1ea5t, ch\u1ed1ng t\u0129nh \u0111i\u1ec7n, ch\u1ed1ng tr\u01a1n tr\u01b0\u1ee3t , gi\u1ea3m s\u00f3c, ch\u1ed1ng d\u1eadp ng\u00f3n, ch\u1ed1ng \u0111\u00e2m xuy\u00ean \u0111\u1ebf, m\u00e0 c\u00f2n \u0111\u1ea1t ch\u1ec9 ti\u00eau ch\u1ed1ng th\u1ea5m n\u01b0\u1edbc [&hellip;]<\/p>\n","protected":false},"featured_media":3401,"template":"","meta":{"site-sidebar-layout":"default","site-content-layout":"default","ast-site-content-layout":"default","site-content-style":"default","site-sidebar-style":"default","ast-global-header-display":"","ast-banner-title-visibility":"","ast-main-header-display":"","ast-hfb-above-header-display":"","ast-hfb-below-header-display":"","ast-hfb-mobile-header-display":"","site-post-title":"","ast-breadcrumbs-content":"","ast-featured-img":"","footer-sml-layout":"","ast-disable-related-posts":"","theme-transparent-header-meta":"","adv-header-id-meta":"","stick-header-meta":"","header-above-stick-meta":"","header-main-stick-meta":"","header-below-stick-meta":"","astra-migrate-meta-layouts":"default","ast-page-background-enabled":"default","ast-page-background-meta":{"desktop":{"background-color":"","background-image":"","background-repeat":"repeat","background-position":"center center","background-size":"auto","background-attachment":"scroll","background-type":"","background-media":"","overlay-type":"","overlay-color":"","overlay-opacity":"","overlay-gradient":""},"tablet":{"background-color":"","background-image":"","background-repeat":"repeat","background-position":"center center","background-size":"auto","background-attachment":"scroll","background-type":"","background-media":"","overlay-type":"","overlay-color":"","overlay-opacity":"","overlay-gradient":""},"mobile":{"background-color":"","background-image":"","background-repeat":"repeat","background-position":"center center","background-size":"auto","background-attachment":"scroll","background-type":"","background-media":"","overlay-type":"","overlay-color":"","overlay-opacity":"","overlay-gradient":""}},"ast-content-background-meta":{"desktop":{"background-color":"var(--ast-global-color-5)","background-image":"","background-repeat":"repeat","background-position":"center center","background-size":"auto","background-attachment":"scroll","background-type":"","background-media":"","overlay-type":"","overlay-color":"","overlay-opacity":"","overlay-gradient":""},"tablet":{"background-color":"var(--ast-global-color-5)","background-image":"","background-repeat":"repeat","background-position":"center center","background-size":"auto","background-attachment":"scroll","background-type":"","background-media":"","overlay-type":"","overlay-color":"","overlay-opacity":"","overlay-gradient":""},"mobile":{"background-color":"var(--ast-global-color-5)","background-image":"","background-repeat":"repeat","background-position":"center center","background-size":"auto","background-attachment":"scroll","background-type":"","background-media":"","overlay-type":"","overlay-color":"","overlay-opacity":"","overlay-gradient":""}}},"product_brand":[],"product_cat":[144,67,84],"product_tag":[],"class_list":{"0":"post-3400","1":"product","2":"type-product","3":"status-publish","4":"has-post-thumbnail","6":"product_cat-giay-bao-ho-jogger","7":"product_cat-bao-ve-ca-nhan","8":"product_cat-bao-ve-chan","9":"desktop-align-left","10":"tablet-align-left","11":"mobile-align-left","13":"first","14":"instock","15":"featured","16":"shipping-taxable","17":"product-type-simple"},"yoast_head":"<!-- This site is optimized with the Yoast SEO plugin v27.4 - https:\/\/yoast.com\/product\/yoast-seo-wordpress\/ -->\n<title>Gi\u00e0y da b\u1ea3o h\u1ed9 lao \u0111\u1ed9ng th\u1ea5p c\u1ed5 BESTRUN - JOGGER - C\u00f4ng Ty TNHH Trang Thi\u1ebft B\u1ecb K\u1ef9 Thu\u1eadt An Huy<\/title>\n<meta name=\"description\" content=\"Gi\u00e0y da b\u1ea3o h\u1ed9 lao \u0111\u1ed9ng th\u1ea5p c\u1ed5 BESTRUN - JOGGER\" \/>\n<meta name=\"robots\" content=\"index, follow, max-snippet:-1, max-image-preview:large, max-video-preview:-1\" \/>\n<link rel=\"canonical\" href=\"https:\/\/anhuysafety.com\/en\/product\/giay-da-bao-ho-lao-dong-thap-co-bestrun-jogger\/\" \/>\n<meta property=\"og:locale\" content=\"en_US\" \/>\n<meta property=\"og:type\" content=\"article\" \/>\n<meta property=\"og:title\" content=\"Gi\u00e0y da b\u1ea3o h\u1ed9 lao \u0111\u1ed9ng th\u1ea5p c\u1ed5 BESTRUN - JOGGER - C\u00f4ng Ty TNHH Trang Thi\u1ebft B\u1ecb K\u1ef9 Thu\u1eadt An Huy\" \/>\n<meta property=\"og:description\" content=\"Gi\u00e0y da b\u1ea3o h\u1ed9 lao \u0111\u1ed9ng th\u1ea5p c\u1ed5 BESTRUN - JOGGER\" \/>\n<meta property=\"og:url\" content=\"https:\/\/anhuysafety.com\/en\/product\/giay-da-bao-ho-lao-dong-thap-co-bestrun-jogger\/\" \/>\n<meta property=\"og:site_name\" content=\"C\u00f4ng Ty TNHH Trang Thi\u1ebft B\u1ecb K\u1ef9 Thu\u1eadt An Huy\" \/>\n<meta property=\"article:modified_time\" content=\"2022-04-11T11:31:19+00:00\" \/>\n<meta property=\"og:image\" content=\"https:\/\/anhuysafety.com\/wp-content\/uploads\/2022\/03\/giay-jogger.png\" \/>\n\t<meta property=\"og:image:width\" content=\"481\" \/>\n\t<meta property=\"og:image:height\" content=\"334\" \/>\n\t<meta property=\"og:image:type\" content=\"image\/png\" \/>\n<meta name=\"twitter:card\" content=\"summary_large_image\" \/>\n<meta name=\"twitter:label1\" content=\"Est. reading time\" \/>\n\t<meta name=\"twitter:data1\" content=\"1 minute\" \/>\n<script type=\"application\/ld+json\" class=\"yoast-schema-graph\">{\"@context\":\"https:\\\/\\\/schema.org\",\"@graph\":[{\"@type\":\"WebPage\",\"@id\":\"https:\\\/\\\/anhuysafety.com\\\/san-pham\\\/giay-da-bao-ho-lao-dong-thap-co-bestrun-jogger\\\/\",\"url\":\"https:\\\/\\\/anhuysafety.com\\\/san-pham\\\/giay-da-bao-ho-lao-dong-thap-co-bestrun-jogger\\\/\",\"name\":\"Gi\u00e0y da b\u1ea3o h\u1ed9 lao \u0111\u1ed9ng th\u1ea5p c\u1ed5 BESTRUN - JOGGER - C\u00f4ng Ty TNHH Trang Thi\u1ebft B\u1ecb K\u1ef9 Thu\u1eadt An Huy\",\"isPartOf\":{\"@id\":\"https:\\\/\\\/anhuysafety.com\\\/#website\"},\"primaryImageOfPage\":{\"@id\":\"https:\\\/\\\/anhuysafety.com\\\/san-pham\\\/giay-da-bao-ho-lao-dong-thap-co-bestrun-jogger\\\/#primaryimage\"},\"image\":{\"@id\":\"https:\\\/\\\/anhuysafety.com\\\/san-pham\\\/giay-da-bao-ho-lao-dong-thap-co-bestrun-jogger\\\/#primaryimage\"},\"thumbnailUrl\":\"https:\\\/\\\/anhuysafety.com\\\/wp-content\\\/uploads\\\/2022\\\/03\\\/giay-jogger.png\",\"datePublished\":\"2022-03-28T04:24:11+00:00\",\"dateModified\":\"2022-04-11T11:31:19+00:00\",\"description\":\"Gi\u00e0y da b\u1ea3o h\u1ed9 lao \u0111\u1ed9ng th\u1ea5p c\u1ed5 BESTRUN - JOGGER\",\"breadcrumb\":{\"@id\":\"https:\\\/\\\/anhuysafety.com\\\/san-pham\\\/giay-da-bao-ho-lao-dong-thap-co-bestrun-jogger\\\/#breadcrumb\"},\"inLanguage\":\"en-US\",\"potentialAction\":[{\"@type\":\"ReadAction\",\"target\":[\"https:\\\/\\\/anhuysafety.com\\\/san-pham\\\/giay-da-bao-ho-lao-dong-thap-co-bestrun-jogger\\\/\"]}]},{\"@type\":\"ImageObject\",\"inLanguage\":\"en-US\",\"@id\":\"https:\\\/\\\/anhuysafety.com\\\/san-pham\\\/giay-da-bao-ho-lao-dong-thap-co-bestrun-jogger\\\/#primaryimage\",\"url\":\"https:\\\/\\\/anhuysafety.com\\\/wp-content\\\/uploads\\\/2022\\\/03\\\/giay-jogger.png\",\"contentUrl\":\"https:\\\/\\\/anhuysafety.com\\\/wp-content\\\/uploads\\\/2022\\\/03\\\/giay-jogger.png\",\"width\":481,\"height\":334},{\"@type\":\"BreadcrumbList\",\"@id\":\"https:\\\/\\\/anhuysafety.com\\\/san-pham\\\/giay-da-bao-ho-lao-dong-thap-co-bestrun-jogger\\\/#breadcrumb\",\"itemListElement\":[{\"@type\":\"ListItem\",\"position\":1,\"name\":\"Trang ch\u1ee7\",\"item\":\"https:\\\/\\\/anhuysafety.com\\\/\"},{\"@type\":\"ListItem\",\"position\":2,\"name\":\"S\u1ea3n ph\u1ea9m\",\"item\":\"http:\\\/\\\/anhuysafety.com\\\/en\\\/cua-hang\"},{\"@type\":\"ListItem\",\"position\":3,\"name\":\"Gi\u00e0y da b\u1ea3o h\u1ed9 lao \u0111\u1ed9ng th\u1ea5p c\u1ed5 BESTRUN &#8211; JOGGER\"}]},{\"@type\":\"WebSite\",\"@id\":\"https:\\\/\\\/anhuysafety.com\\\/#website\",\"url\":\"https:\\\/\\\/anhuysafety.com\\\/\",\"name\":\"C\u00f4ng Ty TNHH Trang Thi\u1ebft B\u1ecb K\u1ef9 Thu\u1eadt An Huy\",\"description\":\"\",\"publisher\":{\"@id\":\"https:\\\/\\\/anhuysafety.com\\\/#organization\"},\"potentialAction\":[{\"@type\":\"SearchAction\",\"target\":{\"@type\":\"EntryPoint\",\"urlTemplate\":\"https:\\\/\\\/anhuysafety.com\\\/?s={search_term_string}\"},\"query-input\":{\"@type\":\"PropertyValueSpecification\",\"valueRequired\":true,\"valueName\":\"search_term_string\"}}],\"inLanguage\":\"en-US\"},{\"@type\":\"Organization\",\"@id\":\"https:\\\/\\\/anhuysafety.com\\\/#organization\",\"name\":\"C\u00f4ng ty TNHH trang thi\u1ebft b\u1ecb k\u1ef9 thu\u1eadt An Huy\",\"url\":\"https:\\\/\\\/anhuysafety.com\\\/\",\"logo\":{\"@type\":\"ImageObject\",\"inLanguage\":\"en-US\",\"@id\":\"https:\\\/\\\/anhuysafety.com\\\/#\\\/schema\\\/logo\\\/image\\\/\",\"url\":\"https:\\\/\\\/anhuysafety.com\\\/wp-content\\\/uploads\\\/2022\\\/02\\\/cropped-cropped-cropped-LOGO_AN_HUY_SAFETY_chuan-removebg-preview-1.png\",\"contentUrl\":\"https:\\\/\\\/anhuysafety.com\\\/wp-content\\\/uploads\\\/2022\\\/02\\\/cropped-cropped-cropped-LOGO_AN_HUY_SAFETY_chuan-removebg-preview-1.png\",\"width\":357,\"height\":318,\"caption\":\"C\u00f4ng ty TNHH trang thi\u1ebft b\u1ecb k\u1ef9 thu\u1eadt An Huy\"},\"image\":{\"@id\":\"https:\\\/\\\/anhuysafety.com\\\/#\\\/schema\\\/logo\\\/image\\\/\"}}]}<\/script>\n<!-- \/ Yoast SEO plugin. -->","yoast_head_json":{"title":"Gi\u00e0y da b\u1ea3o h\u1ed9 lao \u0111\u1ed9ng th\u1ea5p c\u1ed5 BESTRUN - JOGGER - C\u00f4ng Ty TNHH Trang Thi\u1ebft B\u1ecb K\u1ef9 Thu\u1eadt An Huy","description":"Gi\u00e0y da b\u1ea3o h\u1ed9 lao \u0111\u1ed9ng th\u1ea5p c\u1ed5 BESTRUN - JOGGER","robots":{"index":"index","follow":"follow","max-snippet":"max-snippet:-1","max-image-preview":"max-image-preview:large","max-video-preview":"max-video-preview:-1"},"canonical":"https:\/\/anhuysafety.com\/en\/product\/giay-da-bao-ho-lao-dong-thap-co-bestrun-jogger\/","og_locale":"en_US","og_type":"article","og_title":"Gi\u00e0y da b\u1ea3o h\u1ed9 lao \u0111\u1ed9ng th\u1ea5p c\u1ed5 BESTRUN - JOGGER - C\u00f4ng Ty TNHH Trang Thi\u1ebft B\u1ecb K\u1ef9 Thu\u1eadt An Huy","og_description":"Gi\u00e0y da b\u1ea3o h\u1ed9 lao \u0111\u1ed9ng th\u1ea5p c\u1ed5 BESTRUN - JOGGER","og_url":"https:\/\/anhuysafety.com\/en\/product\/giay-da-bao-ho-lao-dong-thap-co-bestrun-jogger\/","og_site_name":"C\u00f4ng Ty TNHH Trang Thi\u1ebft B\u1ecb K\u1ef9 Thu\u1eadt An Huy","article_modified_time":"2022-04-11T11:31:19+00:00","og_image":[{"width":481,"height":334,"url":"https:\/\/anhuysafety.com\/wp-content\/uploads\/2022\/03\/giay-jogger.png","type":"image\/png"}],"twitter_card":"summary_large_image","twitter_misc":{"Est. reading time":"1 minute"},"schema":{"@context":"https:\/\/schema.org","@graph":[{"@type":"WebPage","@id":"https:\/\/anhuysafety.com\/san-pham\/giay-da-bao-ho-lao-dong-thap-co-bestrun-jogger\/","url":"https:\/\/anhuysafety.com\/san-pham\/giay-da-bao-ho-lao-dong-thap-co-bestrun-jogger\/","name":"Gi\u00e0y da b\u1ea3o h\u1ed9 lao \u0111\u1ed9ng th\u1ea5p c\u1ed5 BESTRUN - JOGGER - C\u00f4ng Ty TNHH Trang Thi\u1ebft B\u1ecb K\u1ef9 Thu\u1eadt An Huy","isPartOf":{"@id":"https:\/\/anhuysafety.com\/#website"},"primaryImageOfPage":{"@id":"https:\/\/anhuysafety.com\/san-pham\/giay-da-bao-ho-lao-dong-thap-co-bestrun-jogger\/#primaryimage"},"image":{"@id":"https:\/\/anhuysafety.com\/san-pham\/giay-da-bao-ho-lao-dong-thap-co-bestrun-jogger\/#primaryimage"},"thumbnailUrl":"https:\/\/anhuysafety.com\/wp-content\/uploads\/2022\/03\/giay-jogger.png","datePublished":"2022-03-28T04:24:11+00:00","dateModified":"2022-04-11T11:31:19+00:00","description":"Gi\u00e0y da b\u1ea3o h\u1ed9 lao \u0111\u1ed9ng th\u1ea5p c\u1ed5 BESTRUN - JOGGER","breadcrumb":{"@id":"https:\/\/anhuysafety.com\/san-pham\/giay-da-bao-ho-lao-dong-thap-co-bestrun-jogger\/#breadcrumb"},"inLanguage":"en-US","potentialAction":[{"@type":"ReadAction","target":["https:\/\/anhuysafety.com\/san-pham\/giay-da-bao-ho-lao-dong-thap-co-bestrun-jogger\/"]}]},{"@type":"ImageObject","inLanguage":"en-US","@id":"https:\/\/anhuysafety.com\/san-pham\/giay-da-bao-ho-lao-dong-thap-co-bestrun-jogger\/#primaryimage","url":"https:\/\/anhuysafety.com\/wp-content\/uploads\/2022\/03\/giay-jogger.png","contentUrl":"https:\/\/anhuysafety.com\/wp-content\/uploads\/2022\/03\/giay-jogger.png","width":481,"height":334},{"@type":"BreadcrumbList","@id":"https:\/\/anhuysafety.com\/san-pham\/giay-da-bao-ho-lao-dong-thap-co-bestrun-jogger\/#breadcrumb","itemListElement":[{"@type":"ListItem","position":1,"name":"Trang ch\u1ee7","item":"https:\/\/anhuysafety.com\/"},{"@type":"ListItem","position":2,"name":"S\u1ea3n ph\u1ea9m","item":"http:\/\/anhuysafety.com\/en\/cua-hang"},{"@type":"ListItem","position":3,"name":"Gi\u00e0y da b\u1ea3o h\u1ed9 lao \u0111\u1ed9ng th\u1ea5p c\u1ed5 BESTRUN &#8211; JOGGER"}]},{"@type":"WebSite","@id":"https:\/\/anhuysafety.com\/#website","url":"https:\/\/anhuysafety.com\/","name":"AN HUY TECHNICAL EQUIPMENT CO., LTD","description":"","publisher":{"@id":"https:\/\/anhuysafety.com\/#organization"},"potentialAction":[{"@type":"SearchAction","target":{"@type":"EntryPoint","urlTemplate":"https:\/\/anhuysafety.com\/?s={search_term_string}"},"query-input":{"@type":"PropertyValueSpecification","valueRequired":true,"valueName":"search_term_string"}}],"inLanguage":"en-US"},{"@type":"Organization","@id":"https:\/\/anhuysafety.com\/#organization","name":"C\u00f4ng ty TNHH trang thi\u1ebft b\u1ecb k\u1ef9 thu\u1eadt An Huy","url":"https:\/\/anhuysafety.com\/","logo":{"@type":"ImageObject","inLanguage":"en-US","@id":"https:\/\/anhuysafety.com\/#\/schema\/logo\/image\/","url":"https:\/\/anhuysafety.com\/wp-content\/uploads\/2022\/02\/cropped-cropped-cropped-LOGO_AN_HUY_SAFETY_chuan-removebg-preview-1.png","contentUrl":"https:\/\/anhuysafety.com\/wp-content\/uploads\/2022\/02\/cropped-cropped-cropped-LOGO_AN_HUY_SAFETY_chuan-removebg-preview-1.png","width":357,"height":318,"caption":"C\u00f4ng ty TNHH trang thi\u1ebft b\u1ecb k\u1ef9 thu\u1eadt An Huy"},"image":{"@id":"https:\/\/anhuysafety.com\/#\/schema\/logo\/image\/"}}]}},"_links":{"self":[{"href":"https:\/\/anhuysafety.com\/en\/wp-json\/wp\/v2\/product\/3400","targetHints":{"allow":["GET"]}}],"collection":[{"href":"https:\/\/anhuysafety.com\/en\/wp-json\/wp\/v2\/product"}],"about":[{"href":"https:\/\/anhuysafety.com\/en\/wp-json\/wp\/v2\/types\/product"}],"version-history":[{"count":3,"href":"https:\/\/anhuysafety.com\/en\/wp-json\/wp\/v2\/product\/3400\/revisions"}],"predecessor-version":[{"id":3620,"href":"https:\/\/anhuysafety.com\/en\/wp-json\/wp\/v2\/product\/3400\/revisions\/3620"}],"wp:featuredmedia":[{"embeddable":true,"href":"https:\/\/anhuysafety.com\/en\/wp-json\/wp\/v2\/media\/3401"}],"wp:attachment":[{"href":"https:\/\/anhuysafety.com\/en\/wp-json\/wp\/v2\/media?parent=3400"}],"wp:term":[{"taxonomy":"product_brand","embeddable":true,"href":"https:\/\/anhuysafety.com\/en\/wp-json\/wp\/v2\/product_brand?post=3400"},{"taxonomy":"product_cat","embeddable":true,"href":"https:\/\/anhuysafety.com\/en\/wp-json\/wp\/v2\/product_cat?post=3400"},{"taxonomy":"product_tag","embeddable":true,"href":"https:\/\/anhuysafety.com\/en\/wp-json\/wp\/v2\/product_tag?post=3400"}],"curies":[{"name":"wp","href":"https:\/\/api.w.org\/{rel}","templated":true}]}}