{"id":3403,"date":"2022-03-28T11:53:40","date_gmt":"2022-03-28T04:53:40","guid":{"rendered":"https:\/\/anhuysafety.com\/?post_type=product&#038;p=3403"},"modified":"2022-04-11T08:57:33","modified_gmt":"2022-04-11T01:57:33","slug":"giay-bao-ho-cach-dien-hans-hs-304nr","status":"publish","type":"product","link":"https:\/\/anhuysafety.com\/en\/product\/giay-bao-ho-cach-dien-hans-hs-304nr\/","title":{"rendered":"Gi\u00e0y b\u1ea3o h\u1ed9 c\u00e1ch \u0111i\u1ec7n HANS HS-304NR"},"content":{"rendered":"<p><strong>T\u00cdNH N\u0102NG<\/strong><\/p>\n<ul>\n<li>M\u0169i th\u00e9p ch\u1ed1ng d\u1eadp ng\u00f3n.<\/li>\n<li>L\u00f3t ch\u1ed1ng \u0111inh Kevlar &#8211; m\u1ed9t v\u1eadt li\u1ec7u do h\u00e3ng Dupont ph\u00e1t minh. Kevlar l\u00e0 m\u1ed9t lo\u1ea1i s\u1ee3i c\u00f3 nhi\u1ec1u \u01b0u \u0111i\u1ec3m nh\u01b0 ch\u1ed1ng c\u1eaft, ch\u1ed1ng \u0111\u00e2m xuy\u00ean, ch\u1ecbu nhi\u1ec7t&#8230; tr\u1ecdng l\u01b0\u1ee3ng nh\u1eb9.<\/li>\n<li>\u0110\u1ebf gi\u00e0y 2 l\u1edbp (PU \/ cao su) k\u1ebft h\u1ee3p c\u00e1c ch\u1ee9c n\u0103ng gi\u1ea3m x\u00f3c + ch\u1ed1ng tr\u01b0\u1ee3t + ch\u1ed1ng hao m\u00f2n+ c\u00e1ch \u0111i\u1ec7n.<\/li>\n<li>L\u00f3t gi\u00e0y b\u1eb1ng PU c\u00f3 \u0111\u1ed9 b\u1ec1n cao, \u00eam \u00e1i. L\u00f3t gi\u00e0y PU tr\u1ed9i h\u01a1n l\u00f3t EVA \u1edf \u0111\u1ed9 b\u1ec1n v\u00e0 kh\u1ea3 n\u0103ng gi\u1ea3m x\u00f3c.<\/li>\n<li>Tr\u1ecdng l\u01b0\u1ee3ng gi\u00e0y nh\u1eb9.<\/li>\n<\/ul>\n<p><strong>* \u0110\u00e3 \u0111\u01b0\u1ee3c test c\u00e1ch \u0111i\u1ec7n v\u1edbi hi\u1ec7u \u0111i\u1ec7n th\u1ebf 14,000 V (14 KV)<\/strong><\/p>\n<p>* Gi\u00e0y c\u00e1ch \u0111i\u1ec7n \u0111\u01b0\u1ee3c khuy\u1ebfn c\u00e1o s\u1eed d\u1ee5ng \u1edf m\u00f4i tr\u01b0\u1eddng kh\u00f4.<\/p>\n<p><strong>CHI TI\u1ebeT S\u1ea2N PH\u1ea8M<\/strong><\/p>\n<ul>\n<li>Model: HS-304NR<\/li>\n<li>M\u0169i gi\u00e0y: th\u00e9p<\/li>\n<li>L\u00f3t ch\u1ed1ng \u0111inh: Kevlar ( n\u00ean tr\u1ecdng l\u01b0\u1ee3ng nh\u1eb9)<\/li>\n<li>\u0110\u1ebf gi\u00e0y:\u00a0PU\u00a0\/ Cao su (2 l\u1edbp)<\/li>\n<li>L\u00f3t m\u1eb7t trong: mesh<\/li>\n<li>Th\u00e2n gi\u00e0y: da<\/li>\n<li>L\u00f3t gi\u00e0y: PU<\/li>\n<li>Size: 230 &#8211; 300 mm<\/li>\n<li>Ti\u00eau chu\u1ea9n:\u00a0KCs\u00a0(H\u00e0n Qu\u1ed1c)<\/li>\n<li>Xu\u1ea5t x\u1ee9: Vi\u1ec7t Nam<\/li>\n<li>Th\u01b0\u01a1ng hi\u1ec7u: HANS (H\u00e0n Qu\u1ed1c)<\/li>\n<\/ul>","protected":false},"excerpt":{"rendered":"<p>T\u00cdNH N\u0102NG M\u0169i th\u00e9p ch\u1ed1ng d\u1eadp ng\u00f3n. L\u00f3t ch\u1ed1ng \u0111inh Kevlar &#8211; m\u1ed9t v\u1eadt li\u1ec7u do h\u00e3ng Dupont ph\u00e1t minh. Kevlar l\u00e0 m\u1ed9t lo\u1ea1i s\u1ee3i c\u00f3 nhi\u1ec1u \u01b0u \u0111i\u1ec3m nh\u01b0 ch\u1ed1ng c\u1eaft, ch\u1ed1ng \u0111\u00e2m xuy\u00ean, ch\u1ecbu nhi\u1ec7t&#8230; tr\u1ecdng l\u01b0\u1ee3ng nh\u1eb9. \u0110\u1ebf gi\u00e0y 2 l\u1edbp (PU \/ cao su) k\u1ebft h\u1ee3p c\u00e1c ch\u1ee9c n\u0103ng gi\u1ea3m x\u00f3c [&hellip;]<\/p>\n","protected":false},"featured_media":3404,"template":"","meta":{"site-sidebar-layout":"default","site-content-layout":"default","ast-site-content-layout":"default","site-content-style":"default","site-sidebar-style":"default","ast-global-header-display":"","ast-banner-title-visibility":"","ast-main-header-display":"","ast-hfb-above-header-display":"","ast-hfb-below-header-display":"","ast-hfb-mobile-header-display":"","site-post-title":"","ast-breadcrumbs-content":"","ast-featured-img":"","footer-sml-layout":"","ast-disable-related-posts":"","theme-transparent-header-meta":"","adv-header-id-meta":"","stick-header-meta":"","header-above-stick-meta":"","header-main-stick-meta":"","header-below-stick-meta":"","astra-migrate-meta-layouts":"default","ast-page-background-enabled":"default","ast-page-background-meta":{"desktop":{"background-color":"","background-image":"","background-repeat":"repeat","background-position":"center center","background-size":"auto","background-attachment":"scroll","background-type":"","background-media":"","overlay-type":"","overlay-color":"","overlay-opacity":"","overlay-gradient":""},"tablet":{"background-color":"","background-image":"","background-repeat":"repeat","background-position":"center center","background-size":"auto","background-attachment":"scroll","background-type":"","background-media":"","overlay-type":"","overlay-color":"","overlay-opacity":"","overlay-gradient":""},"mobile":{"background-color":"","background-image":"","background-repeat":"repeat","background-position":"center center","background-size":"auto","background-attachment":"scroll","background-type":"","background-media":"","overlay-type":"","overlay-color":"","overlay-opacity":"","overlay-gradient":""}},"ast-content-background-meta":{"desktop":{"background-color":"var(--ast-global-color-5)","background-image":"","background-repeat":"repeat","background-position":"center center","background-size":"auto","background-attachment":"scroll","background-type":"","background-media":"","overlay-type":"","overlay-color":"","overlay-opacity":"","overlay-gradient":""},"tablet":{"background-color":"var(--ast-global-color-5)","background-image":"","background-repeat":"repeat","background-position":"center center","background-size":"auto","background-attachment":"scroll","background-type":"","background-media":"","overlay-type":"","overlay-color":"","overlay-opacity":"","overlay-gradient":""},"mobile":{"background-color":"var(--ast-global-color-5)","background-image":"","background-repeat":"repeat","background-position":"center center","background-size":"auto","background-attachment":"scroll","background-type":"","background-media":"","overlay-type":"","overlay-color":"","overlay-opacity":"","overlay-gradient":""}}},"product_brand":[],"product_cat":[143,67,84],"product_tag":[],"class_list":{"0":"post-3403","1":"product","2":"type-product","3":"status-publish","4":"has-post-thumbnail","6":"product_cat-giay-da-hans-han-quoc","7":"product_cat-bao-ve-ca-nhan","8":"product_cat-bao-ve-chan","9":"desktop-align-left","10":"tablet-align-left","11":"mobile-align-left","13":"first","14":"instock","15":"shipping-taxable","16":"product-type-simple"},"yoast_head":"<!-- This site is optimized with the Yoast SEO plugin v27.3 - https:\/\/yoast.com\/product\/yoast-seo-wordpress\/ -->\n<title>Gi\u00e0y b\u1ea3o h\u1ed9 c\u00e1ch \u0111i\u1ec7n HANS HS-304NR - C\u00f4ng Ty TNHH Trang Thi\u1ebft B\u1ecb K\u1ef9 Thu\u1eadt An Huy<\/title>\n<meta name=\"description\" content=\"Gi\u00e0y b\u1ea3o h\u1ed9 c\u00e1ch \u0111i\u1ec7n HANS HS-304NR\" \/>\n<meta name=\"robots\" content=\"index, follow, max-snippet:-1, max-image-preview:large, max-video-preview:-1\" \/>\n<link rel=\"canonical\" href=\"https:\/\/anhuysafety.com\/en\/product\/giay-bao-ho-cach-dien-hans-hs-304nr\/\" \/>\n<meta property=\"og:locale\" content=\"en_US\" \/>\n<meta property=\"og:type\" content=\"article\" \/>\n<meta property=\"og:title\" content=\"Gi\u00e0y b\u1ea3o h\u1ed9 c\u00e1ch \u0111i\u1ec7n HANS HS-304NR - C\u00f4ng Ty TNHH Trang Thi\u1ebft B\u1ecb K\u1ef9 Thu\u1eadt An Huy\" \/>\n<meta property=\"og:description\" content=\"Gi\u00e0y b\u1ea3o h\u1ed9 c\u00e1ch \u0111i\u1ec7n HANS HS-304NR\" \/>\n<meta property=\"og:url\" content=\"https:\/\/anhuysafety.com\/en\/product\/giay-bao-ho-cach-dien-hans-hs-304nr\/\" \/>\n<meta property=\"og:site_name\" content=\"C\u00f4ng Ty TNHH Trang Thi\u1ebft B\u1ecb K\u1ef9 Thu\u1eadt An Huy\" \/>\n<meta property=\"article:modified_time\" content=\"2022-04-11T01:57:33+00:00\" \/>\n<meta property=\"og:image\" content=\"https:\/\/anhuysafety.com\/wp-content\/uploads\/2022\/03\/giay-cach-dien.png\" \/>\n\t<meta property=\"og:image:width\" content=\"587\" \/>\n\t<meta property=\"og:image:height\" content=\"590\" \/>\n\t<meta property=\"og:image:type\" content=\"image\/png\" \/>\n<meta name=\"twitter:card\" content=\"summary_large_image\" \/>\n<meta name=\"twitter:label1\" content=\"Est. reading time\" \/>\n\t<meta name=\"twitter:data1\" content=\"1 minute\" \/>\n<script type=\"application\/ld+json\" class=\"yoast-schema-graph\">{\"@context\":\"https:\\\/\\\/schema.org\",\"@graph\":[{\"@type\":\"WebPage\",\"@id\":\"https:\\\/\\\/anhuysafety.com\\\/en\\\/product\\\/giay-bao-ho-cach-dien-hans-hs-304nr\\\/\",\"url\":\"https:\\\/\\\/anhuysafety.com\\\/en\\\/product\\\/giay-bao-ho-cach-dien-hans-hs-304nr\\\/\",\"name\":\"Gi\u00e0y b\u1ea3o h\u1ed9 c\u00e1ch \u0111i\u1ec7n HANS HS-304NR - C\u00f4ng Ty TNHH Trang Thi\u1ebft B\u1ecb K\u1ef9 Thu\u1eadt An Huy\",\"isPartOf\":{\"@id\":\"https:\\\/\\\/anhuysafety.com\\\/#website\"},\"primaryImageOfPage\":{\"@id\":\"https:\\\/\\\/anhuysafety.com\\\/en\\\/product\\\/giay-bao-ho-cach-dien-hans-hs-304nr\\\/#primaryimage\"},\"image\":{\"@id\":\"https:\\\/\\\/anhuysafety.com\\\/en\\\/product\\\/giay-bao-ho-cach-dien-hans-hs-304nr\\\/#primaryimage\"},\"thumbnailUrl\":\"https:\\\/\\\/anhuysafety.com\\\/wp-content\\\/uploads\\\/2022\\\/03\\\/giay-cach-dien.png\",\"datePublished\":\"2022-03-28T04:53:40+00:00\",\"dateModified\":\"2022-04-11T01:57:33+00:00\",\"description\":\"Gi\u00e0y b\u1ea3o h\u1ed9 c\u00e1ch \u0111i\u1ec7n HANS HS-304NR\",\"breadcrumb\":{\"@id\":\"https:\\\/\\\/anhuysafety.com\\\/en\\\/product\\\/giay-bao-ho-cach-dien-hans-hs-304nr\\\/#breadcrumb\"},\"inLanguage\":\"en-US\",\"potentialAction\":[{\"@type\":\"ReadAction\",\"target\":[\"https:\\\/\\\/anhuysafety.com\\\/en\\\/product\\\/giay-bao-ho-cach-dien-hans-hs-304nr\\\/\"]}]},{\"@type\":\"ImageObject\",\"inLanguage\":\"en-US\",\"@id\":\"https:\\\/\\\/anhuysafety.com\\\/en\\\/product\\\/giay-bao-ho-cach-dien-hans-hs-304nr\\\/#primaryimage\",\"url\":\"https:\\\/\\\/anhuysafety.com\\\/wp-content\\\/uploads\\\/2022\\\/03\\\/giay-cach-dien.png\",\"contentUrl\":\"https:\\\/\\\/anhuysafety.com\\\/wp-content\\\/uploads\\\/2022\\\/03\\\/giay-cach-dien.png\",\"width\":587,\"height\":590,\"caption\":\"Gi\u00e0y c\u00e1ch \u0111i\u1ec7n\"},{\"@type\":\"BreadcrumbList\",\"@id\":\"https:\\\/\\\/anhuysafety.com\\\/en\\\/product\\\/giay-bao-ho-cach-dien-hans-hs-304nr\\\/#breadcrumb\",\"itemListElement\":[{\"@type\":\"ListItem\",\"position\":1,\"name\":\"Trang ch\u1ee7\",\"item\":\"https:\\\/\\\/anhuysafety.com\\\/\"},{\"@type\":\"ListItem\",\"position\":2,\"name\":\"S\u1ea3n ph\u1ea9m\",\"item\":\"http:\\\/\\\/anhuysafety.com\\\/en\\\/cua-hang\"},{\"@type\":\"ListItem\",\"position\":3,\"name\":\"Gi\u00e0y b\u1ea3o h\u1ed9 c\u00e1ch \u0111i\u1ec7n HANS HS-304NR\"}]},{\"@type\":\"WebSite\",\"@id\":\"https:\\\/\\\/anhuysafety.com\\\/#website\",\"url\":\"https:\\\/\\\/anhuysafety.com\\\/\",\"name\":\"C\u00f4ng Ty TNHH Trang Thi\u1ebft B\u1ecb K\u1ef9 Thu\u1eadt An Huy\",\"description\":\"\",\"publisher\":{\"@id\":\"https:\\\/\\\/anhuysafety.com\\\/#organization\"},\"potentialAction\":[{\"@type\":\"SearchAction\",\"target\":{\"@type\":\"EntryPoint\",\"urlTemplate\":\"https:\\\/\\\/anhuysafety.com\\\/?s={search_term_string}\"},\"query-input\":{\"@type\":\"PropertyValueSpecification\",\"valueRequired\":true,\"valueName\":\"search_term_string\"}}],\"inLanguage\":\"en-US\"},{\"@type\":\"Organization\",\"@id\":\"https:\\\/\\\/anhuysafety.com\\\/#organization\",\"name\":\"C\u00f4ng ty TNHH trang thi\u1ebft b\u1ecb k\u1ef9 thu\u1eadt An Huy\",\"url\":\"https:\\\/\\\/anhuysafety.com\\\/\",\"logo\":{\"@type\":\"ImageObject\",\"inLanguage\":\"en-US\",\"@id\":\"https:\\\/\\\/anhuysafety.com\\\/#\\\/schema\\\/logo\\\/image\\\/\",\"url\":\"https:\\\/\\\/anhuysafety.com\\\/wp-content\\\/uploads\\\/2022\\\/02\\\/cropped-cropped-cropped-LOGO_AN_HUY_SAFETY_chuan-removebg-preview-1.png\",\"contentUrl\":\"https:\\\/\\\/anhuysafety.com\\\/wp-content\\\/uploads\\\/2022\\\/02\\\/cropped-cropped-cropped-LOGO_AN_HUY_SAFETY_chuan-removebg-preview-1.png\",\"width\":357,\"height\":318,\"caption\":\"C\u00f4ng ty TNHH trang thi\u1ebft b\u1ecb k\u1ef9 thu\u1eadt An Huy\"},\"image\":{\"@id\":\"https:\\\/\\\/anhuysafety.com\\\/#\\\/schema\\\/logo\\\/image\\\/\"}}]}<\/script>\n<!-- \/ Yoast SEO plugin. -->","yoast_head_json":{"title":"Gi\u00e0y b\u1ea3o h\u1ed9 c\u00e1ch \u0111i\u1ec7n HANS HS-304NR - C\u00f4ng Ty TNHH Trang Thi\u1ebft B\u1ecb K\u1ef9 Thu\u1eadt An Huy","description":"Gi\u00e0y b\u1ea3o h\u1ed9 c\u00e1ch \u0111i\u1ec7n HANS HS-304NR","robots":{"index":"index","follow":"follow","max-snippet":"max-snippet:-1","max-image-preview":"max-image-preview:large","max-video-preview":"max-video-preview:-1"},"canonical":"https:\/\/anhuysafety.com\/en\/product\/giay-bao-ho-cach-dien-hans-hs-304nr\/","og_locale":"en_US","og_type":"article","og_title":"Gi\u00e0y b\u1ea3o h\u1ed9 c\u00e1ch \u0111i\u1ec7n HANS HS-304NR - C\u00f4ng Ty TNHH Trang Thi\u1ebft B\u1ecb K\u1ef9 Thu\u1eadt An Huy","og_description":"Gi\u00e0y b\u1ea3o h\u1ed9 c\u00e1ch \u0111i\u1ec7n HANS HS-304NR","og_url":"https:\/\/anhuysafety.com\/en\/product\/giay-bao-ho-cach-dien-hans-hs-304nr\/","og_site_name":"C\u00f4ng Ty TNHH Trang Thi\u1ebft B\u1ecb K\u1ef9 Thu\u1eadt An Huy","article_modified_time":"2022-04-11T01:57:33+00:00","og_image":[{"width":587,"height":590,"url":"https:\/\/anhuysafety.com\/wp-content\/uploads\/2022\/03\/giay-cach-dien.png","type":"image\/png"}],"twitter_card":"summary_large_image","twitter_misc":{"Est. reading time":"1 minute"},"schema":{"@context":"https:\/\/schema.org","@graph":[{"@type":"WebPage","@id":"https:\/\/anhuysafety.com\/en\/product\/giay-bao-ho-cach-dien-hans-hs-304nr\/","url":"https:\/\/anhuysafety.com\/en\/product\/giay-bao-ho-cach-dien-hans-hs-304nr\/","name":"Gi\u00e0y b\u1ea3o h\u1ed9 c\u00e1ch \u0111i\u1ec7n HANS HS-304NR - C\u00f4ng Ty TNHH Trang Thi\u1ebft B\u1ecb K\u1ef9 Thu\u1eadt An Huy","isPartOf":{"@id":"https:\/\/anhuysafety.com\/#website"},"primaryImageOfPage":{"@id":"https:\/\/anhuysafety.com\/en\/product\/giay-bao-ho-cach-dien-hans-hs-304nr\/#primaryimage"},"image":{"@id":"https:\/\/anhuysafety.com\/en\/product\/giay-bao-ho-cach-dien-hans-hs-304nr\/#primaryimage"},"thumbnailUrl":"https:\/\/anhuysafety.com\/wp-content\/uploads\/2022\/03\/giay-cach-dien.png","datePublished":"2022-03-28T04:53:40+00:00","dateModified":"2022-04-11T01:57:33+00:00","description":"Gi\u00e0y b\u1ea3o h\u1ed9 c\u00e1ch \u0111i\u1ec7n HANS HS-304NR","breadcrumb":{"@id":"https:\/\/anhuysafety.com\/en\/product\/giay-bao-ho-cach-dien-hans-hs-304nr\/#breadcrumb"},"inLanguage":"en-US","potentialAction":[{"@type":"ReadAction","target":["https:\/\/anhuysafety.com\/en\/product\/giay-bao-ho-cach-dien-hans-hs-304nr\/"]}]},{"@type":"ImageObject","inLanguage":"en-US","@id":"https:\/\/anhuysafety.com\/en\/product\/giay-bao-ho-cach-dien-hans-hs-304nr\/#primaryimage","url":"https:\/\/anhuysafety.com\/wp-content\/uploads\/2022\/03\/giay-cach-dien.png","contentUrl":"https:\/\/anhuysafety.com\/wp-content\/uploads\/2022\/03\/giay-cach-dien.png","width":587,"height":590,"caption":"Gi\u00e0y c\u00e1ch \u0111i\u1ec7n"},{"@type":"BreadcrumbList","@id":"https:\/\/anhuysafety.com\/en\/product\/giay-bao-ho-cach-dien-hans-hs-304nr\/#breadcrumb","itemListElement":[{"@type":"ListItem","position":1,"name":"Trang ch\u1ee7","item":"https:\/\/anhuysafety.com\/"},{"@type":"ListItem","position":2,"name":"S\u1ea3n ph\u1ea9m","item":"http:\/\/anhuysafety.com\/en\/cua-hang"},{"@type":"ListItem","position":3,"name":"Gi\u00e0y b\u1ea3o h\u1ed9 c\u00e1ch \u0111i\u1ec7n HANS HS-304NR"}]},{"@type":"WebSite","@id":"https:\/\/anhuysafety.com\/#website","url":"https:\/\/anhuysafety.com\/","name":"AN HUY TECHNICAL EQUIPMENT CO., LTD","description":"","publisher":{"@id":"https:\/\/anhuysafety.com\/#organization"},"potentialAction":[{"@type":"SearchAction","target":{"@type":"EntryPoint","urlTemplate":"https:\/\/anhuysafety.com\/?s={search_term_string}"},"query-input":{"@type":"PropertyValueSpecification","valueRequired":true,"valueName":"search_term_string"}}],"inLanguage":"en-US"},{"@type":"Organization","@id":"https:\/\/anhuysafety.com\/#organization","name":"C\u00f4ng ty TNHH trang thi\u1ebft b\u1ecb k\u1ef9 thu\u1eadt An Huy","url":"https:\/\/anhuysafety.com\/","logo":{"@type":"ImageObject","inLanguage":"en-US","@id":"https:\/\/anhuysafety.com\/#\/schema\/logo\/image\/","url":"https:\/\/anhuysafety.com\/wp-content\/uploads\/2022\/02\/cropped-cropped-cropped-LOGO_AN_HUY_SAFETY_chuan-removebg-preview-1.png","contentUrl":"https:\/\/anhuysafety.com\/wp-content\/uploads\/2022\/02\/cropped-cropped-cropped-LOGO_AN_HUY_SAFETY_chuan-removebg-preview-1.png","width":357,"height":318,"caption":"C\u00f4ng ty TNHH trang thi\u1ebft b\u1ecb k\u1ef9 thu\u1eadt An Huy"},"image":{"@id":"https:\/\/anhuysafety.com\/#\/schema\/logo\/image\/"}}]}},"_links":{"self":[{"href":"https:\/\/anhuysafety.com\/en\/wp-json\/wp\/v2\/product\/3403","targetHints":{"allow":["GET"]}}],"collection":[{"href":"https:\/\/anhuysafety.com\/en\/wp-json\/wp\/v2\/product"}],"about":[{"href":"https:\/\/anhuysafety.com\/en\/wp-json\/wp\/v2\/types\/product"}],"version-history":[{"count":1,"href":"https:\/\/anhuysafety.com\/en\/wp-json\/wp\/v2\/product\/3403\/revisions"}],"predecessor-version":[{"id":3405,"href":"https:\/\/anhuysafety.com\/en\/wp-json\/wp\/v2\/product\/3403\/revisions\/3405"}],"wp:featuredmedia":[{"embeddable":true,"href":"https:\/\/anhuysafety.com\/en\/wp-json\/wp\/v2\/media\/3404"}],"wp:attachment":[{"href":"https:\/\/anhuysafety.com\/en\/wp-json\/wp\/v2\/media?parent=3403"}],"wp:term":[{"taxonomy":"product_brand","embeddable":true,"href":"https:\/\/anhuysafety.com\/en\/wp-json\/wp\/v2\/product_brand?post=3403"},{"taxonomy":"product_cat","embeddable":true,"href":"https:\/\/anhuysafety.com\/en\/wp-json\/wp\/v2\/product_cat?post=3403"},{"taxonomy":"product_tag","embeddable":true,"href":"https:\/\/anhuysafety.com\/en\/wp-json\/wp\/v2\/product_tag?post=3403"}],"curies":[{"name":"wp","href":"https:\/\/api.w.org\/{rel}","templated":true}]}}