{"id":3434,"date":"2022-04-11T09:50:24","date_gmt":"2022-04-11T02:50:24","guid":{"rendered":"https:\/\/anhuysafety.com\/?post_type=product&#038;p=3434"},"modified":"2022-04-12T08:34:59","modified_gmt":"2022-04-12T01:34:59","slug":"non-nhua-abs-num-van-nn220","status":"publish","type":"product","link":"https:\/\/anhuysafety.com\/en\/product\/non-nhua-abs-num-van-nn220\/","title":{"rendered":"N\u00f3n nh\u1ef1a ABS n\u00fam v\u1eb7n NN220"},"content":{"rendered":"<p><strong>M\u00c3 S\u1ed0: NN220<\/strong><\/p>\n<p>V\u1eadt li\u1ec7u ch\u1ebf t\u1ea1o:\u00a0 Nh\u1ef1a ABS, c\u00f3 kh\u1ea3 n\u0103ng c\u00e1ch \u0111i\u1ec7n v\u00e0 \u0111\u1ed9 ch\u1ed1ng va \u0111\u1eadp cao.<\/p>\n<p>\u0110i\u1ec1u ch\u1ec9nh cho v\u1eeba v\u1eb7n \u0111\u1ea7u b\u1eb1ng n\u00fam v\u1eb7n, gi\u00fap thao t\u00e1c nhanh, d\u1ec5 d\u00e0ng khi s\u1eed d\u1ee5ng.<\/p>\n<p>Ph\u00eda gi\u00e1p \u0111\u1ec9nh \u0111\u1ea7u c\u00f3 mi\u1ebfng l\u00f3t m\u00e0u v\u00e0ng<\/p>\n<p>C\u00f3 mi\u1ebfng v\u1ea3i \u00a0\u0111\u1ec7m ph\u00eda tr\u00e1n gi\u00fap h\u00fat m\u1ed3 h\u00f4i v\u00e0 t\u1ea1o s\u1ef1 tho\u1ea3i m\u00e1i<\/p>\n<p>H\u1ec7 th\u1ed1ng gi\u1ea3m x\u00f3c g\u1ed3m 6 b\u0103ng v\u1ea3i d\u1ec7t.<\/p>\n<p>Ti\u00eau chu\u1ea9n: TCVN 2603:1987 v\u00e0 TCVN 6407:1998<\/p>\n<p>C\u00f3 3 m\u00e0u: tr\u1eafng, v\u00e0ng, cam<\/p>\n<p>Xu\u1ea5t x\u1ee9 : Th\u00f9y D\u01b0\u01a1ng<\/p>","protected":false},"excerpt":{"rendered":"<p>M\u00c3 S\u1ed0: NN220 V\u1eadt li\u1ec7u ch\u1ebf t\u1ea1o:\u00a0 Nh\u1ef1a ABS, c\u00f3 kh\u1ea3 n\u0103ng c\u00e1ch \u0111i\u1ec7n v\u00e0 \u0111\u1ed9 ch\u1ed1ng va \u0111\u1eadp cao. \u0110i\u1ec1u ch\u1ec9nh cho v\u1eeba v\u1eb7n \u0111\u1ea7u b\u1eb1ng n\u00fam v\u1eb7n, gi\u00fap thao t\u00e1c nhanh, d\u1ec5 d\u00e0ng khi s\u1eed d\u1ee5ng. Ph\u00eda gi\u00e1p \u0111\u1ec9nh \u0111\u1ea7u c\u00f3 mi\u1ebfng l\u00f3t m\u00e0u v\u00e0ng C\u00f3 mi\u1ebfng v\u1ea3i \u00a0\u0111\u1ec7m ph\u00eda tr\u00e1n gi\u00fap h\u00fat [&hellip;]<\/p>\n","protected":false},"featured_media":3435,"template":"","meta":{"site-sidebar-layout":"default","site-content-layout":"default","ast-site-content-layout":"default","site-content-style":"default","site-sidebar-style":"default","ast-global-header-display":"","ast-banner-title-visibility":"","ast-main-header-display":"","ast-hfb-above-header-display":"","ast-hfb-below-header-display":"","ast-hfb-mobile-header-display":"","site-post-title":"","ast-breadcrumbs-content":"","ast-featured-img":"","footer-sml-layout":"","ast-disable-related-posts":"","theme-transparent-header-meta":"","adv-header-id-meta":"","stick-header-meta":"","header-above-stick-meta":"","header-main-stick-meta":"","header-below-stick-meta":"","astra-migrate-meta-layouts":"default","ast-page-background-enabled":"default","ast-page-background-meta":{"desktop":{"background-color":"","background-image":"","background-repeat":"repeat","background-position":"center center","background-size":"auto","background-attachment":"scroll","background-type":"","background-media":"","overlay-type":"","overlay-color":"","overlay-opacity":"","overlay-gradient":""},"tablet":{"background-color":"","background-image":"","background-repeat":"repeat","background-position":"center center","background-size":"auto","background-attachment":"scroll","background-type":"","background-media":"","overlay-type":"","overlay-color":"","overlay-opacity":"","overlay-gradient":""},"mobile":{"background-color":"","background-image":"","background-repeat":"repeat","background-position":"center center","background-size":"auto","background-attachment":"scroll","background-type":"","background-media":"","overlay-type":"","overlay-color":"","overlay-opacity":"","overlay-gradient":""}},"ast-content-background-meta":{"desktop":{"background-color":"var(--ast-global-color-5)","background-image":"","background-repeat":"repeat","background-position":"center center","background-size":"auto","background-attachment":"scroll","background-type":"","background-media":"","overlay-type":"","overlay-color":"","overlay-opacity":"","overlay-gradient":""},"tablet":{"background-color":"var(--ast-global-color-5)","background-image":"","background-repeat":"repeat","background-position":"center center","background-size":"auto","background-attachment":"scroll","background-type":"","background-media":"","overlay-type":"","overlay-color":"","overlay-opacity":"","overlay-gradient":""},"mobile":{"background-color":"var(--ast-global-color-5)","background-image":"","background-repeat":"repeat","background-position":"center center","background-size":"auto","background-attachment":"scroll","background-type":"","background-media":"","overlay-type":"","overlay-color":"","overlay-opacity":"","overlay-gradient":""}}},"product_brand":[],"product_cat":[115,67,69],"product_tag":[],"class_list":{"0":"post-3434","1":"product","2":"type-product","3":"status-publish","4":"has-post-thumbnail","6":"product_cat-non-bao-ho-viet-nam","7":"product_cat-bao-ve-ca-nhan","8":"product_cat-bao-ve-dau","9":"desktop-align-left","10":"tablet-align-left","11":"mobile-align-left","13":"first","14":"instock","15":"shipping-taxable","16":"product-type-simple"},"yoast_head":"<!-- This site is optimized with the Yoast SEO plugin v27.4 - https:\/\/yoast.com\/product\/yoast-seo-wordpress\/ -->\n<title>N\u00f3n nh\u1ef1a ABS n\u00fam v\u1eb7n NN220 - C\u00f4ng Ty TNHH Trang Thi\u1ebft B\u1ecb K\u1ef9 Thu\u1eadt An Huy<\/title>\n<meta name=\"description\" content=\"N\u00f3n nh\u1ef1a ABS n\u00fam v\u1eb7n NN220\" \/>\n<meta name=\"robots\" content=\"index, follow, max-snippet:-1, max-image-preview:large, max-video-preview:-1\" \/>\n<link rel=\"canonical\" href=\"http:\/\/anhuysafety.com\/en\/product\/non-nhua-abs-num-van-nn220\/\" \/>\n<meta property=\"og:locale\" content=\"en_US\" \/>\n<meta property=\"og:type\" content=\"article\" \/>\n<meta property=\"og:title\" content=\"N\u00f3n nh\u1ef1a ABS n\u00fam v\u1eb7n NN220 - C\u00f4ng Ty TNHH Trang Thi\u1ebft B\u1ecb K\u1ef9 Thu\u1eadt An Huy\" \/>\n<meta property=\"og:description\" content=\"N\u00f3n nh\u1ef1a ABS n\u00fam v\u1eb7n NN220\" \/>\n<meta property=\"og:url\" content=\"http:\/\/anhuysafety.com\/en\/product\/non-nhua-abs-num-van-nn220\/\" \/>\n<meta property=\"og:site_name\" content=\"C\u00f4ng Ty TNHH Trang Thi\u1ebft B\u1ecb K\u1ef9 Thu\u1eadt An Huy\" \/>\n<meta property=\"article:modified_time\" content=\"2022-04-12T01:34:59+00:00\" \/>\n<meta property=\"og:image\" content=\"https:\/\/anhuysafety.com\/wp-content\/uploads\/2022\/04\/non-nhua-1.gif\" \/>\n\t<meta property=\"og:image:width\" content=\"750\" \/>\n\t<meta property=\"og:image:height\" content=\"564\" \/>\n\t<meta property=\"og:image:type\" content=\"image\/gif\" \/>\n<meta name=\"twitter:card\" content=\"summary_large_image\" \/>\n<meta name=\"twitter:label1\" content=\"Est. reading time\" \/>\n\t<meta name=\"twitter:data1\" content=\"1 minute\" \/>\n<script type=\"application\/ld+json\" class=\"yoast-schema-graph\">{\"@context\":\"https:\\\/\\\/schema.org\",\"@graph\":[{\"@type\":\"WebPage\",\"@id\":\"http:\\\/\\\/anhuysafety.com\\\/en\\\/product\\\/non-nhua-abs-num-van-nn220\\\/\",\"url\":\"http:\\\/\\\/anhuysafety.com\\\/en\\\/product\\\/non-nhua-abs-num-van-nn220\\\/\",\"name\":\"N\u00f3n nh\u1ef1a ABS n\u00fam v\u1eb7n NN220 - C\u00f4ng Ty TNHH Trang Thi\u1ebft B\u1ecb K\u1ef9 Thu\u1eadt An Huy\",\"isPartOf\":{\"@id\":\"https:\\\/\\\/anhuysafety.com\\\/#website\"},\"primaryImageOfPage\":{\"@id\":\"http:\\\/\\\/anhuysafety.com\\\/en\\\/product\\\/non-nhua-abs-num-van-nn220\\\/#primaryimage\"},\"image\":{\"@id\":\"http:\\\/\\\/anhuysafety.com\\\/en\\\/product\\\/non-nhua-abs-num-van-nn220\\\/#primaryimage\"},\"thumbnailUrl\":\"https:\\\/\\\/anhuysafety.com\\\/wp-content\\\/uploads\\\/2022\\\/04\\\/non-nhua-1.gif\",\"datePublished\":\"2022-04-11T02:50:24+00:00\",\"dateModified\":\"2022-04-12T01:34:59+00:00\",\"description\":\"N\u00f3n nh\u1ef1a ABS n\u00fam v\u1eb7n NN220\",\"breadcrumb\":{\"@id\":\"http:\\\/\\\/anhuysafety.com\\\/en\\\/product\\\/non-nhua-abs-num-van-nn220\\\/#breadcrumb\"},\"inLanguage\":\"en-US\",\"potentialAction\":[{\"@type\":\"ReadAction\",\"target\":[\"http:\\\/\\\/anhuysafety.com\\\/en\\\/product\\\/non-nhua-abs-num-van-nn220\\\/\"]}]},{\"@type\":\"ImageObject\",\"inLanguage\":\"en-US\",\"@id\":\"http:\\\/\\\/anhuysafety.com\\\/en\\\/product\\\/non-nhua-abs-num-van-nn220\\\/#primaryimage\",\"url\":\"https:\\\/\\\/anhuysafety.com\\\/wp-content\\\/uploads\\\/2022\\\/04\\\/non-nhua-1.gif\",\"contentUrl\":\"https:\\\/\\\/anhuysafety.com\\\/wp-content\\\/uploads\\\/2022\\\/04\\\/non-nhua-1.gif\",\"width\":750,\"height\":564,\"caption\":\"N\u00f3n nh\u1ef1a b\u1ea3o h\u1ed9\"},{\"@type\":\"BreadcrumbList\",\"@id\":\"http:\\\/\\\/anhuysafety.com\\\/en\\\/product\\\/non-nhua-abs-num-van-nn220\\\/#breadcrumb\",\"itemListElement\":[{\"@type\":\"ListItem\",\"position\":1,\"name\":\"Trang ch\u1ee7\",\"item\":\"https:\\\/\\\/anhuysafety.com\\\/\"},{\"@type\":\"ListItem\",\"position\":2,\"name\":\"S\u1ea3n ph\u1ea9m\",\"item\":\"http:\\\/\\\/anhuysafety.com\\\/en\\\/cua-hang\"},{\"@type\":\"ListItem\",\"position\":3,\"name\":\"N\u00f3n nh\u1ef1a ABS n\u00fam v\u1eb7n NN220\"}]},{\"@type\":\"WebSite\",\"@id\":\"https:\\\/\\\/anhuysafety.com\\\/#website\",\"url\":\"https:\\\/\\\/anhuysafety.com\\\/\",\"name\":\"C\u00f4ng Ty TNHH Trang Thi\u1ebft B\u1ecb K\u1ef9 Thu\u1eadt An Huy\",\"description\":\"\",\"publisher\":{\"@id\":\"https:\\\/\\\/anhuysafety.com\\\/#organization\"},\"potentialAction\":[{\"@type\":\"SearchAction\",\"target\":{\"@type\":\"EntryPoint\",\"urlTemplate\":\"https:\\\/\\\/anhuysafety.com\\\/?s={search_term_string}\"},\"query-input\":{\"@type\":\"PropertyValueSpecification\",\"valueRequired\":true,\"valueName\":\"search_term_string\"}}],\"inLanguage\":\"en-US\"},{\"@type\":\"Organization\",\"@id\":\"https:\\\/\\\/anhuysafety.com\\\/#organization\",\"name\":\"C\u00f4ng ty TNHH trang thi\u1ebft b\u1ecb k\u1ef9 thu\u1eadt An Huy\",\"url\":\"https:\\\/\\\/anhuysafety.com\\\/\",\"logo\":{\"@type\":\"ImageObject\",\"inLanguage\":\"en-US\",\"@id\":\"https:\\\/\\\/anhuysafety.com\\\/#\\\/schema\\\/logo\\\/image\\\/\",\"url\":\"https:\\\/\\\/anhuysafety.com\\\/wp-content\\\/uploads\\\/2022\\\/02\\\/cropped-cropped-cropped-LOGO_AN_HUY_SAFETY_chuan-removebg-preview-1.png\",\"contentUrl\":\"https:\\\/\\\/anhuysafety.com\\\/wp-content\\\/uploads\\\/2022\\\/02\\\/cropped-cropped-cropped-LOGO_AN_HUY_SAFETY_chuan-removebg-preview-1.png\",\"width\":357,\"height\":318,\"caption\":\"C\u00f4ng ty TNHH trang thi\u1ebft b\u1ecb k\u1ef9 thu\u1eadt An Huy\"},\"image\":{\"@id\":\"https:\\\/\\\/anhuysafety.com\\\/#\\\/schema\\\/logo\\\/image\\\/\"}}]}<\/script>\n<!-- \/ Yoast SEO plugin. -->","yoast_head_json":{"title":"N\u00f3n nh\u1ef1a ABS n\u00fam v\u1eb7n NN220 - C\u00f4ng Ty TNHH Trang Thi\u1ebft B\u1ecb K\u1ef9 Thu\u1eadt An Huy","description":"N\u00f3n nh\u1ef1a ABS n\u00fam v\u1eb7n NN220","robots":{"index":"index","follow":"follow","max-snippet":"max-snippet:-1","max-image-preview":"max-image-preview:large","max-video-preview":"max-video-preview:-1"},"canonical":"http:\/\/anhuysafety.com\/en\/product\/non-nhua-abs-num-van-nn220\/","og_locale":"en_US","og_type":"article","og_title":"N\u00f3n nh\u1ef1a ABS n\u00fam v\u1eb7n NN220 - C\u00f4ng Ty TNHH Trang Thi\u1ebft B\u1ecb K\u1ef9 Thu\u1eadt An Huy","og_description":"N\u00f3n nh\u1ef1a ABS n\u00fam v\u1eb7n NN220","og_url":"http:\/\/anhuysafety.com\/en\/product\/non-nhua-abs-num-van-nn220\/","og_site_name":"C\u00f4ng Ty TNHH Trang Thi\u1ebft B\u1ecb K\u1ef9 Thu\u1eadt An Huy","article_modified_time":"2022-04-12T01:34:59+00:00","og_image":[{"width":750,"height":564,"url":"https:\/\/anhuysafety.com\/wp-content\/uploads\/2022\/04\/non-nhua-1.gif","type":"image\/gif"}],"twitter_card":"summary_large_image","twitter_misc":{"Est. reading time":"1 minute"},"schema":{"@context":"https:\/\/schema.org","@graph":[{"@type":"WebPage","@id":"http:\/\/anhuysafety.com\/en\/product\/non-nhua-abs-num-van-nn220\/","url":"http:\/\/anhuysafety.com\/en\/product\/non-nhua-abs-num-van-nn220\/","name":"N\u00f3n nh\u1ef1a ABS n\u00fam v\u1eb7n NN220 - C\u00f4ng Ty TNHH Trang Thi\u1ebft B\u1ecb K\u1ef9 Thu\u1eadt An Huy","isPartOf":{"@id":"https:\/\/anhuysafety.com\/#website"},"primaryImageOfPage":{"@id":"http:\/\/anhuysafety.com\/en\/product\/non-nhua-abs-num-van-nn220\/#primaryimage"},"image":{"@id":"http:\/\/anhuysafety.com\/en\/product\/non-nhua-abs-num-van-nn220\/#primaryimage"},"thumbnailUrl":"https:\/\/anhuysafety.com\/wp-content\/uploads\/2022\/04\/non-nhua-1.gif","datePublished":"2022-04-11T02:50:24+00:00","dateModified":"2022-04-12T01:34:59+00:00","description":"N\u00f3n nh\u1ef1a ABS n\u00fam v\u1eb7n NN220","breadcrumb":{"@id":"http:\/\/anhuysafety.com\/en\/product\/non-nhua-abs-num-van-nn220\/#breadcrumb"},"inLanguage":"en-US","potentialAction":[{"@type":"ReadAction","target":["http:\/\/anhuysafety.com\/en\/product\/non-nhua-abs-num-van-nn220\/"]}]},{"@type":"ImageObject","inLanguage":"en-US","@id":"http:\/\/anhuysafety.com\/en\/product\/non-nhua-abs-num-van-nn220\/#primaryimage","url":"https:\/\/anhuysafety.com\/wp-content\/uploads\/2022\/04\/non-nhua-1.gif","contentUrl":"https:\/\/anhuysafety.com\/wp-content\/uploads\/2022\/04\/non-nhua-1.gif","width":750,"height":564,"caption":"N\u00f3n nh\u1ef1a b\u1ea3o h\u1ed9"},{"@type":"BreadcrumbList","@id":"http:\/\/anhuysafety.com\/en\/product\/non-nhua-abs-num-van-nn220\/#breadcrumb","itemListElement":[{"@type":"ListItem","position":1,"name":"Trang ch\u1ee7","item":"https:\/\/anhuysafety.com\/"},{"@type":"ListItem","position":2,"name":"S\u1ea3n ph\u1ea9m","item":"http:\/\/anhuysafety.com\/en\/cua-hang"},{"@type":"ListItem","position":3,"name":"N\u00f3n nh\u1ef1a ABS n\u00fam v\u1eb7n NN220"}]},{"@type":"WebSite","@id":"https:\/\/anhuysafety.com\/#website","url":"https:\/\/anhuysafety.com\/","name":"AN HUY TECHNICAL EQUIPMENT CO., LTD","description":"","publisher":{"@id":"https:\/\/anhuysafety.com\/#organization"},"potentialAction":[{"@type":"SearchAction","target":{"@type":"EntryPoint","urlTemplate":"https:\/\/anhuysafety.com\/?s={search_term_string}"},"query-input":{"@type":"PropertyValueSpecification","valueRequired":true,"valueName":"search_term_string"}}],"inLanguage":"en-US"},{"@type":"Organization","@id":"https:\/\/anhuysafety.com\/#organization","name":"C\u00f4ng ty TNHH trang thi\u1ebft b\u1ecb k\u1ef9 thu\u1eadt An Huy","url":"https:\/\/anhuysafety.com\/","logo":{"@type":"ImageObject","inLanguage":"en-US","@id":"https:\/\/anhuysafety.com\/#\/schema\/logo\/image\/","url":"https:\/\/anhuysafety.com\/wp-content\/uploads\/2022\/02\/cropped-cropped-cropped-LOGO_AN_HUY_SAFETY_chuan-removebg-preview-1.png","contentUrl":"https:\/\/anhuysafety.com\/wp-content\/uploads\/2022\/02\/cropped-cropped-cropped-LOGO_AN_HUY_SAFETY_chuan-removebg-preview-1.png","width":357,"height":318,"caption":"C\u00f4ng ty TNHH trang thi\u1ebft b\u1ecb k\u1ef9 thu\u1eadt An Huy"},"image":{"@id":"https:\/\/anhuysafety.com\/#\/schema\/logo\/image\/"}}]}},"_links":{"self":[{"href":"https:\/\/anhuysafety.com\/en\/wp-json\/wp\/v2\/product\/3434","targetHints":{"allow":["GET"]}}],"collection":[{"href":"https:\/\/anhuysafety.com\/en\/wp-json\/wp\/v2\/product"}],"about":[{"href":"https:\/\/anhuysafety.com\/en\/wp-json\/wp\/v2\/types\/product"}],"version-history":[{"count":1,"href":"https:\/\/anhuysafety.com\/en\/wp-json\/wp\/v2\/product\/3434\/revisions"}],"predecessor-version":[{"id":3437,"href":"https:\/\/anhuysafety.com\/en\/wp-json\/wp\/v2\/product\/3434\/revisions\/3437"}],"wp:featuredmedia":[{"embeddable":true,"href":"https:\/\/anhuysafety.com\/en\/wp-json\/wp\/v2\/media\/3435"}],"wp:attachment":[{"href":"https:\/\/anhuysafety.com\/en\/wp-json\/wp\/v2\/media?parent=3434"}],"wp:term":[{"taxonomy":"product_brand","embeddable":true,"href":"https:\/\/anhuysafety.com\/en\/wp-json\/wp\/v2\/product_brand?post=3434"},{"taxonomy":"product_cat","embeddable":true,"href":"https:\/\/anhuysafety.com\/en\/wp-json\/wp\/v2\/product_cat?post=3434"},{"taxonomy":"product_tag","embeddable":true,"href":"https:\/\/anhuysafety.com\/en\/wp-json\/wp\/v2\/product_tag?post=3434"}],"curies":[{"name":"wp","href":"https:\/\/api.w.org\/{rel}","templated":true}]}}