{"id":3438,"date":"2022-04-11T09:55:00","date_gmt":"2022-04-11T02:55:00","guid":{"rendered":"https:\/\/anhuysafety.com\/?post_type=product&#038;p=3438"},"modified":"2022-04-11T09:55:00","modified_gmt":"2022-04-11T02:55:00","slug":"bullard-s51r-non-bao-ho-my","status":"publish","type":"product","link":"https:\/\/anhuysafety.com\/en\/product\/bullard-s51r-non-bao-ho-my\/","title":{"rendered":"Bullard S51R n\u00f3n b\u1ea3o h\u1ed9 M\u1ef9"},"content":{"rendered":"<p><strong>M\u0169 ( n\u00f3n ) b\u1ea3o h\u1ed9 lao \u0111\u1ed9ng n\u00fam v\u1eb7n\u00a0Bullard S51R<\/strong><\/p>\n<p>N\u00f3n nh\u1eb9, b\u1ec1n , ki\u1ec3u d\u00e1ng \u0111\u1eb9p.<br \/>\nPh\u00eda tr\u01b0\u1edbc s\u1ea3n ph\u1ea9m c\u00f3 b\u1ec1 m\u1eb7t\u00a0\u00a0\\ph\u1eb3ng, r\u1ea5t ph\u00f9 h\u1ee3p khi in ch\u1eef ho\u1eb7c d\u00e1n logo.<br \/>\nN\u00f3n \u0111\u1ea1t ti\u00eau chu\u1ea9n M\u1ef9 ANSI Z89.1, 2003 Type 1, c\u1ea5p\u00a0G &amp; E<br \/>\n(\u00a0 C\u1ea5p E \u0111\u01b0\u1ee3c th\u1eed nghi\u1ec7m \u1edf \u0111i\u1ec7n \u00e1p 20.000 V trong 3 ph\u00fat, d\u00f2ng \u0111i\u1ec7n r\u00f2\u00a0\u2264\u00a09mA )<br \/>\n\u0110i\u1ec1u ch\u1ec9nh ( b\u0103ng c\u1ea7u ) cho v\u1eeba v\u1eb7n \u0111\u1ea7u ng\u01b0\u1eddi mang b\u1eb1ng n\u00fam v\u1eb7n.<\/p>\n<p><img fetchpriority=\"high\" decoding=\"async\" class=\"alignnone size-medium wp-image-3439\" src=\"https:\/\/anhuysafety.com\/wp-content\/uploads\/2022\/04\/940979807707-300x225.gif\" alt=\"\" width=\"300\" height=\"225\" srcset=\"https:\/\/anhuysafety.com\/wp-content\/uploads\/2022\/04\/940979807707-300x225.gif 300w, https:\/\/anhuysafety.com\/wp-content\/uploads\/2022\/04\/940979807707-16x12.gif 16w\" sizes=\"(max-width: 300px) 100vw, 300px\" \/><\/p>\n<p>&nbsp;<\/p>\n<p>\u0110\u00e2y l\u00e0 s\u1ea3n ph\u1ea9m \u0111\u01b0\u1ee3c s\u1eed d\u1ee5ng r\u1ed9ng r\u00e3i t\u1ea1i c\u00e1c C\u00f4ng ty \u0111i\u1ec7n l\u1ef1c.<\/p>\n<p>C\u00f3 phi\u1ebfu ki\u1ec3m tra ch\u1ea5t l\u01b0\u1ee3ng theo TCVN 6407:1998 t\u1ea1i Quatest 3 c\u00e1c ch\u1ec9 ti\u00eau :<br \/>\n&#8211; Th\u1eed \u0111\u00e2m xuy\u00ean: v\u1edbi v\u1eadt r\u01a1i tr\u00ean b\u1eb1ng th\u00e9p, m\u0169i c\u00f4n 60<sup>o<\/sup> n\u1eb7ng 3 kg, t\u1eeb \u0111\u1ed9 cao 1m, kh\u00f4ng ch\u1ea1m<br \/>\n&#8211; Th\u1eed \u0111\u1ed9 gi\u1ea3m ch\u1ea5n : v\u1edbi v\u1eadt va \u0111\u1eadp n\u1eb7ng 5kg, r\u01a1i t\u1eeb \u0111\u1ed9 cao 1,0m, \u0111\u1ed9 gi\u1ea3m t\u1ed1c sau khi va \u0111\u1eadp 48g, cao\u00a0h\u01a1n 2 l\u1ea7n ti\u00eau chu\u1ea9n cho ph\u00e9p ( 48\/100g).<br \/>\n&#8211; Th\u1eed \u0111\u1ed9 b\u1ec1n ch\u00e1y: sau 5 gi\u00e2y m\u0169 kh\u00f4ng b\u1eaft ch\u00e1y<\/p>\n<p>Th\u1eed ki\u1ec3m tra :<br \/>\n&#8211; \u0110i\u1ec7n tr\u1edf c\u00e1ch \u0111i\u1ec7n &gt; 1000 M\u03a9<br \/>\n&#8211; Th\u1eed \u0111\u1ed9 b\u1ec1n \u0111i\u1ec7n 3,5KV<sub>AC<\/sub> trong 5 ph\u00fat , d\u00f2ng r\u00f2 &lt; 0,1mA<\/p>\n<p>C\/O, C\/Q , C\u00f4ng ty An B\u1eafc nh\u1eadp tr\u1ef1c ti\u1ebfp t\u1eeb M\u1ef9.<br \/>\nNh\u00e0 s\u1ea3n xu\u1ea5t : <strong>Bullard &#8211; M\u1ef9<\/strong><br \/>\nXem h\u01b0\u1edbng d\u1eabn s\u1eed d\u1ee5ng t\u1eeb : <a href=\"https:\/\/youtu.be\/fR247gq9U3A\">https:\/\/youtu.be\/fR247gq9U3A<\/a><\/p>","protected":false},"excerpt":{"rendered":"<p>M\u0169 ( n\u00f3n ) b\u1ea3o h\u1ed9 lao \u0111\u1ed9ng n\u00fam v\u1eb7n\u00a0Bullard S51R N\u00f3n nh\u1eb9, b\u1ec1n , ki\u1ec3u d\u00e1ng \u0111\u1eb9p. Ph\u00eda tr\u01b0\u1edbc s\u1ea3n ph\u1ea9m c\u00f3 b\u1ec1 m\u1eb7t\u00a0\u00a0\\ph\u1eb3ng, r\u1ea5t ph\u00f9 h\u1ee3p khi in ch\u1eef ho\u1eb7c d\u00e1n logo. N\u00f3n \u0111\u1ea1t ti\u00eau chu\u1ea9n M\u1ef9 ANSI Z89.1, 2003 Type 1, c\u1ea5p\u00a0G &amp; E (\u00a0 C\u1ea5p E \u0111\u01b0\u1ee3c th\u1eed nghi\u1ec7m \u1edf \u0111i\u1ec7n [&hellip;]<\/p>\n","protected":false},"featured_media":3440,"template":"","meta":{"site-sidebar-layout":"default","site-content-layout":"default","ast-site-content-layout":"default","site-content-style":"default","site-sidebar-style":"default","ast-global-header-display":"","ast-banner-title-visibility":"","ast-main-header-display":"","ast-hfb-above-header-display":"","ast-hfb-below-header-display":"","ast-hfb-mobile-header-display":"","site-post-title":"","ast-breadcrumbs-content":"","ast-featured-img":"","footer-sml-layout":"","ast-disable-related-posts":"","theme-transparent-header-meta":"","adv-header-id-meta":"","stick-header-meta":"","header-above-stick-meta":"","header-main-stick-meta":"","header-below-stick-meta":"","astra-migrate-meta-layouts":"default","ast-page-background-enabled":"default","ast-page-background-meta":{"desktop":{"background-color":"","background-image":"","background-repeat":"repeat","background-position":"center center","background-size":"auto","background-attachment":"scroll","background-type":"","background-media":"","overlay-type":"","overlay-color":"","overlay-opacity":"","overlay-gradient":""},"tablet":{"background-color":"","background-image":"","background-repeat":"repeat","background-position":"center center","background-size":"auto","background-attachment":"scroll","background-type":"","background-media":"","overlay-type":"","overlay-color":"","overlay-opacity":"","overlay-gradient":""},"mobile":{"background-color":"","background-image":"","background-repeat":"repeat","background-position":"center center","background-size":"auto","background-attachment":"scroll","background-type":"","background-media":"","overlay-type":"","overlay-color":"","overlay-opacity":"","overlay-gradient":""}},"ast-content-background-meta":{"desktop":{"background-color":"var(--ast-global-color-5)","background-image":"","background-repeat":"repeat","background-position":"center center","background-size":"auto","background-attachment":"scroll","background-type":"","background-media":"","overlay-type":"","overlay-color":"","overlay-opacity":"","overlay-gradient":""},"tablet":{"background-color":"var(--ast-global-color-5)","background-image":"","background-repeat":"repeat","background-position":"center center","background-size":"auto","background-attachment":"scroll","background-type":"","background-media":"","overlay-type":"","overlay-color":"","overlay-opacity":"","overlay-gradient":""},"mobile":{"background-color":"var(--ast-global-color-5)","background-image":"","background-repeat":"repeat","background-position":"center center","background-size":"auto","background-attachment":"scroll","background-type":"","background-media":"","overlay-type":"","overlay-color":"","overlay-opacity":"","overlay-gradient":""}}},"product_brand":[],"product_cat":[116,67,69],"product_tag":[],"class_list":{"0":"post-3438","1":"product","2":"type-product","3":"status-publish","4":"has-post-thumbnail","6":"product_cat-non-bao-ho-lao-dong-my","7":"product_cat-bao-ve-ca-nhan","8":"product_cat-bao-ve-dau","9":"desktop-align-left","10":"tablet-align-left","11":"mobile-align-left","13":"first","14":"instock","15":"shipping-taxable","16":"product-type-simple"},"yoast_head":"<!-- This site is optimized with the Yoast SEO plugin v27.4 - https:\/\/yoast.com\/product\/yoast-seo-wordpress\/ -->\n<title>Bullard S51R n\u00f3n b\u1ea3o h\u1ed9 M\u1ef9 - C\u00f4ng Ty TNHH Trang Thi\u1ebft B\u1ecb K\u1ef9 Thu\u1eadt An Huy<\/title>\n<meta name=\"robots\" content=\"index, follow, max-snippet:-1, max-image-preview:large, max-video-preview:-1\" \/>\n<link rel=\"canonical\" href=\"http:\/\/anhuysafety.com\/en\/product\/bullard-s51r-non-bao-ho-my\/\" \/>\n<meta property=\"og:locale\" content=\"en_US\" \/>\n<meta property=\"og:type\" content=\"article\" \/>\n<meta property=\"og:title\" content=\"Bullard S51R n\u00f3n b\u1ea3o h\u1ed9 M\u1ef9 - C\u00f4ng Ty TNHH Trang Thi\u1ebft B\u1ecb K\u1ef9 Thu\u1eadt An Huy\" \/>\n<meta property=\"og:description\" content=\"M\u0169 ( n\u00f3n ) b\u1ea3o h\u1ed9 lao \u0111\u1ed9ng n\u00fam v\u1eb7n\u00a0Bullard S51R N\u00f3n nh\u1eb9, b\u1ec1n , ki\u1ec3u d\u00e1ng \u0111\u1eb9p. Ph\u00eda tr\u01b0\u1edbc s\u1ea3n ph\u1ea9m c\u00f3 b\u1ec1 m\u1eb7t\u00a0\u00a0ph\u1eb3ng, r\u1ea5t ph\u00f9 h\u1ee3p khi in ch\u1eef ho\u1eb7c d\u00e1n logo. N\u00f3n \u0111\u1ea1t ti\u00eau chu\u1ea9n M\u1ef9 ANSI Z89.1, 2003 Type 1, c\u1ea5p\u00a0G &amp; E (\u00a0 C\u1ea5p E \u0111\u01b0\u1ee3c th\u1eed nghi\u1ec7m \u1edf \u0111i\u1ec7n [&hellip;]\" \/>\n<meta property=\"og:url\" content=\"http:\/\/anhuysafety.com\/en\/product\/bullard-s51r-non-bao-ho-my\/\" \/>\n<meta property=\"og:site_name\" content=\"C\u00f4ng Ty TNHH Trang Thi\u1ebft B\u1ecb K\u1ef9 Thu\u1eadt An Huy\" \/>\n<meta property=\"og:image\" content=\"https:\/\/anhuysafety.com\/wp-content\/uploads\/2022\/04\/non-bullard1.gif\" \/>\n\t<meta property=\"og:image:width\" content=\"600\" \/>\n\t<meta property=\"og:image:height\" content=\"450\" \/>\n\t<meta property=\"og:image:type\" content=\"image\/gif\" \/>\n<meta name=\"twitter:card\" content=\"summary_large_image\" \/>\n<meta name=\"twitter:label1\" content=\"Est. reading time\" \/>\n\t<meta name=\"twitter:data1\" content=\"2 minutes\" \/>\n<script type=\"application\/ld+json\" class=\"yoast-schema-graph\">{\"@context\":\"https:\\\/\\\/schema.org\",\"@graph\":[{\"@type\":\"WebPage\",\"@id\":\"http:\\\/\\\/anhuysafety.com\\\/en\\\/product\\\/bullard-s51r-non-bao-ho-my\\\/\",\"url\":\"http:\\\/\\\/anhuysafety.com\\\/en\\\/product\\\/bullard-s51r-non-bao-ho-my\\\/\",\"name\":\"Bullard S51R n\u00f3n b\u1ea3o h\u1ed9 M\u1ef9 - C\u00f4ng Ty TNHH Trang Thi\u1ebft B\u1ecb K\u1ef9 Thu\u1eadt An Huy\",\"isPartOf\":{\"@id\":\"https:\\\/\\\/anhuysafety.com\\\/#website\"},\"primaryImageOfPage\":{\"@id\":\"http:\\\/\\\/anhuysafety.com\\\/en\\\/product\\\/bullard-s51r-non-bao-ho-my\\\/#primaryimage\"},\"image\":{\"@id\":\"http:\\\/\\\/anhuysafety.com\\\/en\\\/product\\\/bullard-s51r-non-bao-ho-my\\\/#primaryimage\"},\"thumbnailUrl\":\"https:\\\/\\\/anhuysafety.com\\\/wp-content\\\/uploads\\\/2022\\\/04\\\/non-bullard1.gif\",\"datePublished\":\"2022-04-11T02:55:00+00:00\",\"breadcrumb\":{\"@id\":\"http:\\\/\\\/anhuysafety.com\\\/en\\\/product\\\/bullard-s51r-non-bao-ho-my\\\/#breadcrumb\"},\"inLanguage\":\"en-US\",\"potentialAction\":[{\"@type\":\"ReadAction\",\"target\":[\"http:\\\/\\\/anhuysafety.com\\\/en\\\/product\\\/bullard-s51r-non-bao-ho-my\\\/\"]}]},{\"@type\":\"ImageObject\",\"inLanguage\":\"en-US\",\"@id\":\"http:\\\/\\\/anhuysafety.com\\\/en\\\/product\\\/bullard-s51r-non-bao-ho-my\\\/#primaryimage\",\"url\":\"https:\\\/\\\/anhuysafety.com\\\/wp-content\\\/uploads\\\/2022\\\/04\\\/non-bullard1.gif\",\"contentUrl\":\"https:\\\/\\\/anhuysafety.com\\\/wp-content\\\/uploads\\\/2022\\\/04\\\/non-bullard1.gif\",\"width\":600,\"height\":450,\"caption\":\"N\u00f3n b\u1ea3o h\u1ed9\"},{\"@type\":\"BreadcrumbList\",\"@id\":\"http:\\\/\\\/anhuysafety.com\\\/en\\\/product\\\/bullard-s51r-non-bao-ho-my\\\/#breadcrumb\",\"itemListElement\":[{\"@type\":\"ListItem\",\"position\":1,\"name\":\"Trang ch\u1ee7\",\"item\":\"https:\\\/\\\/anhuysafety.com\\\/\"},{\"@type\":\"ListItem\",\"position\":2,\"name\":\"S\u1ea3n ph\u1ea9m\",\"item\":\"http:\\\/\\\/anhuysafety.com\\\/en\\\/cua-hang\"},{\"@type\":\"ListItem\",\"position\":3,\"name\":\"Bullard S51R n\u00f3n b\u1ea3o h\u1ed9 M\u1ef9\"}]},{\"@type\":\"WebSite\",\"@id\":\"https:\\\/\\\/anhuysafety.com\\\/#website\",\"url\":\"https:\\\/\\\/anhuysafety.com\\\/\",\"name\":\"C\u00f4ng Ty TNHH Trang Thi\u1ebft B\u1ecb K\u1ef9 Thu\u1eadt An Huy\",\"description\":\"\",\"publisher\":{\"@id\":\"https:\\\/\\\/anhuysafety.com\\\/#organization\"},\"potentialAction\":[{\"@type\":\"SearchAction\",\"target\":{\"@type\":\"EntryPoint\",\"urlTemplate\":\"https:\\\/\\\/anhuysafety.com\\\/?s={search_term_string}\"},\"query-input\":{\"@type\":\"PropertyValueSpecification\",\"valueRequired\":true,\"valueName\":\"search_term_string\"}}],\"inLanguage\":\"en-US\"},{\"@type\":\"Organization\",\"@id\":\"https:\\\/\\\/anhuysafety.com\\\/#organization\",\"name\":\"C\u00f4ng ty TNHH trang thi\u1ebft b\u1ecb k\u1ef9 thu\u1eadt An Huy\",\"url\":\"https:\\\/\\\/anhuysafety.com\\\/\",\"logo\":{\"@type\":\"ImageObject\",\"inLanguage\":\"en-US\",\"@id\":\"https:\\\/\\\/anhuysafety.com\\\/#\\\/schema\\\/logo\\\/image\\\/\",\"url\":\"https:\\\/\\\/anhuysafety.com\\\/wp-content\\\/uploads\\\/2022\\\/02\\\/cropped-cropped-cropped-LOGO_AN_HUY_SAFETY_chuan-removebg-preview-1.png\",\"contentUrl\":\"https:\\\/\\\/anhuysafety.com\\\/wp-content\\\/uploads\\\/2022\\\/02\\\/cropped-cropped-cropped-LOGO_AN_HUY_SAFETY_chuan-removebg-preview-1.png\",\"width\":357,\"height\":318,\"caption\":\"C\u00f4ng ty TNHH trang thi\u1ebft b\u1ecb k\u1ef9 thu\u1eadt An Huy\"},\"image\":{\"@id\":\"https:\\\/\\\/anhuysafety.com\\\/#\\\/schema\\\/logo\\\/image\\\/\"}}]}<\/script>\n<!-- \/ Yoast SEO plugin. -->","yoast_head_json":{"title":"Bullard S51R n\u00f3n b\u1ea3o h\u1ed9 M\u1ef9 - C\u00f4ng Ty TNHH Trang Thi\u1ebft B\u1ecb K\u1ef9 Thu\u1eadt An Huy","robots":{"index":"index","follow":"follow","max-snippet":"max-snippet:-1","max-image-preview":"max-image-preview:large","max-video-preview":"max-video-preview:-1"},"canonical":"http:\/\/anhuysafety.com\/en\/product\/bullard-s51r-non-bao-ho-my\/","og_locale":"en_US","og_type":"article","og_title":"Bullard S51R n\u00f3n b\u1ea3o h\u1ed9 M\u1ef9 - C\u00f4ng Ty TNHH Trang Thi\u1ebft B\u1ecb K\u1ef9 Thu\u1eadt An Huy","og_description":"M\u0169 ( n\u00f3n ) b\u1ea3o h\u1ed9 lao \u0111\u1ed9ng n\u00fam v\u1eb7n\u00a0Bullard S51R N\u00f3n nh\u1eb9, b\u1ec1n , ki\u1ec3u d\u00e1ng \u0111\u1eb9p. Ph\u00eda tr\u01b0\u1edbc s\u1ea3n ph\u1ea9m c\u00f3 b\u1ec1 m\u1eb7t\u00a0\u00a0ph\u1eb3ng, r\u1ea5t ph\u00f9 h\u1ee3p khi in ch\u1eef ho\u1eb7c d\u00e1n logo. N\u00f3n \u0111\u1ea1t ti\u00eau chu\u1ea9n M\u1ef9 ANSI Z89.1, 2003 Type 1, c\u1ea5p\u00a0G &amp; E (\u00a0 C\u1ea5p E \u0111\u01b0\u1ee3c th\u1eed nghi\u1ec7m \u1edf \u0111i\u1ec7n [&hellip;]","og_url":"http:\/\/anhuysafety.com\/en\/product\/bullard-s51r-non-bao-ho-my\/","og_site_name":"C\u00f4ng Ty TNHH Trang Thi\u1ebft B\u1ecb K\u1ef9 Thu\u1eadt An Huy","og_image":[{"width":600,"height":450,"url":"https:\/\/anhuysafety.com\/wp-content\/uploads\/2022\/04\/non-bullard1.gif","type":"image\/gif"}],"twitter_card":"summary_large_image","twitter_misc":{"Est. reading time":"2 minutes"},"schema":{"@context":"https:\/\/schema.org","@graph":[{"@type":"WebPage","@id":"http:\/\/anhuysafety.com\/en\/product\/bullard-s51r-non-bao-ho-my\/","url":"http:\/\/anhuysafety.com\/en\/product\/bullard-s51r-non-bao-ho-my\/","name":"Bullard S51R n\u00f3n b\u1ea3o h\u1ed9 M\u1ef9 - C\u00f4ng Ty TNHH Trang Thi\u1ebft B\u1ecb K\u1ef9 Thu\u1eadt An Huy","isPartOf":{"@id":"https:\/\/anhuysafety.com\/#website"},"primaryImageOfPage":{"@id":"http:\/\/anhuysafety.com\/en\/product\/bullard-s51r-non-bao-ho-my\/#primaryimage"},"image":{"@id":"http:\/\/anhuysafety.com\/en\/product\/bullard-s51r-non-bao-ho-my\/#primaryimage"},"thumbnailUrl":"https:\/\/anhuysafety.com\/wp-content\/uploads\/2022\/04\/non-bullard1.gif","datePublished":"2022-04-11T02:55:00+00:00","breadcrumb":{"@id":"http:\/\/anhuysafety.com\/en\/product\/bullard-s51r-non-bao-ho-my\/#breadcrumb"},"inLanguage":"en-US","potentialAction":[{"@type":"ReadAction","target":["http:\/\/anhuysafety.com\/en\/product\/bullard-s51r-non-bao-ho-my\/"]}]},{"@type":"ImageObject","inLanguage":"en-US","@id":"http:\/\/anhuysafety.com\/en\/product\/bullard-s51r-non-bao-ho-my\/#primaryimage","url":"https:\/\/anhuysafety.com\/wp-content\/uploads\/2022\/04\/non-bullard1.gif","contentUrl":"https:\/\/anhuysafety.com\/wp-content\/uploads\/2022\/04\/non-bullard1.gif","width":600,"height":450,"caption":"N\u00f3n b\u1ea3o h\u1ed9"},{"@type":"BreadcrumbList","@id":"http:\/\/anhuysafety.com\/en\/product\/bullard-s51r-non-bao-ho-my\/#breadcrumb","itemListElement":[{"@type":"ListItem","position":1,"name":"Trang ch\u1ee7","item":"https:\/\/anhuysafety.com\/"},{"@type":"ListItem","position":2,"name":"S\u1ea3n ph\u1ea9m","item":"http:\/\/anhuysafety.com\/en\/cua-hang"},{"@type":"ListItem","position":3,"name":"Bullard S51R n\u00f3n b\u1ea3o h\u1ed9 M\u1ef9"}]},{"@type":"WebSite","@id":"https:\/\/anhuysafety.com\/#website","url":"https:\/\/anhuysafety.com\/","name":"AN HUY TECHNICAL EQUIPMENT CO., LTD","description":"","publisher":{"@id":"https:\/\/anhuysafety.com\/#organization"},"potentialAction":[{"@type":"SearchAction","target":{"@type":"EntryPoint","urlTemplate":"https:\/\/anhuysafety.com\/?s={search_term_string}"},"query-input":{"@type":"PropertyValueSpecification","valueRequired":true,"valueName":"search_term_string"}}],"inLanguage":"en-US"},{"@type":"Organization","@id":"https:\/\/anhuysafety.com\/#organization","name":"C\u00f4ng ty TNHH trang thi\u1ebft b\u1ecb k\u1ef9 thu\u1eadt An Huy","url":"https:\/\/anhuysafety.com\/","logo":{"@type":"ImageObject","inLanguage":"en-US","@id":"https:\/\/anhuysafety.com\/#\/schema\/logo\/image\/","url":"https:\/\/anhuysafety.com\/wp-content\/uploads\/2022\/02\/cropped-cropped-cropped-LOGO_AN_HUY_SAFETY_chuan-removebg-preview-1.png","contentUrl":"https:\/\/anhuysafety.com\/wp-content\/uploads\/2022\/02\/cropped-cropped-cropped-LOGO_AN_HUY_SAFETY_chuan-removebg-preview-1.png","width":357,"height":318,"caption":"C\u00f4ng ty TNHH trang thi\u1ebft b\u1ecb k\u1ef9 thu\u1eadt An Huy"},"image":{"@id":"https:\/\/anhuysafety.com\/#\/schema\/logo\/image\/"}}]}},"_links":{"self":[{"href":"https:\/\/anhuysafety.com\/en\/wp-json\/wp\/v2\/product\/3438","targetHints":{"allow":["GET"]}}],"collection":[{"href":"https:\/\/anhuysafety.com\/en\/wp-json\/wp\/v2\/product"}],"about":[{"href":"https:\/\/anhuysafety.com\/en\/wp-json\/wp\/v2\/types\/product"}],"version-history":[{"count":1,"href":"https:\/\/anhuysafety.com\/en\/wp-json\/wp\/v2\/product\/3438\/revisions"}],"predecessor-version":[{"id":3441,"href":"https:\/\/anhuysafety.com\/en\/wp-json\/wp\/v2\/product\/3438\/revisions\/3441"}],"wp:featuredmedia":[{"embeddable":true,"href":"https:\/\/anhuysafety.com\/en\/wp-json\/wp\/v2\/media\/3440"}],"wp:attachment":[{"href":"https:\/\/anhuysafety.com\/en\/wp-json\/wp\/v2\/media?parent=3438"}],"wp:term":[{"taxonomy":"product_brand","embeddable":true,"href":"https:\/\/anhuysafety.com\/en\/wp-json\/wp\/v2\/product_brand?post=3438"},{"taxonomy":"product_cat","embeddable":true,"href":"https:\/\/anhuysafety.com\/en\/wp-json\/wp\/v2\/product_cat?post=3438"},{"taxonomy":"product_tag","embeddable":true,"href":"https:\/\/anhuysafety.com\/en\/wp-json\/wp\/v2\/product_tag?post=3438"}],"curies":[{"name":"wp","href":"https:\/\/api.w.org\/{rel}","templated":true}]}}