{"id":3454,"date":"2022-04-11T10:14:28","date_gmt":"2022-04-11T03:14:28","guid":{"rendered":"https:\/\/anhuysafety.com\/?post_type=product&#038;p=3454"},"modified":"2022-04-16T16:05:05","modified_gmt":"2022-04-16T09:05:05","slug":"mu-nhan-vien-chua-chay","status":"publish","type":"product","link":"https:\/\/anhuysafety.com\/en\/product\/mu-nhan-vien-chua-chay\/","title":{"rendered":"M\u0169 nh\u00e2n vi\u00ean ch\u1eefa ch\u00e1y"},"content":{"rendered":"<p><strong>M\u0169 cho nh\u00e2n vi\u00ean ch\u1eefa ch\u00e1y FH911H<\/strong><\/p>\n<ul>\n<li>Ki\u1ec3u d\u00e1ng v\u00e0nh n\u00f3n r\u1ed9ng, \u00a0tr\u1ecdng l\u01b0\u1ee3ng nh\u1eb9 ( 490g)<\/li>\n<li>Th\u00e2n n\u00f3n l\u00e0m b\u1eb1ng v\u1eadt li\u1ec7u ch\u1ecbu l\u1eeda.<\/li>\n<li>\u0110i\u1ec1u ch\u1ec9nh cho v\u1eeda v\u1eb7n \u0111\u1ea7u ng\u01b0\u1eddi mang b\u1eb1ng n\u00fam v\u1eb7n ( FRS6RC ) ho\u1eb7c ki\u1ec3u n\u00fat c\u00e0i ( FRS6PC )<\/li>\n<li>C\u00f3 s\u1eb5n 3 v\u1ecb tr\u00ed ph\u00eda trong th\u00e2n n\u00f3n \u0111\u1ec3 li\u00ean k\u1ebft v\u1edbi t\u1ea5m ph\u1ee7 g\u00e1y ch\u1ecbu nhi\u1ec7t Model R711<\/li>\n<li>Ph\u00eda ngo\u00e0i than n\u00f3n v\u00f3 s\u1eb5n ch\u1ed1t \u0111\u1ec3 g\u1eafn k\u00ednh ch\u1eefa ch\u00e1y ( Model ESS \u2013XTO ho\u1eb7c ESS-WFB c\u00f3 t\u1ea7m quan quan s\u00e1t r\u1ed9ng)<\/li>\n<li>K\u00edch th\u01b0\u1edbc: Chi\u1ec1u r\u1ed9ng &#8211; 11 &#8220;(280mm) Length &#8211; 12 \u00be&#8221; (325mm) Chi\u1ec1u cao &#8211; 6 &#8220;(150mm)<\/li>\n<li>M\u00e0u s\u1eafc: \u0110\u1ecf ( ho\u1eb7c v\u00e0ng )<\/li>\n<li>S\u1ea3n ph\u1ea9m \u0111\u00e1p \u1ee9ng ti\u00eau chu\u1ea9n NFPA 1977:2011<\/li>\n<\/ul>\n<p>( <strong><em>Xem th\u00f4ng tin c\u1ee7a s\u1ea3n ph\u1ea9m t\u1eeb nh\u00e0 s\u1ea3n xu\u1ea5t t\u1ea1i<\/em><\/strong>\u00a0 <a href=\"http:\/\/apps.bullard.com\/files\/HP_911H_BIDSPECS_AM_EN_LOW_8353.pdf?1270105901\">http:\/\/apps.bullard.com\/files\/HP_911H_BIDSPECS_AM_EN_LOW_8353.pdf?1270105901 )<\/a><\/p>\n<p>Xu\u1ea5t x\u1ee9: Bullard- M\u1ef9<\/p>","protected":false},"excerpt":{"rendered":"<p>M\u0169 cho nh\u00e2n vi\u00ean ch\u1eefa ch\u00e1y FH911H Ki\u1ec3u d\u00e1ng v\u00e0nh n\u00f3n r\u1ed9ng, \u00a0tr\u1ecdng l\u01b0\u1ee3ng nh\u1eb9 ( 490g) Th\u00e2n n\u00f3n l\u00e0m b\u1eb1ng v\u1eadt li\u1ec7u ch\u1ecbu l\u1eeda. \u0110i\u1ec1u ch\u1ec9nh cho v\u1eeda v\u1eb7n \u0111\u1ea7u ng\u01b0\u1eddi mang b\u1eb1ng n\u00fam v\u1eb7n ( FRS6RC ) ho\u1eb7c ki\u1ec3u n\u00fat c\u00e0i ( FRS6PC ) C\u00f3 s\u1eb5n 3 v\u1ecb tr\u00ed ph\u00eda trong th\u00e2n n\u00f3n [&hellip;]<\/p>\n","protected":false},"featured_media":3455,"template":"","meta":{"site-sidebar-layout":"default","site-content-layout":"default","ast-site-content-layout":"default","site-content-style":"default","site-sidebar-style":"default","ast-global-header-display":"","ast-banner-title-visibility":"","ast-main-header-display":"","ast-hfb-above-header-display":"","ast-hfb-below-header-display":"","ast-hfb-mobile-header-display":"","site-post-title":"","ast-breadcrumbs-content":"","ast-featured-img":"","footer-sml-layout":"","ast-disable-related-posts":"","theme-transparent-header-meta":"","adv-header-id-meta":"","stick-header-meta":"","header-above-stick-meta":"","header-main-stick-meta":"","header-below-stick-meta":"","astra-migrate-meta-layouts":"default","ast-page-background-enabled":"default","ast-page-background-meta":{"desktop":{"background-color":"","background-image":"","background-repeat":"repeat","background-position":"center center","background-size":"auto","background-attachment":"scroll","background-type":"","background-media":"","overlay-type":"","overlay-color":"","overlay-opacity":"","overlay-gradient":""},"tablet":{"background-color":"","background-image":"","background-repeat":"repeat","background-position":"center center","background-size":"auto","background-attachment":"scroll","background-type":"","background-media":"","overlay-type":"","overlay-color":"","overlay-opacity":"","overlay-gradient":""},"mobile":{"background-color":"","background-image":"","background-repeat":"repeat","background-position":"center center","background-size":"auto","background-attachment":"scroll","background-type":"","background-media":"","overlay-type":"","overlay-color":"","overlay-opacity":"","overlay-gradient":""}},"ast-content-background-meta":{"desktop":{"background-color":"var(--ast-global-color-5)","background-image":"","background-repeat":"repeat","background-position":"center center","background-size":"auto","background-attachment":"scroll","background-type":"","background-media":"","overlay-type":"","overlay-color":"","overlay-opacity":"","overlay-gradient":""},"tablet":{"background-color":"var(--ast-global-color-5)","background-image":"","background-repeat":"repeat","background-position":"center center","background-size":"auto","background-attachment":"scroll","background-type":"","background-media":"","overlay-type":"","overlay-color":"","overlay-opacity":"","overlay-gradient":""},"mobile":{"background-color":"var(--ast-global-color-5)","background-image":"","background-repeat":"repeat","background-position":"center center","background-size":"auto","background-attachment":"scroll","background-type":"","background-media":"","overlay-type":"","overlay-color":"","overlay-opacity":"","overlay-gradient":""}}},"product_brand":[],"product_cat":[118,67,69],"product_tag":[],"class_list":{"0":"post-3454","1":"product","2":"type-product","3":"status-publish","4":"has-post-thumbnail","6":"product_cat-mu-bao-ho-chua-chay","7":"product_cat-bao-ve-ca-nhan","8":"product_cat-bao-ve-dau","9":"desktop-align-left","10":"tablet-align-left","11":"mobile-align-left","13":"first","14":"instock","15":"shipping-taxable","16":"product-type-simple"},"yoast_head":"<!-- This site is optimized with the Yoast SEO plugin v27.4 - https:\/\/yoast.com\/product\/yoast-seo-wordpress\/ -->\n<title>M\u0169 nh\u00e2n vi\u00ean ch\u1eefa ch\u00e1y - C\u00f4ng Ty TNHH Trang Thi\u1ebft B\u1ecb K\u1ef9 Thu\u1eadt An Huy<\/title>\n<meta name=\"robots\" content=\"index, follow, max-snippet:-1, max-image-preview:large, max-video-preview:-1\" \/>\n<link rel=\"canonical\" href=\"http:\/\/anhuysafety.com\/en\/product\/mu-nhan-vien-chua-chay\/\" \/>\n<meta property=\"og:locale\" content=\"en_US\" \/>\n<meta property=\"og:type\" content=\"article\" \/>\n<meta property=\"og:title\" content=\"M\u0169 nh\u00e2n vi\u00ean ch\u1eefa ch\u00e1y - C\u00f4ng Ty TNHH Trang Thi\u1ebft B\u1ecb K\u1ef9 Thu\u1eadt An Huy\" \/>\n<meta property=\"og:description\" content=\"M\u0169 cho nh\u00e2n vi\u00ean ch\u1eefa ch\u00e1y FH911H Ki\u1ec3u d\u00e1ng v\u00e0nh n\u00f3n r\u1ed9ng, \u00a0tr\u1ecdng l\u01b0\u1ee3ng nh\u1eb9 ( 490g) Th\u00e2n n\u00f3n l\u00e0m b\u1eb1ng v\u1eadt li\u1ec7u ch\u1ecbu l\u1eeda. \u0110i\u1ec1u ch\u1ec9nh cho v\u1eeda v\u1eb7n \u0111\u1ea7u ng\u01b0\u1eddi mang b\u1eb1ng n\u00fam v\u1eb7n ( FRS6RC ) ho\u1eb7c ki\u1ec3u n\u00fat c\u00e0i ( FRS6PC ) C\u00f3 s\u1eb5n 3 v\u1ecb tr\u00ed ph\u00eda trong th\u00e2n n\u00f3n [&hellip;]\" \/>\n<meta property=\"og:url\" content=\"http:\/\/anhuysafety.com\/en\/product\/mu-nhan-vien-chua-chay\/\" \/>\n<meta property=\"og:site_name\" content=\"C\u00f4ng Ty TNHH Trang Thi\u1ebft B\u1ecb K\u1ef9 Thu\u1eadt An Huy\" \/>\n<meta property=\"article:modified_time\" content=\"2022-04-16T09:05:05+00:00\" \/>\n<meta property=\"og:image\" content=\"https:\/\/anhuysafety.com\/wp-content\/uploads\/2022\/04\/shopping.webp\" \/>\n\t<meta property=\"og:image:width\" content=\"453\" \/>\n\t<meta property=\"og:image:height\" content=\"450\" \/>\n\t<meta property=\"og:image:type\" content=\"image\/webp\" \/>\n<meta name=\"twitter:card\" content=\"summary_large_image\" \/>\n<meta name=\"twitter:label1\" content=\"Est. reading time\" \/>\n\t<meta name=\"twitter:data1\" content=\"1 minute\" \/>\n<script type=\"application\/ld+json\" class=\"yoast-schema-graph\">{\"@context\":\"https:\\\/\\\/schema.org\",\"@graph\":[{\"@type\":\"WebPage\",\"@id\":\"http:\\\/\\\/anhuysafety.com\\\/en\\\/product\\\/mu-nhan-vien-chua-chay\\\/\",\"url\":\"http:\\\/\\\/anhuysafety.com\\\/en\\\/product\\\/mu-nhan-vien-chua-chay\\\/\",\"name\":\"M\u0169 nh\u00e2n vi\u00ean ch\u1eefa ch\u00e1y - C\u00f4ng Ty TNHH Trang Thi\u1ebft B\u1ecb K\u1ef9 Thu\u1eadt An Huy\",\"isPartOf\":{\"@id\":\"https:\\\/\\\/anhuysafety.com\\\/#website\"},\"primaryImageOfPage\":{\"@id\":\"http:\\\/\\\/anhuysafety.com\\\/en\\\/product\\\/mu-nhan-vien-chua-chay\\\/#primaryimage\"},\"image\":{\"@id\":\"http:\\\/\\\/anhuysafety.com\\\/en\\\/product\\\/mu-nhan-vien-chua-chay\\\/#primaryimage\"},\"thumbnailUrl\":\"https:\\\/\\\/anhuysafety.com\\\/wp-content\\\/uploads\\\/2022\\\/04\\\/shopping.webp\",\"datePublished\":\"2022-04-11T03:14:28+00:00\",\"dateModified\":\"2022-04-16T09:05:05+00:00\",\"breadcrumb\":{\"@id\":\"http:\\\/\\\/anhuysafety.com\\\/en\\\/product\\\/mu-nhan-vien-chua-chay\\\/#breadcrumb\"},\"inLanguage\":\"en-US\",\"potentialAction\":[{\"@type\":\"ReadAction\",\"target\":[\"http:\\\/\\\/anhuysafety.com\\\/en\\\/product\\\/mu-nhan-vien-chua-chay\\\/\"]}]},{\"@type\":\"ImageObject\",\"inLanguage\":\"en-US\",\"@id\":\"http:\\\/\\\/anhuysafety.com\\\/en\\\/product\\\/mu-nhan-vien-chua-chay\\\/#primaryimage\",\"url\":\"https:\\\/\\\/anhuysafety.com\\\/wp-content\\\/uploads\\\/2022\\\/04\\\/shopping.webp\",\"contentUrl\":\"https:\\\/\\\/anhuysafety.com\\\/wp-content\\\/uploads\\\/2022\\\/04\\\/shopping.webp\",\"width\":453,\"height\":450,\"caption\":\"M\u0169 nh\u00e2n vi\u00ean ch\u1eefa ch\u00e1y\"},{\"@type\":\"BreadcrumbList\",\"@id\":\"http:\\\/\\\/anhuysafety.com\\\/en\\\/product\\\/mu-nhan-vien-chua-chay\\\/#breadcrumb\",\"itemListElement\":[{\"@type\":\"ListItem\",\"position\":1,\"name\":\"Trang ch\u1ee7\",\"item\":\"https:\\\/\\\/anhuysafety.com\\\/\"},{\"@type\":\"ListItem\",\"position\":2,\"name\":\"S\u1ea3n ph\u1ea9m\",\"item\":\"http:\\\/\\\/anhuysafety.com\\\/en\\\/cua-hang\"},{\"@type\":\"ListItem\",\"position\":3,\"name\":\"M\u0169 nh\u00e2n vi\u00ean ch\u1eefa ch\u00e1y\"}]},{\"@type\":\"WebSite\",\"@id\":\"https:\\\/\\\/anhuysafety.com\\\/#website\",\"url\":\"https:\\\/\\\/anhuysafety.com\\\/\",\"name\":\"C\u00f4ng Ty TNHH Trang Thi\u1ebft B\u1ecb K\u1ef9 Thu\u1eadt An Huy\",\"description\":\"\",\"publisher\":{\"@id\":\"https:\\\/\\\/anhuysafety.com\\\/#organization\"},\"potentialAction\":[{\"@type\":\"SearchAction\",\"target\":{\"@type\":\"EntryPoint\",\"urlTemplate\":\"https:\\\/\\\/anhuysafety.com\\\/?s={search_term_string}\"},\"query-input\":{\"@type\":\"PropertyValueSpecification\",\"valueRequired\":true,\"valueName\":\"search_term_string\"}}],\"inLanguage\":\"en-US\"},{\"@type\":\"Organization\",\"@id\":\"https:\\\/\\\/anhuysafety.com\\\/#organization\",\"name\":\"C\u00f4ng ty TNHH trang thi\u1ebft b\u1ecb k\u1ef9 thu\u1eadt An Huy\",\"url\":\"https:\\\/\\\/anhuysafety.com\\\/\",\"logo\":{\"@type\":\"ImageObject\",\"inLanguage\":\"en-US\",\"@id\":\"https:\\\/\\\/anhuysafety.com\\\/#\\\/schema\\\/logo\\\/image\\\/\",\"url\":\"https:\\\/\\\/anhuysafety.com\\\/wp-content\\\/uploads\\\/2022\\\/02\\\/cropped-cropped-cropped-LOGO_AN_HUY_SAFETY_chuan-removebg-preview-1.png\",\"contentUrl\":\"https:\\\/\\\/anhuysafety.com\\\/wp-content\\\/uploads\\\/2022\\\/02\\\/cropped-cropped-cropped-LOGO_AN_HUY_SAFETY_chuan-removebg-preview-1.png\",\"width\":357,\"height\":318,\"caption\":\"C\u00f4ng ty TNHH trang thi\u1ebft b\u1ecb k\u1ef9 thu\u1eadt An Huy\"},\"image\":{\"@id\":\"https:\\\/\\\/anhuysafety.com\\\/#\\\/schema\\\/logo\\\/image\\\/\"}}]}<\/script>\n<!-- \/ Yoast SEO plugin. -->","yoast_head_json":{"title":"M\u0169 nh\u00e2n vi\u00ean ch\u1eefa ch\u00e1y - C\u00f4ng Ty TNHH Trang Thi\u1ebft B\u1ecb K\u1ef9 Thu\u1eadt An Huy","robots":{"index":"index","follow":"follow","max-snippet":"max-snippet:-1","max-image-preview":"max-image-preview:large","max-video-preview":"max-video-preview:-1"},"canonical":"http:\/\/anhuysafety.com\/en\/product\/mu-nhan-vien-chua-chay\/","og_locale":"en_US","og_type":"article","og_title":"M\u0169 nh\u00e2n vi\u00ean ch\u1eefa ch\u00e1y - C\u00f4ng Ty TNHH Trang Thi\u1ebft B\u1ecb K\u1ef9 Thu\u1eadt An Huy","og_description":"M\u0169 cho nh\u00e2n vi\u00ean ch\u1eefa ch\u00e1y FH911H Ki\u1ec3u d\u00e1ng v\u00e0nh n\u00f3n r\u1ed9ng, \u00a0tr\u1ecdng l\u01b0\u1ee3ng nh\u1eb9 ( 490g) Th\u00e2n n\u00f3n l\u00e0m b\u1eb1ng v\u1eadt li\u1ec7u ch\u1ecbu l\u1eeda. \u0110i\u1ec1u ch\u1ec9nh cho v\u1eeda v\u1eb7n \u0111\u1ea7u ng\u01b0\u1eddi mang b\u1eb1ng n\u00fam v\u1eb7n ( FRS6RC ) ho\u1eb7c ki\u1ec3u n\u00fat c\u00e0i ( FRS6PC ) C\u00f3 s\u1eb5n 3 v\u1ecb tr\u00ed ph\u00eda trong th\u00e2n n\u00f3n [&hellip;]","og_url":"http:\/\/anhuysafety.com\/en\/product\/mu-nhan-vien-chua-chay\/","og_site_name":"C\u00f4ng Ty TNHH Trang Thi\u1ebft B\u1ecb K\u1ef9 Thu\u1eadt An Huy","article_modified_time":"2022-04-16T09:05:05+00:00","og_image":[{"width":453,"height":450,"url":"https:\/\/anhuysafety.com\/wp-content\/uploads\/2022\/04\/shopping.webp","type":"image\/webp"}],"twitter_card":"summary_large_image","twitter_misc":{"Est. reading time":"1 minute"},"schema":{"@context":"https:\/\/schema.org","@graph":[{"@type":"WebPage","@id":"http:\/\/anhuysafety.com\/en\/product\/mu-nhan-vien-chua-chay\/","url":"http:\/\/anhuysafety.com\/en\/product\/mu-nhan-vien-chua-chay\/","name":"M\u0169 nh\u00e2n vi\u00ean ch\u1eefa ch\u00e1y - C\u00f4ng Ty TNHH Trang Thi\u1ebft B\u1ecb K\u1ef9 Thu\u1eadt An Huy","isPartOf":{"@id":"https:\/\/anhuysafety.com\/#website"},"primaryImageOfPage":{"@id":"http:\/\/anhuysafety.com\/en\/product\/mu-nhan-vien-chua-chay\/#primaryimage"},"image":{"@id":"http:\/\/anhuysafety.com\/en\/product\/mu-nhan-vien-chua-chay\/#primaryimage"},"thumbnailUrl":"https:\/\/anhuysafety.com\/wp-content\/uploads\/2022\/04\/shopping.webp","datePublished":"2022-04-11T03:14:28+00:00","dateModified":"2022-04-16T09:05:05+00:00","breadcrumb":{"@id":"http:\/\/anhuysafety.com\/en\/product\/mu-nhan-vien-chua-chay\/#breadcrumb"},"inLanguage":"en-US","potentialAction":[{"@type":"ReadAction","target":["http:\/\/anhuysafety.com\/en\/product\/mu-nhan-vien-chua-chay\/"]}]},{"@type":"ImageObject","inLanguage":"en-US","@id":"http:\/\/anhuysafety.com\/en\/product\/mu-nhan-vien-chua-chay\/#primaryimage","url":"https:\/\/anhuysafety.com\/wp-content\/uploads\/2022\/04\/shopping.webp","contentUrl":"https:\/\/anhuysafety.com\/wp-content\/uploads\/2022\/04\/shopping.webp","width":453,"height":450,"caption":"M\u0169 nh\u00e2n vi\u00ean ch\u1eefa ch\u00e1y"},{"@type":"BreadcrumbList","@id":"http:\/\/anhuysafety.com\/en\/product\/mu-nhan-vien-chua-chay\/#breadcrumb","itemListElement":[{"@type":"ListItem","position":1,"name":"Trang ch\u1ee7","item":"https:\/\/anhuysafety.com\/"},{"@type":"ListItem","position":2,"name":"S\u1ea3n ph\u1ea9m","item":"http:\/\/anhuysafety.com\/en\/cua-hang"},{"@type":"ListItem","position":3,"name":"M\u0169 nh\u00e2n vi\u00ean ch\u1eefa ch\u00e1y"}]},{"@type":"WebSite","@id":"https:\/\/anhuysafety.com\/#website","url":"https:\/\/anhuysafety.com\/","name":"AN HUY TECHNICAL EQUIPMENT CO., LTD","description":"","publisher":{"@id":"https:\/\/anhuysafety.com\/#organization"},"potentialAction":[{"@type":"SearchAction","target":{"@type":"EntryPoint","urlTemplate":"https:\/\/anhuysafety.com\/?s={search_term_string}"},"query-input":{"@type":"PropertyValueSpecification","valueRequired":true,"valueName":"search_term_string"}}],"inLanguage":"en-US"},{"@type":"Organization","@id":"https:\/\/anhuysafety.com\/#organization","name":"C\u00f4ng ty TNHH trang thi\u1ebft b\u1ecb k\u1ef9 thu\u1eadt An Huy","url":"https:\/\/anhuysafety.com\/","logo":{"@type":"ImageObject","inLanguage":"en-US","@id":"https:\/\/anhuysafety.com\/#\/schema\/logo\/image\/","url":"https:\/\/anhuysafety.com\/wp-content\/uploads\/2022\/02\/cropped-cropped-cropped-LOGO_AN_HUY_SAFETY_chuan-removebg-preview-1.png","contentUrl":"https:\/\/anhuysafety.com\/wp-content\/uploads\/2022\/02\/cropped-cropped-cropped-LOGO_AN_HUY_SAFETY_chuan-removebg-preview-1.png","width":357,"height":318,"caption":"C\u00f4ng ty TNHH trang thi\u1ebft b\u1ecb k\u1ef9 thu\u1eadt An Huy"},"image":{"@id":"https:\/\/anhuysafety.com\/#\/schema\/logo\/image\/"}}]}},"_links":{"self":[{"href":"https:\/\/anhuysafety.com\/en\/wp-json\/wp\/v2\/product\/3454","targetHints":{"allow":["GET"]}}],"collection":[{"href":"https:\/\/anhuysafety.com\/en\/wp-json\/wp\/v2\/product"}],"about":[{"href":"https:\/\/anhuysafety.com\/en\/wp-json\/wp\/v2\/types\/product"}],"version-history":[{"count":1,"href":"https:\/\/anhuysafety.com\/en\/wp-json\/wp\/v2\/product\/3454\/revisions"}],"predecessor-version":[{"id":3456,"href":"https:\/\/anhuysafety.com\/en\/wp-json\/wp\/v2\/product\/3454\/revisions\/3456"}],"wp:featuredmedia":[{"embeddable":true,"href":"https:\/\/anhuysafety.com\/en\/wp-json\/wp\/v2\/media\/3455"}],"wp:attachment":[{"href":"https:\/\/anhuysafety.com\/en\/wp-json\/wp\/v2\/media?parent=3454"}],"wp:term":[{"taxonomy":"product_brand","embeddable":true,"href":"https:\/\/anhuysafety.com\/en\/wp-json\/wp\/v2\/product_brand?post=3454"},{"taxonomy":"product_cat","embeddable":true,"href":"https:\/\/anhuysafety.com\/en\/wp-json\/wp\/v2\/product_cat?post=3454"},{"taxonomy":"product_tag","embeddable":true,"href":"https:\/\/anhuysafety.com\/en\/wp-json\/wp\/v2\/product_tag?post=3454"}],"curies":[{"name":"wp","href":"https:\/\/api.w.org\/{rel}","templated":true}]}}