{"id":3457,"date":"2022-04-11T10:24:22","date_gmt":"2022-04-11T03:24:22","guid":{"rendered":"https:\/\/anhuysafety.com\/?post_type=product&#038;p=3457"},"modified":"2022-04-11T10:24:23","modified_gmt":"2022-04-11T03:24:23","slug":"mu-chua-chay-usrx-my","status":"publish","type":"product","link":"https:\/\/anhuysafety.com\/en\/product\/mu-chua-chay-usrx-my\/","title":{"rendered":"M\u0169 ch\u1eefa ch\u00e1y USRX &#8211; M\u1ef9"},"content":{"rendered":"<h5>N\u00f3n chuy\u00ean d\u00f9ng cho nh\u00e2n vi\u00ean c\u1ee9u h\u1ecfa.<\/h5>\n<p>C\u00f3 ch\u1ee9ng nh\u1eadn c\u1ee7a NFPA 1971-2013 v\u00e0 \u0111\u1ea1t ti\u00eau chu\u1ea9n NFPA 1951-2013<\/p>\n<p><em><strong>Xem th\u00f4ng tin v\u1ec1 n\u00f3n t\u1eeb nh\u00e0 s\u1ea3n xu\u1ea5t t\u1ea1i :<\/strong><\/em> <a href=\"http:\/\/www.bullard.com\/V3\/products\/fire_service\/USAR\/USRX\/\">http:\/\/apps.bullard.com\/files\/FH_USRX_BIDSPECS_AM_EN_LOW_8223.pdf?939759722<\/a><\/p>\n<p>Nh\u00e0 s\u1ea3n xu\u1ea5t : Bullard &#8211; M\u1ef9<\/p>","protected":false},"excerpt":{"rendered":"<p>N\u00f3n chuy\u00ean d\u00f9ng cho nh\u00e2n vi\u00ean c\u1ee9u h\u1ecfa. C\u00f3 ch\u1ee9ng nh\u1eadn c\u1ee7a NFPA 1971-2013 v\u00e0 \u0111\u1ea1t ti\u00eau chu\u1ea9n NFPA 1951-2013 Xem th\u00f4ng tin v\u1ec1 n\u00f3n t\u1eeb nh\u00e0 s\u1ea3n xu\u1ea5t t\u1ea1i : http:\/\/apps.bullard.com\/files\/FH_USRX_BIDSPECS_AM_EN_LOW_8223.pdf?939759722 Nh\u00e0 s\u1ea3n xu\u1ea5t : Bullard &#8211; M\u1ef9<\/p>","protected":false},"featured_media":3458,"template":"","meta":{"site-sidebar-layout":"default","site-content-layout":"default","ast-site-content-layout":"default","site-content-style":"default","site-sidebar-style":"default","ast-global-header-display":"","ast-banner-title-visibility":"","ast-main-header-display":"","ast-hfb-above-header-display":"","ast-hfb-below-header-display":"","ast-hfb-mobile-header-display":"","site-post-title":"","ast-breadcrumbs-content":"","ast-featured-img":"","footer-sml-layout":"","ast-disable-related-posts":"","theme-transparent-header-meta":"","adv-header-id-meta":"","stick-header-meta":"","header-above-stick-meta":"","header-main-stick-meta":"","header-below-stick-meta":"","astra-migrate-meta-layouts":"default","ast-page-background-enabled":"default","ast-page-background-meta":{"desktop":{"background-color":"","background-image":"","background-repeat":"repeat","background-position":"center center","background-size":"auto","background-attachment":"scroll","background-type":"","background-media":"","overlay-type":"","overlay-color":"","overlay-opacity":"","overlay-gradient":""},"tablet":{"background-color":"","background-image":"","background-repeat":"repeat","background-position":"center center","background-size":"auto","background-attachment":"scroll","background-type":"","background-media":"","overlay-type":"","overlay-color":"","overlay-opacity":"","overlay-gradient":""},"mobile":{"background-color":"","background-image":"","background-repeat":"repeat","background-position":"center center","background-size":"auto","background-attachment":"scroll","background-type":"","background-media":"","overlay-type":"","overlay-color":"","overlay-opacity":"","overlay-gradient":""}},"ast-content-background-meta":{"desktop":{"background-color":"var(--ast-global-color-5)","background-image":"","background-repeat":"repeat","background-position":"center center","background-size":"auto","background-attachment":"scroll","background-type":"","background-media":"","overlay-type":"","overlay-color":"","overlay-opacity":"","overlay-gradient":""},"tablet":{"background-color":"var(--ast-global-color-5)","background-image":"","background-repeat":"repeat","background-position":"center center","background-size":"auto","background-attachment":"scroll","background-type":"","background-media":"","overlay-type":"","overlay-color":"","overlay-opacity":"","overlay-gradient":""},"mobile":{"background-color":"var(--ast-global-color-5)","background-image":"","background-repeat":"repeat","background-position":"center center","background-size":"auto","background-attachment":"scroll","background-type":"","background-media":"","overlay-type":"","overlay-color":"","overlay-opacity":"","overlay-gradient":""}}},"product_brand":[],"product_cat":[118,67,69],"product_tag":[],"class_list":{"0":"post-3457","1":"product","2":"type-product","3":"status-publish","4":"has-post-thumbnail","6":"product_cat-mu-bao-ho-chua-chay","7":"product_cat-bao-ve-ca-nhan","8":"product_cat-bao-ve-dau","9":"desktop-align-left","10":"tablet-align-left","11":"mobile-align-left","13":"first","14":"instock","15":"shipping-taxable","16":"product-type-simple"},"yoast_head":"<!-- This site is optimized with the Yoast SEO plugin v27.4 - https:\/\/yoast.com\/product\/yoast-seo-wordpress\/ -->\n<title>M\u0169 ch\u1eefa ch\u00e1y USRX - M\u1ef9 - C\u00f4ng Ty TNHH Trang Thi\u1ebft B\u1ecb K\u1ef9 Thu\u1eadt An Huy<\/title>\n<meta name=\"description\" content=\"N\u00f3n chuy\u00ean d\u00f9ng cho nh\u00e2n vi\u00ean c\u1ee9u h\u1ecfa.C\u00f3 ch\u1ee9ng nh\u1eadn c\u1ee7a NFPA 1971-2013 v\u00e0 \u0111\u1ea1t ti\u00eau chu\u1ea9n NFPA 1951-2013\" \/>\n<meta name=\"robots\" content=\"index, follow, max-snippet:-1, max-image-preview:large, max-video-preview:-1\" \/>\n<link rel=\"canonical\" href=\"http:\/\/anhuysafety.com\/en\/product\/mu-chua-chay-usrx-my\/\" \/>\n<meta property=\"og:locale\" content=\"en_US\" \/>\n<meta property=\"og:type\" content=\"article\" \/>\n<meta property=\"og:title\" content=\"M\u0169 ch\u1eefa ch\u00e1y USRX - M\u1ef9 - C\u00f4ng Ty TNHH Trang Thi\u1ebft B\u1ecb K\u1ef9 Thu\u1eadt An Huy\" \/>\n<meta property=\"og:description\" content=\"N\u00f3n chuy\u00ean d\u00f9ng cho nh\u00e2n vi\u00ean c\u1ee9u h\u1ecfa.C\u00f3 ch\u1ee9ng nh\u1eadn c\u1ee7a NFPA 1971-2013 v\u00e0 \u0111\u1ea1t ti\u00eau chu\u1ea9n NFPA 1951-2013\" \/>\n<meta property=\"og:url\" content=\"http:\/\/anhuysafety.com\/en\/product\/mu-chua-chay-usrx-my\/\" \/>\n<meta property=\"og:site_name\" content=\"C\u00f4ng Ty TNHH Trang Thi\u1ebft B\u1ecb K\u1ef9 Thu\u1eadt An Huy\" \/>\n<meta property=\"article:modified_time\" content=\"2022-04-11T03:24:23+00:00\" \/>\n<meta property=\"og:image\" content=\"https:\/\/anhuysafety.com\/wp-content\/uploads\/2022\/04\/Bullard_250x0-228x228-1.jpg\" \/>\n\t<meta property=\"og:image:width\" content=\"228\" \/>\n\t<meta property=\"og:image:height\" content=\"228\" \/>\n\t<meta property=\"og:image:type\" content=\"image\/jpeg\" \/>\n<meta name=\"twitter:card\" content=\"summary_large_image\" \/>\n<script type=\"application\/ld+json\" class=\"yoast-schema-graph\">{\"@context\":\"https:\\\/\\\/schema.org\",\"@graph\":[{\"@type\":\"WebPage\",\"@id\":\"http:\\\/\\\/anhuysafety.com\\\/en\\\/product\\\/mu-chua-chay-usrx-my\\\/\",\"url\":\"http:\\\/\\\/anhuysafety.com\\\/en\\\/product\\\/mu-chua-chay-usrx-my\\\/\",\"name\":\"M\u0169 ch\u1eefa ch\u00e1y USRX - M\u1ef9 - C\u00f4ng Ty TNHH Trang Thi\u1ebft B\u1ecb K\u1ef9 Thu\u1eadt An Huy\",\"isPartOf\":{\"@id\":\"https:\\\/\\\/anhuysafety.com\\\/#website\"},\"primaryImageOfPage\":{\"@id\":\"http:\\\/\\\/anhuysafety.com\\\/en\\\/product\\\/mu-chua-chay-usrx-my\\\/#primaryimage\"},\"image\":{\"@id\":\"http:\\\/\\\/anhuysafety.com\\\/en\\\/product\\\/mu-chua-chay-usrx-my\\\/#primaryimage\"},\"thumbnailUrl\":\"https:\\\/\\\/anhuysafety.com\\\/wp-content\\\/uploads\\\/2022\\\/04\\\/Bullard_250x0-228x228-1.jpg\",\"datePublished\":\"2022-04-11T03:24:22+00:00\",\"dateModified\":\"2022-04-11T03:24:23+00:00\",\"description\":\"N\u00f3n chuy\u00ean d\u00f9ng cho nh\u00e2n vi\u00ean c\u1ee9u h\u1ecfa.C\u00f3 ch\u1ee9ng nh\u1eadn c\u1ee7a NFPA 1971-2013 v\u00e0 \u0111\u1ea1t ti\u00eau chu\u1ea9n NFPA 1951-2013\",\"breadcrumb\":{\"@id\":\"http:\\\/\\\/anhuysafety.com\\\/en\\\/product\\\/mu-chua-chay-usrx-my\\\/#breadcrumb\"},\"inLanguage\":\"en-US\",\"potentialAction\":[{\"@type\":\"ReadAction\",\"target\":[\"http:\\\/\\\/anhuysafety.com\\\/en\\\/product\\\/mu-chua-chay-usrx-my\\\/\"]}]},{\"@type\":\"ImageObject\",\"inLanguage\":\"en-US\",\"@id\":\"http:\\\/\\\/anhuysafety.com\\\/en\\\/product\\\/mu-chua-chay-usrx-my\\\/#primaryimage\",\"url\":\"https:\\\/\\\/anhuysafety.com\\\/wp-content\\\/uploads\\\/2022\\\/04\\\/Bullard_250x0-228x228-1.jpg\",\"contentUrl\":\"https:\\\/\\\/anhuysafety.com\\\/wp-content\\\/uploads\\\/2022\\\/04\\\/Bullard_250x0-228x228-1.jpg\",\"width\":228,\"height\":228,\"caption\":\"M\u0169 ch\u1eefa ch\u00e1y\"},{\"@type\":\"BreadcrumbList\",\"@id\":\"http:\\\/\\\/anhuysafety.com\\\/en\\\/product\\\/mu-chua-chay-usrx-my\\\/#breadcrumb\",\"itemListElement\":[{\"@type\":\"ListItem\",\"position\":1,\"name\":\"Trang ch\u1ee7\",\"item\":\"https:\\\/\\\/anhuysafety.com\\\/\"},{\"@type\":\"ListItem\",\"position\":2,\"name\":\"S\u1ea3n ph\u1ea9m\",\"item\":\"http:\\\/\\\/anhuysafety.com\\\/en\\\/cua-hang\"},{\"@type\":\"ListItem\",\"position\":3,\"name\":\"M\u0169 ch\u1eefa ch\u00e1y USRX &#8211; M\u1ef9\"}]},{\"@type\":\"WebSite\",\"@id\":\"https:\\\/\\\/anhuysafety.com\\\/#website\",\"url\":\"https:\\\/\\\/anhuysafety.com\\\/\",\"name\":\"C\u00f4ng Ty TNHH Trang Thi\u1ebft B\u1ecb K\u1ef9 Thu\u1eadt An Huy\",\"description\":\"\",\"publisher\":{\"@id\":\"https:\\\/\\\/anhuysafety.com\\\/#organization\"},\"potentialAction\":[{\"@type\":\"SearchAction\",\"target\":{\"@type\":\"EntryPoint\",\"urlTemplate\":\"https:\\\/\\\/anhuysafety.com\\\/?s={search_term_string}\"},\"query-input\":{\"@type\":\"PropertyValueSpecification\",\"valueRequired\":true,\"valueName\":\"search_term_string\"}}],\"inLanguage\":\"en-US\"},{\"@type\":\"Organization\",\"@id\":\"https:\\\/\\\/anhuysafety.com\\\/#organization\",\"name\":\"C\u00f4ng ty TNHH trang thi\u1ebft b\u1ecb k\u1ef9 thu\u1eadt An Huy\",\"url\":\"https:\\\/\\\/anhuysafety.com\\\/\",\"logo\":{\"@type\":\"ImageObject\",\"inLanguage\":\"en-US\",\"@id\":\"https:\\\/\\\/anhuysafety.com\\\/#\\\/schema\\\/logo\\\/image\\\/\",\"url\":\"https:\\\/\\\/anhuysafety.com\\\/wp-content\\\/uploads\\\/2022\\\/02\\\/cropped-cropped-cropped-LOGO_AN_HUY_SAFETY_chuan-removebg-preview-1.png\",\"contentUrl\":\"https:\\\/\\\/anhuysafety.com\\\/wp-content\\\/uploads\\\/2022\\\/02\\\/cropped-cropped-cropped-LOGO_AN_HUY_SAFETY_chuan-removebg-preview-1.png\",\"width\":357,\"height\":318,\"caption\":\"C\u00f4ng ty TNHH trang thi\u1ebft b\u1ecb k\u1ef9 thu\u1eadt An Huy\"},\"image\":{\"@id\":\"https:\\\/\\\/anhuysafety.com\\\/#\\\/schema\\\/logo\\\/image\\\/\"}}]}<\/script>\n<!-- \/ Yoast SEO plugin. -->","yoast_head_json":{"title":"M\u0169 ch\u1eefa ch\u00e1y USRX - M\u1ef9 - C\u00f4ng Ty TNHH Trang Thi\u1ebft B\u1ecb K\u1ef9 Thu\u1eadt An Huy","description":"N\u00f3n chuy\u00ean d\u00f9ng cho nh\u00e2n vi\u00ean c\u1ee9u h\u1ecfa.C\u00f3 ch\u1ee9ng nh\u1eadn c\u1ee7a NFPA 1971-2013 v\u00e0 \u0111\u1ea1t ti\u00eau chu\u1ea9n NFPA 1951-2013","robots":{"index":"index","follow":"follow","max-snippet":"max-snippet:-1","max-image-preview":"max-image-preview:large","max-video-preview":"max-video-preview:-1"},"canonical":"http:\/\/anhuysafety.com\/en\/product\/mu-chua-chay-usrx-my\/","og_locale":"en_US","og_type":"article","og_title":"M\u0169 ch\u1eefa ch\u00e1y USRX - M\u1ef9 - C\u00f4ng Ty TNHH Trang Thi\u1ebft B\u1ecb K\u1ef9 Thu\u1eadt An Huy","og_description":"N\u00f3n chuy\u00ean d\u00f9ng cho nh\u00e2n vi\u00ean c\u1ee9u h\u1ecfa.C\u00f3 ch\u1ee9ng nh\u1eadn c\u1ee7a NFPA 1971-2013 v\u00e0 \u0111\u1ea1t ti\u00eau chu\u1ea9n NFPA 1951-2013","og_url":"http:\/\/anhuysafety.com\/en\/product\/mu-chua-chay-usrx-my\/","og_site_name":"C\u00f4ng Ty TNHH Trang Thi\u1ebft B\u1ecb K\u1ef9 Thu\u1eadt An Huy","article_modified_time":"2022-04-11T03:24:23+00:00","og_image":[{"width":228,"height":228,"url":"https:\/\/anhuysafety.com\/wp-content\/uploads\/2022\/04\/Bullard_250x0-228x228-1.jpg","type":"image\/jpeg"}],"twitter_card":"summary_large_image","schema":{"@context":"https:\/\/schema.org","@graph":[{"@type":"WebPage","@id":"http:\/\/anhuysafety.com\/en\/product\/mu-chua-chay-usrx-my\/","url":"http:\/\/anhuysafety.com\/en\/product\/mu-chua-chay-usrx-my\/","name":"M\u0169 ch\u1eefa ch\u00e1y USRX - M\u1ef9 - C\u00f4ng Ty TNHH Trang Thi\u1ebft B\u1ecb K\u1ef9 Thu\u1eadt An Huy","isPartOf":{"@id":"https:\/\/anhuysafety.com\/#website"},"primaryImageOfPage":{"@id":"http:\/\/anhuysafety.com\/en\/product\/mu-chua-chay-usrx-my\/#primaryimage"},"image":{"@id":"http:\/\/anhuysafety.com\/en\/product\/mu-chua-chay-usrx-my\/#primaryimage"},"thumbnailUrl":"https:\/\/anhuysafety.com\/wp-content\/uploads\/2022\/04\/Bullard_250x0-228x228-1.jpg","datePublished":"2022-04-11T03:24:22+00:00","dateModified":"2022-04-11T03:24:23+00:00","description":"N\u00f3n chuy\u00ean d\u00f9ng cho nh\u00e2n vi\u00ean c\u1ee9u h\u1ecfa.C\u00f3 ch\u1ee9ng nh\u1eadn c\u1ee7a NFPA 1971-2013 v\u00e0 \u0111\u1ea1t ti\u00eau chu\u1ea9n NFPA 1951-2013","breadcrumb":{"@id":"http:\/\/anhuysafety.com\/en\/product\/mu-chua-chay-usrx-my\/#breadcrumb"},"inLanguage":"en-US","potentialAction":[{"@type":"ReadAction","target":["http:\/\/anhuysafety.com\/en\/product\/mu-chua-chay-usrx-my\/"]}]},{"@type":"ImageObject","inLanguage":"en-US","@id":"http:\/\/anhuysafety.com\/en\/product\/mu-chua-chay-usrx-my\/#primaryimage","url":"https:\/\/anhuysafety.com\/wp-content\/uploads\/2022\/04\/Bullard_250x0-228x228-1.jpg","contentUrl":"https:\/\/anhuysafety.com\/wp-content\/uploads\/2022\/04\/Bullard_250x0-228x228-1.jpg","width":228,"height":228,"caption":"M\u0169 ch\u1eefa ch\u00e1y"},{"@type":"BreadcrumbList","@id":"http:\/\/anhuysafety.com\/en\/product\/mu-chua-chay-usrx-my\/#breadcrumb","itemListElement":[{"@type":"ListItem","position":1,"name":"Trang ch\u1ee7","item":"https:\/\/anhuysafety.com\/"},{"@type":"ListItem","position":2,"name":"S\u1ea3n ph\u1ea9m","item":"http:\/\/anhuysafety.com\/en\/cua-hang"},{"@type":"ListItem","position":3,"name":"M\u0169 ch\u1eefa ch\u00e1y USRX &#8211; M\u1ef9"}]},{"@type":"WebSite","@id":"https:\/\/anhuysafety.com\/#website","url":"https:\/\/anhuysafety.com\/","name":"AN HUY TECHNICAL EQUIPMENT CO., LTD","description":"","publisher":{"@id":"https:\/\/anhuysafety.com\/#organization"},"potentialAction":[{"@type":"SearchAction","target":{"@type":"EntryPoint","urlTemplate":"https:\/\/anhuysafety.com\/?s={search_term_string}"},"query-input":{"@type":"PropertyValueSpecification","valueRequired":true,"valueName":"search_term_string"}}],"inLanguage":"en-US"},{"@type":"Organization","@id":"https:\/\/anhuysafety.com\/#organization","name":"C\u00f4ng ty TNHH trang thi\u1ebft b\u1ecb k\u1ef9 thu\u1eadt An Huy","url":"https:\/\/anhuysafety.com\/","logo":{"@type":"ImageObject","inLanguage":"en-US","@id":"https:\/\/anhuysafety.com\/#\/schema\/logo\/image\/","url":"https:\/\/anhuysafety.com\/wp-content\/uploads\/2022\/02\/cropped-cropped-cropped-LOGO_AN_HUY_SAFETY_chuan-removebg-preview-1.png","contentUrl":"https:\/\/anhuysafety.com\/wp-content\/uploads\/2022\/02\/cropped-cropped-cropped-LOGO_AN_HUY_SAFETY_chuan-removebg-preview-1.png","width":357,"height":318,"caption":"C\u00f4ng ty TNHH trang thi\u1ebft b\u1ecb k\u1ef9 thu\u1eadt An Huy"},"image":{"@id":"https:\/\/anhuysafety.com\/#\/schema\/logo\/image\/"}}]}},"_links":{"self":[{"href":"https:\/\/anhuysafety.com\/en\/wp-json\/wp\/v2\/product\/3457","targetHints":{"allow":["GET"]}}],"collection":[{"href":"https:\/\/anhuysafety.com\/en\/wp-json\/wp\/v2\/product"}],"about":[{"href":"https:\/\/anhuysafety.com\/en\/wp-json\/wp\/v2\/types\/product"}],"version-history":[{"count":1,"href":"https:\/\/anhuysafety.com\/en\/wp-json\/wp\/v2\/product\/3457\/revisions"}],"predecessor-version":[{"id":3459,"href":"https:\/\/anhuysafety.com\/en\/wp-json\/wp\/v2\/product\/3457\/revisions\/3459"}],"wp:featuredmedia":[{"embeddable":true,"href":"https:\/\/anhuysafety.com\/en\/wp-json\/wp\/v2\/media\/3458"}],"wp:attachment":[{"href":"https:\/\/anhuysafety.com\/en\/wp-json\/wp\/v2\/media?parent=3457"}],"wp:term":[{"taxonomy":"product_brand","embeddable":true,"href":"https:\/\/anhuysafety.com\/en\/wp-json\/wp\/v2\/product_brand?post=3457"},{"taxonomy":"product_cat","embeddable":true,"href":"https:\/\/anhuysafety.com\/en\/wp-json\/wp\/v2\/product_cat?post=3457"},{"taxonomy":"product_tag","embeddable":true,"href":"https:\/\/anhuysafety.com\/en\/wp-json\/wp\/v2\/product_tag?post=3457"}],"curies":[{"name":"wp","href":"https:\/\/api.w.org\/{rel}","templated":true}]}}