{"id":3479,"date":"2022-04-11T11:02:45","date_gmt":"2022-04-11T04:02:45","guid":{"rendered":"https:\/\/anhuysafety.com\/?post_type=product&#038;p=3479"},"modified":"2022-04-16T16:04:49","modified_gmt":"2022-04-16T09:04:49","slug":"nut-tai-chong-on-4-tang-ep565","status":"publish","type":"product","link":"https:\/\/anhuysafety.com\/en\/product\/nut-tai-chong-on-4-tang-ep565\/","title":{"rendered":"N\u00fat tai ch\u1ed1ng \u1ed3n 4 t\u1ea7ng EP565"},"content":{"rendered":"<p><strong>N\u00fat tai 565 Longdar- \u0110\u00e0i loan<\/strong><\/p>\n<p>Ti\u00eau chu\u1ea9n ANSI S3.19 m\u1ee9c gi\u1ea3m \u1ed3n 27dB<br \/>\nTi\u00eau chu\u1ea9n EN352-2:2002 m\u1ee9c gi\u1ea3m \u00e1p \u00e2m 28dB<\/p>\n<p>L\u00e0m t\u1eeb cao su m\u1ec1m, c\u00f3 d\u00e2y qu\u00e0ng c\u1ed5 v\u00e0 h\u1ed9p nh\u1ef1a PP.<br \/>\nK\u1ebft c\u1ea5u 4 t\u1ea7ng n\u00e2ng cao hi\u1ec7u \u1ee9ng ng\u0103n ti\u1ebfng \u1ed3n.<br \/>\nPh\u1ea7n tay c\u1ea7m d\u1ec5 d\u00e0ng \u0111\u01b0a n\u00fat tai v\u00e0o \u1ed1ng tai.<\/p>\n<p>Nh\u00e0 s\u1ea3n xu\u1ea5t : Longdar &#8211; \u0110\u00e0i loan<\/p>","protected":false},"excerpt":{"rendered":"<p>N\u00fat tai 565 Longdar- \u0110\u00e0i loan Ti\u00eau chu\u1ea9n ANSI S3.19 m\u1ee9c gi\u1ea3m \u1ed3n 27dB Ti\u00eau chu\u1ea9n EN352-2:2002 m\u1ee9c gi\u1ea3m \u00e1p \u00e2m 28dB L\u00e0m t\u1eeb cao su m\u1ec1m, c\u00f3 d\u00e2y qu\u00e0ng c\u1ed5 v\u00e0 h\u1ed9p nh\u1ef1a PP. K\u1ebft c\u1ea5u 4 t\u1ea7ng n\u00e2ng cao hi\u1ec7u \u1ee9ng ng\u0103n ti\u1ebfng \u1ed3n. Ph\u1ea7n tay c\u1ea7m d\u1ec5 d\u00e0ng \u0111\u01b0a n\u00fat tai v\u00e0o [&hellip;]<\/p>\n","protected":false},"featured_media":3480,"template":"","meta":{"site-sidebar-layout":"default","site-content-layout":"default","ast-site-content-layout":"default","site-content-style":"default","site-sidebar-style":"default","ast-global-header-display":"","ast-banner-title-visibility":"","ast-main-header-display":"","ast-hfb-above-header-display":"","ast-hfb-below-header-display":"","ast-hfb-mobile-header-display":"","site-post-title":"","ast-breadcrumbs-content":"","ast-featured-img":"","footer-sml-layout":"","ast-disable-related-posts":"","theme-transparent-header-meta":"","adv-header-id-meta":"","stick-header-meta":"","header-above-stick-meta":"","header-main-stick-meta":"","header-below-stick-meta":"","astra-migrate-meta-layouts":"default","ast-page-background-enabled":"default","ast-page-background-meta":{"desktop":{"background-color":"","background-image":"","background-repeat":"repeat","background-position":"center center","background-size":"auto","background-attachment":"scroll","background-type":"","background-media":"","overlay-type":"","overlay-color":"","overlay-opacity":"","overlay-gradient":""},"tablet":{"background-color":"","background-image":"","background-repeat":"repeat","background-position":"center center","background-size":"auto","background-attachment":"scroll","background-type":"","background-media":"","overlay-type":"","overlay-color":"","overlay-opacity":"","overlay-gradient":""},"mobile":{"background-color":"","background-image":"","background-repeat":"repeat","background-position":"center center","background-size":"auto","background-attachment":"scroll","background-type":"","background-media":"","overlay-type":"","overlay-color":"","overlay-opacity":"","overlay-gradient":""}},"ast-content-background-meta":{"desktop":{"background-color":"var(--ast-global-color-5)","background-image":"","background-repeat":"repeat","background-position":"center center","background-size":"auto","background-attachment":"scroll","background-type":"","background-media":"","overlay-type":"","overlay-color":"","overlay-opacity":"","overlay-gradient":""},"tablet":{"background-color":"var(--ast-global-color-5)","background-image":"","background-repeat":"repeat","background-position":"center center","background-size":"auto","background-attachment":"scroll","background-type":"","background-media":"","overlay-type":"","overlay-color":"","overlay-opacity":"","overlay-gradient":""},"mobile":{"background-color":"var(--ast-global-color-5)","background-image":"","background-repeat":"repeat","background-position":"center center","background-size":"auto","background-attachment":"scroll","background-type":"","background-media":"","overlay-type":"","overlay-color":"","overlay-opacity":"","overlay-gradient":""}}},"product_brand":[],"product_cat":[121,67,70],"product_tag":[],"class_list":{"0":"post-3479","1":"product","2":"type-product","3":"status-publish","4":"has-post-thumbnail","6":"product_cat-nut-tai-bao-ho-chong-on","7":"product_cat-bao-ve-ca-nhan","8":"product_cat-bao-ve-thinh-giac","9":"desktop-align-left","10":"tablet-align-left","11":"mobile-align-left","13":"first","14":"instock","15":"shipping-taxable","16":"product-type-simple"},"yoast_head":"<!-- This site is optimized with the Yoast SEO plugin v27.3 - https:\/\/yoast.com\/product\/yoast-seo-wordpress\/ -->\n<title>N\u00fat tai ch\u1ed1ng \u1ed3n 4 t\u1ea7ng EP565 - C\u00f4ng Ty TNHH Trang Thi\u1ebft B\u1ecb K\u1ef9 Thu\u1eadt An Huy<\/title>\n<meta name=\"description\" content=\"N\u00fat tai 565 Longdar- \u0110\u00e0i loan. Ti\u00eau chu\u1ea9n ANSI S3.19 m\u1ee9c gi\u1ea3m \u1ed3n 27dB. Ti\u00eau chu\u1ea9n EN352-2:2002 m\u1ee9c gi\u1ea3m \u00e1p \u00e2m 28dB\" \/>\n<meta name=\"robots\" content=\"index, follow, max-snippet:-1, max-image-preview:large, max-video-preview:-1\" \/>\n<link rel=\"canonical\" href=\"http:\/\/anhuysafety.com\/en\/product\/nut-tai-chong-on-4-tang-ep565\/\" \/>\n<meta property=\"og:locale\" content=\"en_US\" \/>\n<meta property=\"og:type\" content=\"article\" \/>\n<meta property=\"og:title\" content=\"N\u00fat tai ch\u1ed1ng \u1ed3n 4 t\u1ea7ng EP565 - C\u00f4ng Ty TNHH Trang Thi\u1ebft B\u1ecb K\u1ef9 Thu\u1eadt An Huy\" \/>\n<meta property=\"og:description\" content=\"N\u00fat tai 565 Longdar- \u0110\u00e0i loan. Ti\u00eau chu\u1ea9n ANSI S3.19 m\u1ee9c gi\u1ea3m \u1ed3n 27dB. Ti\u00eau chu\u1ea9n EN352-2:2002 m\u1ee9c gi\u1ea3m \u00e1p \u00e2m 28dB\" \/>\n<meta property=\"og:url\" content=\"http:\/\/anhuysafety.com\/en\/product\/nut-tai-chong-on-4-tang-ep565\/\" \/>\n<meta property=\"og:site_name\" content=\"C\u00f4ng Ty TNHH Trang Thi\u1ebft B\u1ecb K\u1ef9 Thu\u1eadt An Huy\" \/>\n<meta property=\"article:modified_time\" content=\"2022-04-16T09:04:49+00:00\" \/>\n<meta property=\"og:image\" content=\"https:\/\/anhuysafety.com\/wp-content\/uploads\/2022\/04\/nut4tang43162120.gif\" \/>\n\t<meta property=\"og:image:width\" content=\"500\" \/>\n\t<meta property=\"og:image:height\" content=\"375\" \/>\n\t<meta property=\"og:image:type\" content=\"image\/gif\" \/>\n<meta name=\"twitter:card\" content=\"summary_large_image\" \/>\n<script type=\"application\/ld+json\" class=\"yoast-schema-graph\">{\"@context\":\"https:\\\/\\\/schema.org\",\"@graph\":[{\"@type\":\"WebPage\",\"@id\":\"http:\\\/\\\/anhuysafety.com\\\/en\\\/product\\\/nut-tai-chong-on-4-tang-ep565\\\/\",\"url\":\"http:\\\/\\\/anhuysafety.com\\\/en\\\/product\\\/nut-tai-chong-on-4-tang-ep565\\\/\",\"name\":\"N\u00fat tai ch\u1ed1ng \u1ed3n 4 t\u1ea7ng EP565 - C\u00f4ng Ty TNHH Trang Thi\u1ebft B\u1ecb K\u1ef9 Thu\u1eadt An Huy\",\"isPartOf\":{\"@id\":\"https:\\\/\\\/anhuysafety.com\\\/#website\"},\"primaryImageOfPage\":{\"@id\":\"http:\\\/\\\/anhuysafety.com\\\/en\\\/product\\\/nut-tai-chong-on-4-tang-ep565\\\/#primaryimage\"},\"image\":{\"@id\":\"http:\\\/\\\/anhuysafety.com\\\/en\\\/product\\\/nut-tai-chong-on-4-tang-ep565\\\/#primaryimage\"},\"thumbnailUrl\":\"https:\\\/\\\/anhuysafety.com\\\/wp-content\\\/uploads\\\/2022\\\/04\\\/nut4tang43162120.gif\",\"datePublished\":\"2022-04-11T04:02:45+00:00\",\"dateModified\":\"2022-04-16T09:04:49+00:00\",\"description\":\"N\u00fat tai 565 Longdar- \u0110\u00e0i loan. Ti\u00eau chu\u1ea9n ANSI S3.19 m\u1ee9c gi\u1ea3m \u1ed3n 27dB. Ti\u00eau chu\u1ea9n EN352-2:2002 m\u1ee9c gi\u1ea3m \u00e1p \u00e2m 28dB\",\"breadcrumb\":{\"@id\":\"http:\\\/\\\/anhuysafety.com\\\/en\\\/product\\\/nut-tai-chong-on-4-tang-ep565\\\/#breadcrumb\"},\"inLanguage\":\"en-US\",\"potentialAction\":[{\"@type\":\"ReadAction\",\"target\":[\"http:\\\/\\\/anhuysafety.com\\\/en\\\/product\\\/nut-tai-chong-on-4-tang-ep565\\\/\"]}]},{\"@type\":\"ImageObject\",\"inLanguage\":\"en-US\",\"@id\":\"http:\\\/\\\/anhuysafety.com\\\/en\\\/product\\\/nut-tai-chong-on-4-tang-ep565\\\/#primaryimage\",\"url\":\"https:\\\/\\\/anhuysafety.com\\\/wp-content\\\/uploads\\\/2022\\\/04\\\/nut4tang43162120.gif\",\"contentUrl\":\"https:\\\/\\\/anhuysafety.com\\\/wp-content\\\/uploads\\\/2022\\\/04\\\/nut4tang43162120.gif\",\"width\":500,\"height\":375,\"caption\":\"N\u00fat tai ch\u1ed1ng \u1ed3n\"},{\"@type\":\"BreadcrumbList\",\"@id\":\"http:\\\/\\\/anhuysafety.com\\\/en\\\/product\\\/nut-tai-chong-on-4-tang-ep565\\\/#breadcrumb\",\"itemListElement\":[{\"@type\":\"ListItem\",\"position\":1,\"name\":\"Trang ch\u1ee7\",\"item\":\"https:\\\/\\\/anhuysafety.com\\\/\"},{\"@type\":\"ListItem\",\"position\":2,\"name\":\"S\u1ea3n ph\u1ea9m\",\"item\":\"http:\\\/\\\/anhuysafety.com\\\/en\\\/cua-hang\"},{\"@type\":\"ListItem\",\"position\":3,\"name\":\"N\u00fat tai ch\u1ed1ng \u1ed3n 4 t\u1ea7ng EP565\"}]},{\"@type\":\"WebSite\",\"@id\":\"https:\\\/\\\/anhuysafety.com\\\/#website\",\"url\":\"https:\\\/\\\/anhuysafety.com\\\/\",\"name\":\"C\u00f4ng Ty TNHH Trang Thi\u1ebft B\u1ecb K\u1ef9 Thu\u1eadt An Huy\",\"description\":\"\",\"publisher\":{\"@id\":\"https:\\\/\\\/anhuysafety.com\\\/#organization\"},\"potentialAction\":[{\"@type\":\"SearchAction\",\"target\":{\"@type\":\"EntryPoint\",\"urlTemplate\":\"https:\\\/\\\/anhuysafety.com\\\/?s={search_term_string}\"},\"query-input\":{\"@type\":\"PropertyValueSpecification\",\"valueRequired\":true,\"valueName\":\"search_term_string\"}}],\"inLanguage\":\"en-US\"},{\"@type\":\"Organization\",\"@id\":\"https:\\\/\\\/anhuysafety.com\\\/#organization\",\"name\":\"C\u00f4ng ty TNHH trang thi\u1ebft b\u1ecb k\u1ef9 thu\u1eadt An Huy\",\"url\":\"https:\\\/\\\/anhuysafety.com\\\/\",\"logo\":{\"@type\":\"ImageObject\",\"inLanguage\":\"en-US\",\"@id\":\"https:\\\/\\\/anhuysafety.com\\\/#\\\/schema\\\/logo\\\/image\\\/\",\"url\":\"https:\\\/\\\/anhuysafety.com\\\/wp-content\\\/uploads\\\/2022\\\/02\\\/cropped-cropped-cropped-LOGO_AN_HUY_SAFETY_chuan-removebg-preview-1.png\",\"contentUrl\":\"https:\\\/\\\/anhuysafety.com\\\/wp-content\\\/uploads\\\/2022\\\/02\\\/cropped-cropped-cropped-LOGO_AN_HUY_SAFETY_chuan-removebg-preview-1.png\",\"width\":357,\"height\":318,\"caption\":\"C\u00f4ng ty TNHH trang thi\u1ebft b\u1ecb k\u1ef9 thu\u1eadt An Huy\"},\"image\":{\"@id\":\"https:\\\/\\\/anhuysafety.com\\\/#\\\/schema\\\/logo\\\/image\\\/\"}}]}<\/script>\n<!-- \/ Yoast SEO plugin. -->","yoast_head_json":{"title":"N\u00fat tai ch\u1ed1ng \u1ed3n 4 t\u1ea7ng EP565 - C\u00f4ng Ty TNHH Trang Thi\u1ebft B\u1ecb K\u1ef9 Thu\u1eadt An Huy","description":"N\u00fat tai 565 Longdar- \u0110\u00e0i loan. Ti\u00eau chu\u1ea9n ANSI S3.19 m\u1ee9c gi\u1ea3m \u1ed3n 27dB. Ti\u00eau chu\u1ea9n EN352-2:2002 m\u1ee9c gi\u1ea3m \u00e1p \u00e2m 28dB","robots":{"index":"index","follow":"follow","max-snippet":"max-snippet:-1","max-image-preview":"max-image-preview:large","max-video-preview":"max-video-preview:-1"},"canonical":"http:\/\/anhuysafety.com\/en\/product\/nut-tai-chong-on-4-tang-ep565\/","og_locale":"en_US","og_type":"article","og_title":"N\u00fat tai ch\u1ed1ng \u1ed3n 4 t\u1ea7ng EP565 - C\u00f4ng Ty TNHH Trang Thi\u1ebft B\u1ecb K\u1ef9 Thu\u1eadt An Huy","og_description":"N\u00fat tai 565 Longdar- \u0110\u00e0i loan. Ti\u00eau chu\u1ea9n ANSI S3.19 m\u1ee9c gi\u1ea3m \u1ed3n 27dB. Ti\u00eau chu\u1ea9n EN352-2:2002 m\u1ee9c gi\u1ea3m \u00e1p \u00e2m 28dB","og_url":"http:\/\/anhuysafety.com\/en\/product\/nut-tai-chong-on-4-tang-ep565\/","og_site_name":"C\u00f4ng Ty TNHH Trang Thi\u1ebft B\u1ecb K\u1ef9 Thu\u1eadt An Huy","article_modified_time":"2022-04-16T09:04:49+00:00","og_image":[{"width":500,"height":375,"url":"https:\/\/anhuysafety.com\/wp-content\/uploads\/2022\/04\/nut4tang43162120.gif","type":"image\/gif"}],"twitter_card":"summary_large_image","schema":{"@context":"https:\/\/schema.org","@graph":[{"@type":"WebPage","@id":"http:\/\/anhuysafety.com\/en\/product\/nut-tai-chong-on-4-tang-ep565\/","url":"http:\/\/anhuysafety.com\/en\/product\/nut-tai-chong-on-4-tang-ep565\/","name":"N\u00fat tai ch\u1ed1ng \u1ed3n 4 t\u1ea7ng EP565 - C\u00f4ng Ty TNHH Trang Thi\u1ebft B\u1ecb K\u1ef9 Thu\u1eadt An Huy","isPartOf":{"@id":"https:\/\/anhuysafety.com\/#website"},"primaryImageOfPage":{"@id":"http:\/\/anhuysafety.com\/en\/product\/nut-tai-chong-on-4-tang-ep565\/#primaryimage"},"image":{"@id":"http:\/\/anhuysafety.com\/en\/product\/nut-tai-chong-on-4-tang-ep565\/#primaryimage"},"thumbnailUrl":"https:\/\/anhuysafety.com\/wp-content\/uploads\/2022\/04\/nut4tang43162120.gif","datePublished":"2022-04-11T04:02:45+00:00","dateModified":"2022-04-16T09:04:49+00:00","description":"N\u00fat tai 565 Longdar- \u0110\u00e0i loan. Ti\u00eau chu\u1ea9n ANSI S3.19 m\u1ee9c gi\u1ea3m \u1ed3n 27dB. Ti\u00eau chu\u1ea9n EN352-2:2002 m\u1ee9c gi\u1ea3m \u00e1p \u00e2m 28dB","breadcrumb":{"@id":"http:\/\/anhuysafety.com\/en\/product\/nut-tai-chong-on-4-tang-ep565\/#breadcrumb"},"inLanguage":"en-US","potentialAction":[{"@type":"ReadAction","target":["http:\/\/anhuysafety.com\/en\/product\/nut-tai-chong-on-4-tang-ep565\/"]}]},{"@type":"ImageObject","inLanguage":"en-US","@id":"http:\/\/anhuysafety.com\/en\/product\/nut-tai-chong-on-4-tang-ep565\/#primaryimage","url":"https:\/\/anhuysafety.com\/wp-content\/uploads\/2022\/04\/nut4tang43162120.gif","contentUrl":"https:\/\/anhuysafety.com\/wp-content\/uploads\/2022\/04\/nut4tang43162120.gif","width":500,"height":375,"caption":"N\u00fat tai ch\u1ed1ng \u1ed3n"},{"@type":"BreadcrumbList","@id":"http:\/\/anhuysafety.com\/en\/product\/nut-tai-chong-on-4-tang-ep565\/#breadcrumb","itemListElement":[{"@type":"ListItem","position":1,"name":"Trang ch\u1ee7","item":"https:\/\/anhuysafety.com\/"},{"@type":"ListItem","position":2,"name":"S\u1ea3n ph\u1ea9m","item":"http:\/\/anhuysafety.com\/en\/cua-hang"},{"@type":"ListItem","position":3,"name":"N\u00fat tai ch\u1ed1ng \u1ed3n 4 t\u1ea7ng EP565"}]},{"@type":"WebSite","@id":"https:\/\/anhuysafety.com\/#website","url":"https:\/\/anhuysafety.com\/","name":"AN HUY TECHNICAL EQUIPMENT CO., LTD","description":"","publisher":{"@id":"https:\/\/anhuysafety.com\/#organization"},"potentialAction":[{"@type":"SearchAction","target":{"@type":"EntryPoint","urlTemplate":"https:\/\/anhuysafety.com\/?s={search_term_string}"},"query-input":{"@type":"PropertyValueSpecification","valueRequired":true,"valueName":"search_term_string"}}],"inLanguage":"en-US"},{"@type":"Organization","@id":"https:\/\/anhuysafety.com\/#organization","name":"C\u00f4ng ty TNHH trang thi\u1ebft b\u1ecb k\u1ef9 thu\u1eadt An Huy","url":"https:\/\/anhuysafety.com\/","logo":{"@type":"ImageObject","inLanguage":"en-US","@id":"https:\/\/anhuysafety.com\/#\/schema\/logo\/image\/","url":"https:\/\/anhuysafety.com\/wp-content\/uploads\/2022\/02\/cropped-cropped-cropped-LOGO_AN_HUY_SAFETY_chuan-removebg-preview-1.png","contentUrl":"https:\/\/anhuysafety.com\/wp-content\/uploads\/2022\/02\/cropped-cropped-cropped-LOGO_AN_HUY_SAFETY_chuan-removebg-preview-1.png","width":357,"height":318,"caption":"C\u00f4ng ty TNHH trang thi\u1ebft b\u1ecb k\u1ef9 thu\u1eadt An Huy"},"image":{"@id":"https:\/\/anhuysafety.com\/#\/schema\/logo\/image\/"}}]}},"_links":{"self":[{"href":"https:\/\/anhuysafety.com\/en\/wp-json\/wp\/v2\/product\/3479","targetHints":{"allow":["GET"]}}],"collection":[{"href":"https:\/\/anhuysafety.com\/en\/wp-json\/wp\/v2\/product"}],"about":[{"href":"https:\/\/anhuysafety.com\/en\/wp-json\/wp\/v2\/types\/product"}],"version-history":[{"count":1,"href":"https:\/\/anhuysafety.com\/en\/wp-json\/wp\/v2\/product\/3479\/revisions"}],"predecessor-version":[{"id":3481,"href":"https:\/\/anhuysafety.com\/en\/wp-json\/wp\/v2\/product\/3479\/revisions\/3481"}],"wp:featuredmedia":[{"embeddable":true,"href":"https:\/\/anhuysafety.com\/en\/wp-json\/wp\/v2\/media\/3480"}],"wp:attachment":[{"href":"https:\/\/anhuysafety.com\/en\/wp-json\/wp\/v2\/media?parent=3479"}],"wp:term":[{"taxonomy":"product_brand","embeddable":true,"href":"https:\/\/anhuysafety.com\/en\/wp-json\/wp\/v2\/product_brand?post=3479"},{"taxonomy":"product_cat","embeddable":true,"href":"https:\/\/anhuysafety.com\/en\/wp-json\/wp\/v2\/product_cat?post=3479"},{"taxonomy":"product_tag","embeddable":true,"href":"https:\/\/anhuysafety.com\/en\/wp-json\/wp\/v2\/product_tag?post=3479"}],"curies":[{"name":"wp","href":"https:\/\/api.w.org\/{rel}","templated":true}]}}