{"id":3493,"date":"2022-04-11T11:41:15","date_gmt":"2022-04-11T04:41:15","guid":{"rendered":"https:\/\/anhuysafety.com\/?post_type=product&#038;p=3493"},"modified":"2022-04-11T11:41:16","modified_gmt":"2022-04-11T04:41:16","slug":"bit-tai-cam-bien-ep-171","status":"publish","type":"product","link":"https:\/\/anhuysafety.com\/en\/product\/bit-tai-cam-bien-ep-171\/","title":{"rendered":"B\u1ecbt tai c\u1ea3m bi\u1ebfn EP.171"},"content":{"rendered":"<div id=\"home\" class=\"tab-pane fade in active\">\n<div class=\"col-xs-12\">\n<p><strong>B\u1ecbt tai c\u1ea3m bi\u1ebfn EP.171 <\/strong><\/p>\n<p>Chi ti\u1ebft s\u1ea3n ph\u1ea9m:<\/p>\n<p>Gi\u1ea3m ti\u1ebfng \u1ed3n b\u1ea3o v\u1ec7 c\u01a1 quan th\u00ednh gi\u00e1c, \u0111\u1ed3ng th\u1eddi c\u00f3 th\u1ec3 l\u1ecdc, gi\u1eef l\u1ea1i d\u1ea3i t\u1ea7n s\u1ed1 \u00e2m thanh ti\u1ebfng n\u00f3i v\u00e0 khuy\u1ebfch \u0111\u1ea1i gi\u00fap giao ti\u1ebfp ngay trong m\u00f4i tr\u01b0\u1eddng l\u00e0m vi\u1ec7c b\u1ecb \u00f4 nhi\u1ec5m ti\u1ebfng \u1ed3n.<br \/>\n&#8211; Khi\u00a0 t\u1eaft c\u00f4ng t\u1eafc EP.171 c\u00f3 ch\u1ee9c n\u0103ng nh\u01b0 m\u1ed9t b\u1ecbt tai th\u00f4ng th\u01b0\u1eddng c\u00f3 t\u00e1c d\u1ee5ng ch\u1ed1ng \u1ed3n.<br \/>\n&#8211; \u0110i\u1ec1u \u0111\u1eb7c bi\u1ec7t l\u00e0 khi m\u1edf c\u00f4ng t\u1eafc EP171 c\u00f3 t\u00e1c d\u1ee5ng gi\u1eef l\u1ea1i d\u1ea3i \u00e2m thanh ti\u1ebfng n\u00f3i \u1edf t\u1ea7n s\u1ed1 400 ~ 4000 Hz, l\u1ecdc v\u00e0 khu\u1ebfch \u0111\u1ea1i \u0111\u1ec3 nghe r\u00f5 r\u00e0ng h\u01a1n.<br \/>\n&#8211; Trang b\u1ecb \u0111\u1ec3 ch\u1ed1ng ti\u1ebfng \u1ed3n th\u00edch h\u1ee3p cho tr\u01b0\u1eddng h\u1ee3p ti\u1ebfng \u1ed3n xu\u1ea5t hi\u1ec7n b\u1ea5t ch\u1ee3t, tr\u01b0\u1eddng h\u1ee3p c\u1ea7n giao ti\u1ebfp trong m\u00f4i tr\u01b0\u1eddng b\u1ecb \u00f4 nhi\u1ec5m ti\u1ebfng \u1ed3n.<br \/>\n&#8211; K\u1ebft c\u1ea5u g\u1ecdn g\u00e0ng, ch\u1eafc ch\u1eafn, d\u1ec5 d\u00e0ng khi mang, khi di chuy\u1ec3n.<br \/>\n&#8211; D\u00f9ng 2 vi\u00ean pin ti\u1ec3u (1,5 V x2 ) th \u00f4ng d\u1ee5ng, thay th\u1ebf\u00a0 pin b\u1eb1ng c\u00e1ch \u0111\u1ea9y n\u1eafp\u00a0 h\u1ed9p \u0111\u1ef1ng pin tr\u00ean \u1ed1p che tai.<br \/>\n&#8211; S\u1ea3n ph\u1ea9m \u0111\u1ea1t Ti\u00eau chu\u1ea9n ANSI S3.19.<br \/>\n&#8211; M\u1ee9c gi\u1ea3m \u00e2m x\u00e1c \u0111\u1ecbnh theo ti\u00eau chu\u1ea9n ANSI\u00a0 33 dB.<\/p>\n<p>Xu\u1ea5t x\u1ee9: \u0110\u00e0i Loan.<\/p>\n<\/div>\n<\/div>","protected":false},"excerpt":{"rendered":"<p>B\u1ecbt tai c\u1ea3m bi\u1ebfn EP.171 Chi ti\u1ebft s\u1ea3n ph\u1ea9m: Gi\u1ea3m ti\u1ebfng \u1ed3n b\u1ea3o v\u1ec7 c\u01a1 quan th\u00ednh gi\u00e1c, \u0111\u1ed3ng th\u1eddi c\u00f3 th\u1ec3 l\u1ecdc, gi\u1eef l\u1ea1i d\u1ea3i t\u1ea7n s\u1ed1 \u00e2m thanh ti\u1ebfng n\u00f3i v\u00e0 khuy\u1ebfch \u0111\u1ea1i gi\u00fap giao ti\u1ebfp ngay trong m\u00f4i tr\u01b0\u1eddng l\u00e0m vi\u1ec7c b\u1ecb \u00f4 nhi\u1ec5m ti\u1ebfng \u1ed3n. &#8211; Khi\u00a0 t\u1eaft c\u00f4ng t\u1eafc EP.171 [&hellip;]<\/p>\n","protected":false},"featured_media":3494,"template":"","meta":{"site-sidebar-layout":"default","site-content-layout":"default","ast-site-content-layout":"default","site-content-style":"default","site-sidebar-style":"default","ast-global-header-display":"","ast-banner-title-visibility":"","ast-main-header-display":"","ast-hfb-above-header-display":"","ast-hfb-below-header-display":"","ast-hfb-mobile-header-display":"","site-post-title":"","ast-breadcrumbs-content":"","ast-featured-img":"","footer-sml-layout":"","ast-disable-related-posts":"","theme-transparent-header-meta":"","adv-header-id-meta":"","stick-header-meta":"","header-above-stick-meta":"","header-main-stick-meta":"","header-below-stick-meta":"","astra-migrate-meta-layouts":"default","ast-page-background-enabled":"default","ast-page-background-meta":{"desktop":{"background-color":"","background-image":"","background-repeat":"repeat","background-position":"center center","background-size":"auto","background-attachment":"scroll","background-type":"","background-media":"","overlay-type":"","overlay-color":"","overlay-opacity":"","overlay-gradient":""},"tablet":{"background-color":"","background-image":"","background-repeat":"repeat","background-position":"center center","background-size":"auto","background-attachment":"scroll","background-type":"","background-media":"","overlay-type":"","overlay-color":"","overlay-opacity":"","overlay-gradient":""},"mobile":{"background-color":"","background-image":"","background-repeat":"repeat","background-position":"center center","background-size":"auto","background-attachment":"scroll","background-type":"","background-media":"","overlay-type":"","overlay-color":"","overlay-opacity":"","overlay-gradient":""}},"ast-content-background-meta":{"desktop":{"background-color":"var(--ast-global-color-5)","background-image":"","background-repeat":"repeat","background-position":"center center","background-size":"auto","background-attachment":"scroll","background-type":"","background-media":"","overlay-type":"","overlay-color":"","overlay-opacity":"","overlay-gradient":""},"tablet":{"background-color":"var(--ast-global-color-5)","background-image":"","background-repeat":"repeat","background-position":"center center","background-size":"auto","background-attachment":"scroll","background-type":"","background-media":"","overlay-type":"","overlay-color":"","overlay-opacity":"","overlay-gradient":""},"mobile":{"background-color":"var(--ast-global-color-5)","background-image":"","background-repeat":"repeat","background-position":"center center","background-size":"auto","background-attachment":"scroll","background-type":"","background-media":"","overlay-type":"","overlay-color":"","overlay-opacity":"","overlay-gradient":""}}},"product_brand":[],"product_cat":[123,67,70],"product_tag":[],"class_list":{"0":"post-3493","1":"product","2":"type-product","3":"status-publish","4":"has-post-thumbnail","6":"product_cat-bit-tai-dien-chong-on","7":"product_cat-bao-ve-ca-nhan","8":"product_cat-bao-ve-thinh-giac","9":"desktop-align-left","10":"tablet-align-left","11":"mobile-align-left","13":"first","14":"instock","15":"shipping-taxable","16":"product-type-simple"},"yoast_head":"<!-- This site is optimized with the Yoast SEO plugin v27.5 - https:\/\/yoast.com\/product\/yoast-seo-wordpress\/ -->\n<title>B\u1ecbt tai c\u1ea3m bi\u1ebfn EP.171 - C\u00f4ng Ty TNHH Trang Thi\u1ebft B\u1ecb K\u1ef9 Thu\u1eadt An Huy<\/title>\n<meta name=\"description\" content=\"Gi\u1ea3m ti\u1ebfng \u1ed3n b\u1ea3o v\u1ec7 c\u01a1 quan th\u00ednh gi\u00e1c, \u0111\u1ed3ng th\u1eddi c\u00f3 th\u1ec3 l\u1ecdc, gi\u1eef l\u1ea1i d\u1ea3i t\u1ea7n s\u1ed1 \u00e2m thanh ti\u1ebfng n\u00f3i v\u00e0 khuy\u1ebfch \u0111\u1ea1i gi\u00fap giao ti\u1ebfp ngay trong m\u00f4i tr\u01b0\u1eddng l\u00e0m vi\u1ec7c b\u1ecb \u00f4 nhi\u1ec5m ti\u1ebfng \u1ed3n.\" \/>\n<meta name=\"robots\" content=\"index, follow, max-snippet:-1, max-image-preview:large, max-video-preview:-1\" \/>\n<link rel=\"canonical\" href=\"http:\/\/anhuysafety.com\/en\/product\/bit-tai-cam-bien-ep-171\/\" \/>\n<meta property=\"og:locale\" content=\"en_US\" \/>\n<meta property=\"og:type\" content=\"article\" \/>\n<meta property=\"og:title\" content=\"B\u1ecbt tai c\u1ea3m bi\u1ebfn EP.171 - C\u00f4ng Ty TNHH Trang Thi\u1ebft B\u1ecb K\u1ef9 Thu\u1eadt An Huy\" \/>\n<meta property=\"og:description\" content=\"Gi\u1ea3m ti\u1ebfng \u1ed3n b\u1ea3o v\u1ec7 c\u01a1 quan th\u00ednh gi\u00e1c, \u0111\u1ed3ng th\u1eddi c\u00f3 th\u1ec3 l\u1ecdc, gi\u1eef l\u1ea1i d\u1ea3i t\u1ea7n s\u1ed1 \u00e2m thanh ti\u1ebfng n\u00f3i v\u00e0 khuy\u1ebfch \u0111\u1ea1i gi\u00fap giao ti\u1ebfp ngay trong m\u00f4i tr\u01b0\u1eddng l\u00e0m vi\u1ec7c b\u1ecb \u00f4 nhi\u1ec5m ti\u1ebfng \u1ed3n.\" \/>\n<meta property=\"og:url\" content=\"http:\/\/anhuysafety.com\/en\/product\/bit-tai-cam-bien-ep-171\/\" \/>\n<meta property=\"og:site_name\" content=\"C\u00f4ng Ty TNHH Trang Thi\u1ebft B\u1ecb K\u1ef9 Thu\u1eadt An Huy\" \/>\n<meta property=\"article:modified_time\" content=\"2022-04-11T04:41:16+00:00\" \/>\n<meta property=\"og:image\" content=\"https:\/\/anhuysafety.com\/wp-content\/uploads\/2022\/04\/bit-tai-cam-bien.gif\" \/>\n\t<meta property=\"og:image:width\" content=\"400\" \/>\n\t<meta property=\"og:image:height\" content=\"300\" \/>\n\t<meta property=\"og:image:type\" content=\"image\/gif\" \/>\n<meta name=\"twitter:card\" content=\"summary_large_image\" \/>\n<meta name=\"twitter:label1\" content=\"Est. reading time\" \/>\n\t<meta name=\"twitter:data1\" content=\"1 minute\" \/>\n<script type=\"application\/ld+json\" class=\"yoast-schema-graph\">{\"@context\":\"https:\\\/\\\/schema.org\",\"@graph\":[{\"@type\":\"WebPage\",\"@id\":\"http:\\\/\\\/anhuysafety.com\\\/en\\\/product\\\/bit-tai-cam-bien-ep-171\\\/\",\"url\":\"http:\\\/\\\/anhuysafety.com\\\/en\\\/product\\\/bit-tai-cam-bien-ep-171\\\/\",\"name\":\"B\u1ecbt tai c\u1ea3m bi\u1ebfn EP.171 - C\u00f4ng Ty TNHH Trang Thi\u1ebft B\u1ecb K\u1ef9 Thu\u1eadt An Huy\",\"isPartOf\":{\"@id\":\"https:\\\/\\\/anhuysafety.com\\\/#website\"},\"primaryImageOfPage\":{\"@id\":\"http:\\\/\\\/anhuysafety.com\\\/en\\\/product\\\/bit-tai-cam-bien-ep-171\\\/#primaryimage\"},\"image\":{\"@id\":\"http:\\\/\\\/anhuysafety.com\\\/en\\\/product\\\/bit-tai-cam-bien-ep-171\\\/#primaryimage\"},\"thumbnailUrl\":\"https:\\\/\\\/anhuysafety.com\\\/wp-content\\\/uploads\\\/2022\\\/04\\\/bit-tai-cam-bien.gif\",\"datePublished\":\"2022-04-11T04:41:15+00:00\",\"dateModified\":\"2022-04-11T04:41:16+00:00\",\"description\":\"Gi\u1ea3m ti\u1ebfng \u1ed3n b\u1ea3o v\u1ec7 c\u01a1 quan th\u00ednh gi\u00e1c, \u0111\u1ed3ng th\u1eddi c\u00f3 th\u1ec3 l\u1ecdc, gi\u1eef l\u1ea1i d\u1ea3i t\u1ea7n s\u1ed1 \u00e2m thanh ti\u1ebfng n\u00f3i v\u00e0 khuy\u1ebfch \u0111\u1ea1i gi\u00fap giao ti\u1ebfp ngay trong m\u00f4i tr\u01b0\u1eddng l\u00e0m vi\u1ec7c b\u1ecb \u00f4 nhi\u1ec5m ti\u1ebfng \u1ed3n.\",\"breadcrumb\":{\"@id\":\"http:\\\/\\\/anhuysafety.com\\\/en\\\/product\\\/bit-tai-cam-bien-ep-171\\\/#breadcrumb\"},\"inLanguage\":\"en-US\",\"potentialAction\":[{\"@type\":\"ReadAction\",\"target\":[\"http:\\\/\\\/anhuysafety.com\\\/en\\\/product\\\/bit-tai-cam-bien-ep-171\\\/\"]}]},{\"@type\":\"ImageObject\",\"inLanguage\":\"en-US\",\"@id\":\"http:\\\/\\\/anhuysafety.com\\\/en\\\/product\\\/bit-tai-cam-bien-ep-171\\\/#primaryimage\",\"url\":\"https:\\\/\\\/anhuysafety.com\\\/wp-content\\\/uploads\\\/2022\\\/04\\\/bit-tai-cam-bien.gif\",\"contentUrl\":\"https:\\\/\\\/anhuysafety.com\\\/wp-content\\\/uploads\\\/2022\\\/04\\\/bit-tai-cam-bien.gif\",\"width\":400,\"height\":300,\"caption\":\"B\u1ecbt tai c\u1ea3m bi\u1ebfn\"},{\"@type\":\"BreadcrumbList\",\"@id\":\"http:\\\/\\\/anhuysafety.com\\\/en\\\/product\\\/bit-tai-cam-bien-ep-171\\\/#breadcrumb\",\"itemListElement\":[{\"@type\":\"ListItem\",\"position\":1,\"name\":\"Trang ch\u1ee7\",\"item\":\"https:\\\/\\\/anhuysafety.com\\\/\"},{\"@type\":\"ListItem\",\"position\":2,\"name\":\"S\u1ea3n ph\u1ea9m\",\"item\":\"http:\\\/\\\/anhuysafety.com\\\/en\\\/cua-hang\"},{\"@type\":\"ListItem\",\"position\":3,\"name\":\"B\u1ecbt tai c\u1ea3m bi\u1ebfn EP.171\"}]},{\"@type\":\"WebSite\",\"@id\":\"https:\\\/\\\/anhuysafety.com\\\/#website\",\"url\":\"https:\\\/\\\/anhuysafety.com\\\/\",\"name\":\"C\u00f4ng Ty TNHH Trang Thi\u1ebft B\u1ecb K\u1ef9 Thu\u1eadt An Huy\",\"description\":\"\",\"publisher\":{\"@id\":\"https:\\\/\\\/anhuysafety.com\\\/#organization\"},\"potentialAction\":[{\"@type\":\"SearchAction\",\"target\":{\"@type\":\"EntryPoint\",\"urlTemplate\":\"https:\\\/\\\/anhuysafety.com\\\/?s={search_term_string}\"},\"query-input\":{\"@type\":\"PropertyValueSpecification\",\"valueRequired\":true,\"valueName\":\"search_term_string\"}}],\"inLanguage\":\"en-US\"},{\"@type\":\"Organization\",\"@id\":\"https:\\\/\\\/anhuysafety.com\\\/#organization\",\"name\":\"C\u00f4ng ty TNHH trang thi\u1ebft b\u1ecb k\u1ef9 thu\u1eadt An Huy\",\"url\":\"https:\\\/\\\/anhuysafety.com\\\/\",\"logo\":{\"@type\":\"ImageObject\",\"inLanguage\":\"en-US\",\"@id\":\"https:\\\/\\\/anhuysafety.com\\\/#\\\/schema\\\/logo\\\/image\\\/\",\"url\":\"https:\\\/\\\/anhuysafety.com\\\/wp-content\\\/uploads\\\/2022\\\/02\\\/cropped-cropped-cropped-LOGO_AN_HUY_SAFETY_chuan-removebg-preview-1.png\",\"contentUrl\":\"https:\\\/\\\/anhuysafety.com\\\/wp-content\\\/uploads\\\/2022\\\/02\\\/cropped-cropped-cropped-LOGO_AN_HUY_SAFETY_chuan-removebg-preview-1.png\",\"width\":357,\"height\":318,\"caption\":\"C\u00f4ng ty TNHH trang thi\u1ebft b\u1ecb k\u1ef9 thu\u1eadt An Huy\"},\"image\":{\"@id\":\"https:\\\/\\\/anhuysafety.com\\\/#\\\/schema\\\/logo\\\/image\\\/\"}}]}<\/script>\n<!-- \/ Yoast SEO plugin. -->","yoast_head_json":{"title":"B\u1ecbt tai c\u1ea3m bi\u1ebfn EP.171 - C\u00f4ng Ty TNHH Trang Thi\u1ebft B\u1ecb K\u1ef9 Thu\u1eadt An Huy","description":"Gi\u1ea3m ti\u1ebfng \u1ed3n b\u1ea3o v\u1ec7 c\u01a1 quan th\u00ednh gi\u00e1c, \u0111\u1ed3ng th\u1eddi c\u00f3 th\u1ec3 l\u1ecdc, gi\u1eef l\u1ea1i d\u1ea3i t\u1ea7n s\u1ed1 \u00e2m thanh ti\u1ebfng n\u00f3i v\u00e0 khuy\u1ebfch \u0111\u1ea1i gi\u00fap giao ti\u1ebfp ngay trong m\u00f4i tr\u01b0\u1eddng l\u00e0m vi\u1ec7c b\u1ecb \u00f4 nhi\u1ec5m ti\u1ebfng \u1ed3n.","robots":{"index":"index","follow":"follow","max-snippet":"max-snippet:-1","max-image-preview":"max-image-preview:large","max-video-preview":"max-video-preview:-1"},"canonical":"http:\/\/anhuysafety.com\/en\/product\/bit-tai-cam-bien-ep-171\/","og_locale":"en_US","og_type":"article","og_title":"B\u1ecbt tai c\u1ea3m bi\u1ebfn EP.171 - C\u00f4ng Ty TNHH Trang Thi\u1ebft B\u1ecb K\u1ef9 Thu\u1eadt An Huy","og_description":"Gi\u1ea3m ti\u1ebfng \u1ed3n b\u1ea3o v\u1ec7 c\u01a1 quan th\u00ednh gi\u00e1c, \u0111\u1ed3ng th\u1eddi c\u00f3 th\u1ec3 l\u1ecdc, gi\u1eef l\u1ea1i d\u1ea3i t\u1ea7n s\u1ed1 \u00e2m thanh ti\u1ebfng n\u00f3i v\u00e0 khuy\u1ebfch \u0111\u1ea1i gi\u00fap giao ti\u1ebfp ngay trong m\u00f4i tr\u01b0\u1eddng l\u00e0m vi\u1ec7c b\u1ecb \u00f4 nhi\u1ec5m ti\u1ebfng \u1ed3n.","og_url":"http:\/\/anhuysafety.com\/en\/product\/bit-tai-cam-bien-ep-171\/","og_site_name":"C\u00f4ng Ty TNHH Trang Thi\u1ebft B\u1ecb K\u1ef9 Thu\u1eadt An Huy","article_modified_time":"2022-04-11T04:41:16+00:00","og_image":[{"width":400,"height":300,"url":"https:\/\/anhuysafety.com\/wp-content\/uploads\/2022\/04\/bit-tai-cam-bien.gif","type":"image\/gif"}],"twitter_card":"summary_large_image","twitter_misc":{"Est. reading time":"1 minute"},"schema":{"@context":"https:\/\/schema.org","@graph":[{"@type":"WebPage","@id":"http:\/\/anhuysafety.com\/en\/product\/bit-tai-cam-bien-ep-171\/","url":"http:\/\/anhuysafety.com\/en\/product\/bit-tai-cam-bien-ep-171\/","name":"B\u1ecbt tai c\u1ea3m bi\u1ebfn EP.171 - C\u00f4ng Ty TNHH Trang Thi\u1ebft B\u1ecb K\u1ef9 Thu\u1eadt An Huy","isPartOf":{"@id":"https:\/\/anhuysafety.com\/#website"},"primaryImageOfPage":{"@id":"http:\/\/anhuysafety.com\/en\/product\/bit-tai-cam-bien-ep-171\/#primaryimage"},"image":{"@id":"http:\/\/anhuysafety.com\/en\/product\/bit-tai-cam-bien-ep-171\/#primaryimage"},"thumbnailUrl":"https:\/\/anhuysafety.com\/wp-content\/uploads\/2022\/04\/bit-tai-cam-bien.gif","datePublished":"2022-04-11T04:41:15+00:00","dateModified":"2022-04-11T04:41:16+00:00","description":"Gi\u1ea3m ti\u1ebfng \u1ed3n b\u1ea3o v\u1ec7 c\u01a1 quan th\u00ednh gi\u00e1c, \u0111\u1ed3ng th\u1eddi c\u00f3 th\u1ec3 l\u1ecdc, gi\u1eef l\u1ea1i d\u1ea3i t\u1ea7n s\u1ed1 \u00e2m thanh ti\u1ebfng n\u00f3i v\u00e0 khuy\u1ebfch \u0111\u1ea1i gi\u00fap giao ti\u1ebfp ngay trong m\u00f4i tr\u01b0\u1eddng l\u00e0m vi\u1ec7c b\u1ecb \u00f4 nhi\u1ec5m ti\u1ebfng \u1ed3n.","breadcrumb":{"@id":"http:\/\/anhuysafety.com\/en\/product\/bit-tai-cam-bien-ep-171\/#breadcrumb"},"inLanguage":"en-US","potentialAction":[{"@type":"ReadAction","target":["http:\/\/anhuysafety.com\/en\/product\/bit-tai-cam-bien-ep-171\/"]}]},{"@type":"ImageObject","inLanguage":"en-US","@id":"http:\/\/anhuysafety.com\/en\/product\/bit-tai-cam-bien-ep-171\/#primaryimage","url":"https:\/\/anhuysafety.com\/wp-content\/uploads\/2022\/04\/bit-tai-cam-bien.gif","contentUrl":"https:\/\/anhuysafety.com\/wp-content\/uploads\/2022\/04\/bit-tai-cam-bien.gif","width":400,"height":300,"caption":"B\u1ecbt tai c\u1ea3m bi\u1ebfn"},{"@type":"BreadcrumbList","@id":"http:\/\/anhuysafety.com\/en\/product\/bit-tai-cam-bien-ep-171\/#breadcrumb","itemListElement":[{"@type":"ListItem","position":1,"name":"Trang ch\u1ee7","item":"https:\/\/anhuysafety.com\/"},{"@type":"ListItem","position":2,"name":"S\u1ea3n ph\u1ea9m","item":"http:\/\/anhuysafety.com\/en\/cua-hang"},{"@type":"ListItem","position":3,"name":"B\u1ecbt tai c\u1ea3m bi\u1ebfn EP.171"}]},{"@type":"WebSite","@id":"https:\/\/anhuysafety.com\/#website","url":"https:\/\/anhuysafety.com\/","name":"AN HUY TECHNICAL EQUIPMENT CO., LTD","description":"","publisher":{"@id":"https:\/\/anhuysafety.com\/#organization"},"potentialAction":[{"@type":"SearchAction","target":{"@type":"EntryPoint","urlTemplate":"https:\/\/anhuysafety.com\/?s={search_term_string}"},"query-input":{"@type":"PropertyValueSpecification","valueRequired":true,"valueName":"search_term_string"}}],"inLanguage":"en-US"},{"@type":"Organization","@id":"https:\/\/anhuysafety.com\/#organization","name":"C\u00f4ng ty TNHH trang thi\u1ebft b\u1ecb k\u1ef9 thu\u1eadt An Huy","url":"https:\/\/anhuysafety.com\/","logo":{"@type":"ImageObject","inLanguage":"en-US","@id":"https:\/\/anhuysafety.com\/#\/schema\/logo\/image\/","url":"https:\/\/anhuysafety.com\/wp-content\/uploads\/2022\/02\/cropped-cropped-cropped-LOGO_AN_HUY_SAFETY_chuan-removebg-preview-1.png","contentUrl":"https:\/\/anhuysafety.com\/wp-content\/uploads\/2022\/02\/cropped-cropped-cropped-LOGO_AN_HUY_SAFETY_chuan-removebg-preview-1.png","width":357,"height":318,"caption":"C\u00f4ng ty TNHH trang thi\u1ebft b\u1ecb k\u1ef9 thu\u1eadt An Huy"},"image":{"@id":"https:\/\/anhuysafety.com\/#\/schema\/logo\/image\/"}}]}},"_links":{"self":[{"href":"https:\/\/anhuysafety.com\/en\/wp-json\/wp\/v2\/product\/3493","targetHints":{"allow":["GET"]}}],"collection":[{"href":"https:\/\/anhuysafety.com\/en\/wp-json\/wp\/v2\/product"}],"about":[{"href":"https:\/\/anhuysafety.com\/en\/wp-json\/wp\/v2\/types\/product"}],"version-history":[{"count":1,"href":"https:\/\/anhuysafety.com\/en\/wp-json\/wp\/v2\/product\/3493\/revisions"}],"predecessor-version":[{"id":3496,"href":"https:\/\/anhuysafety.com\/en\/wp-json\/wp\/v2\/product\/3493\/revisions\/3496"}],"wp:featuredmedia":[{"embeddable":true,"href":"https:\/\/anhuysafety.com\/en\/wp-json\/wp\/v2\/media\/3494"}],"wp:attachment":[{"href":"https:\/\/anhuysafety.com\/en\/wp-json\/wp\/v2\/media?parent=3493"}],"wp:term":[{"taxonomy":"product_brand","embeddable":true,"href":"https:\/\/anhuysafety.com\/en\/wp-json\/wp\/v2\/product_brand?post=3493"},{"taxonomy":"product_cat","embeddable":true,"href":"https:\/\/anhuysafety.com\/en\/wp-json\/wp\/v2\/product_cat?post=3493"},{"taxonomy":"product_tag","embeddable":true,"href":"https:\/\/anhuysafety.com\/en\/wp-json\/wp\/v2\/product_tag?post=3493"}],"curies":[{"name":"wp","href":"https:\/\/api.w.org\/{rel}","templated":true}]}}