{"id":3495,"date":"2022-04-11T11:43:19","date_gmt":"2022-04-11T04:43:19","guid":{"rendered":"https:\/\/anhuysafety.com\/?post_type=product&#038;p=3495"},"modified":"2022-04-12T10:38:48","modified_gmt":"2022-04-12T03:38:48","slug":"bit-tai-radio-ep-172","status":"publish","type":"product","link":"https:\/\/anhuysafety.com\/en\/product\/bit-tai-radio-ep-172\/","title":{"rendered":"B\u1ecbt tai \u2013 Radio EP.172"},"content":{"rendered":"<p>Chi ti\u1ebft s\u1ea3n ph\u1ea9m:<\/p>\n<p>EP.172\u00a0 B\u1ecbt tai ch\u1ed1ng \u1ed3n \u2013 Radio FM<\/p>\n<p>Ti\u1ebfng \u1ed3n l\u00e0 nh\u1eefng \u00e2m thanh ngo\u00e0i \u00fd mu\u1ed1n, g\u00e2y kh\u00f3 ch\u1ecbu v\u00e0 qu\u1ea5y r\u1ed1i con ng\u01b0\u1eddi khi ngh\u1ec9 ng\u01a1i v\u00e0 l\u00e0m vi\u1ec7c.<br \/>\nB\u1ecbt tai EP.172 l\u00e0m gi\u1ea3m ti\u1ebfng \u1ed3n \u0111\u1ebfn 30dB, m\u1eb7t kh\u00e1c c\u00f3 th\u1ec3 nghe ca nh\u1ea1c, tin t\u1ee9c t\u1eeb s\u00f3ng ph\u00e1t thanh FM trong d\u1ea3i t\u1ea7n s\u1ed1 88 \u0111\u1ebfn 108 MHZ. Ch\u1ea5t l\u01b0\u1ee3ng \u00e2m thanh stereo .<br \/>\nEP.172 s\u1eed d\u1ee5ng ngu\u1ed3n cung c\u1ea5p l\u00e0 2 pin ti\u1ec3u ( 1,5 Vx2) th\u00f4ng d\u1ee5ng.<br \/>\nTh\u1eddi gian s\u1eed d\u1ee5ng pin ph\u1ee5 thu\u1ed9c m\u1ee9c \u0111\u1ed9 \u00f4 nhi\u1ec5m ti\u1ebfng \u1ed3n v\u00e0 \u00e2m l\u01b0\u1ee3ng khi nghe Radio FM, th\u00f4ng th\u01b0\u1eddng trong kho\u1ea3ng 70 \u0111\u1ebfn 72 gi\u1edd.<br \/>\nK\u1ebft c\u1ea5u ch\u1eafc ch\u1eafn, do khung c\u00f3 th\u1ec3 g\u1eadp l\u1ea1i v\u00ec v\u1eady r\u1ea5t g\u1ecdn g\u00e0ng, ti\u1ec7n l\u1ee3i khi mang theo ng\u01b0\u1eddi.<br \/>\nS\u1ea3n ph\u1ea9m ph\u00f9 h\u1ee3p Ti\u00eau chu\u1ea7n C\u1ee7a M\u1ef9 ANSI S3.19.<br \/>\nKh\u1ea3 n\u0103ng gi\u1ea3m\u00a0 ti\u1ebfng \u1ed3n : Theo ti\u00eau chu\u1ea9n ANSI NRR : 30dB.<br \/>\nTheo ti\u00eau chu\u1ea9n CE\u00a0\u00a0\u00a0 SNR\u00a0 : 25dB<br \/>\nC\u00e1ch d\u00f9ng:<br \/>\n&#8211; Ch\u1ecdn \u0111\u00e0i FM theo \u00fd mu\u1ed1n b\u1eb1ng c\u00e1ch \u0111i\u1ec1u ch\u1ec9nh n\u00fam d\u00f2 \u0111\u00e0i tr\u00ean \u1ed1p che tai.<br \/>\n&#8211; \u0110i\u1ec1u ch\u1ec9nh \u00e2m l\u01b0\u1ee3ng nghe b\u1eb1ng n\u00fam \u0111i\u1ec1u ch\u1ec9nh ph\u00eda d\u01b0\u1edbi n\u00fam d\u00f2 \u0111\u00e0i FM.<\/p>\n<p>Xu\u1ea5t x\u1ee9: \u0110\u00e0i Loan<\/p>","protected":false},"excerpt":{"rendered":"<p>Chi ti\u1ebft s\u1ea3n ph\u1ea9m: EP.172\u00a0 B\u1ecbt tai ch\u1ed1ng \u1ed3n \u2013 Radio FM Ti\u1ebfng \u1ed3n l\u00e0 nh\u1eefng \u00e2m thanh ngo\u00e0i \u00fd mu\u1ed1n, g\u00e2y kh\u00f3 ch\u1ecbu v\u00e0 qu\u1ea5y r\u1ed1i con ng\u01b0\u1eddi khi ngh\u1ec9 ng\u01a1i v\u00e0 l\u00e0m vi\u1ec7c. B\u1ecbt tai EP.172 l\u00e0m gi\u1ea3m ti\u1ebfng \u1ed3n \u0111\u1ebfn 30dB, m\u1eb7t kh\u00e1c c\u00f3 th\u1ec3 nghe ca nh\u1ea1c, tin t\u1ee9c t\u1eeb s\u00f3ng [&hellip;]<\/p>\n","protected":false},"featured_media":3497,"template":"","meta":{"site-sidebar-layout":"default","site-content-layout":"default","ast-site-content-layout":"default","site-content-style":"default","site-sidebar-style":"default","ast-global-header-display":"","ast-banner-title-visibility":"","ast-main-header-display":"","ast-hfb-above-header-display":"","ast-hfb-below-header-display":"","ast-hfb-mobile-header-display":"","site-post-title":"","ast-breadcrumbs-content":"","ast-featured-img":"","footer-sml-layout":"","ast-disable-related-posts":"","theme-transparent-header-meta":"","adv-header-id-meta":"","stick-header-meta":"","header-above-stick-meta":"","header-main-stick-meta":"","header-below-stick-meta":"","astra-migrate-meta-layouts":"default","ast-page-background-enabled":"default","ast-page-background-meta":{"desktop":{"background-color":"","background-image":"","background-repeat":"repeat","background-position":"center center","background-size":"auto","background-attachment":"scroll","background-type":"","background-media":"","overlay-type":"","overlay-color":"","overlay-opacity":"","overlay-gradient":""},"tablet":{"background-color":"","background-image":"","background-repeat":"repeat","background-position":"center center","background-size":"auto","background-attachment":"scroll","background-type":"","background-media":"","overlay-type":"","overlay-color":"","overlay-opacity":"","overlay-gradient":""},"mobile":{"background-color":"","background-image":"","background-repeat":"repeat","background-position":"center center","background-size":"auto","background-attachment":"scroll","background-type":"","background-media":"","overlay-type":"","overlay-color":"","overlay-opacity":"","overlay-gradient":""}},"ast-content-background-meta":{"desktop":{"background-color":"var(--ast-global-color-5)","background-image":"","background-repeat":"repeat","background-position":"center center","background-size":"auto","background-attachment":"scroll","background-type":"","background-media":"","overlay-type":"","overlay-color":"","overlay-opacity":"","overlay-gradient":""},"tablet":{"background-color":"var(--ast-global-color-5)","background-image":"","background-repeat":"repeat","background-position":"center center","background-size":"auto","background-attachment":"scroll","background-type":"","background-media":"","overlay-type":"","overlay-color":"","overlay-opacity":"","overlay-gradient":""},"mobile":{"background-color":"var(--ast-global-color-5)","background-image":"","background-repeat":"repeat","background-position":"center center","background-size":"auto","background-attachment":"scroll","background-type":"","background-media":"","overlay-type":"","overlay-color":"","overlay-opacity":"","overlay-gradient":""}}},"product_brand":[],"product_cat":[123,67,70],"product_tag":[],"class_list":{"0":"post-3495","1":"product","2":"type-product","3":"status-publish","4":"has-post-thumbnail","6":"product_cat-bit-tai-dien-chong-on","7":"product_cat-bao-ve-ca-nhan","8":"product_cat-bao-ve-thinh-giac","9":"desktop-align-left","10":"tablet-align-left","11":"mobile-align-left","13":"first","14":"instock","15":"shipping-taxable","16":"product-type-simple"},"yoast_head":"<!-- This site is optimized with the Yoast SEO plugin v27.4 - https:\/\/yoast.com\/product\/yoast-seo-wordpress\/ -->\n<title>B\u1ecbt tai \u2013 Radio EP.172 - C\u00f4ng Ty TNHH Trang Thi\u1ebft B\u1ecb K\u1ef9 Thu\u1eadt An Huy<\/title>\n<meta name=\"description\" content=\"B\u1ecbt tai \u2013 Radio EP.172\" \/>\n<meta name=\"robots\" content=\"index, follow, max-snippet:-1, max-image-preview:large, max-video-preview:-1\" \/>\n<link rel=\"canonical\" href=\"http:\/\/anhuysafety.com\/en\/product\/bit-tai-radio-ep-172\/\" \/>\n<meta property=\"og:locale\" content=\"en_US\" \/>\n<meta property=\"og:type\" content=\"article\" \/>\n<meta property=\"og:title\" content=\"B\u1ecbt tai \u2013 Radio EP.172 - C\u00f4ng Ty TNHH Trang Thi\u1ebft B\u1ecb K\u1ef9 Thu\u1eadt An Huy\" \/>\n<meta property=\"og:description\" content=\"B\u1ecbt tai \u2013 Radio EP.172\" \/>\n<meta property=\"og:url\" content=\"http:\/\/anhuysafety.com\/en\/product\/bit-tai-radio-ep-172\/\" \/>\n<meta property=\"og:site_name\" content=\"C\u00f4ng Ty TNHH Trang Thi\u1ebft B\u1ecb K\u1ef9 Thu\u1eadt An Huy\" \/>\n<meta property=\"article:modified_time\" content=\"2022-04-12T03:38:48+00:00\" \/>\n<meta property=\"og:image\" content=\"https:\/\/anhuysafety.com\/wp-content\/uploads\/2022\/04\/ep17263336863.gif\" \/>\n\t<meta property=\"og:image:width\" content=\"400\" \/>\n\t<meta property=\"og:image:height\" content=\"300\" \/>\n\t<meta property=\"og:image:type\" content=\"image\/gif\" \/>\n<meta name=\"twitter:card\" content=\"summary_large_image\" \/>\n<meta name=\"twitter:label1\" content=\"Est. reading time\" \/>\n\t<meta name=\"twitter:data1\" content=\"1 minute\" \/>\n<script type=\"application\/ld+json\" class=\"yoast-schema-graph\">{\"@context\":\"https:\\\/\\\/schema.org\",\"@graph\":[{\"@type\":\"WebPage\",\"@id\":\"http:\\\/\\\/anhuysafety.com\\\/en\\\/product\\\/bit-tai-radio-ep-172\\\/\",\"url\":\"http:\\\/\\\/anhuysafety.com\\\/en\\\/product\\\/bit-tai-radio-ep-172\\\/\",\"name\":\"B\u1ecbt tai \u2013 Radio EP.172 - C\u00f4ng Ty TNHH Trang Thi\u1ebft B\u1ecb K\u1ef9 Thu\u1eadt An Huy\",\"isPartOf\":{\"@id\":\"https:\\\/\\\/anhuysafety.com\\\/#website\"},\"primaryImageOfPage\":{\"@id\":\"http:\\\/\\\/anhuysafety.com\\\/en\\\/product\\\/bit-tai-radio-ep-172\\\/#primaryimage\"},\"image\":{\"@id\":\"http:\\\/\\\/anhuysafety.com\\\/en\\\/product\\\/bit-tai-radio-ep-172\\\/#primaryimage\"},\"thumbnailUrl\":\"https:\\\/\\\/anhuysafety.com\\\/wp-content\\\/uploads\\\/2022\\\/04\\\/ep17263336863.gif\",\"datePublished\":\"2022-04-11T04:43:19+00:00\",\"dateModified\":\"2022-04-12T03:38:48+00:00\",\"description\":\"B\u1ecbt tai \u2013 Radio EP.172\",\"breadcrumb\":{\"@id\":\"http:\\\/\\\/anhuysafety.com\\\/en\\\/product\\\/bit-tai-radio-ep-172\\\/#breadcrumb\"},\"inLanguage\":\"en-US\",\"potentialAction\":[{\"@type\":\"ReadAction\",\"target\":[\"http:\\\/\\\/anhuysafety.com\\\/en\\\/product\\\/bit-tai-radio-ep-172\\\/\"]}]},{\"@type\":\"ImageObject\",\"inLanguage\":\"en-US\",\"@id\":\"http:\\\/\\\/anhuysafety.com\\\/en\\\/product\\\/bit-tai-radio-ep-172\\\/#primaryimage\",\"url\":\"https:\\\/\\\/anhuysafety.com\\\/wp-content\\\/uploads\\\/2022\\\/04\\\/ep17263336863.gif\",\"contentUrl\":\"https:\\\/\\\/anhuysafety.com\\\/wp-content\\\/uploads\\\/2022\\\/04\\\/ep17263336863.gif\",\"width\":400,\"height\":300,\"caption\":\"B\u1ecbt tai c\u1ea3m bi\u1ebfn\"},{\"@type\":\"BreadcrumbList\",\"@id\":\"http:\\\/\\\/anhuysafety.com\\\/en\\\/product\\\/bit-tai-radio-ep-172\\\/#breadcrumb\",\"itemListElement\":[{\"@type\":\"ListItem\",\"position\":1,\"name\":\"Trang ch\u1ee7\",\"item\":\"https:\\\/\\\/anhuysafety.com\\\/\"},{\"@type\":\"ListItem\",\"position\":2,\"name\":\"S\u1ea3n ph\u1ea9m\",\"item\":\"http:\\\/\\\/anhuysafety.com\\\/en\\\/cua-hang\"},{\"@type\":\"ListItem\",\"position\":3,\"name\":\"B\u1ecbt tai \u2013 Radio EP.172\"}]},{\"@type\":\"WebSite\",\"@id\":\"https:\\\/\\\/anhuysafety.com\\\/#website\",\"url\":\"https:\\\/\\\/anhuysafety.com\\\/\",\"name\":\"C\u00f4ng Ty TNHH Trang Thi\u1ebft B\u1ecb K\u1ef9 Thu\u1eadt An Huy\",\"description\":\"\",\"publisher\":{\"@id\":\"https:\\\/\\\/anhuysafety.com\\\/#organization\"},\"potentialAction\":[{\"@type\":\"SearchAction\",\"target\":{\"@type\":\"EntryPoint\",\"urlTemplate\":\"https:\\\/\\\/anhuysafety.com\\\/?s={search_term_string}\"},\"query-input\":{\"@type\":\"PropertyValueSpecification\",\"valueRequired\":true,\"valueName\":\"search_term_string\"}}],\"inLanguage\":\"en-US\"},{\"@type\":\"Organization\",\"@id\":\"https:\\\/\\\/anhuysafety.com\\\/#organization\",\"name\":\"C\u00f4ng ty TNHH trang thi\u1ebft b\u1ecb k\u1ef9 thu\u1eadt An Huy\",\"url\":\"https:\\\/\\\/anhuysafety.com\\\/\",\"logo\":{\"@type\":\"ImageObject\",\"inLanguage\":\"en-US\",\"@id\":\"https:\\\/\\\/anhuysafety.com\\\/#\\\/schema\\\/logo\\\/image\\\/\",\"url\":\"https:\\\/\\\/anhuysafety.com\\\/wp-content\\\/uploads\\\/2022\\\/02\\\/cropped-cropped-cropped-LOGO_AN_HUY_SAFETY_chuan-removebg-preview-1.png\",\"contentUrl\":\"https:\\\/\\\/anhuysafety.com\\\/wp-content\\\/uploads\\\/2022\\\/02\\\/cropped-cropped-cropped-LOGO_AN_HUY_SAFETY_chuan-removebg-preview-1.png\",\"width\":357,\"height\":318,\"caption\":\"C\u00f4ng ty TNHH trang thi\u1ebft b\u1ecb k\u1ef9 thu\u1eadt An Huy\"},\"image\":{\"@id\":\"https:\\\/\\\/anhuysafety.com\\\/#\\\/schema\\\/logo\\\/image\\\/\"}}]}<\/script>\n<!-- \/ Yoast SEO plugin. -->","yoast_head_json":{"title":"B\u1ecbt tai \u2013 Radio EP.172 - C\u00f4ng Ty TNHH Trang Thi\u1ebft B\u1ecb K\u1ef9 Thu\u1eadt An Huy","description":"B\u1ecbt tai \u2013 Radio EP.172","robots":{"index":"index","follow":"follow","max-snippet":"max-snippet:-1","max-image-preview":"max-image-preview:large","max-video-preview":"max-video-preview:-1"},"canonical":"http:\/\/anhuysafety.com\/en\/product\/bit-tai-radio-ep-172\/","og_locale":"en_US","og_type":"article","og_title":"B\u1ecbt tai \u2013 Radio EP.172 - C\u00f4ng Ty TNHH Trang Thi\u1ebft B\u1ecb K\u1ef9 Thu\u1eadt An Huy","og_description":"B\u1ecbt tai \u2013 Radio EP.172","og_url":"http:\/\/anhuysafety.com\/en\/product\/bit-tai-radio-ep-172\/","og_site_name":"C\u00f4ng Ty TNHH Trang Thi\u1ebft B\u1ecb K\u1ef9 Thu\u1eadt An Huy","article_modified_time":"2022-04-12T03:38:48+00:00","og_image":[{"width":400,"height":300,"url":"https:\/\/anhuysafety.com\/wp-content\/uploads\/2022\/04\/ep17263336863.gif","type":"image\/gif"}],"twitter_card":"summary_large_image","twitter_misc":{"Est. reading time":"1 minute"},"schema":{"@context":"https:\/\/schema.org","@graph":[{"@type":"WebPage","@id":"http:\/\/anhuysafety.com\/en\/product\/bit-tai-radio-ep-172\/","url":"http:\/\/anhuysafety.com\/en\/product\/bit-tai-radio-ep-172\/","name":"B\u1ecbt tai \u2013 Radio EP.172 - C\u00f4ng Ty TNHH Trang Thi\u1ebft B\u1ecb K\u1ef9 Thu\u1eadt An Huy","isPartOf":{"@id":"https:\/\/anhuysafety.com\/#website"},"primaryImageOfPage":{"@id":"http:\/\/anhuysafety.com\/en\/product\/bit-tai-radio-ep-172\/#primaryimage"},"image":{"@id":"http:\/\/anhuysafety.com\/en\/product\/bit-tai-radio-ep-172\/#primaryimage"},"thumbnailUrl":"https:\/\/anhuysafety.com\/wp-content\/uploads\/2022\/04\/ep17263336863.gif","datePublished":"2022-04-11T04:43:19+00:00","dateModified":"2022-04-12T03:38:48+00:00","description":"B\u1ecbt tai \u2013 Radio EP.172","breadcrumb":{"@id":"http:\/\/anhuysafety.com\/en\/product\/bit-tai-radio-ep-172\/#breadcrumb"},"inLanguage":"en-US","potentialAction":[{"@type":"ReadAction","target":["http:\/\/anhuysafety.com\/en\/product\/bit-tai-radio-ep-172\/"]}]},{"@type":"ImageObject","inLanguage":"en-US","@id":"http:\/\/anhuysafety.com\/en\/product\/bit-tai-radio-ep-172\/#primaryimage","url":"https:\/\/anhuysafety.com\/wp-content\/uploads\/2022\/04\/ep17263336863.gif","contentUrl":"https:\/\/anhuysafety.com\/wp-content\/uploads\/2022\/04\/ep17263336863.gif","width":400,"height":300,"caption":"B\u1ecbt tai c\u1ea3m bi\u1ebfn"},{"@type":"BreadcrumbList","@id":"http:\/\/anhuysafety.com\/en\/product\/bit-tai-radio-ep-172\/#breadcrumb","itemListElement":[{"@type":"ListItem","position":1,"name":"Trang ch\u1ee7","item":"https:\/\/anhuysafety.com\/"},{"@type":"ListItem","position":2,"name":"S\u1ea3n ph\u1ea9m","item":"http:\/\/anhuysafety.com\/en\/cua-hang"},{"@type":"ListItem","position":3,"name":"B\u1ecbt tai \u2013 Radio EP.172"}]},{"@type":"WebSite","@id":"https:\/\/anhuysafety.com\/#website","url":"https:\/\/anhuysafety.com\/","name":"AN HUY TECHNICAL EQUIPMENT CO., LTD","description":"","publisher":{"@id":"https:\/\/anhuysafety.com\/#organization"},"potentialAction":[{"@type":"SearchAction","target":{"@type":"EntryPoint","urlTemplate":"https:\/\/anhuysafety.com\/?s={search_term_string}"},"query-input":{"@type":"PropertyValueSpecification","valueRequired":true,"valueName":"search_term_string"}}],"inLanguage":"en-US"},{"@type":"Organization","@id":"https:\/\/anhuysafety.com\/#organization","name":"C\u00f4ng ty TNHH trang thi\u1ebft b\u1ecb k\u1ef9 thu\u1eadt An Huy","url":"https:\/\/anhuysafety.com\/","logo":{"@type":"ImageObject","inLanguage":"en-US","@id":"https:\/\/anhuysafety.com\/#\/schema\/logo\/image\/","url":"https:\/\/anhuysafety.com\/wp-content\/uploads\/2022\/02\/cropped-cropped-cropped-LOGO_AN_HUY_SAFETY_chuan-removebg-preview-1.png","contentUrl":"https:\/\/anhuysafety.com\/wp-content\/uploads\/2022\/02\/cropped-cropped-cropped-LOGO_AN_HUY_SAFETY_chuan-removebg-preview-1.png","width":357,"height":318,"caption":"C\u00f4ng ty TNHH trang thi\u1ebft b\u1ecb k\u1ef9 thu\u1eadt An Huy"},"image":{"@id":"https:\/\/anhuysafety.com\/#\/schema\/logo\/image\/"}}]}},"_links":{"self":[{"href":"https:\/\/anhuysafety.com\/en\/wp-json\/wp\/v2\/product\/3495","targetHints":{"allow":["GET"]}}],"collection":[{"href":"https:\/\/anhuysafety.com\/en\/wp-json\/wp\/v2\/product"}],"about":[{"href":"https:\/\/anhuysafety.com\/en\/wp-json\/wp\/v2\/types\/product"}],"version-history":[{"count":1,"href":"https:\/\/anhuysafety.com\/en\/wp-json\/wp\/v2\/product\/3495\/revisions"}],"predecessor-version":[{"id":3498,"href":"https:\/\/anhuysafety.com\/en\/wp-json\/wp\/v2\/product\/3495\/revisions\/3498"}],"wp:featuredmedia":[{"embeddable":true,"href":"https:\/\/anhuysafety.com\/en\/wp-json\/wp\/v2\/media\/3497"}],"wp:attachment":[{"href":"https:\/\/anhuysafety.com\/en\/wp-json\/wp\/v2\/media?parent=3495"}],"wp:term":[{"taxonomy":"product_brand","embeddable":true,"href":"https:\/\/anhuysafety.com\/en\/wp-json\/wp\/v2\/product_brand?post=3495"},{"taxonomy":"product_cat","embeddable":true,"href":"https:\/\/anhuysafety.com\/en\/wp-json\/wp\/v2\/product_cat?post=3495"},{"taxonomy":"product_tag","embeddable":true,"href":"https:\/\/anhuysafety.com\/en\/wp-json\/wp\/v2\/product_tag?post=3495"}],"curies":[{"name":"wp","href":"https:\/\/api.w.org\/{rel}","templated":true}]}}