{"id":3522,"date":"2022-04-11T12:32:26","date_gmt":"2022-04-11T05:32:26","guid":{"rendered":"https:\/\/anhuysafety.com\/?post_type=product&#038;p=3522"},"modified":"2022-04-11T12:32:31","modified_gmt":"2022-04-11T05:32:31","slug":"mat-na-loc-doc-nga-gp5","status":"publish","type":"product","link":"https:\/\/anhuysafety.com\/en\/product\/mat-na-loc-doc-nga-gp5\/","title":{"rendered":"M\u1eb7t n\u1ea1 l\u1ecdc \u0111\u1ed9c Nga GP5"},"content":{"rendered":"<p>M\u1eb7t n\u1ea1 l\u1ecdc \u0111\u1ed9c GP5<\/p>\n<p>S\u1eed d\u1ee5ng b\u1ea3o v\u1ec7 h\u00f4 h\u1ea5p, m\u1eaft, m\u1eb7t ch\u1ed1ng l\u1ea1i c\u00e1c h\u01a1i kh\u00ed b\u1ee5i \u0111\u1ed9c, b\u1ee5i ph\u00f3ng x\u1ea1 v\u00e0 t\u00e1c nh\u00e2n chi\u1ebfn tranh sinh h\u1ecdc.<br \/>\nS\u1ea3n ph\u1ea9m \u0111\u01b0\u1ee3c ch\u1ebf t\u1ea1o trang b\u1ecb cho qu\u00e2n \u0111\u1ed9i, c\u00f4ng an, d\u00e2n ph\u00f2ng nh\u01b0ng c\u0169ng s\u1eed d\u1ee5ng t\u1ed1t \u0111\u1ec3 b\u1ea3o v\u1ec7 ng\u01b0\u1eddi lao \u0111\u1ed9ng khi l\u00e0m vi\u1ec7c trong m\u00f4i tr\u01b0\u1eddng \u00f4 nhi\u1ec5m h\u01a1i kh\u00ed b\u1ee5i \u0111\u1ed9c.<\/p>\n<p>M\u1eb7t ch\u1ee5p to\u00e0n ph\u1ea7n l\u00e0m t\u1eeb cao su t\u1ef1 nhi\u00ean ( m\u00e0u tr\u1eafng ho\u1eb7c m\u00e0u \u0111en ) \u0111\u00e3 \u0111\u01b0\u1ee3c x\u1eed l\u00fd kh\u00f4ng m\u00f9i h\u00f4i, kh\u00f4ng g\u00e2y d\u1ecb \u1ee9ng cho da v\u00e0 bao g\u1ed3m c\u00e1c c\u1ee1 s\u1ed1 kh\u00e1c nhau.<br \/>\nHai m\u1eaft k\u00ednh l\u1edbn v\u00e0 l\u00e0m b\u1eb1ng v\u1eadt li\u1ec7u r\u1ea5t b\u1ec1n, trong su\u1ed1t l\u00e0m ng\u01b0\u1eddi mang c\u00f3 tr\u01b0\u1eddng nh\u00ecn r\u1ed9ng.<br \/>\nH\u1ed9p l\u1ecdc k\u00fd hi\u1ec7u GP5 v\u1eb7n xo\u1eafn v\u00e0o ph\u1ea7n d\u01b0\u1edbi c\u1ee7a m\u1eb7t ch\u1ee5p to\u00e0n ph\u1ea7n.<br \/>\nTr\u1ecdng l\u01b0\u1ee3ng l\u00e0m vi\u1ec7c 840g.<br \/>\nTi\u00eau chu\u1ea9n \u00e1p d\u1ee5ng : R12.4.193-99 ( c\u1ee7a Nga )<\/p>\n<p>Xu\u1ea5t x\u1ee9: Nga<\/p>","protected":false},"excerpt":{"rendered":"<p>M\u1eb7t n\u1ea1 l\u1ecdc \u0111\u1ed9c GP5 S\u1eed d\u1ee5ng b\u1ea3o v\u1ec7 h\u00f4 h\u1ea5p, m\u1eaft, m\u1eb7t ch\u1ed1ng l\u1ea1i c\u00e1c h\u01a1i kh\u00ed b\u1ee5i \u0111\u1ed9c, b\u1ee5i ph\u00f3ng x\u1ea1 v\u00e0 t\u00e1c nh\u00e2n chi\u1ebfn tranh sinh h\u1ecdc. S\u1ea3n ph\u1ea9m \u0111\u01b0\u1ee3c ch\u1ebf t\u1ea1o trang b\u1ecb cho qu\u00e2n \u0111\u1ed9i, c\u00f4ng an, d\u00e2n ph\u00f2ng nh\u01b0ng c\u0169ng s\u1eed d\u1ee5ng t\u1ed1t \u0111\u1ec3 b\u1ea3o v\u1ec7 ng\u01b0\u1eddi lao \u0111\u1ed9ng [&hellip;]<\/p>\n","protected":false},"featured_media":3523,"template":"","meta":{"site-sidebar-layout":"default","site-content-layout":"default","ast-site-content-layout":"default","site-content-style":"default","site-sidebar-style":"default","ast-global-header-display":"","ast-banner-title-visibility":"","ast-main-header-display":"","ast-hfb-above-header-display":"","ast-hfb-below-header-display":"","ast-hfb-mobile-header-display":"","site-post-title":"","ast-breadcrumbs-content":"","ast-featured-img":"","footer-sml-layout":"","ast-disable-related-posts":"","theme-transparent-header-meta":"","adv-header-id-meta":"","stick-header-meta":"","header-above-stick-meta":"","header-main-stick-meta":"","header-below-stick-meta":"","astra-migrate-meta-layouts":"default","ast-page-background-enabled":"default","ast-page-background-meta":{"desktop":{"background-color":"","background-image":"","background-repeat":"repeat","background-position":"center center","background-size":"auto","background-attachment":"scroll","background-type":"","background-media":"","overlay-type":"","overlay-color":"","overlay-opacity":"","overlay-gradient":""},"tablet":{"background-color":"","background-image":"","background-repeat":"repeat","background-position":"center center","background-size":"auto","background-attachment":"scroll","background-type":"","background-media":"","overlay-type":"","overlay-color":"","overlay-opacity":"","overlay-gradient":""},"mobile":{"background-color":"","background-image":"","background-repeat":"repeat","background-position":"center center","background-size":"auto","background-attachment":"scroll","background-type":"","background-media":"","overlay-type":"","overlay-color":"","overlay-opacity":"","overlay-gradient":""}},"ast-content-background-meta":{"desktop":{"background-color":"var(--ast-global-color-5)","background-image":"","background-repeat":"repeat","background-position":"center center","background-size":"auto","background-attachment":"scroll","background-type":"","background-media":"","overlay-type":"","overlay-color":"","overlay-opacity":"","overlay-gradient":""},"tablet":{"background-color":"var(--ast-global-color-5)","background-image":"","background-repeat":"repeat","background-position":"center center","background-size":"auto","background-attachment":"scroll","background-type":"","background-media":"","overlay-type":"","overlay-color":"","overlay-opacity":"","overlay-gradient":""},"mobile":{"background-color":"var(--ast-global-color-5)","background-image":"","background-repeat":"repeat","background-position":"center center","background-size":"auto","background-attachment":"scroll","background-type":"","background-media":"","overlay-type":"","overlay-color":"","overlay-opacity":"","overlay-gradient":""}}},"product_brand":[],"product_cat":[126,67,71],"product_tag":[],"class_list":{"0":"post-3522","1":"product","2":"type-product","3":"status-publish","4":"has-post-thumbnail","6":"product_cat-mat-na-phong-doc-toan-phan","7":"product_cat-bao-ve-ca-nhan","8":"product_cat-bao-ve-ho-hap","9":"desktop-align-left","10":"tablet-align-left","11":"mobile-align-left","13":"first","14":"instock","15":"shipping-taxable","16":"product-type-simple"},"yoast_head":"<!-- This site is optimized with the Yoast SEO plugin v27.3 - https:\/\/yoast.com\/product\/yoast-seo-wordpress\/ -->\n<title>M\u1eb7t n\u1ea1 l\u1ecdc \u0111\u1ed9c Nga GP5 - C\u00f4ng Ty TNHH Trang Thi\u1ebft B\u1ecb K\u1ef9 Thu\u1eadt An Huy<\/title>\n<meta name=\"description\" content=\"M\u1eb7t n\u1ea1 l\u1ecdc \u0111\u1ed9c Nga GP5\" \/>\n<meta name=\"robots\" content=\"index, follow, max-snippet:-1, max-image-preview:large, max-video-preview:-1\" \/>\n<link rel=\"canonical\" href=\"https:\/\/anhuysafety.com\/en\/product\/mat-na-loc-doc-nga-gp5\/\" \/>\n<meta property=\"og:locale\" content=\"en_US\" \/>\n<meta property=\"og:type\" content=\"article\" \/>\n<meta property=\"og:title\" content=\"M\u1eb7t n\u1ea1 l\u1ecdc \u0111\u1ed9c Nga GP5 - C\u00f4ng Ty TNHH Trang Thi\u1ebft B\u1ecb K\u1ef9 Thu\u1eadt An Huy\" \/>\n<meta property=\"og:description\" content=\"M\u1eb7t n\u1ea1 l\u1ecdc \u0111\u1ed9c Nga GP5\" \/>\n<meta property=\"og:url\" content=\"https:\/\/anhuysafety.com\/en\/product\/mat-na-loc-doc-nga-gp5\/\" \/>\n<meta property=\"og:site_name\" content=\"C\u00f4ng Ty TNHH Trang Thi\u1ebft B\u1ecb K\u1ef9 Thu\u1eadt An Huy\" \/>\n<meta property=\"article:modified_time\" content=\"2022-04-11T05:32:31+00:00\" \/>\n<meta property=\"og:image\" content=\"https:\/\/anhuysafety.com\/wp-content\/uploads\/2022\/04\/mat-na-loc-doc-nga-gp5.gif\" \/>\n\t<meta property=\"og:image:width\" content=\"400\" \/>\n\t<meta property=\"og:image:height\" content=\"300\" \/>\n\t<meta property=\"og:image:type\" content=\"image\/gif\" \/>\n<meta name=\"twitter:card\" content=\"summary_large_image\" \/>\n<meta name=\"twitter:label1\" content=\"Est. reading time\" \/>\n\t<meta name=\"twitter:data1\" content=\"1 minute\" \/>\n<script type=\"application\/ld+json\" class=\"yoast-schema-graph\">{\"@context\":\"https:\\\/\\\/schema.org\",\"@graph\":[{\"@type\":\"WebPage\",\"@id\":\"https:\\\/\\\/anhuysafety.com\\\/san-pham\\\/mat-na-loc-doc-nga-gp5\\\/\",\"url\":\"https:\\\/\\\/anhuysafety.com\\\/san-pham\\\/mat-na-loc-doc-nga-gp5\\\/\",\"name\":\"M\u1eb7t n\u1ea1 l\u1ecdc \u0111\u1ed9c Nga GP5 - C\u00f4ng Ty TNHH Trang Thi\u1ebft B\u1ecb K\u1ef9 Thu\u1eadt An Huy\",\"isPartOf\":{\"@id\":\"https:\\\/\\\/anhuysafety.com\\\/#website\"},\"primaryImageOfPage\":{\"@id\":\"https:\\\/\\\/anhuysafety.com\\\/san-pham\\\/mat-na-loc-doc-nga-gp5\\\/#primaryimage\"},\"image\":{\"@id\":\"https:\\\/\\\/anhuysafety.com\\\/san-pham\\\/mat-na-loc-doc-nga-gp5\\\/#primaryimage\"},\"thumbnailUrl\":\"https:\\\/\\\/anhuysafety.com\\\/wp-content\\\/uploads\\\/2022\\\/04\\\/mat-na-loc-doc-nga-gp5.gif\",\"datePublished\":\"2022-04-11T05:32:26+00:00\",\"dateModified\":\"2022-04-11T05:32:31+00:00\",\"description\":\"M\u1eb7t n\u1ea1 l\u1ecdc \u0111\u1ed9c Nga GP5\",\"breadcrumb\":{\"@id\":\"https:\\\/\\\/anhuysafety.com\\\/san-pham\\\/mat-na-loc-doc-nga-gp5\\\/#breadcrumb\"},\"inLanguage\":\"en-US\",\"potentialAction\":[{\"@type\":\"ReadAction\",\"target\":[\"https:\\\/\\\/anhuysafety.com\\\/san-pham\\\/mat-na-loc-doc-nga-gp5\\\/\"]}]},{\"@type\":\"ImageObject\",\"inLanguage\":\"en-US\",\"@id\":\"https:\\\/\\\/anhuysafety.com\\\/san-pham\\\/mat-na-loc-doc-nga-gp5\\\/#primaryimage\",\"url\":\"https:\\\/\\\/anhuysafety.com\\\/wp-content\\\/uploads\\\/2022\\\/04\\\/mat-na-loc-doc-nga-gp5.gif\",\"contentUrl\":\"https:\\\/\\\/anhuysafety.com\\\/wp-content\\\/uploads\\\/2022\\\/04\\\/mat-na-loc-doc-nga-gp5.gif\",\"width\":400,\"height\":300,\"caption\":\"M\u1eb7t n\u1ea1 l\u1ecdc \u0111\u1ed9c\"},{\"@type\":\"BreadcrumbList\",\"@id\":\"https:\\\/\\\/anhuysafety.com\\\/san-pham\\\/mat-na-loc-doc-nga-gp5\\\/#breadcrumb\",\"itemListElement\":[{\"@type\":\"ListItem\",\"position\":1,\"name\":\"Trang ch\u1ee7\",\"item\":\"https:\\\/\\\/anhuysafety.com\\\/\"},{\"@type\":\"ListItem\",\"position\":2,\"name\":\"S\u1ea3n ph\u1ea9m\",\"item\":\"http:\\\/\\\/anhuysafety.com\\\/en\\\/cua-hang\"},{\"@type\":\"ListItem\",\"position\":3,\"name\":\"M\u1eb7t n\u1ea1 l\u1ecdc \u0111\u1ed9c Nga GP5\"}]},{\"@type\":\"WebSite\",\"@id\":\"https:\\\/\\\/anhuysafety.com\\\/#website\",\"url\":\"https:\\\/\\\/anhuysafety.com\\\/\",\"name\":\"C\u00f4ng Ty TNHH Trang Thi\u1ebft B\u1ecb K\u1ef9 Thu\u1eadt An Huy\",\"description\":\"\",\"publisher\":{\"@id\":\"https:\\\/\\\/anhuysafety.com\\\/#organization\"},\"potentialAction\":[{\"@type\":\"SearchAction\",\"target\":{\"@type\":\"EntryPoint\",\"urlTemplate\":\"https:\\\/\\\/anhuysafety.com\\\/?s={search_term_string}\"},\"query-input\":{\"@type\":\"PropertyValueSpecification\",\"valueRequired\":true,\"valueName\":\"search_term_string\"}}],\"inLanguage\":\"en-US\"},{\"@type\":\"Organization\",\"@id\":\"https:\\\/\\\/anhuysafety.com\\\/#organization\",\"name\":\"C\u00f4ng ty TNHH trang thi\u1ebft b\u1ecb k\u1ef9 thu\u1eadt An Huy\",\"url\":\"https:\\\/\\\/anhuysafety.com\\\/\",\"logo\":{\"@type\":\"ImageObject\",\"inLanguage\":\"en-US\",\"@id\":\"https:\\\/\\\/anhuysafety.com\\\/#\\\/schema\\\/logo\\\/image\\\/\",\"url\":\"https:\\\/\\\/anhuysafety.com\\\/wp-content\\\/uploads\\\/2022\\\/02\\\/cropped-cropped-cropped-LOGO_AN_HUY_SAFETY_chuan-removebg-preview-1.png\",\"contentUrl\":\"https:\\\/\\\/anhuysafety.com\\\/wp-content\\\/uploads\\\/2022\\\/02\\\/cropped-cropped-cropped-LOGO_AN_HUY_SAFETY_chuan-removebg-preview-1.png\",\"width\":357,\"height\":318,\"caption\":\"C\u00f4ng ty TNHH trang thi\u1ebft b\u1ecb k\u1ef9 thu\u1eadt An Huy\"},\"image\":{\"@id\":\"https:\\\/\\\/anhuysafety.com\\\/#\\\/schema\\\/logo\\\/image\\\/\"}}]}<\/script>\n<!-- \/ Yoast SEO plugin. -->","yoast_head_json":{"title":"M\u1eb7t n\u1ea1 l\u1ecdc \u0111\u1ed9c Nga GP5 - C\u00f4ng Ty TNHH Trang Thi\u1ebft B\u1ecb K\u1ef9 Thu\u1eadt An Huy","description":"M\u1eb7t n\u1ea1 l\u1ecdc \u0111\u1ed9c Nga GP5","robots":{"index":"index","follow":"follow","max-snippet":"max-snippet:-1","max-image-preview":"max-image-preview:large","max-video-preview":"max-video-preview:-1"},"canonical":"https:\/\/anhuysafety.com\/en\/product\/mat-na-loc-doc-nga-gp5\/","og_locale":"en_US","og_type":"article","og_title":"M\u1eb7t n\u1ea1 l\u1ecdc \u0111\u1ed9c Nga GP5 - C\u00f4ng Ty TNHH Trang Thi\u1ebft B\u1ecb K\u1ef9 Thu\u1eadt An Huy","og_description":"M\u1eb7t n\u1ea1 l\u1ecdc \u0111\u1ed9c Nga GP5","og_url":"https:\/\/anhuysafety.com\/en\/product\/mat-na-loc-doc-nga-gp5\/","og_site_name":"C\u00f4ng Ty TNHH Trang Thi\u1ebft B\u1ecb K\u1ef9 Thu\u1eadt An Huy","article_modified_time":"2022-04-11T05:32:31+00:00","og_image":[{"width":400,"height":300,"url":"https:\/\/anhuysafety.com\/wp-content\/uploads\/2022\/04\/mat-na-loc-doc-nga-gp5.gif","type":"image\/gif"}],"twitter_card":"summary_large_image","twitter_misc":{"Est. reading time":"1 minute"},"schema":{"@context":"https:\/\/schema.org","@graph":[{"@type":"WebPage","@id":"https:\/\/anhuysafety.com\/san-pham\/mat-na-loc-doc-nga-gp5\/","url":"https:\/\/anhuysafety.com\/san-pham\/mat-na-loc-doc-nga-gp5\/","name":"M\u1eb7t n\u1ea1 l\u1ecdc \u0111\u1ed9c Nga GP5 - C\u00f4ng Ty TNHH Trang Thi\u1ebft B\u1ecb K\u1ef9 Thu\u1eadt An Huy","isPartOf":{"@id":"https:\/\/anhuysafety.com\/#website"},"primaryImageOfPage":{"@id":"https:\/\/anhuysafety.com\/san-pham\/mat-na-loc-doc-nga-gp5\/#primaryimage"},"image":{"@id":"https:\/\/anhuysafety.com\/san-pham\/mat-na-loc-doc-nga-gp5\/#primaryimage"},"thumbnailUrl":"https:\/\/anhuysafety.com\/wp-content\/uploads\/2022\/04\/mat-na-loc-doc-nga-gp5.gif","datePublished":"2022-04-11T05:32:26+00:00","dateModified":"2022-04-11T05:32:31+00:00","description":"M\u1eb7t n\u1ea1 l\u1ecdc \u0111\u1ed9c Nga GP5","breadcrumb":{"@id":"https:\/\/anhuysafety.com\/san-pham\/mat-na-loc-doc-nga-gp5\/#breadcrumb"},"inLanguage":"en-US","potentialAction":[{"@type":"ReadAction","target":["https:\/\/anhuysafety.com\/san-pham\/mat-na-loc-doc-nga-gp5\/"]}]},{"@type":"ImageObject","inLanguage":"en-US","@id":"https:\/\/anhuysafety.com\/san-pham\/mat-na-loc-doc-nga-gp5\/#primaryimage","url":"https:\/\/anhuysafety.com\/wp-content\/uploads\/2022\/04\/mat-na-loc-doc-nga-gp5.gif","contentUrl":"https:\/\/anhuysafety.com\/wp-content\/uploads\/2022\/04\/mat-na-loc-doc-nga-gp5.gif","width":400,"height":300,"caption":"M\u1eb7t n\u1ea1 l\u1ecdc \u0111\u1ed9c"},{"@type":"BreadcrumbList","@id":"https:\/\/anhuysafety.com\/san-pham\/mat-na-loc-doc-nga-gp5\/#breadcrumb","itemListElement":[{"@type":"ListItem","position":1,"name":"Trang ch\u1ee7","item":"https:\/\/anhuysafety.com\/"},{"@type":"ListItem","position":2,"name":"S\u1ea3n ph\u1ea9m","item":"http:\/\/anhuysafety.com\/en\/cua-hang"},{"@type":"ListItem","position":3,"name":"M\u1eb7t n\u1ea1 l\u1ecdc \u0111\u1ed9c Nga GP5"}]},{"@type":"WebSite","@id":"https:\/\/anhuysafety.com\/#website","url":"https:\/\/anhuysafety.com\/","name":"AN HUY TECHNICAL EQUIPMENT CO., LTD","description":"","publisher":{"@id":"https:\/\/anhuysafety.com\/#organization"},"potentialAction":[{"@type":"SearchAction","target":{"@type":"EntryPoint","urlTemplate":"https:\/\/anhuysafety.com\/?s={search_term_string}"},"query-input":{"@type":"PropertyValueSpecification","valueRequired":true,"valueName":"search_term_string"}}],"inLanguage":"en-US"},{"@type":"Organization","@id":"https:\/\/anhuysafety.com\/#organization","name":"C\u00f4ng ty TNHH trang thi\u1ebft b\u1ecb k\u1ef9 thu\u1eadt An Huy","url":"https:\/\/anhuysafety.com\/","logo":{"@type":"ImageObject","inLanguage":"en-US","@id":"https:\/\/anhuysafety.com\/#\/schema\/logo\/image\/","url":"https:\/\/anhuysafety.com\/wp-content\/uploads\/2022\/02\/cropped-cropped-cropped-LOGO_AN_HUY_SAFETY_chuan-removebg-preview-1.png","contentUrl":"https:\/\/anhuysafety.com\/wp-content\/uploads\/2022\/02\/cropped-cropped-cropped-LOGO_AN_HUY_SAFETY_chuan-removebg-preview-1.png","width":357,"height":318,"caption":"C\u00f4ng ty TNHH trang thi\u1ebft b\u1ecb k\u1ef9 thu\u1eadt An Huy"},"image":{"@id":"https:\/\/anhuysafety.com\/#\/schema\/logo\/image\/"}}]}},"_links":{"self":[{"href":"https:\/\/anhuysafety.com\/en\/wp-json\/wp\/v2\/product\/3522","targetHints":{"allow":["GET"]}}],"collection":[{"href":"https:\/\/anhuysafety.com\/en\/wp-json\/wp\/v2\/product"}],"about":[{"href":"https:\/\/anhuysafety.com\/en\/wp-json\/wp\/v2\/types\/product"}],"version-history":[{"count":1,"href":"https:\/\/anhuysafety.com\/en\/wp-json\/wp\/v2\/product\/3522\/revisions"}],"predecessor-version":[{"id":3524,"href":"https:\/\/anhuysafety.com\/en\/wp-json\/wp\/v2\/product\/3522\/revisions\/3524"}],"wp:featuredmedia":[{"embeddable":true,"href":"https:\/\/anhuysafety.com\/en\/wp-json\/wp\/v2\/media\/3523"}],"wp:attachment":[{"href":"https:\/\/anhuysafety.com\/en\/wp-json\/wp\/v2\/media?parent=3522"}],"wp:term":[{"taxonomy":"product_brand","embeddable":true,"href":"https:\/\/anhuysafety.com\/en\/wp-json\/wp\/v2\/product_brand?post=3522"},{"taxonomy":"product_cat","embeddable":true,"href":"https:\/\/anhuysafety.com\/en\/wp-json\/wp\/v2\/product_cat?post=3522"},{"taxonomy":"product_tag","embeddable":true,"href":"https:\/\/anhuysafety.com\/en\/wp-json\/wp\/v2\/product_tag?post=3522"}],"curies":[{"name":"wp","href":"https:\/\/api.w.org\/{rel}","templated":true}]}}