{"id":3537,"date":"2022-04-11T16:08:02","date_gmt":"2022-04-11T09:08:02","guid":{"rendered":"https:\/\/anhuysafety.com\/?post_type=product&#038;p=3537"},"modified":"2022-04-11T17:08:24","modified_gmt":"2022-04-11T10:08:24","slug":"bo-scba-tu-cap-khi-tho-italy","status":"publish","type":"product","link":"https:\/\/anhuysafety.com\/en\/product\/bo-scba-tu-cap-khi-tho-italy\/","title":{"rendered":"B\u1ed9 SCBA t\u1ef1 c\u1ea5p kh\u00ed th\u1edf Italy"},"content":{"rendered":"<p><strong>Sekur Type 2 BA \/ Sekur (Italy)<\/strong><\/p>\n<p>Ch\u1ea5t li\u1ec7u: b\u00ecnh v\u1ecf b\u1eb1ng th\u00e9p<\/p>\n<p>B\u00ecnh v\u1ecf th\u00e9p c\u01b0\u1eddng \u0111\u1ed9 cao ch\u1ecbu \u00e1p su\u1ea5t l\u1edbn m\u00e0 kh\u00f4ng g\u00e2y n\u1ed5 b\u00ecnh khi nhi\u1ec7t \u0111\u1ed9 t\u0103ng cao ho\u1eb7c va \u0111\u1eadp<\/p>\n<p>Th\u1eddi gian th\u1edf: ~60 ph\u00fat<\/p>\n<p>Dung t\u00edch kh\u00ed: 6.8 l\u00edt<\/p>\n<p>L\u01b0\u1ee3ng kh\u00f4ng kh\u00ed: 2040 l\u00edt<\/p>\n<p>\u00c1p su\u1ea5t: 300 bar<\/p>\n<p>Tr\u1ecdng l\u01b0\u1ee3ng c\u1ea3 b\u1ed9 (b\u00ecnh r\u1ed7ng): 12kg<\/p>\n<p>Tr\u1ecdng l\u01b0\u1ee3ng c\u1ea3 b\u1ed9 + kh\u00ed: 20 kg<\/p>\n<p>S\u1eed d\u1ee5ng trong h\u1ea7m m\u1ecf, nh\u00e2n vi\u00ean c\u1ee9u ho\u1ea3, trong c\u1ed1ng r\u00e3nh, nh\u00e0 kho c\u00f4ng nghi\u1ec7p ho\u00e1 ch\u1ea5t, m\u00f4i tr\u01b0\u1eddng \u0111\u1ed9c h\u1ea1i, luy\u1ec7n kim, d\u1ea7u m\u1ecf v\u00e0 trong c\u00e1c tr\u01b0\u1eddng h\u1ee3p kh\u1ea9n c\u1ea5p kh\u00e1c gi\u00fap tr\u00e1nh ng\u1ed9 \u0111\u1ed9c d\u1eabn \u0111\u1ebfn t\u1eed vong do kh\u00ed gas, kh\u00ed CO \u0111\u1ed9c h\u1ea1i<\/p>\n<p>K\u00edch th\u01b0\u1edbc h\u1ed9p \u0111\u1ef1ng: 75 x 46 x 29cm<\/p>\n<p>Nhi\u1ec7t \u0111\u1ed9 b\u1ea3o qu\u1ea3n: -20\u00baC \u0111\u1ebfn 65\u00baC<\/p>\n<p>Kh\u00ed th\u1edf\u00a0\u0111\u01b0\u1ee3c n\u1ea1p \u0111\u1ea7y tr\u01b0\u1edbc khi s\u1eed d\u1ee5ng.<\/p>\n<p>C\u00f3 th\u1ec3 s\u1eed d\u1ee5ng nhi\u1ec1u l\u1ea7n<\/p>\n<p>Tu\u1ed5i th\u1ecd trung b\u00ecnh c\u1ee7a thi\u1ebft b\u1ecb: \u00edt nh\u1ea5t 10 n\u0103m<\/p>\n<p>B\u1ed9 bao g\u1ed3m: B\u00ecnh ch\u1ee9a kh\u00ed th\u1edf,\u00a0\u00a0\u0111\u1ed3ng h\u1ed3 \u0111o \u00e1p l\u1ef1c, van c\u1ea5p kh\u00ed, b\u1ed9 ph\u1eadn gi\u1ea3m \u00e1p, xi lanh kh\u00ed, d\u00e2y d\u1eabn kh\u00ed, d\u00e2y \u0111eo l\u01b0ng, b\u1ed9 m\u1eb7t n\u1ea1, h\u1ed9p nh\u1ef1a ch\u1ed1ng s\u1ed1c, ch\u1ee9ng ch\u1ec9 g\u1ed1c c\u1ee7a nh\u00e0 SX, gi\u1ea5y t\u1edd HDSD \u0111i k\u00e8m<\/p>\n<p>Theo ti\u00eau chu\u1ea9n EU, m\u1edbi 100% s\u1ea3n xu\u1ea5t n\u0103m 2016<\/p>\n<p>Th\u00eam van an to\u00e0n + 135.00 USD<\/p>\n<p>B\u1ea3o h\u00e0nh: 18 th\u00e1ng, 24 th\u00e1ng v\u1edbi b\u00ecnh kh\u00ed<\/p>\n<p>T\u00ecnh tr\u1ea1ng h\u00e0ng: \u0111\u1eb7t h\u00e0ng 2 ~ 4 tu\u1ea7n<\/p>\n<p>Nh\u00e0 s\u1ea3n xu\u1ea5t: Sekur &#8211; Italy<\/p>","protected":false},"excerpt":{"rendered":"<p>Sekur Type 2 BA \/ Sekur (Italy) Ch\u1ea5t li\u1ec7u: b\u00ecnh v\u1ecf b\u1eb1ng th\u00e9p B\u00ecnh v\u1ecf th\u00e9p c\u01b0\u1eddng \u0111\u1ed9 cao ch\u1ecbu \u00e1p su\u1ea5t l\u1edbn m\u00e0 kh\u00f4ng g\u00e2y n\u1ed5 b\u00ecnh khi nhi\u1ec7t \u0111\u1ed9 t\u0103ng cao ho\u1eb7c va \u0111\u1eadp Th\u1eddi gian th\u1edf: ~60 ph\u00fat Dung t\u00edch kh\u00ed: 6.8 l\u00edt L\u01b0\u1ee3ng kh\u00f4ng kh\u00ed: 2040 l\u00edt \u00c1p su\u1ea5t: 300 bar [&hellip;]<\/p>\n","protected":false},"featured_media":3538,"template":"","meta":{"site-sidebar-layout":"default","site-content-layout":"default","ast-site-content-layout":"default","site-content-style":"default","site-sidebar-style":"default","ast-global-header-display":"","ast-banner-title-visibility":"","ast-main-header-display":"","ast-hfb-above-header-display":"","ast-hfb-below-header-display":"","ast-hfb-mobile-header-display":"","site-post-title":"","ast-breadcrumbs-content":"","ast-featured-img":"","footer-sml-layout":"","ast-disable-related-posts":"","theme-transparent-header-meta":"","adv-header-id-meta":"","stick-header-meta":"","header-above-stick-meta":"","header-main-stick-meta":"","header-below-stick-meta":"","astra-migrate-meta-layouts":"default","ast-page-background-enabled":"default","ast-page-background-meta":{"desktop":{"background-color":"","background-image":"","background-repeat":"repeat","background-position":"center center","background-size":"auto","background-attachment":"scroll","background-type":"","background-media":"","overlay-type":"","overlay-color":"","overlay-opacity":"","overlay-gradient":""},"tablet":{"background-color":"","background-image":"","background-repeat":"repeat","background-position":"center center","background-size":"auto","background-attachment":"scroll","background-type":"","background-media":"","overlay-type":"","overlay-color":"","overlay-opacity":"","overlay-gradient":""},"mobile":{"background-color":"","background-image":"","background-repeat":"repeat","background-position":"center center","background-size":"auto","background-attachment":"scroll","background-type":"","background-media":"","overlay-type":"","overlay-color":"","overlay-opacity":"","overlay-gradient":""}},"ast-content-background-meta":{"desktop":{"background-color":"var(--ast-global-color-5)","background-image":"","background-repeat":"repeat","background-position":"center center","background-size":"auto","background-attachment":"scroll","background-type":"","background-media":"","overlay-type":"","overlay-color":"","overlay-opacity":"","overlay-gradient":""},"tablet":{"background-color":"var(--ast-global-color-5)","background-image":"","background-repeat":"repeat","background-position":"center center","background-size":"auto","background-attachment":"scroll","background-type":"","background-media":"","overlay-type":"","overlay-color":"","overlay-opacity":"","overlay-gradient":""},"mobile":{"background-color":"var(--ast-global-color-5)","background-image":"","background-repeat":"repeat","background-position":"center center","background-size":"auto","background-attachment":"scroll","background-type":"","background-media":"","overlay-type":"","overlay-color":"","overlay-opacity":"","overlay-gradient":""}}},"product_brand":[],"product_cat":[128,67,71],"product_tag":[],"class_list":{"0":"post-3537","1":"product","2":"type-product","3":"status-publish","4":"has-post-thumbnail","6":"product_cat-bo-tu-cap-khi-tho-scba","7":"product_cat-bao-ve-ca-nhan","8":"product_cat-bao-ve-ho-hap","9":"desktop-align-left","10":"tablet-align-left","11":"mobile-align-left","13":"first","14":"instock","15":"shipping-taxable","16":"product-type-simple"},"yoast_head":"<!-- This site is optimized with the Yoast SEO plugin v27.3 - https:\/\/yoast.com\/product\/yoast-seo-wordpress\/ -->\n<title>B\u1ed9 SCBA t\u1ef1 c\u1ea5p kh\u00ed th\u1edf Italy - C\u00f4ng Ty TNHH Trang Thi\u1ebft B\u1ecb K\u1ef9 Thu\u1eadt An Huy<\/title>\n<meta name=\"description\" content=\"B\u1ed9 SCBA t\u1ef1 c\u1ea5p kh\u00ed th\u1edf Italy\" \/>\n<meta name=\"robots\" content=\"index, follow, max-snippet:-1, max-image-preview:large, max-video-preview:-1\" \/>\n<link rel=\"canonical\" href=\"https:\/\/anhuysafety.com\/en\/product\/bo-scba-tu-cap-khi-tho-italy\/\" \/>\n<meta property=\"og:locale\" content=\"en_US\" \/>\n<meta property=\"og:type\" content=\"article\" \/>\n<meta property=\"og:title\" content=\"B\u1ed9 SCBA t\u1ef1 c\u1ea5p kh\u00ed th\u1edf Italy - C\u00f4ng Ty TNHH Trang Thi\u1ebft B\u1ecb K\u1ef9 Thu\u1eadt An Huy\" \/>\n<meta property=\"og:description\" content=\"B\u1ed9 SCBA t\u1ef1 c\u1ea5p kh\u00ed th\u1edf Italy\" \/>\n<meta property=\"og:url\" content=\"https:\/\/anhuysafety.com\/en\/product\/bo-scba-tu-cap-khi-tho-italy\/\" \/>\n<meta property=\"og:site_name\" content=\"C\u00f4ng Ty TNHH Trang Thi\u1ebft B\u1ecb K\u1ef9 Thu\u1eadt An Huy\" \/>\n<meta property=\"article:modified_time\" content=\"2022-04-11T10:08:24+00:00\" \/>\n<meta property=\"og:image\" content=\"https:\/\/anhuysafety.com\/wp-content\/uploads\/2022\/04\/boscba68sekur08650848.gif\" \/>\n\t<meta property=\"og:image:width\" content=\"450\" \/>\n\t<meta property=\"og:image:height\" content=\"338\" \/>\n\t<meta property=\"og:image:type\" content=\"image\/gif\" \/>\n<meta name=\"twitter:card\" content=\"summary_large_image\" \/>\n<meta name=\"twitter:label1\" content=\"Est. reading time\" \/>\n\t<meta name=\"twitter:data1\" content=\"2 minutes\" \/>\n<script type=\"application\/ld+json\" class=\"yoast-schema-graph\">{\"@context\":\"https:\\\/\\\/schema.org\",\"@graph\":[{\"@type\":\"WebPage\",\"@id\":\"https:\\\/\\\/anhuysafety.com\\\/san-pham\\\/bo-scba-tu-cap-khi-tho-italy\\\/\",\"url\":\"https:\\\/\\\/anhuysafety.com\\\/san-pham\\\/bo-scba-tu-cap-khi-tho-italy\\\/\",\"name\":\"B\u1ed9 SCBA t\u1ef1 c\u1ea5p kh\u00ed th\u1edf Italy - C\u00f4ng Ty TNHH Trang Thi\u1ebft B\u1ecb K\u1ef9 Thu\u1eadt An Huy\",\"isPartOf\":{\"@id\":\"https:\\\/\\\/anhuysafety.com\\\/#website\"},\"primaryImageOfPage\":{\"@id\":\"https:\\\/\\\/anhuysafety.com\\\/san-pham\\\/bo-scba-tu-cap-khi-tho-italy\\\/#primaryimage\"},\"image\":{\"@id\":\"https:\\\/\\\/anhuysafety.com\\\/san-pham\\\/bo-scba-tu-cap-khi-tho-italy\\\/#primaryimage\"},\"thumbnailUrl\":\"https:\\\/\\\/anhuysafety.com\\\/wp-content\\\/uploads\\\/2022\\\/04\\\/boscba68sekur08650848.gif\",\"datePublished\":\"2022-04-11T09:08:02+00:00\",\"dateModified\":\"2022-04-11T10:08:24+00:00\",\"description\":\"B\u1ed9 SCBA t\u1ef1 c\u1ea5p kh\u00ed th\u1edf Italy\",\"breadcrumb\":{\"@id\":\"https:\\\/\\\/anhuysafety.com\\\/san-pham\\\/bo-scba-tu-cap-khi-tho-italy\\\/#breadcrumb\"},\"inLanguage\":\"en-US\",\"potentialAction\":[{\"@type\":\"ReadAction\",\"target\":[\"https:\\\/\\\/anhuysafety.com\\\/san-pham\\\/bo-scba-tu-cap-khi-tho-italy\\\/\"]}]},{\"@type\":\"ImageObject\",\"inLanguage\":\"en-US\",\"@id\":\"https:\\\/\\\/anhuysafety.com\\\/san-pham\\\/bo-scba-tu-cap-khi-tho-italy\\\/#primaryimage\",\"url\":\"https:\\\/\\\/anhuysafety.com\\\/wp-content\\\/uploads\\\/2022\\\/04\\\/boscba68sekur08650848.gif\",\"contentUrl\":\"https:\\\/\\\/anhuysafety.com\\\/wp-content\\\/uploads\\\/2022\\\/04\\\/boscba68sekur08650848.gif\",\"width\":450,\"height\":338,\"caption\":\"B\u1ed9 SCBA t\u1ef1 c\u1ea5p kh\u00ed th\u1edf\"},{\"@type\":\"BreadcrumbList\",\"@id\":\"https:\\\/\\\/anhuysafety.com\\\/san-pham\\\/bo-scba-tu-cap-khi-tho-italy\\\/#breadcrumb\",\"itemListElement\":[{\"@type\":\"ListItem\",\"position\":1,\"name\":\"Trang ch\u1ee7\",\"item\":\"https:\\\/\\\/anhuysafety.com\\\/\"},{\"@type\":\"ListItem\",\"position\":2,\"name\":\"S\u1ea3n ph\u1ea9m\",\"item\":\"http:\\\/\\\/anhuysafety.com\\\/en\\\/cua-hang\"},{\"@type\":\"ListItem\",\"position\":3,\"name\":\"B\u1ed9 SCBA t\u1ef1 c\u1ea5p kh\u00ed th\u1edf Italy\"}]},{\"@type\":\"WebSite\",\"@id\":\"https:\\\/\\\/anhuysafety.com\\\/#website\",\"url\":\"https:\\\/\\\/anhuysafety.com\\\/\",\"name\":\"C\u00f4ng Ty TNHH Trang Thi\u1ebft B\u1ecb K\u1ef9 Thu\u1eadt An Huy\",\"description\":\"\",\"publisher\":{\"@id\":\"https:\\\/\\\/anhuysafety.com\\\/#organization\"},\"potentialAction\":[{\"@type\":\"SearchAction\",\"target\":{\"@type\":\"EntryPoint\",\"urlTemplate\":\"https:\\\/\\\/anhuysafety.com\\\/?s={search_term_string}\"},\"query-input\":{\"@type\":\"PropertyValueSpecification\",\"valueRequired\":true,\"valueName\":\"search_term_string\"}}],\"inLanguage\":\"en-US\"},{\"@type\":\"Organization\",\"@id\":\"https:\\\/\\\/anhuysafety.com\\\/#organization\",\"name\":\"C\u00f4ng ty TNHH trang thi\u1ebft b\u1ecb k\u1ef9 thu\u1eadt An Huy\",\"url\":\"https:\\\/\\\/anhuysafety.com\\\/\",\"logo\":{\"@type\":\"ImageObject\",\"inLanguage\":\"en-US\",\"@id\":\"https:\\\/\\\/anhuysafety.com\\\/#\\\/schema\\\/logo\\\/image\\\/\",\"url\":\"https:\\\/\\\/anhuysafety.com\\\/wp-content\\\/uploads\\\/2022\\\/02\\\/cropped-cropped-cropped-LOGO_AN_HUY_SAFETY_chuan-removebg-preview-1.png\",\"contentUrl\":\"https:\\\/\\\/anhuysafety.com\\\/wp-content\\\/uploads\\\/2022\\\/02\\\/cropped-cropped-cropped-LOGO_AN_HUY_SAFETY_chuan-removebg-preview-1.png\",\"width\":357,\"height\":318,\"caption\":\"C\u00f4ng ty TNHH trang thi\u1ebft b\u1ecb k\u1ef9 thu\u1eadt An Huy\"},\"image\":{\"@id\":\"https:\\\/\\\/anhuysafety.com\\\/#\\\/schema\\\/logo\\\/image\\\/\"}}]}<\/script>\n<!-- \/ Yoast SEO plugin. -->","yoast_head_json":{"title":"B\u1ed9 SCBA t\u1ef1 c\u1ea5p kh\u00ed th\u1edf Italy - C\u00f4ng Ty TNHH Trang Thi\u1ebft B\u1ecb K\u1ef9 Thu\u1eadt An Huy","description":"B\u1ed9 SCBA t\u1ef1 c\u1ea5p kh\u00ed th\u1edf Italy","robots":{"index":"index","follow":"follow","max-snippet":"max-snippet:-1","max-image-preview":"max-image-preview:large","max-video-preview":"max-video-preview:-1"},"canonical":"https:\/\/anhuysafety.com\/en\/product\/bo-scba-tu-cap-khi-tho-italy\/","og_locale":"en_US","og_type":"article","og_title":"B\u1ed9 SCBA t\u1ef1 c\u1ea5p kh\u00ed th\u1edf Italy - C\u00f4ng Ty TNHH Trang Thi\u1ebft B\u1ecb K\u1ef9 Thu\u1eadt An Huy","og_description":"B\u1ed9 SCBA t\u1ef1 c\u1ea5p kh\u00ed th\u1edf Italy","og_url":"https:\/\/anhuysafety.com\/en\/product\/bo-scba-tu-cap-khi-tho-italy\/","og_site_name":"C\u00f4ng Ty TNHH Trang Thi\u1ebft B\u1ecb K\u1ef9 Thu\u1eadt An Huy","article_modified_time":"2022-04-11T10:08:24+00:00","og_image":[{"width":450,"height":338,"url":"https:\/\/anhuysafety.com\/wp-content\/uploads\/2022\/04\/boscba68sekur08650848.gif","type":"image\/gif"}],"twitter_card":"summary_large_image","twitter_misc":{"Est. reading time":"2 minutes"},"schema":{"@context":"https:\/\/schema.org","@graph":[{"@type":"WebPage","@id":"https:\/\/anhuysafety.com\/san-pham\/bo-scba-tu-cap-khi-tho-italy\/","url":"https:\/\/anhuysafety.com\/san-pham\/bo-scba-tu-cap-khi-tho-italy\/","name":"B\u1ed9 SCBA t\u1ef1 c\u1ea5p kh\u00ed th\u1edf Italy - C\u00f4ng Ty TNHH Trang Thi\u1ebft B\u1ecb K\u1ef9 Thu\u1eadt An Huy","isPartOf":{"@id":"https:\/\/anhuysafety.com\/#website"},"primaryImageOfPage":{"@id":"https:\/\/anhuysafety.com\/san-pham\/bo-scba-tu-cap-khi-tho-italy\/#primaryimage"},"image":{"@id":"https:\/\/anhuysafety.com\/san-pham\/bo-scba-tu-cap-khi-tho-italy\/#primaryimage"},"thumbnailUrl":"https:\/\/anhuysafety.com\/wp-content\/uploads\/2022\/04\/boscba68sekur08650848.gif","datePublished":"2022-04-11T09:08:02+00:00","dateModified":"2022-04-11T10:08:24+00:00","description":"B\u1ed9 SCBA t\u1ef1 c\u1ea5p kh\u00ed th\u1edf Italy","breadcrumb":{"@id":"https:\/\/anhuysafety.com\/san-pham\/bo-scba-tu-cap-khi-tho-italy\/#breadcrumb"},"inLanguage":"en-US","potentialAction":[{"@type":"ReadAction","target":["https:\/\/anhuysafety.com\/san-pham\/bo-scba-tu-cap-khi-tho-italy\/"]}]},{"@type":"ImageObject","inLanguage":"en-US","@id":"https:\/\/anhuysafety.com\/san-pham\/bo-scba-tu-cap-khi-tho-italy\/#primaryimage","url":"https:\/\/anhuysafety.com\/wp-content\/uploads\/2022\/04\/boscba68sekur08650848.gif","contentUrl":"https:\/\/anhuysafety.com\/wp-content\/uploads\/2022\/04\/boscba68sekur08650848.gif","width":450,"height":338,"caption":"B\u1ed9 SCBA t\u1ef1 c\u1ea5p kh\u00ed th\u1edf"},{"@type":"BreadcrumbList","@id":"https:\/\/anhuysafety.com\/san-pham\/bo-scba-tu-cap-khi-tho-italy\/#breadcrumb","itemListElement":[{"@type":"ListItem","position":1,"name":"Trang ch\u1ee7","item":"https:\/\/anhuysafety.com\/"},{"@type":"ListItem","position":2,"name":"S\u1ea3n ph\u1ea9m","item":"http:\/\/anhuysafety.com\/en\/cua-hang"},{"@type":"ListItem","position":3,"name":"B\u1ed9 SCBA t\u1ef1 c\u1ea5p kh\u00ed th\u1edf Italy"}]},{"@type":"WebSite","@id":"https:\/\/anhuysafety.com\/#website","url":"https:\/\/anhuysafety.com\/","name":"AN HUY TECHNICAL EQUIPMENT CO., LTD","description":"","publisher":{"@id":"https:\/\/anhuysafety.com\/#organization"},"potentialAction":[{"@type":"SearchAction","target":{"@type":"EntryPoint","urlTemplate":"https:\/\/anhuysafety.com\/?s={search_term_string}"},"query-input":{"@type":"PropertyValueSpecification","valueRequired":true,"valueName":"search_term_string"}}],"inLanguage":"en-US"},{"@type":"Organization","@id":"https:\/\/anhuysafety.com\/#organization","name":"C\u00f4ng ty TNHH trang thi\u1ebft b\u1ecb k\u1ef9 thu\u1eadt An Huy","url":"https:\/\/anhuysafety.com\/","logo":{"@type":"ImageObject","inLanguage":"en-US","@id":"https:\/\/anhuysafety.com\/#\/schema\/logo\/image\/","url":"https:\/\/anhuysafety.com\/wp-content\/uploads\/2022\/02\/cropped-cropped-cropped-LOGO_AN_HUY_SAFETY_chuan-removebg-preview-1.png","contentUrl":"https:\/\/anhuysafety.com\/wp-content\/uploads\/2022\/02\/cropped-cropped-cropped-LOGO_AN_HUY_SAFETY_chuan-removebg-preview-1.png","width":357,"height":318,"caption":"C\u00f4ng ty TNHH trang thi\u1ebft b\u1ecb k\u1ef9 thu\u1eadt An Huy"},"image":{"@id":"https:\/\/anhuysafety.com\/#\/schema\/logo\/image\/"}}]}},"_links":{"self":[{"href":"https:\/\/anhuysafety.com\/en\/wp-json\/wp\/v2\/product\/3537","targetHints":{"allow":["GET"]}}],"collection":[{"href":"https:\/\/anhuysafety.com\/en\/wp-json\/wp\/v2\/product"}],"about":[{"href":"https:\/\/anhuysafety.com\/en\/wp-json\/wp\/v2\/types\/product"}],"version-history":[{"count":1,"href":"https:\/\/anhuysafety.com\/en\/wp-json\/wp\/v2\/product\/3537\/revisions"}],"predecessor-version":[{"id":3539,"href":"https:\/\/anhuysafety.com\/en\/wp-json\/wp\/v2\/product\/3537\/revisions\/3539"}],"wp:featuredmedia":[{"embeddable":true,"href":"https:\/\/anhuysafety.com\/en\/wp-json\/wp\/v2\/media\/3538"}],"wp:attachment":[{"href":"https:\/\/anhuysafety.com\/en\/wp-json\/wp\/v2\/media?parent=3537"}],"wp:term":[{"taxonomy":"product_brand","embeddable":true,"href":"https:\/\/anhuysafety.com\/en\/wp-json\/wp\/v2\/product_brand?post=3537"},{"taxonomy":"product_cat","embeddable":true,"href":"https:\/\/anhuysafety.com\/en\/wp-json\/wp\/v2\/product_cat?post=3537"},{"taxonomy":"product_tag","embeddable":true,"href":"https:\/\/anhuysafety.com\/en\/wp-json\/wp\/v2\/product_tag?post=3537"}],"curies":[{"name":"wp","href":"https:\/\/api.w.org\/{rel}","templated":true}]}}