{"id":3540,"date":"2022-04-11T16:14:56","date_gmt":"2022-04-11T09:14:56","guid":{"rendered":"https:\/\/anhuysafety.com\/?post_type=product&#038;p=3540"},"modified":"2022-04-11T16:14:57","modified_gmt":"2022-04-11T09:14:57","slug":"bo-tu-cap-khi-tho-scba-rhzkf-6-8-30","status":"publish","type":"product","link":"https:\/\/anhuysafety.com\/en\/product\/bo-tu-cap-khi-tho-scba-rhzkf-6-8-30\/","title":{"rendered":"B\u1ed9 t\u1ef1 c\u1ea5p kh\u00ed th\u1edf (SCBA) RHZKF 6.8\/30"},"content":{"rendered":"<p><strong>Thi\u1ebft b\u1ecb th\u1edf lo\u1ea1i t\u1ef1 c\u1ea5p kh\u00ed th\u1edf ( SCBA) RHZKF 6.8\/30<\/strong><\/p>\n<p>S\u1ea3n ph\u1ea9m do C\u00f4ng ty C\u00f4ng nghi\u1ec7p Penco &#8211; Th\u01b0\u1ee3ng H\u1ea3i s\u1ea3n xu\u1ea5t.<br \/>\nS\u1ea3n ph\u1ea9m \u0111\u00e3 \u0111\u01b0\u1ee3c xu\u1ea5t kh\u1ea9u \u0111\u1ebfn nhi\u1ec1u n\u01b0\u1edbc tr\u00ean th\u1ebf gi\u1edbi .<\/p>\n<p><strong>\u0110\u1eb7c \u0111i\u1ec3m<\/strong><br \/>\nB\u00ecnh ch\u1ee9a kh\u00ed lo\u1ea1i 6.8 l\u00edt b\u1eb1ng s\u1ee3i carbon ( v\u00ec v\u1eady\u00a0r\u1ea5t nh\u1eb9).<br \/>\n\u00c1p su\u1ea5t l\u00e0m vi\u1ec7c : 300ba<br \/>\nTr\u1edf kh\u00e1ng v\u00e0o h\u00edt v\u00e0o : \u2264500pa<br \/>\nTh\u1edf kh\u00e1ng th\u1edf ra \u22641000pa<br \/>\n\u00c1p su\u1ea5t c\u1ea3nh b\u00e1o : 5,5 \u00b1 0.5Mpa<br \/>\n\u00c2m thanh c\u1ea3nh b\u00e1o: \u00a0\u226590db<br \/>\nNhi\u1ec7t \u0111\u1ed9 s\u1eed d\u1ee5ng : \u00a0-25 \u2103 &#8211; 80 \u2103<br \/>\nTh\u1eddi gian s\u1eed d\u1ee5ng 60 ph\u00fat.<br \/>\nB\u1ed9 ph\u1eadn mang : \u00a0V\u1eadt li\u1ec7u Nomex &amp; Kevlar|<br \/>\nTu\u1ed5i th\u1ecd : tr\u00ean 20 n\u0103m<br \/>\nH\u1ed9p b\u1ea3o qu\u1ea3n : h\u1ed9p nh\u1ef1a.<\/p>\n<p><strong>\u1ee8ng d\u1ee5ng :<\/strong> C\u1ea5p kh\u00ed th\u1edf \u0111\u1ed9c l\u1eadp ( c\u00e1ch li ) v\u1edbi m\u00f4i tr\u01b0\u1eddng.<br \/>\ns\u1eed d\u1ee5ng th\u00edch h\u1ee3p cho c\u00f4ng vi\u1ec7c c\u1ee9u h\u1ecfa, x\u1eed l\u00fd s\u1ef1 c\u1ed1 trong<br \/>\nc\u00f4ng nghi\u1ec7p, d\u00f9ng trong ng\u00e0nh d\u1ea7u kh\u00ed , h\u00f3a ch\u1ea5t, c\u00f4ng ngh\u1ec7<br \/>\nkim kh\u00ed, \u0111i\u1ec7n l\u1ef1c, qu\u1ed1c ph\u00f2ng, v\u1eadn t\u1ea3i&#8230;<\/p>\n<p><strong>Ti\u00eau chu\u1ea9n c\u00f4ng b\u1ed1:<\/strong> CE, GA124-2004<\/p>","protected":false},"excerpt":{"rendered":"<p>Thi\u1ebft b\u1ecb th\u1edf lo\u1ea1i t\u1ef1 c\u1ea5p kh\u00ed th\u1edf ( SCBA) RHZKF 6.8\/30 S\u1ea3n ph\u1ea9m do C\u00f4ng ty C\u00f4ng nghi\u1ec7p Penco &#8211; Th\u01b0\u1ee3ng H\u1ea3i s\u1ea3n xu\u1ea5t. S\u1ea3n ph\u1ea9m \u0111\u00e3 \u0111\u01b0\u1ee3c xu\u1ea5t kh\u1ea9u \u0111\u1ebfn nhi\u1ec1u n\u01b0\u1edbc tr\u00ean th\u1ebf gi\u1edbi . \u0110\u1eb7c \u0111i\u1ec3m B\u00ecnh ch\u1ee9a kh\u00ed lo\u1ea1i 6.8 l\u00edt b\u1eb1ng s\u1ee3i carbon ( v\u00ec v\u1eady\u00a0r\u1ea5t nh\u1eb9). \u00c1p su\u1ea5t [&hellip;]<\/p>\n","protected":false},"featured_media":3541,"template":"","meta":{"site-sidebar-layout":"default","site-content-layout":"default","ast-site-content-layout":"default","site-content-style":"default","site-sidebar-style":"default","ast-global-header-display":"","ast-banner-title-visibility":"","ast-main-header-display":"","ast-hfb-above-header-display":"","ast-hfb-below-header-display":"","ast-hfb-mobile-header-display":"","site-post-title":"","ast-breadcrumbs-content":"","ast-featured-img":"","footer-sml-layout":"","ast-disable-related-posts":"","theme-transparent-header-meta":"","adv-header-id-meta":"","stick-header-meta":"","header-above-stick-meta":"","header-main-stick-meta":"","header-below-stick-meta":"","astra-migrate-meta-layouts":"default","ast-page-background-enabled":"default","ast-page-background-meta":{"desktop":{"background-color":"","background-image":"","background-repeat":"repeat","background-position":"center center","background-size":"auto","background-attachment":"scroll","background-type":"","background-media":"","overlay-type":"","overlay-color":"","overlay-opacity":"","overlay-gradient":""},"tablet":{"background-color":"","background-image":"","background-repeat":"repeat","background-position":"center center","background-size":"auto","background-attachment":"scroll","background-type":"","background-media":"","overlay-type":"","overlay-color":"","overlay-opacity":"","overlay-gradient":""},"mobile":{"background-color":"","background-image":"","background-repeat":"repeat","background-position":"center center","background-size":"auto","background-attachment":"scroll","background-type":"","background-media":"","overlay-type":"","overlay-color":"","overlay-opacity":"","overlay-gradient":""}},"ast-content-background-meta":{"desktop":{"background-color":"var(--ast-global-color-5)","background-image":"","background-repeat":"repeat","background-position":"center center","background-size":"auto","background-attachment":"scroll","background-type":"","background-media":"","overlay-type":"","overlay-color":"","overlay-opacity":"","overlay-gradient":""},"tablet":{"background-color":"var(--ast-global-color-5)","background-image":"","background-repeat":"repeat","background-position":"center center","background-size":"auto","background-attachment":"scroll","background-type":"","background-media":"","overlay-type":"","overlay-color":"","overlay-opacity":"","overlay-gradient":""},"mobile":{"background-color":"var(--ast-global-color-5)","background-image":"","background-repeat":"repeat","background-position":"center center","background-size":"auto","background-attachment":"scroll","background-type":"","background-media":"","overlay-type":"","overlay-color":"","overlay-opacity":"","overlay-gradient":""}}},"product_brand":[],"product_cat":[128,67,71],"product_tag":[],"class_list":{"0":"post-3540","1":"product","2":"type-product","3":"status-publish","4":"has-post-thumbnail","6":"product_cat-bo-tu-cap-khi-tho-scba","7":"product_cat-bao-ve-ca-nhan","8":"product_cat-bao-ve-ho-hap","9":"desktop-align-left","10":"tablet-align-left","11":"mobile-align-left","13":"first","14":"instock","15":"shipping-taxable","16":"product-type-simple"},"yoast_head":"<!-- This site is optimized with the Yoast SEO plugin v27.3 - https:\/\/yoast.com\/product\/yoast-seo-wordpress\/ -->\n<title>B\u1ed9 t\u1ef1 c\u1ea5p kh\u00ed th\u1edf (SCBA) RHZKF 6.8\/30 - C\u00f4ng Ty TNHH Trang Thi\u1ebft B\u1ecb K\u1ef9 Thu\u1eadt An Huy<\/title>\n<meta name=\"description\" content=\"Thi\u1ebft b\u1ecb th\u1edf lo\u1ea1i t\u1ef1 c\u1ea5p kh\u00ed th\u1edf ( SCBA) RHZKF 6.8\/30. S\u1ea3n ph\u1ea9m do C\u00f4ng ty C\u00f4ng nghi\u1ec7p Penco - Th\u01b0\u1ee3ng H\u1ea3i s\u1ea3n xu\u1ea5t.S\u1ea3n ph\u1ea9m \u0111\u00e3 \u0111\u01b0\u1ee3c xu\u1ea5t kh\u1ea9u \u0111\u1ebfn nhi\u1ec1u n\u01b0\u1edbc tr\u00ean th\u1ebf gi\u1edbi .\" \/>\n<meta name=\"robots\" content=\"index, follow, max-snippet:-1, max-image-preview:large, max-video-preview:-1\" \/>\n<link rel=\"canonical\" href=\"http:\/\/anhuysafety.com\/en\/product\/bo-tu-cap-khi-tho-scba-rhzkf-6-8-30\/\" \/>\n<meta property=\"og:locale\" content=\"en_US\" \/>\n<meta property=\"og:type\" content=\"article\" \/>\n<meta property=\"og:title\" content=\"B\u1ed9 t\u1ef1 c\u1ea5p kh\u00ed th\u1edf (SCBA) RHZKF 6.8\/30 - C\u00f4ng Ty TNHH Trang Thi\u1ebft B\u1ecb K\u1ef9 Thu\u1eadt An Huy\" \/>\n<meta property=\"og:description\" content=\"Thi\u1ebft b\u1ecb th\u1edf lo\u1ea1i t\u1ef1 c\u1ea5p kh\u00ed th\u1edf ( SCBA) RHZKF 6.8\/30. S\u1ea3n ph\u1ea9m do C\u00f4ng ty C\u00f4ng nghi\u1ec7p Penco - Th\u01b0\u1ee3ng H\u1ea3i s\u1ea3n xu\u1ea5t.S\u1ea3n ph\u1ea9m \u0111\u00e3 \u0111\u01b0\u1ee3c xu\u1ea5t kh\u1ea9u \u0111\u1ebfn nhi\u1ec1u n\u01b0\u1edbc tr\u00ean th\u1ebf gi\u1edbi .\" \/>\n<meta property=\"og:url\" content=\"http:\/\/anhuysafety.com\/en\/product\/bo-tu-cap-khi-tho-scba-rhzkf-6-8-30\/\" \/>\n<meta property=\"og:site_name\" content=\"C\u00f4ng Ty TNHH Trang Thi\u1ebft B\u1ecb K\u1ef9 Thu\u1eadt An Huy\" \/>\n<meta property=\"article:modified_time\" content=\"2022-04-11T09:14:57+00:00\" \/>\n<meta property=\"og:image\" content=\"https:\/\/anhuysafety.com\/wp-content\/uploads\/2022\/04\/bo45phut62325061.gif\" \/>\n\t<meta property=\"og:image:width\" content=\"800\" \/>\n\t<meta property=\"og:image:height\" content=\"601\" \/>\n\t<meta property=\"og:image:type\" content=\"image\/gif\" \/>\n<meta name=\"twitter:card\" content=\"summary_large_image\" \/>\n<meta name=\"twitter:label1\" content=\"Est. reading time\" \/>\n\t<meta name=\"twitter:data1\" content=\"1 minute\" \/>\n<script type=\"application\/ld+json\" class=\"yoast-schema-graph\">{\"@context\":\"https:\\\/\\\/schema.org\",\"@graph\":[{\"@type\":\"WebPage\",\"@id\":\"http:\\\/\\\/anhuysafety.com\\\/en\\\/product\\\/bo-tu-cap-khi-tho-scba-rhzkf-6-8-30\\\/\",\"url\":\"http:\\\/\\\/anhuysafety.com\\\/en\\\/product\\\/bo-tu-cap-khi-tho-scba-rhzkf-6-8-30\\\/\",\"name\":\"B\u1ed9 t\u1ef1 c\u1ea5p kh\u00ed th\u1edf (SCBA) RHZKF 6.8\\\/30 - C\u00f4ng Ty TNHH Trang Thi\u1ebft B\u1ecb K\u1ef9 Thu\u1eadt An Huy\",\"isPartOf\":{\"@id\":\"https:\\\/\\\/anhuysafety.com\\\/#website\"},\"primaryImageOfPage\":{\"@id\":\"http:\\\/\\\/anhuysafety.com\\\/en\\\/product\\\/bo-tu-cap-khi-tho-scba-rhzkf-6-8-30\\\/#primaryimage\"},\"image\":{\"@id\":\"http:\\\/\\\/anhuysafety.com\\\/en\\\/product\\\/bo-tu-cap-khi-tho-scba-rhzkf-6-8-30\\\/#primaryimage\"},\"thumbnailUrl\":\"https:\\\/\\\/anhuysafety.com\\\/wp-content\\\/uploads\\\/2022\\\/04\\\/bo45phut62325061.gif\",\"datePublished\":\"2022-04-11T09:14:56+00:00\",\"dateModified\":\"2022-04-11T09:14:57+00:00\",\"description\":\"Thi\u1ebft b\u1ecb th\u1edf lo\u1ea1i t\u1ef1 c\u1ea5p kh\u00ed th\u1edf ( SCBA) RHZKF 6.8\\\/30. S\u1ea3n ph\u1ea9m do C\u00f4ng ty C\u00f4ng nghi\u1ec7p Penco - Th\u01b0\u1ee3ng H\u1ea3i s\u1ea3n xu\u1ea5t.S\u1ea3n ph\u1ea9m \u0111\u00e3 \u0111\u01b0\u1ee3c xu\u1ea5t kh\u1ea9u \u0111\u1ebfn nhi\u1ec1u n\u01b0\u1edbc tr\u00ean th\u1ebf gi\u1edbi .\",\"breadcrumb\":{\"@id\":\"http:\\\/\\\/anhuysafety.com\\\/en\\\/product\\\/bo-tu-cap-khi-tho-scba-rhzkf-6-8-30\\\/#breadcrumb\"},\"inLanguage\":\"en-US\",\"potentialAction\":[{\"@type\":\"ReadAction\",\"target\":[\"http:\\\/\\\/anhuysafety.com\\\/en\\\/product\\\/bo-tu-cap-khi-tho-scba-rhzkf-6-8-30\\\/\"]}]},{\"@type\":\"ImageObject\",\"inLanguage\":\"en-US\",\"@id\":\"http:\\\/\\\/anhuysafety.com\\\/en\\\/product\\\/bo-tu-cap-khi-tho-scba-rhzkf-6-8-30\\\/#primaryimage\",\"url\":\"https:\\\/\\\/anhuysafety.com\\\/wp-content\\\/uploads\\\/2022\\\/04\\\/bo45phut62325061.gif\",\"contentUrl\":\"https:\\\/\\\/anhuysafety.com\\\/wp-content\\\/uploads\\\/2022\\\/04\\\/bo45phut62325061.gif\",\"width\":800,\"height\":601,\"caption\":\"B\u1ed9 t\u1ef1 c\u1ea5p kh\u00ed th\u1edf (SCBA)\"},{\"@type\":\"BreadcrumbList\",\"@id\":\"http:\\\/\\\/anhuysafety.com\\\/en\\\/product\\\/bo-tu-cap-khi-tho-scba-rhzkf-6-8-30\\\/#breadcrumb\",\"itemListElement\":[{\"@type\":\"ListItem\",\"position\":1,\"name\":\"Trang ch\u1ee7\",\"item\":\"https:\\\/\\\/anhuysafety.com\\\/\"},{\"@type\":\"ListItem\",\"position\":2,\"name\":\"S\u1ea3n ph\u1ea9m\",\"item\":\"http:\\\/\\\/anhuysafety.com\\\/en\\\/cua-hang\"},{\"@type\":\"ListItem\",\"position\":3,\"name\":\"B\u1ed9 t\u1ef1 c\u1ea5p kh\u00ed th\u1edf (SCBA) RHZKF 6.8\\\/30\"}]},{\"@type\":\"WebSite\",\"@id\":\"https:\\\/\\\/anhuysafety.com\\\/#website\",\"url\":\"https:\\\/\\\/anhuysafety.com\\\/\",\"name\":\"C\u00f4ng Ty TNHH Trang Thi\u1ebft B\u1ecb K\u1ef9 Thu\u1eadt An Huy\",\"description\":\"\",\"publisher\":{\"@id\":\"https:\\\/\\\/anhuysafety.com\\\/#organization\"},\"potentialAction\":[{\"@type\":\"SearchAction\",\"target\":{\"@type\":\"EntryPoint\",\"urlTemplate\":\"https:\\\/\\\/anhuysafety.com\\\/?s={search_term_string}\"},\"query-input\":{\"@type\":\"PropertyValueSpecification\",\"valueRequired\":true,\"valueName\":\"search_term_string\"}}],\"inLanguage\":\"en-US\"},{\"@type\":\"Organization\",\"@id\":\"https:\\\/\\\/anhuysafety.com\\\/#organization\",\"name\":\"C\u00f4ng ty TNHH trang thi\u1ebft b\u1ecb k\u1ef9 thu\u1eadt An Huy\",\"url\":\"https:\\\/\\\/anhuysafety.com\\\/\",\"logo\":{\"@type\":\"ImageObject\",\"inLanguage\":\"en-US\",\"@id\":\"https:\\\/\\\/anhuysafety.com\\\/#\\\/schema\\\/logo\\\/image\\\/\",\"url\":\"https:\\\/\\\/anhuysafety.com\\\/wp-content\\\/uploads\\\/2022\\\/02\\\/cropped-cropped-cropped-LOGO_AN_HUY_SAFETY_chuan-removebg-preview-1.png\",\"contentUrl\":\"https:\\\/\\\/anhuysafety.com\\\/wp-content\\\/uploads\\\/2022\\\/02\\\/cropped-cropped-cropped-LOGO_AN_HUY_SAFETY_chuan-removebg-preview-1.png\",\"width\":357,\"height\":318,\"caption\":\"C\u00f4ng ty TNHH trang thi\u1ebft b\u1ecb k\u1ef9 thu\u1eadt An Huy\"},\"image\":{\"@id\":\"https:\\\/\\\/anhuysafety.com\\\/#\\\/schema\\\/logo\\\/image\\\/\"}}]}<\/script>\n<!-- \/ Yoast SEO plugin. -->","yoast_head_json":{"title":"B\u1ed9 t\u1ef1 c\u1ea5p kh\u00ed th\u1edf (SCBA) RHZKF 6.8\/30 - C\u00f4ng Ty TNHH Trang Thi\u1ebft B\u1ecb K\u1ef9 Thu\u1eadt An Huy","description":"Thi\u1ebft b\u1ecb th\u1edf lo\u1ea1i t\u1ef1 c\u1ea5p kh\u00ed th\u1edf ( SCBA) RHZKF 6.8\/30. S\u1ea3n ph\u1ea9m do C\u00f4ng ty C\u00f4ng nghi\u1ec7p Penco - Th\u01b0\u1ee3ng H\u1ea3i s\u1ea3n xu\u1ea5t.S\u1ea3n ph\u1ea9m \u0111\u00e3 \u0111\u01b0\u1ee3c xu\u1ea5t kh\u1ea9u \u0111\u1ebfn nhi\u1ec1u n\u01b0\u1edbc tr\u00ean th\u1ebf gi\u1edbi .","robots":{"index":"index","follow":"follow","max-snippet":"max-snippet:-1","max-image-preview":"max-image-preview:large","max-video-preview":"max-video-preview:-1"},"canonical":"http:\/\/anhuysafety.com\/en\/product\/bo-tu-cap-khi-tho-scba-rhzkf-6-8-30\/","og_locale":"en_US","og_type":"article","og_title":"B\u1ed9 t\u1ef1 c\u1ea5p kh\u00ed th\u1edf (SCBA) RHZKF 6.8\/30 - C\u00f4ng Ty TNHH Trang Thi\u1ebft B\u1ecb K\u1ef9 Thu\u1eadt An Huy","og_description":"Thi\u1ebft b\u1ecb th\u1edf lo\u1ea1i t\u1ef1 c\u1ea5p kh\u00ed th\u1edf ( SCBA) RHZKF 6.8\/30. S\u1ea3n ph\u1ea9m do C\u00f4ng ty C\u00f4ng nghi\u1ec7p Penco - Th\u01b0\u1ee3ng H\u1ea3i s\u1ea3n xu\u1ea5t.S\u1ea3n ph\u1ea9m \u0111\u00e3 \u0111\u01b0\u1ee3c xu\u1ea5t kh\u1ea9u \u0111\u1ebfn nhi\u1ec1u n\u01b0\u1edbc tr\u00ean th\u1ebf gi\u1edbi .","og_url":"http:\/\/anhuysafety.com\/en\/product\/bo-tu-cap-khi-tho-scba-rhzkf-6-8-30\/","og_site_name":"C\u00f4ng Ty TNHH Trang Thi\u1ebft B\u1ecb K\u1ef9 Thu\u1eadt An Huy","article_modified_time":"2022-04-11T09:14:57+00:00","og_image":[{"width":800,"height":601,"url":"https:\/\/anhuysafety.com\/wp-content\/uploads\/2022\/04\/bo45phut62325061.gif","type":"image\/gif"}],"twitter_card":"summary_large_image","twitter_misc":{"Est. reading time":"1 minute"},"schema":{"@context":"https:\/\/schema.org","@graph":[{"@type":"WebPage","@id":"http:\/\/anhuysafety.com\/en\/product\/bo-tu-cap-khi-tho-scba-rhzkf-6-8-30\/","url":"http:\/\/anhuysafety.com\/en\/product\/bo-tu-cap-khi-tho-scba-rhzkf-6-8-30\/","name":"B\u1ed9 t\u1ef1 c\u1ea5p kh\u00ed th\u1edf (SCBA) RHZKF 6.8\/30 - C\u00f4ng Ty TNHH Trang Thi\u1ebft B\u1ecb K\u1ef9 Thu\u1eadt An Huy","isPartOf":{"@id":"https:\/\/anhuysafety.com\/#website"},"primaryImageOfPage":{"@id":"http:\/\/anhuysafety.com\/en\/product\/bo-tu-cap-khi-tho-scba-rhzkf-6-8-30\/#primaryimage"},"image":{"@id":"http:\/\/anhuysafety.com\/en\/product\/bo-tu-cap-khi-tho-scba-rhzkf-6-8-30\/#primaryimage"},"thumbnailUrl":"https:\/\/anhuysafety.com\/wp-content\/uploads\/2022\/04\/bo45phut62325061.gif","datePublished":"2022-04-11T09:14:56+00:00","dateModified":"2022-04-11T09:14:57+00:00","description":"Thi\u1ebft b\u1ecb th\u1edf lo\u1ea1i t\u1ef1 c\u1ea5p kh\u00ed th\u1edf ( SCBA) RHZKF 6.8\/30. S\u1ea3n ph\u1ea9m do C\u00f4ng ty C\u00f4ng nghi\u1ec7p Penco - Th\u01b0\u1ee3ng H\u1ea3i s\u1ea3n xu\u1ea5t.S\u1ea3n ph\u1ea9m \u0111\u00e3 \u0111\u01b0\u1ee3c xu\u1ea5t kh\u1ea9u \u0111\u1ebfn nhi\u1ec1u n\u01b0\u1edbc tr\u00ean th\u1ebf gi\u1edbi .","breadcrumb":{"@id":"http:\/\/anhuysafety.com\/en\/product\/bo-tu-cap-khi-tho-scba-rhzkf-6-8-30\/#breadcrumb"},"inLanguage":"en-US","potentialAction":[{"@type":"ReadAction","target":["http:\/\/anhuysafety.com\/en\/product\/bo-tu-cap-khi-tho-scba-rhzkf-6-8-30\/"]}]},{"@type":"ImageObject","inLanguage":"en-US","@id":"http:\/\/anhuysafety.com\/en\/product\/bo-tu-cap-khi-tho-scba-rhzkf-6-8-30\/#primaryimage","url":"https:\/\/anhuysafety.com\/wp-content\/uploads\/2022\/04\/bo45phut62325061.gif","contentUrl":"https:\/\/anhuysafety.com\/wp-content\/uploads\/2022\/04\/bo45phut62325061.gif","width":800,"height":601,"caption":"B\u1ed9 t\u1ef1 c\u1ea5p kh\u00ed th\u1edf (SCBA)"},{"@type":"BreadcrumbList","@id":"http:\/\/anhuysafety.com\/en\/product\/bo-tu-cap-khi-tho-scba-rhzkf-6-8-30\/#breadcrumb","itemListElement":[{"@type":"ListItem","position":1,"name":"Trang ch\u1ee7","item":"https:\/\/anhuysafety.com\/"},{"@type":"ListItem","position":2,"name":"S\u1ea3n ph\u1ea9m","item":"http:\/\/anhuysafety.com\/en\/cua-hang"},{"@type":"ListItem","position":3,"name":"B\u1ed9 t\u1ef1 c\u1ea5p kh\u00ed th\u1edf (SCBA) RHZKF 6.8\/30"}]},{"@type":"WebSite","@id":"https:\/\/anhuysafety.com\/#website","url":"https:\/\/anhuysafety.com\/","name":"AN HUY TECHNICAL EQUIPMENT CO., LTD","description":"","publisher":{"@id":"https:\/\/anhuysafety.com\/#organization"},"potentialAction":[{"@type":"SearchAction","target":{"@type":"EntryPoint","urlTemplate":"https:\/\/anhuysafety.com\/?s={search_term_string}"},"query-input":{"@type":"PropertyValueSpecification","valueRequired":true,"valueName":"search_term_string"}}],"inLanguage":"en-US"},{"@type":"Organization","@id":"https:\/\/anhuysafety.com\/#organization","name":"C\u00f4ng ty TNHH trang thi\u1ebft b\u1ecb k\u1ef9 thu\u1eadt An Huy","url":"https:\/\/anhuysafety.com\/","logo":{"@type":"ImageObject","inLanguage":"en-US","@id":"https:\/\/anhuysafety.com\/#\/schema\/logo\/image\/","url":"https:\/\/anhuysafety.com\/wp-content\/uploads\/2022\/02\/cropped-cropped-cropped-LOGO_AN_HUY_SAFETY_chuan-removebg-preview-1.png","contentUrl":"https:\/\/anhuysafety.com\/wp-content\/uploads\/2022\/02\/cropped-cropped-cropped-LOGO_AN_HUY_SAFETY_chuan-removebg-preview-1.png","width":357,"height":318,"caption":"C\u00f4ng ty TNHH trang thi\u1ebft b\u1ecb k\u1ef9 thu\u1eadt An Huy"},"image":{"@id":"https:\/\/anhuysafety.com\/#\/schema\/logo\/image\/"}}]}},"_links":{"self":[{"href":"https:\/\/anhuysafety.com\/en\/wp-json\/wp\/v2\/product\/3540","targetHints":{"allow":["GET"]}}],"collection":[{"href":"https:\/\/anhuysafety.com\/en\/wp-json\/wp\/v2\/product"}],"about":[{"href":"https:\/\/anhuysafety.com\/en\/wp-json\/wp\/v2\/types\/product"}],"version-history":[{"count":1,"href":"https:\/\/anhuysafety.com\/en\/wp-json\/wp\/v2\/product\/3540\/revisions"}],"predecessor-version":[{"id":3542,"href":"https:\/\/anhuysafety.com\/en\/wp-json\/wp\/v2\/product\/3540\/revisions\/3542"}],"wp:featuredmedia":[{"embeddable":true,"href":"https:\/\/anhuysafety.com\/en\/wp-json\/wp\/v2\/media\/3541"}],"wp:attachment":[{"href":"https:\/\/anhuysafety.com\/en\/wp-json\/wp\/v2\/media?parent=3540"}],"wp:term":[{"taxonomy":"product_brand","embeddable":true,"href":"https:\/\/anhuysafety.com\/en\/wp-json\/wp\/v2\/product_brand?post=3540"},{"taxonomy":"product_cat","embeddable":true,"href":"https:\/\/anhuysafety.com\/en\/wp-json\/wp\/v2\/product_cat?post=3540"},{"taxonomy":"product_tag","embeddable":true,"href":"https:\/\/anhuysafety.com\/en\/wp-json\/wp\/v2\/product_tag?post=3540"}],"curies":[{"name":"wp","href":"https:\/\/api.w.org\/{rel}","templated":true}]}}