{"id":3548,"date":"2022-04-11T16:21:06","date_gmt":"2022-04-11T09:21:06","guid":{"rendered":"https:\/\/anhuysafety.com\/?post_type=product&#038;p=3548"},"modified":"2022-04-16T16:04:06","modified_gmt":"2022-04-16T09:04:06","slug":"mat-na-chong-khoi-zevs-u-cua-nga","status":"publish","type":"product","link":"https:\/\/anhuysafety.com\/en\/product\/mat-na-chong-khoi-zevs-u-cua-nga\/","title":{"rendered":"M\u1eb7t n\u1ea1 ch\u1ed1ng kh\u00f3i ZEVS &#8211; U c\u1ee7a Nga"},"content":{"rendered":"<p><strong>M\u1eb7t n\u1ea1 tr\u00f9m tho\u00e1t hi\u1ec3m khi h\u1ecfa ho\u1ea1n ZEVS-U <\/strong><\/p>\n<p><strong>M\u1ee5c \u0111\u00edch<\/strong><\/p>\n<ul>\n<li>ZEVS-U v\u1edbi m\u0169 tr\u00f9m \u0111\u1ea7u b\u1ea3o v\u1ec7 h\u00f4 h\u1ea5p, m\u1eaft, m\u1eb7t v\u00e0 \u0111\u1ea7u, \u0111\u01b0\u1ee3c trang b\u1ecb \u0111\u1ec3 tho\u00e1t kh\u1ecfi v\u00f9ng b\u1ecb \u00f4 nhi\u1ec5m, \u00a0ph\u00e1t sinh b\u1edfi qu\u00e1 tr\u00ecnh ch\u00e1y : carbon monoxide, h\u01a1i kh\u00ed h\u00f3a ch\u1ea5t \u0111\u1ed9c h\u1ea1i kh\u00e1c, c\u00e1c sol kh\u00ed trong th\u00e0nh kh\u00f3i, b\u1ee5i, s\u01b0\u01a1ng m\u00f9 t\u1ea1o ra b\u1edfi ng\u1ecdn l\u1eeda.<\/li>\n<li>D\u00e2y l\u00e0 thi\u1ebft b\u1ecb s\u1eed d\u1ee5ng \u0111\u1ec3 c\u1ee9u n\u1ea1n cho m\u1ed9t ng\u01b0\u1eddi \u00a0tho\u00e1t hi\u1ec3m trong c\u00e1c v\u1ee5 ch\u00e1y t\u1ea1i nh\u00e0 \u1edf, kh\u00e1ch s\u1ea1n, b\u1ec7nh vi\u1ec7n, cao \u1ed1c v\u00e0 c\u00e1c \u0111\u1ed1i t\u01b0\u1ee3ng t\u01b0\u01a1ng t\u1ef1 kh\u00e1c.<\/li>\n<li>ZEVS-U \u0111\u00e1p \u1ee9ng c\u00e1c y\u00eau c\u1ea7u c\u1ee7a ti\u00eau chu\u1ea9n Ch\u00e2u \u00c2u \u00a0EN 403: 2004.<\/li>\n<li>M\u1eb7t n\u1ea1 tho\u00e1t hi\u1ec3m n\u00e0y c\u0169ng ph\u00f9 h\u1ee3p v\u1edbi c\u00e1c y\u00eau c\u1ea7u an to\u00e0n theo h\u01b0\u1edbng d\u1eabn c\u1ee7a Li\u00ean minh ch\u00e2u \u00c2u 89\/686 \/ EEC (Ph\u1ee5 l\u1ee5c II) v\u00e0 c\u00e1c y\u00eau c\u1ea7u c\u1ee7a EN 403: 2004 \u00abRespiratory protective devices for self-rescue \u2013 Filtering devices with hood for escape from fire \u2013 Requirements, testing, marking\u00bb,\u00a0 class S<\/li>\n<\/ul>\n<p>&nbsp;<\/p>\n<p><strong>Nguy\u00ean t\u1eafc ho\u1ea1t \u0111\u1ed9ng<\/strong><\/p>\n<p>Kh\u00f4ng kh\u00ed h\u00edt v\u00e0o,\u00a0 ch\u1ee9a nh\u1eefng ch\u1ea5t \u00f4 nhi\u1ec5m t\u1eeb c\u00e1c s\u1ea3n ph\u1ea9m ch\u00e1y \u0111\u1ed9c h\u1ea1i \u0111\u01b0\u1ee3c b\u1ed9 l\u1ecdc l\u00e0m s\u1ea1ch cung c\u1ea5p kh\u00ed th\u1edf cho ng\u01b0\u1eddi d\u00f9ng.<\/p>\n<p>Kh\u00f4ng kh\u00ed tho\u00e1t ra qua van th\u1edf ra \u0111\u01b0a tr\u1edf l\u1ea1i kh\u00ed quy\u1ec3n.<\/p>\n<p><strong>\u0110i\u1ec1u ki\u1ec7n \u00e1p d\u1ee5ng<\/strong><\/p>\n<p>Khi h\u00e0m l\u01b0\u1ee3ng oxy trong m\u00f4i tr\u01b0\u1eddng xung quanh l\u00e0 kh\u00f4ng \u00edt h\u01a1n 17 % v\u1ec1 kh\u1ed1i l\u01b0\u1ee3ng v\u00e0 nhi\u1ec7t \u0111\u1ed9 m\u00f4i tr\u01b0\u1eddng t\u1eeb \u00a00 \u0111\u1ebfn 60<sup>0<\/sup>C.<\/p>\n<p><strong>T\u00ednh n\u0103ng b\u1ea3o v\u1ec7<\/strong><\/p>\n<p>ZEVS-U\u00a0 c\u00f3 hi\u1ec7u qu\u1ea3 b\u1ea3o v\u1ec7 trong v\u00f2ng 30 ph\u00fat \u0111\u1ed1i v\u1edbi:<\/p>\n<ul>\n<li>Nh\u1eefng s\u1ea3n ph\u1ea9m \u0111\u1ed9c h\u1ea1i (carbon monoxide, hydrogen cyanide, hydro clorua, acrolein);<\/li>\n<li>Kh\u00ed v\u00e0 h\u01a1i h\u1eefu c\u01a1 v\u1edbi \u0111i\u1ec3m s\u00f4i tr\u00ean 65 <sup>0<\/sup>C (cyclohexane, chloropicrin, acetonitrile,);<\/li>\n<li>Kh\u00ed v\u00f4 c\u01a1 v\u00e0 h\u01a1i (clo, hydrogen cyanide, hydrogen sulfide);<\/li>\n<li>Kh\u00ed axit v\u00e0 h\u01a1i (sulfur dioxide, hydrogen chloride, khan hydrogen fluoride,); amoniac;<\/li>\n<li>nitrogen dioxide;<\/li>\n<li>Ch\u1ea5t h\u00f3a h\u1ecdc nguy h\u1ea1i c\u1ee5 th\u1ec3 (cyanogen chloride, phosgene, acrolein, chloropicrin);<\/li>\n<li>sol kh\u00ed (b\u1ee5i, kh\u00f3i, s\u01b0\u01a1ng m\u00f9) bao g\u1ed3m c\u00e1c sol kh\u00ed sinh h\u1ecdc v\u00e0 b\u1ee5i ph\u00f3ng x\u1ea1.<\/li>\n<\/ul>\n<p>ZEVS-U duy tr\u00ec c\u00e1c \u0111\u1eb7c t\u00ednh b\u1ea3o v\u1ec7 c\u1ee7a n\u00f3 ngay c\u1ea3 khi \u0111i\u1ec1u ki\u1ec7n nhi\u1ec7t \u0111\u1ed9 \u0111\u1ebfn 200 <sup>0<\/sup>C trong 1 ph\u00fat v\u00e0 t\u00e1c \u0111\u1ed9ng c\u1ee7a ng\u1ecdn l\u1eeda v\u1edbi nhi\u1ec7t \u0111\u1ed9 800 \u00b1 50 <sup>0<\/sup>C trong 5 gi\u00e2y.<br \/>\n<strong>\u01afu \u0111i\u1ec3m:<\/strong><\/p>\n<ul>\n<li>Hi\u1ec7u qu\u1ea3 b\u1ea3o v\u1ec7 cao;<\/li>\n<li>Gi\u00fap b\u1ea3o v\u1ec7 ch\u1ed1ng l\u1ea1i nhi\u1ec1u y\u1ebfu t\u1ed1 \u0111\u1ed9c h\u1ea1i khi h\u1ecfa ho\u1ea1n.<\/li>\n<li>H\u00f4 h\u1ea5p d\u1ec5 d\u00e0ng<\/li>\n<li>S\u1eed d\u1ee5ng m\u1ed9t k\u00edch th\u01b0\u1edbc ph\u1ed5 qu\u00e1t cho ng\u01b0\u1eddi l\u1edbn v\u00e0 tr\u1ebb em;<\/li>\n<li>D\u1ec5 d\u00e0ng trong vi\u1ec7c s\u1eed d\u1ee5ng v\u00e0 kh\u00f4ng \u0111\u00f2i h\u1ecfi ph\u1ea3i h\u01b0\u1edbng d\u1eabn cho ng\u01b0\u1eddi dung<\/li>\n<\/ul>\n<p>Ch\u1ee9ng nh\u1eadn lo\u1ea1i EC 12180EAS01 ph\u00f9 h\u1ee3p v\u1edbi ti\u00eau chu\u1ea9n EN 403: 2004<\/p>\n<p><strong>Nh\u00e0 s\u1ea3n xu\u1ea5t<\/strong>\u00a0 : Sorbent \u2013 Li\u00ean bang Nga<\/p>","protected":false},"excerpt":{"rendered":"<p>M\u1eb7t n\u1ea1 tr\u00f9m tho\u00e1t hi\u1ec3m khi h\u1ecfa ho\u1ea1n ZEVS-U M\u1ee5c \u0111\u00edch ZEVS-U v\u1edbi m\u0169 tr\u00f9m \u0111\u1ea7u b\u1ea3o v\u1ec7 h\u00f4 h\u1ea5p, m\u1eaft, m\u1eb7t v\u00e0 \u0111\u1ea7u, \u0111\u01b0\u1ee3c trang b\u1ecb \u0111\u1ec3 tho\u00e1t kh\u1ecfi v\u00f9ng b\u1ecb \u00f4 nhi\u1ec5m, \u00a0ph\u00e1t sinh b\u1edfi qu\u00e1 tr\u00ecnh ch\u00e1y : carbon monoxide, h\u01a1i kh\u00ed h\u00f3a ch\u1ea5t \u0111\u1ed9c h\u1ea1i kh\u00e1c, c\u00e1c sol kh\u00ed trong th\u00e0nh [&hellip;]<\/p>\n","protected":false},"featured_media":3549,"template":"","meta":{"site-sidebar-layout":"default","site-content-layout":"default","ast-site-content-layout":"default","site-content-style":"default","site-sidebar-style":"default","ast-global-header-display":"","ast-banner-title-visibility":"","ast-main-header-display":"","ast-hfb-above-header-display":"","ast-hfb-below-header-display":"","ast-hfb-mobile-header-display":"","site-post-title":"","ast-breadcrumbs-content":"","ast-featured-img":"","footer-sml-layout":"","ast-disable-related-posts":"","theme-transparent-header-meta":"","adv-header-id-meta":"","stick-header-meta":"","header-above-stick-meta":"","header-main-stick-meta":"","header-below-stick-meta":"","astra-migrate-meta-layouts":"default","ast-page-background-enabled":"default","ast-page-background-meta":{"desktop":{"background-color":"","background-image":"","background-repeat":"repeat","background-position":"center center","background-size":"auto","background-attachment":"scroll","background-type":"","background-media":"","overlay-type":"","overlay-color":"","overlay-opacity":"","overlay-gradient":""},"tablet":{"background-color":"","background-image":"","background-repeat":"repeat","background-position":"center center","background-size":"auto","background-attachment":"scroll","background-type":"","background-media":"","overlay-type":"","overlay-color":"","overlay-opacity":"","overlay-gradient":""},"mobile":{"background-color":"","background-image":"","background-repeat":"repeat","background-position":"center center","background-size":"auto","background-attachment":"scroll","background-type":"","background-media":"","overlay-type":"","overlay-color":"","overlay-opacity":"","overlay-gradient":""}},"ast-content-background-meta":{"desktop":{"background-color":"var(--ast-global-color-5)","background-image":"","background-repeat":"repeat","background-position":"center center","background-size":"auto","background-attachment":"scroll","background-type":"","background-media":"","overlay-type":"","overlay-color":"","overlay-opacity":"","overlay-gradient":""},"tablet":{"background-color":"var(--ast-global-color-5)","background-image":"","background-repeat":"repeat","background-position":"center center","background-size":"auto","background-attachment":"scroll","background-type":"","background-media":"","overlay-type":"","overlay-color":"","overlay-opacity":"","overlay-gradient":""},"mobile":{"background-color":"var(--ast-global-color-5)","background-image":"","background-repeat":"repeat","background-position":"center center","background-size":"auto","background-attachment":"scroll","background-type":"","background-media":"","overlay-type":"","overlay-color":"","overlay-opacity":"","overlay-gradient":""}}},"product_brand":[],"product_cat":[129,67,71],"product_tag":[],"class_list":{"0":"post-3548","1":"product","2":"type-product","3":"status-publish","4":"has-post-thumbnail","6":"product_cat-mat-na-chong-khoi-thoat-hiem","7":"product_cat-bao-ve-ca-nhan","8":"product_cat-bao-ve-ho-hap","9":"desktop-align-left","10":"tablet-align-left","11":"mobile-align-left","13":"first","14":"instock","15":"shipping-taxable","16":"product-type-simple"},"yoast_head":"<!-- This site is optimized with the Yoast SEO plugin v27.3 - https:\/\/yoast.com\/product\/yoast-seo-wordpress\/ -->\n<title>M\u1eb7t n\u1ea1 ch\u1ed1ng kh\u00f3i ZEVS - U c\u1ee7a Nga - C\u00f4ng Ty TNHH Trang Thi\u1ebft B\u1ecb K\u1ef9 Thu\u1eadt An Huy<\/title>\n<meta name=\"description\" content=\"ZEVS-U v\u1edbi m\u0169 tr\u00f9m \u0111\u1ea7u b\u1ea3o v\u1ec7 h\u00f4 h\u1ea5p, m\u1eaft, m\u1eb7t v\u00e0 \u0111\u1ea7u, \u0111\u01b0\u1ee3c trang b\u1ecb \u0111\u1ec3 tho\u00e1t kh\u1ecfi v\u00f9ng b\u1ecb \u00f4 nhi\u1ec5m, ph\u00e1t sinh b\u1edfi qu\u00e1 tr\u00ecnh ch\u00e1y : carbon monoxide, h\u01a1i kh\u00ed h\u00f3a ch\u1ea5t \u0111\u1ed9c h\u1ea1i kh\u00e1c, c\u00e1c sol kh\u00ed trong th\u00e0nh kh\u00f3i, b\u1ee5i, s\u01b0\u01a1ng m\u00f9 t\u1ea1o ra b\u1edfi ng\u1ecdn l\u1eeda.\" \/>\n<meta name=\"robots\" content=\"index, follow, max-snippet:-1, max-image-preview:large, max-video-preview:-1\" \/>\n<link rel=\"canonical\" href=\"https:\/\/anhuysafety.com\/en\/product\/mat-na-chong-khoi-zevs-u-cua-nga\/\" \/>\n<meta property=\"og:locale\" content=\"en_US\" \/>\n<meta property=\"og:type\" content=\"article\" \/>\n<meta property=\"og:title\" content=\"M\u1eb7t n\u1ea1 ch\u1ed1ng kh\u00f3i ZEVS - U c\u1ee7a Nga - C\u00f4ng Ty TNHH Trang Thi\u1ebft B\u1ecb K\u1ef9 Thu\u1eadt An Huy\" \/>\n<meta property=\"og:description\" content=\"ZEVS-U v\u1edbi m\u0169 tr\u00f9m \u0111\u1ea7u b\u1ea3o v\u1ec7 h\u00f4 h\u1ea5p, m\u1eaft, m\u1eb7t v\u00e0 \u0111\u1ea7u, \u0111\u01b0\u1ee3c trang b\u1ecb \u0111\u1ec3 tho\u00e1t kh\u1ecfi v\u00f9ng b\u1ecb \u00f4 nhi\u1ec5m, ph\u00e1t sinh b\u1edfi qu\u00e1 tr\u00ecnh ch\u00e1y : carbon monoxide, h\u01a1i kh\u00ed h\u00f3a ch\u1ea5t \u0111\u1ed9c h\u1ea1i kh\u00e1c, c\u00e1c sol kh\u00ed trong th\u00e0nh kh\u00f3i, b\u1ee5i, s\u01b0\u01a1ng m\u00f9 t\u1ea1o ra b\u1edfi ng\u1ecdn l\u1eeda.\" \/>\n<meta property=\"og:url\" content=\"https:\/\/anhuysafety.com\/en\/product\/mat-na-chong-khoi-zevs-u-cua-nga\/\" \/>\n<meta property=\"og:site_name\" content=\"C\u00f4ng Ty TNHH Trang Thi\u1ebft B\u1ecb K\u1ef9 Thu\u1eadt An Huy\" \/>\n<meta property=\"article:modified_time\" content=\"2022-04-16T09:04:06+00:00\" \/>\n<meta property=\"og:image\" content=\"https:\/\/anhuysafety.com\/wp-content\/uploads\/2022\/04\/lockhoizevs30878996.gif\" \/>\n\t<meta property=\"og:image:width\" content=\"500\" \/>\n\t<meta property=\"og:image:height\" content=\"375\" \/>\n\t<meta property=\"og:image:type\" content=\"image\/gif\" \/>\n<meta name=\"twitter:card\" content=\"summary_large_image\" \/>\n<meta name=\"twitter:label1\" content=\"Est. reading time\" \/>\n\t<meta name=\"twitter:data1\" content=\"3 minutes\" \/>\n<script type=\"application\/ld+json\" class=\"yoast-schema-graph\">{\"@context\":\"https:\\\/\\\/schema.org\",\"@graph\":[{\"@type\":\"WebPage\",\"@id\":\"https:\\\/\\\/anhuysafety.com\\\/san-pham\\\/mat-na-chong-khoi-zevs-u-cua-nga\\\/\",\"url\":\"https:\\\/\\\/anhuysafety.com\\\/san-pham\\\/mat-na-chong-khoi-zevs-u-cua-nga\\\/\",\"name\":\"M\u1eb7t n\u1ea1 ch\u1ed1ng kh\u00f3i ZEVS - U c\u1ee7a Nga - C\u00f4ng Ty TNHH Trang Thi\u1ebft B\u1ecb K\u1ef9 Thu\u1eadt An Huy\",\"isPartOf\":{\"@id\":\"https:\\\/\\\/anhuysafety.com\\\/#website\"},\"primaryImageOfPage\":{\"@id\":\"https:\\\/\\\/anhuysafety.com\\\/san-pham\\\/mat-na-chong-khoi-zevs-u-cua-nga\\\/#primaryimage\"},\"image\":{\"@id\":\"https:\\\/\\\/anhuysafety.com\\\/san-pham\\\/mat-na-chong-khoi-zevs-u-cua-nga\\\/#primaryimage\"},\"thumbnailUrl\":\"https:\\\/\\\/anhuysafety.com\\\/wp-content\\\/uploads\\\/2022\\\/04\\\/lockhoizevs30878996.gif\",\"datePublished\":\"2022-04-11T09:21:06+00:00\",\"dateModified\":\"2022-04-16T09:04:06+00:00\",\"description\":\"ZEVS-U v\u1edbi m\u0169 tr\u00f9m \u0111\u1ea7u b\u1ea3o v\u1ec7 h\u00f4 h\u1ea5p, m\u1eaft, m\u1eb7t v\u00e0 \u0111\u1ea7u, \u0111\u01b0\u1ee3c trang b\u1ecb \u0111\u1ec3 tho\u00e1t kh\u1ecfi v\u00f9ng b\u1ecb \u00f4 nhi\u1ec5m, ph\u00e1t sinh b\u1edfi qu\u00e1 tr\u00ecnh ch\u00e1y : carbon monoxide, h\u01a1i kh\u00ed h\u00f3a ch\u1ea5t \u0111\u1ed9c h\u1ea1i kh\u00e1c, c\u00e1c sol kh\u00ed trong th\u00e0nh kh\u00f3i, b\u1ee5i, s\u01b0\u01a1ng m\u00f9 t\u1ea1o ra b\u1edfi ng\u1ecdn l\u1eeda.\",\"breadcrumb\":{\"@id\":\"https:\\\/\\\/anhuysafety.com\\\/san-pham\\\/mat-na-chong-khoi-zevs-u-cua-nga\\\/#breadcrumb\"},\"inLanguage\":\"en-US\",\"potentialAction\":[{\"@type\":\"ReadAction\",\"target\":[\"https:\\\/\\\/anhuysafety.com\\\/san-pham\\\/mat-na-chong-khoi-zevs-u-cua-nga\\\/\"]}]},{\"@type\":\"ImageObject\",\"inLanguage\":\"en-US\",\"@id\":\"https:\\\/\\\/anhuysafety.com\\\/san-pham\\\/mat-na-chong-khoi-zevs-u-cua-nga\\\/#primaryimage\",\"url\":\"https:\\\/\\\/anhuysafety.com\\\/wp-content\\\/uploads\\\/2022\\\/04\\\/lockhoizevs30878996.gif\",\"contentUrl\":\"https:\\\/\\\/anhuysafety.com\\\/wp-content\\\/uploads\\\/2022\\\/04\\\/lockhoizevs30878996.gif\",\"width\":500,\"height\":375,\"caption\":\"M\u1eb7t n\u1ea1 ch\u1ed1ng kh\u00f3i\"},{\"@type\":\"BreadcrumbList\",\"@id\":\"https:\\\/\\\/anhuysafety.com\\\/san-pham\\\/mat-na-chong-khoi-zevs-u-cua-nga\\\/#breadcrumb\",\"itemListElement\":[{\"@type\":\"ListItem\",\"position\":1,\"name\":\"Trang ch\u1ee7\",\"item\":\"https:\\\/\\\/anhuysafety.com\\\/\"},{\"@type\":\"ListItem\",\"position\":2,\"name\":\"S\u1ea3n ph\u1ea9m\",\"item\":\"http:\\\/\\\/anhuysafety.com\\\/en\\\/cua-hang\"},{\"@type\":\"ListItem\",\"position\":3,\"name\":\"M\u1eb7t n\u1ea1 ch\u1ed1ng kh\u00f3i ZEVS &#8211; U c\u1ee7a Nga\"}]},{\"@type\":\"WebSite\",\"@id\":\"https:\\\/\\\/anhuysafety.com\\\/#website\",\"url\":\"https:\\\/\\\/anhuysafety.com\\\/\",\"name\":\"C\u00f4ng Ty TNHH Trang Thi\u1ebft B\u1ecb K\u1ef9 Thu\u1eadt An Huy\",\"description\":\"\",\"publisher\":{\"@id\":\"https:\\\/\\\/anhuysafety.com\\\/#organization\"},\"potentialAction\":[{\"@type\":\"SearchAction\",\"target\":{\"@type\":\"EntryPoint\",\"urlTemplate\":\"https:\\\/\\\/anhuysafety.com\\\/?s={search_term_string}\"},\"query-input\":{\"@type\":\"PropertyValueSpecification\",\"valueRequired\":true,\"valueName\":\"search_term_string\"}}],\"inLanguage\":\"en-US\"},{\"@type\":\"Organization\",\"@id\":\"https:\\\/\\\/anhuysafety.com\\\/#organization\",\"name\":\"C\u00f4ng ty TNHH trang thi\u1ebft b\u1ecb k\u1ef9 thu\u1eadt An Huy\",\"url\":\"https:\\\/\\\/anhuysafety.com\\\/\",\"logo\":{\"@type\":\"ImageObject\",\"inLanguage\":\"en-US\",\"@id\":\"https:\\\/\\\/anhuysafety.com\\\/#\\\/schema\\\/logo\\\/image\\\/\",\"url\":\"https:\\\/\\\/anhuysafety.com\\\/wp-content\\\/uploads\\\/2022\\\/02\\\/cropped-cropped-cropped-LOGO_AN_HUY_SAFETY_chuan-removebg-preview-1.png\",\"contentUrl\":\"https:\\\/\\\/anhuysafety.com\\\/wp-content\\\/uploads\\\/2022\\\/02\\\/cropped-cropped-cropped-LOGO_AN_HUY_SAFETY_chuan-removebg-preview-1.png\",\"width\":357,\"height\":318,\"caption\":\"C\u00f4ng ty TNHH trang thi\u1ebft b\u1ecb k\u1ef9 thu\u1eadt An Huy\"},\"image\":{\"@id\":\"https:\\\/\\\/anhuysafety.com\\\/#\\\/schema\\\/logo\\\/image\\\/\"}}]}<\/script>\n<!-- \/ Yoast SEO plugin. -->","yoast_head_json":{"title":"M\u1eb7t n\u1ea1 ch\u1ed1ng kh\u00f3i ZEVS - U c\u1ee7a Nga - C\u00f4ng Ty TNHH Trang Thi\u1ebft B\u1ecb K\u1ef9 Thu\u1eadt An Huy","description":"ZEVS-U v\u1edbi m\u0169 tr\u00f9m \u0111\u1ea7u b\u1ea3o v\u1ec7 h\u00f4 h\u1ea5p, m\u1eaft, m\u1eb7t v\u00e0 \u0111\u1ea7u, \u0111\u01b0\u1ee3c trang b\u1ecb \u0111\u1ec3 tho\u00e1t kh\u1ecfi v\u00f9ng b\u1ecb \u00f4 nhi\u1ec5m, ph\u00e1t sinh b\u1edfi qu\u00e1 tr\u00ecnh ch\u00e1y : carbon monoxide, h\u01a1i kh\u00ed h\u00f3a ch\u1ea5t \u0111\u1ed9c h\u1ea1i kh\u00e1c, c\u00e1c sol kh\u00ed trong th\u00e0nh kh\u00f3i, b\u1ee5i, s\u01b0\u01a1ng m\u00f9 t\u1ea1o ra b\u1edfi ng\u1ecdn l\u1eeda.","robots":{"index":"index","follow":"follow","max-snippet":"max-snippet:-1","max-image-preview":"max-image-preview:large","max-video-preview":"max-video-preview:-1"},"canonical":"https:\/\/anhuysafety.com\/en\/product\/mat-na-chong-khoi-zevs-u-cua-nga\/","og_locale":"en_US","og_type":"article","og_title":"M\u1eb7t n\u1ea1 ch\u1ed1ng kh\u00f3i ZEVS - U c\u1ee7a Nga - C\u00f4ng Ty TNHH Trang Thi\u1ebft B\u1ecb K\u1ef9 Thu\u1eadt An Huy","og_description":"ZEVS-U v\u1edbi m\u0169 tr\u00f9m \u0111\u1ea7u b\u1ea3o v\u1ec7 h\u00f4 h\u1ea5p, m\u1eaft, m\u1eb7t v\u00e0 \u0111\u1ea7u, \u0111\u01b0\u1ee3c trang b\u1ecb \u0111\u1ec3 tho\u00e1t kh\u1ecfi v\u00f9ng b\u1ecb \u00f4 nhi\u1ec5m, ph\u00e1t sinh b\u1edfi qu\u00e1 tr\u00ecnh ch\u00e1y : carbon monoxide, h\u01a1i kh\u00ed h\u00f3a ch\u1ea5t \u0111\u1ed9c h\u1ea1i kh\u00e1c, c\u00e1c sol kh\u00ed trong th\u00e0nh kh\u00f3i, b\u1ee5i, s\u01b0\u01a1ng m\u00f9 t\u1ea1o ra b\u1edfi ng\u1ecdn l\u1eeda.","og_url":"https:\/\/anhuysafety.com\/en\/product\/mat-na-chong-khoi-zevs-u-cua-nga\/","og_site_name":"C\u00f4ng Ty TNHH Trang Thi\u1ebft B\u1ecb K\u1ef9 Thu\u1eadt An Huy","article_modified_time":"2022-04-16T09:04:06+00:00","og_image":[{"width":500,"height":375,"url":"https:\/\/anhuysafety.com\/wp-content\/uploads\/2022\/04\/lockhoizevs30878996.gif","type":"image\/gif"}],"twitter_card":"summary_large_image","twitter_misc":{"Est. reading time":"3 minutes"},"schema":{"@context":"https:\/\/schema.org","@graph":[{"@type":"WebPage","@id":"https:\/\/anhuysafety.com\/san-pham\/mat-na-chong-khoi-zevs-u-cua-nga\/","url":"https:\/\/anhuysafety.com\/san-pham\/mat-na-chong-khoi-zevs-u-cua-nga\/","name":"M\u1eb7t n\u1ea1 ch\u1ed1ng kh\u00f3i ZEVS - U c\u1ee7a Nga - C\u00f4ng Ty TNHH Trang Thi\u1ebft B\u1ecb K\u1ef9 Thu\u1eadt An Huy","isPartOf":{"@id":"https:\/\/anhuysafety.com\/#website"},"primaryImageOfPage":{"@id":"https:\/\/anhuysafety.com\/san-pham\/mat-na-chong-khoi-zevs-u-cua-nga\/#primaryimage"},"image":{"@id":"https:\/\/anhuysafety.com\/san-pham\/mat-na-chong-khoi-zevs-u-cua-nga\/#primaryimage"},"thumbnailUrl":"https:\/\/anhuysafety.com\/wp-content\/uploads\/2022\/04\/lockhoizevs30878996.gif","datePublished":"2022-04-11T09:21:06+00:00","dateModified":"2022-04-16T09:04:06+00:00","description":"ZEVS-U v\u1edbi m\u0169 tr\u00f9m \u0111\u1ea7u b\u1ea3o v\u1ec7 h\u00f4 h\u1ea5p, m\u1eaft, m\u1eb7t v\u00e0 \u0111\u1ea7u, \u0111\u01b0\u1ee3c trang b\u1ecb \u0111\u1ec3 tho\u00e1t kh\u1ecfi v\u00f9ng b\u1ecb \u00f4 nhi\u1ec5m, ph\u00e1t sinh b\u1edfi qu\u00e1 tr\u00ecnh ch\u00e1y : carbon monoxide, h\u01a1i kh\u00ed h\u00f3a ch\u1ea5t \u0111\u1ed9c h\u1ea1i kh\u00e1c, c\u00e1c sol kh\u00ed trong th\u00e0nh kh\u00f3i, b\u1ee5i, s\u01b0\u01a1ng m\u00f9 t\u1ea1o ra b\u1edfi ng\u1ecdn l\u1eeda.","breadcrumb":{"@id":"https:\/\/anhuysafety.com\/san-pham\/mat-na-chong-khoi-zevs-u-cua-nga\/#breadcrumb"},"inLanguage":"en-US","potentialAction":[{"@type":"ReadAction","target":["https:\/\/anhuysafety.com\/san-pham\/mat-na-chong-khoi-zevs-u-cua-nga\/"]}]},{"@type":"ImageObject","inLanguage":"en-US","@id":"https:\/\/anhuysafety.com\/san-pham\/mat-na-chong-khoi-zevs-u-cua-nga\/#primaryimage","url":"https:\/\/anhuysafety.com\/wp-content\/uploads\/2022\/04\/lockhoizevs30878996.gif","contentUrl":"https:\/\/anhuysafety.com\/wp-content\/uploads\/2022\/04\/lockhoizevs30878996.gif","width":500,"height":375,"caption":"M\u1eb7t n\u1ea1 ch\u1ed1ng kh\u00f3i"},{"@type":"BreadcrumbList","@id":"https:\/\/anhuysafety.com\/san-pham\/mat-na-chong-khoi-zevs-u-cua-nga\/#breadcrumb","itemListElement":[{"@type":"ListItem","position":1,"name":"Trang ch\u1ee7","item":"https:\/\/anhuysafety.com\/"},{"@type":"ListItem","position":2,"name":"S\u1ea3n ph\u1ea9m","item":"http:\/\/anhuysafety.com\/en\/cua-hang"},{"@type":"ListItem","position":3,"name":"M\u1eb7t n\u1ea1 ch\u1ed1ng kh\u00f3i ZEVS &#8211; U c\u1ee7a Nga"}]},{"@type":"WebSite","@id":"https:\/\/anhuysafety.com\/#website","url":"https:\/\/anhuysafety.com\/","name":"AN HUY TECHNICAL EQUIPMENT CO., LTD","description":"","publisher":{"@id":"https:\/\/anhuysafety.com\/#organization"},"potentialAction":[{"@type":"SearchAction","target":{"@type":"EntryPoint","urlTemplate":"https:\/\/anhuysafety.com\/?s={search_term_string}"},"query-input":{"@type":"PropertyValueSpecification","valueRequired":true,"valueName":"search_term_string"}}],"inLanguage":"en-US"},{"@type":"Organization","@id":"https:\/\/anhuysafety.com\/#organization","name":"C\u00f4ng ty TNHH trang thi\u1ebft b\u1ecb k\u1ef9 thu\u1eadt An Huy","url":"https:\/\/anhuysafety.com\/","logo":{"@type":"ImageObject","inLanguage":"en-US","@id":"https:\/\/anhuysafety.com\/#\/schema\/logo\/image\/","url":"https:\/\/anhuysafety.com\/wp-content\/uploads\/2022\/02\/cropped-cropped-cropped-LOGO_AN_HUY_SAFETY_chuan-removebg-preview-1.png","contentUrl":"https:\/\/anhuysafety.com\/wp-content\/uploads\/2022\/02\/cropped-cropped-cropped-LOGO_AN_HUY_SAFETY_chuan-removebg-preview-1.png","width":357,"height":318,"caption":"C\u00f4ng ty TNHH trang thi\u1ebft b\u1ecb k\u1ef9 thu\u1eadt An Huy"},"image":{"@id":"https:\/\/anhuysafety.com\/#\/schema\/logo\/image\/"}}]}},"_links":{"self":[{"href":"https:\/\/anhuysafety.com\/en\/wp-json\/wp\/v2\/product\/3548","targetHints":{"allow":["GET"]}}],"collection":[{"href":"https:\/\/anhuysafety.com\/en\/wp-json\/wp\/v2\/product"}],"about":[{"href":"https:\/\/anhuysafety.com\/en\/wp-json\/wp\/v2\/types\/product"}],"version-history":[{"count":2,"href":"https:\/\/anhuysafety.com\/en\/wp-json\/wp\/v2\/product\/3548\/revisions"}],"predecessor-version":[{"id":3551,"href":"https:\/\/anhuysafety.com\/en\/wp-json\/wp\/v2\/product\/3548\/revisions\/3551"}],"wp:featuredmedia":[{"embeddable":true,"href":"https:\/\/anhuysafety.com\/en\/wp-json\/wp\/v2\/media\/3549"}],"wp:attachment":[{"href":"https:\/\/anhuysafety.com\/en\/wp-json\/wp\/v2\/media?parent=3548"}],"wp:term":[{"taxonomy":"product_brand","embeddable":true,"href":"https:\/\/anhuysafety.com\/en\/wp-json\/wp\/v2\/product_brand?post=3548"},{"taxonomy":"product_cat","embeddable":true,"href":"https:\/\/anhuysafety.com\/en\/wp-json\/wp\/v2\/product_cat?post=3548"},{"taxonomy":"product_tag","embeddable":true,"href":"https:\/\/anhuysafety.com\/en\/wp-json\/wp\/v2\/product_tag?post=3548"}],"curies":[{"name":"wp","href":"https:\/\/api.w.org\/{rel}","templated":true}]}}