{"id":3552,"date":"2022-04-11T16:27:07","date_gmt":"2022-04-11T09:27:07","guid":{"rendered":"https:\/\/anhuysafety.com\/?post_type=product&#038;p=3552"},"modified":"2022-04-16T16:04:03","modified_gmt":"2022-04-16T09:04:03","slug":"gang-tay-bao-ho-constructo","status":"publish","type":"product","link":"https:\/\/anhuysafety.com\/en\/product\/gang-tay-bao-ho-constructo\/","title":{"rendered":"G\u0103ng tay b\u1ea3o h\u1ed9 Constructo"},"content":{"rendered":"<div class=\"entry-content\">\u2022 G\u0103ng tay b\u1eb1ng s\u1ee3i Cotton\u2022 L\u00f2ng b\u00e0n tay \u0111\u01b0\u1ee3c t\u0103ng c\u01b0\u1eddng th\u00eam l\u1edbp cao su nh\u00e1m t\u1ea1o \u0111\u1ed9 b\u00e1m cao .<\/p>\n<p>S\u1ea3n ph\u1ea9m \u0111\u1ea1t ti\u00eau chu\u1ea9n EN388:2003\u00a0 v\u1edbi c\u1ea5p b\u1ea3o v\u1ec7 2243 trong \u0111\u00f3:<\/p>\n<p>&#8211; Ch\u1ecbu m\u00e0i m\u00f2n (0-4): c\u1ea5p 2<br \/>\n&#8211; Ch\u1ed1ng \u00a0c\u1eaft (0-5): \u00a0c\u1ea5p 2<br \/>\n&#8211; \u0110\u1ed9 b\u1ec1n x\u00e9 (0-4): c\u1ea5p 4<br \/>\n&#8211; Ch\u1ed1ng \u0111\u00e2m xuy\u00ean (0-4): \u00a0c\u1ea5p 3<\/p>\n<\/div>\n<p>Click \u0111\u1ec3 xem :<\/p>\n<p><a href=\"https:\/\/www.safetyjogger.com\/documents\/certificates\/textile\/constructo.pdf\">Ch\u1ee9ng ch\u1ec9 ch\u1ea5t l\u01b0\u1ee3ng<\/a><\/p>\n<p><a href=\"https:\/\/www.safetyjogger.com\/documents\/photos\/textile\/safety\/constructo-025.jpg\">H\u00ecnh \u1ea3nh l\u1edbn c\u1ee7a s\u1ea3n ph\u1ea9m <\/a><\/p>\n<p>Nh\u00e0 s\u1ea3n xu\u1ea5t : Jogger<\/p>","protected":false},"excerpt":{"rendered":"<p>\u2022 G\u0103ng tay b\u1eb1ng s\u1ee3i Cotton\u2022 L\u00f2ng b\u00e0n tay \u0111\u01b0\u1ee3c t\u0103ng c\u01b0\u1eddng th\u00eam l\u1edbp cao su nh\u00e1m t\u1ea1o \u0111\u1ed9 b\u00e1m cao . S\u1ea3n ph\u1ea9m \u0111\u1ea1t ti\u00eau chu\u1ea9n EN388:2003\u00a0 v\u1edbi c\u1ea5p b\u1ea3o v\u1ec7 2243 trong \u0111\u00f3: &#8211; Ch\u1ecbu m\u00e0i m\u00f2n (0-4): c\u1ea5p 2 &#8211; Ch\u1ed1ng \u00a0c\u1eaft (0-5): \u00a0c\u1ea5p 2 &#8211; \u0110\u1ed9 b\u1ec1n x\u00e9 (0-4): c\u1ea5p 4 [&hellip;]<\/p>\n","protected":false},"featured_media":3553,"template":"","meta":{"site-sidebar-layout":"default","site-content-layout":"default","ast-site-content-layout":"default","site-content-style":"default","site-sidebar-style":"default","ast-global-header-display":"","ast-banner-title-visibility":"","ast-main-header-display":"","ast-hfb-above-header-display":"","ast-hfb-below-header-display":"","ast-hfb-mobile-header-display":"","site-post-title":"","ast-breadcrumbs-content":"","ast-featured-img":"","footer-sml-layout":"","ast-disable-related-posts":"","theme-transparent-header-meta":"","adv-header-id-meta":"","stick-header-meta":"","header-above-stick-meta":"","header-main-stick-meta":"","header-below-stick-meta":"","astra-migrate-meta-layouts":"default","ast-page-background-enabled":"default","ast-page-background-meta":{"desktop":{"background-color":"","background-image":"","background-repeat":"repeat","background-position":"center center","background-size":"auto","background-attachment":"scroll","background-type":"","background-media":"","overlay-type":"","overlay-color":"","overlay-opacity":"","overlay-gradient":""},"tablet":{"background-color":"","background-image":"","background-repeat":"repeat","background-position":"center center","background-size":"auto","background-attachment":"scroll","background-type":"","background-media":"","overlay-type":"","overlay-color":"","overlay-opacity":"","overlay-gradient":""},"mobile":{"background-color":"","background-image":"","background-repeat":"repeat","background-position":"center center","background-size":"auto","background-attachment":"scroll","background-type":"","background-media":"","overlay-type":"","overlay-color":"","overlay-opacity":"","overlay-gradient":""}},"ast-content-background-meta":{"desktop":{"background-color":"var(--ast-global-color-5)","background-image":"","background-repeat":"repeat","background-position":"center center","background-size":"auto","background-attachment":"scroll","background-type":"","background-media":"","overlay-type":"","overlay-color":"","overlay-opacity":"","overlay-gradient":""},"tablet":{"background-color":"var(--ast-global-color-5)","background-image":"","background-repeat":"repeat","background-position":"center center","background-size":"auto","background-attachment":"scroll","background-type":"","background-media":"","overlay-type":"","overlay-color":"","overlay-opacity":"","overlay-gradient":""},"mobile":{"background-color":"var(--ast-global-color-5)","background-image":"","background-repeat":"repeat","background-position":"center center","background-size":"auto","background-attachment":"scroll","background-type":"","background-media":"","overlay-type":"","overlay-color":"","overlay-opacity":"","overlay-gradient":""}}},"product_brand":[],"product_cat":[130,67,83],"product_tag":[],"class_list":{"0":"post-3552","1":"product","2":"type-product","3":"status-publish","4":"has-post-thumbnail","6":"product_cat-gang-tay-bao-ho-det-kim","7":"product_cat-bao-ve-ca-nhan","8":"product_cat-bao-ve-tay-va-canh-tay","9":"desktop-align-left","10":"tablet-align-left","11":"mobile-align-left","13":"first","14":"instock","15":"shipping-taxable","16":"product-type-simple"},"yoast_head":"<!-- This site is optimized with the Yoast SEO plugin v27.5 - https:\/\/yoast.com\/product\/yoast-seo-wordpress\/ -->\n<title>G\u0103ng tay b\u1ea3o h\u1ed9 Constructo - C\u00f4ng Ty TNHH Trang Thi\u1ebft B\u1ecb K\u1ef9 Thu\u1eadt An Huy<\/title>\n<meta name=\"description\" content=\"G\u0103ng tay b\u1ea3o h\u1ed9 Constructo b\u1eb1ng s\u1ee3i Cotton. L\u00f2ng b\u00e0n tay \u0111\u01b0\u1ee3c t\u0103ng c\u01b0\u1eddng th\u00eam l\u1edbp cao su nh\u00e1m t\u1ea1o \u0111\u1ed9 b\u00e1m cao .\" \/>\n<meta name=\"robots\" content=\"index, follow, max-snippet:-1, max-image-preview:large, max-video-preview:-1\" \/>\n<link rel=\"canonical\" href=\"https:\/\/anhuysafety.com\/en\/product\/gang-tay-bao-ho-constructo\/\" \/>\n<meta property=\"og:locale\" content=\"en_US\" \/>\n<meta property=\"og:type\" content=\"article\" \/>\n<meta property=\"og:title\" content=\"G\u0103ng tay b\u1ea3o h\u1ed9 Constructo - C\u00f4ng Ty TNHH Trang Thi\u1ebft B\u1ecb K\u1ef9 Thu\u1eadt An Huy\" \/>\n<meta property=\"og:description\" content=\"G\u0103ng tay b\u1ea3o h\u1ed9 Constructo b\u1eb1ng s\u1ee3i Cotton. L\u00f2ng b\u00e0n tay \u0111\u01b0\u1ee3c t\u0103ng c\u01b0\u1eddng th\u00eam l\u1edbp cao su nh\u00e1m t\u1ea1o \u0111\u1ed9 b\u00e1m cao .\" \/>\n<meta property=\"og:url\" content=\"https:\/\/anhuysafety.com\/en\/product\/gang-tay-bao-ho-constructo\/\" \/>\n<meta property=\"og:site_name\" content=\"C\u00f4ng Ty TNHH Trang Thi\u1ebft B\u1ecb K\u1ef9 Thu\u1eadt An Huy\" \/>\n<meta property=\"article:modified_time\" content=\"2022-04-16T09:04:03+00:00\" \/>\n<meta property=\"og:image\" content=\"https:\/\/anhuysafety.com\/wp-content\/uploads\/2022\/04\/constructo-gloves70387465.jpg\" \/>\n\t<meta property=\"og:image:width\" content=\"630\" \/>\n\t<meta property=\"og:image:height\" content=\"473\" \/>\n\t<meta property=\"og:image:type\" content=\"image\/jpeg\" \/>\n<meta name=\"twitter:card\" content=\"summary_large_image\" \/>\n<meta name=\"twitter:label1\" content=\"Est. reading time\" \/>\n\t<meta name=\"twitter:data1\" content=\"1 minute\" \/>\n<script type=\"application\/ld+json\" class=\"yoast-schema-graph\">{\"@context\":\"https:\\\/\\\/schema.org\",\"@graph\":[{\"@type\":\"WebPage\",\"@id\":\"https:\\\/\\\/anhuysafety.com\\\/san-pham\\\/gang-tay-bao-ho-constructo\\\/\",\"url\":\"https:\\\/\\\/anhuysafety.com\\\/san-pham\\\/gang-tay-bao-ho-constructo\\\/\",\"name\":\"G\u0103ng tay b\u1ea3o h\u1ed9 Constructo - C\u00f4ng Ty TNHH Trang Thi\u1ebft B\u1ecb K\u1ef9 Thu\u1eadt An Huy\",\"isPartOf\":{\"@id\":\"https:\\\/\\\/anhuysafety.com\\\/#website\"},\"primaryImageOfPage\":{\"@id\":\"https:\\\/\\\/anhuysafety.com\\\/san-pham\\\/gang-tay-bao-ho-constructo\\\/#primaryimage\"},\"image\":{\"@id\":\"https:\\\/\\\/anhuysafety.com\\\/san-pham\\\/gang-tay-bao-ho-constructo\\\/#primaryimage\"},\"thumbnailUrl\":\"https:\\\/\\\/anhuysafety.com\\\/wp-content\\\/uploads\\\/2022\\\/04\\\/constructo-gloves70387465.jpg\",\"datePublished\":\"2022-04-11T09:27:07+00:00\",\"dateModified\":\"2022-04-16T09:04:03+00:00\",\"description\":\"G\u0103ng tay b\u1ea3o h\u1ed9 Constructo b\u1eb1ng s\u1ee3i Cotton. L\u00f2ng b\u00e0n tay \u0111\u01b0\u1ee3c t\u0103ng c\u01b0\u1eddng th\u00eam l\u1edbp cao su nh\u00e1m t\u1ea1o \u0111\u1ed9 b\u00e1m cao .\",\"breadcrumb\":{\"@id\":\"https:\\\/\\\/anhuysafety.com\\\/san-pham\\\/gang-tay-bao-ho-constructo\\\/#breadcrumb\"},\"inLanguage\":\"en-US\",\"potentialAction\":[{\"@type\":\"ReadAction\",\"target\":[\"https:\\\/\\\/anhuysafety.com\\\/san-pham\\\/gang-tay-bao-ho-constructo\\\/\"]}]},{\"@type\":\"ImageObject\",\"inLanguage\":\"en-US\",\"@id\":\"https:\\\/\\\/anhuysafety.com\\\/san-pham\\\/gang-tay-bao-ho-constructo\\\/#primaryimage\",\"url\":\"https:\\\/\\\/anhuysafety.com\\\/wp-content\\\/uploads\\\/2022\\\/04\\\/constructo-gloves70387465.jpg\",\"contentUrl\":\"https:\\\/\\\/anhuysafety.com\\\/wp-content\\\/uploads\\\/2022\\\/04\\\/constructo-gloves70387465.jpg\",\"width\":630,\"height\":473,\"caption\":\"G\u0103ng tay b\u1ea3o h\u1ed9\"},{\"@type\":\"BreadcrumbList\",\"@id\":\"https:\\\/\\\/anhuysafety.com\\\/san-pham\\\/gang-tay-bao-ho-constructo\\\/#breadcrumb\",\"itemListElement\":[{\"@type\":\"ListItem\",\"position\":1,\"name\":\"Trang ch\u1ee7\",\"item\":\"https:\\\/\\\/anhuysafety.com\\\/\"},{\"@type\":\"ListItem\",\"position\":2,\"name\":\"S\u1ea3n ph\u1ea9m\",\"item\":\"http:\\\/\\\/anhuysafety.com\\\/en\\\/cua-hang\"},{\"@type\":\"ListItem\",\"position\":3,\"name\":\"G\u0103ng tay b\u1ea3o h\u1ed9 Constructo\"}]},{\"@type\":\"WebSite\",\"@id\":\"https:\\\/\\\/anhuysafety.com\\\/#website\",\"url\":\"https:\\\/\\\/anhuysafety.com\\\/\",\"name\":\"C\u00f4ng Ty TNHH Trang Thi\u1ebft B\u1ecb K\u1ef9 Thu\u1eadt An Huy\",\"description\":\"\",\"publisher\":{\"@id\":\"https:\\\/\\\/anhuysafety.com\\\/#organization\"},\"potentialAction\":[{\"@type\":\"SearchAction\",\"target\":{\"@type\":\"EntryPoint\",\"urlTemplate\":\"https:\\\/\\\/anhuysafety.com\\\/?s={search_term_string}\"},\"query-input\":{\"@type\":\"PropertyValueSpecification\",\"valueRequired\":true,\"valueName\":\"search_term_string\"}}],\"inLanguage\":\"en-US\"},{\"@type\":\"Organization\",\"@id\":\"https:\\\/\\\/anhuysafety.com\\\/#organization\",\"name\":\"C\u00f4ng ty TNHH trang thi\u1ebft b\u1ecb k\u1ef9 thu\u1eadt An Huy\",\"url\":\"https:\\\/\\\/anhuysafety.com\\\/\",\"logo\":{\"@type\":\"ImageObject\",\"inLanguage\":\"en-US\",\"@id\":\"https:\\\/\\\/anhuysafety.com\\\/#\\\/schema\\\/logo\\\/image\\\/\",\"url\":\"https:\\\/\\\/anhuysafety.com\\\/wp-content\\\/uploads\\\/2022\\\/02\\\/cropped-cropped-cropped-LOGO_AN_HUY_SAFETY_chuan-removebg-preview-1.png\",\"contentUrl\":\"https:\\\/\\\/anhuysafety.com\\\/wp-content\\\/uploads\\\/2022\\\/02\\\/cropped-cropped-cropped-LOGO_AN_HUY_SAFETY_chuan-removebg-preview-1.png\",\"width\":357,\"height\":318,\"caption\":\"C\u00f4ng ty TNHH trang thi\u1ebft b\u1ecb k\u1ef9 thu\u1eadt An Huy\"},\"image\":{\"@id\":\"https:\\\/\\\/anhuysafety.com\\\/#\\\/schema\\\/logo\\\/image\\\/\"}}]}<\/script>\n<!-- \/ Yoast SEO plugin. -->","yoast_head_json":{"title":"G\u0103ng tay b\u1ea3o h\u1ed9 Constructo - C\u00f4ng Ty TNHH Trang Thi\u1ebft B\u1ecb K\u1ef9 Thu\u1eadt An Huy","description":"G\u0103ng tay b\u1ea3o h\u1ed9 Constructo b\u1eb1ng s\u1ee3i Cotton. L\u00f2ng b\u00e0n tay \u0111\u01b0\u1ee3c t\u0103ng c\u01b0\u1eddng th\u00eam l\u1edbp cao su nh\u00e1m t\u1ea1o \u0111\u1ed9 b\u00e1m cao .","robots":{"index":"index","follow":"follow","max-snippet":"max-snippet:-1","max-image-preview":"max-image-preview:large","max-video-preview":"max-video-preview:-1"},"canonical":"https:\/\/anhuysafety.com\/en\/product\/gang-tay-bao-ho-constructo\/","og_locale":"en_US","og_type":"article","og_title":"G\u0103ng tay b\u1ea3o h\u1ed9 Constructo - C\u00f4ng Ty TNHH Trang Thi\u1ebft B\u1ecb K\u1ef9 Thu\u1eadt An Huy","og_description":"G\u0103ng tay b\u1ea3o h\u1ed9 Constructo b\u1eb1ng s\u1ee3i Cotton. L\u00f2ng b\u00e0n tay \u0111\u01b0\u1ee3c t\u0103ng c\u01b0\u1eddng th\u00eam l\u1edbp cao su nh\u00e1m t\u1ea1o \u0111\u1ed9 b\u00e1m cao .","og_url":"https:\/\/anhuysafety.com\/en\/product\/gang-tay-bao-ho-constructo\/","og_site_name":"C\u00f4ng Ty TNHH Trang Thi\u1ebft B\u1ecb K\u1ef9 Thu\u1eadt An Huy","article_modified_time":"2022-04-16T09:04:03+00:00","og_image":[{"width":630,"height":473,"url":"https:\/\/anhuysafety.com\/wp-content\/uploads\/2022\/04\/constructo-gloves70387465.jpg","type":"image\/jpeg"}],"twitter_card":"summary_large_image","twitter_misc":{"Est. reading time":"1 minute"},"schema":{"@context":"https:\/\/schema.org","@graph":[{"@type":"WebPage","@id":"https:\/\/anhuysafety.com\/san-pham\/gang-tay-bao-ho-constructo\/","url":"https:\/\/anhuysafety.com\/san-pham\/gang-tay-bao-ho-constructo\/","name":"G\u0103ng tay b\u1ea3o h\u1ed9 Constructo - C\u00f4ng Ty TNHH Trang Thi\u1ebft B\u1ecb K\u1ef9 Thu\u1eadt An Huy","isPartOf":{"@id":"https:\/\/anhuysafety.com\/#website"},"primaryImageOfPage":{"@id":"https:\/\/anhuysafety.com\/san-pham\/gang-tay-bao-ho-constructo\/#primaryimage"},"image":{"@id":"https:\/\/anhuysafety.com\/san-pham\/gang-tay-bao-ho-constructo\/#primaryimage"},"thumbnailUrl":"https:\/\/anhuysafety.com\/wp-content\/uploads\/2022\/04\/constructo-gloves70387465.jpg","datePublished":"2022-04-11T09:27:07+00:00","dateModified":"2022-04-16T09:04:03+00:00","description":"G\u0103ng tay b\u1ea3o h\u1ed9 Constructo b\u1eb1ng s\u1ee3i Cotton. L\u00f2ng b\u00e0n tay \u0111\u01b0\u1ee3c t\u0103ng c\u01b0\u1eddng th\u00eam l\u1edbp cao su nh\u00e1m t\u1ea1o \u0111\u1ed9 b\u00e1m cao .","breadcrumb":{"@id":"https:\/\/anhuysafety.com\/san-pham\/gang-tay-bao-ho-constructo\/#breadcrumb"},"inLanguage":"en-US","potentialAction":[{"@type":"ReadAction","target":["https:\/\/anhuysafety.com\/san-pham\/gang-tay-bao-ho-constructo\/"]}]},{"@type":"ImageObject","inLanguage":"en-US","@id":"https:\/\/anhuysafety.com\/san-pham\/gang-tay-bao-ho-constructo\/#primaryimage","url":"https:\/\/anhuysafety.com\/wp-content\/uploads\/2022\/04\/constructo-gloves70387465.jpg","contentUrl":"https:\/\/anhuysafety.com\/wp-content\/uploads\/2022\/04\/constructo-gloves70387465.jpg","width":630,"height":473,"caption":"G\u0103ng tay b\u1ea3o h\u1ed9"},{"@type":"BreadcrumbList","@id":"https:\/\/anhuysafety.com\/san-pham\/gang-tay-bao-ho-constructo\/#breadcrumb","itemListElement":[{"@type":"ListItem","position":1,"name":"Trang ch\u1ee7","item":"https:\/\/anhuysafety.com\/"},{"@type":"ListItem","position":2,"name":"S\u1ea3n ph\u1ea9m","item":"http:\/\/anhuysafety.com\/en\/cua-hang"},{"@type":"ListItem","position":3,"name":"G\u0103ng tay b\u1ea3o h\u1ed9 Constructo"}]},{"@type":"WebSite","@id":"https:\/\/anhuysafety.com\/#website","url":"https:\/\/anhuysafety.com\/","name":"AN HUY TECHNICAL EQUIPMENT CO., LTD","description":"","publisher":{"@id":"https:\/\/anhuysafety.com\/#organization"},"potentialAction":[{"@type":"SearchAction","target":{"@type":"EntryPoint","urlTemplate":"https:\/\/anhuysafety.com\/?s={search_term_string}"},"query-input":{"@type":"PropertyValueSpecification","valueRequired":true,"valueName":"search_term_string"}}],"inLanguage":"en-US"},{"@type":"Organization","@id":"https:\/\/anhuysafety.com\/#organization","name":"C\u00f4ng ty TNHH trang thi\u1ebft b\u1ecb k\u1ef9 thu\u1eadt An Huy","url":"https:\/\/anhuysafety.com\/","logo":{"@type":"ImageObject","inLanguage":"en-US","@id":"https:\/\/anhuysafety.com\/#\/schema\/logo\/image\/","url":"https:\/\/anhuysafety.com\/wp-content\/uploads\/2022\/02\/cropped-cropped-cropped-LOGO_AN_HUY_SAFETY_chuan-removebg-preview-1.png","contentUrl":"https:\/\/anhuysafety.com\/wp-content\/uploads\/2022\/02\/cropped-cropped-cropped-LOGO_AN_HUY_SAFETY_chuan-removebg-preview-1.png","width":357,"height":318,"caption":"C\u00f4ng ty TNHH trang thi\u1ebft b\u1ecb k\u1ef9 thu\u1eadt An Huy"},"image":{"@id":"https:\/\/anhuysafety.com\/#\/schema\/logo\/image\/"}}]}},"_links":{"self":[{"href":"https:\/\/anhuysafety.com\/en\/wp-json\/wp\/v2\/product\/3552","targetHints":{"allow":["GET"]}}],"collection":[{"href":"https:\/\/anhuysafety.com\/en\/wp-json\/wp\/v2\/product"}],"about":[{"href":"https:\/\/anhuysafety.com\/en\/wp-json\/wp\/v2\/types\/product"}],"version-history":[{"count":1,"href":"https:\/\/anhuysafety.com\/en\/wp-json\/wp\/v2\/product\/3552\/revisions"}],"predecessor-version":[{"id":3554,"href":"https:\/\/anhuysafety.com\/en\/wp-json\/wp\/v2\/product\/3552\/revisions\/3554"}],"wp:featuredmedia":[{"embeddable":true,"href":"https:\/\/anhuysafety.com\/en\/wp-json\/wp\/v2\/media\/3553"}],"wp:attachment":[{"href":"https:\/\/anhuysafety.com\/en\/wp-json\/wp\/v2\/media?parent=3552"}],"wp:term":[{"taxonomy":"product_brand","embeddable":true,"href":"https:\/\/anhuysafety.com\/en\/wp-json\/wp\/v2\/product_brand?post=3552"},{"taxonomy":"product_cat","embeddable":true,"href":"https:\/\/anhuysafety.com\/en\/wp-json\/wp\/v2\/product_cat?post=3552"},{"taxonomy":"product_tag","embeddable":true,"href":"https:\/\/anhuysafety.com\/en\/wp-json\/wp\/v2\/product_tag?post=3552"}],"curies":[{"name":"wp","href":"https:\/\/api.w.org\/{rel}","templated":true}]}}