{"id":3568,"date":"2022-04-11T16:47:23","date_gmt":"2022-04-11T09:47:23","guid":{"rendered":"https:\/\/anhuysafety.com\/?post_type=product&#038;p=3568"},"modified":"2022-04-16T16:03:52","modified_gmt":"2022-04-16T09:03:52","slug":"gang-tay-da-de-sn-108","status":"publish","type":"product","link":"https:\/\/anhuysafety.com\/en\/product\/gang-tay-da-de-sn-108\/","title":{"rendered":"G\u0103ng tay da d\u00ea SN-108"},"content":{"rendered":"<p><strong>G\u0103ng tay da d\u00ea SN-108<\/strong><\/p>\n<p>L\u00e0m t\u1eeb da d\u00ea ch\u1ea5t l\u01b0\u1ee3ng cao.<\/p>\n<p>Da thu\u1ed9c r\u1ea5t m\u1ec1m m\u1ea1i, b\u1ec1n, dai<\/p>\n<p>K\u1ebft c\u1ea5u ph\u00f9 h\u1ee3p t\u1ea1o tho\u1ea3i m\u00e1i cho ng\u01b0\u1eddi mang.<\/p>\n<p>S\u1eed d\u1ee5ng ph\u00f9 h\u1ee3p cho l\u00e1i xe ho\u1eb7c c\u00e1c c\u00f4ng vi\u1ec7c kh\u00e1c<\/p>\n<p>C\u1ed5 tay c\u00f3 d\u00e2y chun , \u1ed1ng tay vi\u1ec1n \u0111\u1ecf<\/p>\n<p>M\u00e0u s\u1eafc:\u00a0 m\u00e0u be<\/p>\n<p>Ti\u00eau chu\u1ea9n : EN 420:2003 +A1:2009<br \/>\nEN 388:2003<\/p>\n<p>K\u00edch th\u01b0\u1edbc c\u00f3 s\u1eb5n : \u00a0c\u1ee1 s\u1ed1 9,10<\/p>\n<p><strong>H\u1ed3 s\u01a1 k\u00e8m theo :<\/strong><br \/>\n&#8211; \u00a0ch\u1ee9ng ch\u1ec9 xu\u1ea5t x\u1ee9 ( CO ),<br \/>\n&#8211;\u00a0 ch\u1ee9ng ch\u1ec9 ch\u1ea5t l\u01b0\u1ee3ng (CQ)<br \/>\n&#8211;\u00a0 ch\u1ee9ng ch\u1ec9\u00a0 \u0111\u1ea1t ch\u1ea5t l\u01b0\u1ee3ng theo ti\u00eau chu\u1ea9n Ch\u00e2u \u00c2u CE.<\/p>\n<p>Xu\u1ea5t x\u1ee9: Pakistan<\/p>","protected":false},"excerpt":{"rendered":"<p>G\u0103ng tay da d\u00ea SN-108 L\u00e0m t\u1eeb da d\u00ea ch\u1ea5t l\u01b0\u1ee3ng cao. Da thu\u1ed9c r\u1ea5t m\u1ec1m m\u1ea1i, b\u1ec1n, dai K\u1ebft c\u1ea5u ph\u00f9 h\u1ee3p t\u1ea1o tho\u1ea3i m\u00e1i cho ng\u01b0\u1eddi mang. S\u1eed d\u1ee5ng ph\u00f9 h\u1ee3p cho l\u00e1i xe ho\u1eb7c c\u00e1c c\u00f4ng vi\u1ec7c kh\u00e1c C\u1ed5 tay c\u00f3 d\u00e2y chun , \u1ed1ng tay vi\u1ec1n \u0111\u1ecf M\u00e0u s\u1eafc:\u00a0 m\u00e0u be [&hellip;]<\/p>\n","protected":false},"featured_media":3569,"template":"","meta":{"site-sidebar-layout":"default","site-content-layout":"default","ast-site-content-layout":"default","site-content-style":"default","site-sidebar-style":"default","ast-global-header-display":"","ast-banner-title-visibility":"","ast-main-header-display":"","ast-hfb-above-header-display":"","ast-hfb-below-header-display":"","ast-hfb-mobile-header-display":"","site-post-title":"","ast-breadcrumbs-content":"","ast-featured-img":"","footer-sml-layout":"","ast-disable-related-posts":"","theme-transparent-header-meta":"","adv-header-id-meta":"","stick-header-meta":"","header-above-stick-meta":"","header-main-stick-meta":"","header-below-stick-meta":"","astra-migrate-meta-layouts":"default","ast-page-background-enabled":"default","ast-page-background-meta":{"desktop":{"background-color":"","background-image":"","background-repeat":"repeat","background-position":"center center","background-size":"auto","background-attachment":"scroll","background-type":"","background-media":"","overlay-type":"","overlay-color":"","overlay-opacity":"","overlay-gradient":""},"tablet":{"background-color":"","background-image":"","background-repeat":"repeat","background-position":"center center","background-size":"auto","background-attachment":"scroll","background-type":"","background-media":"","overlay-type":"","overlay-color":"","overlay-opacity":"","overlay-gradient":""},"mobile":{"background-color":"","background-image":"","background-repeat":"repeat","background-position":"center center","background-size":"auto","background-attachment":"scroll","background-type":"","background-media":"","overlay-type":"","overlay-color":"","overlay-opacity":"","overlay-gradient":""}},"ast-content-background-meta":{"desktop":{"background-color":"var(--ast-global-color-5)","background-image":"","background-repeat":"repeat","background-position":"center center","background-size":"auto","background-attachment":"scroll","background-type":"","background-media":"","overlay-type":"","overlay-color":"","overlay-opacity":"","overlay-gradient":""},"tablet":{"background-color":"var(--ast-global-color-5)","background-image":"","background-repeat":"repeat","background-position":"center center","background-size":"auto","background-attachment":"scroll","background-type":"","background-media":"","overlay-type":"","overlay-color":"","overlay-opacity":"","overlay-gradient":""},"mobile":{"background-color":"var(--ast-global-color-5)","background-image":"","background-repeat":"repeat","background-position":"center center","background-size":"auto","background-attachment":"scroll","background-type":"","background-media":"","overlay-type":"","overlay-color":"","overlay-opacity":"","overlay-gradient":""}}},"product_brand":[],"product_cat":[132,67,83],"product_tag":[],"class_list":{"0":"post-3568","1":"product","2":"type-product","3":"status-publish","4":"has-post-thumbnail","6":"product_cat-gang-tay-da-bao-ho","7":"product_cat-bao-ve-ca-nhan","8":"product_cat-bao-ve-tay-va-canh-tay","9":"desktop-align-left","10":"tablet-align-left","11":"mobile-align-left","13":"first","14":"instock","15":"shipping-taxable","16":"product-type-simple"},"yoast_head":"<!-- This site is optimized with the Yoast SEO plugin v27.4 - https:\/\/yoast.com\/product\/yoast-seo-wordpress\/ -->\n<title>G\u0103ng tay da d\u00ea SN-108 - C\u00f4ng Ty TNHH Trang Thi\u1ebft B\u1ecb K\u1ef9 Thu\u1eadt An Huy<\/title>\n<meta name=\"description\" content=\"G\u0103ng tay da d\u00ea SN-108. L\u00e0m t\u1eeb da d\u00ea ch\u1ea5t l\u01b0\u1ee3ng cao.Da thu\u1ed9c r\u1ea5t m\u1ec1m m\u1ea1i, b\u1ec1n, dai. K\u1ebft c\u1ea5u ph\u00f9 h\u1ee3p t\u1ea1o tho\u1ea3i m\u00e1i cho ng\u01b0\u1eddi mang.\" \/>\n<meta name=\"robots\" content=\"index, follow, max-snippet:-1, max-image-preview:large, max-video-preview:-1\" \/>\n<link rel=\"canonical\" href=\"http:\/\/anhuysafety.com\/en\/product\/gang-tay-da-de-sn-108\/\" \/>\n<meta property=\"og:locale\" content=\"en_US\" \/>\n<meta property=\"og:type\" content=\"article\" \/>\n<meta property=\"og:title\" content=\"G\u0103ng tay da d\u00ea SN-108 - C\u00f4ng Ty TNHH Trang Thi\u1ebft B\u1ecb K\u1ef9 Thu\u1eadt An Huy\" \/>\n<meta property=\"og:description\" content=\"G\u0103ng tay da d\u00ea SN-108. L\u00e0m t\u1eeb da d\u00ea ch\u1ea5t l\u01b0\u1ee3ng cao.Da thu\u1ed9c r\u1ea5t m\u1ec1m m\u1ea1i, b\u1ec1n, dai. K\u1ebft c\u1ea5u ph\u00f9 h\u1ee3p t\u1ea1o tho\u1ea3i m\u00e1i cho ng\u01b0\u1eddi mang.\" \/>\n<meta property=\"og:url\" content=\"http:\/\/anhuysafety.com\/en\/product\/gang-tay-da-de-sn-108\/\" \/>\n<meta property=\"og:site_name\" content=\"C\u00f4ng Ty TNHH Trang Thi\u1ebft B\u1ecb K\u1ef9 Thu\u1eadt An Huy\" \/>\n<meta property=\"article:modified_time\" content=\"2022-04-16T09:03:52+00:00\" \/>\n<meta property=\"og:image\" content=\"https:\/\/anhuysafety.com\/wp-content\/uploads\/2022\/04\/10881533587.gif\" \/>\n\t<meta property=\"og:image:width\" content=\"600\" \/>\n\t<meta property=\"og:image:height\" content=\"500\" \/>\n\t<meta property=\"og:image:type\" content=\"image\/gif\" \/>\n<meta name=\"twitter:card\" content=\"summary_large_image\" \/>\n<meta name=\"twitter:label1\" content=\"Est. reading time\" \/>\n\t<meta name=\"twitter:data1\" content=\"1 minute\" \/>\n<script type=\"application\/ld+json\" class=\"yoast-schema-graph\">{\"@context\":\"https:\\\/\\\/schema.org\",\"@graph\":[{\"@type\":\"WebPage\",\"@id\":\"http:\\\/\\\/anhuysafety.com\\\/en\\\/product\\\/gang-tay-da-de-sn-108\\\/\",\"url\":\"http:\\\/\\\/anhuysafety.com\\\/en\\\/product\\\/gang-tay-da-de-sn-108\\\/\",\"name\":\"G\u0103ng tay da d\u00ea SN-108 - C\u00f4ng Ty TNHH Trang Thi\u1ebft B\u1ecb K\u1ef9 Thu\u1eadt An Huy\",\"isPartOf\":{\"@id\":\"https:\\\/\\\/anhuysafety.com\\\/#website\"},\"primaryImageOfPage\":{\"@id\":\"http:\\\/\\\/anhuysafety.com\\\/en\\\/product\\\/gang-tay-da-de-sn-108\\\/#primaryimage\"},\"image\":{\"@id\":\"http:\\\/\\\/anhuysafety.com\\\/en\\\/product\\\/gang-tay-da-de-sn-108\\\/#primaryimage\"},\"thumbnailUrl\":\"https:\\\/\\\/anhuysafety.com\\\/wp-content\\\/uploads\\\/2022\\\/04\\\/10881533587.gif\",\"datePublished\":\"2022-04-11T09:47:23+00:00\",\"dateModified\":\"2022-04-16T09:03:52+00:00\",\"description\":\"G\u0103ng tay da d\u00ea SN-108. L\u00e0m t\u1eeb da d\u00ea ch\u1ea5t l\u01b0\u1ee3ng cao.Da thu\u1ed9c r\u1ea5t m\u1ec1m m\u1ea1i, b\u1ec1n, dai. K\u1ebft c\u1ea5u ph\u00f9 h\u1ee3p t\u1ea1o tho\u1ea3i m\u00e1i cho ng\u01b0\u1eddi mang.\",\"breadcrumb\":{\"@id\":\"http:\\\/\\\/anhuysafety.com\\\/en\\\/product\\\/gang-tay-da-de-sn-108\\\/#breadcrumb\"},\"inLanguage\":\"en-US\",\"potentialAction\":[{\"@type\":\"ReadAction\",\"target\":[\"http:\\\/\\\/anhuysafety.com\\\/en\\\/product\\\/gang-tay-da-de-sn-108\\\/\"]}]},{\"@type\":\"ImageObject\",\"inLanguage\":\"en-US\",\"@id\":\"http:\\\/\\\/anhuysafety.com\\\/en\\\/product\\\/gang-tay-da-de-sn-108\\\/#primaryimage\",\"url\":\"https:\\\/\\\/anhuysafety.com\\\/wp-content\\\/uploads\\\/2022\\\/04\\\/10881533587.gif\",\"contentUrl\":\"https:\\\/\\\/anhuysafety.com\\\/wp-content\\\/uploads\\\/2022\\\/04\\\/10881533587.gif\",\"width\":600,\"height\":500,\"caption\":\"G\u0103ng tay da d\u00ea\"},{\"@type\":\"BreadcrumbList\",\"@id\":\"http:\\\/\\\/anhuysafety.com\\\/en\\\/product\\\/gang-tay-da-de-sn-108\\\/#breadcrumb\",\"itemListElement\":[{\"@type\":\"ListItem\",\"position\":1,\"name\":\"Trang ch\u1ee7\",\"item\":\"https:\\\/\\\/anhuysafety.com\\\/\"},{\"@type\":\"ListItem\",\"position\":2,\"name\":\"S\u1ea3n ph\u1ea9m\",\"item\":\"http:\\\/\\\/anhuysafety.com\\\/en\\\/cua-hang\"},{\"@type\":\"ListItem\",\"position\":3,\"name\":\"G\u0103ng tay da d\u00ea SN-108\"}]},{\"@type\":\"WebSite\",\"@id\":\"https:\\\/\\\/anhuysafety.com\\\/#website\",\"url\":\"https:\\\/\\\/anhuysafety.com\\\/\",\"name\":\"C\u00f4ng Ty TNHH Trang Thi\u1ebft B\u1ecb K\u1ef9 Thu\u1eadt An Huy\",\"description\":\"\",\"publisher\":{\"@id\":\"https:\\\/\\\/anhuysafety.com\\\/#organization\"},\"potentialAction\":[{\"@type\":\"SearchAction\",\"target\":{\"@type\":\"EntryPoint\",\"urlTemplate\":\"https:\\\/\\\/anhuysafety.com\\\/?s={search_term_string}\"},\"query-input\":{\"@type\":\"PropertyValueSpecification\",\"valueRequired\":true,\"valueName\":\"search_term_string\"}}],\"inLanguage\":\"en-US\"},{\"@type\":\"Organization\",\"@id\":\"https:\\\/\\\/anhuysafety.com\\\/#organization\",\"name\":\"C\u00f4ng ty TNHH trang thi\u1ebft b\u1ecb k\u1ef9 thu\u1eadt An Huy\",\"url\":\"https:\\\/\\\/anhuysafety.com\\\/\",\"logo\":{\"@type\":\"ImageObject\",\"inLanguage\":\"en-US\",\"@id\":\"https:\\\/\\\/anhuysafety.com\\\/#\\\/schema\\\/logo\\\/image\\\/\",\"url\":\"https:\\\/\\\/anhuysafety.com\\\/wp-content\\\/uploads\\\/2022\\\/02\\\/cropped-cropped-cropped-LOGO_AN_HUY_SAFETY_chuan-removebg-preview-1.png\",\"contentUrl\":\"https:\\\/\\\/anhuysafety.com\\\/wp-content\\\/uploads\\\/2022\\\/02\\\/cropped-cropped-cropped-LOGO_AN_HUY_SAFETY_chuan-removebg-preview-1.png\",\"width\":357,\"height\":318,\"caption\":\"C\u00f4ng ty TNHH trang thi\u1ebft b\u1ecb k\u1ef9 thu\u1eadt An Huy\"},\"image\":{\"@id\":\"https:\\\/\\\/anhuysafety.com\\\/#\\\/schema\\\/logo\\\/image\\\/\"}}]}<\/script>\n<!-- \/ Yoast SEO plugin. -->","yoast_head_json":{"title":"G\u0103ng tay da d\u00ea SN-108 - C\u00f4ng Ty TNHH Trang Thi\u1ebft B\u1ecb K\u1ef9 Thu\u1eadt An Huy","description":"G\u0103ng tay da d\u00ea SN-108. L\u00e0m t\u1eeb da d\u00ea ch\u1ea5t l\u01b0\u1ee3ng cao.Da thu\u1ed9c r\u1ea5t m\u1ec1m m\u1ea1i, b\u1ec1n, dai. K\u1ebft c\u1ea5u ph\u00f9 h\u1ee3p t\u1ea1o tho\u1ea3i m\u00e1i cho ng\u01b0\u1eddi mang.","robots":{"index":"index","follow":"follow","max-snippet":"max-snippet:-1","max-image-preview":"max-image-preview:large","max-video-preview":"max-video-preview:-1"},"canonical":"http:\/\/anhuysafety.com\/en\/product\/gang-tay-da-de-sn-108\/","og_locale":"en_US","og_type":"article","og_title":"G\u0103ng tay da d\u00ea SN-108 - C\u00f4ng Ty TNHH Trang Thi\u1ebft B\u1ecb K\u1ef9 Thu\u1eadt An Huy","og_description":"G\u0103ng tay da d\u00ea SN-108. L\u00e0m t\u1eeb da d\u00ea ch\u1ea5t l\u01b0\u1ee3ng cao.Da thu\u1ed9c r\u1ea5t m\u1ec1m m\u1ea1i, b\u1ec1n, dai. K\u1ebft c\u1ea5u ph\u00f9 h\u1ee3p t\u1ea1o tho\u1ea3i m\u00e1i cho ng\u01b0\u1eddi mang.","og_url":"http:\/\/anhuysafety.com\/en\/product\/gang-tay-da-de-sn-108\/","og_site_name":"C\u00f4ng Ty TNHH Trang Thi\u1ebft B\u1ecb K\u1ef9 Thu\u1eadt An Huy","article_modified_time":"2022-04-16T09:03:52+00:00","og_image":[{"width":600,"height":500,"url":"https:\/\/anhuysafety.com\/wp-content\/uploads\/2022\/04\/10881533587.gif","type":"image\/gif"}],"twitter_card":"summary_large_image","twitter_misc":{"Est. reading time":"1 minute"},"schema":{"@context":"https:\/\/schema.org","@graph":[{"@type":"WebPage","@id":"http:\/\/anhuysafety.com\/en\/product\/gang-tay-da-de-sn-108\/","url":"http:\/\/anhuysafety.com\/en\/product\/gang-tay-da-de-sn-108\/","name":"G\u0103ng tay da d\u00ea SN-108 - C\u00f4ng Ty TNHH Trang Thi\u1ebft B\u1ecb K\u1ef9 Thu\u1eadt An Huy","isPartOf":{"@id":"https:\/\/anhuysafety.com\/#website"},"primaryImageOfPage":{"@id":"http:\/\/anhuysafety.com\/en\/product\/gang-tay-da-de-sn-108\/#primaryimage"},"image":{"@id":"http:\/\/anhuysafety.com\/en\/product\/gang-tay-da-de-sn-108\/#primaryimage"},"thumbnailUrl":"https:\/\/anhuysafety.com\/wp-content\/uploads\/2022\/04\/10881533587.gif","datePublished":"2022-04-11T09:47:23+00:00","dateModified":"2022-04-16T09:03:52+00:00","description":"G\u0103ng tay da d\u00ea SN-108. L\u00e0m t\u1eeb da d\u00ea ch\u1ea5t l\u01b0\u1ee3ng cao.Da thu\u1ed9c r\u1ea5t m\u1ec1m m\u1ea1i, b\u1ec1n, dai. K\u1ebft c\u1ea5u ph\u00f9 h\u1ee3p t\u1ea1o tho\u1ea3i m\u00e1i cho ng\u01b0\u1eddi mang.","breadcrumb":{"@id":"http:\/\/anhuysafety.com\/en\/product\/gang-tay-da-de-sn-108\/#breadcrumb"},"inLanguage":"en-US","potentialAction":[{"@type":"ReadAction","target":["http:\/\/anhuysafety.com\/en\/product\/gang-tay-da-de-sn-108\/"]}]},{"@type":"ImageObject","inLanguage":"en-US","@id":"http:\/\/anhuysafety.com\/en\/product\/gang-tay-da-de-sn-108\/#primaryimage","url":"https:\/\/anhuysafety.com\/wp-content\/uploads\/2022\/04\/10881533587.gif","contentUrl":"https:\/\/anhuysafety.com\/wp-content\/uploads\/2022\/04\/10881533587.gif","width":600,"height":500,"caption":"G\u0103ng tay da d\u00ea"},{"@type":"BreadcrumbList","@id":"http:\/\/anhuysafety.com\/en\/product\/gang-tay-da-de-sn-108\/#breadcrumb","itemListElement":[{"@type":"ListItem","position":1,"name":"Trang ch\u1ee7","item":"https:\/\/anhuysafety.com\/"},{"@type":"ListItem","position":2,"name":"S\u1ea3n ph\u1ea9m","item":"http:\/\/anhuysafety.com\/en\/cua-hang"},{"@type":"ListItem","position":3,"name":"G\u0103ng tay da d\u00ea SN-108"}]},{"@type":"WebSite","@id":"https:\/\/anhuysafety.com\/#website","url":"https:\/\/anhuysafety.com\/","name":"AN HUY TECHNICAL EQUIPMENT CO., LTD","description":"","publisher":{"@id":"https:\/\/anhuysafety.com\/#organization"},"potentialAction":[{"@type":"SearchAction","target":{"@type":"EntryPoint","urlTemplate":"https:\/\/anhuysafety.com\/?s={search_term_string}"},"query-input":{"@type":"PropertyValueSpecification","valueRequired":true,"valueName":"search_term_string"}}],"inLanguage":"en-US"},{"@type":"Organization","@id":"https:\/\/anhuysafety.com\/#organization","name":"C\u00f4ng ty TNHH trang thi\u1ebft b\u1ecb k\u1ef9 thu\u1eadt An Huy","url":"https:\/\/anhuysafety.com\/","logo":{"@type":"ImageObject","inLanguage":"en-US","@id":"https:\/\/anhuysafety.com\/#\/schema\/logo\/image\/","url":"https:\/\/anhuysafety.com\/wp-content\/uploads\/2022\/02\/cropped-cropped-cropped-LOGO_AN_HUY_SAFETY_chuan-removebg-preview-1.png","contentUrl":"https:\/\/anhuysafety.com\/wp-content\/uploads\/2022\/02\/cropped-cropped-cropped-LOGO_AN_HUY_SAFETY_chuan-removebg-preview-1.png","width":357,"height":318,"caption":"C\u00f4ng ty TNHH trang thi\u1ebft b\u1ecb k\u1ef9 thu\u1eadt An Huy"},"image":{"@id":"https:\/\/anhuysafety.com\/#\/schema\/logo\/image\/"}}]}},"_links":{"self":[{"href":"https:\/\/anhuysafety.com\/en\/wp-json\/wp\/v2\/product\/3568","targetHints":{"allow":["GET"]}}],"collection":[{"href":"https:\/\/anhuysafety.com\/en\/wp-json\/wp\/v2\/product"}],"about":[{"href":"https:\/\/anhuysafety.com\/en\/wp-json\/wp\/v2\/types\/product"}],"version-history":[{"count":1,"href":"https:\/\/anhuysafety.com\/en\/wp-json\/wp\/v2\/product\/3568\/revisions"}],"predecessor-version":[{"id":3570,"href":"https:\/\/anhuysafety.com\/en\/wp-json\/wp\/v2\/product\/3568\/revisions\/3570"}],"wp:featuredmedia":[{"embeddable":true,"href":"https:\/\/anhuysafety.com\/en\/wp-json\/wp\/v2\/media\/3569"}],"wp:attachment":[{"href":"https:\/\/anhuysafety.com\/en\/wp-json\/wp\/v2\/media?parent=3568"}],"wp:term":[{"taxonomy":"product_brand","embeddable":true,"href":"https:\/\/anhuysafety.com\/en\/wp-json\/wp\/v2\/product_brand?post=3568"},{"taxonomy":"product_cat","embeddable":true,"href":"https:\/\/anhuysafety.com\/en\/wp-json\/wp\/v2\/product_cat?post=3568"},{"taxonomy":"product_tag","embeddable":true,"href":"https:\/\/anhuysafety.com\/en\/wp-json\/wp\/v2\/product_tag?post=3568"}],"curies":[{"name":"wp","href":"https:\/\/api.w.org\/{rel}","templated":true}]}}