{"id":3571,"date":"2022-04-11T16:52:46","date_gmt":"2022-04-11T09:52:46","guid":{"rendered":"https:\/\/anhuysafety.com\/?post_type=product&#038;p=3571"},"modified":"2022-04-16T16:03:23","modified_gmt":"2022-04-16T09:03:23","slug":"gang-tay-cao-su-gcn03","status":"publish","type":"product","link":"https:\/\/anhuysafety.com\/en\/product\/gang-tay-cao-su-gcn03\/","title":{"rendered":"G\u0103ng tay cao su GCN03"},"content":{"rendered":"<p><strong>G\u0103ng tay cao su GCN03<\/strong><br \/>\nM\u00e0u : Cam<br \/>\nC\u1ee1 s\u1ed1 : d\u00f9ng chung<br \/>\nChi\u1ec1u d\u00e0i : 410 \u2013 430mm<br \/>\n\u0110\u1ed9 d\u00e0y : 0.65 \u00b1 0.05 mm<br \/>\nL\u00f2ng b\u00e0n tay c\u00f3 gai ch\u1ed1ng tr\u01a1n<br \/>\nS\u1eed d\u1ee5ng b\u1ea3o v\u1ec7 tay v\u00e0 c\u00e1nh tay ( \u0111\u1ebfn khu\u1ef7u tay ) trong m\u00f4i tr\u01b0\u1eddng h\u00f3a ch\u1ea5t ( axit, ki\u1ec1m ) nh\u1eb9 v\u00e0 n\u01b0\u1edbc<\/p>","protected":false},"excerpt":{"rendered":"<p>G\u0103ng tay cao su GCN03 M\u00e0u : Cam C\u1ee1 s\u1ed1 : d\u00f9ng chung Chi\u1ec1u d\u00e0i : 410 \u2013 430mm \u0110\u1ed9 d\u00e0y : 0.65 \u00b1 0.05 mm L\u00f2ng b\u00e0n tay c\u00f3 gai ch\u1ed1ng tr\u01a1n S\u1eed d\u1ee5ng b\u1ea3o v\u1ec7 tay v\u00e0 c\u00e1nh tay ( \u0111\u1ebfn khu\u1ef7u tay ) trong m\u00f4i tr\u01b0\u1eddng h\u00f3a ch\u1ea5t ( axit, ki\u1ec1m ) [&hellip;]<\/p>\n","protected":false},"featured_media":3572,"template":"","meta":{"site-sidebar-layout":"default","site-content-layout":"default","ast-site-content-layout":"default","site-content-style":"default","site-sidebar-style":"default","ast-global-header-display":"","ast-banner-title-visibility":"","ast-main-header-display":"","ast-hfb-above-header-display":"","ast-hfb-below-header-display":"","ast-hfb-mobile-header-display":"","site-post-title":"","ast-breadcrumbs-content":"","ast-featured-img":"","footer-sml-layout":"","ast-disable-related-posts":"","theme-transparent-header-meta":"","adv-header-id-meta":"","stick-header-meta":"","header-above-stick-meta":"","header-main-stick-meta":"","header-below-stick-meta":"","astra-migrate-meta-layouts":"default","ast-page-background-enabled":"default","ast-page-background-meta":{"desktop":{"background-color":"","background-image":"","background-repeat":"repeat","background-position":"center center","background-size":"auto","background-attachment":"scroll","background-type":"","background-media":"","overlay-type":"","overlay-color":"","overlay-opacity":"","overlay-gradient":""},"tablet":{"background-color":"","background-image":"","background-repeat":"repeat","background-position":"center center","background-size":"auto","background-attachment":"scroll","background-type":"","background-media":"","overlay-type":"","overlay-color":"","overlay-opacity":"","overlay-gradient":""},"mobile":{"background-color":"","background-image":"","background-repeat":"repeat","background-position":"center center","background-size":"auto","background-attachment":"scroll","background-type":"","background-media":"","overlay-type":"","overlay-color":"","overlay-opacity":"","overlay-gradient":""}},"ast-content-background-meta":{"desktop":{"background-color":"var(--ast-global-color-5)","background-image":"","background-repeat":"repeat","background-position":"center center","background-size":"auto","background-attachment":"scroll","background-type":"","background-media":"","overlay-type":"","overlay-color":"","overlay-opacity":"","overlay-gradient":""},"tablet":{"background-color":"var(--ast-global-color-5)","background-image":"","background-repeat":"repeat","background-position":"center center","background-size":"auto","background-attachment":"scroll","background-type":"","background-media":"","overlay-type":"","overlay-color":"","overlay-opacity":"","overlay-gradient":""},"mobile":{"background-color":"var(--ast-global-color-5)","background-image":"","background-repeat":"repeat","background-position":"center center","background-size":"auto","background-attachment":"scroll","background-type":"","background-media":"","overlay-type":"","overlay-color":"","overlay-opacity":"","overlay-gradient":""}}},"product_brand":[],"product_cat":[133,67,83],"product_tag":[],"class_list":{"0":"post-3571","1":"product","2":"type-product","3":"status-publish","4":"has-post-thumbnail","6":"product_cat-gang-tay-cao-su-bao-ho","7":"product_cat-bao-ve-ca-nhan","8":"product_cat-bao-ve-tay-va-canh-tay","9":"desktop-align-left","10":"tablet-align-left","11":"mobile-align-left","13":"first","14":"instock","15":"shipping-taxable","16":"product-type-simple"},"yoast_head":"<!-- This site is optimized with the Yoast SEO plugin v27.4 - https:\/\/yoast.com\/product\/yoast-seo-wordpress\/ -->\n<title>G\u0103ng tay cao su GCN03 - C\u00f4ng Ty TNHH Trang Thi\u1ebft B\u1ecb K\u1ef9 Thu\u1eadt An Huy<\/title>\n<meta name=\"description\" content=\"G\u0103ng tay cao su GCN03 \u0111\u01b0\u01a1c s\u1eed d\u1ee5ng \u0111\u1ec3 b\u1ea3o v\u1ec7 tay v\u00e0 c\u00e1nh tay ( \u0111\u1ebfn khu\u1ef7u tay ) trong m\u00f4i tr\u01b0\u1eddng h\u00f3a ch\u1ea5t ( axit, ki\u1ec1m ) nh\u1eb9 v\u00e0 n\u01b0\u1edbc\" \/>\n<meta name=\"robots\" content=\"index, follow, max-snippet:-1, max-image-preview:large, max-video-preview:-1\" \/>\n<link rel=\"canonical\" href=\"http:\/\/anhuysafety.com\/en\/product\/gang-tay-cao-su-gcn03\/\" \/>\n<meta property=\"og:locale\" content=\"en_US\" \/>\n<meta property=\"og:type\" content=\"article\" \/>\n<meta property=\"og:title\" content=\"G\u0103ng tay cao su GCN03 - C\u00f4ng Ty TNHH Trang Thi\u1ebft B\u1ecb K\u1ef9 Thu\u1eadt An Huy\" \/>\n<meta property=\"og:description\" content=\"G\u0103ng tay cao su GCN03 \u0111\u01b0\u01a1c s\u1eed d\u1ee5ng \u0111\u1ec3 b\u1ea3o v\u1ec7 tay v\u00e0 c\u00e1nh tay ( \u0111\u1ebfn khu\u1ef7u tay ) trong m\u00f4i tr\u01b0\u1eddng h\u00f3a ch\u1ea5t ( axit, ki\u1ec1m ) nh\u1eb9 v\u00e0 n\u01b0\u1edbc\" \/>\n<meta property=\"og:url\" content=\"http:\/\/anhuysafety.com\/en\/product\/gang-tay-cao-su-gcn03\/\" \/>\n<meta property=\"og:site_name\" content=\"C\u00f4ng Ty TNHH Trang Thi\u1ebft B\u1ecb K\u1ef9 Thu\u1eadt An Huy\" \/>\n<meta property=\"article:modified_time\" content=\"2022-04-16T09:03:23+00:00\" \/>\n<meta property=\"og:image\" content=\"https:\/\/anhuysafety.com\/wp-content\/uploads\/2022\/04\/cn0340941827.gif\" \/>\n\t<meta property=\"og:image:width\" content=\"400\" \/>\n\t<meta property=\"og:image:height\" content=\"299\" \/>\n\t<meta property=\"og:image:type\" content=\"image\/gif\" \/>\n<meta name=\"twitter:card\" content=\"summary_large_image\" \/>\n<script type=\"application\/ld+json\" class=\"yoast-schema-graph\">{\"@context\":\"https:\\\/\\\/schema.org\",\"@graph\":[{\"@type\":\"WebPage\",\"@id\":\"http:\\\/\\\/anhuysafety.com\\\/en\\\/product\\\/gang-tay-cao-su-gcn03\\\/\",\"url\":\"http:\\\/\\\/anhuysafety.com\\\/en\\\/product\\\/gang-tay-cao-su-gcn03\\\/\",\"name\":\"G\u0103ng tay cao su GCN03 - C\u00f4ng Ty TNHH Trang Thi\u1ebft B\u1ecb K\u1ef9 Thu\u1eadt An Huy\",\"isPartOf\":{\"@id\":\"https:\\\/\\\/anhuysafety.com\\\/#website\"},\"primaryImageOfPage\":{\"@id\":\"http:\\\/\\\/anhuysafety.com\\\/en\\\/product\\\/gang-tay-cao-su-gcn03\\\/#primaryimage\"},\"image\":{\"@id\":\"http:\\\/\\\/anhuysafety.com\\\/en\\\/product\\\/gang-tay-cao-su-gcn03\\\/#primaryimage\"},\"thumbnailUrl\":\"https:\\\/\\\/anhuysafety.com\\\/wp-content\\\/uploads\\\/2022\\\/04\\\/cn0340941827.gif\",\"datePublished\":\"2022-04-11T09:52:46+00:00\",\"dateModified\":\"2022-04-16T09:03:23+00:00\",\"description\":\"G\u0103ng tay cao su GCN03 \u0111\u01b0\u01a1c s\u1eed d\u1ee5ng \u0111\u1ec3 b\u1ea3o v\u1ec7 tay v\u00e0 c\u00e1nh tay ( \u0111\u1ebfn khu\u1ef7u tay ) trong m\u00f4i tr\u01b0\u1eddng h\u00f3a ch\u1ea5t ( axit, ki\u1ec1m ) nh\u1eb9 v\u00e0 n\u01b0\u1edbc\",\"breadcrumb\":{\"@id\":\"http:\\\/\\\/anhuysafety.com\\\/en\\\/product\\\/gang-tay-cao-su-gcn03\\\/#breadcrumb\"},\"inLanguage\":\"en-US\",\"potentialAction\":[{\"@type\":\"ReadAction\",\"target\":[\"http:\\\/\\\/anhuysafety.com\\\/en\\\/product\\\/gang-tay-cao-su-gcn03\\\/\"]}]},{\"@type\":\"ImageObject\",\"inLanguage\":\"en-US\",\"@id\":\"http:\\\/\\\/anhuysafety.com\\\/en\\\/product\\\/gang-tay-cao-su-gcn03\\\/#primaryimage\",\"url\":\"https:\\\/\\\/anhuysafety.com\\\/wp-content\\\/uploads\\\/2022\\\/04\\\/cn0340941827.gif\",\"contentUrl\":\"https:\\\/\\\/anhuysafety.com\\\/wp-content\\\/uploads\\\/2022\\\/04\\\/cn0340941827.gif\",\"width\":400,\"height\":299,\"caption\":\"G\u0103ng tay cao su\"},{\"@type\":\"BreadcrumbList\",\"@id\":\"http:\\\/\\\/anhuysafety.com\\\/en\\\/product\\\/gang-tay-cao-su-gcn03\\\/#breadcrumb\",\"itemListElement\":[{\"@type\":\"ListItem\",\"position\":1,\"name\":\"Trang ch\u1ee7\",\"item\":\"https:\\\/\\\/anhuysafety.com\\\/\"},{\"@type\":\"ListItem\",\"position\":2,\"name\":\"S\u1ea3n ph\u1ea9m\",\"item\":\"http:\\\/\\\/anhuysafety.com\\\/en\\\/cua-hang\"},{\"@type\":\"ListItem\",\"position\":3,\"name\":\"G\u0103ng tay cao su GCN03\"}]},{\"@type\":\"WebSite\",\"@id\":\"https:\\\/\\\/anhuysafety.com\\\/#website\",\"url\":\"https:\\\/\\\/anhuysafety.com\\\/\",\"name\":\"C\u00f4ng Ty TNHH Trang Thi\u1ebft B\u1ecb K\u1ef9 Thu\u1eadt An Huy\",\"description\":\"\",\"publisher\":{\"@id\":\"https:\\\/\\\/anhuysafety.com\\\/#organization\"},\"potentialAction\":[{\"@type\":\"SearchAction\",\"target\":{\"@type\":\"EntryPoint\",\"urlTemplate\":\"https:\\\/\\\/anhuysafety.com\\\/?s={search_term_string}\"},\"query-input\":{\"@type\":\"PropertyValueSpecification\",\"valueRequired\":true,\"valueName\":\"search_term_string\"}}],\"inLanguage\":\"en-US\"},{\"@type\":\"Organization\",\"@id\":\"https:\\\/\\\/anhuysafety.com\\\/#organization\",\"name\":\"C\u00f4ng ty TNHH trang thi\u1ebft b\u1ecb k\u1ef9 thu\u1eadt An Huy\",\"url\":\"https:\\\/\\\/anhuysafety.com\\\/\",\"logo\":{\"@type\":\"ImageObject\",\"inLanguage\":\"en-US\",\"@id\":\"https:\\\/\\\/anhuysafety.com\\\/#\\\/schema\\\/logo\\\/image\\\/\",\"url\":\"https:\\\/\\\/anhuysafety.com\\\/wp-content\\\/uploads\\\/2022\\\/02\\\/cropped-cropped-cropped-LOGO_AN_HUY_SAFETY_chuan-removebg-preview-1.png\",\"contentUrl\":\"https:\\\/\\\/anhuysafety.com\\\/wp-content\\\/uploads\\\/2022\\\/02\\\/cropped-cropped-cropped-LOGO_AN_HUY_SAFETY_chuan-removebg-preview-1.png\",\"width\":357,\"height\":318,\"caption\":\"C\u00f4ng ty TNHH trang thi\u1ebft b\u1ecb k\u1ef9 thu\u1eadt An Huy\"},\"image\":{\"@id\":\"https:\\\/\\\/anhuysafety.com\\\/#\\\/schema\\\/logo\\\/image\\\/\"}}]}<\/script>\n<!-- \/ Yoast SEO plugin. -->","yoast_head_json":{"title":"G\u0103ng tay cao su GCN03 - C\u00f4ng Ty TNHH Trang Thi\u1ebft B\u1ecb K\u1ef9 Thu\u1eadt An Huy","description":"G\u0103ng tay cao su GCN03 \u0111\u01b0\u01a1c s\u1eed d\u1ee5ng \u0111\u1ec3 b\u1ea3o v\u1ec7 tay v\u00e0 c\u00e1nh tay ( \u0111\u1ebfn khu\u1ef7u tay ) trong m\u00f4i tr\u01b0\u1eddng h\u00f3a ch\u1ea5t ( axit, ki\u1ec1m ) nh\u1eb9 v\u00e0 n\u01b0\u1edbc","robots":{"index":"index","follow":"follow","max-snippet":"max-snippet:-1","max-image-preview":"max-image-preview:large","max-video-preview":"max-video-preview:-1"},"canonical":"http:\/\/anhuysafety.com\/en\/product\/gang-tay-cao-su-gcn03\/","og_locale":"en_US","og_type":"article","og_title":"G\u0103ng tay cao su GCN03 - C\u00f4ng Ty TNHH Trang Thi\u1ebft B\u1ecb K\u1ef9 Thu\u1eadt An Huy","og_description":"G\u0103ng tay cao su GCN03 \u0111\u01b0\u01a1c s\u1eed d\u1ee5ng \u0111\u1ec3 b\u1ea3o v\u1ec7 tay v\u00e0 c\u00e1nh tay ( \u0111\u1ebfn khu\u1ef7u tay ) trong m\u00f4i tr\u01b0\u1eddng h\u00f3a ch\u1ea5t ( axit, ki\u1ec1m ) nh\u1eb9 v\u00e0 n\u01b0\u1edbc","og_url":"http:\/\/anhuysafety.com\/en\/product\/gang-tay-cao-su-gcn03\/","og_site_name":"C\u00f4ng Ty TNHH Trang Thi\u1ebft B\u1ecb K\u1ef9 Thu\u1eadt An Huy","article_modified_time":"2022-04-16T09:03:23+00:00","og_image":[{"width":400,"height":299,"url":"https:\/\/anhuysafety.com\/wp-content\/uploads\/2022\/04\/cn0340941827.gif","type":"image\/gif"}],"twitter_card":"summary_large_image","schema":{"@context":"https:\/\/schema.org","@graph":[{"@type":"WebPage","@id":"http:\/\/anhuysafety.com\/en\/product\/gang-tay-cao-su-gcn03\/","url":"http:\/\/anhuysafety.com\/en\/product\/gang-tay-cao-su-gcn03\/","name":"G\u0103ng tay cao su GCN03 - C\u00f4ng Ty TNHH Trang Thi\u1ebft B\u1ecb K\u1ef9 Thu\u1eadt An Huy","isPartOf":{"@id":"https:\/\/anhuysafety.com\/#website"},"primaryImageOfPage":{"@id":"http:\/\/anhuysafety.com\/en\/product\/gang-tay-cao-su-gcn03\/#primaryimage"},"image":{"@id":"http:\/\/anhuysafety.com\/en\/product\/gang-tay-cao-su-gcn03\/#primaryimage"},"thumbnailUrl":"https:\/\/anhuysafety.com\/wp-content\/uploads\/2022\/04\/cn0340941827.gif","datePublished":"2022-04-11T09:52:46+00:00","dateModified":"2022-04-16T09:03:23+00:00","description":"G\u0103ng tay cao su GCN03 \u0111\u01b0\u01a1c s\u1eed d\u1ee5ng \u0111\u1ec3 b\u1ea3o v\u1ec7 tay v\u00e0 c\u00e1nh tay ( \u0111\u1ebfn khu\u1ef7u tay ) trong m\u00f4i tr\u01b0\u1eddng h\u00f3a ch\u1ea5t ( axit, ki\u1ec1m ) nh\u1eb9 v\u00e0 n\u01b0\u1edbc","breadcrumb":{"@id":"http:\/\/anhuysafety.com\/en\/product\/gang-tay-cao-su-gcn03\/#breadcrumb"},"inLanguage":"en-US","potentialAction":[{"@type":"ReadAction","target":["http:\/\/anhuysafety.com\/en\/product\/gang-tay-cao-su-gcn03\/"]}]},{"@type":"ImageObject","inLanguage":"en-US","@id":"http:\/\/anhuysafety.com\/en\/product\/gang-tay-cao-su-gcn03\/#primaryimage","url":"https:\/\/anhuysafety.com\/wp-content\/uploads\/2022\/04\/cn0340941827.gif","contentUrl":"https:\/\/anhuysafety.com\/wp-content\/uploads\/2022\/04\/cn0340941827.gif","width":400,"height":299,"caption":"G\u0103ng tay cao su"},{"@type":"BreadcrumbList","@id":"http:\/\/anhuysafety.com\/en\/product\/gang-tay-cao-su-gcn03\/#breadcrumb","itemListElement":[{"@type":"ListItem","position":1,"name":"Trang ch\u1ee7","item":"https:\/\/anhuysafety.com\/"},{"@type":"ListItem","position":2,"name":"S\u1ea3n ph\u1ea9m","item":"http:\/\/anhuysafety.com\/en\/cua-hang"},{"@type":"ListItem","position":3,"name":"G\u0103ng tay cao su GCN03"}]},{"@type":"WebSite","@id":"https:\/\/anhuysafety.com\/#website","url":"https:\/\/anhuysafety.com\/","name":"AN HUY TECHNICAL EQUIPMENT CO., LTD","description":"","publisher":{"@id":"https:\/\/anhuysafety.com\/#organization"},"potentialAction":[{"@type":"SearchAction","target":{"@type":"EntryPoint","urlTemplate":"https:\/\/anhuysafety.com\/?s={search_term_string}"},"query-input":{"@type":"PropertyValueSpecification","valueRequired":true,"valueName":"search_term_string"}}],"inLanguage":"en-US"},{"@type":"Organization","@id":"https:\/\/anhuysafety.com\/#organization","name":"C\u00f4ng ty TNHH trang thi\u1ebft b\u1ecb k\u1ef9 thu\u1eadt An Huy","url":"https:\/\/anhuysafety.com\/","logo":{"@type":"ImageObject","inLanguage":"en-US","@id":"https:\/\/anhuysafety.com\/#\/schema\/logo\/image\/","url":"https:\/\/anhuysafety.com\/wp-content\/uploads\/2022\/02\/cropped-cropped-cropped-LOGO_AN_HUY_SAFETY_chuan-removebg-preview-1.png","contentUrl":"https:\/\/anhuysafety.com\/wp-content\/uploads\/2022\/02\/cropped-cropped-cropped-LOGO_AN_HUY_SAFETY_chuan-removebg-preview-1.png","width":357,"height":318,"caption":"C\u00f4ng ty TNHH trang thi\u1ebft b\u1ecb k\u1ef9 thu\u1eadt An Huy"},"image":{"@id":"https:\/\/anhuysafety.com\/#\/schema\/logo\/image\/"}}]}},"_links":{"self":[{"href":"https:\/\/anhuysafety.com\/en\/wp-json\/wp\/v2\/product\/3571","targetHints":{"allow":["GET"]}}],"collection":[{"href":"https:\/\/anhuysafety.com\/en\/wp-json\/wp\/v2\/product"}],"about":[{"href":"https:\/\/anhuysafety.com\/en\/wp-json\/wp\/v2\/types\/product"}],"version-history":[{"count":1,"href":"https:\/\/anhuysafety.com\/en\/wp-json\/wp\/v2\/product\/3571\/revisions"}],"predecessor-version":[{"id":3573,"href":"https:\/\/anhuysafety.com\/en\/wp-json\/wp\/v2\/product\/3571\/revisions\/3573"}],"wp:featuredmedia":[{"embeddable":true,"href":"https:\/\/anhuysafety.com\/en\/wp-json\/wp\/v2\/media\/3572"}],"wp:attachment":[{"href":"https:\/\/anhuysafety.com\/en\/wp-json\/wp\/v2\/media?parent=3571"}],"wp:term":[{"taxonomy":"product_brand","embeddable":true,"href":"https:\/\/anhuysafety.com\/en\/wp-json\/wp\/v2\/product_brand?post=3571"},{"taxonomy":"product_cat","embeddable":true,"href":"https:\/\/anhuysafety.com\/en\/wp-json\/wp\/v2\/product_cat?post=3571"},{"taxonomy":"product_tag","embeddable":true,"href":"https:\/\/anhuysafety.com\/en\/wp-json\/wp\/v2\/product_tag?post=3571"}],"curies":[{"name":"wp","href":"https:\/\/api.w.org\/{rel}","templated":true}]}}