{"id":3578,"date":"2022-04-11T17:00:54","date_gmt":"2022-04-11T10:00:54","guid":{"rendered":"https:\/\/anhuysafety.com\/?post_type=product&#038;p=3578"},"modified":"2022-04-16T16:03:12","modified_gmt":"2022-04-16T09:03:12","slug":"gang-tay-chong-hoa-chat-gnf-1815","status":"publish","type":"product","link":"https:\/\/anhuysafety.com\/en\/product\/gang-tay-chong-hoa-chat-gnf-1815\/","title":{"rendered":"G\u0103ng tay ch\u1ed1ng h\u00f3a ch\u1ea5t GNF 1815"},"content":{"rendered":"<p><strong>G\u0103ng cao su Nitrle ch\u1ed1ng h\u00f3a ch\u1ea5t \u00a0GNF 1815<\/strong><\/p>\n<p><strong>\u0110\u1eb7c \u0111i\u1ec3m:<\/strong><br \/>\n\u00b7 V\u1eadt li\u1ec7u: Nitrile<br \/>\n\u00b7 M\u1eb7t trong: Ph\u1ee7 b\u00f4ng cotton.<br \/>\n\u00b7 B\u1ec1 d\u00e0y : 18mil ( 0.45mm) \u2013 D\u00e0i : 15\u201d\u00a0 (381mm)<br \/>\n\u00b7 M\u00e0u : Xanh<\/p>\n<p><strong>\u0110\u1eb7c t\u00ednh:<\/strong><br \/>\n\u00b7\u00a0 Ch\u1ed1ng ax\u00edt, dung m\u00f4i, h\u00f3a ch\u1ea5t \u0103n m\u00f2n, thu\u1ed1c t\u1ea9y m\u1ea1nh, c\u1ed3n, d\u1ea7u m\u1ee1 .<br \/>\n\u00b7\u00a0 \u0110\u1eb7c t\u00ednh co d\u00e3n t\u1ed1t, b\u1ec1n, ch\u1ed1ng t\u00e1c \u0111\u1ed9ng m\u00e0i m\u00f2n, c\u1eaft, x\u00e9, \u0111\u00e2m th\u1ee7ng cao.<br \/>\n\u00b7\u00a0 H\u00ecnh d\u00e1ng ph\u00f9 h\u1ee3p t\u1ea1o s\u1ef1 d\u1ec5 ch\u1ecbu, ti\u1ec7n nghi khi s\u1eed d\u1ee5ng<br \/>\n\u00b7\u00a0 M\u1eb7t trong ph\u1ee7 l\u1edbp b\u00f4ng cotton c\u00f3 kh\u1ea3 n\u0103ng th\u1ea5m m\u1ed3 h\u00f4i, mang v\u00e0 c\u1edfi b\u1ecf d\u1ec5 d\u00e0ng.<br \/>\n\u00b7\u00a0 L\u00f2ng b\u00e0n tay v\u00e0 ng\u00f3n tay c\u00f3 nh\u1eefng g\u00e2n n\u1ed5i l\u00e0m tay c\u1ea7m ch\u1eafc h\u01a1n.<br \/>\n\u00b7\u00a0 An to\u00e0n v\u1edbi th\u1ef1c ph\u1ea9m.<\/p>\n<p><strong>Ti\u00eau chu\u1ea9n Ch\u1ea5t l\u01b0\u1ee3ng:<\/strong><br \/>\n\u00b7\u00a0 H\u1ec7 th\u1ed1ng qu\u1ea3n l\u00fd ch\u1ea5t l\u01b0\u1ee3ng ISO 9001.<br \/>\n\u00b7\u00a0 Tu\u00e2n th\u1ee7 quy \u0111\u1ecbnh theo US FDA CFR 21 Part 177.2600 \u0111\u1ed1i v\u1edbi th\u1ef1c ph\u1ea9m \u0103n u\u1ed1ng.<br \/>\n\u00b7\u00a0 \u0110\u1ea1t ti\u00eau chu\u1ea9n Ch\u00e2u \u00c2u EN374-1, EN374-2, EN374-3, EN388, EN420.<\/p>\n<p><strong>S\u1eed d\u1ee5ng trong c\u00e1c c\u00f4ng vi\u1ec7c nh\u01b0:<\/strong><br \/>\n&#8211; S\u1ea3n xu\u1ea5t, \u0111\u00f3ng g\u00f3i ho\u00e1 ch\u1ea5t. ax\u00edt, dung m\u00f4i, d\u1ea7u m\u1ee1<br \/>\n&#8211; C\u00f4ng ngh\u1ec7 \u00f4t\u00f4, m\u00e1y m\u00f3c.<br \/>\n&#8211; B\u1ea3o d\u01b0\u1ee1ng c\u00f4ng nghi\u1ec7p chung.<br \/>\n&#8211; S\u1ea3n xu\u1ea5t pin, acquy; keo, h\u1ed3.<br \/>\n&#8211; Ch\u1ebf bi\u1ebfn th\u1ef1c ph\u1ea9m.<br \/>\n&#8211; S\u1eed d\u1ee5ng ho\u00e1 ch\u1ea5t b\u1ea3o v\u1ec7 th\u1ef1c v\u1eadt<br \/>\n&#8211; C\u00f4ng nghi\u1ec7p in, s\u01a1n, s\u1ea3n xu\u1ea5t men, m\u1ef1c; x\u1eed l\u00fd g\u1ed7.- C\u00f4ng nghi\u1ec7p ho\u00e1 d\u1ea7u<br \/>\n&#8211;\u00a0 N\u00f4ng nghi\u1ec7p<\/p>\n<p><strong>\u0110\u00f3ng g\u00f3i:<\/strong><br \/>\n1 \u0111\u00f4i\/ 1 bao poly c\u00f3 in nh\u00e3n.<\/p>\n<p>Xu\u1ea5t x\u1ee9:\u00a0 Malaysia<\/p>","protected":false},"excerpt":{"rendered":"<p>G\u0103ng cao su Nitrle ch\u1ed1ng h\u00f3a ch\u1ea5t \u00a0GNF 1815 \u0110\u1eb7c \u0111i\u1ec3m: \u00b7 V\u1eadt li\u1ec7u: Nitrile \u00b7 M\u1eb7t trong: Ph\u1ee7 b\u00f4ng cotton. \u00b7 B\u1ec1 d\u00e0y : 18mil ( 0.45mm) \u2013 D\u00e0i : 15\u201d\u00a0 (381mm) \u00b7 M\u00e0u : Xanh \u0110\u1eb7c t\u00ednh: \u00b7\u00a0 Ch\u1ed1ng ax\u00edt, dung m\u00f4i, h\u00f3a ch\u1ea5t \u0103n m\u00f2n, thu\u1ed1c t\u1ea9y m\u1ea1nh, c\u1ed3n, d\u1ea7u m\u1ee1 . [&hellip;]<\/p>\n","protected":false},"featured_media":3579,"template":"","meta":{"site-sidebar-layout":"default","site-content-layout":"default","ast-site-content-layout":"default","site-content-style":"default","site-sidebar-style":"default","ast-global-header-display":"","ast-banner-title-visibility":"","ast-main-header-display":"","ast-hfb-above-header-display":"","ast-hfb-below-header-display":"","ast-hfb-mobile-header-display":"","site-post-title":"","ast-breadcrumbs-content":"","ast-featured-img":"","footer-sml-layout":"","ast-disable-related-posts":"","theme-transparent-header-meta":"","adv-header-id-meta":"","stick-header-meta":"","header-above-stick-meta":"","header-main-stick-meta":"","header-below-stick-meta":"","astra-migrate-meta-layouts":"default","ast-page-background-enabled":"default","ast-page-background-meta":{"desktop":{"background-color":"","background-image":"","background-repeat":"repeat","background-position":"center center","background-size":"auto","background-attachment":"scroll","background-type":"","background-media":"","overlay-type":"","overlay-color":"","overlay-opacity":"","overlay-gradient":""},"tablet":{"background-color":"","background-image":"","background-repeat":"repeat","background-position":"center center","background-size":"auto","background-attachment":"scroll","background-type":"","background-media":"","overlay-type":"","overlay-color":"","overlay-opacity":"","overlay-gradient":""},"mobile":{"background-color":"","background-image":"","background-repeat":"repeat","background-position":"center center","background-size":"auto","background-attachment":"scroll","background-type":"","background-media":"","overlay-type":"","overlay-color":"","overlay-opacity":"","overlay-gradient":""}},"ast-content-background-meta":{"desktop":{"background-color":"var(--ast-global-color-5)","background-image":"","background-repeat":"repeat","background-position":"center center","background-size":"auto","background-attachment":"scroll","background-type":"","background-media":"","overlay-type":"","overlay-color":"","overlay-opacity":"","overlay-gradient":""},"tablet":{"background-color":"var(--ast-global-color-5)","background-image":"","background-repeat":"repeat","background-position":"center center","background-size":"auto","background-attachment":"scroll","background-type":"","background-media":"","overlay-type":"","overlay-color":"","overlay-opacity":"","overlay-gradient":""},"mobile":{"background-color":"var(--ast-global-color-5)","background-image":"","background-repeat":"repeat","background-position":"center center","background-size":"auto","background-attachment":"scroll","background-type":"","background-media":"","overlay-type":"","overlay-color":"","overlay-opacity":"","overlay-gradient":""}}},"product_brand":[],"product_cat":[134,67,83],"product_tag":[],"class_list":{"0":"post-3578","1":"product","2":"type-product","3":"status-publish","4":"has-post-thumbnail","6":"product_cat-gang-tay-chong-hoa-chat","7":"product_cat-bao-ve-ca-nhan","8":"product_cat-bao-ve-tay-va-canh-tay","9":"desktop-align-left","10":"tablet-align-left","11":"mobile-align-left","13":"first","14":"instock","15":"shipping-taxable","16":"product-type-simple"},"yoast_head":"<!-- This site is optimized with the Yoast SEO plugin v27.4 - https:\/\/yoast.com\/product\/yoast-seo-wordpress\/ -->\n<title>G\u0103ng tay ch\u1ed1ng h\u00f3a ch\u1ea5t GNF 1815 - C\u00f4ng Ty TNHH Trang Thi\u1ebft B\u1ecb K\u1ef9 Thu\u1eadt An Huy<\/title>\n<meta name=\"description\" content=\"G\u0103ng tay ch\u1ed1ng h\u00f3a ch\u1ea5t GNF 1815 Ch\u1ed1ng ax\u00edt, dung m\u00f4i, h\u00f3a ch\u1ea5t \u0103n m\u00f2n, thu\u1ed1c t\u1ea9y m\u1ea1nh, c\u1ed3n, d\u1ea7u m\u1ee1 . \u0110\u1eb7c t\u00ednh co d\u00e3n t\u1ed1t, b\u1ec1n, ch\u1ed1ng t\u00e1c \u0111\u1ed9ng m\u00e0i m\u00f2n, c\u1eaft, x\u00e9, \u0111\u00e2m th\u1ee7ng cao.\" \/>\n<meta name=\"robots\" content=\"index, follow, max-snippet:-1, max-image-preview:large, max-video-preview:-1\" \/>\n<link rel=\"canonical\" href=\"http:\/\/anhuysafety.com\/en\/product\/gang-tay-chong-hoa-chat-gnf-1815\/\" \/>\n<meta property=\"og:locale\" content=\"en_US\" \/>\n<meta property=\"og:type\" content=\"article\" \/>\n<meta property=\"og:title\" content=\"G\u0103ng tay ch\u1ed1ng h\u00f3a ch\u1ea5t GNF 1815 - C\u00f4ng Ty TNHH Trang Thi\u1ebft B\u1ecb K\u1ef9 Thu\u1eadt An Huy\" \/>\n<meta property=\"og:description\" content=\"G\u0103ng tay ch\u1ed1ng h\u00f3a ch\u1ea5t GNF 1815 Ch\u1ed1ng ax\u00edt, dung m\u00f4i, h\u00f3a ch\u1ea5t \u0103n m\u00f2n, thu\u1ed1c t\u1ea9y m\u1ea1nh, c\u1ed3n, d\u1ea7u m\u1ee1 . \u0110\u1eb7c t\u00ednh co d\u00e3n t\u1ed1t, b\u1ec1n, ch\u1ed1ng t\u00e1c \u0111\u1ed9ng m\u00e0i m\u00f2n, c\u1eaft, x\u00e9, \u0111\u00e2m th\u1ee7ng cao.\" \/>\n<meta property=\"og:url\" content=\"http:\/\/anhuysafety.com\/en\/product\/gang-tay-chong-hoa-chat-gnf-1815\/\" \/>\n<meta property=\"og:site_name\" content=\"C\u00f4ng Ty TNHH Trang Thi\u1ebft B\u1ecb K\u1ef9 Thu\u1eadt An Huy\" \/>\n<meta property=\"article:modified_time\" content=\"2022-04-16T09:03:12+00:00\" \/>\n<meta property=\"og:image\" content=\"https:\/\/anhuysafety.com\/wp-content\/uploads\/2022\/04\/g5522nitriledaix50768493.gif\" \/>\n\t<meta property=\"og:image:width\" content=\"400\" \/>\n\t<meta property=\"og:image:height\" content=\"274\" \/>\n\t<meta property=\"og:image:type\" content=\"image\/gif\" \/>\n<meta name=\"twitter:card\" content=\"summary_large_image\" \/>\n<meta name=\"twitter:label1\" content=\"Est. reading time\" \/>\n\t<meta name=\"twitter:data1\" content=\"2 minutes\" \/>\n<script type=\"application\/ld+json\" class=\"yoast-schema-graph\">{\"@context\":\"https:\\\/\\\/schema.org\",\"@graph\":[{\"@type\":\"WebPage\",\"@id\":\"http:\\\/\\\/anhuysafety.com\\\/en\\\/product\\\/gang-tay-chong-hoa-chat-gnf-1815\\\/\",\"url\":\"http:\\\/\\\/anhuysafety.com\\\/en\\\/product\\\/gang-tay-chong-hoa-chat-gnf-1815\\\/\",\"name\":\"G\u0103ng tay ch\u1ed1ng h\u00f3a ch\u1ea5t GNF 1815 - C\u00f4ng Ty TNHH Trang Thi\u1ebft B\u1ecb K\u1ef9 Thu\u1eadt An Huy\",\"isPartOf\":{\"@id\":\"https:\\\/\\\/anhuysafety.com\\\/#website\"},\"primaryImageOfPage\":{\"@id\":\"http:\\\/\\\/anhuysafety.com\\\/en\\\/product\\\/gang-tay-chong-hoa-chat-gnf-1815\\\/#primaryimage\"},\"image\":{\"@id\":\"http:\\\/\\\/anhuysafety.com\\\/en\\\/product\\\/gang-tay-chong-hoa-chat-gnf-1815\\\/#primaryimage\"},\"thumbnailUrl\":\"https:\\\/\\\/anhuysafety.com\\\/wp-content\\\/uploads\\\/2022\\\/04\\\/g5522nitriledaix50768493.gif\",\"datePublished\":\"2022-04-11T10:00:54+00:00\",\"dateModified\":\"2022-04-16T09:03:12+00:00\",\"description\":\"G\u0103ng tay ch\u1ed1ng h\u00f3a ch\u1ea5t GNF 1815 Ch\u1ed1ng ax\u00edt, dung m\u00f4i, h\u00f3a ch\u1ea5t \u0103n m\u00f2n, thu\u1ed1c t\u1ea9y m\u1ea1nh, c\u1ed3n, d\u1ea7u m\u1ee1 . \u0110\u1eb7c t\u00ednh co d\u00e3n t\u1ed1t, b\u1ec1n, ch\u1ed1ng t\u00e1c \u0111\u1ed9ng m\u00e0i m\u00f2n, c\u1eaft, x\u00e9, \u0111\u00e2m th\u1ee7ng cao.\",\"breadcrumb\":{\"@id\":\"http:\\\/\\\/anhuysafety.com\\\/en\\\/product\\\/gang-tay-chong-hoa-chat-gnf-1815\\\/#breadcrumb\"},\"inLanguage\":\"en-US\",\"potentialAction\":[{\"@type\":\"ReadAction\",\"target\":[\"http:\\\/\\\/anhuysafety.com\\\/en\\\/product\\\/gang-tay-chong-hoa-chat-gnf-1815\\\/\"]}]},{\"@type\":\"ImageObject\",\"inLanguage\":\"en-US\",\"@id\":\"http:\\\/\\\/anhuysafety.com\\\/en\\\/product\\\/gang-tay-chong-hoa-chat-gnf-1815\\\/#primaryimage\",\"url\":\"https:\\\/\\\/anhuysafety.com\\\/wp-content\\\/uploads\\\/2022\\\/04\\\/g5522nitriledaix50768493.gif\",\"contentUrl\":\"https:\\\/\\\/anhuysafety.com\\\/wp-content\\\/uploads\\\/2022\\\/04\\\/g5522nitriledaix50768493.gif\",\"width\":400,\"height\":274,\"caption\":\"G\u0103ng tay ch\u1ed1ng h\u00f3a ch\u1ea5t\"},{\"@type\":\"BreadcrumbList\",\"@id\":\"http:\\\/\\\/anhuysafety.com\\\/en\\\/product\\\/gang-tay-chong-hoa-chat-gnf-1815\\\/#breadcrumb\",\"itemListElement\":[{\"@type\":\"ListItem\",\"position\":1,\"name\":\"Trang ch\u1ee7\",\"item\":\"https:\\\/\\\/anhuysafety.com\\\/\"},{\"@type\":\"ListItem\",\"position\":2,\"name\":\"S\u1ea3n ph\u1ea9m\",\"item\":\"http:\\\/\\\/anhuysafety.com\\\/en\\\/cua-hang\"},{\"@type\":\"ListItem\",\"position\":3,\"name\":\"G\u0103ng tay ch\u1ed1ng h\u00f3a ch\u1ea5t GNF 1815\"}]},{\"@type\":\"WebSite\",\"@id\":\"https:\\\/\\\/anhuysafety.com\\\/#website\",\"url\":\"https:\\\/\\\/anhuysafety.com\\\/\",\"name\":\"C\u00f4ng Ty TNHH Trang Thi\u1ebft B\u1ecb K\u1ef9 Thu\u1eadt An Huy\",\"description\":\"\",\"publisher\":{\"@id\":\"https:\\\/\\\/anhuysafety.com\\\/#organization\"},\"potentialAction\":[{\"@type\":\"SearchAction\",\"target\":{\"@type\":\"EntryPoint\",\"urlTemplate\":\"https:\\\/\\\/anhuysafety.com\\\/?s={search_term_string}\"},\"query-input\":{\"@type\":\"PropertyValueSpecification\",\"valueRequired\":true,\"valueName\":\"search_term_string\"}}],\"inLanguage\":\"en-US\"},{\"@type\":\"Organization\",\"@id\":\"https:\\\/\\\/anhuysafety.com\\\/#organization\",\"name\":\"C\u00f4ng ty TNHH trang thi\u1ebft b\u1ecb k\u1ef9 thu\u1eadt An Huy\",\"url\":\"https:\\\/\\\/anhuysafety.com\\\/\",\"logo\":{\"@type\":\"ImageObject\",\"inLanguage\":\"en-US\",\"@id\":\"https:\\\/\\\/anhuysafety.com\\\/#\\\/schema\\\/logo\\\/image\\\/\",\"url\":\"https:\\\/\\\/anhuysafety.com\\\/wp-content\\\/uploads\\\/2022\\\/02\\\/cropped-cropped-cropped-LOGO_AN_HUY_SAFETY_chuan-removebg-preview-1.png\",\"contentUrl\":\"https:\\\/\\\/anhuysafety.com\\\/wp-content\\\/uploads\\\/2022\\\/02\\\/cropped-cropped-cropped-LOGO_AN_HUY_SAFETY_chuan-removebg-preview-1.png\",\"width\":357,\"height\":318,\"caption\":\"C\u00f4ng ty TNHH trang thi\u1ebft b\u1ecb k\u1ef9 thu\u1eadt An Huy\"},\"image\":{\"@id\":\"https:\\\/\\\/anhuysafety.com\\\/#\\\/schema\\\/logo\\\/image\\\/\"}}]}<\/script>\n<!-- \/ Yoast SEO plugin. -->","yoast_head_json":{"title":"G\u0103ng tay ch\u1ed1ng h\u00f3a ch\u1ea5t GNF 1815 - C\u00f4ng Ty TNHH Trang Thi\u1ebft B\u1ecb K\u1ef9 Thu\u1eadt An Huy","description":"G\u0103ng tay ch\u1ed1ng h\u00f3a ch\u1ea5t GNF 1815 Ch\u1ed1ng ax\u00edt, dung m\u00f4i, h\u00f3a ch\u1ea5t \u0103n m\u00f2n, thu\u1ed1c t\u1ea9y m\u1ea1nh, c\u1ed3n, d\u1ea7u m\u1ee1 . \u0110\u1eb7c t\u00ednh co d\u00e3n t\u1ed1t, b\u1ec1n, ch\u1ed1ng t\u00e1c \u0111\u1ed9ng m\u00e0i m\u00f2n, c\u1eaft, x\u00e9, \u0111\u00e2m th\u1ee7ng cao.","robots":{"index":"index","follow":"follow","max-snippet":"max-snippet:-1","max-image-preview":"max-image-preview:large","max-video-preview":"max-video-preview:-1"},"canonical":"http:\/\/anhuysafety.com\/en\/product\/gang-tay-chong-hoa-chat-gnf-1815\/","og_locale":"en_US","og_type":"article","og_title":"G\u0103ng tay ch\u1ed1ng h\u00f3a ch\u1ea5t GNF 1815 - C\u00f4ng Ty TNHH Trang Thi\u1ebft B\u1ecb K\u1ef9 Thu\u1eadt An Huy","og_description":"G\u0103ng tay ch\u1ed1ng h\u00f3a ch\u1ea5t GNF 1815 Ch\u1ed1ng ax\u00edt, dung m\u00f4i, h\u00f3a ch\u1ea5t \u0103n m\u00f2n, thu\u1ed1c t\u1ea9y m\u1ea1nh, c\u1ed3n, d\u1ea7u m\u1ee1 . \u0110\u1eb7c t\u00ednh co d\u00e3n t\u1ed1t, b\u1ec1n, ch\u1ed1ng t\u00e1c \u0111\u1ed9ng m\u00e0i m\u00f2n, c\u1eaft, x\u00e9, \u0111\u00e2m th\u1ee7ng cao.","og_url":"http:\/\/anhuysafety.com\/en\/product\/gang-tay-chong-hoa-chat-gnf-1815\/","og_site_name":"C\u00f4ng Ty TNHH Trang Thi\u1ebft B\u1ecb K\u1ef9 Thu\u1eadt An Huy","article_modified_time":"2022-04-16T09:03:12+00:00","og_image":[{"width":400,"height":274,"url":"https:\/\/anhuysafety.com\/wp-content\/uploads\/2022\/04\/g5522nitriledaix50768493.gif","type":"image\/gif"}],"twitter_card":"summary_large_image","twitter_misc":{"Est. reading time":"2 minutes"},"schema":{"@context":"https:\/\/schema.org","@graph":[{"@type":"WebPage","@id":"http:\/\/anhuysafety.com\/en\/product\/gang-tay-chong-hoa-chat-gnf-1815\/","url":"http:\/\/anhuysafety.com\/en\/product\/gang-tay-chong-hoa-chat-gnf-1815\/","name":"G\u0103ng tay ch\u1ed1ng h\u00f3a ch\u1ea5t GNF 1815 - C\u00f4ng Ty TNHH Trang Thi\u1ebft B\u1ecb K\u1ef9 Thu\u1eadt An Huy","isPartOf":{"@id":"https:\/\/anhuysafety.com\/#website"},"primaryImageOfPage":{"@id":"http:\/\/anhuysafety.com\/en\/product\/gang-tay-chong-hoa-chat-gnf-1815\/#primaryimage"},"image":{"@id":"http:\/\/anhuysafety.com\/en\/product\/gang-tay-chong-hoa-chat-gnf-1815\/#primaryimage"},"thumbnailUrl":"https:\/\/anhuysafety.com\/wp-content\/uploads\/2022\/04\/g5522nitriledaix50768493.gif","datePublished":"2022-04-11T10:00:54+00:00","dateModified":"2022-04-16T09:03:12+00:00","description":"G\u0103ng tay ch\u1ed1ng h\u00f3a ch\u1ea5t GNF 1815 Ch\u1ed1ng ax\u00edt, dung m\u00f4i, h\u00f3a ch\u1ea5t \u0103n m\u00f2n, thu\u1ed1c t\u1ea9y m\u1ea1nh, c\u1ed3n, d\u1ea7u m\u1ee1 . \u0110\u1eb7c t\u00ednh co d\u00e3n t\u1ed1t, b\u1ec1n, ch\u1ed1ng t\u00e1c \u0111\u1ed9ng m\u00e0i m\u00f2n, c\u1eaft, x\u00e9, \u0111\u00e2m th\u1ee7ng cao.","breadcrumb":{"@id":"http:\/\/anhuysafety.com\/en\/product\/gang-tay-chong-hoa-chat-gnf-1815\/#breadcrumb"},"inLanguage":"en-US","potentialAction":[{"@type":"ReadAction","target":["http:\/\/anhuysafety.com\/en\/product\/gang-tay-chong-hoa-chat-gnf-1815\/"]}]},{"@type":"ImageObject","inLanguage":"en-US","@id":"http:\/\/anhuysafety.com\/en\/product\/gang-tay-chong-hoa-chat-gnf-1815\/#primaryimage","url":"https:\/\/anhuysafety.com\/wp-content\/uploads\/2022\/04\/g5522nitriledaix50768493.gif","contentUrl":"https:\/\/anhuysafety.com\/wp-content\/uploads\/2022\/04\/g5522nitriledaix50768493.gif","width":400,"height":274,"caption":"G\u0103ng tay ch\u1ed1ng h\u00f3a ch\u1ea5t"},{"@type":"BreadcrumbList","@id":"http:\/\/anhuysafety.com\/en\/product\/gang-tay-chong-hoa-chat-gnf-1815\/#breadcrumb","itemListElement":[{"@type":"ListItem","position":1,"name":"Trang ch\u1ee7","item":"https:\/\/anhuysafety.com\/"},{"@type":"ListItem","position":2,"name":"S\u1ea3n ph\u1ea9m","item":"http:\/\/anhuysafety.com\/en\/cua-hang"},{"@type":"ListItem","position":3,"name":"G\u0103ng tay ch\u1ed1ng h\u00f3a ch\u1ea5t GNF 1815"}]},{"@type":"WebSite","@id":"https:\/\/anhuysafety.com\/#website","url":"https:\/\/anhuysafety.com\/","name":"AN HUY TECHNICAL EQUIPMENT CO., LTD","description":"","publisher":{"@id":"https:\/\/anhuysafety.com\/#organization"},"potentialAction":[{"@type":"SearchAction","target":{"@type":"EntryPoint","urlTemplate":"https:\/\/anhuysafety.com\/?s={search_term_string}"},"query-input":{"@type":"PropertyValueSpecification","valueRequired":true,"valueName":"search_term_string"}}],"inLanguage":"en-US"},{"@type":"Organization","@id":"https:\/\/anhuysafety.com\/#organization","name":"C\u00f4ng ty TNHH trang thi\u1ebft b\u1ecb k\u1ef9 thu\u1eadt An Huy","url":"https:\/\/anhuysafety.com\/","logo":{"@type":"ImageObject","inLanguage":"en-US","@id":"https:\/\/anhuysafety.com\/#\/schema\/logo\/image\/","url":"https:\/\/anhuysafety.com\/wp-content\/uploads\/2022\/02\/cropped-cropped-cropped-LOGO_AN_HUY_SAFETY_chuan-removebg-preview-1.png","contentUrl":"https:\/\/anhuysafety.com\/wp-content\/uploads\/2022\/02\/cropped-cropped-cropped-LOGO_AN_HUY_SAFETY_chuan-removebg-preview-1.png","width":357,"height":318,"caption":"C\u00f4ng ty TNHH trang thi\u1ebft b\u1ecb k\u1ef9 thu\u1eadt An Huy"},"image":{"@id":"https:\/\/anhuysafety.com\/#\/schema\/logo\/image\/"}}]}},"_links":{"self":[{"href":"https:\/\/anhuysafety.com\/en\/wp-json\/wp\/v2\/product\/3578","targetHints":{"allow":["GET"]}}],"collection":[{"href":"https:\/\/anhuysafety.com\/en\/wp-json\/wp\/v2\/product"}],"about":[{"href":"https:\/\/anhuysafety.com\/en\/wp-json\/wp\/v2\/types\/product"}],"version-history":[{"count":1,"href":"https:\/\/anhuysafety.com\/en\/wp-json\/wp\/v2\/product\/3578\/revisions"}],"predecessor-version":[{"id":3580,"href":"https:\/\/anhuysafety.com\/en\/wp-json\/wp\/v2\/product\/3578\/revisions\/3580"}],"wp:featuredmedia":[{"embeddable":true,"href":"https:\/\/anhuysafety.com\/en\/wp-json\/wp\/v2\/media\/3579"}],"wp:attachment":[{"href":"https:\/\/anhuysafety.com\/en\/wp-json\/wp\/v2\/media?parent=3578"}],"wp:term":[{"taxonomy":"product_brand","embeddable":true,"href":"https:\/\/anhuysafety.com\/en\/wp-json\/wp\/v2\/product_brand?post=3578"},{"taxonomy":"product_cat","embeddable":true,"href":"https:\/\/anhuysafety.com\/en\/wp-json\/wp\/v2\/product_cat?post=3578"},{"taxonomy":"product_tag","embeddable":true,"href":"https:\/\/anhuysafety.com\/en\/wp-json\/wp\/v2\/product_tag?post=3578"}],"curies":[{"name":"wp","href":"https:\/\/api.w.org\/{rel}","templated":true}]}}