{"id":3581,"date":"2022-04-11T17:05:34","date_gmt":"2022-04-11T10:05:34","guid":{"rendered":"https:\/\/anhuysafety.com\/?post_type=product&#038;p=3581"},"modified":"2022-04-11T17:05:39","modified_gmt":"2022-04-11T10:05:39","slug":"gang-tay-nitrile-g-551","status":"publish","type":"product","link":"https:\/\/anhuysafety.com\/en\/product\/gang-tay-nitrile-g-551\/","title":{"rendered":"G\u0103ng tay Nitrile G 551"},"content":{"rendered":"<p><strong>G\u0103ng tay Nitrile G 551<\/strong><\/p>\n<p>Chi ti\u1ebft s\u1ea3n ph\u1ea9m:<\/p>\n<p>Gang Nitrile<\/p>\n<p>( Anbaco nh\u1eadp kh\u1ea9u)<\/p>\n<p>D\u00e0y 0.1 mm.<br \/>\nD\u00e0i 240 mm.<br \/>\nM\u1ec1m m\u1ea1i, \u00f4m s\u00e1t b\u00e0n tay v\u00e0 ng\u00f3n tay t\u1ea1o c\u1ea3m gi\u00e1c r\u1ea5t t\u1ef1 nhi\u00ean khi tay l\u00e0m vi\u1ec7c.<br \/>\nCho ph\u00e9p ch\u1ed1ng t\u00e1c \u0111\u1ed9ng h\u00f3a ch\u1ea5t n\u1ed3ng \u0111\u1ed9 th\u1ea5p, d\u1ea7u m\u1ee1 \u0111\u1ed9ng v\u1eadt.<br \/>\nS\u1eed d\u1ee5ng an to\u00e0n trong ch\u1ebf bi\u1ebfn th\u1ef1c ph\u1ea9m.<\/p>\n<p>Xu\u1ea5t x\u1ee9: Malaysia<\/p>","protected":false},"excerpt":{"rendered":"<p>G\u0103ng tay Nitrile G 551 Chi ti\u1ebft s\u1ea3n ph\u1ea9m: Gang Nitrile ( Anbaco nh\u1eadp kh\u1ea9u) D\u00e0y 0.1 mm. D\u00e0i 240 mm. M\u1ec1m m\u1ea1i, \u00f4m s\u00e1t b\u00e0n tay v\u00e0 ng\u00f3n tay t\u1ea1o c\u1ea3m gi\u00e1c r\u1ea5t t\u1ef1 nhi\u00ean khi tay l\u00e0m vi\u1ec7c. Cho ph\u00e9p ch\u1ed1ng t\u00e1c \u0111\u1ed9ng h\u00f3a ch\u1ea5t n\u1ed3ng \u0111\u1ed9 th\u1ea5p, d\u1ea7u m\u1ee1 \u0111\u1ed9ng v\u1eadt. S\u1eed [&hellip;]<\/p>\n","protected":false},"featured_media":3582,"template":"","meta":{"site-sidebar-layout":"default","site-content-layout":"default","ast-site-content-layout":"default","site-content-style":"default","site-sidebar-style":"default","ast-global-header-display":"","ast-banner-title-visibility":"","ast-main-header-display":"","ast-hfb-above-header-display":"","ast-hfb-below-header-display":"","ast-hfb-mobile-header-display":"","site-post-title":"","ast-breadcrumbs-content":"","ast-featured-img":"","footer-sml-layout":"","ast-disable-related-posts":"","theme-transparent-header-meta":"","adv-header-id-meta":"","stick-header-meta":"","header-above-stick-meta":"","header-main-stick-meta":"","header-below-stick-meta":"","astra-migrate-meta-layouts":"default","ast-page-background-enabled":"default","ast-page-background-meta":{"desktop":{"background-color":"","background-image":"","background-repeat":"repeat","background-position":"center center","background-size":"auto","background-attachment":"scroll","background-type":"","background-media":"","overlay-type":"","overlay-color":"","overlay-opacity":"","overlay-gradient":""},"tablet":{"background-color":"","background-image":"","background-repeat":"repeat","background-position":"center center","background-size":"auto","background-attachment":"scroll","background-type":"","background-media":"","overlay-type":"","overlay-color":"","overlay-opacity":"","overlay-gradient":""},"mobile":{"background-color":"","background-image":"","background-repeat":"repeat","background-position":"center center","background-size":"auto","background-attachment":"scroll","background-type":"","background-media":"","overlay-type":"","overlay-color":"","overlay-opacity":"","overlay-gradient":""}},"ast-content-background-meta":{"desktop":{"background-color":"var(--ast-global-color-5)","background-image":"","background-repeat":"repeat","background-position":"center center","background-size":"auto","background-attachment":"scroll","background-type":"","background-media":"","overlay-type":"","overlay-color":"","overlay-opacity":"","overlay-gradient":""},"tablet":{"background-color":"var(--ast-global-color-5)","background-image":"","background-repeat":"repeat","background-position":"center center","background-size":"auto","background-attachment":"scroll","background-type":"","background-media":"","overlay-type":"","overlay-color":"","overlay-opacity":"","overlay-gradient":""},"mobile":{"background-color":"var(--ast-global-color-5)","background-image":"","background-repeat":"repeat","background-position":"center center","background-size":"auto","background-attachment":"scroll","background-type":"","background-media":"","overlay-type":"","overlay-color":"","overlay-opacity":"","overlay-gradient":""}}},"product_brand":[],"product_cat":[134,67,83],"product_tag":[],"class_list":{"0":"post-3581","1":"product","2":"type-product","3":"status-publish","4":"has-post-thumbnail","6":"product_cat-gang-tay-chong-hoa-chat","7":"product_cat-bao-ve-ca-nhan","8":"product_cat-bao-ve-tay-va-canh-tay","9":"desktop-align-left","10":"tablet-align-left","11":"mobile-align-left","13":"first","14":"instock","15":"shipping-taxable","16":"product-type-simple"},"yoast_head":"<!-- This site is optimized with the Yoast SEO plugin v27.4 - https:\/\/yoast.com\/product\/yoast-seo-wordpress\/ -->\n<title>G\u0103ng tay Nitrile G 551 - C\u00f4ng Ty TNHH Trang Thi\u1ebft B\u1ecb K\u1ef9 Thu\u1eadt An Huy<\/title>\n<meta name=\"description\" content=\"G\u0103ng tay Nitrile G 551 M\u1ec1m m\u1ea1i, \u00f4m s\u00e1t b\u00e0n tay v\u00e0 ng\u00f3n tay t\u1ea1o c\u1ea3m gi\u00e1c r\u1ea5t t\u1ef1 nhi\u00ean khi tay l\u00e0m vi\u1ec7c. Cho ph\u00e9p ch\u1ed1ng t\u00e1c \u0111\u1ed9ng h\u00f3a ch\u1ea5t n\u1ed3ng \u0111\u1ed9 th\u1ea5p, d\u1ea7u m\u1ee1 \u0111\u1ed9ng v\u1eadt. S\u1eed d\u1ee5ng an to\u00e0n trong ch\u1ebf bi\u1ebfn th\u1ef1c ph\u1ea9m.\" \/>\n<meta name=\"robots\" content=\"index, follow, max-snippet:-1, max-image-preview:large, max-video-preview:-1\" \/>\n<link rel=\"canonical\" href=\"http:\/\/anhuysafety.com\/en\/product\/gang-tay-nitrile-g-551\/\" \/>\n<meta property=\"og:locale\" content=\"en_US\" \/>\n<meta property=\"og:type\" content=\"article\" \/>\n<meta property=\"og:title\" content=\"G\u0103ng tay Nitrile G 551 - C\u00f4ng Ty TNHH Trang Thi\u1ebft B\u1ecb K\u1ef9 Thu\u1eadt An Huy\" \/>\n<meta property=\"og:description\" content=\"G\u0103ng tay Nitrile G 551 M\u1ec1m m\u1ea1i, \u00f4m s\u00e1t b\u00e0n tay v\u00e0 ng\u00f3n tay t\u1ea1o c\u1ea3m gi\u00e1c r\u1ea5t t\u1ef1 nhi\u00ean khi tay l\u00e0m vi\u1ec7c. Cho ph\u00e9p ch\u1ed1ng t\u00e1c \u0111\u1ed9ng h\u00f3a ch\u1ea5t n\u1ed3ng \u0111\u1ed9 th\u1ea5p, d\u1ea7u m\u1ee1 \u0111\u1ed9ng v\u1eadt. S\u1eed d\u1ee5ng an to\u00e0n trong ch\u1ebf bi\u1ebfn th\u1ef1c ph\u1ea9m.\" \/>\n<meta property=\"og:url\" content=\"http:\/\/anhuysafety.com\/en\/product\/gang-tay-nitrile-g-551\/\" \/>\n<meta property=\"og:site_name\" content=\"C\u00f4ng Ty TNHH Trang Thi\u1ebft B\u1ecb K\u1ef9 Thu\u1eadt An Huy\" \/>\n<meta property=\"article:modified_time\" content=\"2022-04-11T10:05:39+00:00\" \/>\n<meta property=\"og:image\" content=\"https:\/\/anhuysafety.com\/wp-content\/uploads\/2022\/04\/g551gangnitrilemngx79689066.gif\" \/>\n\t<meta property=\"og:image:width\" content=\"360\" \/>\n\t<meta property=\"og:image:height\" content=\"284\" \/>\n\t<meta property=\"og:image:type\" content=\"image\/gif\" \/>\n<meta name=\"twitter:card\" content=\"summary_large_image\" \/>\n<script type=\"application\/ld+json\" class=\"yoast-schema-graph\">{\"@context\":\"https:\\\/\\\/schema.org\",\"@graph\":[{\"@type\":\"WebPage\",\"@id\":\"http:\\\/\\\/anhuysafety.com\\\/en\\\/product\\\/gang-tay-nitrile-g-551\\\/\",\"url\":\"http:\\\/\\\/anhuysafety.com\\\/en\\\/product\\\/gang-tay-nitrile-g-551\\\/\",\"name\":\"G\u0103ng tay Nitrile G 551 - C\u00f4ng Ty TNHH Trang Thi\u1ebft B\u1ecb K\u1ef9 Thu\u1eadt An Huy\",\"isPartOf\":{\"@id\":\"https:\\\/\\\/anhuysafety.com\\\/#website\"},\"primaryImageOfPage\":{\"@id\":\"http:\\\/\\\/anhuysafety.com\\\/en\\\/product\\\/gang-tay-nitrile-g-551\\\/#primaryimage\"},\"image\":{\"@id\":\"http:\\\/\\\/anhuysafety.com\\\/en\\\/product\\\/gang-tay-nitrile-g-551\\\/#primaryimage\"},\"thumbnailUrl\":\"https:\\\/\\\/anhuysafety.com\\\/wp-content\\\/uploads\\\/2022\\\/04\\\/g551gangnitrilemngx79689066.gif\",\"datePublished\":\"2022-04-11T10:05:34+00:00\",\"dateModified\":\"2022-04-11T10:05:39+00:00\",\"description\":\"G\u0103ng tay Nitrile G 551 M\u1ec1m m\u1ea1i, \u00f4m s\u00e1t b\u00e0n tay v\u00e0 ng\u00f3n tay t\u1ea1o c\u1ea3m gi\u00e1c r\u1ea5t t\u1ef1 nhi\u00ean khi tay l\u00e0m vi\u1ec7c. Cho ph\u00e9p ch\u1ed1ng t\u00e1c \u0111\u1ed9ng h\u00f3a ch\u1ea5t n\u1ed3ng \u0111\u1ed9 th\u1ea5p, d\u1ea7u m\u1ee1 \u0111\u1ed9ng v\u1eadt. S\u1eed d\u1ee5ng an to\u00e0n trong ch\u1ebf bi\u1ebfn th\u1ef1c ph\u1ea9m.\",\"breadcrumb\":{\"@id\":\"http:\\\/\\\/anhuysafety.com\\\/en\\\/product\\\/gang-tay-nitrile-g-551\\\/#breadcrumb\"},\"inLanguage\":\"en-US\",\"potentialAction\":[{\"@type\":\"ReadAction\",\"target\":[\"http:\\\/\\\/anhuysafety.com\\\/en\\\/product\\\/gang-tay-nitrile-g-551\\\/\"]}]},{\"@type\":\"ImageObject\",\"inLanguage\":\"en-US\",\"@id\":\"http:\\\/\\\/anhuysafety.com\\\/en\\\/product\\\/gang-tay-nitrile-g-551\\\/#primaryimage\",\"url\":\"https:\\\/\\\/anhuysafety.com\\\/wp-content\\\/uploads\\\/2022\\\/04\\\/g551gangnitrilemngx79689066.gif\",\"contentUrl\":\"https:\\\/\\\/anhuysafety.com\\\/wp-content\\\/uploads\\\/2022\\\/04\\\/g551gangnitrilemngx79689066.gif\",\"width\":360,\"height\":284,\"caption\":\"G\u0103ng tay\"},{\"@type\":\"BreadcrumbList\",\"@id\":\"http:\\\/\\\/anhuysafety.com\\\/en\\\/product\\\/gang-tay-nitrile-g-551\\\/#breadcrumb\",\"itemListElement\":[{\"@type\":\"ListItem\",\"position\":1,\"name\":\"Trang ch\u1ee7\",\"item\":\"https:\\\/\\\/anhuysafety.com\\\/\"},{\"@type\":\"ListItem\",\"position\":2,\"name\":\"S\u1ea3n ph\u1ea9m\",\"item\":\"http:\\\/\\\/anhuysafety.com\\\/en\\\/cua-hang\"},{\"@type\":\"ListItem\",\"position\":3,\"name\":\"G\u0103ng tay Nitrile G 551\"}]},{\"@type\":\"WebSite\",\"@id\":\"https:\\\/\\\/anhuysafety.com\\\/#website\",\"url\":\"https:\\\/\\\/anhuysafety.com\\\/\",\"name\":\"C\u00f4ng Ty TNHH Trang Thi\u1ebft B\u1ecb K\u1ef9 Thu\u1eadt An Huy\",\"description\":\"\",\"publisher\":{\"@id\":\"https:\\\/\\\/anhuysafety.com\\\/#organization\"},\"potentialAction\":[{\"@type\":\"SearchAction\",\"target\":{\"@type\":\"EntryPoint\",\"urlTemplate\":\"https:\\\/\\\/anhuysafety.com\\\/?s={search_term_string}\"},\"query-input\":{\"@type\":\"PropertyValueSpecification\",\"valueRequired\":true,\"valueName\":\"search_term_string\"}}],\"inLanguage\":\"en-US\"},{\"@type\":\"Organization\",\"@id\":\"https:\\\/\\\/anhuysafety.com\\\/#organization\",\"name\":\"C\u00f4ng ty TNHH trang thi\u1ebft b\u1ecb k\u1ef9 thu\u1eadt An Huy\",\"url\":\"https:\\\/\\\/anhuysafety.com\\\/\",\"logo\":{\"@type\":\"ImageObject\",\"inLanguage\":\"en-US\",\"@id\":\"https:\\\/\\\/anhuysafety.com\\\/#\\\/schema\\\/logo\\\/image\\\/\",\"url\":\"https:\\\/\\\/anhuysafety.com\\\/wp-content\\\/uploads\\\/2022\\\/02\\\/cropped-cropped-cropped-LOGO_AN_HUY_SAFETY_chuan-removebg-preview-1.png\",\"contentUrl\":\"https:\\\/\\\/anhuysafety.com\\\/wp-content\\\/uploads\\\/2022\\\/02\\\/cropped-cropped-cropped-LOGO_AN_HUY_SAFETY_chuan-removebg-preview-1.png\",\"width\":357,\"height\":318,\"caption\":\"C\u00f4ng ty TNHH trang thi\u1ebft b\u1ecb k\u1ef9 thu\u1eadt An Huy\"},\"image\":{\"@id\":\"https:\\\/\\\/anhuysafety.com\\\/#\\\/schema\\\/logo\\\/image\\\/\"}}]}<\/script>\n<!-- \/ Yoast SEO plugin. -->","yoast_head_json":{"title":"G\u0103ng tay Nitrile G 551 - C\u00f4ng Ty TNHH Trang Thi\u1ebft B\u1ecb K\u1ef9 Thu\u1eadt An Huy","description":"G\u0103ng tay Nitrile G 551 M\u1ec1m m\u1ea1i, \u00f4m s\u00e1t b\u00e0n tay v\u00e0 ng\u00f3n tay t\u1ea1o c\u1ea3m gi\u00e1c r\u1ea5t t\u1ef1 nhi\u00ean khi tay l\u00e0m vi\u1ec7c. Cho ph\u00e9p ch\u1ed1ng t\u00e1c \u0111\u1ed9ng h\u00f3a ch\u1ea5t n\u1ed3ng \u0111\u1ed9 th\u1ea5p, d\u1ea7u m\u1ee1 \u0111\u1ed9ng v\u1eadt. S\u1eed d\u1ee5ng an to\u00e0n trong ch\u1ebf bi\u1ebfn th\u1ef1c ph\u1ea9m.","robots":{"index":"index","follow":"follow","max-snippet":"max-snippet:-1","max-image-preview":"max-image-preview:large","max-video-preview":"max-video-preview:-1"},"canonical":"http:\/\/anhuysafety.com\/en\/product\/gang-tay-nitrile-g-551\/","og_locale":"en_US","og_type":"article","og_title":"G\u0103ng tay Nitrile G 551 - C\u00f4ng Ty TNHH Trang Thi\u1ebft B\u1ecb K\u1ef9 Thu\u1eadt An Huy","og_description":"G\u0103ng tay Nitrile G 551 M\u1ec1m m\u1ea1i, \u00f4m s\u00e1t b\u00e0n tay v\u00e0 ng\u00f3n tay t\u1ea1o c\u1ea3m gi\u00e1c r\u1ea5t t\u1ef1 nhi\u00ean khi tay l\u00e0m vi\u1ec7c. Cho ph\u00e9p ch\u1ed1ng t\u00e1c \u0111\u1ed9ng h\u00f3a ch\u1ea5t n\u1ed3ng \u0111\u1ed9 th\u1ea5p, d\u1ea7u m\u1ee1 \u0111\u1ed9ng v\u1eadt. S\u1eed d\u1ee5ng an to\u00e0n trong ch\u1ebf bi\u1ebfn th\u1ef1c ph\u1ea9m.","og_url":"http:\/\/anhuysafety.com\/en\/product\/gang-tay-nitrile-g-551\/","og_site_name":"C\u00f4ng Ty TNHH Trang Thi\u1ebft B\u1ecb K\u1ef9 Thu\u1eadt An Huy","article_modified_time":"2022-04-11T10:05:39+00:00","og_image":[{"width":360,"height":284,"url":"https:\/\/anhuysafety.com\/wp-content\/uploads\/2022\/04\/g551gangnitrilemngx79689066.gif","type":"image\/gif"}],"twitter_card":"summary_large_image","schema":{"@context":"https:\/\/schema.org","@graph":[{"@type":"WebPage","@id":"http:\/\/anhuysafety.com\/en\/product\/gang-tay-nitrile-g-551\/","url":"http:\/\/anhuysafety.com\/en\/product\/gang-tay-nitrile-g-551\/","name":"G\u0103ng tay Nitrile G 551 - C\u00f4ng Ty TNHH Trang Thi\u1ebft B\u1ecb K\u1ef9 Thu\u1eadt An Huy","isPartOf":{"@id":"https:\/\/anhuysafety.com\/#website"},"primaryImageOfPage":{"@id":"http:\/\/anhuysafety.com\/en\/product\/gang-tay-nitrile-g-551\/#primaryimage"},"image":{"@id":"http:\/\/anhuysafety.com\/en\/product\/gang-tay-nitrile-g-551\/#primaryimage"},"thumbnailUrl":"https:\/\/anhuysafety.com\/wp-content\/uploads\/2022\/04\/g551gangnitrilemngx79689066.gif","datePublished":"2022-04-11T10:05:34+00:00","dateModified":"2022-04-11T10:05:39+00:00","description":"G\u0103ng tay Nitrile G 551 M\u1ec1m m\u1ea1i, \u00f4m s\u00e1t b\u00e0n tay v\u00e0 ng\u00f3n tay t\u1ea1o c\u1ea3m gi\u00e1c r\u1ea5t t\u1ef1 nhi\u00ean khi tay l\u00e0m vi\u1ec7c. Cho ph\u00e9p ch\u1ed1ng t\u00e1c \u0111\u1ed9ng h\u00f3a ch\u1ea5t n\u1ed3ng \u0111\u1ed9 th\u1ea5p, d\u1ea7u m\u1ee1 \u0111\u1ed9ng v\u1eadt. S\u1eed d\u1ee5ng an to\u00e0n trong ch\u1ebf bi\u1ebfn th\u1ef1c ph\u1ea9m.","breadcrumb":{"@id":"http:\/\/anhuysafety.com\/en\/product\/gang-tay-nitrile-g-551\/#breadcrumb"},"inLanguage":"en-US","potentialAction":[{"@type":"ReadAction","target":["http:\/\/anhuysafety.com\/en\/product\/gang-tay-nitrile-g-551\/"]}]},{"@type":"ImageObject","inLanguage":"en-US","@id":"http:\/\/anhuysafety.com\/en\/product\/gang-tay-nitrile-g-551\/#primaryimage","url":"https:\/\/anhuysafety.com\/wp-content\/uploads\/2022\/04\/g551gangnitrilemngx79689066.gif","contentUrl":"https:\/\/anhuysafety.com\/wp-content\/uploads\/2022\/04\/g551gangnitrilemngx79689066.gif","width":360,"height":284,"caption":"G\u0103ng tay"},{"@type":"BreadcrumbList","@id":"http:\/\/anhuysafety.com\/en\/product\/gang-tay-nitrile-g-551\/#breadcrumb","itemListElement":[{"@type":"ListItem","position":1,"name":"Trang ch\u1ee7","item":"https:\/\/anhuysafety.com\/"},{"@type":"ListItem","position":2,"name":"S\u1ea3n ph\u1ea9m","item":"http:\/\/anhuysafety.com\/en\/cua-hang"},{"@type":"ListItem","position":3,"name":"G\u0103ng tay Nitrile G 551"}]},{"@type":"WebSite","@id":"https:\/\/anhuysafety.com\/#website","url":"https:\/\/anhuysafety.com\/","name":"AN HUY TECHNICAL EQUIPMENT CO., LTD","description":"","publisher":{"@id":"https:\/\/anhuysafety.com\/#organization"},"potentialAction":[{"@type":"SearchAction","target":{"@type":"EntryPoint","urlTemplate":"https:\/\/anhuysafety.com\/?s={search_term_string}"},"query-input":{"@type":"PropertyValueSpecification","valueRequired":true,"valueName":"search_term_string"}}],"inLanguage":"en-US"},{"@type":"Organization","@id":"https:\/\/anhuysafety.com\/#organization","name":"C\u00f4ng ty TNHH trang thi\u1ebft b\u1ecb k\u1ef9 thu\u1eadt An Huy","url":"https:\/\/anhuysafety.com\/","logo":{"@type":"ImageObject","inLanguage":"en-US","@id":"https:\/\/anhuysafety.com\/#\/schema\/logo\/image\/","url":"https:\/\/anhuysafety.com\/wp-content\/uploads\/2022\/02\/cropped-cropped-cropped-LOGO_AN_HUY_SAFETY_chuan-removebg-preview-1.png","contentUrl":"https:\/\/anhuysafety.com\/wp-content\/uploads\/2022\/02\/cropped-cropped-cropped-LOGO_AN_HUY_SAFETY_chuan-removebg-preview-1.png","width":357,"height":318,"caption":"C\u00f4ng ty TNHH trang thi\u1ebft b\u1ecb k\u1ef9 thu\u1eadt An Huy"},"image":{"@id":"https:\/\/anhuysafety.com\/#\/schema\/logo\/image\/"}}]}},"_links":{"self":[{"href":"https:\/\/anhuysafety.com\/en\/wp-json\/wp\/v2\/product\/3581","targetHints":{"allow":["GET"]}}],"collection":[{"href":"https:\/\/anhuysafety.com\/en\/wp-json\/wp\/v2\/product"}],"about":[{"href":"https:\/\/anhuysafety.com\/en\/wp-json\/wp\/v2\/types\/product"}],"version-history":[{"count":1,"href":"https:\/\/anhuysafety.com\/en\/wp-json\/wp\/v2\/product\/3581\/revisions"}],"predecessor-version":[{"id":3583,"href":"https:\/\/anhuysafety.com\/en\/wp-json\/wp\/v2\/product\/3581\/revisions\/3583"}],"wp:featuredmedia":[{"embeddable":true,"href":"https:\/\/anhuysafety.com\/en\/wp-json\/wp\/v2\/media\/3582"}],"wp:attachment":[{"href":"https:\/\/anhuysafety.com\/en\/wp-json\/wp\/v2\/media?parent=3581"}],"wp:term":[{"taxonomy":"product_brand","embeddable":true,"href":"https:\/\/anhuysafety.com\/en\/wp-json\/wp\/v2\/product_brand?post=3581"},{"taxonomy":"product_cat","embeddable":true,"href":"https:\/\/anhuysafety.com\/en\/wp-json\/wp\/v2\/product_cat?post=3581"},{"taxonomy":"product_tag","embeddable":true,"href":"https:\/\/anhuysafety.com\/en\/wp-json\/wp\/v2\/product_tag?post=3581"}],"curies":[{"name":"wp","href":"https:\/\/api.w.org\/{rel}","templated":true}]}}