{"id":3585,"date":"2022-04-11T17:17:48","date_gmt":"2022-04-11T10:17:48","guid":{"rendered":"https:\/\/anhuysafety.com\/?post_type=product&#038;p=3585"},"modified":"2022-04-11T17:17:48","modified_gmt":"2022-04-11T10:17:48","slug":"gang-tay-cach-dien-26-5-kv-novax","status":"publish","type":"product","link":"https:\/\/anhuysafety.com\/en\/product\/gang-tay-cach-dien-26-5-kv-novax\/","title":{"rendered":"G\u0103ng tay c\u00e1ch \u0111i\u1ec7n 26.5 KV Novax"},"content":{"rendered":"<p><strong>G\u0103ng tay c\u00e1ch \u0111i\u1ec7n\u00a0cao \u00e1p 26,5kV &#8211; NOVAX Class 3<\/strong><\/p>\n<ul>\n<li><strong>Ti\u00eau chu\u1ea9n : IEC 60903-2003<\/strong><\/li>\n<li><strong>\u0110i\u1ec7n \u00e1p s\u1eed d\u1ee5ng: 26.500Volt ( AC)<\/strong><\/li>\n<li><strong>\u0110i\u1ec7n \u00e1p ki\u1ec3m tra: 30.000 Volt (AC)<\/strong><\/li>\n<\/ul>\n<p>D\u00e0i 410 mm ( chi\u1ec1u d\u00e0y\u00a0460 mm n\u1ebfu y\u00eau c\u00e2\u0300u).<\/p>\n<p>B\u1ec1 d\u1ea7y 2,9 mm<\/p>\n<p>M\u00e0u Cam<\/p>\n<p>G\u0103ng \u0111\u01b0\u1ee3c ch\u1ebf t\u1ea1o t\u1eeb cao su t\u1ef1 nhi\u00ean \u0111\u1eb7c bi\u1ec7t, b\u1ec1 m\u1eb7t tr\u01a1n nh\u1eb5n, \u0111\u1ed3ng nh\u1ea5t, m\u1ec1m m\u1ea1i.<\/p>\n<p>Nh\u00e0 s\u1ea3n xu\u1ea5t: GB- Malaysia<\/p>","protected":false},"excerpt":{"rendered":"<p>G\u0103ng tay c\u00e1ch \u0111i\u1ec7n\u00a0cao \u00e1p 26,5kV &#8211; NOVAX Class 3 Ti\u00eau chu\u1ea9n : IEC 60903-2003 \u0110i\u1ec7n \u00e1p s\u1eed d\u1ee5ng: 26.500Volt ( AC) \u0110i\u1ec7n \u00e1p ki\u1ec3m tra: 30.000 Volt (AC) D\u00e0i 410 mm ( chi\u1ec1u d\u00e0y\u00a0460 mm n\u1ebfu y\u00eau c\u00e2\u0300u). B\u1ec1 d\u1ea7y 2,9 mm M\u00e0u Cam G\u0103ng \u0111\u01b0\u1ee3c ch\u1ebf t\u1ea1o t\u1eeb cao su t\u1ef1 nhi\u00ean \u0111\u1eb7c [&hellip;]<\/p>\n","protected":false},"featured_media":3586,"template":"","meta":{"site-sidebar-layout":"default","site-content-layout":"default","ast-site-content-layout":"default","site-content-style":"default","site-sidebar-style":"default","ast-global-header-display":"","ast-banner-title-visibility":"","ast-main-header-display":"","ast-hfb-above-header-display":"","ast-hfb-below-header-display":"","ast-hfb-mobile-header-display":"","site-post-title":"","ast-breadcrumbs-content":"","ast-featured-img":"","footer-sml-layout":"","ast-disable-related-posts":"","theme-transparent-header-meta":"","adv-header-id-meta":"","stick-header-meta":"","header-above-stick-meta":"","header-main-stick-meta":"","header-below-stick-meta":"","astra-migrate-meta-layouts":"default","ast-page-background-enabled":"default","ast-page-background-meta":{"desktop":{"background-color":"","background-image":"","background-repeat":"repeat","background-position":"center center","background-size":"auto","background-attachment":"scroll","background-type":"","background-media":"","overlay-type":"","overlay-color":"","overlay-opacity":"","overlay-gradient":""},"tablet":{"background-color":"","background-image":"","background-repeat":"repeat","background-position":"center center","background-size":"auto","background-attachment":"scroll","background-type":"","background-media":"","overlay-type":"","overlay-color":"","overlay-opacity":"","overlay-gradient":""},"mobile":{"background-color":"","background-image":"","background-repeat":"repeat","background-position":"center center","background-size":"auto","background-attachment":"scroll","background-type":"","background-media":"","overlay-type":"","overlay-color":"","overlay-opacity":"","overlay-gradient":""}},"ast-content-background-meta":{"desktop":{"background-color":"var(--ast-global-color-5)","background-image":"","background-repeat":"repeat","background-position":"center center","background-size":"auto","background-attachment":"scroll","background-type":"","background-media":"","overlay-type":"","overlay-color":"","overlay-opacity":"","overlay-gradient":""},"tablet":{"background-color":"var(--ast-global-color-5)","background-image":"","background-repeat":"repeat","background-position":"center center","background-size":"auto","background-attachment":"scroll","background-type":"","background-media":"","overlay-type":"","overlay-color":"","overlay-opacity":"","overlay-gradient":""},"mobile":{"background-color":"var(--ast-global-color-5)","background-image":"","background-repeat":"repeat","background-position":"center center","background-size":"auto","background-attachment":"scroll","background-type":"","background-media":"","overlay-type":"","overlay-color":"","overlay-opacity":"","overlay-gradient":""}}},"product_brand":[],"product_cat":[135,67,83],"product_tag":[],"class_list":{"0":"post-3585","1":"product","2":"type-product","3":"status-publish","4":"has-post-thumbnail","6":"product_cat-gang-tay-cach-dien","7":"product_cat-bao-ve-ca-nhan","8":"product_cat-bao-ve-tay-va-canh-tay","9":"desktop-align-left","10":"tablet-align-left","11":"mobile-align-left","13":"first","14":"instock","15":"shipping-taxable","16":"product-type-simple"},"yoast_head":"<!-- This site is optimized with the Yoast SEO plugin v27.4 - https:\/\/yoast.com\/product\/yoast-seo-wordpress\/ -->\n<title>G\u0103ng tay c\u00e1ch \u0111i\u1ec7n 26.5 KV Novax - C\u00f4ng Ty TNHH Trang Thi\u1ebft B\u1ecb K\u1ef9 Thu\u1eadt An Huy<\/title>\n<meta name=\"description\" content=\"G\u0103ng tay c\u00e1ch \u0111i\u1ec7n 26.5 KV Novax\" \/>\n<meta name=\"robots\" content=\"index, follow, max-snippet:-1, max-image-preview:large, max-video-preview:-1\" \/>\n<link rel=\"canonical\" href=\"http:\/\/anhuysafety.com\/en\/product\/gang-tay-cach-dien-26-5-kv-novax\/\" \/>\n<meta property=\"og:locale\" content=\"en_US\" \/>\n<meta property=\"og:type\" content=\"article\" \/>\n<meta property=\"og:title\" content=\"G\u0103ng tay c\u00e1ch \u0111i\u1ec7n 26.5 KV Novax - C\u00f4ng Ty TNHH Trang Thi\u1ebft B\u1ecb K\u1ef9 Thu\u1eadt An Huy\" \/>\n<meta property=\"og:description\" content=\"G\u0103ng tay c\u00e1ch \u0111i\u1ec7n 26.5 KV Novax\" \/>\n<meta property=\"og:url\" content=\"http:\/\/anhuysafety.com\/en\/product\/gang-tay-cach-dien-26-5-kv-novax\/\" \/>\n<meta property=\"og:site_name\" content=\"C\u00f4ng Ty TNHH Trang Thi\u1ebft B\u1ecb K\u1ef9 Thu\u1eadt An Huy\" \/>\n<meta property=\"og:image\" content=\"https:\/\/anhuysafety.com\/wp-content\/uploads\/2022\/04\/novaxclass375228162.gif\" \/>\n\t<meta property=\"og:image:width\" content=\"400\" \/>\n\t<meta property=\"og:image:height\" content=\"300\" \/>\n\t<meta property=\"og:image:type\" content=\"image\/gif\" \/>\n<meta name=\"twitter:card\" content=\"summary_large_image\" \/>\n<meta name=\"twitter:label1\" content=\"Est. reading time\" \/>\n\t<meta name=\"twitter:data1\" content=\"1 minute\" \/>\n<script type=\"application\/ld+json\" class=\"yoast-schema-graph\">{\"@context\":\"https:\\\/\\\/schema.org\",\"@graph\":[{\"@type\":\"WebPage\",\"@id\":\"http:\\\/\\\/anhuysafety.com\\\/en\\\/product\\\/gang-tay-cach-dien-26-5-kv-novax\\\/\",\"url\":\"http:\\\/\\\/anhuysafety.com\\\/en\\\/product\\\/gang-tay-cach-dien-26-5-kv-novax\\\/\",\"name\":\"G\u0103ng tay c\u00e1ch \u0111i\u1ec7n 26.5 KV Novax - C\u00f4ng Ty TNHH Trang Thi\u1ebft B\u1ecb K\u1ef9 Thu\u1eadt An Huy\",\"isPartOf\":{\"@id\":\"https:\\\/\\\/anhuysafety.com\\\/#website\"},\"primaryImageOfPage\":{\"@id\":\"http:\\\/\\\/anhuysafety.com\\\/en\\\/product\\\/gang-tay-cach-dien-26-5-kv-novax\\\/#primaryimage\"},\"image\":{\"@id\":\"http:\\\/\\\/anhuysafety.com\\\/en\\\/product\\\/gang-tay-cach-dien-26-5-kv-novax\\\/#primaryimage\"},\"thumbnailUrl\":\"https:\\\/\\\/anhuysafety.com\\\/wp-content\\\/uploads\\\/2022\\\/04\\\/novaxclass375228162.gif\",\"datePublished\":\"2022-04-11T10:17:48+00:00\",\"description\":\"G\u0103ng tay c\u00e1ch \u0111i\u1ec7n 26.5 KV Novax\",\"breadcrumb\":{\"@id\":\"http:\\\/\\\/anhuysafety.com\\\/en\\\/product\\\/gang-tay-cach-dien-26-5-kv-novax\\\/#breadcrumb\"},\"inLanguage\":\"en-US\",\"potentialAction\":[{\"@type\":\"ReadAction\",\"target\":[\"http:\\\/\\\/anhuysafety.com\\\/en\\\/product\\\/gang-tay-cach-dien-26-5-kv-novax\\\/\"]}]},{\"@type\":\"ImageObject\",\"inLanguage\":\"en-US\",\"@id\":\"http:\\\/\\\/anhuysafety.com\\\/en\\\/product\\\/gang-tay-cach-dien-26-5-kv-novax\\\/#primaryimage\",\"url\":\"https:\\\/\\\/anhuysafety.com\\\/wp-content\\\/uploads\\\/2022\\\/04\\\/novaxclass375228162.gif\",\"contentUrl\":\"https:\\\/\\\/anhuysafety.com\\\/wp-content\\\/uploads\\\/2022\\\/04\\\/novaxclass375228162.gif\",\"width\":400,\"height\":300,\"caption\":\"G\u0103ng tay c\u00e1ch \u0111i\u1ec7n\"},{\"@type\":\"BreadcrumbList\",\"@id\":\"http:\\\/\\\/anhuysafety.com\\\/en\\\/product\\\/gang-tay-cach-dien-26-5-kv-novax\\\/#breadcrumb\",\"itemListElement\":[{\"@type\":\"ListItem\",\"position\":1,\"name\":\"Trang ch\u1ee7\",\"item\":\"https:\\\/\\\/anhuysafety.com\\\/\"},{\"@type\":\"ListItem\",\"position\":2,\"name\":\"S\u1ea3n ph\u1ea9m\",\"item\":\"http:\\\/\\\/anhuysafety.com\\\/en\\\/cua-hang\"},{\"@type\":\"ListItem\",\"position\":3,\"name\":\"G\u0103ng tay c\u00e1ch \u0111i\u1ec7n 26.5 KV Novax\"}]},{\"@type\":\"WebSite\",\"@id\":\"https:\\\/\\\/anhuysafety.com\\\/#website\",\"url\":\"https:\\\/\\\/anhuysafety.com\\\/\",\"name\":\"C\u00f4ng Ty TNHH Trang Thi\u1ebft B\u1ecb K\u1ef9 Thu\u1eadt An Huy\",\"description\":\"\",\"publisher\":{\"@id\":\"https:\\\/\\\/anhuysafety.com\\\/#organization\"},\"potentialAction\":[{\"@type\":\"SearchAction\",\"target\":{\"@type\":\"EntryPoint\",\"urlTemplate\":\"https:\\\/\\\/anhuysafety.com\\\/?s={search_term_string}\"},\"query-input\":{\"@type\":\"PropertyValueSpecification\",\"valueRequired\":true,\"valueName\":\"search_term_string\"}}],\"inLanguage\":\"en-US\"},{\"@type\":\"Organization\",\"@id\":\"https:\\\/\\\/anhuysafety.com\\\/#organization\",\"name\":\"C\u00f4ng ty TNHH trang thi\u1ebft b\u1ecb k\u1ef9 thu\u1eadt An Huy\",\"url\":\"https:\\\/\\\/anhuysafety.com\\\/\",\"logo\":{\"@type\":\"ImageObject\",\"inLanguage\":\"en-US\",\"@id\":\"https:\\\/\\\/anhuysafety.com\\\/#\\\/schema\\\/logo\\\/image\\\/\",\"url\":\"https:\\\/\\\/anhuysafety.com\\\/wp-content\\\/uploads\\\/2022\\\/02\\\/cropped-cropped-cropped-LOGO_AN_HUY_SAFETY_chuan-removebg-preview-1.png\",\"contentUrl\":\"https:\\\/\\\/anhuysafety.com\\\/wp-content\\\/uploads\\\/2022\\\/02\\\/cropped-cropped-cropped-LOGO_AN_HUY_SAFETY_chuan-removebg-preview-1.png\",\"width\":357,\"height\":318,\"caption\":\"C\u00f4ng ty TNHH trang thi\u1ebft b\u1ecb k\u1ef9 thu\u1eadt An Huy\"},\"image\":{\"@id\":\"https:\\\/\\\/anhuysafety.com\\\/#\\\/schema\\\/logo\\\/image\\\/\"}}]}<\/script>\n<!-- \/ Yoast SEO plugin. -->","yoast_head_json":{"title":"G\u0103ng tay c\u00e1ch \u0111i\u1ec7n 26.5 KV Novax - C\u00f4ng Ty TNHH Trang Thi\u1ebft B\u1ecb K\u1ef9 Thu\u1eadt An Huy","description":"G\u0103ng tay c\u00e1ch \u0111i\u1ec7n 26.5 KV Novax","robots":{"index":"index","follow":"follow","max-snippet":"max-snippet:-1","max-image-preview":"max-image-preview:large","max-video-preview":"max-video-preview:-1"},"canonical":"http:\/\/anhuysafety.com\/en\/product\/gang-tay-cach-dien-26-5-kv-novax\/","og_locale":"en_US","og_type":"article","og_title":"G\u0103ng tay c\u00e1ch \u0111i\u1ec7n 26.5 KV Novax - C\u00f4ng Ty TNHH Trang Thi\u1ebft B\u1ecb K\u1ef9 Thu\u1eadt An Huy","og_description":"G\u0103ng tay c\u00e1ch \u0111i\u1ec7n 26.5 KV Novax","og_url":"http:\/\/anhuysafety.com\/en\/product\/gang-tay-cach-dien-26-5-kv-novax\/","og_site_name":"C\u00f4ng Ty TNHH Trang Thi\u1ebft B\u1ecb K\u1ef9 Thu\u1eadt An Huy","og_image":[{"width":400,"height":300,"url":"https:\/\/anhuysafety.com\/wp-content\/uploads\/2022\/04\/novaxclass375228162.gif","type":"image\/gif"}],"twitter_card":"summary_large_image","twitter_misc":{"Est. reading time":"1 minute"},"schema":{"@context":"https:\/\/schema.org","@graph":[{"@type":"WebPage","@id":"http:\/\/anhuysafety.com\/en\/product\/gang-tay-cach-dien-26-5-kv-novax\/","url":"http:\/\/anhuysafety.com\/en\/product\/gang-tay-cach-dien-26-5-kv-novax\/","name":"G\u0103ng tay c\u00e1ch \u0111i\u1ec7n 26.5 KV Novax - C\u00f4ng Ty TNHH Trang Thi\u1ebft B\u1ecb K\u1ef9 Thu\u1eadt An Huy","isPartOf":{"@id":"https:\/\/anhuysafety.com\/#website"},"primaryImageOfPage":{"@id":"http:\/\/anhuysafety.com\/en\/product\/gang-tay-cach-dien-26-5-kv-novax\/#primaryimage"},"image":{"@id":"http:\/\/anhuysafety.com\/en\/product\/gang-tay-cach-dien-26-5-kv-novax\/#primaryimage"},"thumbnailUrl":"https:\/\/anhuysafety.com\/wp-content\/uploads\/2022\/04\/novaxclass375228162.gif","datePublished":"2022-04-11T10:17:48+00:00","description":"G\u0103ng tay c\u00e1ch \u0111i\u1ec7n 26.5 KV Novax","breadcrumb":{"@id":"http:\/\/anhuysafety.com\/en\/product\/gang-tay-cach-dien-26-5-kv-novax\/#breadcrumb"},"inLanguage":"en-US","potentialAction":[{"@type":"ReadAction","target":["http:\/\/anhuysafety.com\/en\/product\/gang-tay-cach-dien-26-5-kv-novax\/"]}]},{"@type":"ImageObject","inLanguage":"en-US","@id":"http:\/\/anhuysafety.com\/en\/product\/gang-tay-cach-dien-26-5-kv-novax\/#primaryimage","url":"https:\/\/anhuysafety.com\/wp-content\/uploads\/2022\/04\/novaxclass375228162.gif","contentUrl":"https:\/\/anhuysafety.com\/wp-content\/uploads\/2022\/04\/novaxclass375228162.gif","width":400,"height":300,"caption":"G\u0103ng tay c\u00e1ch \u0111i\u1ec7n"},{"@type":"BreadcrumbList","@id":"http:\/\/anhuysafety.com\/en\/product\/gang-tay-cach-dien-26-5-kv-novax\/#breadcrumb","itemListElement":[{"@type":"ListItem","position":1,"name":"Trang ch\u1ee7","item":"https:\/\/anhuysafety.com\/"},{"@type":"ListItem","position":2,"name":"S\u1ea3n ph\u1ea9m","item":"http:\/\/anhuysafety.com\/en\/cua-hang"},{"@type":"ListItem","position":3,"name":"G\u0103ng tay c\u00e1ch \u0111i\u1ec7n 26.5 KV Novax"}]},{"@type":"WebSite","@id":"https:\/\/anhuysafety.com\/#website","url":"https:\/\/anhuysafety.com\/","name":"AN HUY TECHNICAL EQUIPMENT CO., LTD","description":"","publisher":{"@id":"https:\/\/anhuysafety.com\/#organization"},"potentialAction":[{"@type":"SearchAction","target":{"@type":"EntryPoint","urlTemplate":"https:\/\/anhuysafety.com\/?s={search_term_string}"},"query-input":{"@type":"PropertyValueSpecification","valueRequired":true,"valueName":"search_term_string"}}],"inLanguage":"en-US"},{"@type":"Organization","@id":"https:\/\/anhuysafety.com\/#organization","name":"C\u00f4ng ty TNHH trang thi\u1ebft b\u1ecb k\u1ef9 thu\u1eadt An Huy","url":"https:\/\/anhuysafety.com\/","logo":{"@type":"ImageObject","inLanguage":"en-US","@id":"https:\/\/anhuysafety.com\/#\/schema\/logo\/image\/","url":"https:\/\/anhuysafety.com\/wp-content\/uploads\/2022\/02\/cropped-cropped-cropped-LOGO_AN_HUY_SAFETY_chuan-removebg-preview-1.png","contentUrl":"https:\/\/anhuysafety.com\/wp-content\/uploads\/2022\/02\/cropped-cropped-cropped-LOGO_AN_HUY_SAFETY_chuan-removebg-preview-1.png","width":357,"height":318,"caption":"C\u00f4ng ty TNHH trang thi\u1ebft b\u1ecb k\u1ef9 thu\u1eadt An Huy"},"image":{"@id":"https:\/\/anhuysafety.com\/#\/schema\/logo\/image\/"}}]}},"_links":{"self":[{"href":"https:\/\/anhuysafety.com\/en\/wp-json\/wp\/v2\/product\/3585","targetHints":{"allow":["GET"]}}],"collection":[{"href":"https:\/\/anhuysafety.com\/en\/wp-json\/wp\/v2\/product"}],"about":[{"href":"https:\/\/anhuysafety.com\/en\/wp-json\/wp\/v2\/types\/product"}],"version-history":[{"count":2,"href":"https:\/\/anhuysafety.com\/en\/wp-json\/wp\/v2\/product\/3585\/revisions"}],"predecessor-version":[{"id":3589,"href":"https:\/\/anhuysafety.com\/en\/wp-json\/wp\/v2\/product\/3585\/revisions\/3589"}],"wp:featuredmedia":[{"embeddable":true,"href":"https:\/\/anhuysafety.com\/en\/wp-json\/wp\/v2\/media\/3586"}],"wp:attachment":[{"href":"https:\/\/anhuysafety.com\/en\/wp-json\/wp\/v2\/media?parent=3585"}],"wp:term":[{"taxonomy":"product_brand","embeddable":true,"href":"https:\/\/anhuysafety.com\/en\/wp-json\/wp\/v2\/product_brand?post=3585"},{"taxonomy":"product_cat","embeddable":true,"href":"https:\/\/anhuysafety.com\/en\/wp-json\/wp\/v2\/product_cat?post=3585"},{"taxonomy":"product_tag","embeddable":true,"href":"https:\/\/anhuysafety.com\/en\/wp-json\/wp\/v2\/product_tag?post=3585"}],"curies":[{"name":"wp","href":"https:\/\/api.w.org\/{rel}","templated":true}]}}