{"id":3593,"date":"2022-04-11T17:27:20","date_gmt":"2022-04-11T10:27:20","guid":{"rendered":"https:\/\/anhuysafety.com\/?post_type=product&#038;p=3593"},"modified":"2022-04-16T16:03:03","modified_gmt":"2022-04-16T09:03:03","slug":"gang-tay-chong-nong-my-9450k","status":"publish","type":"product","link":"https:\/\/anhuysafety.com\/en\/product\/gang-tay-chong-nong-my-9450k\/","title":{"rendered":"G\u0103ng tay ch\u1ed1ng n\u00f3ng M\u1ef9 9450K"},"content":{"rendered":"<p><strong>G\u0103ng tay ch\u1ed1ng n\u00f3ng Memphis 9450K ( G.5924)<\/strong><\/p>\n<p>G\u0103ng tay\u00a0ch\u1ed1ng nhi\u1ec7t \u0111\u1ed9 cao cho v\u1eadt c\u1ea7m \u0111\u1ebfn \u0111\u1ebfn 625 \u00b0 F ( 330\u00b0 C )<\/p>\n<p>G\u0103ng g\u1ed3m 2 l\u1edbp b\u00f4ng \u0111an m\u00f3c li\u1ec1n m\u1ea1ch, m\u1ec1m m\u1ea1i, tho\u1ea3i m\u00e1i khi s\u1eed d\u1ee5ng.<\/p>\n<p>G\u0103ng tay c\u00f3 th\u1ec3 \u0111\u1ea3o l\u1ed9n d\u00f9ng\u00a0 \u0111\u01b0\u1ee3cbc\u1ea3 2 m\u1eb7t v\u00ec v\u1eady k\u00e9o d\u00e0i th\u1eddi gian s\u1eed d\u1ee5ng.<\/p>\n<p>Trang b\u1ecb\u00a0th\u00edch h\u1ee3p cho c\u00f4ng nh\u00e2n l\u00e0m vi\u1ec7c trong l\u00f2\u00a0nhi\u1ec7t s\u1ea3n xu\u1ea5t \u0111\u1ed3 g\u1ed1m, g\u1ea1ch ng\u00f3i, l\u00f2 n\u01b0\u1edbng b\u00e1nh, l\u00f2 s\u01b0\u1edfi, gia c\u00f4ng r\u00e8n \u0111\u00fac kim lo\u1ea1i , c\u00f4ng ngh\u1ec7 ch\u1ebf t\u1ea1o m\u00e1y v.v\u2026<\/p>\n<p>Nh\u00e0 s\u1ea3n xu\u1ea5t: Memphis \u2013 M\u1ef9<\/p>","protected":false},"excerpt":{"rendered":"<p>G\u0103ng tay ch\u1ed1ng n\u00f3ng Memphis 9450K ( G.5924) G\u0103ng tay\u00a0ch\u1ed1ng nhi\u1ec7t \u0111\u1ed9 cao cho v\u1eadt c\u1ea7m \u0111\u1ebfn \u0111\u1ebfn 625 \u00b0 F ( 330\u00b0 C ) G\u0103ng g\u1ed3m 2 l\u1edbp b\u00f4ng \u0111an m\u00f3c li\u1ec1n m\u1ea1ch, m\u1ec1m m\u1ea1i, tho\u1ea3i m\u00e1i khi s\u1eed d\u1ee5ng. G\u0103ng tay c\u00f3 th\u1ec3 \u0111\u1ea3o l\u1ed9n d\u00f9ng\u00a0 \u0111\u01b0\u1ee3cbc\u1ea3 2 m\u1eb7t v\u00ec v\u1eady k\u00e9o d\u00e0i [&hellip;]<\/p>\n","protected":false},"featured_media":3594,"template":"","meta":{"site-sidebar-layout":"default","site-content-layout":"default","ast-site-content-layout":"default","site-content-style":"default","site-sidebar-style":"default","ast-global-header-display":"","ast-banner-title-visibility":"","ast-main-header-display":"","ast-hfb-above-header-display":"","ast-hfb-below-header-display":"","ast-hfb-mobile-header-display":"","site-post-title":"","ast-breadcrumbs-content":"","ast-featured-img":"","footer-sml-layout":"","ast-disable-related-posts":"","theme-transparent-header-meta":"","adv-header-id-meta":"","stick-header-meta":"","header-above-stick-meta":"","header-main-stick-meta":"","header-below-stick-meta":"","astra-migrate-meta-layouts":"default","ast-page-background-enabled":"default","ast-page-background-meta":{"desktop":{"background-color":"","background-image":"","background-repeat":"repeat","background-position":"center center","background-size":"auto","background-attachment":"scroll","background-type":"","background-media":"","overlay-type":"","overlay-color":"","overlay-opacity":"","overlay-gradient":""},"tablet":{"background-color":"","background-image":"","background-repeat":"repeat","background-position":"center center","background-size":"auto","background-attachment":"scroll","background-type":"","background-media":"","overlay-type":"","overlay-color":"","overlay-opacity":"","overlay-gradient":""},"mobile":{"background-color":"","background-image":"","background-repeat":"repeat","background-position":"center center","background-size":"auto","background-attachment":"scroll","background-type":"","background-media":"","overlay-type":"","overlay-color":"","overlay-opacity":"","overlay-gradient":""}},"ast-content-background-meta":{"desktop":{"background-color":"var(--ast-global-color-5)","background-image":"","background-repeat":"repeat","background-position":"center center","background-size":"auto","background-attachment":"scroll","background-type":"","background-media":"","overlay-type":"","overlay-color":"","overlay-opacity":"","overlay-gradient":""},"tablet":{"background-color":"var(--ast-global-color-5)","background-image":"","background-repeat":"repeat","background-position":"center center","background-size":"auto","background-attachment":"scroll","background-type":"","background-media":"","overlay-type":"","overlay-color":"","overlay-opacity":"","overlay-gradient":""},"mobile":{"background-color":"var(--ast-global-color-5)","background-image":"","background-repeat":"repeat","background-position":"center center","background-size":"auto","background-attachment":"scroll","background-type":"","background-media":"","overlay-type":"","overlay-color":"","overlay-opacity":"","overlay-gradient":""}}},"product_brand":[],"product_cat":[137,67,83],"product_tag":[],"class_list":{"0":"post-3593","1":"product","2":"type-product","3":"status-publish","4":"has-post-thumbnail","6":"product_cat-gang-tay-chong-nong-lua","7":"product_cat-bao-ve-ca-nhan","8":"product_cat-bao-ve-tay-va-canh-tay","9":"desktop-align-left","10":"tablet-align-left","11":"mobile-align-left","13":"first","14":"instock","15":"shipping-taxable","16":"product-type-simple"},"yoast_head":"<!-- This site is optimized with the Yoast SEO plugin v27.4 - https:\/\/yoast.com\/product\/yoast-seo-wordpress\/ -->\n<title>G\u0103ng tay ch\u1ed1ng n\u00f3ng M\u1ef9 9450K - C\u00f4ng Ty TNHH Trang Thi\u1ebft B\u1ecb K\u1ef9 Thu\u1eadt An Huy<\/title>\n<meta name=\"description\" content=\"G\u0103ng tay ch\u1ed1ng n\u00f3ng M\u1ef9 9450K trang b\u1ecb th\u00edch h\u1ee3p cho c\u00f4ng nh\u00e2n l\u00e0m vi\u1ec7c trong l\u00f2 nhi\u1ec7t s\u1ea3n xu\u1ea5t \u0111\u1ed3 g\u1ed1m, g\u1ea1ch ng\u00f3i, l\u00f2 n\u01b0\u1edbng b\u00e1nh, l\u00f2 s\u01b0\u1edfi, gia c\u00f4ng r\u00e8n \u0111\u00fac kim lo\u1ea1i , c\u00f4ng ngh\u1ec7 ch\u1ebf t\u1ea1o m\u00e1y v.v\u2026\" \/>\n<meta name=\"robots\" content=\"index, follow, max-snippet:-1, max-image-preview:large, max-video-preview:-1\" \/>\n<link rel=\"canonical\" href=\"http:\/\/anhuysafety.com\/en\/product\/gang-tay-chong-nong-my-9450k\/\" \/>\n<meta property=\"og:locale\" content=\"en_US\" \/>\n<meta property=\"og:type\" content=\"article\" \/>\n<meta property=\"og:title\" content=\"G\u0103ng tay ch\u1ed1ng n\u00f3ng M\u1ef9 9450K - C\u00f4ng Ty TNHH Trang Thi\u1ebft B\u1ecb K\u1ef9 Thu\u1eadt An Huy\" \/>\n<meta property=\"og:description\" content=\"G\u0103ng tay ch\u1ed1ng n\u00f3ng M\u1ef9 9450K trang b\u1ecb th\u00edch h\u1ee3p cho c\u00f4ng nh\u00e2n l\u00e0m vi\u1ec7c trong l\u00f2 nhi\u1ec7t s\u1ea3n xu\u1ea5t \u0111\u1ed3 g\u1ed1m, g\u1ea1ch ng\u00f3i, l\u00f2 n\u01b0\u1edbng b\u00e1nh, l\u00f2 s\u01b0\u1edfi, gia c\u00f4ng r\u00e8n \u0111\u00fac kim lo\u1ea1i , c\u00f4ng ngh\u1ec7 ch\u1ebf t\u1ea1o m\u00e1y v.v\u2026\" \/>\n<meta property=\"og:url\" content=\"http:\/\/anhuysafety.com\/en\/product\/gang-tay-chong-nong-my-9450k\/\" \/>\n<meta property=\"og:site_name\" content=\"C\u00f4ng Ty TNHH Trang Thi\u1ebft B\u1ecb K\u1ef9 Thu\u1eadt An Huy\" \/>\n<meta property=\"article:modified_time\" content=\"2022-04-16T09:03:03+00:00\" \/>\n<meta property=\"og:image\" content=\"https:\/\/anhuysafety.com\/wp-content\/uploads\/2022\/04\/index.jpg\" \/>\n\t<meta property=\"og:image:width\" content=\"225\" \/>\n\t<meta property=\"og:image:height\" content=\"225\" \/>\n\t<meta property=\"og:image:type\" content=\"image\/jpeg\" \/>\n<meta name=\"twitter:card\" content=\"summary_large_image\" \/>\n<meta name=\"twitter:label1\" content=\"Est. reading time\" \/>\n\t<meta name=\"twitter:data1\" content=\"1 minute\" \/>\n<script type=\"application\/ld+json\" class=\"yoast-schema-graph\">{\"@context\":\"https:\\\/\\\/schema.org\",\"@graph\":[{\"@type\":\"WebPage\",\"@id\":\"http:\\\/\\\/anhuysafety.com\\\/en\\\/product\\\/gang-tay-chong-nong-my-9450k\\\/\",\"url\":\"http:\\\/\\\/anhuysafety.com\\\/en\\\/product\\\/gang-tay-chong-nong-my-9450k\\\/\",\"name\":\"G\u0103ng tay ch\u1ed1ng n\u00f3ng M\u1ef9 9450K - C\u00f4ng Ty TNHH Trang Thi\u1ebft B\u1ecb K\u1ef9 Thu\u1eadt An Huy\",\"isPartOf\":{\"@id\":\"https:\\\/\\\/anhuysafety.com\\\/#website\"},\"primaryImageOfPage\":{\"@id\":\"http:\\\/\\\/anhuysafety.com\\\/en\\\/product\\\/gang-tay-chong-nong-my-9450k\\\/#primaryimage\"},\"image\":{\"@id\":\"http:\\\/\\\/anhuysafety.com\\\/en\\\/product\\\/gang-tay-chong-nong-my-9450k\\\/#primaryimage\"},\"thumbnailUrl\":\"https:\\\/\\\/anhuysafety.com\\\/wp-content\\\/uploads\\\/2022\\\/04\\\/index.jpg\",\"datePublished\":\"2022-04-11T10:27:20+00:00\",\"dateModified\":\"2022-04-16T09:03:03+00:00\",\"description\":\"G\u0103ng tay ch\u1ed1ng n\u00f3ng M\u1ef9 9450K trang b\u1ecb th\u00edch h\u1ee3p cho c\u00f4ng nh\u00e2n l\u00e0m vi\u1ec7c trong l\u00f2 nhi\u1ec7t s\u1ea3n xu\u1ea5t \u0111\u1ed3 g\u1ed1m, g\u1ea1ch ng\u00f3i, l\u00f2 n\u01b0\u1edbng b\u00e1nh, l\u00f2 s\u01b0\u1edfi, gia c\u00f4ng r\u00e8n \u0111\u00fac kim lo\u1ea1i , c\u00f4ng ngh\u1ec7 ch\u1ebf t\u1ea1o m\u00e1y v.v\u2026\",\"breadcrumb\":{\"@id\":\"http:\\\/\\\/anhuysafety.com\\\/en\\\/product\\\/gang-tay-chong-nong-my-9450k\\\/#breadcrumb\"},\"inLanguage\":\"en-US\",\"potentialAction\":[{\"@type\":\"ReadAction\",\"target\":[\"http:\\\/\\\/anhuysafety.com\\\/en\\\/product\\\/gang-tay-chong-nong-my-9450k\\\/\"]}]},{\"@type\":\"ImageObject\",\"inLanguage\":\"en-US\",\"@id\":\"http:\\\/\\\/anhuysafety.com\\\/en\\\/product\\\/gang-tay-chong-nong-my-9450k\\\/#primaryimage\",\"url\":\"https:\\\/\\\/anhuysafety.com\\\/wp-content\\\/uploads\\\/2022\\\/04\\\/index.jpg\",\"contentUrl\":\"https:\\\/\\\/anhuysafety.com\\\/wp-content\\\/uploads\\\/2022\\\/04\\\/index.jpg\",\"width\":225,\"height\":225,\"caption\":\"G\u0103ng tay ch\u1ed1ng n\u00f3ng\"},{\"@type\":\"BreadcrumbList\",\"@id\":\"http:\\\/\\\/anhuysafety.com\\\/en\\\/product\\\/gang-tay-chong-nong-my-9450k\\\/#breadcrumb\",\"itemListElement\":[{\"@type\":\"ListItem\",\"position\":1,\"name\":\"Trang ch\u1ee7\",\"item\":\"https:\\\/\\\/anhuysafety.com\\\/\"},{\"@type\":\"ListItem\",\"position\":2,\"name\":\"S\u1ea3n ph\u1ea9m\",\"item\":\"http:\\\/\\\/anhuysafety.com\\\/en\\\/cua-hang\"},{\"@type\":\"ListItem\",\"position\":3,\"name\":\"G\u0103ng tay ch\u1ed1ng n\u00f3ng M\u1ef9 9450K\"}]},{\"@type\":\"WebSite\",\"@id\":\"https:\\\/\\\/anhuysafety.com\\\/#website\",\"url\":\"https:\\\/\\\/anhuysafety.com\\\/\",\"name\":\"C\u00f4ng Ty TNHH Trang Thi\u1ebft B\u1ecb K\u1ef9 Thu\u1eadt An Huy\",\"description\":\"\",\"publisher\":{\"@id\":\"https:\\\/\\\/anhuysafety.com\\\/#organization\"},\"potentialAction\":[{\"@type\":\"SearchAction\",\"target\":{\"@type\":\"EntryPoint\",\"urlTemplate\":\"https:\\\/\\\/anhuysafety.com\\\/?s={search_term_string}\"},\"query-input\":{\"@type\":\"PropertyValueSpecification\",\"valueRequired\":true,\"valueName\":\"search_term_string\"}}],\"inLanguage\":\"en-US\"},{\"@type\":\"Organization\",\"@id\":\"https:\\\/\\\/anhuysafety.com\\\/#organization\",\"name\":\"C\u00f4ng ty TNHH trang thi\u1ebft b\u1ecb k\u1ef9 thu\u1eadt An Huy\",\"url\":\"https:\\\/\\\/anhuysafety.com\\\/\",\"logo\":{\"@type\":\"ImageObject\",\"inLanguage\":\"en-US\",\"@id\":\"https:\\\/\\\/anhuysafety.com\\\/#\\\/schema\\\/logo\\\/image\\\/\",\"url\":\"https:\\\/\\\/anhuysafety.com\\\/wp-content\\\/uploads\\\/2022\\\/02\\\/cropped-cropped-cropped-LOGO_AN_HUY_SAFETY_chuan-removebg-preview-1.png\",\"contentUrl\":\"https:\\\/\\\/anhuysafety.com\\\/wp-content\\\/uploads\\\/2022\\\/02\\\/cropped-cropped-cropped-LOGO_AN_HUY_SAFETY_chuan-removebg-preview-1.png\",\"width\":357,\"height\":318,\"caption\":\"C\u00f4ng ty TNHH trang thi\u1ebft b\u1ecb k\u1ef9 thu\u1eadt An Huy\"},\"image\":{\"@id\":\"https:\\\/\\\/anhuysafety.com\\\/#\\\/schema\\\/logo\\\/image\\\/\"}}]}<\/script>\n<!-- \/ Yoast SEO plugin. -->","yoast_head_json":{"title":"G\u0103ng tay ch\u1ed1ng n\u00f3ng M\u1ef9 9450K - C\u00f4ng Ty TNHH Trang Thi\u1ebft B\u1ecb K\u1ef9 Thu\u1eadt An Huy","description":"G\u0103ng tay ch\u1ed1ng n\u00f3ng M\u1ef9 9450K trang b\u1ecb th\u00edch h\u1ee3p cho c\u00f4ng nh\u00e2n l\u00e0m vi\u1ec7c trong l\u00f2 nhi\u1ec7t s\u1ea3n xu\u1ea5t \u0111\u1ed3 g\u1ed1m, g\u1ea1ch ng\u00f3i, l\u00f2 n\u01b0\u1edbng b\u00e1nh, l\u00f2 s\u01b0\u1edfi, gia c\u00f4ng r\u00e8n \u0111\u00fac kim lo\u1ea1i , c\u00f4ng ngh\u1ec7 ch\u1ebf t\u1ea1o m\u00e1y v.v\u2026","robots":{"index":"index","follow":"follow","max-snippet":"max-snippet:-1","max-image-preview":"max-image-preview:large","max-video-preview":"max-video-preview:-1"},"canonical":"http:\/\/anhuysafety.com\/en\/product\/gang-tay-chong-nong-my-9450k\/","og_locale":"en_US","og_type":"article","og_title":"G\u0103ng tay ch\u1ed1ng n\u00f3ng M\u1ef9 9450K - C\u00f4ng Ty TNHH Trang Thi\u1ebft B\u1ecb K\u1ef9 Thu\u1eadt An Huy","og_description":"G\u0103ng tay ch\u1ed1ng n\u00f3ng M\u1ef9 9450K trang b\u1ecb th\u00edch h\u1ee3p cho c\u00f4ng nh\u00e2n l\u00e0m vi\u1ec7c trong l\u00f2 nhi\u1ec7t s\u1ea3n xu\u1ea5t \u0111\u1ed3 g\u1ed1m, g\u1ea1ch ng\u00f3i, l\u00f2 n\u01b0\u1edbng b\u00e1nh, l\u00f2 s\u01b0\u1edfi, gia c\u00f4ng r\u00e8n \u0111\u00fac kim lo\u1ea1i , c\u00f4ng ngh\u1ec7 ch\u1ebf t\u1ea1o m\u00e1y v.v\u2026","og_url":"http:\/\/anhuysafety.com\/en\/product\/gang-tay-chong-nong-my-9450k\/","og_site_name":"C\u00f4ng Ty TNHH Trang Thi\u1ebft B\u1ecb K\u1ef9 Thu\u1eadt An Huy","article_modified_time":"2022-04-16T09:03:03+00:00","og_image":[{"width":225,"height":225,"url":"https:\/\/anhuysafety.com\/wp-content\/uploads\/2022\/04\/index.jpg","type":"image\/jpeg"}],"twitter_card":"summary_large_image","twitter_misc":{"Est. reading time":"1 minute"},"schema":{"@context":"https:\/\/schema.org","@graph":[{"@type":"WebPage","@id":"http:\/\/anhuysafety.com\/en\/product\/gang-tay-chong-nong-my-9450k\/","url":"http:\/\/anhuysafety.com\/en\/product\/gang-tay-chong-nong-my-9450k\/","name":"G\u0103ng tay ch\u1ed1ng n\u00f3ng M\u1ef9 9450K - C\u00f4ng Ty TNHH Trang Thi\u1ebft B\u1ecb K\u1ef9 Thu\u1eadt An Huy","isPartOf":{"@id":"https:\/\/anhuysafety.com\/#website"},"primaryImageOfPage":{"@id":"http:\/\/anhuysafety.com\/en\/product\/gang-tay-chong-nong-my-9450k\/#primaryimage"},"image":{"@id":"http:\/\/anhuysafety.com\/en\/product\/gang-tay-chong-nong-my-9450k\/#primaryimage"},"thumbnailUrl":"https:\/\/anhuysafety.com\/wp-content\/uploads\/2022\/04\/index.jpg","datePublished":"2022-04-11T10:27:20+00:00","dateModified":"2022-04-16T09:03:03+00:00","description":"G\u0103ng tay ch\u1ed1ng n\u00f3ng M\u1ef9 9450K trang b\u1ecb th\u00edch h\u1ee3p cho c\u00f4ng nh\u00e2n l\u00e0m vi\u1ec7c trong l\u00f2 nhi\u1ec7t s\u1ea3n xu\u1ea5t \u0111\u1ed3 g\u1ed1m, g\u1ea1ch ng\u00f3i, l\u00f2 n\u01b0\u1edbng b\u00e1nh, l\u00f2 s\u01b0\u1edfi, gia c\u00f4ng r\u00e8n \u0111\u00fac kim lo\u1ea1i , c\u00f4ng ngh\u1ec7 ch\u1ebf t\u1ea1o m\u00e1y v.v\u2026","breadcrumb":{"@id":"http:\/\/anhuysafety.com\/en\/product\/gang-tay-chong-nong-my-9450k\/#breadcrumb"},"inLanguage":"en-US","potentialAction":[{"@type":"ReadAction","target":["http:\/\/anhuysafety.com\/en\/product\/gang-tay-chong-nong-my-9450k\/"]}]},{"@type":"ImageObject","inLanguage":"en-US","@id":"http:\/\/anhuysafety.com\/en\/product\/gang-tay-chong-nong-my-9450k\/#primaryimage","url":"https:\/\/anhuysafety.com\/wp-content\/uploads\/2022\/04\/index.jpg","contentUrl":"https:\/\/anhuysafety.com\/wp-content\/uploads\/2022\/04\/index.jpg","width":225,"height":225,"caption":"G\u0103ng tay ch\u1ed1ng n\u00f3ng"},{"@type":"BreadcrumbList","@id":"http:\/\/anhuysafety.com\/en\/product\/gang-tay-chong-nong-my-9450k\/#breadcrumb","itemListElement":[{"@type":"ListItem","position":1,"name":"Trang ch\u1ee7","item":"https:\/\/anhuysafety.com\/"},{"@type":"ListItem","position":2,"name":"S\u1ea3n ph\u1ea9m","item":"http:\/\/anhuysafety.com\/en\/cua-hang"},{"@type":"ListItem","position":3,"name":"G\u0103ng tay ch\u1ed1ng n\u00f3ng M\u1ef9 9450K"}]},{"@type":"WebSite","@id":"https:\/\/anhuysafety.com\/#website","url":"https:\/\/anhuysafety.com\/","name":"AN HUY TECHNICAL EQUIPMENT CO., LTD","description":"","publisher":{"@id":"https:\/\/anhuysafety.com\/#organization"},"potentialAction":[{"@type":"SearchAction","target":{"@type":"EntryPoint","urlTemplate":"https:\/\/anhuysafety.com\/?s={search_term_string}"},"query-input":{"@type":"PropertyValueSpecification","valueRequired":true,"valueName":"search_term_string"}}],"inLanguage":"en-US"},{"@type":"Organization","@id":"https:\/\/anhuysafety.com\/#organization","name":"C\u00f4ng ty TNHH trang thi\u1ebft b\u1ecb k\u1ef9 thu\u1eadt An Huy","url":"https:\/\/anhuysafety.com\/","logo":{"@type":"ImageObject","inLanguage":"en-US","@id":"https:\/\/anhuysafety.com\/#\/schema\/logo\/image\/","url":"https:\/\/anhuysafety.com\/wp-content\/uploads\/2022\/02\/cropped-cropped-cropped-LOGO_AN_HUY_SAFETY_chuan-removebg-preview-1.png","contentUrl":"https:\/\/anhuysafety.com\/wp-content\/uploads\/2022\/02\/cropped-cropped-cropped-LOGO_AN_HUY_SAFETY_chuan-removebg-preview-1.png","width":357,"height":318,"caption":"C\u00f4ng ty TNHH trang thi\u1ebft b\u1ecb k\u1ef9 thu\u1eadt An Huy"},"image":{"@id":"https:\/\/anhuysafety.com\/#\/schema\/logo\/image\/"}}]}},"_links":{"self":[{"href":"https:\/\/anhuysafety.com\/en\/wp-json\/wp\/v2\/product\/3593","targetHints":{"allow":["GET"]}}],"collection":[{"href":"https:\/\/anhuysafety.com\/en\/wp-json\/wp\/v2\/product"}],"about":[{"href":"https:\/\/anhuysafety.com\/en\/wp-json\/wp\/v2\/types\/product"}],"version-history":[{"count":2,"href":"https:\/\/anhuysafety.com\/en\/wp-json\/wp\/v2\/product\/3593\/revisions"}],"predecessor-version":[{"id":3596,"href":"https:\/\/anhuysafety.com\/en\/wp-json\/wp\/v2\/product\/3593\/revisions\/3596"}],"wp:featuredmedia":[{"embeddable":true,"href":"https:\/\/anhuysafety.com\/en\/wp-json\/wp\/v2\/media\/3594"}],"wp:attachment":[{"href":"https:\/\/anhuysafety.com\/en\/wp-json\/wp\/v2\/media?parent=3593"}],"wp:term":[{"taxonomy":"product_brand","embeddable":true,"href":"https:\/\/anhuysafety.com\/en\/wp-json\/wp\/v2\/product_brand?post=3593"},{"taxonomy":"product_cat","embeddable":true,"href":"https:\/\/anhuysafety.com\/en\/wp-json\/wp\/v2\/product_cat?post=3593"},{"taxonomy":"product_tag","embeddable":true,"href":"https:\/\/anhuysafety.com\/en\/wp-json\/wp\/v2\/product_tag?post=3593"}],"curies":[{"name":"wp","href":"https:\/\/api.w.org\/{rel}","templated":true}]}}