{"id":3597,"date":"2022-04-11T17:30:08","date_gmt":"2022-04-11T10:30:08","guid":{"rendered":"https:\/\/anhuysafety.com\/?post_type=product&#038;p=3597"},"modified":"2022-04-16T16:03:02","modified_gmt":"2022-04-16T09:03:02","slug":"gang-tay-chong-nong-9462k","status":"publish","type":"product","link":"https:\/\/anhuysafety.com\/en\/product\/gang-tay-chong-nong-9462k\/","title":{"rendered":"G\u0103ng tay ch\u1ed1ng n\u00f3ng 9462K"},"content":{"rendered":"<p><strong>G\u0103ng tay ch\u1ed1ng n\u00f3ng Memphis 9462K<\/strong><\/p>\n<p>G\u0103ng tay ch\u1ed1ng n\u00f3ng\u00a0\u0111\u1ebfn tr\u00ean\u00a0\u00a0315\u00a0<sup>0<\/sup>\u00a0C\u00a0 ( 600\u00a0<sup>0<\/sup>\u00a0F),<\/p>\n<p>S\u1ea3n ph\u1ea9m\u00a0l\u00e0m t\u1eeb s\u1ee3i Terry g\u1ed3m\u00a02 l\u1edbp, li\u1ec1n m\u1ea1ch kh\u00f4ng n\u1ed1i ,<\/p>\n<p>C\u1ea3 2 m\u1eb7t\u00a0 c\u1ee7a m\u1ed7i chi\u1ebfc g\u0103ng c\u00f3 g\u1eafn h\u1ea1t\u00a0 ch\u1ecbu nhi\u1ec7t, ch\u1ed1ng tr\u01a1n nitrile m\u00e0u \u0111\u1ecf.<\/p>\n<p>K\u1ebft c\u1ea5u v\u1ea3i d\u1ec7t t\u1ea1o cho g\u0103ng c\u00f3 \u0111\u00e2c t\u00ednh b\u1ec1n khi c\u00f3\u00a0t\u00e1c \u0111\u1ed9ng v\u1eadt l\u00fd\u00a0 n\u1ea1nh nh\u01b0 ch\u00e0 x\u00e1t, xo\u1eafn v\u00e0 k\u00e9o<\/p>\n<p>Tr\u1ecdng l\u01b0\u1ee3ng: 3.41 kg\/ t\u00e1 ( 0.284 kg\/ \u0111\u00f4i )<\/p>\n<p>Xu\u1ea5t x\u1ee9 : \u00a0Memphis \/ M\u1ef9 ,\u00a0 c\u01a1 s\u1edf s\u1ea3n xu\u1ea5t t\u1ea1i \u00a0Pakistan<\/p>","protected":false},"excerpt":{"rendered":"<p>G\u0103ng tay ch\u1ed1ng n\u00f3ng Memphis 9462K G\u0103ng tay ch\u1ed1ng n\u00f3ng\u00a0\u0111\u1ebfn tr\u00ean\u00a0\u00a0315\u00a00\u00a0C\u00a0 ( 600\u00a00\u00a0F), S\u1ea3n ph\u1ea9m\u00a0l\u00e0m t\u1eeb s\u1ee3i Terry g\u1ed3m\u00a02 l\u1edbp, li\u1ec1n m\u1ea1ch kh\u00f4ng n\u1ed1i , C\u1ea3 2 m\u1eb7t\u00a0 c\u1ee7a m\u1ed7i chi\u1ebfc g\u0103ng c\u00f3 g\u1eafn h\u1ea1t\u00a0 ch\u1ecbu nhi\u1ec7t, ch\u1ed1ng tr\u01a1n nitrile m\u00e0u \u0111\u1ecf. K\u1ebft c\u1ea5u v\u1ea3i d\u1ec7t t\u1ea1o cho g\u0103ng c\u00f3 \u0111\u00e2c t\u00ednh b\u1ec1n khi c\u00f3\u00a0t\u00e1c [&hellip;]<\/p>\n","protected":false},"featured_media":3598,"template":"","meta":{"site-sidebar-layout":"default","site-content-layout":"default","ast-site-content-layout":"default","site-content-style":"default","site-sidebar-style":"default","ast-global-header-display":"","ast-banner-title-visibility":"","ast-main-header-display":"","ast-hfb-above-header-display":"","ast-hfb-below-header-display":"","ast-hfb-mobile-header-display":"","site-post-title":"","ast-breadcrumbs-content":"","ast-featured-img":"","footer-sml-layout":"","ast-disable-related-posts":"","theme-transparent-header-meta":"","adv-header-id-meta":"","stick-header-meta":"","header-above-stick-meta":"","header-main-stick-meta":"","header-below-stick-meta":"","astra-migrate-meta-layouts":"default","ast-page-background-enabled":"default","ast-page-background-meta":{"desktop":{"background-color":"","background-image":"","background-repeat":"repeat","background-position":"center center","background-size":"auto","background-attachment":"scroll","background-type":"","background-media":"","overlay-type":"","overlay-color":"","overlay-opacity":"","overlay-gradient":""},"tablet":{"background-color":"","background-image":"","background-repeat":"repeat","background-position":"center center","background-size":"auto","background-attachment":"scroll","background-type":"","background-media":"","overlay-type":"","overlay-color":"","overlay-opacity":"","overlay-gradient":""},"mobile":{"background-color":"","background-image":"","background-repeat":"repeat","background-position":"center center","background-size":"auto","background-attachment":"scroll","background-type":"","background-media":"","overlay-type":"","overlay-color":"","overlay-opacity":"","overlay-gradient":""}},"ast-content-background-meta":{"desktop":{"background-color":"var(--ast-global-color-5)","background-image":"","background-repeat":"repeat","background-position":"center center","background-size":"auto","background-attachment":"scroll","background-type":"","background-media":"","overlay-type":"","overlay-color":"","overlay-opacity":"","overlay-gradient":""},"tablet":{"background-color":"var(--ast-global-color-5)","background-image":"","background-repeat":"repeat","background-position":"center center","background-size":"auto","background-attachment":"scroll","background-type":"","background-media":"","overlay-type":"","overlay-color":"","overlay-opacity":"","overlay-gradient":""},"mobile":{"background-color":"var(--ast-global-color-5)","background-image":"","background-repeat":"repeat","background-position":"center center","background-size":"auto","background-attachment":"scroll","background-type":"","background-media":"","overlay-type":"","overlay-color":"","overlay-opacity":"","overlay-gradient":""}}},"product_brand":[],"product_cat":[137,67,83],"product_tag":[],"class_list":{"0":"post-3597","1":"product","2":"type-product","3":"status-publish","4":"has-post-thumbnail","6":"product_cat-gang-tay-chong-nong-lua","7":"product_cat-bao-ve-ca-nhan","8":"product_cat-bao-ve-tay-va-canh-tay","9":"desktop-align-left","10":"tablet-align-left","11":"mobile-align-left","13":"first","14":"instock","15":"shipping-taxable","16":"product-type-simple"},"yoast_head":"<!-- This site is optimized with the Yoast SEO plugin v27.4 - https:\/\/yoast.com\/product\/yoast-seo-wordpress\/ -->\n<title>G\u0103ng tay ch\u1ed1ng n\u00f3ng 9462K - C\u00f4ng Ty TNHH Trang Thi\u1ebft B\u1ecb K\u1ef9 Thu\u1eadt An Huy<\/title>\n<meta name=\"description\" content=\"G\u0103ng tay ch\u1ed1ng n\u00f3ng 9462K ch\u1ed1ng n\u00f3ng \u0111\u1ebfn tr\u00ean 315 0 C ( 600 0 F).\" \/>\n<meta name=\"robots\" content=\"index, follow, max-snippet:-1, max-image-preview:large, max-video-preview:-1\" \/>\n<link rel=\"canonical\" href=\"http:\/\/anhuysafety.com\/en\/product\/gang-tay-chong-nong-9462k\/\" \/>\n<meta property=\"og:locale\" content=\"en_US\" \/>\n<meta property=\"og:type\" content=\"article\" \/>\n<meta property=\"og:title\" content=\"G\u0103ng tay ch\u1ed1ng n\u00f3ng 9462K - C\u00f4ng Ty TNHH Trang Thi\u1ebft B\u1ecb K\u1ef9 Thu\u1eadt An Huy\" \/>\n<meta property=\"og:description\" content=\"G\u0103ng tay ch\u1ed1ng n\u00f3ng 9462K ch\u1ed1ng n\u00f3ng \u0111\u1ebfn tr\u00ean 315 0 C ( 600 0 F).\" \/>\n<meta property=\"og:url\" content=\"http:\/\/anhuysafety.com\/en\/product\/gang-tay-chong-nong-9462k\/\" \/>\n<meta property=\"og:site_name\" content=\"C\u00f4ng Ty TNHH Trang Thi\u1ebft B\u1ecb K\u1ef9 Thu\u1eadt An Huy\" \/>\n<meta property=\"article:modified_time\" content=\"2022-04-16T09:03:02+00:00\" \/>\n<meta property=\"og:image\" content=\"https:\/\/anhuysafety.com\/wp-content\/uploads\/2022\/04\/9462k13428375.gif\" \/>\n\t<meta property=\"og:image:width\" content=\"500\" \/>\n\t<meta property=\"og:image:height\" content=\"375\" \/>\n\t<meta property=\"og:image:type\" content=\"image\/gif\" \/>\n<meta name=\"twitter:card\" content=\"summary_large_image\" \/>\n<meta name=\"twitter:label1\" content=\"Est. reading time\" \/>\n\t<meta name=\"twitter:data1\" content=\"1 minute\" \/>\n<script type=\"application\/ld+json\" class=\"yoast-schema-graph\">{\"@context\":\"https:\\\/\\\/schema.org\",\"@graph\":[{\"@type\":\"WebPage\",\"@id\":\"http:\\\/\\\/anhuysafety.com\\\/en\\\/product\\\/gang-tay-chong-nong-9462k\\\/\",\"url\":\"http:\\\/\\\/anhuysafety.com\\\/en\\\/product\\\/gang-tay-chong-nong-9462k\\\/\",\"name\":\"G\u0103ng tay ch\u1ed1ng n\u00f3ng 9462K - C\u00f4ng Ty TNHH Trang Thi\u1ebft B\u1ecb K\u1ef9 Thu\u1eadt An Huy\",\"isPartOf\":{\"@id\":\"https:\\\/\\\/anhuysafety.com\\\/#website\"},\"primaryImageOfPage\":{\"@id\":\"http:\\\/\\\/anhuysafety.com\\\/en\\\/product\\\/gang-tay-chong-nong-9462k\\\/#primaryimage\"},\"image\":{\"@id\":\"http:\\\/\\\/anhuysafety.com\\\/en\\\/product\\\/gang-tay-chong-nong-9462k\\\/#primaryimage\"},\"thumbnailUrl\":\"https:\\\/\\\/anhuysafety.com\\\/wp-content\\\/uploads\\\/2022\\\/04\\\/9462k13428375.gif\",\"datePublished\":\"2022-04-11T10:30:08+00:00\",\"dateModified\":\"2022-04-16T09:03:02+00:00\",\"description\":\"G\u0103ng tay ch\u1ed1ng n\u00f3ng 9462K ch\u1ed1ng n\u00f3ng \u0111\u1ebfn tr\u00ean 315 0 C ( 600 0 F).\",\"breadcrumb\":{\"@id\":\"http:\\\/\\\/anhuysafety.com\\\/en\\\/product\\\/gang-tay-chong-nong-9462k\\\/#breadcrumb\"},\"inLanguage\":\"en-US\",\"potentialAction\":[{\"@type\":\"ReadAction\",\"target\":[\"http:\\\/\\\/anhuysafety.com\\\/en\\\/product\\\/gang-tay-chong-nong-9462k\\\/\"]}]},{\"@type\":\"ImageObject\",\"inLanguage\":\"en-US\",\"@id\":\"http:\\\/\\\/anhuysafety.com\\\/en\\\/product\\\/gang-tay-chong-nong-9462k\\\/#primaryimage\",\"url\":\"https:\\\/\\\/anhuysafety.com\\\/wp-content\\\/uploads\\\/2022\\\/04\\\/9462k13428375.gif\",\"contentUrl\":\"https:\\\/\\\/anhuysafety.com\\\/wp-content\\\/uploads\\\/2022\\\/04\\\/9462k13428375.gif\",\"width\":500,\"height\":375,\"caption\":\"G\u0103ng tay ch\u1ed1ng n\u00f3ng\"},{\"@type\":\"BreadcrumbList\",\"@id\":\"http:\\\/\\\/anhuysafety.com\\\/en\\\/product\\\/gang-tay-chong-nong-9462k\\\/#breadcrumb\",\"itemListElement\":[{\"@type\":\"ListItem\",\"position\":1,\"name\":\"Trang ch\u1ee7\",\"item\":\"https:\\\/\\\/anhuysafety.com\\\/\"},{\"@type\":\"ListItem\",\"position\":2,\"name\":\"S\u1ea3n ph\u1ea9m\",\"item\":\"http:\\\/\\\/anhuysafety.com\\\/en\\\/cua-hang\"},{\"@type\":\"ListItem\",\"position\":3,\"name\":\"G\u0103ng tay ch\u1ed1ng n\u00f3ng 9462K\"}]},{\"@type\":\"WebSite\",\"@id\":\"https:\\\/\\\/anhuysafety.com\\\/#website\",\"url\":\"https:\\\/\\\/anhuysafety.com\\\/\",\"name\":\"C\u00f4ng Ty TNHH Trang Thi\u1ebft B\u1ecb K\u1ef9 Thu\u1eadt An Huy\",\"description\":\"\",\"publisher\":{\"@id\":\"https:\\\/\\\/anhuysafety.com\\\/#organization\"},\"potentialAction\":[{\"@type\":\"SearchAction\",\"target\":{\"@type\":\"EntryPoint\",\"urlTemplate\":\"https:\\\/\\\/anhuysafety.com\\\/?s={search_term_string}\"},\"query-input\":{\"@type\":\"PropertyValueSpecification\",\"valueRequired\":true,\"valueName\":\"search_term_string\"}}],\"inLanguage\":\"en-US\"},{\"@type\":\"Organization\",\"@id\":\"https:\\\/\\\/anhuysafety.com\\\/#organization\",\"name\":\"C\u00f4ng ty TNHH trang thi\u1ebft b\u1ecb k\u1ef9 thu\u1eadt An Huy\",\"url\":\"https:\\\/\\\/anhuysafety.com\\\/\",\"logo\":{\"@type\":\"ImageObject\",\"inLanguage\":\"en-US\",\"@id\":\"https:\\\/\\\/anhuysafety.com\\\/#\\\/schema\\\/logo\\\/image\\\/\",\"url\":\"https:\\\/\\\/anhuysafety.com\\\/wp-content\\\/uploads\\\/2022\\\/02\\\/cropped-cropped-cropped-LOGO_AN_HUY_SAFETY_chuan-removebg-preview-1.png\",\"contentUrl\":\"https:\\\/\\\/anhuysafety.com\\\/wp-content\\\/uploads\\\/2022\\\/02\\\/cropped-cropped-cropped-LOGO_AN_HUY_SAFETY_chuan-removebg-preview-1.png\",\"width\":357,\"height\":318,\"caption\":\"C\u00f4ng ty TNHH trang thi\u1ebft b\u1ecb k\u1ef9 thu\u1eadt An Huy\"},\"image\":{\"@id\":\"https:\\\/\\\/anhuysafety.com\\\/#\\\/schema\\\/logo\\\/image\\\/\"}}]}<\/script>\n<!-- \/ Yoast SEO plugin. -->","yoast_head_json":{"title":"G\u0103ng tay ch\u1ed1ng n\u00f3ng 9462K - C\u00f4ng Ty TNHH Trang Thi\u1ebft B\u1ecb K\u1ef9 Thu\u1eadt An Huy","description":"G\u0103ng tay ch\u1ed1ng n\u00f3ng 9462K ch\u1ed1ng n\u00f3ng \u0111\u1ebfn tr\u00ean 315 0 C ( 600 0 F).","robots":{"index":"index","follow":"follow","max-snippet":"max-snippet:-1","max-image-preview":"max-image-preview:large","max-video-preview":"max-video-preview:-1"},"canonical":"http:\/\/anhuysafety.com\/en\/product\/gang-tay-chong-nong-9462k\/","og_locale":"en_US","og_type":"article","og_title":"G\u0103ng tay ch\u1ed1ng n\u00f3ng 9462K - C\u00f4ng Ty TNHH Trang Thi\u1ebft B\u1ecb K\u1ef9 Thu\u1eadt An Huy","og_description":"G\u0103ng tay ch\u1ed1ng n\u00f3ng 9462K ch\u1ed1ng n\u00f3ng \u0111\u1ebfn tr\u00ean 315 0 C ( 600 0 F).","og_url":"http:\/\/anhuysafety.com\/en\/product\/gang-tay-chong-nong-9462k\/","og_site_name":"C\u00f4ng Ty TNHH Trang Thi\u1ebft B\u1ecb K\u1ef9 Thu\u1eadt An Huy","article_modified_time":"2022-04-16T09:03:02+00:00","og_image":[{"width":500,"height":375,"url":"https:\/\/anhuysafety.com\/wp-content\/uploads\/2022\/04\/9462k13428375.gif","type":"image\/gif"}],"twitter_card":"summary_large_image","twitter_misc":{"Est. reading time":"1 minute"},"schema":{"@context":"https:\/\/schema.org","@graph":[{"@type":"WebPage","@id":"http:\/\/anhuysafety.com\/en\/product\/gang-tay-chong-nong-9462k\/","url":"http:\/\/anhuysafety.com\/en\/product\/gang-tay-chong-nong-9462k\/","name":"G\u0103ng tay ch\u1ed1ng n\u00f3ng 9462K - C\u00f4ng Ty TNHH Trang Thi\u1ebft B\u1ecb K\u1ef9 Thu\u1eadt An Huy","isPartOf":{"@id":"https:\/\/anhuysafety.com\/#website"},"primaryImageOfPage":{"@id":"http:\/\/anhuysafety.com\/en\/product\/gang-tay-chong-nong-9462k\/#primaryimage"},"image":{"@id":"http:\/\/anhuysafety.com\/en\/product\/gang-tay-chong-nong-9462k\/#primaryimage"},"thumbnailUrl":"https:\/\/anhuysafety.com\/wp-content\/uploads\/2022\/04\/9462k13428375.gif","datePublished":"2022-04-11T10:30:08+00:00","dateModified":"2022-04-16T09:03:02+00:00","description":"G\u0103ng tay ch\u1ed1ng n\u00f3ng 9462K ch\u1ed1ng n\u00f3ng \u0111\u1ebfn tr\u00ean 315 0 C ( 600 0 F).","breadcrumb":{"@id":"http:\/\/anhuysafety.com\/en\/product\/gang-tay-chong-nong-9462k\/#breadcrumb"},"inLanguage":"en-US","potentialAction":[{"@type":"ReadAction","target":["http:\/\/anhuysafety.com\/en\/product\/gang-tay-chong-nong-9462k\/"]}]},{"@type":"ImageObject","inLanguage":"en-US","@id":"http:\/\/anhuysafety.com\/en\/product\/gang-tay-chong-nong-9462k\/#primaryimage","url":"https:\/\/anhuysafety.com\/wp-content\/uploads\/2022\/04\/9462k13428375.gif","contentUrl":"https:\/\/anhuysafety.com\/wp-content\/uploads\/2022\/04\/9462k13428375.gif","width":500,"height":375,"caption":"G\u0103ng tay ch\u1ed1ng n\u00f3ng"},{"@type":"BreadcrumbList","@id":"http:\/\/anhuysafety.com\/en\/product\/gang-tay-chong-nong-9462k\/#breadcrumb","itemListElement":[{"@type":"ListItem","position":1,"name":"Trang ch\u1ee7","item":"https:\/\/anhuysafety.com\/"},{"@type":"ListItem","position":2,"name":"S\u1ea3n ph\u1ea9m","item":"http:\/\/anhuysafety.com\/en\/cua-hang"},{"@type":"ListItem","position":3,"name":"G\u0103ng tay ch\u1ed1ng n\u00f3ng 9462K"}]},{"@type":"WebSite","@id":"https:\/\/anhuysafety.com\/#website","url":"https:\/\/anhuysafety.com\/","name":"AN HUY TECHNICAL EQUIPMENT CO., LTD","description":"","publisher":{"@id":"https:\/\/anhuysafety.com\/#organization"},"potentialAction":[{"@type":"SearchAction","target":{"@type":"EntryPoint","urlTemplate":"https:\/\/anhuysafety.com\/?s={search_term_string}"},"query-input":{"@type":"PropertyValueSpecification","valueRequired":true,"valueName":"search_term_string"}}],"inLanguage":"en-US"},{"@type":"Organization","@id":"https:\/\/anhuysafety.com\/#organization","name":"C\u00f4ng ty TNHH trang thi\u1ebft b\u1ecb k\u1ef9 thu\u1eadt An Huy","url":"https:\/\/anhuysafety.com\/","logo":{"@type":"ImageObject","inLanguage":"en-US","@id":"https:\/\/anhuysafety.com\/#\/schema\/logo\/image\/","url":"https:\/\/anhuysafety.com\/wp-content\/uploads\/2022\/02\/cropped-cropped-cropped-LOGO_AN_HUY_SAFETY_chuan-removebg-preview-1.png","contentUrl":"https:\/\/anhuysafety.com\/wp-content\/uploads\/2022\/02\/cropped-cropped-cropped-LOGO_AN_HUY_SAFETY_chuan-removebg-preview-1.png","width":357,"height":318,"caption":"C\u00f4ng ty TNHH trang thi\u1ebft b\u1ecb k\u1ef9 thu\u1eadt An Huy"},"image":{"@id":"https:\/\/anhuysafety.com\/#\/schema\/logo\/image\/"}}]}},"_links":{"self":[{"href":"https:\/\/anhuysafety.com\/en\/wp-json\/wp\/v2\/product\/3597","targetHints":{"allow":["GET"]}}],"collection":[{"href":"https:\/\/anhuysafety.com\/en\/wp-json\/wp\/v2\/product"}],"about":[{"href":"https:\/\/anhuysafety.com\/en\/wp-json\/wp\/v2\/types\/product"}],"version-history":[{"count":2,"href":"https:\/\/anhuysafety.com\/en\/wp-json\/wp\/v2\/product\/3597\/revisions"}],"predecessor-version":[{"id":3600,"href":"https:\/\/anhuysafety.com\/en\/wp-json\/wp\/v2\/product\/3597\/revisions\/3600"}],"wp:featuredmedia":[{"embeddable":true,"href":"https:\/\/anhuysafety.com\/en\/wp-json\/wp\/v2\/media\/3598"}],"wp:attachment":[{"href":"https:\/\/anhuysafety.com\/en\/wp-json\/wp\/v2\/media?parent=3597"}],"wp:term":[{"taxonomy":"product_brand","embeddable":true,"href":"https:\/\/anhuysafety.com\/en\/wp-json\/wp\/v2\/product_brand?post=3597"},{"taxonomy":"product_cat","embeddable":true,"href":"https:\/\/anhuysafety.com\/en\/wp-json\/wp\/v2\/product_cat?post=3597"},{"taxonomy":"product_tag","embeddable":true,"href":"https:\/\/anhuysafety.com\/en\/wp-json\/wp\/v2\/product_tag?post=3597"}],"curies":[{"name":"wp","href":"https:\/\/api.w.org\/{rel}","templated":true}]}}