{"id":3601,"date":"2022-04-11T17:35:06","date_gmt":"2022-04-11T10:35:06","guid":{"rendered":"https:\/\/anhuysafety.com\/?post_type=product&#038;p=3601"},"modified":"2022-04-11T17:35:06","modified_gmt":"2022-04-11T10:35:06","slug":"gang-tay-chong-rung-vv900ja","status":"publish","type":"product","link":"https:\/\/anhuysafety.com\/en\/product\/gang-tay-chong-rung-vv900ja\/","title":{"rendered":"G\u0103ng tay ch\u1ed1ng rung VV900JA"},"content":{"rendered":"<div id=\"home\" class=\"tab-pane fade in active\">\n<div class=\"col-xs-12\">\n<p><strong>G\u0103ng tay ch\u1ed1ng rung VV900JA<\/strong><\/p>\n<p>G\u0103ng tay \u0111\u01b0\u1ee3c thi\u1ebft k\u1ebf \u0111\u1ea3m b\u1ea3o t\u00ednh linh ho\u1ea1t, gi\u00fap ng\u01b0\u1eddi mang tho\u1ea3i m\u00e1i,<br \/>\nc\u00f3 th\u1ec3 d\u00f9ng trong th\u1eddi gian d\u00e0i v\u00e0 \u0111\u1eb7c bi\u1ec7t l\u00e0m gi\u1ea3m m\u1ee9c ch\u1ea5n \u0111\u1ed9ng \u0111\u1ebfn 44%.( EN1621-2 )<\/p>\n<p>S\u1ea3n ph\u1ea9m ph\u00f9 h\u1ee3p ti\u00eau chu\u1ea9n: EN388 (4, 2, 3, 3 ) v\u1ea3\u00a0EN1621-2<\/p>\n<p><em>Nh\u00e0 s\u1ea3n xu\u1ea5t:\u00a0DeltaPlus \u2013 Ph\u00e1p<\/em><\/p>\n<\/div>\n<\/div>","protected":false},"excerpt":{"rendered":"<p>G\u0103ng tay ch\u1ed1ng rung VV900JA G\u0103ng tay \u0111\u01b0\u1ee3c thi\u1ebft k\u1ebf \u0111\u1ea3m b\u1ea3o t\u00ednh linh ho\u1ea1t, gi\u00fap ng\u01b0\u1eddi mang tho\u1ea3i m\u00e1i, c\u00f3 th\u1ec3 d\u00f9ng trong th\u1eddi gian d\u00e0i v\u00e0 \u0111\u1eb7c bi\u1ec7t l\u00e0m gi\u1ea3m m\u1ee9c ch\u1ea5n \u0111\u1ed9ng \u0111\u1ebfn 44%.( EN1621-2 ) S\u1ea3n ph\u1ea9m ph\u00f9 h\u1ee3p ti\u00eau chu\u1ea9n: EN388 (4, 2, 3, 3 ) v\u1ea3\u00a0EN1621-2 Nh\u00e0 s\u1ea3n xu\u1ea5t:\u00a0DeltaPlus [&hellip;]<\/p>\n","protected":false},"featured_media":3602,"template":"","meta":{"site-sidebar-layout":"default","site-content-layout":"default","ast-site-content-layout":"default","site-content-style":"default","site-sidebar-style":"default","ast-global-header-display":"","ast-banner-title-visibility":"","ast-main-header-display":"","ast-hfb-above-header-display":"","ast-hfb-below-header-display":"","ast-hfb-mobile-header-display":"","site-post-title":"","ast-breadcrumbs-content":"","ast-featured-img":"","footer-sml-layout":"","ast-disable-related-posts":"","theme-transparent-header-meta":"","adv-header-id-meta":"","stick-header-meta":"","header-above-stick-meta":"","header-main-stick-meta":"","header-below-stick-meta":"","astra-migrate-meta-layouts":"default","ast-page-background-enabled":"default","ast-page-background-meta":{"desktop":{"background-color":"","background-image":"","background-repeat":"repeat","background-position":"center center","background-size":"auto","background-attachment":"scroll","background-type":"","background-media":"","overlay-type":"","overlay-color":"","overlay-opacity":"","overlay-gradient":""},"tablet":{"background-color":"","background-image":"","background-repeat":"repeat","background-position":"center center","background-size":"auto","background-attachment":"scroll","background-type":"","background-media":"","overlay-type":"","overlay-color":"","overlay-opacity":"","overlay-gradient":""},"mobile":{"background-color":"","background-image":"","background-repeat":"repeat","background-position":"center center","background-size":"auto","background-attachment":"scroll","background-type":"","background-media":"","overlay-type":"","overlay-color":"","overlay-opacity":"","overlay-gradient":""}},"ast-content-background-meta":{"desktop":{"background-color":"var(--ast-global-color-5)","background-image":"","background-repeat":"repeat","background-position":"center center","background-size":"auto","background-attachment":"scroll","background-type":"","background-media":"","overlay-type":"","overlay-color":"","overlay-opacity":"","overlay-gradient":""},"tablet":{"background-color":"var(--ast-global-color-5)","background-image":"","background-repeat":"repeat","background-position":"center center","background-size":"auto","background-attachment":"scroll","background-type":"","background-media":"","overlay-type":"","overlay-color":"","overlay-opacity":"","overlay-gradient":""},"mobile":{"background-color":"var(--ast-global-color-5)","background-image":"","background-repeat":"repeat","background-position":"center center","background-size":"auto","background-attachment":"scroll","background-type":"","background-media":"","overlay-type":"","overlay-color":"","overlay-opacity":"","overlay-gradient":""}}},"product_brand":[],"product_cat":[138,67,83],"product_tag":[],"class_list":{"0":"post-3601","1":"product","2":"type-product","3":"status-publish","4":"has-post-thumbnail","6":"product_cat-gang-tay-chong-rung","7":"product_cat-bao-ve-ca-nhan","8":"product_cat-bao-ve-tay-va-canh-tay","9":"desktop-align-left","10":"tablet-align-left","11":"mobile-align-left","13":"first","14":"instock","15":"shipping-taxable","16":"product-type-simple"},"yoast_head":"<!-- This site is optimized with the Yoast SEO plugin v27.4 - https:\/\/yoast.com\/product\/yoast-seo-wordpress\/ -->\n<title>G\u0103ng tay ch\u1ed1ng rung VV900JA - C\u00f4ng Ty TNHH Trang Thi\u1ebft B\u1ecb K\u1ef9 Thu\u1eadt An Huy<\/title>\n<meta name=\"description\" content=\"G\u0103ng tay ch\u1ed1ng rung VV900JA \u0111\u01b0\u1ee3c thi\u1ebft k\u1ebf \u0111\u1ea3m b\u1ea3o t\u00ednh linh ho\u1ea1t, gi\u00fap ng\u01b0\u1eddi mang tho\u1ea3i m\u00e1i,c\u00f3 th\u1ec3 d\u00f9ng trong th\u1eddi gian d\u00e0i v\u00e0 \u0111\u1eb7c bi\u1ec7t l\u00e0m gi\u1ea3m m\u1ee9c ch\u1ea5n \u0111\u1ed9ng \u0111\u1ebfn 44%.\" \/>\n<meta name=\"robots\" content=\"index, follow, max-snippet:-1, max-image-preview:large, max-video-preview:-1\" \/>\n<link rel=\"canonical\" href=\"http:\/\/anhuysafety.com\/en\/product\/gang-tay-chong-rung-vv900ja\/\" \/>\n<meta property=\"og:locale\" content=\"en_US\" \/>\n<meta property=\"og:type\" content=\"article\" \/>\n<meta property=\"og:title\" content=\"G\u0103ng tay ch\u1ed1ng rung VV900JA - C\u00f4ng Ty TNHH Trang Thi\u1ebft B\u1ecb K\u1ef9 Thu\u1eadt An Huy\" \/>\n<meta property=\"og:description\" content=\"G\u0103ng tay ch\u1ed1ng rung VV900JA \u0111\u01b0\u1ee3c thi\u1ebft k\u1ebf \u0111\u1ea3m b\u1ea3o t\u00ednh linh ho\u1ea1t, gi\u00fap ng\u01b0\u1eddi mang tho\u1ea3i m\u00e1i,c\u00f3 th\u1ec3 d\u00f9ng trong th\u1eddi gian d\u00e0i v\u00e0 \u0111\u1eb7c bi\u1ec7t l\u00e0m gi\u1ea3m m\u1ee9c ch\u1ea5n \u0111\u1ed9ng \u0111\u1ebfn 44%.\" \/>\n<meta property=\"og:url\" content=\"http:\/\/anhuysafety.com\/en\/product\/gang-tay-chong-rung-vv900ja\/\" \/>\n<meta property=\"og:site_name\" content=\"C\u00f4ng Ty TNHH Trang Thi\u1ebft B\u1ecb K\u1ef9 Thu\u1eadt An Huy\" \/>\n<meta property=\"og:image\" content=\"https:\/\/anhuysafety.com\/wp-content\/uploads\/2022\/04\/gangtaybaohodixechongrungvv900ja13763990.gif\" \/>\n\t<meta property=\"og:image:width\" content=\"600\" \/>\n\t<meta property=\"og:image:height\" content=\"450\" \/>\n\t<meta property=\"og:image:type\" content=\"image\/gif\" \/>\n<meta name=\"twitter:card\" content=\"summary_large_image\" \/>\n<meta name=\"twitter:label1\" content=\"Est. reading time\" \/>\n\t<meta name=\"twitter:data1\" content=\"1 minute\" \/>\n<script type=\"application\/ld+json\" class=\"yoast-schema-graph\">{\"@context\":\"https:\\\/\\\/schema.org\",\"@graph\":[{\"@type\":\"WebPage\",\"@id\":\"http:\\\/\\\/anhuysafety.com\\\/en\\\/product\\\/gang-tay-chong-rung-vv900ja\\\/\",\"url\":\"http:\\\/\\\/anhuysafety.com\\\/en\\\/product\\\/gang-tay-chong-rung-vv900ja\\\/\",\"name\":\"G\u0103ng tay ch\u1ed1ng rung VV900JA - C\u00f4ng Ty TNHH Trang Thi\u1ebft B\u1ecb K\u1ef9 Thu\u1eadt An Huy\",\"isPartOf\":{\"@id\":\"https:\\\/\\\/anhuysafety.com\\\/#website\"},\"primaryImageOfPage\":{\"@id\":\"http:\\\/\\\/anhuysafety.com\\\/en\\\/product\\\/gang-tay-chong-rung-vv900ja\\\/#primaryimage\"},\"image\":{\"@id\":\"http:\\\/\\\/anhuysafety.com\\\/en\\\/product\\\/gang-tay-chong-rung-vv900ja\\\/#primaryimage\"},\"thumbnailUrl\":\"https:\\\/\\\/anhuysafety.com\\\/wp-content\\\/uploads\\\/2022\\\/04\\\/gangtaybaohodixechongrungvv900ja13763990.gif\",\"datePublished\":\"2022-04-11T10:35:06+00:00\",\"description\":\"G\u0103ng tay ch\u1ed1ng rung VV900JA \u0111\u01b0\u1ee3c thi\u1ebft k\u1ebf \u0111\u1ea3m b\u1ea3o t\u00ednh linh ho\u1ea1t, gi\u00fap ng\u01b0\u1eddi mang tho\u1ea3i m\u00e1i,c\u00f3 th\u1ec3 d\u00f9ng trong th\u1eddi gian d\u00e0i v\u00e0 \u0111\u1eb7c bi\u1ec7t l\u00e0m gi\u1ea3m m\u1ee9c ch\u1ea5n \u0111\u1ed9ng \u0111\u1ebfn 44%.\",\"breadcrumb\":{\"@id\":\"http:\\\/\\\/anhuysafety.com\\\/en\\\/product\\\/gang-tay-chong-rung-vv900ja\\\/#breadcrumb\"},\"inLanguage\":\"en-US\",\"potentialAction\":[{\"@type\":\"ReadAction\",\"target\":[\"http:\\\/\\\/anhuysafety.com\\\/en\\\/product\\\/gang-tay-chong-rung-vv900ja\\\/\"]}]},{\"@type\":\"ImageObject\",\"inLanguage\":\"en-US\",\"@id\":\"http:\\\/\\\/anhuysafety.com\\\/en\\\/product\\\/gang-tay-chong-rung-vv900ja\\\/#primaryimage\",\"url\":\"https:\\\/\\\/anhuysafety.com\\\/wp-content\\\/uploads\\\/2022\\\/04\\\/gangtaybaohodixechongrungvv900ja13763990.gif\",\"contentUrl\":\"https:\\\/\\\/anhuysafety.com\\\/wp-content\\\/uploads\\\/2022\\\/04\\\/gangtaybaohodixechongrungvv900ja13763990.gif\",\"width\":600,\"height\":450,\"caption\":\"G\u0103ng tay ch\u1ed1ng rung\"},{\"@type\":\"BreadcrumbList\",\"@id\":\"http:\\\/\\\/anhuysafety.com\\\/en\\\/product\\\/gang-tay-chong-rung-vv900ja\\\/#breadcrumb\",\"itemListElement\":[{\"@type\":\"ListItem\",\"position\":1,\"name\":\"Trang ch\u1ee7\",\"item\":\"https:\\\/\\\/anhuysafety.com\\\/\"},{\"@type\":\"ListItem\",\"position\":2,\"name\":\"S\u1ea3n ph\u1ea9m\",\"item\":\"http:\\\/\\\/anhuysafety.com\\\/en\\\/cua-hang\"},{\"@type\":\"ListItem\",\"position\":3,\"name\":\"G\u0103ng tay ch\u1ed1ng rung VV900JA\"}]},{\"@type\":\"WebSite\",\"@id\":\"https:\\\/\\\/anhuysafety.com\\\/#website\",\"url\":\"https:\\\/\\\/anhuysafety.com\\\/\",\"name\":\"C\u00f4ng Ty TNHH Trang Thi\u1ebft B\u1ecb K\u1ef9 Thu\u1eadt An Huy\",\"description\":\"\",\"publisher\":{\"@id\":\"https:\\\/\\\/anhuysafety.com\\\/#organization\"},\"potentialAction\":[{\"@type\":\"SearchAction\",\"target\":{\"@type\":\"EntryPoint\",\"urlTemplate\":\"https:\\\/\\\/anhuysafety.com\\\/?s={search_term_string}\"},\"query-input\":{\"@type\":\"PropertyValueSpecification\",\"valueRequired\":true,\"valueName\":\"search_term_string\"}}],\"inLanguage\":\"en-US\"},{\"@type\":\"Organization\",\"@id\":\"https:\\\/\\\/anhuysafety.com\\\/#organization\",\"name\":\"C\u00f4ng ty TNHH trang thi\u1ebft b\u1ecb k\u1ef9 thu\u1eadt An Huy\",\"url\":\"https:\\\/\\\/anhuysafety.com\\\/\",\"logo\":{\"@type\":\"ImageObject\",\"inLanguage\":\"en-US\",\"@id\":\"https:\\\/\\\/anhuysafety.com\\\/#\\\/schema\\\/logo\\\/image\\\/\",\"url\":\"https:\\\/\\\/anhuysafety.com\\\/wp-content\\\/uploads\\\/2022\\\/02\\\/cropped-cropped-cropped-LOGO_AN_HUY_SAFETY_chuan-removebg-preview-1.png\",\"contentUrl\":\"https:\\\/\\\/anhuysafety.com\\\/wp-content\\\/uploads\\\/2022\\\/02\\\/cropped-cropped-cropped-LOGO_AN_HUY_SAFETY_chuan-removebg-preview-1.png\",\"width\":357,\"height\":318,\"caption\":\"C\u00f4ng ty TNHH trang thi\u1ebft b\u1ecb k\u1ef9 thu\u1eadt An Huy\"},\"image\":{\"@id\":\"https:\\\/\\\/anhuysafety.com\\\/#\\\/schema\\\/logo\\\/image\\\/\"}}]}<\/script>\n<!-- \/ Yoast SEO plugin. -->","yoast_head_json":{"title":"G\u0103ng tay ch\u1ed1ng rung VV900JA - C\u00f4ng Ty TNHH Trang Thi\u1ebft B\u1ecb K\u1ef9 Thu\u1eadt An Huy","description":"G\u0103ng tay ch\u1ed1ng rung VV900JA \u0111\u01b0\u1ee3c thi\u1ebft k\u1ebf \u0111\u1ea3m b\u1ea3o t\u00ednh linh ho\u1ea1t, gi\u00fap ng\u01b0\u1eddi mang tho\u1ea3i m\u00e1i,c\u00f3 th\u1ec3 d\u00f9ng trong th\u1eddi gian d\u00e0i v\u00e0 \u0111\u1eb7c bi\u1ec7t l\u00e0m gi\u1ea3m m\u1ee9c ch\u1ea5n \u0111\u1ed9ng \u0111\u1ebfn 44%.","robots":{"index":"index","follow":"follow","max-snippet":"max-snippet:-1","max-image-preview":"max-image-preview:large","max-video-preview":"max-video-preview:-1"},"canonical":"http:\/\/anhuysafety.com\/en\/product\/gang-tay-chong-rung-vv900ja\/","og_locale":"en_US","og_type":"article","og_title":"G\u0103ng tay ch\u1ed1ng rung VV900JA - C\u00f4ng Ty TNHH Trang Thi\u1ebft B\u1ecb K\u1ef9 Thu\u1eadt An Huy","og_description":"G\u0103ng tay ch\u1ed1ng rung VV900JA \u0111\u01b0\u1ee3c thi\u1ebft k\u1ebf \u0111\u1ea3m b\u1ea3o t\u00ednh linh ho\u1ea1t, gi\u00fap ng\u01b0\u1eddi mang tho\u1ea3i m\u00e1i,c\u00f3 th\u1ec3 d\u00f9ng trong th\u1eddi gian d\u00e0i v\u00e0 \u0111\u1eb7c bi\u1ec7t l\u00e0m gi\u1ea3m m\u1ee9c ch\u1ea5n \u0111\u1ed9ng \u0111\u1ebfn 44%.","og_url":"http:\/\/anhuysafety.com\/en\/product\/gang-tay-chong-rung-vv900ja\/","og_site_name":"C\u00f4ng Ty TNHH Trang Thi\u1ebft B\u1ecb K\u1ef9 Thu\u1eadt An Huy","og_image":[{"width":600,"height":450,"url":"https:\/\/anhuysafety.com\/wp-content\/uploads\/2022\/04\/gangtaybaohodixechongrungvv900ja13763990.gif","type":"image\/gif"}],"twitter_card":"summary_large_image","twitter_misc":{"Est. reading time":"1 minute"},"schema":{"@context":"https:\/\/schema.org","@graph":[{"@type":"WebPage","@id":"http:\/\/anhuysafety.com\/en\/product\/gang-tay-chong-rung-vv900ja\/","url":"http:\/\/anhuysafety.com\/en\/product\/gang-tay-chong-rung-vv900ja\/","name":"G\u0103ng tay ch\u1ed1ng rung VV900JA - C\u00f4ng Ty TNHH Trang Thi\u1ebft B\u1ecb K\u1ef9 Thu\u1eadt An Huy","isPartOf":{"@id":"https:\/\/anhuysafety.com\/#website"},"primaryImageOfPage":{"@id":"http:\/\/anhuysafety.com\/en\/product\/gang-tay-chong-rung-vv900ja\/#primaryimage"},"image":{"@id":"http:\/\/anhuysafety.com\/en\/product\/gang-tay-chong-rung-vv900ja\/#primaryimage"},"thumbnailUrl":"https:\/\/anhuysafety.com\/wp-content\/uploads\/2022\/04\/gangtaybaohodixechongrungvv900ja13763990.gif","datePublished":"2022-04-11T10:35:06+00:00","description":"G\u0103ng tay ch\u1ed1ng rung VV900JA \u0111\u01b0\u1ee3c thi\u1ebft k\u1ebf \u0111\u1ea3m b\u1ea3o t\u00ednh linh ho\u1ea1t, gi\u00fap ng\u01b0\u1eddi mang tho\u1ea3i m\u00e1i,c\u00f3 th\u1ec3 d\u00f9ng trong th\u1eddi gian d\u00e0i v\u00e0 \u0111\u1eb7c bi\u1ec7t l\u00e0m gi\u1ea3m m\u1ee9c ch\u1ea5n \u0111\u1ed9ng \u0111\u1ebfn 44%.","breadcrumb":{"@id":"http:\/\/anhuysafety.com\/en\/product\/gang-tay-chong-rung-vv900ja\/#breadcrumb"},"inLanguage":"en-US","potentialAction":[{"@type":"ReadAction","target":["http:\/\/anhuysafety.com\/en\/product\/gang-tay-chong-rung-vv900ja\/"]}]},{"@type":"ImageObject","inLanguage":"en-US","@id":"http:\/\/anhuysafety.com\/en\/product\/gang-tay-chong-rung-vv900ja\/#primaryimage","url":"https:\/\/anhuysafety.com\/wp-content\/uploads\/2022\/04\/gangtaybaohodixechongrungvv900ja13763990.gif","contentUrl":"https:\/\/anhuysafety.com\/wp-content\/uploads\/2022\/04\/gangtaybaohodixechongrungvv900ja13763990.gif","width":600,"height":450,"caption":"G\u0103ng tay ch\u1ed1ng rung"},{"@type":"BreadcrumbList","@id":"http:\/\/anhuysafety.com\/en\/product\/gang-tay-chong-rung-vv900ja\/#breadcrumb","itemListElement":[{"@type":"ListItem","position":1,"name":"Trang ch\u1ee7","item":"https:\/\/anhuysafety.com\/"},{"@type":"ListItem","position":2,"name":"S\u1ea3n ph\u1ea9m","item":"http:\/\/anhuysafety.com\/en\/cua-hang"},{"@type":"ListItem","position":3,"name":"G\u0103ng tay ch\u1ed1ng rung VV900JA"}]},{"@type":"WebSite","@id":"https:\/\/anhuysafety.com\/#website","url":"https:\/\/anhuysafety.com\/","name":"AN HUY TECHNICAL EQUIPMENT CO., LTD","description":"","publisher":{"@id":"https:\/\/anhuysafety.com\/#organization"},"potentialAction":[{"@type":"SearchAction","target":{"@type":"EntryPoint","urlTemplate":"https:\/\/anhuysafety.com\/?s={search_term_string}"},"query-input":{"@type":"PropertyValueSpecification","valueRequired":true,"valueName":"search_term_string"}}],"inLanguage":"en-US"},{"@type":"Organization","@id":"https:\/\/anhuysafety.com\/#organization","name":"C\u00f4ng ty TNHH trang thi\u1ebft b\u1ecb k\u1ef9 thu\u1eadt An Huy","url":"https:\/\/anhuysafety.com\/","logo":{"@type":"ImageObject","inLanguage":"en-US","@id":"https:\/\/anhuysafety.com\/#\/schema\/logo\/image\/","url":"https:\/\/anhuysafety.com\/wp-content\/uploads\/2022\/02\/cropped-cropped-cropped-LOGO_AN_HUY_SAFETY_chuan-removebg-preview-1.png","contentUrl":"https:\/\/anhuysafety.com\/wp-content\/uploads\/2022\/02\/cropped-cropped-cropped-LOGO_AN_HUY_SAFETY_chuan-removebg-preview-1.png","width":357,"height":318,"caption":"C\u00f4ng ty TNHH trang thi\u1ebft b\u1ecb k\u1ef9 thu\u1eadt An Huy"},"image":{"@id":"https:\/\/anhuysafety.com\/#\/schema\/logo\/image\/"}}]}},"_links":{"self":[{"href":"https:\/\/anhuysafety.com\/en\/wp-json\/wp\/v2\/product\/3601","targetHints":{"allow":["GET"]}}],"collection":[{"href":"https:\/\/anhuysafety.com\/en\/wp-json\/wp\/v2\/product"}],"about":[{"href":"https:\/\/anhuysafety.com\/en\/wp-json\/wp\/v2\/types\/product"}],"version-history":[{"count":1,"href":"https:\/\/anhuysafety.com\/en\/wp-json\/wp\/v2\/product\/3601\/revisions"}],"predecessor-version":[{"id":3603,"href":"https:\/\/anhuysafety.com\/en\/wp-json\/wp\/v2\/product\/3601\/revisions\/3603"}],"wp:featuredmedia":[{"embeddable":true,"href":"https:\/\/anhuysafety.com\/en\/wp-json\/wp\/v2\/media\/3602"}],"wp:attachment":[{"href":"https:\/\/anhuysafety.com\/en\/wp-json\/wp\/v2\/media?parent=3601"}],"wp:term":[{"taxonomy":"product_brand","embeddable":true,"href":"https:\/\/anhuysafety.com\/en\/wp-json\/wp\/v2\/product_brand?post=3601"},{"taxonomy":"product_cat","embeddable":true,"href":"https:\/\/anhuysafety.com\/en\/wp-json\/wp\/v2\/product_cat?post=3601"},{"taxonomy":"product_tag","embeddable":true,"href":"https:\/\/anhuysafety.com\/en\/wp-json\/wp\/v2\/product_tag?post=3601"}],"curies":[{"name":"wp","href":"https:\/\/api.w.org\/{rel}","templated":true}]}}