{"id":3621,"date":"2022-04-11T18:41:55","date_gmt":"2022-04-11T11:41:55","guid":{"rendered":"https:\/\/anhuysafety.com\/?post_type=product&#038;p=3621"},"modified":"2022-04-11T18:50:50","modified_gmt":"2022-04-11T11:50:50","slug":"day-an-toan-dat-02","status":"publish","type":"product","link":"https:\/\/anhuysafety.com\/en\/product\/day-an-toan-dat-02\/","title":{"rendered":"D\u00e2y an to\u00e0n DAT 02"},"content":{"rendered":"<p>C\u00f4ng d\u1ee5ng: Trang b\u1ecb cho c\u00f4ng nh\u00e2n khi l\u00e0m vi\u1ec7c tr\u00ean cao<\/p>\n<p>C\u1ea5u t\u1ea1o : M\u1ed7i d\u00e2y an to\u00e0n g\u1ed3m 2 ph\u1ea7n ch\u00ednh: d\u00e2y th\u1eaft l\u01b0ng v\u00e0 d\u00e2y qu\u00e0ng tr\u1ee5<\/p>\n<p>a\/ D\u00e2y th\u1eaft l\u01b0ng:<\/p>\n<p>* \u0110\u01b0\u1ee3c l\u00e0m b\u1eb1ng s\u1ee3i nylon t\u1ed5ng h\u1ee3p m\u1ec1m, \u0111an b\u1ea3n d\u1eb9p.<\/p>\n<p>* Chi\u1ec1u r\u1ed9ng b\u1ea3n: 45 \u00b15% mm<\/p>\n<p>* Chi\u1ec1u d\u00e0y: 2 mm<\/p>\n<p>* Chi\u1ec1u d\u00e0i: 1,3 \u00b15% m<\/p>\n<p>&#8211; Mi\u1ebfng \u0111\u1ec7m tr\u00ean d\u00e2y th\u1eaft l\u01b0ng:<\/p>\n<p>* \u0110\u01b0\u1ee3c l\u00e0m b\u1eb1ng simili, \u0111\u1ea3m b\u1ea3o \u0111\u1ed9 \u00eam cho v\u00f9ng l\u01b0ng, b\u1ee5ng.<\/p>\n<p>* Chi\u1ec1u r\u1ed9ng mi\u1ebfng \u0111\u1ec7m: 100mm<\/p>\n<p>* Chi\u1ec1u d\u00e0y: 5mm<\/p>\n<p>* Chi\u1ec1u d\u00e0i: 680 mm<\/p>\n<p>* C\u00f3 4 khoen D b\u1eb1ng th\u00e9p gi\u1ed1ng nhau, r\u1ed9ng 60mm \u0111\u01b0\u1ee3c g\u1eafn ch\u1eafc ch\u1eafn v\u00e0o mi\u1ebfng \u0111\u1ec7m \u0111\u1ea3m b\u1ea3o khi \u0111eo d\u00e2y l\u01b0ng v\u00e0o c\u00e1c khoen D \u1edf b\u00ean h\u00f4ng ng\u01b0\u1eddi \u0111eo, m\u1ed7i b\u00ean 2 khoen, c\u00e1c khoen n\u00e0y d\u00f9ng \u0111\u1ec3 g\u1eafn m\u00f3c kho\u00e1 c\u1ee7a d\u00e2y qu\u00e0ng.<\/p>\n<p>* \u1ede m\u1ed7i b\u00ean, 2 khoen D c\u00e1ch nhau kho\u1ea3ng 80mm, khoen D \u0111\u1ea7u c\u00e1ch m\u00e9p mi\u1ebfng \u0111\u1ec7m 100mm.<\/p>\n<p>* D\u00e2y th\u1eaft l\u01b0ng \u0111\u01b0\u1ee3c x\u00f5 v\u00e0o mi\u1ebfng \u0111\u1ec7m qua 3 quay (con \u0111\u0129a) c\u1ee7a mi\u1ebfng \u0111\u1ec7m, 2 con \u0111\u0129a hai b\u00ean h\u00f4ng \u0111\u01b0\u1ee3c may b\u1ea3n l\u1edbn 50mm ho\u1eb7c dinh li\u1ec1n v\u1edbi d\u00e2y th\u1eafc l\u01b0ng v\u00e0 mi\u1ebfng \u0111\u1ec7m. D\u00e2y th\u1eaft l\u01b0ng \u0111\u01b0\u1ee3c x\u00f5 b\u1ecdc ngo\u00e0i mi\u1ebfng \u0111\u1ec7m v\u00e0 4 khoen D.<\/p>\n<p>* C\u00f3 t\u00fai b\u1eb1ng nh\u1ef1a trong, k\u00edch th\u01b0\u1edbc 4\u00d76 cm \u0111\u1ec3 \u0111\u1ef1ng tem th\u1eed nghi\u1ec7m.<\/p>\n<p>b\/ D\u00e2y qu\u00e0ng qua tr\u1ee5:<\/p>\n<p>* D\u00e2y \u0111\u01b0\u1ee3c l\u00e0m b\u1eb1ng s\u1ee3i nylon t\u1ed5ng h\u1ee3p m\u1ec1m ch\u1ecbu l\u1ef1c, ch\u1ed1ng l\u00e3o ho\u00e1, \u0111an b\u1ea3n d\u1eb9p.<\/p>\n<p>* Chi\u1ec1u r\u1ed9ng b\u1ea3n: 45mm<\/p>\n<p>* Chi\u1ec1u d\u00e0i khi thu ng\u1eafn t\u1ed1i \u0111a (t\u00ednh lu\u00f4n 2 m\u00f3c) : 1,2- 1,3 m\u00e9t<\/p>\n<p>* Chi\u1ec1u d\u00e0i khi \u0111i\u1ec1u ch\u1ec9nh d\u00e0i nh\u1ea5t k\u1ec3 c\u1ea3 02 m\u00f3c kho\u00e1 khi d\u00e2y \u0111\u01b0\u1ee3c \u0111i\u1ec1u ch\u1ec9nh \u1edf v\u1ecb tr\u00ed d\u00e0i nh\u1ea5t: 1,8 m<\/p>\n<p>* M\u1ed9t \u0111\u1ea7u d\u00e2y c\u00f3 kho\u00e1 \u0111i\u1ec1u ch\u1ec9nh cho d\u00e2y d\u00e0i ra ho\u1eb7c ng\u1eafn l\u1ea1i.<\/p>\n<p>* 2 \u0111\u1ea7u d\u00e2y c\u00f3 2 m\u00f3c kho\u00e1 b\u1eb1ng th\u00e9p. Mi\u1ec7ng kho\u00e1 \u0111\u01b0\u1ee3c kho\u00e1 k\u00edn b\u1eb1ng 2 ch\u1ed1t an to\u00e0n (mu\u1ed1n m\u1edf mi\u1ec7ng kho\u00e1 ph\u1ea3i d\u00f9ng 2 l\u1ef1c t\u00e1c \u0111\u1ed9ng), xoay \u0111\u01b0\u1ee3c 3600 \u0111\u1ec3 tr\u00e1nh xo\u1eafn d\u00e2y.<\/p>\n<p>* Ph\u1ea7n ch\u1ec9 may chi\u1ee5 l\u1ef1c \u1edf m\u00f3c d\u00e2y cho\u00e0ng qua tr\u1ee5 c\u00f3 t\u0103ng c\u01b0\u1eddng th\u00eam 3 \u0111inh riv\u00ea b\u1eb1ng \u0111\u1ed3ng.<\/p>\n<p>* C\u00f3 l\u1edbp \u0111\u1ec7m b\u1eb1ng da(sinili d\u00e0y) d\u00e0i kho\u1ea3ng 0,7 m\u00e9t bao quanh \u1edf gi\u1eefa d\u00e2y (c\u00f3 th\u1ec3 g\u1eafn v\u00e0o, m\u1edf ra) \u0111\u1ec3 ch\u1ed1ng t\u01b0a khi cho\u00e0ng d\u00e2y qua tr\u1ee5.<\/p>","protected":false},"excerpt":{"rendered":"<p>C\u00f4ng d\u1ee5ng: Trang b\u1ecb cho c\u00f4ng nh\u00e2n khi l\u00e0m vi\u1ec7c tr\u00ean cao C\u1ea5u t\u1ea1o : M\u1ed7i d\u00e2y an to\u00e0n g\u1ed3m 2 ph\u1ea7n ch\u00ednh: d\u00e2y th\u1eaft l\u01b0ng v\u00e0 d\u00e2y qu\u00e0ng tr\u1ee5 a\/ D\u00e2y th\u1eaft l\u01b0ng: * \u0110\u01b0\u1ee3c l\u00e0m b\u1eb1ng s\u1ee3i nylon t\u1ed5ng h\u1ee3p m\u1ec1m, \u0111an b\u1ea3n d\u1eb9p. * Chi\u1ec1u r\u1ed9ng b\u1ea3n: 45 \u00b15% mm * Chi\u1ec1u [&hellip;]<\/p>\n","protected":false},"featured_media":3622,"template":"","meta":{"site-sidebar-layout":"default","site-content-layout":"default","ast-site-content-layout":"default","site-content-style":"default","site-sidebar-style":"default","ast-global-header-display":"","ast-banner-title-visibility":"","ast-main-header-display":"","ast-hfb-above-header-display":"","ast-hfb-below-header-display":"","ast-hfb-mobile-header-display":"","site-post-title":"","ast-breadcrumbs-content":"","ast-featured-img":"","footer-sml-layout":"","ast-disable-related-posts":"","theme-transparent-header-meta":"","adv-header-id-meta":"","stick-header-meta":"","header-above-stick-meta":"","header-main-stick-meta":"","header-below-stick-meta":"","astra-migrate-meta-layouts":"default","ast-page-background-enabled":"default","ast-page-background-meta":{"desktop":{"background-color":"","background-image":"","background-repeat":"repeat","background-position":"center center","background-size":"auto","background-attachment":"scroll","background-type":"","background-media":"","overlay-type":"","overlay-color":"","overlay-opacity":"","overlay-gradient":""},"tablet":{"background-color":"","background-image":"","background-repeat":"repeat","background-position":"center center","background-size":"auto","background-attachment":"scroll","background-type":"","background-media":"","overlay-type":"","overlay-color":"","overlay-opacity":"","overlay-gradient":""},"mobile":{"background-color":"","background-image":"","background-repeat":"repeat","background-position":"center center","background-size":"auto","background-attachment":"scroll","background-type":"","background-media":"","overlay-type":"","overlay-color":"","overlay-opacity":"","overlay-gradient":""}},"ast-content-background-meta":{"desktop":{"background-color":"var(--ast-global-color-5)","background-image":"","background-repeat":"repeat","background-position":"center center","background-size":"auto","background-attachment":"scroll","background-type":"","background-media":"","overlay-type":"","overlay-color":"","overlay-opacity":"","overlay-gradient":""},"tablet":{"background-color":"var(--ast-global-color-5)","background-image":"","background-repeat":"repeat","background-position":"center center","background-size":"auto","background-attachment":"scroll","background-type":"","background-media":"","overlay-type":"","overlay-color":"","overlay-opacity":"","overlay-gradient":""},"mobile":{"background-color":"var(--ast-global-color-5)","background-image":"","background-repeat":"repeat","background-position":"center center","background-size":"auto","background-attachment":"scroll","background-type":"","background-media":"","overlay-type":"","overlay-color":"","overlay-opacity":"","overlay-gradient":""}}},"product_brand":[],"product_cat":[159,67,85],"product_tag":[],"class_list":{"0":"post-3621","1":"product","2":"type-product","3":"status-publish","4":"has-post-thumbnail","6":"product_cat-day-an-toan-tho-dien","7":"product_cat-bao-ve-ca-nhan","8":"product_cat-chong-roi-nga","9":"desktop-align-left","10":"tablet-align-left","11":"mobile-align-left","13":"first","14":"instock","15":"featured","16":"shipping-taxable","17":"product-type-simple"},"yoast_head":"<!-- This site is optimized with the Yoast SEO plugin v27.4 - https:\/\/yoast.com\/product\/yoast-seo-wordpress\/ -->\n<title>D\u00e2y an to\u00e0n DAT 02 - C\u00f4ng Ty TNHH Trang Thi\u1ebft B\u1ecb K\u1ef9 Thu\u1eadt An Huy<\/title>\n<meta name=\"description\" content=\"D\u00e2y an to\u00e0n DAT 02 trang b\u1ecb cho c\u00f4ng nh\u00e2n khi l\u00e0m vi\u1ec7c tr\u00ean cao\" \/>\n<meta name=\"robots\" content=\"index, follow, max-snippet:-1, max-image-preview:large, max-video-preview:-1\" \/>\n<link rel=\"canonical\" href=\"https:\/\/anhuysafety.com\/en\/product\/day-an-toan-dat-02\/\" \/>\n<meta property=\"og:locale\" content=\"en_US\" \/>\n<meta property=\"og:type\" content=\"article\" \/>\n<meta property=\"og:title\" content=\"D\u00e2y an to\u00e0n DAT 02 - C\u00f4ng Ty TNHH Trang Thi\u1ebft B\u1ecb K\u1ef9 Thu\u1eadt An Huy\" \/>\n<meta property=\"og:description\" content=\"D\u00e2y an to\u00e0n DAT 02 trang b\u1ecb cho c\u00f4ng nh\u00e2n khi l\u00e0m vi\u1ec7c tr\u00ean cao\" \/>\n<meta property=\"og:url\" content=\"https:\/\/anhuysafety.com\/en\/product\/day-an-toan-dat-02\/\" \/>\n<meta property=\"og:site_name\" content=\"C\u00f4ng Ty TNHH Trang Thi\u1ebft B\u1ecb K\u1ef9 Thu\u1eadt An Huy\" \/>\n<meta property=\"article:modified_time\" content=\"2022-04-11T11:50:50+00:00\" \/>\n<meta property=\"og:image\" content=\"https:\/\/anhuysafety.com\/wp-content\/uploads\/2022\/04\/asdf.png\" \/>\n\t<meta property=\"og:image:width\" content=\"520\" \/>\n\t<meta property=\"og:image:height\" content=\"391\" \/>\n\t<meta property=\"og:image:type\" content=\"image\/png\" \/>\n<meta name=\"twitter:card\" content=\"summary_large_image\" \/>\n<meta name=\"twitter:label1\" content=\"Est. reading time\" \/>\n\t<meta name=\"twitter:data1\" content=\"3 minutes\" \/>\n<script type=\"application\/ld+json\" class=\"yoast-schema-graph\">{\"@context\":\"https:\\\/\\\/schema.org\",\"@graph\":[{\"@type\":\"WebPage\",\"@id\":\"https:\\\/\\\/anhuysafety.com\\\/san-pham\\\/day-an-toan-dat-02\\\/\",\"url\":\"https:\\\/\\\/anhuysafety.com\\\/san-pham\\\/day-an-toan-dat-02\\\/\",\"name\":\"D\u00e2y an to\u00e0n DAT 02 - C\u00f4ng Ty TNHH Trang Thi\u1ebft B\u1ecb K\u1ef9 Thu\u1eadt An Huy\",\"isPartOf\":{\"@id\":\"https:\\\/\\\/anhuysafety.com\\\/#website\"},\"primaryImageOfPage\":{\"@id\":\"https:\\\/\\\/anhuysafety.com\\\/san-pham\\\/day-an-toan-dat-02\\\/#primaryimage\"},\"image\":{\"@id\":\"https:\\\/\\\/anhuysafety.com\\\/san-pham\\\/day-an-toan-dat-02\\\/#primaryimage\"},\"thumbnailUrl\":\"https:\\\/\\\/anhuysafety.com\\\/wp-content\\\/uploads\\\/2022\\\/04\\\/asdf.png\",\"datePublished\":\"2022-04-11T11:41:55+00:00\",\"dateModified\":\"2022-04-11T11:50:50+00:00\",\"description\":\"D\u00e2y an to\u00e0n DAT 02 trang b\u1ecb cho c\u00f4ng nh\u00e2n khi l\u00e0m vi\u1ec7c tr\u00ean cao\",\"breadcrumb\":{\"@id\":\"https:\\\/\\\/anhuysafety.com\\\/san-pham\\\/day-an-toan-dat-02\\\/#breadcrumb\"},\"inLanguage\":\"en-US\",\"potentialAction\":[{\"@type\":\"ReadAction\",\"target\":[\"https:\\\/\\\/anhuysafety.com\\\/san-pham\\\/day-an-toan-dat-02\\\/\"]}]},{\"@type\":\"ImageObject\",\"inLanguage\":\"en-US\",\"@id\":\"https:\\\/\\\/anhuysafety.com\\\/san-pham\\\/day-an-toan-dat-02\\\/#primaryimage\",\"url\":\"https:\\\/\\\/anhuysafety.com\\\/wp-content\\\/uploads\\\/2022\\\/04\\\/asdf.png\",\"contentUrl\":\"https:\\\/\\\/anhuysafety.com\\\/wp-content\\\/uploads\\\/2022\\\/04\\\/asdf.png\",\"width\":520,\"height\":391,\"caption\":\"D\u00e2y an to\u00e0n\"},{\"@type\":\"BreadcrumbList\",\"@id\":\"https:\\\/\\\/anhuysafety.com\\\/san-pham\\\/day-an-toan-dat-02\\\/#breadcrumb\",\"itemListElement\":[{\"@type\":\"ListItem\",\"position\":1,\"name\":\"Trang ch\u1ee7\",\"item\":\"https:\\\/\\\/anhuysafety.com\\\/\"},{\"@type\":\"ListItem\",\"position\":2,\"name\":\"S\u1ea3n ph\u1ea9m\",\"item\":\"http:\\\/\\\/anhuysafety.com\\\/en\\\/cua-hang\"},{\"@type\":\"ListItem\",\"position\":3,\"name\":\"D\u00e2y an to\u00e0n DAT 02\"}]},{\"@type\":\"WebSite\",\"@id\":\"https:\\\/\\\/anhuysafety.com\\\/#website\",\"url\":\"https:\\\/\\\/anhuysafety.com\\\/\",\"name\":\"C\u00f4ng Ty TNHH Trang Thi\u1ebft B\u1ecb K\u1ef9 Thu\u1eadt An Huy\",\"description\":\"\",\"publisher\":{\"@id\":\"https:\\\/\\\/anhuysafety.com\\\/#organization\"},\"potentialAction\":[{\"@type\":\"SearchAction\",\"target\":{\"@type\":\"EntryPoint\",\"urlTemplate\":\"https:\\\/\\\/anhuysafety.com\\\/?s={search_term_string}\"},\"query-input\":{\"@type\":\"PropertyValueSpecification\",\"valueRequired\":true,\"valueName\":\"search_term_string\"}}],\"inLanguage\":\"en-US\"},{\"@type\":\"Organization\",\"@id\":\"https:\\\/\\\/anhuysafety.com\\\/#organization\",\"name\":\"C\u00f4ng ty TNHH trang thi\u1ebft b\u1ecb k\u1ef9 thu\u1eadt An Huy\",\"url\":\"https:\\\/\\\/anhuysafety.com\\\/\",\"logo\":{\"@type\":\"ImageObject\",\"inLanguage\":\"en-US\",\"@id\":\"https:\\\/\\\/anhuysafety.com\\\/#\\\/schema\\\/logo\\\/image\\\/\",\"url\":\"https:\\\/\\\/anhuysafety.com\\\/wp-content\\\/uploads\\\/2022\\\/02\\\/cropped-cropped-cropped-LOGO_AN_HUY_SAFETY_chuan-removebg-preview-1.png\",\"contentUrl\":\"https:\\\/\\\/anhuysafety.com\\\/wp-content\\\/uploads\\\/2022\\\/02\\\/cropped-cropped-cropped-LOGO_AN_HUY_SAFETY_chuan-removebg-preview-1.png\",\"width\":357,\"height\":318,\"caption\":\"C\u00f4ng ty TNHH trang thi\u1ebft b\u1ecb k\u1ef9 thu\u1eadt An Huy\"},\"image\":{\"@id\":\"https:\\\/\\\/anhuysafety.com\\\/#\\\/schema\\\/logo\\\/image\\\/\"}}]}<\/script>\n<!-- \/ Yoast SEO plugin. -->","yoast_head_json":{"title":"D\u00e2y an to\u00e0n DAT 02 - C\u00f4ng Ty TNHH Trang Thi\u1ebft B\u1ecb K\u1ef9 Thu\u1eadt An Huy","description":"D\u00e2y an to\u00e0n DAT 02 trang b\u1ecb cho c\u00f4ng nh\u00e2n khi l\u00e0m vi\u1ec7c tr\u00ean cao","robots":{"index":"index","follow":"follow","max-snippet":"max-snippet:-1","max-image-preview":"max-image-preview:large","max-video-preview":"max-video-preview:-1"},"canonical":"https:\/\/anhuysafety.com\/en\/product\/day-an-toan-dat-02\/","og_locale":"en_US","og_type":"article","og_title":"D\u00e2y an to\u00e0n DAT 02 - C\u00f4ng Ty TNHH Trang Thi\u1ebft B\u1ecb K\u1ef9 Thu\u1eadt An Huy","og_description":"D\u00e2y an to\u00e0n DAT 02 trang b\u1ecb cho c\u00f4ng nh\u00e2n khi l\u00e0m vi\u1ec7c tr\u00ean cao","og_url":"https:\/\/anhuysafety.com\/en\/product\/day-an-toan-dat-02\/","og_site_name":"C\u00f4ng Ty TNHH Trang Thi\u1ebft B\u1ecb K\u1ef9 Thu\u1eadt An Huy","article_modified_time":"2022-04-11T11:50:50+00:00","og_image":[{"width":520,"height":391,"url":"https:\/\/anhuysafety.com\/wp-content\/uploads\/2022\/04\/asdf.png","type":"image\/png"}],"twitter_card":"summary_large_image","twitter_misc":{"Est. reading time":"3 minutes"},"schema":{"@context":"https:\/\/schema.org","@graph":[{"@type":"WebPage","@id":"https:\/\/anhuysafety.com\/san-pham\/day-an-toan-dat-02\/","url":"https:\/\/anhuysafety.com\/san-pham\/day-an-toan-dat-02\/","name":"D\u00e2y an to\u00e0n DAT 02 - C\u00f4ng Ty TNHH Trang Thi\u1ebft B\u1ecb K\u1ef9 Thu\u1eadt An Huy","isPartOf":{"@id":"https:\/\/anhuysafety.com\/#website"},"primaryImageOfPage":{"@id":"https:\/\/anhuysafety.com\/san-pham\/day-an-toan-dat-02\/#primaryimage"},"image":{"@id":"https:\/\/anhuysafety.com\/san-pham\/day-an-toan-dat-02\/#primaryimage"},"thumbnailUrl":"https:\/\/anhuysafety.com\/wp-content\/uploads\/2022\/04\/asdf.png","datePublished":"2022-04-11T11:41:55+00:00","dateModified":"2022-04-11T11:50:50+00:00","description":"D\u00e2y an to\u00e0n DAT 02 trang b\u1ecb cho c\u00f4ng nh\u00e2n khi l\u00e0m vi\u1ec7c tr\u00ean cao","breadcrumb":{"@id":"https:\/\/anhuysafety.com\/san-pham\/day-an-toan-dat-02\/#breadcrumb"},"inLanguage":"en-US","potentialAction":[{"@type":"ReadAction","target":["https:\/\/anhuysafety.com\/san-pham\/day-an-toan-dat-02\/"]}]},{"@type":"ImageObject","inLanguage":"en-US","@id":"https:\/\/anhuysafety.com\/san-pham\/day-an-toan-dat-02\/#primaryimage","url":"https:\/\/anhuysafety.com\/wp-content\/uploads\/2022\/04\/asdf.png","contentUrl":"https:\/\/anhuysafety.com\/wp-content\/uploads\/2022\/04\/asdf.png","width":520,"height":391,"caption":"D\u00e2y an to\u00e0n"},{"@type":"BreadcrumbList","@id":"https:\/\/anhuysafety.com\/san-pham\/day-an-toan-dat-02\/#breadcrumb","itemListElement":[{"@type":"ListItem","position":1,"name":"Trang ch\u1ee7","item":"https:\/\/anhuysafety.com\/"},{"@type":"ListItem","position":2,"name":"S\u1ea3n ph\u1ea9m","item":"http:\/\/anhuysafety.com\/en\/cua-hang"},{"@type":"ListItem","position":3,"name":"D\u00e2y an to\u00e0n DAT 02"}]},{"@type":"WebSite","@id":"https:\/\/anhuysafety.com\/#website","url":"https:\/\/anhuysafety.com\/","name":"AN HUY TECHNICAL EQUIPMENT CO., LTD","description":"","publisher":{"@id":"https:\/\/anhuysafety.com\/#organization"},"potentialAction":[{"@type":"SearchAction","target":{"@type":"EntryPoint","urlTemplate":"https:\/\/anhuysafety.com\/?s={search_term_string}"},"query-input":{"@type":"PropertyValueSpecification","valueRequired":true,"valueName":"search_term_string"}}],"inLanguage":"en-US"},{"@type":"Organization","@id":"https:\/\/anhuysafety.com\/#organization","name":"C\u00f4ng ty TNHH trang thi\u1ebft b\u1ecb k\u1ef9 thu\u1eadt An Huy","url":"https:\/\/anhuysafety.com\/","logo":{"@type":"ImageObject","inLanguage":"en-US","@id":"https:\/\/anhuysafety.com\/#\/schema\/logo\/image\/","url":"https:\/\/anhuysafety.com\/wp-content\/uploads\/2022\/02\/cropped-cropped-cropped-LOGO_AN_HUY_SAFETY_chuan-removebg-preview-1.png","contentUrl":"https:\/\/anhuysafety.com\/wp-content\/uploads\/2022\/02\/cropped-cropped-cropped-LOGO_AN_HUY_SAFETY_chuan-removebg-preview-1.png","width":357,"height":318,"caption":"C\u00f4ng ty TNHH trang thi\u1ebft b\u1ecb k\u1ef9 thu\u1eadt An Huy"},"image":{"@id":"https:\/\/anhuysafety.com\/#\/schema\/logo\/image\/"}}]}},"_links":{"self":[{"href":"https:\/\/anhuysafety.com\/en\/wp-json\/wp\/v2\/product\/3621","targetHints":{"allow":["GET"]}}],"collection":[{"href":"https:\/\/anhuysafety.com\/en\/wp-json\/wp\/v2\/product"}],"about":[{"href":"https:\/\/anhuysafety.com\/en\/wp-json\/wp\/v2\/types\/product"}],"version-history":[{"count":1,"href":"https:\/\/anhuysafety.com\/en\/wp-json\/wp\/v2\/product\/3621\/revisions"}],"predecessor-version":[{"id":3623,"href":"https:\/\/anhuysafety.com\/en\/wp-json\/wp\/v2\/product\/3621\/revisions\/3623"}],"wp:featuredmedia":[{"embeddable":true,"href":"https:\/\/anhuysafety.com\/en\/wp-json\/wp\/v2\/media\/3622"}],"wp:attachment":[{"href":"https:\/\/anhuysafety.com\/en\/wp-json\/wp\/v2\/media?parent=3621"}],"wp:term":[{"taxonomy":"product_brand","embeddable":true,"href":"https:\/\/anhuysafety.com\/en\/wp-json\/wp\/v2\/product_brand?post=3621"},{"taxonomy":"product_cat","embeddable":true,"href":"https:\/\/anhuysafety.com\/en\/wp-json\/wp\/v2\/product_cat?post=3621"},{"taxonomy":"product_tag","embeddable":true,"href":"https:\/\/anhuysafety.com\/en\/wp-json\/wp\/v2\/product_tag?post=3621"}],"curies":[{"name":"wp","href":"https:\/\/api.w.org\/{rel}","templated":true}]}}