{"id":3624,"date":"2022-04-11T18:49:07","date_gmt":"2022-04-11T11:49:07","guid":{"rendered":"https:\/\/anhuysafety.com\/?post_type=product&#038;p=3624"},"modified":"2022-04-11T19:10:38","modified_gmt":"2022-04-11T12:10:38","slug":"day-an-toan-adela-sc-19","status":"publish","type":"product","link":"https:\/\/anhuysafety.com\/en\/product\/day-an-toan-adela-sc-19\/","title":{"rendered":"D\u00e2y an to\u00e0n Adela SC-19"},"content":{"rendered":"<p><strong>D\u00e2y l\u01b0ng:<\/strong><\/p>\n<ul>\n<li>B\u1eb1ng s\u1ee3i Polyester d\u1ec7t b\u1ea3n d\u1eb9t 45mm d\u00e0i 1.3m , c\u00f3 c\u00e1c con \u0111\u0129a \u0111\u1ec3 g\u1eafn d\u1ee5ng c\u1ee5<\/li>\n<li>Mi\u1ebfng \u0111\u1ec7m tr\u00ean d\u00e2y th\u1eaft l\u01b0ng r\u1ed9ng 100mm d\u00e0i 700mm , \u0111 \u01b0\u1ee3c l\u00e0m b\u1eb1ng simili, \u0111\u1ea3m b\u1ea3o \u0111\u1ed9 \u00eam cho v\u00f9ng l\u01b0ng, b\u1ee5ng.<\/li>\n<li>Ph\u1ea7n ph\u00eda d\u01b0\u1edbi c\u00f3 1 d\u00e2y qu\u00e0ng m\u00f4ng gi\u00fap gi\u1ea3m tr\u1ecdng l\u1ef1c d\u1ed3n v\u00e0o v\u00f9ng l\u01b0ng khi \u0111\u1ee9ng thao t\u00e1c tr\u00ean c\u1ed9t.<\/li>\n<li>C\u00f3 4 khuy\u00ean ch\u1eef D , 2 khuy\u00ean 4 c\u1ea1nh cho ph\u00e9p d\u00f9ng th\u00eam 1 d\u00e2y treo v\u00e0 c\u00e1c khuy\u00ean nh\u1ecf ph\u1ee5 , \u0111\u1ea3m b\u1ea3o an to\u00e0n khi c\u1ea7n di chuy\u1ec3n l\u00ean cao<\/li>\n<\/ul>\n<p><strong>D\u00e2y treo<\/strong>\u00a0<strong>( d\u00e2y qu\u00e0ng tr\u1ee5 )<\/strong> :<br \/>\n&#8211; B\u1eb1ng s\u1ee3i Polyester d\u1ec7t c\u00f3 b\u1ea3n r\u1ed9ng 45mm, d\u00e0i \u00a02\u00f72,3\u00a0 m\u00e9t v\u00e0 c\u00f3 th\u1ec3 \u0111i\u1ec1u ch\u1ec9nh nh\u1edd kh\u00f3a \u0111i\u1ec1u ch\u1ec9nh.<br \/>\n&#8211; D\u00e2y treo c\u00f3 2 m\u00f3c xoay\u00a0 m\u1edf mi\u1ec7ng \u03a621mm b\u1eb1ng kim lo\u1ea1i, m\u1ed7i kh\u00f3a c\u00f3 ch\u1ed1t an to\u00e0n 2 c\u1ea5p xoay \u0111\u01b0\u1ee3c 360<sup>0<\/sup> ch\u1ed1ng xo\u1eafn d\u00e2y<br \/>\n&#8211; D\u00e2y qu\u00e0ng tr\u1ee5 \u0111\u01b0\u1ee3c b\u1ea3o v\u1ec7 ch\u1ed1ng t\u01b0a b\u1eb1ng 1 \u0111\u1ec7m da d\u00e0i 700 mm, c\u00f3 th\u1ec3 th\u00e1o r\u1eddi nh\u1edd kh\u00f3a k\u00e9o.<\/p>\n<ul>\n<li>C\u00f3 t\u00fai v\u1ea3i g\u1eafn v\u00e0o d\u00e2y l\u01b0ng \u0111\u1ec3 \u0111\u1ef1ng c\u00e1c d\u1ee5ng c\u1ee5 nh\u1ecf kh\u00f4ng treo m\u00f3c \u0111\u01b0\u1ee3c<\/li>\n<li>\u0110\u00e1p \u1ee9ng ti\u00eau chu\u1ea9n CE EN362, EN358<\/li>\n<li>Nh\u00e0 s\u1ea3n xu\u1ea5t : Adela- \u0110\u00e0i Loan<\/li>\n<\/ul>","protected":false},"excerpt":{"rendered":"<p>D\u00e2y l\u01b0ng: B\u1eb1ng s\u1ee3i Polyester d\u1ec7t b\u1ea3n d\u1eb9t 45mm d\u00e0i 1.3m , c\u00f3 c\u00e1c con \u0111\u0129a \u0111\u1ec3 g\u1eafn d\u1ee5ng c\u1ee5 Mi\u1ebfng \u0111\u1ec7m tr\u00ean d\u00e2y th\u1eaft l\u01b0ng r\u1ed9ng 100mm d\u00e0i 700mm , \u0111 \u01b0\u1ee3c l\u00e0m b\u1eb1ng simili, \u0111\u1ea3m b\u1ea3o \u0111\u1ed9 \u00eam cho v\u00f9ng l\u01b0ng, b\u1ee5ng. Ph\u1ea7n ph\u00eda d\u01b0\u1edbi c\u00f3 1 d\u00e2y qu\u00e0ng m\u00f4ng gi\u00fap gi\u1ea3m tr\u1ecdng [&hellip;]<\/p>\n","protected":false},"featured_media":3625,"template":"","meta":{"site-sidebar-layout":"default","site-content-layout":"default","ast-site-content-layout":"default","site-content-style":"default","site-sidebar-style":"default","ast-global-header-display":"","ast-banner-title-visibility":"","ast-main-header-display":"","ast-hfb-above-header-display":"","ast-hfb-below-header-display":"","ast-hfb-mobile-header-display":"","site-post-title":"","ast-breadcrumbs-content":"","ast-featured-img":"","footer-sml-layout":"","ast-disable-related-posts":"","theme-transparent-header-meta":"","adv-header-id-meta":"","stick-header-meta":"","header-above-stick-meta":"","header-main-stick-meta":"","header-below-stick-meta":"","astra-migrate-meta-layouts":"default","ast-page-background-enabled":"default","ast-page-background-meta":{"desktop":{"background-color":"","background-image":"","background-repeat":"repeat","background-position":"center center","background-size":"auto","background-attachment":"scroll","background-type":"","background-media":"","overlay-type":"","overlay-color":"","overlay-opacity":"","overlay-gradient":""},"tablet":{"background-color":"","background-image":"","background-repeat":"repeat","background-position":"center center","background-size":"auto","background-attachment":"scroll","background-type":"","background-media":"","overlay-type":"","overlay-color":"","overlay-opacity":"","overlay-gradient":""},"mobile":{"background-color":"","background-image":"","background-repeat":"repeat","background-position":"center center","background-size":"auto","background-attachment":"scroll","background-type":"","background-media":"","overlay-type":"","overlay-color":"","overlay-opacity":"","overlay-gradient":""}},"ast-content-background-meta":{"desktop":{"background-color":"var(--ast-global-color-5)","background-image":"","background-repeat":"repeat","background-position":"center center","background-size":"auto","background-attachment":"scroll","background-type":"","background-media":"","overlay-type":"","overlay-color":"","overlay-opacity":"","overlay-gradient":""},"tablet":{"background-color":"var(--ast-global-color-5)","background-image":"","background-repeat":"repeat","background-position":"center center","background-size":"auto","background-attachment":"scroll","background-type":"","background-media":"","overlay-type":"","overlay-color":"","overlay-opacity":"","overlay-gradient":""},"mobile":{"background-color":"var(--ast-global-color-5)","background-image":"","background-repeat":"repeat","background-position":"center center","background-size":"auto","background-attachment":"scroll","background-type":"","background-media":"","overlay-type":"","overlay-color":"","overlay-opacity":"","overlay-gradient":""}}},"product_brand":[],"product_cat":[159,67,85],"product_tag":[],"class_list":{"0":"post-3624","1":"product","2":"type-product","3":"status-publish","4":"has-post-thumbnail","6":"product_cat-day-an-toan-tho-dien","7":"product_cat-bao-ve-ca-nhan","8":"product_cat-chong-roi-nga","9":"desktop-align-left","10":"tablet-align-left","11":"mobile-align-left","13":"first","14":"instock","15":"featured","16":"shipping-taxable","17":"product-type-simple"},"yoast_head":"<!-- This site is optimized with the Yoast SEO plugin v27.4 - https:\/\/yoast.com\/product\/yoast-seo-wordpress\/ -->\n<title>D\u00e2y an to\u00e0n Adela SC-19 - C\u00f4ng Ty TNHH Trang Thi\u1ebft B\u1ecb K\u1ef9 Thu\u1eadt An Huy<\/title>\n<meta name=\"description\" content=\"D\u00e2y an to\u00e0n Adela SC-19\" \/>\n<meta name=\"robots\" content=\"index, follow, max-snippet:-1, max-image-preview:large, max-video-preview:-1\" \/>\n<link rel=\"canonical\" href=\"http:\/\/anhuysafety.com\/en\/product\/day-an-toan-adela-sc-19\/\" \/>\n<meta property=\"og:locale\" content=\"en_US\" \/>\n<meta property=\"og:type\" content=\"article\" \/>\n<meta property=\"og:title\" content=\"D\u00e2y an to\u00e0n Adela SC-19 - C\u00f4ng Ty TNHH Trang Thi\u1ebft B\u1ecb K\u1ef9 Thu\u1eadt An Huy\" \/>\n<meta property=\"og:description\" content=\"D\u00e2y an to\u00e0n Adela SC-19\" \/>\n<meta property=\"og:url\" content=\"http:\/\/anhuysafety.com\/en\/product\/day-an-toan-adela-sc-19\/\" \/>\n<meta property=\"og:site_name\" content=\"C\u00f4ng Ty TNHH Trang Thi\u1ebft B\u1ecb K\u1ef9 Thu\u1eadt An Huy\" \/>\n<meta property=\"article:modified_time\" content=\"2022-04-11T12:10:38+00:00\" \/>\n<meta property=\"og:image\" content=\"https:\/\/anhuysafety.com\/wp-content\/uploads\/2022\/04\/day-an-toan.png\" \/>\n\t<meta property=\"og:image:width\" content=\"752\" \/>\n\t<meta property=\"og:image:height\" content=\"526\" \/>\n\t<meta property=\"og:image:type\" content=\"image\/png\" \/>\n<meta name=\"twitter:card\" content=\"summary_large_image\" \/>\n<meta name=\"twitter:label1\" content=\"Est. reading time\" \/>\n\t<meta name=\"twitter:data1\" content=\"2 minutes\" \/>\n<script type=\"application\/ld+json\" class=\"yoast-schema-graph\">{\"@context\":\"https:\\\/\\\/schema.org\",\"@graph\":[{\"@type\":\"WebPage\",\"@id\":\"http:\\\/\\\/anhuysafety.com\\\/en\\\/product\\\/day-an-toan-adela-sc-19\\\/\",\"url\":\"http:\\\/\\\/anhuysafety.com\\\/en\\\/product\\\/day-an-toan-adela-sc-19\\\/\",\"name\":\"D\u00e2y an to\u00e0n Adela SC-19 - C\u00f4ng Ty TNHH Trang Thi\u1ebft B\u1ecb K\u1ef9 Thu\u1eadt An Huy\",\"isPartOf\":{\"@id\":\"https:\\\/\\\/anhuysafety.com\\\/#website\"},\"primaryImageOfPage\":{\"@id\":\"http:\\\/\\\/anhuysafety.com\\\/en\\\/product\\\/day-an-toan-adela-sc-19\\\/#primaryimage\"},\"image\":{\"@id\":\"http:\\\/\\\/anhuysafety.com\\\/en\\\/product\\\/day-an-toan-adela-sc-19\\\/#primaryimage\"},\"thumbnailUrl\":\"https:\\\/\\\/anhuysafety.com\\\/wp-content\\\/uploads\\\/2022\\\/04\\\/day-an-toan.png\",\"datePublished\":\"2022-04-11T11:49:07+00:00\",\"dateModified\":\"2022-04-11T12:10:38+00:00\",\"description\":\"D\u00e2y an to\u00e0n Adela SC-19\",\"breadcrumb\":{\"@id\":\"http:\\\/\\\/anhuysafety.com\\\/en\\\/product\\\/day-an-toan-adela-sc-19\\\/#breadcrumb\"},\"inLanguage\":\"en-US\",\"potentialAction\":[{\"@type\":\"ReadAction\",\"target\":[\"http:\\\/\\\/anhuysafety.com\\\/en\\\/product\\\/day-an-toan-adela-sc-19\\\/\"]}]},{\"@type\":\"ImageObject\",\"inLanguage\":\"en-US\",\"@id\":\"http:\\\/\\\/anhuysafety.com\\\/en\\\/product\\\/day-an-toan-adela-sc-19\\\/#primaryimage\",\"url\":\"https:\\\/\\\/anhuysafety.com\\\/wp-content\\\/uploads\\\/2022\\\/04\\\/day-an-toan.png\",\"contentUrl\":\"https:\\\/\\\/anhuysafety.com\\\/wp-content\\\/uploads\\\/2022\\\/04\\\/day-an-toan.png\",\"width\":752,\"height\":526,\"caption\":\"D\u00e2y an to\u00e0n\"},{\"@type\":\"BreadcrumbList\",\"@id\":\"http:\\\/\\\/anhuysafety.com\\\/en\\\/product\\\/day-an-toan-adela-sc-19\\\/#breadcrumb\",\"itemListElement\":[{\"@type\":\"ListItem\",\"position\":1,\"name\":\"Trang ch\u1ee7\",\"item\":\"https:\\\/\\\/anhuysafety.com\\\/\"},{\"@type\":\"ListItem\",\"position\":2,\"name\":\"S\u1ea3n ph\u1ea9m\",\"item\":\"http:\\\/\\\/anhuysafety.com\\\/en\\\/cua-hang\"},{\"@type\":\"ListItem\",\"position\":3,\"name\":\"D\u00e2y an to\u00e0n Adela SC-19\"}]},{\"@type\":\"WebSite\",\"@id\":\"https:\\\/\\\/anhuysafety.com\\\/#website\",\"url\":\"https:\\\/\\\/anhuysafety.com\\\/\",\"name\":\"C\u00f4ng Ty TNHH Trang Thi\u1ebft B\u1ecb K\u1ef9 Thu\u1eadt An Huy\",\"description\":\"\",\"publisher\":{\"@id\":\"https:\\\/\\\/anhuysafety.com\\\/#organization\"},\"potentialAction\":[{\"@type\":\"SearchAction\",\"target\":{\"@type\":\"EntryPoint\",\"urlTemplate\":\"https:\\\/\\\/anhuysafety.com\\\/?s={search_term_string}\"},\"query-input\":{\"@type\":\"PropertyValueSpecification\",\"valueRequired\":true,\"valueName\":\"search_term_string\"}}],\"inLanguage\":\"en-US\"},{\"@type\":\"Organization\",\"@id\":\"https:\\\/\\\/anhuysafety.com\\\/#organization\",\"name\":\"C\u00f4ng ty TNHH trang thi\u1ebft b\u1ecb k\u1ef9 thu\u1eadt An Huy\",\"url\":\"https:\\\/\\\/anhuysafety.com\\\/\",\"logo\":{\"@type\":\"ImageObject\",\"inLanguage\":\"en-US\",\"@id\":\"https:\\\/\\\/anhuysafety.com\\\/#\\\/schema\\\/logo\\\/image\\\/\",\"url\":\"https:\\\/\\\/anhuysafety.com\\\/wp-content\\\/uploads\\\/2022\\\/02\\\/cropped-cropped-cropped-LOGO_AN_HUY_SAFETY_chuan-removebg-preview-1.png\",\"contentUrl\":\"https:\\\/\\\/anhuysafety.com\\\/wp-content\\\/uploads\\\/2022\\\/02\\\/cropped-cropped-cropped-LOGO_AN_HUY_SAFETY_chuan-removebg-preview-1.png\",\"width\":357,\"height\":318,\"caption\":\"C\u00f4ng ty TNHH trang thi\u1ebft b\u1ecb k\u1ef9 thu\u1eadt An Huy\"},\"image\":{\"@id\":\"https:\\\/\\\/anhuysafety.com\\\/#\\\/schema\\\/logo\\\/image\\\/\"}}]}<\/script>\n<!-- \/ Yoast SEO plugin. -->","yoast_head_json":{"title":"D\u00e2y an to\u00e0n Adela SC-19 - C\u00f4ng Ty TNHH Trang Thi\u1ebft B\u1ecb K\u1ef9 Thu\u1eadt An Huy","description":"D\u00e2y an to\u00e0n Adela SC-19","robots":{"index":"index","follow":"follow","max-snippet":"max-snippet:-1","max-image-preview":"max-image-preview:large","max-video-preview":"max-video-preview:-1"},"canonical":"http:\/\/anhuysafety.com\/en\/product\/day-an-toan-adela-sc-19\/","og_locale":"en_US","og_type":"article","og_title":"D\u00e2y an to\u00e0n Adela SC-19 - C\u00f4ng Ty TNHH Trang Thi\u1ebft B\u1ecb K\u1ef9 Thu\u1eadt An Huy","og_description":"D\u00e2y an to\u00e0n Adela SC-19","og_url":"http:\/\/anhuysafety.com\/en\/product\/day-an-toan-adela-sc-19\/","og_site_name":"C\u00f4ng Ty TNHH Trang Thi\u1ebft B\u1ecb K\u1ef9 Thu\u1eadt An Huy","article_modified_time":"2022-04-11T12:10:38+00:00","og_image":[{"width":752,"height":526,"url":"https:\/\/anhuysafety.com\/wp-content\/uploads\/2022\/04\/day-an-toan.png","type":"image\/png"}],"twitter_card":"summary_large_image","twitter_misc":{"Est. reading time":"2 minutes"},"schema":{"@context":"https:\/\/schema.org","@graph":[{"@type":"WebPage","@id":"http:\/\/anhuysafety.com\/en\/product\/day-an-toan-adela-sc-19\/","url":"http:\/\/anhuysafety.com\/en\/product\/day-an-toan-adela-sc-19\/","name":"D\u00e2y an to\u00e0n Adela SC-19 - C\u00f4ng Ty TNHH Trang Thi\u1ebft B\u1ecb K\u1ef9 Thu\u1eadt An Huy","isPartOf":{"@id":"https:\/\/anhuysafety.com\/#website"},"primaryImageOfPage":{"@id":"http:\/\/anhuysafety.com\/en\/product\/day-an-toan-adela-sc-19\/#primaryimage"},"image":{"@id":"http:\/\/anhuysafety.com\/en\/product\/day-an-toan-adela-sc-19\/#primaryimage"},"thumbnailUrl":"https:\/\/anhuysafety.com\/wp-content\/uploads\/2022\/04\/day-an-toan.png","datePublished":"2022-04-11T11:49:07+00:00","dateModified":"2022-04-11T12:10:38+00:00","description":"D\u00e2y an to\u00e0n Adela SC-19","breadcrumb":{"@id":"http:\/\/anhuysafety.com\/en\/product\/day-an-toan-adela-sc-19\/#breadcrumb"},"inLanguage":"en-US","potentialAction":[{"@type":"ReadAction","target":["http:\/\/anhuysafety.com\/en\/product\/day-an-toan-adela-sc-19\/"]}]},{"@type":"ImageObject","inLanguage":"en-US","@id":"http:\/\/anhuysafety.com\/en\/product\/day-an-toan-adela-sc-19\/#primaryimage","url":"https:\/\/anhuysafety.com\/wp-content\/uploads\/2022\/04\/day-an-toan.png","contentUrl":"https:\/\/anhuysafety.com\/wp-content\/uploads\/2022\/04\/day-an-toan.png","width":752,"height":526,"caption":"D\u00e2y an to\u00e0n"},{"@type":"BreadcrumbList","@id":"http:\/\/anhuysafety.com\/en\/product\/day-an-toan-adela-sc-19\/#breadcrumb","itemListElement":[{"@type":"ListItem","position":1,"name":"Trang ch\u1ee7","item":"https:\/\/anhuysafety.com\/"},{"@type":"ListItem","position":2,"name":"S\u1ea3n ph\u1ea9m","item":"http:\/\/anhuysafety.com\/en\/cua-hang"},{"@type":"ListItem","position":3,"name":"D\u00e2y an to\u00e0n Adela SC-19"}]},{"@type":"WebSite","@id":"https:\/\/anhuysafety.com\/#website","url":"https:\/\/anhuysafety.com\/","name":"AN HUY TECHNICAL EQUIPMENT CO., LTD","description":"","publisher":{"@id":"https:\/\/anhuysafety.com\/#organization"},"potentialAction":[{"@type":"SearchAction","target":{"@type":"EntryPoint","urlTemplate":"https:\/\/anhuysafety.com\/?s={search_term_string}"},"query-input":{"@type":"PropertyValueSpecification","valueRequired":true,"valueName":"search_term_string"}}],"inLanguage":"en-US"},{"@type":"Organization","@id":"https:\/\/anhuysafety.com\/#organization","name":"C\u00f4ng ty TNHH trang thi\u1ebft b\u1ecb k\u1ef9 thu\u1eadt An Huy","url":"https:\/\/anhuysafety.com\/","logo":{"@type":"ImageObject","inLanguage":"en-US","@id":"https:\/\/anhuysafety.com\/#\/schema\/logo\/image\/","url":"https:\/\/anhuysafety.com\/wp-content\/uploads\/2022\/02\/cropped-cropped-cropped-LOGO_AN_HUY_SAFETY_chuan-removebg-preview-1.png","contentUrl":"https:\/\/anhuysafety.com\/wp-content\/uploads\/2022\/02\/cropped-cropped-cropped-LOGO_AN_HUY_SAFETY_chuan-removebg-preview-1.png","width":357,"height":318,"caption":"C\u00f4ng ty TNHH trang thi\u1ebft b\u1ecb k\u1ef9 thu\u1eadt An Huy"},"image":{"@id":"https:\/\/anhuysafety.com\/#\/schema\/logo\/image\/"}}]}},"_links":{"self":[{"href":"https:\/\/anhuysafety.com\/en\/wp-json\/wp\/v2\/product\/3624","targetHints":{"allow":["GET"]}}],"collection":[{"href":"https:\/\/anhuysafety.com\/en\/wp-json\/wp\/v2\/product"}],"about":[{"href":"https:\/\/anhuysafety.com\/en\/wp-json\/wp\/v2\/types\/product"}],"version-history":[{"count":2,"href":"https:\/\/anhuysafety.com\/en\/wp-json\/wp\/v2\/product\/3624\/revisions"}],"predecessor-version":[{"id":3628,"href":"https:\/\/anhuysafety.com\/en\/wp-json\/wp\/v2\/product\/3624\/revisions\/3628"}],"wp:featuredmedia":[{"embeddable":true,"href":"https:\/\/anhuysafety.com\/en\/wp-json\/wp\/v2\/media\/3625"}],"wp:attachment":[{"href":"https:\/\/anhuysafety.com\/en\/wp-json\/wp\/v2\/media?parent=3624"}],"wp:term":[{"taxonomy":"product_brand","embeddable":true,"href":"https:\/\/anhuysafety.com\/en\/wp-json\/wp\/v2\/product_brand?post=3624"},{"taxonomy":"product_cat","embeddable":true,"href":"https:\/\/anhuysafety.com\/en\/wp-json\/wp\/v2\/product_cat?post=3624"},{"taxonomy":"product_tag","embeddable":true,"href":"https:\/\/anhuysafety.com\/en\/wp-json\/wp\/v2\/product_tag?post=3624"}],"curies":[{"name":"wp","href":"https:\/\/api.w.org\/{rel}","templated":true}]}}