{"id":3653,"date":"2022-04-12T08:32:37","date_gmt":"2022-04-12T01:32:37","guid":{"rendered":"https:\/\/anhuysafety.com\/?post_type=product&#038;p=3653"},"modified":"2022-04-12T09:41:49","modified_gmt":"2022-04-12T02:41:49","slug":"ty-leo-tru-dien-be-tong-ly-tam","status":"publish","type":"product","link":"https:\/\/anhuysafety.com\/en\/product\/ty-leo-tru-dien-be-tong-ly-tam\/","title":{"rendered":"Ty leo tr\u1ee5 \u0111i\u1ec7n b\u00ea t\u00f4ng ly t\u00e2m"},"content":{"rendered":"<ul>\n<li>D\u00f9ng \u0111\u1ec3 leo tr\u1ee5 b\u00ea t\u00f4ng ly t\u00e2m v\u00e0 k\u1ebft h\u1ee3p v\u1edbi d\u00e2y an to\u00e0n ng\u01b0\u1eddi c\u00f4ng nh\u00e2n c\u00f3 th\u1ec3 \u0111\u1ee9ng tr\u00ean \u0111\u00f3 \u0111\u1ec3 l\u00e0m vi\u1ec7c<\/li>\n<li>Ch\u1ecbu l\u1ef1c u\u1ed1n, \u0111\u1ed9 b\u1ec1n \u0111\u1ee9t cao.<\/li>\n<\/ul>\n<h6><strong><u>T\u00cdNH N\u0102NG &amp; TH\u00d4NG S\u1ed0 K\u1ef8 THU\u1eacT<\/u>:<\/strong><\/h6>\n<ul>\n<li>\u0110\u01b0\u1ee3c ch\u1ebf t\u1ea1o b\u1eb1ng v\u1eadt li\u1ec7u th\u00e9p ch\u1ecbu l\u1ef1c<\/li>\n<li>Th\u00e2n ti tr\u00f2n: F 16 mm \u00b1 0,4 mm<\/li>\n<li>Chi\u1ec1u d\u00e0i: 230 mm \u00b1 5%<\/li>\n<li>\u0110\u1ea7u ti c\u00f3 g\u1edd ch\u1eadn: F 25 mm d\u00e0y 5 mm<\/li>\n<li>Ph\u1ea7n c\u1eafm v\u00e0o l\u1ed7 tr\u1ee5: d\u00e0i 80 mm \u00b1 2%, b\u1ec1 m\u1eb7t c\u00f3 c\u00e1c r\u0103ng \u0111\u1ec3 ch\u1ed1ng tr\u01b0\u1ee3t d\u1ecdc.<\/li>\n<li>Ph\u1ea7n \u0111\u1ee9ng c\u00f4ng t\u00e1c: d\u00e0i 150 mm \u00b1 3%, b\u1ec1 m\u1eb7t c\u00f3 c\u00e1c gai nh\u00e1m \u0111\u1ec3 ch\u1ed1ng tr\u01b0\u1ee3t ngang v\u00e0 d\u1ecdc.<\/li>\n<li>M\u1ea1 l\u1edbp k\u1ebdm b\u1ea3o v\u1ec7: \u0111\u1ed9 d\u1ea7y \u00b3 33 mm (Ph\u01b0\u01a1ng ph\u00e1p m\u1ea1 \u0111i\u1ec7n ph\u00e2n)<\/li>\n<li>Ch\u1ecbu l\u1ef1c u\u1ed1n: 300 Kg\/ 5 ph\u00fat<\/li>\n<li>Ch\u1ecbu l\u1ef1c u\u1ed1n l\u00e0m vi\u1ec7c l\u00e2u d\u00e0i: 135 Kg<\/li>\n<li>Gi\u1edbi h\u1ea1n b\u1ec1n \u0111\u1ee9t: \u00b3 400 N\/mm2<\/li>\n<li>Gi\u1edbi h\u1ea1n ch\u1ea3y: \u00b3 240 N\/mm2<\/li>\n<li>L\u1ef1c k\u00e9o \u0111\u1ee9t: \u00b3 8000 kgf<\/li>\n<li>Tr\u00ean th\u00e2n c\u00f3 k\u00ed hi\u1ec7u ri\u00eang cho t\u1eebng s\u1ea3n ph\u1ea9m.<\/li>\n<\/ul>","protected":false},"excerpt":{"rendered":"<p>D\u00f9ng \u0111\u1ec3 leo tr\u1ee5 b\u00ea t\u00f4ng ly t\u00e2m v\u00e0 k\u1ebft h\u1ee3p v\u1edbi d\u00e2y an to\u00e0n ng\u01b0\u1eddi c\u00f4ng nh\u00e2n c\u00f3 th\u1ec3 \u0111\u1ee9ng tr\u00ean \u0111\u00f3 \u0111\u1ec3 l\u00e0m vi\u1ec7c Ch\u1ecbu l\u1ef1c u\u1ed1n, \u0111\u1ed9 b\u1ec1n \u0111\u1ee9t cao. T\u00cdNH N\u0102NG &amp; TH\u00d4NG S\u1ed0 K\u1ef8 THU\u1eacT: \u0110\u01b0\u1ee3c ch\u1ebf t\u1ea1o b\u1eb1ng v\u1eadt li\u1ec7u th\u00e9p ch\u1ecbu l\u1ef1c Th\u00e2n ti tr\u00f2n: F 16 mm [&hellip;]<\/p>\n","protected":false},"featured_media":3654,"template":"","meta":{"site-sidebar-layout":"default","site-content-layout":"default","ast-site-content-layout":"default","site-content-style":"default","site-sidebar-style":"default","ast-global-header-display":"","ast-banner-title-visibility":"","ast-main-header-display":"","ast-hfb-above-header-display":"","ast-hfb-below-header-display":"","ast-hfb-mobile-header-display":"","site-post-title":"","ast-breadcrumbs-content":"","ast-featured-img":"","footer-sml-layout":"","ast-disable-related-posts":"","theme-transparent-header-meta":"","adv-header-id-meta":"","stick-header-meta":"","header-above-stick-meta":"","header-main-stick-meta":"","header-below-stick-meta":"","astra-migrate-meta-layouts":"default","ast-page-background-enabled":"default","ast-page-background-meta":{"desktop":{"background-color":"","background-image":"","background-repeat":"repeat","background-position":"center center","background-size":"auto","background-attachment":"scroll","background-type":"","background-media":"","overlay-type":"","overlay-color":"","overlay-opacity":"","overlay-gradient":""},"tablet":{"background-color":"","background-image":"","background-repeat":"repeat","background-position":"center center","background-size":"auto","background-attachment":"scroll","background-type":"","background-media":"","overlay-type":"","overlay-color":"","overlay-opacity":"","overlay-gradient":""},"mobile":{"background-color":"","background-image":"","background-repeat":"repeat","background-position":"center center","background-size":"auto","background-attachment":"scroll","background-type":"","background-media":"","overlay-type":"","overlay-color":"","overlay-opacity":"","overlay-gradient":""}},"ast-content-background-meta":{"desktop":{"background-color":"var(--ast-global-color-5)","background-image":"","background-repeat":"repeat","background-position":"center center","background-size":"auto","background-attachment":"scroll","background-type":"","background-media":"","overlay-type":"","overlay-color":"","overlay-opacity":"","overlay-gradient":""},"tablet":{"background-color":"var(--ast-global-color-5)","background-image":"","background-repeat":"repeat","background-position":"center center","background-size":"auto","background-attachment":"scroll","background-type":"","background-media":"","overlay-type":"","overlay-color":"","overlay-opacity":"","overlay-gradient":""},"mobile":{"background-color":"var(--ast-global-color-5)","background-image":"","background-repeat":"repeat","background-position":"center center","background-size":"auto","background-attachment":"scroll","background-type":"","background-media":"","overlay-type":"","overlay-color":"","overlay-opacity":"","overlay-gradient":""}}},"product_brand":[],"product_cat":[92,95],"product_tag":[],"class_list":{"0":"post-3653","1":"product","2":"type-product","3":"status-publish","4":"has-post-thumbnail","6":"product_cat-dung-cu-thi-con","7":"product_cat-dung-cu-thi-cong-khac","8":"desktop-align-left","9":"tablet-align-left","10":"mobile-align-left","12":"first","13":"instock","14":"featured","15":"shipping-taxable","16":"product-type-simple"},"yoast_head":"<!-- This site is optimized with the Yoast SEO plugin v27.4 - https:\/\/yoast.com\/product\/yoast-seo-wordpress\/ -->\n<title>Ty leo tr\u1ee5 \u0111i\u1ec7n b\u00ea t\u00f4ng ly t\u00e2m - C\u00f4ng Ty TNHH Trang Thi\u1ebft B\u1ecb K\u1ef9 Thu\u1eadt An Huy<\/title>\n<meta name=\"description\" content=\"Ty leo tr\u1ee5 \u0111i\u1ec7n b\u00ea t\u00f4ng ly t\u00e2m D\u00f9ng \u0111\u1ec3 leo tr\u1ee5 b\u00ea t\u00f4ng ly t\u00e2m v\u00e0 k\u1ebft h\u1ee3p v\u1edbi d\u00e2y an to\u00e0n ng\u01b0\u1eddi c\u00f4ng nh\u00e2n c\u00f3 th\u1ec3 \u0111\u1ee9ng tr\u00ean \u0111\u00f3 \u0111\u1ec3 l\u00e0m vi\u1ec7c.\" \/>\n<meta name=\"robots\" content=\"index, follow, max-snippet:-1, max-image-preview:large, max-video-preview:-1\" \/>\n<link rel=\"canonical\" href=\"https:\/\/anhuysafety.com\/en\/product\/ty-leo-tru-dien-be-tong-ly-tam\/\" \/>\n<meta property=\"og:locale\" content=\"en_US\" \/>\n<meta property=\"og:type\" content=\"article\" \/>\n<meta property=\"og:title\" content=\"Ty leo tr\u1ee5 \u0111i\u1ec7n b\u00ea t\u00f4ng ly t\u00e2m - C\u00f4ng Ty TNHH Trang Thi\u1ebft B\u1ecb K\u1ef9 Thu\u1eadt An Huy\" \/>\n<meta property=\"og:description\" content=\"Ty leo tr\u1ee5 \u0111i\u1ec7n b\u00ea t\u00f4ng ly t\u00e2m D\u00f9ng \u0111\u1ec3 leo tr\u1ee5 b\u00ea t\u00f4ng ly t\u00e2m v\u00e0 k\u1ebft h\u1ee3p v\u1edbi d\u00e2y an to\u00e0n ng\u01b0\u1eddi c\u00f4ng nh\u00e2n c\u00f3 th\u1ec3 \u0111\u1ee9ng tr\u00ean \u0111\u00f3 \u0111\u1ec3 l\u00e0m vi\u1ec7c.\" \/>\n<meta property=\"og:url\" content=\"https:\/\/anhuysafety.com\/en\/product\/ty-leo-tru-dien-be-tong-ly-tam\/\" \/>\n<meta property=\"og:site_name\" content=\"C\u00f4ng Ty TNHH Trang Thi\u1ebft B\u1ecb K\u1ef9 Thu\u1eadt An Huy\" \/>\n<meta property=\"article:modified_time\" content=\"2022-04-12T02:41:49+00:00\" \/>\n<meta property=\"og:image\" content=\"https:\/\/anhuysafety.com\/wp-content\/uploads\/2022\/04\/ty-leo-tru.png\" \/>\n\t<meta property=\"og:image:width\" content=\"720\" \/>\n\t<meta property=\"og:image:height\" content=\"540\" \/>\n\t<meta property=\"og:image:type\" content=\"image\/png\" \/>\n<meta name=\"twitter:card\" content=\"summary_large_image\" \/>\n<meta name=\"twitter:label1\" content=\"Est. reading time\" \/>\n\t<meta name=\"twitter:data1\" content=\"1 minute\" \/>\n<script type=\"application\/ld+json\" class=\"yoast-schema-graph\">{\"@context\":\"https:\\\/\\\/schema.org\",\"@graph\":[{\"@type\":\"WebPage\",\"@id\":\"https:\\\/\\\/anhuysafety.com\\\/san-pham\\\/ty-leo-tru-dien-be-tong-ly-tam\\\/\",\"url\":\"https:\\\/\\\/anhuysafety.com\\\/san-pham\\\/ty-leo-tru-dien-be-tong-ly-tam\\\/\",\"name\":\"Ty leo tr\u1ee5 \u0111i\u1ec7n b\u00ea t\u00f4ng ly t\u00e2m - C\u00f4ng Ty TNHH Trang Thi\u1ebft B\u1ecb K\u1ef9 Thu\u1eadt An Huy\",\"isPartOf\":{\"@id\":\"https:\\\/\\\/anhuysafety.com\\\/#website\"},\"primaryImageOfPage\":{\"@id\":\"https:\\\/\\\/anhuysafety.com\\\/san-pham\\\/ty-leo-tru-dien-be-tong-ly-tam\\\/#primaryimage\"},\"image\":{\"@id\":\"https:\\\/\\\/anhuysafety.com\\\/san-pham\\\/ty-leo-tru-dien-be-tong-ly-tam\\\/#primaryimage\"},\"thumbnailUrl\":\"https:\\\/\\\/anhuysafety.com\\\/wp-content\\\/uploads\\\/2022\\\/04\\\/ty-leo-tru.png\",\"datePublished\":\"2022-04-12T01:32:37+00:00\",\"dateModified\":\"2022-04-12T02:41:49+00:00\",\"description\":\"Ty leo tr\u1ee5 \u0111i\u1ec7n b\u00ea t\u00f4ng ly t\u00e2m D\u00f9ng \u0111\u1ec3 leo tr\u1ee5 b\u00ea t\u00f4ng ly t\u00e2m v\u00e0 k\u1ebft h\u1ee3p v\u1edbi d\u00e2y an to\u00e0n ng\u01b0\u1eddi c\u00f4ng nh\u00e2n c\u00f3 th\u1ec3 \u0111\u1ee9ng tr\u00ean \u0111\u00f3 \u0111\u1ec3 l\u00e0m vi\u1ec7c.\",\"breadcrumb\":{\"@id\":\"https:\\\/\\\/anhuysafety.com\\\/san-pham\\\/ty-leo-tru-dien-be-tong-ly-tam\\\/#breadcrumb\"},\"inLanguage\":\"en-US\",\"potentialAction\":[{\"@type\":\"ReadAction\",\"target\":[\"https:\\\/\\\/anhuysafety.com\\\/san-pham\\\/ty-leo-tru-dien-be-tong-ly-tam\\\/\"]}]},{\"@type\":\"ImageObject\",\"inLanguage\":\"en-US\",\"@id\":\"https:\\\/\\\/anhuysafety.com\\\/san-pham\\\/ty-leo-tru-dien-be-tong-ly-tam\\\/#primaryimage\",\"url\":\"https:\\\/\\\/anhuysafety.com\\\/wp-content\\\/uploads\\\/2022\\\/04\\\/ty-leo-tru.png\",\"contentUrl\":\"https:\\\/\\\/anhuysafety.com\\\/wp-content\\\/uploads\\\/2022\\\/04\\\/ty-leo-tru.png\",\"width\":720,\"height\":540,\"caption\":\"Ty leo tr\u1ee5\"},{\"@type\":\"BreadcrumbList\",\"@id\":\"https:\\\/\\\/anhuysafety.com\\\/san-pham\\\/ty-leo-tru-dien-be-tong-ly-tam\\\/#breadcrumb\",\"itemListElement\":[{\"@type\":\"ListItem\",\"position\":1,\"name\":\"Trang ch\u1ee7\",\"item\":\"https:\\\/\\\/anhuysafety.com\\\/\"},{\"@type\":\"ListItem\",\"position\":2,\"name\":\"S\u1ea3n ph\u1ea9m\",\"item\":\"http:\\\/\\\/anhuysafety.com\\\/en\\\/cua-hang\"},{\"@type\":\"ListItem\",\"position\":3,\"name\":\"Ty leo tr\u1ee5 \u0111i\u1ec7n b\u00ea t\u00f4ng ly t\u00e2m\"}]},{\"@type\":\"WebSite\",\"@id\":\"https:\\\/\\\/anhuysafety.com\\\/#website\",\"url\":\"https:\\\/\\\/anhuysafety.com\\\/\",\"name\":\"C\u00f4ng Ty TNHH Trang Thi\u1ebft B\u1ecb K\u1ef9 Thu\u1eadt An Huy\",\"description\":\"\",\"publisher\":{\"@id\":\"https:\\\/\\\/anhuysafety.com\\\/#organization\"},\"potentialAction\":[{\"@type\":\"SearchAction\",\"target\":{\"@type\":\"EntryPoint\",\"urlTemplate\":\"https:\\\/\\\/anhuysafety.com\\\/?s={search_term_string}\"},\"query-input\":{\"@type\":\"PropertyValueSpecification\",\"valueRequired\":true,\"valueName\":\"search_term_string\"}}],\"inLanguage\":\"en-US\"},{\"@type\":\"Organization\",\"@id\":\"https:\\\/\\\/anhuysafety.com\\\/#organization\",\"name\":\"C\u00f4ng ty TNHH trang thi\u1ebft b\u1ecb k\u1ef9 thu\u1eadt An Huy\",\"url\":\"https:\\\/\\\/anhuysafety.com\\\/\",\"logo\":{\"@type\":\"ImageObject\",\"inLanguage\":\"en-US\",\"@id\":\"https:\\\/\\\/anhuysafety.com\\\/#\\\/schema\\\/logo\\\/image\\\/\",\"url\":\"https:\\\/\\\/anhuysafety.com\\\/wp-content\\\/uploads\\\/2022\\\/02\\\/cropped-cropped-cropped-LOGO_AN_HUY_SAFETY_chuan-removebg-preview-1.png\",\"contentUrl\":\"https:\\\/\\\/anhuysafety.com\\\/wp-content\\\/uploads\\\/2022\\\/02\\\/cropped-cropped-cropped-LOGO_AN_HUY_SAFETY_chuan-removebg-preview-1.png\",\"width\":357,\"height\":318,\"caption\":\"C\u00f4ng ty TNHH trang thi\u1ebft b\u1ecb k\u1ef9 thu\u1eadt An Huy\"},\"image\":{\"@id\":\"https:\\\/\\\/anhuysafety.com\\\/#\\\/schema\\\/logo\\\/image\\\/\"}}]}<\/script>\n<!-- \/ Yoast SEO plugin. -->","yoast_head_json":{"title":"Ty leo tr\u1ee5 \u0111i\u1ec7n b\u00ea t\u00f4ng ly t\u00e2m - C\u00f4ng Ty TNHH Trang Thi\u1ebft B\u1ecb K\u1ef9 Thu\u1eadt An Huy","description":"Ty leo tr\u1ee5 \u0111i\u1ec7n b\u00ea t\u00f4ng ly t\u00e2m D\u00f9ng \u0111\u1ec3 leo tr\u1ee5 b\u00ea t\u00f4ng ly t\u00e2m v\u00e0 k\u1ebft h\u1ee3p v\u1edbi d\u00e2y an to\u00e0n ng\u01b0\u1eddi c\u00f4ng nh\u00e2n c\u00f3 th\u1ec3 \u0111\u1ee9ng tr\u00ean \u0111\u00f3 \u0111\u1ec3 l\u00e0m vi\u1ec7c.","robots":{"index":"index","follow":"follow","max-snippet":"max-snippet:-1","max-image-preview":"max-image-preview:large","max-video-preview":"max-video-preview:-1"},"canonical":"https:\/\/anhuysafety.com\/en\/product\/ty-leo-tru-dien-be-tong-ly-tam\/","og_locale":"en_US","og_type":"article","og_title":"Ty leo tr\u1ee5 \u0111i\u1ec7n b\u00ea t\u00f4ng ly t\u00e2m - C\u00f4ng Ty TNHH Trang Thi\u1ebft B\u1ecb K\u1ef9 Thu\u1eadt An Huy","og_description":"Ty leo tr\u1ee5 \u0111i\u1ec7n b\u00ea t\u00f4ng ly t\u00e2m D\u00f9ng \u0111\u1ec3 leo tr\u1ee5 b\u00ea t\u00f4ng ly t\u00e2m v\u00e0 k\u1ebft h\u1ee3p v\u1edbi d\u00e2y an to\u00e0n ng\u01b0\u1eddi c\u00f4ng nh\u00e2n c\u00f3 th\u1ec3 \u0111\u1ee9ng tr\u00ean \u0111\u00f3 \u0111\u1ec3 l\u00e0m vi\u1ec7c.","og_url":"https:\/\/anhuysafety.com\/en\/product\/ty-leo-tru-dien-be-tong-ly-tam\/","og_site_name":"C\u00f4ng Ty TNHH Trang Thi\u1ebft B\u1ecb K\u1ef9 Thu\u1eadt An Huy","article_modified_time":"2022-04-12T02:41:49+00:00","og_image":[{"width":720,"height":540,"url":"https:\/\/anhuysafety.com\/wp-content\/uploads\/2022\/04\/ty-leo-tru.png","type":"image\/png"}],"twitter_card":"summary_large_image","twitter_misc":{"Est. reading time":"1 minute"},"schema":{"@context":"https:\/\/schema.org","@graph":[{"@type":"WebPage","@id":"https:\/\/anhuysafety.com\/san-pham\/ty-leo-tru-dien-be-tong-ly-tam\/","url":"https:\/\/anhuysafety.com\/san-pham\/ty-leo-tru-dien-be-tong-ly-tam\/","name":"Ty leo tr\u1ee5 \u0111i\u1ec7n b\u00ea t\u00f4ng ly t\u00e2m - C\u00f4ng Ty TNHH Trang Thi\u1ebft B\u1ecb K\u1ef9 Thu\u1eadt An Huy","isPartOf":{"@id":"https:\/\/anhuysafety.com\/#website"},"primaryImageOfPage":{"@id":"https:\/\/anhuysafety.com\/san-pham\/ty-leo-tru-dien-be-tong-ly-tam\/#primaryimage"},"image":{"@id":"https:\/\/anhuysafety.com\/san-pham\/ty-leo-tru-dien-be-tong-ly-tam\/#primaryimage"},"thumbnailUrl":"https:\/\/anhuysafety.com\/wp-content\/uploads\/2022\/04\/ty-leo-tru.png","datePublished":"2022-04-12T01:32:37+00:00","dateModified":"2022-04-12T02:41:49+00:00","description":"Ty leo tr\u1ee5 \u0111i\u1ec7n b\u00ea t\u00f4ng ly t\u00e2m D\u00f9ng \u0111\u1ec3 leo tr\u1ee5 b\u00ea t\u00f4ng ly t\u00e2m v\u00e0 k\u1ebft h\u1ee3p v\u1edbi d\u00e2y an to\u00e0n ng\u01b0\u1eddi c\u00f4ng nh\u00e2n c\u00f3 th\u1ec3 \u0111\u1ee9ng tr\u00ean \u0111\u00f3 \u0111\u1ec3 l\u00e0m vi\u1ec7c.","breadcrumb":{"@id":"https:\/\/anhuysafety.com\/san-pham\/ty-leo-tru-dien-be-tong-ly-tam\/#breadcrumb"},"inLanguage":"en-US","potentialAction":[{"@type":"ReadAction","target":["https:\/\/anhuysafety.com\/san-pham\/ty-leo-tru-dien-be-tong-ly-tam\/"]}]},{"@type":"ImageObject","inLanguage":"en-US","@id":"https:\/\/anhuysafety.com\/san-pham\/ty-leo-tru-dien-be-tong-ly-tam\/#primaryimage","url":"https:\/\/anhuysafety.com\/wp-content\/uploads\/2022\/04\/ty-leo-tru.png","contentUrl":"https:\/\/anhuysafety.com\/wp-content\/uploads\/2022\/04\/ty-leo-tru.png","width":720,"height":540,"caption":"Ty leo tr\u1ee5"},{"@type":"BreadcrumbList","@id":"https:\/\/anhuysafety.com\/san-pham\/ty-leo-tru-dien-be-tong-ly-tam\/#breadcrumb","itemListElement":[{"@type":"ListItem","position":1,"name":"Trang ch\u1ee7","item":"https:\/\/anhuysafety.com\/"},{"@type":"ListItem","position":2,"name":"S\u1ea3n ph\u1ea9m","item":"http:\/\/anhuysafety.com\/en\/cua-hang"},{"@type":"ListItem","position":3,"name":"Ty leo tr\u1ee5 \u0111i\u1ec7n b\u00ea t\u00f4ng ly t\u00e2m"}]},{"@type":"WebSite","@id":"https:\/\/anhuysafety.com\/#website","url":"https:\/\/anhuysafety.com\/","name":"AN HUY TECHNICAL EQUIPMENT CO., LTD","description":"","publisher":{"@id":"https:\/\/anhuysafety.com\/#organization"},"potentialAction":[{"@type":"SearchAction","target":{"@type":"EntryPoint","urlTemplate":"https:\/\/anhuysafety.com\/?s={search_term_string}"},"query-input":{"@type":"PropertyValueSpecification","valueRequired":true,"valueName":"search_term_string"}}],"inLanguage":"en-US"},{"@type":"Organization","@id":"https:\/\/anhuysafety.com\/#organization","name":"C\u00f4ng ty TNHH trang thi\u1ebft b\u1ecb k\u1ef9 thu\u1eadt An Huy","url":"https:\/\/anhuysafety.com\/","logo":{"@type":"ImageObject","inLanguage":"en-US","@id":"https:\/\/anhuysafety.com\/#\/schema\/logo\/image\/","url":"https:\/\/anhuysafety.com\/wp-content\/uploads\/2022\/02\/cropped-cropped-cropped-LOGO_AN_HUY_SAFETY_chuan-removebg-preview-1.png","contentUrl":"https:\/\/anhuysafety.com\/wp-content\/uploads\/2022\/02\/cropped-cropped-cropped-LOGO_AN_HUY_SAFETY_chuan-removebg-preview-1.png","width":357,"height":318,"caption":"C\u00f4ng ty TNHH trang thi\u1ebft b\u1ecb k\u1ef9 thu\u1eadt An Huy"},"image":{"@id":"https:\/\/anhuysafety.com\/#\/schema\/logo\/image\/"}}]}},"_links":{"self":[{"href":"https:\/\/anhuysafety.com\/en\/wp-json\/wp\/v2\/product\/3653","targetHints":{"allow":["GET"]}}],"collection":[{"href":"https:\/\/anhuysafety.com\/en\/wp-json\/wp\/v2\/product"}],"about":[{"href":"https:\/\/anhuysafety.com\/en\/wp-json\/wp\/v2\/types\/product"}],"version-history":[{"count":1,"href":"https:\/\/anhuysafety.com\/en\/wp-json\/wp\/v2\/product\/3653\/revisions"}],"predecessor-version":[{"id":3655,"href":"https:\/\/anhuysafety.com\/en\/wp-json\/wp\/v2\/product\/3653\/revisions\/3655"}],"wp:featuredmedia":[{"embeddable":true,"href":"https:\/\/anhuysafety.com\/en\/wp-json\/wp\/v2\/media\/3654"}],"wp:attachment":[{"href":"https:\/\/anhuysafety.com\/en\/wp-json\/wp\/v2\/media?parent=3653"}],"wp:term":[{"taxonomy":"product_brand","embeddable":true,"href":"https:\/\/anhuysafety.com\/en\/wp-json\/wp\/v2\/product_brand?post=3653"},{"taxonomy":"product_cat","embeddable":true,"href":"https:\/\/anhuysafety.com\/en\/wp-json\/wp\/v2\/product_cat?post=3653"},{"taxonomy":"product_tag","embeddable":true,"href":"https:\/\/anhuysafety.com\/en\/wp-json\/wp\/v2\/product_tag?post=3653"}],"curies":[{"name":"wp","href":"https:\/\/api.w.org\/{rel}","templated":true}]}}