{"id":3660,"date":"2022-04-12T08:43:44","date_gmt":"2022-04-12T01:43:44","guid":{"rendered":"https:\/\/anhuysafety.com\/?post_type=product&#038;p=3660"},"modified":"2022-04-12T08:53:23","modified_gmt":"2022-04-12T01:53:23","slug":"giay-vai-cao-co-de-cao-m022","status":"publish","type":"product","link":"https:\/\/anhuysafety.com\/en\/product\/giay-vai-cao-co-de-cao-m022\/","title":{"rendered":"Gi\u00e0y v\u1ea3i cao c\u1ed5 \u0111\u1ebf cao M022"},"content":{"rendered":"<div class=\"tab-content\">\n<div id=\"home\" class=\"tab-pane fade in active\">\n<div class=\"col-xs-12\">\n<p>Gi\u00e0y v\u1ea3i cao c\u1ed5 lo\u1ea1i c\u1ed9t d\u00e2y.<br \/>\n\u0110\u1ec1 g\u1ed3 m\u00e0u tr\u1eafng.<\/p>\n<p>S\u1ea3n ph\u1ea9m do Doanh nghi\u1ec7p gi\u00e0y \u00c1 Ch\u00e2u s\u1ea3n xu\u1ea5t.<\/p>\n<\/div>\n<\/div>\n<\/div>","protected":false},"excerpt":{"rendered":"<p>Gi\u00e0y v\u1ea3i cao c\u1ed5 lo\u1ea1i c\u1ed9t d\u00e2y. \u0110\u1ec1 g\u1ed3 m\u00e0u tr\u1eafng. S\u1ea3n ph\u1ea9m do Doanh nghi\u1ec7p gi\u00e0y \u00c1 Ch\u00e2u s\u1ea3n xu\u1ea5t.<\/p>","protected":false},"featured_media":3661,"template":"","meta":{"site-sidebar-layout":"default","site-content-layout":"default","ast-site-content-layout":"default","site-content-style":"default","site-sidebar-style":"default","ast-global-header-display":"","ast-banner-title-visibility":"","ast-main-header-display":"","ast-hfb-above-header-display":"","ast-hfb-below-header-display":"","ast-hfb-mobile-header-display":"","site-post-title":"","ast-breadcrumbs-content":"","ast-featured-img":"","footer-sml-layout":"","ast-disable-related-posts":"","theme-transparent-header-meta":"","adv-header-id-meta":"","stick-header-meta":"","header-above-stick-meta":"","header-main-stick-meta":"","header-below-stick-meta":"","astra-migrate-meta-layouts":"default","ast-page-background-enabled":"default","ast-page-background-meta":{"desktop":{"background-color":"","background-image":"","background-repeat":"repeat","background-position":"center center","background-size":"auto","background-attachment":"scroll","background-type":"","background-media":"","overlay-type":"","overlay-color":"","overlay-opacity":"","overlay-gradient":""},"tablet":{"background-color":"","background-image":"","background-repeat":"repeat","background-position":"center center","background-size":"auto","background-attachment":"scroll","background-type":"","background-media":"","overlay-type":"","overlay-color":"","overlay-opacity":"","overlay-gradient":""},"mobile":{"background-color":"","background-image":"","background-repeat":"repeat","background-position":"center center","background-size":"auto","background-attachment":"scroll","background-type":"","background-media":"","overlay-type":"","overlay-color":"","overlay-opacity":"","overlay-gradient":""}},"ast-content-background-meta":{"desktop":{"background-color":"var(--ast-global-color-5)","background-image":"","background-repeat":"repeat","background-position":"center center","background-size":"auto","background-attachment":"scroll","background-type":"","background-media":"","overlay-type":"","overlay-color":"","overlay-opacity":"","overlay-gradient":""},"tablet":{"background-color":"var(--ast-global-color-5)","background-image":"","background-repeat":"repeat","background-position":"center center","background-size":"auto","background-attachment":"scroll","background-type":"","background-media":"","overlay-type":"","overlay-color":"","overlay-opacity":"","overlay-gradient":""},"mobile":{"background-color":"var(--ast-global-color-5)","background-image":"","background-repeat":"repeat","background-position":"center center","background-size":"auto","background-attachment":"scroll","background-type":"","background-media":"","overlay-type":"","overlay-color":"","overlay-opacity":"","overlay-gradient":""}}},"product_brand":[],"product_cat":[142,67,84],"product_tag":[],"class_list":{"0":"post-3660","1":"product","2":"type-product","3":"status-publish","4":"has-post-thumbnail","6":"product_cat-giay-vai-bao-ho-lao-dong","7":"product_cat-bao-ve-ca-nhan","8":"product_cat-bao-ve-chan","9":"desktop-align-left","10":"tablet-align-left","11":"mobile-align-left","13":"first","14":"instock","15":"shipping-taxable","16":"product-type-simple"},"yoast_head":"<!-- This site is optimized with the Yoast SEO plugin v27.3 - https:\/\/yoast.com\/product\/yoast-seo-wordpress\/ -->\n<title>Gi\u00e0y v\u1ea3i cao c\u1ed5 \u0111\u1ebf cao M022 - C\u00f4ng Ty TNHH Trang Thi\u1ebft B\u1ecb K\u1ef9 Thu\u1eadt An Huy<\/title>\n<meta name=\"description\" content=\"Gi\u00e0y v\u1ea3i cao c\u1ed5 \u0111\u1ebf cao M022\" \/>\n<meta name=\"robots\" content=\"index, follow, max-snippet:-1, max-image-preview:large, max-video-preview:-1\" \/>\n<link rel=\"canonical\" href=\"https:\/\/anhuysafety.com\/en\/product\/giay-vai-cao-co-de-cao-m022\/\" \/>\n<meta property=\"og:locale\" content=\"en_US\" \/>\n<meta property=\"og:type\" content=\"article\" \/>\n<meta property=\"og:title\" content=\"Gi\u00e0y v\u1ea3i cao c\u1ed5 \u0111\u1ebf cao M022 - C\u00f4ng Ty TNHH Trang Thi\u1ebft B\u1ecb K\u1ef9 Thu\u1eadt An Huy\" \/>\n<meta property=\"og:description\" content=\"Gi\u00e0y v\u1ea3i cao c\u1ed5 \u0111\u1ebf cao M022\" \/>\n<meta property=\"og:url\" content=\"https:\/\/anhuysafety.com\/en\/product\/giay-vai-cao-co-de-cao-m022\/\" \/>\n<meta property=\"og:site_name\" content=\"C\u00f4ng Ty TNHH Trang Thi\u1ebft B\u1ecb K\u1ef9 Thu\u1eadt An Huy\" \/>\n<meta property=\"article:modified_time\" content=\"2022-04-12T01:53:23+00:00\" \/>\n<meta property=\"og:image\" content=\"https:\/\/anhuysafety.com\/wp-content\/uploads\/2022\/04\/asiacaocodecaocotday38196849.gif\" \/>\n\t<meta property=\"og:image:width\" content=\"400\" \/>\n\t<meta property=\"og:image:height\" content=\"300\" \/>\n\t<meta property=\"og:image:type\" content=\"image\/gif\" \/>\n<meta name=\"twitter:card\" content=\"summary_large_image\" \/>\n<script type=\"application\/ld+json\" class=\"yoast-schema-graph\">{\"@context\":\"https:\\\/\\\/schema.org\",\"@graph\":[{\"@type\":\"WebPage\",\"@id\":\"https:\\\/\\\/anhuysafety.com\\\/san-pham\\\/giay-vai-cao-co-de-cao-m022\\\/\",\"url\":\"https:\\\/\\\/anhuysafety.com\\\/san-pham\\\/giay-vai-cao-co-de-cao-m022\\\/\",\"name\":\"Gi\u00e0y v\u1ea3i cao c\u1ed5 \u0111\u1ebf cao M022 - C\u00f4ng Ty TNHH Trang Thi\u1ebft B\u1ecb K\u1ef9 Thu\u1eadt An Huy\",\"isPartOf\":{\"@id\":\"https:\\\/\\\/anhuysafety.com\\\/#website\"},\"primaryImageOfPage\":{\"@id\":\"https:\\\/\\\/anhuysafety.com\\\/san-pham\\\/giay-vai-cao-co-de-cao-m022\\\/#primaryimage\"},\"image\":{\"@id\":\"https:\\\/\\\/anhuysafety.com\\\/san-pham\\\/giay-vai-cao-co-de-cao-m022\\\/#primaryimage\"},\"thumbnailUrl\":\"https:\\\/\\\/anhuysafety.com\\\/wp-content\\\/uploads\\\/2022\\\/04\\\/asiacaocodecaocotday38196849.gif\",\"datePublished\":\"2022-04-12T01:43:44+00:00\",\"dateModified\":\"2022-04-12T01:53:23+00:00\",\"description\":\"Gi\u00e0y v\u1ea3i cao c\u1ed5 \u0111\u1ebf cao M022\",\"breadcrumb\":{\"@id\":\"https:\\\/\\\/anhuysafety.com\\\/san-pham\\\/giay-vai-cao-co-de-cao-m022\\\/#breadcrumb\"},\"inLanguage\":\"en-US\",\"potentialAction\":[{\"@type\":\"ReadAction\",\"target\":[\"https:\\\/\\\/anhuysafety.com\\\/san-pham\\\/giay-vai-cao-co-de-cao-m022\\\/\"]}]},{\"@type\":\"ImageObject\",\"inLanguage\":\"en-US\",\"@id\":\"https:\\\/\\\/anhuysafety.com\\\/san-pham\\\/giay-vai-cao-co-de-cao-m022\\\/#primaryimage\",\"url\":\"https:\\\/\\\/anhuysafety.com\\\/wp-content\\\/uploads\\\/2022\\\/04\\\/asiacaocodecaocotday38196849.gif\",\"contentUrl\":\"https:\\\/\\\/anhuysafety.com\\\/wp-content\\\/uploads\\\/2022\\\/04\\\/asiacaocodecaocotday38196849.gif\",\"width\":400,\"height\":300,\"caption\":\"Gi\u00e0y v\u1ea3i cao c\u1ed5 \u0111\u1ebf cao\"},{\"@type\":\"BreadcrumbList\",\"@id\":\"https:\\\/\\\/anhuysafety.com\\\/san-pham\\\/giay-vai-cao-co-de-cao-m022\\\/#breadcrumb\",\"itemListElement\":[{\"@type\":\"ListItem\",\"position\":1,\"name\":\"Trang ch\u1ee7\",\"item\":\"https:\\\/\\\/anhuysafety.com\\\/\"},{\"@type\":\"ListItem\",\"position\":2,\"name\":\"S\u1ea3n ph\u1ea9m\",\"item\":\"http:\\\/\\\/anhuysafety.com\\\/en\\\/cua-hang\"},{\"@type\":\"ListItem\",\"position\":3,\"name\":\"Gi\u00e0y v\u1ea3i cao c\u1ed5 \u0111\u1ebf cao M022\"}]},{\"@type\":\"WebSite\",\"@id\":\"https:\\\/\\\/anhuysafety.com\\\/#website\",\"url\":\"https:\\\/\\\/anhuysafety.com\\\/\",\"name\":\"C\u00f4ng Ty TNHH Trang Thi\u1ebft B\u1ecb K\u1ef9 Thu\u1eadt An Huy\",\"description\":\"\",\"publisher\":{\"@id\":\"https:\\\/\\\/anhuysafety.com\\\/#organization\"},\"potentialAction\":[{\"@type\":\"SearchAction\",\"target\":{\"@type\":\"EntryPoint\",\"urlTemplate\":\"https:\\\/\\\/anhuysafety.com\\\/?s={search_term_string}\"},\"query-input\":{\"@type\":\"PropertyValueSpecification\",\"valueRequired\":true,\"valueName\":\"search_term_string\"}}],\"inLanguage\":\"en-US\"},{\"@type\":\"Organization\",\"@id\":\"https:\\\/\\\/anhuysafety.com\\\/#organization\",\"name\":\"C\u00f4ng ty TNHH trang thi\u1ebft b\u1ecb k\u1ef9 thu\u1eadt An Huy\",\"url\":\"https:\\\/\\\/anhuysafety.com\\\/\",\"logo\":{\"@type\":\"ImageObject\",\"inLanguage\":\"en-US\",\"@id\":\"https:\\\/\\\/anhuysafety.com\\\/#\\\/schema\\\/logo\\\/image\\\/\",\"url\":\"https:\\\/\\\/anhuysafety.com\\\/wp-content\\\/uploads\\\/2022\\\/02\\\/cropped-cropped-cropped-LOGO_AN_HUY_SAFETY_chuan-removebg-preview-1.png\",\"contentUrl\":\"https:\\\/\\\/anhuysafety.com\\\/wp-content\\\/uploads\\\/2022\\\/02\\\/cropped-cropped-cropped-LOGO_AN_HUY_SAFETY_chuan-removebg-preview-1.png\",\"width\":357,\"height\":318,\"caption\":\"C\u00f4ng ty TNHH trang thi\u1ebft b\u1ecb k\u1ef9 thu\u1eadt An Huy\"},\"image\":{\"@id\":\"https:\\\/\\\/anhuysafety.com\\\/#\\\/schema\\\/logo\\\/image\\\/\"}}]}<\/script>\n<!-- \/ Yoast SEO plugin. -->","yoast_head_json":{"title":"Gi\u00e0y v\u1ea3i cao c\u1ed5 \u0111\u1ebf cao M022 - C\u00f4ng Ty TNHH Trang Thi\u1ebft B\u1ecb K\u1ef9 Thu\u1eadt An Huy","description":"Gi\u00e0y v\u1ea3i cao c\u1ed5 \u0111\u1ebf cao M022","robots":{"index":"index","follow":"follow","max-snippet":"max-snippet:-1","max-image-preview":"max-image-preview:large","max-video-preview":"max-video-preview:-1"},"canonical":"https:\/\/anhuysafety.com\/en\/product\/giay-vai-cao-co-de-cao-m022\/","og_locale":"en_US","og_type":"article","og_title":"Gi\u00e0y v\u1ea3i cao c\u1ed5 \u0111\u1ebf cao M022 - C\u00f4ng Ty TNHH Trang Thi\u1ebft B\u1ecb K\u1ef9 Thu\u1eadt An Huy","og_description":"Gi\u00e0y v\u1ea3i cao c\u1ed5 \u0111\u1ebf cao M022","og_url":"https:\/\/anhuysafety.com\/en\/product\/giay-vai-cao-co-de-cao-m022\/","og_site_name":"C\u00f4ng Ty TNHH Trang Thi\u1ebft B\u1ecb K\u1ef9 Thu\u1eadt An Huy","article_modified_time":"2022-04-12T01:53:23+00:00","og_image":[{"width":400,"height":300,"url":"https:\/\/anhuysafety.com\/wp-content\/uploads\/2022\/04\/asiacaocodecaocotday38196849.gif","type":"image\/gif"}],"twitter_card":"summary_large_image","schema":{"@context":"https:\/\/schema.org","@graph":[{"@type":"WebPage","@id":"https:\/\/anhuysafety.com\/san-pham\/giay-vai-cao-co-de-cao-m022\/","url":"https:\/\/anhuysafety.com\/san-pham\/giay-vai-cao-co-de-cao-m022\/","name":"Gi\u00e0y v\u1ea3i cao c\u1ed5 \u0111\u1ebf cao M022 - C\u00f4ng Ty TNHH Trang Thi\u1ebft B\u1ecb K\u1ef9 Thu\u1eadt An Huy","isPartOf":{"@id":"https:\/\/anhuysafety.com\/#website"},"primaryImageOfPage":{"@id":"https:\/\/anhuysafety.com\/san-pham\/giay-vai-cao-co-de-cao-m022\/#primaryimage"},"image":{"@id":"https:\/\/anhuysafety.com\/san-pham\/giay-vai-cao-co-de-cao-m022\/#primaryimage"},"thumbnailUrl":"https:\/\/anhuysafety.com\/wp-content\/uploads\/2022\/04\/asiacaocodecaocotday38196849.gif","datePublished":"2022-04-12T01:43:44+00:00","dateModified":"2022-04-12T01:53:23+00:00","description":"Gi\u00e0y v\u1ea3i cao c\u1ed5 \u0111\u1ebf cao M022","breadcrumb":{"@id":"https:\/\/anhuysafety.com\/san-pham\/giay-vai-cao-co-de-cao-m022\/#breadcrumb"},"inLanguage":"en-US","potentialAction":[{"@type":"ReadAction","target":["https:\/\/anhuysafety.com\/san-pham\/giay-vai-cao-co-de-cao-m022\/"]}]},{"@type":"ImageObject","inLanguage":"en-US","@id":"https:\/\/anhuysafety.com\/san-pham\/giay-vai-cao-co-de-cao-m022\/#primaryimage","url":"https:\/\/anhuysafety.com\/wp-content\/uploads\/2022\/04\/asiacaocodecaocotday38196849.gif","contentUrl":"https:\/\/anhuysafety.com\/wp-content\/uploads\/2022\/04\/asiacaocodecaocotday38196849.gif","width":400,"height":300,"caption":"Gi\u00e0y v\u1ea3i cao c\u1ed5 \u0111\u1ebf cao"},{"@type":"BreadcrumbList","@id":"https:\/\/anhuysafety.com\/san-pham\/giay-vai-cao-co-de-cao-m022\/#breadcrumb","itemListElement":[{"@type":"ListItem","position":1,"name":"Trang ch\u1ee7","item":"https:\/\/anhuysafety.com\/"},{"@type":"ListItem","position":2,"name":"S\u1ea3n ph\u1ea9m","item":"http:\/\/anhuysafety.com\/en\/cua-hang"},{"@type":"ListItem","position":3,"name":"Gi\u00e0y v\u1ea3i cao c\u1ed5 \u0111\u1ebf cao M022"}]},{"@type":"WebSite","@id":"https:\/\/anhuysafety.com\/#website","url":"https:\/\/anhuysafety.com\/","name":"AN HUY TECHNICAL EQUIPMENT CO., LTD","description":"","publisher":{"@id":"https:\/\/anhuysafety.com\/#organization"},"potentialAction":[{"@type":"SearchAction","target":{"@type":"EntryPoint","urlTemplate":"https:\/\/anhuysafety.com\/?s={search_term_string}"},"query-input":{"@type":"PropertyValueSpecification","valueRequired":true,"valueName":"search_term_string"}}],"inLanguage":"en-US"},{"@type":"Organization","@id":"https:\/\/anhuysafety.com\/#organization","name":"C\u00f4ng ty TNHH trang thi\u1ebft b\u1ecb k\u1ef9 thu\u1eadt An Huy","url":"https:\/\/anhuysafety.com\/","logo":{"@type":"ImageObject","inLanguage":"en-US","@id":"https:\/\/anhuysafety.com\/#\/schema\/logo\/image\/","url":"https:\/\/anhuysafety.com\/wp-content\/uploads\/2022\/02\/cropped-cropped-cropped-LOGO_AN_HUY_SAFETY_chuan-removebg-preview-1.png","contentUrl":"https:\/\/anhuysafety.com\/wp-content\/uploads\/2022\/02\/cropped-cropped-cropped-LOGO_AN_HUY_SAFETY_chuan-removebg-preview-1.png","width":357,"height":318,"caption":"C\u00f4ng ty TNHH trang thi\u1ebft b\u1ecb k\u1ef9 thu\u1eadt An Huy"},"image":{"@id":"https:\/\/anhuysafety.com\/#\/schema\/logo\/image\/"}}]}},"_links":{"self":[{"href":"https:\/\/anhuysafety.com\/en\/wp-json\/wp\/v2\/product\/3660","targetHints":{"allow":["GET"]}}],"collection":[{"href":"https:\/\/anhuysafety.com\/en\/wp-json\/wp\/v2\/product"}],"about":[{"href":"https:\/\/anhuysafety.com\/en\/wp-json\/wp\/v2\/types\/product"}],"version-history":[{"count":2,"href":"https:\/\/anhuysafety.com\/en\/wp-json\/wp\/v2\/product\/3660\/revisions"}],"predecessor-version":[{"id":3663,"href":"https:\/\/anhuysafety.com\/en\/wp-json\/wp\/v2\/product\/3660\/revisions\/3663"}],"wp:featuredmedia":[{"embeddable":true,"href":"https:\/\/anhuysafety.com\/en\/wp-json\/wp\/v2\/media\/3661"}],"wp:attachment":[{"href":"https:\/\/anhuysafety.com\/en\/wp-json\/wp\/v2\/media?parent=3660"}],"wp:term":[{"taxonomy":"product_brand","embeddable":true,"href":"https:\/\/anhuysafety.com\/en\/wp-json\/wp\/v2\/product_brand?post=3660"},{"taxonomy":"product_cat","embeddable":true,"href":"https:\/\/anhuysafety.com\/en\/wp-json\/wp\/v2\/product_cat?post=3660"},{"taxonomy":"product_tag","embeddable":true,"href":"https:\/\/anhuysafety.com\/en\/wp-json\/wp\/v2\/product_tag?post=3660"}],"curies":[{"name":"wp","href":"https:\/\/api.w.org\/{rel}","templated":true}]}}