{"id":3668,"date":"2022-04-12T09:01:25","date_gmt":"2022-04-12T02:01:25","guid":{"rendered":"https:\/\/anhuysafety.com\/?post_type=product&#038;p=3668"},"modified":"2022-04-16T15:52:06","modified_gmt":"2022-04-16T08:52:06","slug":"giay-da-han-quoc-x-403-x-track","status":"publish","type":"product","link":"https:\/\/anhuysafety.com\/en\/product\/giay-da-han-quoc-x-403-x-track\/","title":{"rendered":"Gi\u00e0y da H\u00e0n Qu\u1ed1c X-403 X-Track"},"content":{"rendered":"<p><strong>Gi\u00e0y da an to\u00e0n X-Track H\u00e0n Qu\u1ed1c X-403<\/strong><br \/>\n&#8211; M\u00e0u v\u1ea3i Kaki<br \/>\n&#8211; Ki\u1ec3u d\u00e1ng m\u1ea1nh m\u1ebd, \u0111\u1eb9p s\u1eafc s\u1ea3o . K\u1ebft c\u1ea5u ph\u00eda tr\u00ean \u0111\u1ebf b\u1eb1ng da b\u00f2 ch\u1ea5t l\u01b0\u01a1ng cao , xen k\u1ebd l\u00e0 c\u00e1c b\u0103ng b\u1eb1ng s\u1ee3i t\u1ed5ng h\u1ee3p l\u00e0m t\u0103ng kh\u1ea3 n\u0103ng th\u00f4ng kh\u00ed.<br \/>\n&#8211; M\u0169i gi\u00e0y c\u00f3 bu th\u00e9p ch\u1ed1ng d\u1eadp ng\u00f3n ch\u00e2n,<br \/>\n&#8211; Ph\u00eda trong \u0111\u1ebf c\u00f3 l\u00f3t t\u1ea5m th\u00e9p ch\u1ed1ng v\u1eadt nh\u1ecdn \u0111\u00e2m xuy\u00ean,<br \/>\n&#8211; B\u00ean h\u00f4ng gi\u00e0y c\u00f3 b\u1ed5 sung th\u00eam l\u1ed7 th\u00f4ng kh\u00ed gi\u00fap th\u00f4ng tho\u00e1ng b\u00e0n ch\u00e2n.<br \/>\n&#8211; \u0110\u1ebf gi\u1ea7y b\u1eb1ng cao su c\u00f3 t\u00ednh n\u0103ng ch\u1ed1ng d\u1ea7u, m\u1eb7t d\u01b0\u1edbi \u0111\u1ebf gi\u00e0y c\u00f3 c\u00e1c gai l\u00e0m t\u0103ng kh\u1ea3 n\u0103ng b\u00e1m ch\u1eafc khi leo tr\u00e8o, li\u00ean k\u1ebft gi\u1eefa \u0111\u1ebf v\u00e0 c\u00e1c th\u00e0nh ph\u1ea7n kh\u00e1c c\u1ee7a gi\u00e0y r\u1ea5t ch\u1eafc ch\u1eafn l\u00e0m t\u0103ng tu\u1ed5i th\u1ecd s\u1eed d\u1ee5ng.<br \/>\n&#8211; T\u1ea5m \u0111\u1ec7m d\u00e0y ( c\u00f3 th\u1ec3 th\u00e1o r\u1eddi \u0111\u1ec3 v\u1ec7 sinh ) c\u00f3 ch\u1ea5t l\u01b0\u1ee3ng tuy\u1ec7t v\u1eddi , \u0111\u01b0\u1ee3c l\u00e0m b\u1eb1ng v\u1eadt li\u1ec7u x\u1ed1p c\u00f3 c\u00e1c l\u1ed7 ph\u00eda d\u01b0\u1edbi gi\u00fap gi\u1ea3m ch\u1ea5n v\u00e0 b\u00e0n ch\u00e2n lu\u00f4n kh\u00f4 r\u00e1o.<br \/>\n&#8211; Gi\u00e0y \u0111\u01b0\u1ee3c thi\u1ebft k\u1ebf d\u1ef1a tr\u00ean nh\u00e2n tr\u1eafc b\u00e0n ch\u00e2n ng\u01b0\u1eddi Ch\u00e2u \u00c1 v\u00ec v\u1eady khi mang<br \/>\nr\u1ea5t tho\u1ea3i m\u00e1i d\u1ec5 ch\u1ecbu d\u00f9 ph\u1ea3i s\u1eed d\u1ee5ng trong nhi\u1ec1u gi\u1edd lao \u0111\u1ed9ng li\u00ean t\u1ee5c.<br \/>\n&#8211; C\u1ee1 s\u1ed1 : 230~290mm<\/p>\n<p>Xu\u1ea5t x\u1ee9: Korean<\/p>","protected":false},"excerpt":{"rendered":"<p>Gi\u00e0y da an to\u00e0n X-Track H\u00e0n Qu\u1ed1c X-403 &#8211; M\u00e0u v\u1ea3i Kaki &#8211; Ki\u1ec3u d\u00e1ng m\u1ea1nh m\u1ebd, \u0111\u1eb9p s\u1eafc s\u1ea3o . K\u1ebft c\u1ea5u ph\u00eda tr\u00ean \u0111\u1ebf b\u1eb1ng da b\u00f2 ch\u1ea5t l\u01b0\u01a1ng cao , xen k\u1ebd l\u00e0 c\u00e1c b\u0103ng b\u1eb1ng s\u1ee3i t\u1ed5ng h\u1ee3p l\u00e0m t\u0103ng kh\u1ea3 n\u0103ng th\u00f4ng kh\u00ed. &#8211; M\u0169i gi\u00e0y c\u00f3 bu th\u00e9p ch\u1ed1ng [&hellip;]<\/p>\n","protected":false},"featured_media":3669,"template":"","meta":{"site-sidebar-layout":"default","site-content-layout":"default","ast-site-content-layout":"default","site-content-style":"default","site-sidebar-style":"default","ast-global-header-display":"","ast-banner-title-visibility":"","ast-main-header-display":"","ast-hfb-above-header-display":"","ast-hfb-below-header-display":"","ast-hfb-mobile-header-display":"","site-post-title":"","ast-breadcrumbs-content":"","ast-featured-img":"","footer-sml-layout":"","ast-disable-related-posts":"","theme-transparent-header-meta":"","adv-header-id-meta":"","stick-header-meta":"","header-above-stick-meta":"","header-main-stick-meta":"","header-below-stick-meta":"","astra-migrate-meta-layouts":"default","ast-page-background-enabled":"default","ast-page-background-meta":{"desktop":{"background-color":"","background-image":"","background-repeat":"repeat","background-position":"center center","background-size":"auto","background-attachment":"scroll","background-type":"","background-media":"","overlay-type":"","overlay-color":"","overlay-opacity":"","overlay-gradient":""},"tablet":{"background-color":"","background-image":"","background-repeat":"repeat","background-position":"center center","background-size":"auto","background-attachment":"scroll","background-type":"","background-media":"","overlay-type":"","overlay-color":"","overlay-opacity":"","overlay-gradient":""},"mobile":{"background-color":"","background-image":"","background-repeat":"repeat","background-position":"center center","background-size":"auto","background-attachment":"scroll","background-type":"","background-media":"","overlay-type":"","overlay-color":"","overlay-opacity":"","overlay-gradient":""}},"ast-content-background-meta":{"desktop":{"background-color":"var(--ast-global-color-5)","background-image":"","background-repeat":"repeat","background-position":"center center","background-size":"auto","background-attachment":"scroll","background-type":"","background-media":"","overlay-type":"","overlay-color":"","overlay-opacity":"","overlay-gradient":""},"tablet":{"background-color":"var(--ast-global-color-5)","background-image":"","background-repeat":"repeat","background-position":"center center","background-size":"auto","background-attachment":"scroll","background-type":"","background-media":"","overlay-type":"","overlay-color":"","overlay-opacity":"","overlay-gradient":""},"mobile":{"background-color":"var(--ast-global-color-5)","background-image":"","background-repeat":"repeat","background-position":"center center","background-size":"auto","background-attachment":"scroll","background-type":"","background-media":"","overlay-type":"","overlay-color":"","overlay-opacity":"","overlay-gradient":""}}},"product_brand":[],"product_cat":[145,67,84],"product_tag":[],"class_list":{"0":"post-3668","1":"product","2":"type-product","3":"status-publish","4":"has-post-thumbnail","6":"product_cat-giay-bao-ho-nhap-khau-khac","7":"product_cat-bao-ve-ca-nhan","8":"product_cat-bao-ve-chan","9":"desktop-align-left","10":"tablet-align-left","11":"mobile-align-left","13":"first","14":"instock","15":"shipping-taxable","16":"product-type-simple"},"yoast_head":"<!-- This site is optimized with the Yoast SEO plugin v27.3 - https:\/\/yoast.com\/product\/yoast-seo-wordpress\/ -->\n<title>Gi\u00e0y da H\u00e0n Qu\u1ed1c X-403 X-Track - C\u00f4ng Ty TNHH Trang Thi\u1ebft B\u1ecb K\u1ef9 Thu\u1eadt An Huy<\/title>\n<meta name=\"description\" content=\"Gi\u00e0y da H\u00e0n Qu\u1ed1c X-403 X-Track\" \/>\n<meta name=\"robots\" content=\"index, follow, max-snippet:-1, max-image-preview:large, max-video-preview:-1\" \/>\n<link rel=\"canonical\" href=\"http:\/\/anhuysafety.com\/en\/product\/giay-da-han-quoc-x-403-x-track\/\" \/>\n<meta property=\"og:locale\" content=\"en_US\" \/>\n<meta property=\"og:type\" content=\"article\" \/>\n<meta property=\"og:title\" content=\"Gi\u00e0y da H\u00e0n Qu\u1ed1c X-403 X-Track - C\u00f4ng Ty TNHH Trang Thi\u1ebft B\u1ecb K\u1ef9 Thu\u1eadt An Huy\" \/>\n<meta property=\"og:description\" content=\"Gi\u00e0y da H\u00e0n Qu\u1ed1c X-403 X-Track\" \/>\n<meta property=\"og:url\" content=\"http:\/\/anhuysafety.com\/en\/product\/giay-da-han-quoc-x-403-x-track\/\" \/>\n<meta property=\"og:site_name\" content=\"C\u00f4ng Ty TNHH Trang Thi\u1ebft B\u1ecb K\u1ef9 Thu\u1eadt An Huy\" \/>\n<meta property=\"article:modified_time\" content=\"2022-04-16T08:52:06+00:00\" \/>\n<meta property=\"og:image\" content=\"https:\/\/anhuysafety.com\/wp-content\/uploads\/2022\/04\/x40319630320.jpg\" \/>\n\t<meta property=\"og:image:width\" content=\"200\" \/>\n\t<meta property=\"og:image:height\" content=\"150\" \/>\n\t<meta property=\"og:image:type\" content=\"image\/jpeg\" \/>\n<meta name=\"twitter:card\" content=\"summary_large_image\" \/>\n<meta name=\"twitter:label1\" content=\"Est. reading time\" \/>\n\t<meta name=\"twitter:data1\" content=\"2 minutes\" \/>\n<script type=\"application\/ld+json\" class=\"yoast-schema-graph\">{\"@context\":\"https:\\\/\\\/schema.org\",\"@graph\":[{\"@type\":\"WebPage\",\"@id\":\"http:\\\/\\\/anhuysafety.com\\\/en\\\/product\\\/giay-da-han-quoc-x-403-x-track\\\/\",\"url\":\"http:\\\/\\\/anhuysafety.com\\\/en\\\/product\\\/giay-da-han-quoc-x-403-x-track\\\/\",\"name\":\"Gi\u00e0y da H\u00e0n Qu\u1ed1c X-403 X-Track - C\u00f4ng Ty TNHH Trang Thi\u1ebft B\u1ecb K\u1ef9 Thu\u1eadt An Huy\",\"isPartOf\":{\"@id\":\"https:\\\/\\\/anhuysafety.com\\\/#website\"},\"primaryImageOfPage\":{\"@id\":\"http:\\\/\\\/anhuysafety.com\\\/en\\\/product\\\/giay-da-han-quoc-x-403-x-track\\\/#primaryimage\"},\"image\":{\"@id\":\"http:\\\/\\\/anhuysafety.com\\\/en\\\/product\\\/giay-da-han-quoc-x-403-x-track\\\/#primaryimage\"},\"thumbnailUrl\":\"https:\\\/\\\/anhuysafety.com\\\/wp-content\\\/uploads\\\/2022\\\/04\\\/x40319630320.jpg\",\"datePublished\":\"2022-04-12T02:01:25+00:00\",\"dateModified\":\"2022-04-16T08:52:06+00:00\",\"description\":\"Gi\u00e0y da H\u00e0n Qu\u1ed1c X-403 X-Track\",\"breadcrumb\":{\"@id\":\"http:\\\/\\\/anhuysafety.com\\\/en\\\/product\\\/giay-da-han-quoc-x-403-x-track\\\/#breadcrumb\"},\"inLanguage\":\"en-US\",\"potentialAction\":[{\"@type\":\"ReadAction\",\"target\":[\"http:\\\/\\\/anhuysafety.com\\\/en\\\/product\\\/giay-da-han-quoc-x-403-x-track\\\/\"]}]},{\"@type\":\"ImageObject\",\"inLanguage\":\"en-US\",\"@id\":\"http:\\\/\\\/anhuysafety.com\\\/en\\\/product\\\/giay-da-han-quoc-x-403-x-track\\\/#primaryimage\",\"url\":\"https:\\\/\\\/anhuysafety.com\\\/wp-content\\\/uploads\\\/2022\\\/04\\\/x40319630320.jpg\",\"contentUrl\":\"https:\\\/\\\/anhuysafety.com\\\/wp-content\\\/uploads\\\/2022\\\/04\\\/x40319630320.jpg\",\"width\":200,\"height\":150,\"caption\":\"Gi\u00e0y da H\u00e0n Qu\u1ed1c\"},{\"@type\":\"BreadcrumbList\",\"@id\":\"http:\\\/\\\/anhuysafety.com\\\/en\\\/product\\\/giay-da-han-quoc-x-403-x-track\\\/#breadcrumb\",\"itemListElement\":[{\"@type\":\"ListItem\",\"position\":1,\"name\":\"Trang ch\u1ee7\",\"item\":\"https:\\\/\\\/anhuysafety.com\\\/\"},{\"@type\":\"ListItem\",\"position\":2,\"name\":\"S\u1ea3n ph\u1ea9m\",\"item\":\"http:\\\/\\\/anhuysafety.com\\\/en\\\/cua-hang\"},{\"@type\":\"ListItem\",\"position\":3,\"name\":\"Gi\u00e0y da H\u00e0n Qu\u1ed1c X-403 X-Track\"}]},{\"@type\":\"WebSite\",\"@id\":\"https:\\\/\\\/anhuysafety.com\\\/#website\",\"url\":\"https:\\\/\\\/anhuysafety.com\\\/\",\"name\":\"C\u00f4ng Ty TNHH Trang Thi\u1ebft B\u1ecb K\u1ef9 Thu\u1eadt An Huy\",\"description\":\"\",\"publisher\":{\"@id\":\"https:\\\/\\\/anhuysafety.com\\\/#organization\"},\"potentialAction\":[{\"@type\":\"SearchAction\",\"target\":{\"@type\":\"EntryPoint\",\"urlTemplate\":\"https:\\\/\\\/anhuysafety.com\\\/?s={search_term_string}\"},\"query-input\":{\"@type\":\"PropertyValueSpecification\",\"valueRequired\":true,\"valueName\":\"search_term_string\"}}],\"inLanguage\":\"en-US\"},{\"@type\":\"Organization\",\"@id\":\"https:\\\/\\\/anhuysafety.com\\\/#organization\",\"name\":\"C\u00f4ng ty TNHH trang thi\u1ebft b\u1ecb k\u1ef9 thu\u1eadt An Huy\",\"url\":\"https:\\\/\\\/anhuysafety.com\\\/\",\"logo\":{\"@type\":\"ImageObject\",\"inLanguage\":\"en-US\",\"@id\":\"https:\\\/\\\/anhuysafety.com\\\/#\\\/schema\\\/logo\\\/image\\\/\",\"url\":\"https:\\\/\\\/anhuysafety.com\\\/wp-content\\\/uploads\\\/2022\\\/02\\\/cropped-cropped-cropped-LOGO_AN_HUY_SAFETY_chuan-removebg-preview-1.png\",\"contentUrl\":\"https:\\\/\\\/anhuysafety.com\\\/wp-content\\\/uploads\\\/2022\\\/02\\\/cropped-cropped-cropped-LOGO_AN_HUY_SAFETY_chuan-removebg-preview-1.png\",\"width\":357,\"height\":318,\"caption\":\"C\u00f4ng ty TNHH trang thi\u1ebft b\u1ecb k\u1ef9 thu\u1eadt An Huy\"},\"image\":{\"@id\":\"https:\\\/\\\/anhuysafety.com\\\/#\\\/schema\\\/logo\\\/image\\\/\"}}]}<\/script>\n<!-- \/ Yoast SEO plugin. -->","yoast_head_json":{"title":"Gi\u00e0y da H\u00e0n Qu\u1ed1c X-403 X-Track - C\u00f4ng Ty TNHH Trang Thi\u1ebft B\u1ecb K\u1ef9 Thu\u1eadt An Huy","description":"Gi\u00e0y da H\u00e0n Qu\u1ed1c X-403 X-Track","robots":{"index":"index","follow":"follow","max-snippet":"max-snippet:-1","max-image-preview":"max-image-preview:large","max-video-preview":"max-video-preview:-1"},"canonical":"http:\/\/anhuysafety.com\/en\/product\/giay-da-han-quoc-x-403-x-track\/","og_locale":"en_US","og_type":"article","og_title":"Gi\u00e0y da H\u00e0n Qu\u1ed1c X-403 X-Track - C\u00f4ng Ty TNHH Trang Thi\u1ebft B\u1ecb K\u1ef9 Thu\u1eadt An Huy","og_description":"Gi\u00e0y da H\u00e0n Qu\u1ed1c X-403 X-Track","og_url":"http:\/\/anhuysafety.com\/en\/product\/giay-da-han-quoc-x-403-x-track\/","og_site_name":"C\u00f4ng Ty TNHH Trang Thi\u1ebft B\u1ecb K\u1ef9 Thu\u1eadt An Huy","article_modified_time":"2022-04-16T08:52:06+00:00","og_image":[{"width":200,"height":150,"url":"https:\/\/anhuysafety.com\/wp-content\/uploads\/2022\/04\/x40319630320.jpg","type":"image\/jpeg"}],"twitter_card":"summary_large_image","twitter_misc":{"Est. reading time":"2 minutes"},"schema":{"@context":"https:\/\/schema.org","@graph":[{"@type":"WebPage","@id":"http:\/\/anhuysafety.com\/en\/product\/giay-da-han-quoc-x-403-x-track\/","url":"http:\/\/anhuysafety.com\/en\/product\/giay-da-han-quoc-x-403-x-track\/","name":"Gi\u00e0y da H\u00e0n Qu\u1ed1c X-403 X-Track - C\u00f4ng Ty TNHH Trang Thi\u1ebft B\u1ecb K\u1ef9 Thu\u1eadt An Huy","isPartOf":{"@id":"https:\/\/anhuysafety.com\/#website"},"primaryImageOfPage":{"@id":"http:\/\/anhuysafety.com\/en\/product\/giay-da-han-quoc-x-403-x-track\/#primaryimage"},"image":{"@id":"http:\/\/anhuysafety.com\/en\/product\/giay-da-han-quoc-x-403-x-track\/#primaryimage"},"thumbnailUrl":"https:\/\/anhuysafety.com\/wp-content\/uploads\/2022\/04\/x40319630320.jpg","datePublished":"2022-04-12T02:01:25+00:00","dateModified":"2022-04-16T08:52:06+00:00","description":"Gi\u00e0y da H\u00e0n Qu\u1ed1c X-403 X-Track","breadcrumb":{"@id":"http:\/\/anhuysafety.com\/en\/product\/giay-da-han-quoc-x-403-x-track\/#breadcrumb"},"inLanguage":"en-US","potentialAction":[{"@type":"ReadAction","target":["http:\/\/anhuysafety.com\/en\/product\/giay-da-han-quoc-x-403-x-track\/"]}]},{"@type":"ImageObject","inLanguage":"en-US","@id":"http:\/\/anhuysafety.com\/en\/product\/giay-da-han-quoc-x-403-x-track\/#primaryimage","url":"https:\/\/anhuysafety.com\/wp-content\/uploads\/2022\/04\/x40319630320.jpg","contentUrl":"https:\/\/anhuysafety.com\/wp-content\/uploads\/2022\/04\/x40319630320.jpg","width":200,"height":150,"caption":"Gi\u00e0y da H\u00e0n Qu\u1ed1c"},{"@type":"BreadcrumbList","@id":"http:\/\/anhuysafety.com\/en\/product\/giay-da-han-quoc-x-403-x-track\/#breadcrumb","itemListElement":[{"@type":"ListItem","position":1,"name":"Trang ch\u1ee7","item":"https:\/\/anhuysafety.com\/"},{"@type":"ListItem","position":2,"name":"S\u1ea3n ph\u1ea9m","item":"http:\/\/anhuysafety.com\/en\/cua-hang"},{"@type":"ListItem","position":3,"name":"Gi\u00e0y da H\u00e0n Qu\u1ed1c X-403 X-Track"}]},{"@type":"WebSite","@id":"https:\/\/anhuysafety.com\/#website","url":"https:\/\/anhuysafety.com\/","name":"AN HUY TECHNICAL EQUIPMENT CO., LTD","description":"","publisher":{"@id":"https:\/\/anhuysafety.com\/#organization"},"potentialAction":[{"@type":"SearchAction","target":{"@type":"EntryPoint","urlTemplate":"https:\/\/anhuysafety.com\/?s={search_term_string}"},"query-input":{"@type":"PropertyValueSpecification","valueRequired":true,"valueName":"search_term_string"}}],"inLanguage":"en-US"},{"@type":"Organization","@id":"https:\/\/anhuysafety.com\/#organization","name":"C\u00f4ng ty TNHH trang thi\u1ebft b\u1ecb k\u1ef9 thu\u1eadt An Huy","url":"https:\/\/anhuysafety.com\/","logo":{"@type":"ImageObject","inLanguage":"en-US","@id":"https:\/\/anhuysafety.com\/#\/schema\/logo\/image\/","url":"https:\/\/anhuysafety.com\/wp-content\/uploads\/2022\/02\/cropped-cropped-cropped-LOGO_AN_HUY_SAFETY_chuan-removebg-preview-1.png","contentUrl":"https:\/\/anhuysafety.com\/wp-content\/uploads\/2022\/02\/cropped-cropped-cropped-LOGO_AN_HUY_SAFETY_chuan-removebg-preview-1.png","width":357,"height":318,"caption":"C\u00f4ng ty TNHH trang thi\u1ebft b\u1ecb k\u1ef9 thu\u1eadt An Huy"},"image":{"@id":"https:\/\/anhuysafety.com\/#\/schema\/logo\/image\/"}}]}},"_links":{"self":[{"href":"https:\/\/anhuysafety.com\/en\/wp-json\/wp\/v2\/product\/3668","targetHints":{"allow":["GET"]}}],"collection":[{"href":"https:\/\/anhuysafety.com\/en\/wp-json\/wp\/v2\/product"}],"about":[{"href":"https:\/\/anhuysafety.com\/en\/wp-json\/wp\/v2\/types\/product"}],"version-history":[{"count":1,"href":"https:\/\/anhuysafety.com\/en\/wp-json\/wp\/v2\/product\/3668\/revisions"}],"predecessor-version":[{"id":3670,"href":"https:\/\/anhuysafety.com\/en\/wp-json\/wp\/v2\/product\/3668\/revisions\/3670"}],"wp:featuredmedia":[{"embeddable":true,"href":"https:\/\/anhuysafety.com\/en\/wp-json\/wp\/v2\/media\/3669"}],"wp:attachment":[{"href":"https:\/\/anhuysafety.com\/en\/wp-json\/wp\/v2\/media?parent=3668"}],"wp:term":[{"taxonomy":"product_brand","embeddable":true,"href":"https:\/\/anhuysafety.com\/en\/wp-json\/wp\/v2\/product_brand?post=3668"},{"taxonomy":"product_cat","embeddable":true,"href":"https:\/\/anhuysafety.com\/en\/wp-json\/wp\/v2\/product_cat?post=3668"},{"taxonomy":"product_tag","embeddable":true,"href":"https:\/\/anhuysafety.com\/en\/wp-json\/wp\/v2\/product_tag?post=3668"}],"curies":[{"name":"wp","href":"https:\/\/api.w.org\/{rel}","templated":true}]}}