{"id":3685,"date":"2022-04-12T09:47:26","date_gmt":"2022-04-12T02:47:26","guid":{"rendered":"https:\/\/anhuysafety.com\/?post_type=product&#038;p=3685"},"modified":"2022-04-16T15:52:02","modified_gmt":"2022-04-16T08:52:02","slug":"ung-nhua-thuy-duong-u819-43","status":"publish","type":"product","link":"https:\/\/anhuysafety.com\/en\/product\/ung-nhua-thuy-duong-u819-43\/","title":{"rendered":"\u1ee6ng nh\u1ef1a Th\u00f9y D\u01b0\u01a1ng U819.43"},"content":{"rendered":"<div class=\"tab-content\">\n<div id=\"home\" class=\"tab-pane fade in active\">\n<div class=\"col-xs-12\">\n<p><strong>\u1ee6NG NH\u1ef0A PVC U 819<\/strong><\/p>\n<p>\u1ee6ng nh\u1ef1a m\u00e0u \u0111en,<br \/>\nKi\u1ec3u d\u00e1ng \u0111\u1ebf \u1ee7ng \u0111\u01b0\u1ee3c thi\u1ebft k\u1ebf ch\u1ed1ng tr\u01a1n tr\u01b0\u1ee3t t\u1ed1i \u0111a<br \/>\nB\u1ea3o v\u1ec7 ch\u00e2n khi l\u00e0m vi\u1ec7c trong m\u00f4i tr\u01b0\u1eddng n\u01b0\u1edbc, s\u00ecnh l\u1ea7y, tr\u01a1n tr\u01b0\u1ee3t<br \/>\nB\u00ean trong \u1ee7ng c\u00f3 l\u00f3t v\u1edb.<br \/>\nD\u1ec5 d\u00e0ng v\u00e0 tho\u1ea3i m\u00e1i khi s\u1eed d\u1ee5ng<br \/>\nH\u00e0ng Vi\u1ec7t Nam ch\u1ea5t l\u01b0\u1ee3ng cao<\/p>\n<p>Ti\u00eau chu\u1ea9n: TCVN 6410:1998<\/p>\n<p>Gi\u00e1 b\u00e1n ch\u01b0a thu\u1ebf VAT ghi tr\u00ean \u00e1p \u1ee5ng cho c\u00e1c size : 38 \u0111\u1ebfn 43<br \/>\n( C\u00e1c size 44-45 c\u00f3 gi\u00e1 cao h\u01a1n gi\u00e1 ni\u00eam y\u1ebft tr\u00ean )<\/p>\n<\/div>\n<\/div>\n<\/div>","protected":false},"excerpt":{"rendered":"<p>\u1ee6NG NH\u1ef0A PVC U 819 \u1ee6ng nh\u1ef1a m\u00e0u \u0111en, Ki\u1ec3u d\u00e1ng \u0111\u1ebf \u1ee7ng \u0111\u01b0\u1ee3c thi\u1ebft k\u1ebf ch\u1ed1ng tr\u01a1n tr\u01b0\u1ee3t t\u1ed1i \u0111a B\u1ea3o v\u1ec7 ch\u00e2n khi l\u00e0m vi\u1ec7c trong m\u00f4i tr\u01b0\u1eddng n\u01b0\u1edbc, s\u00ecnh l\u1ea7y, tr\u01a1n tr\u01b0\u1ee3t B\u00ean trong \u1ee7ng c\u00f3 l\u00f3t v\u1edb. D\u1ec5 d\u00e0ng v\u00e0 tho\u1ea3i m\u00e1i khi s\u1eed d\u1ee5ng H\u00e0ng Vi\u1ec7t Nam ch\u1ea5t l\u01b0\u1ee3ng cao [&hellip;]<\/p>\n","protected":false},"featured_media":3686,"template":"","meta":{"site-sidebar-layout":"default","site-content-layout":"default","ast-site-content-layout":"default","site-content-style":"default","site-sidebar-style":"default","ast-global-header-display":"","ast-banner-title-visibility":"","ast-main-header-display":"","ast-hfb-above-header-display":"","ast-hfb-below-header-display":"","ast-hfb-mobile-header-display":"","site-post-title":"","ast-breadcrumbs-content":"","ast-featured-img":"","footer-sml-layout":"","ast-disable-related-posts":"","theme-transparent-header-meta":"","adv-header-id-meta":"","stick-header-meta":"","header-above-stick-meta":"","header-main-stick-meta":"","header-below-stick-meta":"","astra-migrate-meta-layouts":"default","ast-page-background-enabled":"default","ast-page-background-meta":{"desktop":{"background-color":"","background-image":"","background-repeat":"repeat","background-position":"center center","background-size":"auto","background-attachment":"scroll","background-type":"","background-media":"","overlay-type":"","overlay-color":"","overlay-opacity":"","overlay-gradient":""},"tablet":{"background-color":"","background-image":"","background-repeat":"repeat","background-position":"center center","background-size":"auto","background-attachment":"scroll","background-type":"","background-media":"","overlay-type":"","overlay-color":"","overlay-opacity":"","overlay-gradient":""},"mobile":{"background-color":"","background-image":"","background-repeat":"repeat","background-position":"center center","background-size":"auto","background-attachment":"scroll","background-type":"","background-media":"","overlay-type":"","overlay-color":"","overlay-opacity":"","overlay-gradient":""}},"ast-content-background-meta":{"desktop":{"background-color":"var(--ast-global-color-5)","background-image":"","background-repeat":"repeat","background-position":"center center","background-size":"auto","background-attachment":"scroll","background-type":"","background-media":"","overlay-type":"","overlay-color":"","overlay-opacity":"","overlay-gradient":""},"tablet":{"background-color":"var(--ast-global-color-5)","background-image":"","background-repeat":"repeat","background-position":"center center","background-size":"auto","background-attachment":"scroll","background-type":"","background-media":"","overlay-type":"","overlay-color":"","overlay-opacity":"","overlay-gradient":""},"mobile":{"background-color":"var(--ast-global-color-5)","background-image":"","background-repeat":"repeat","background-position":"center center","background-size":"auto","background-attachment":"scroll","background-type":"","background-media":"","overlay-type":"","overlay-color":"","overlay-opacity":"","overlay-gradient":""}}},"product_brand":[],"product_cat":[148,67,84],"product_tag":[],"class_list":{"0":"post-3685","1":"product","2":"type-product","3":"status-publish","4":"has-post-thumbnail","6":"product_cat-ung-bao-ho-chong-nuoc","7":"product_cat-bao-ve-ca-nhan","8":"product_cat-bao-ve-chan","9":"desktop-align-left","10":"tablet-align-left","11":"mobile-align-left","13":"first","14":"instock","15":"shipping-taxable","16":"product-type-simple"},"yoast_head":"<!-- This site is optimized with the Yoast SEO plugin v27.4 - https:\/\/yoast.com\/product\/yoast-seo-wordpress\/ -->\n<title>\u1ee6ng nh\u1ef1a Th\u00f9y D\u01b0\u01a1ng U819.43 - C\u00f4ng Ty TNHH Trang Thi\u1ebft B\u1ecb K\u1ef9 Thu\u1eadt An Huy<\/title>\n<meta name=\"description\" content=\"\u1ee6ng nh\u1ef1a Th\u00f9y D\u01b0\u01a1ng U819.43 B\u1ea3o v\u1ec7 ch\u00e2n khi l\u00e0m vi\u1ec7c trong m\u00f4i tr\u01b0\u1eddng n\u01b0\u1edbc, s\u00ecnh l\u1ea7y, tr\u01a1n tr\u01b0\u1ee3t. B\u00ean trong \u1ee7ng c\u00f3 l\u00f3t v\u1edb. D\u1ec5 d\u00e0ng v\u00e0 tho\u1ea3i m\u00e1i khi s\u1eed d\u1ee5ng\" \/>\n<meta name=\"robots\" content=\"index, follow, max-snippet:-1, max-image-preview:large, max-video-preview:-1\" \/>\n<link rel=\"canonical\" href=\"http:\/\/anhuysafety.com\/en\/product\/ung-nhua-thuy-duong-u819-43\/\" \/>\n<meta property=\"og:locale\" content=\"en_US\" \/>\n<meta property=\"og:type\" content=\"article\" \/>\n<meta property=\"og:title\" content=\"\u1ee6ng nh\u1ef1a Th\u00f9y D\u01b0\u01a1ng U819.43 - C\u00f4ng Ty TNHH Trang Thi\u1ebft B\u1ecb K\u1ef9 Thu\u1eadt An Huy\" \/>\n<meta property=\"og:description\" content=\"\u1ee6ng nh\u1ef1a Th\u00f9y D\u01b0\u01a1ng U819.43 B\u1ea3o v\u1ec7 ch\u00e2n khi l\u00e0m vi\u1ec7c trong m\u00f4i tr\u01b0\u1eddng n\u01b0\u1edbc, s\u00ecnh l\u1ea7y, tr\u01a1n tr\u01b0\u1ee3t. B\u00ean trong \u1ee7ng c\u00f3 l\u00f3t v\u1edb. D\u1ec5 d\u00e0ng v\u00e0 tho\u1ea3i m\u00e1i khi s\u1eed d\u1ee5ng\" \/>\n<meta property=\"og:url\" content=\"http:\/\/anhuysafety.com\/en\/product\/ung-nhua-thuy-duong-u819-43\/\" \/>\n<meta property=\"og:site_name\" content=\"C\u00f4ng Ty TNHH Trang Thi\u1ebft B\u1ecb K\u1ef9 Thu\u1eadt An Huy\" \/>\n<meta property=\"article:modified_time\" content=\"2022-04-16T08:52:02+00:00\" \/>\n<meta property=\"og:image\" content=\"https:\/\/anhuysafety.com\/wp-content\/uploads\/2022\/04\/u81994867887.gif\" \/>\n\t<meta property=\"og:image:width\" content=\"600\" \/>\n\t<meta property=\"og:image:height\" content=\"450\" \/>\n\t<meta property=\"og:image:type\" content=\"image\/gif\" \/>\n<meta name=\"twitter:card\" content=\"summary_large_image\" \/>\n<meta name=\"twitter:label1\" content=\"Est. reading time\" \/>\n\t<meta name=\"twitter:data1\" content=\"1 minute\" \/>\n<script type=\"application\/ld+json\" class=\"yoast-schema-graph\">{\"@context\":\"https:\\\/\\\/schema.org\",\"@graph\":[{\"@type\":\"WebPage\",\"@id\":\"http:\\\/\\\/anhuysafety.com\\\/en\\\/product\\\/ung-nhua-thuy-duong-u819-43\\\/\",\"url\":\"http:\\\/\\\/anhuysafety.com\\\/en\\\/product\\\/ung-nhua-thuy-duong-u819-43\\\/\",\"name\":\"\u1ee6ng nh\u1ef1a Th\u00f9y D\u01b0\u01a1ng U819.43 - C\u00f4ng Ty TNHH Trang Thi\u1ebft B\u1ecb K\u1ef9 Thu\u1eadt An Huy\",\"isPartOf\":{\"@id\":\"https:\\\/\\\/anhuysafety.com\\\/#website\"},\"primaryImageOfPage\":{\"@id\":\"http:\\\/\\\/anhuysafety.com\\\/en\\\/product\\\/ung-nhua-thuy-duong-u819-43\\\/#primaryimage\"},\"image\":{\"@id\":\"http:\\\/\\\/anhuysafety.com\\\/en\\\/product\\\/ung-nhua-thuy-duong-u819-43\\\/#primaryimage\"},\"thumbnailUrl\":\"https:\\\/\\\/anhuysafety.com\\\/wp-content\\\/uploads\\\/2022\\\/04\\\/u81994867887.gif\",\"datePublished\":\"2022-04-12T02:47:26+00:00\",\"dateModified\":\"2022-04-16T08:52:02+00:00\",\"description\":\"\u1ee6ng nh\u1ef1a Th\u00f9y D\u01b0\u01a1ng U819.43 B\u1ea3o v\u1ec7 ch\u00e2n khi l\u00e0m vi\u1ec7c trong m\u00f4i tr\u01b0\u1eddng n\u01b0\u1edbc, s\u00ecnh l\u1ea7y, tr\u01a1n tr\u01b0\u1ee3t. B\u00ean trong \u1ee7ng c\u00f3 l\u00f3t v\u1edb. D\u1ec5 d\u00e0ng v\u00e0 tho\u1ea3i m\u00e1i khi s\u1eed d\u1ee5ng\",\"breadcrumb\":{\"@id\":\"http:\\\/\\\/anhuysafety.com\\\/en\\\/product\\\/ung-nhua-thuy-duong-u819-43\\\/#breadcrumb\"},\"inLanguage\":\"en-US\",\"potentialAction\":[{\"@type\":\"ReadAction\",\"target\":[\"http:\\\/\\\/anhuysafety.com\\\/en\\\/product\\\/ung-nhua-thuy-duong-u819-43\\\/\"]}]},{\"@type\":\"ImageObject\",\"inLanguage\":\"en-US\",\"@id\":\"http:\\\/\\\/anhuysafety.com\\\/en\\\/product\\\/ung-nhua-thuy-duong-u819-43\\\/#primaryimage\",\"url\":\"https:\\\/\\\/anhuysafety.com\\\/wp-content\\\/uploads\\\/2022\\\/04\\\/u81994867887.gif\",\"contentUrl\":\"https:\\\/\\\/anhuysafety.com\\\/wp-content\\\/uploads\\\/2022\\\/04\\\/u81994867887.gif\",\"width\":600,\"height\":450,\"caption\":\"\u1ee6ng nh\u1ef1a\"},{\"@type\":\"BreadcrumbList\",\"@id\":\"http:\\\/\\\/anhuysafety.com\\\/en\\\/product\\\/ung-nhua-thuy-duong-u819-43\\\/#breadcrumb\",\"itemListElement\":[{\"@type\":\"ListItem\",\"position\":1,\"name\":\"Trang ch\u1ee7\",\"item\":\"https:\\\/\\\/anhuysafety.com\\\/\"},{\"@type\":\"ListItem\",\"position\":2,\"name\":\"S\u1ea3n ph\u1ea9m\",\"item\":\"http:\\\/\\\/anhuysafety.com\\\/en\\\/cua-hang\"},{\"@type\":\"ListItem\",\"position\":3,\"name\":\"\u1ee6ng nh\u1ef1a Th\u00f9y D\u01b0\u01a1ng U819.43\"}]},{\"@type\":\"WebSite\",\"@id\":\"https:\\\/\\\/anhuysafety.com\\\/#website\",\"url\":\"https:\\\/\\\/anhuysafety.com\\\/\",\"name\":\"C\u00f4ng Ty TNHH Trang Thi\u1ebft B\u1ecb K\u1ef9 Thu\u1eadt An Huy\",\"description\":\"\",\"publisher\":{\"@id\":\"https:\\\/\\\/anhuysafety.com\\\/#organization\"},\"potentialAction\":[{\"@type\":\"SearchAction\",\"target\":{\"@type\":\"EntryPoint\",\"urlTemplate\":\"https:\\\/\\\/anhuysafety.com\\\/?s={search_term_string}\"},\"query-input\":{\"@type\":\"PropertyValueSpecification\",\"valueRequired\":true,\"valueName\":\"search_term_string\"}}],\"inLanguage\":\"en-US\"},{\"@type\":\"Organization\",\"@id\":\"https:\\\/\\\/anhuysafety.com\\\/#organization\",\"name\":\"C\u00f4ng ty TNHH trang thi\u1ebft b\u1ecb k\u1ef9 thu\u1eadt An Huy\",\"url\":\"https:\\\/\\\/anhuysafety.com\\\/\",\"logo\":{\"@type\":\"ImageObject\",\"inLanguage\":\"en-US\",\"@id\":\"https:\\\/\\\/anhuysafety.com\\\/#\\\/schema\\\/logo\\\/image\\\/\",\"url\":\"https:\\\/\\\/anhuysafety.com\\\/wp-content\\\/uploads\\\/2022\\\/02\\\/cropped-cropped-cropped-LOGO_AN_HUY_SAFETY_chuan-removebg-preview-1.png\",\"contentUrl\":\"https:\\\/\\\/anhuysafety.com\\\/wp-content\\\/uploads\\\/2022\\\/02\\\/cropped-cropped-cropped-LOGO_AN_HUY_SAFETY_chuan-removebg-preview-1.png\",\"width\":357,\"height\":318,\"caption\":\"C\u00f4ng ty TNHH trang thi\u1ebft b\u1ecb k\u1ef9 thu\u1eadt An Huy\"},\"image\":{\"@id\":\"https:\\\/\\\/anhuysafety.com\\\/#\\\/schema\\\/logo\\\/image\\\/\"}}]}<\/script>\n<!-- \/ Yoast SEO plugin. -->","yoast_head_json":{"title":"\u1ee6ng nh\u1ef1a Th\u00f9y D\u01b0\u01a1ng U819.43 - C\u00f4ng Ty TNHH Trang Thi\u1ebft B\u1ecb K\u1ef9 Thu\u1eadt An Huy","description":"\u1ee6ng nh\u1ef1a Th\u00f9y D\u01b0\u01a1ng U819.43 B\u1ea3o v\u1ec7 ch\u00e2n khi l\u00e0m vi\u1ec7c trong m\u00f4i tr\u01b0\u1eddng n\u01b0\u1edbc, s\u00ecnh l\u1ea7y, tr\u01a1n tr\u01b0\u1ee3t. B\u00ean trong \u1ee7ng c\u00f3 l\u00f3t v\u1edb. D\u1ec5 d\u00e0ng v\u00e0 tho\u1ea3i m\u00e1i khi s\u1eed d\u1ee5ng","robots":{"index":"index","follow":"follow","max-snippet":"max-snippet:-1","max-image-preview":"max-image-preview:large","max-video-preview":"max-video-preview:-1"},"canonical":"http:\/\/anhuysafety.com\/en\/product\/ung-nhua-thuy-duong-u819-43\/","og_locale":"en_US","og_type":"article","og_title":"\u1ee6ng nh\u1ef1a Th\u00f9y D\u01b0\u01a1ng U819.43 - C\u00f4ng Ty TNHH Trang Thi\u1ebft B\u1ecb K\u1ef9 Thu\u1eadt An Huy","og_description":"\u1ee6ng nh\u1ef1a Th\u00f9y D\u01b0\u01a1ng U819.43 B\u1ea3o v\u1ec7 ch\u00e2n khi l\u00e0m vi\u1ec7c trong m\u00f4i tr\u01b0\u1eddng n\u01b0\u1edbc, s\u00ecnh l\u1ea7y, tr\u01a1n tr\u01b0\u1ee3t. B\u00ean trong \u1ee7ng c\u00f3 l\u00f3t v\u1edb. D\u1ec5 d\u00e0ng v\u00e0 tho\u1ea3i m\u00e1i khi s\u1eed d\u1ee5ng","og_url":"http:\/\/anhuysafety.com\/en\/product\/ung-nhua-thuy-duong-u819-43\/","og_site_name":"C\u00f4ng Ty TNHH Trang Thi\u1ebft B\u1ecb K\u1ef9 Thu\u1eadt An Huy","article_modified_time":"2022-04-16T08:52:02+00:00","og_image":[{"width":600,"height":450,"url":"https:\/\/anhuysafety.com\/wp-content\/uploads\/2022\/04\/u81994867887.gif","type":"image\/gif"}],"twitter_card":"summary_large_image","twitter_misc":{"Est. reading time":"1 minute"},"schema":{"@context":"https:\/\/schema.org","@graph":[{"@type":"WebPage","@id":"http:\/\/anhuysafety.com\/en\/product\/ung-nhua-thuy-duong-u819-43\/","url":"http:\/\/anhuysafety.com\/en\/product\/ung-nhua-thuy-duong-u819-43\/","name":"\u1ee6ng nh\u1ef1a Th\u00f9y D\u01b0\u01a1ng U819.43 - C\u00f4ng Ty TNHH Trang Thi\u1ebft B\u1ecb K\u1ef9 Thu\u1eadt An Huy","isPartOf":{"@id":"https:\/\/anhuysafety.com\/#website"},"primaryImageOfPage":{"@id":"http:\/\/anhuysafety.com\/en\/product\/ung-nhua-thuy-duong-u819-43\/#primaryimage"},"image":{"@id":"http:\/\/anhuysafety.com\/en\/product\/ung-nhua-thuy-duong-u819-43\/#primaryimage"},"thumbnailUrl":"https:\/\/anhuysafety.com\/wp-content\/uploads\/2022\/04\/u81994867887.gif","datePublished":"2022-04-12T02:47:26+00:00","dateModified":"2022-04-16T08:52:02+00:00","description":"\u1ee6ng nh\u1ef1a Th\u00f9y D\u01b0\u01a1ng U819.43 B\u1ea3o v\u1ec7 ch\u00e2n khi l\u00e0m vi\u1ec7c trong m\u00f4i tr\u01b0\u1eddng n\u01b0\u1edbc, s\u00ecnh l\u1ea7y, tr\u01a1n tr\u01b0\u1ee3t. B\u00ean trong \u1ee7ng c\u00f3 l\u00f3t v\u1edb. D\u1ec5 d\u00e0ng v\u00e0 tho\u1ea3i m\u00e1i khi s\u1eed d\u1ee5ng","breadcrumb":{"@id":"http:\/\/anhuysafety.com\/en\/product\/ung-nhua-thuy-duong-u819-43\/#breadcrumb"},"inLanguage":"en-US","potentialAction":[{"@type":"ReadAction","target":["http:\/\/anhuysafety.com\/en\/product\/ung-nhua-thuy-duong-u819-43\/"]}]},{"@type":"ImageObject","inLanguage":"en-US","@id":"http:\/\/anhuysafety.com\/en\/product\/ung-nhua-thuy-duong-u819-43\/#primaryimage","url":"https:\/\/anhuysafety.com\/wp-content\/uploads\/2022\/04\/u81994867887.gif","contentUrl":"https:\/\/anhuysafety.com\/wp-content\/uploads\/2022\/04\/u81994867887.gif","width":600,"height":450,"caption":"\u1ee6ng nh\u1ef1a"},{"@type":"BreadcrumbList","@id":"http:\/\/anhuysafety.com\/en\/product\/ung-nhua-thuy-duong-u819-43\/#breadcrumb","itemListElement":[{"@type":"ListItem","position":1,"name":"Trang ch\u1ee7","item":"https:\/\/anhuysafety.com\/"},{"@type":"ListItem","position":2,"name":"S\u1ea3n ph\u1ea9m","item":"http:\/\/anhuysafety.com\/en\/cua-hang"},{"@type":"ListItem","position":3,"name":"\u1ee6ng nh\u1ef1a Th\u00f9y D\u01b0\u01a1ng U819.43"}]},{"@type":"WebSite","@id":"https:\/\/anhuysafety.com\/#website","url":"https:\/\/anhuysafety.com\/","name":"AN HUY TECHNICAL EQUIPMENT CO., LTD","description":"","publisher":{"@id":"https:\/\/anhuysafety.com\/#organization"},"potentialAction":[{"@type":"SearchAction","target":{"@type":"EntryPoint","urlTemplate":"https:\/\/anhuysafety.com\/?s={search_term_string}"},"query-input":{"@type":"PropertyValueSpecification","valueRequired":true,"valueName":"search_term_string"}}],"inLanguage":"en-US"},{"@type":"Organization","@id":"https:\/\/anhuysafety.com\/#organization","name":"C\u00f4ng ty TNHH trang thi\u1ebft b\u1ecb k\u1ef9 thu\u1eadt An Huy","url":"https:\/\/anhuysafety.com\/","logo":{"@type":"ImageObject","inLanguage":"en-US","@id":"https:\/\/anhuysafety.com\/#\/schema\/logo\/image\/","url":"https:\/\/anhuysafety.com\/wp-content\/uploads\/2022\/02\/cropped-cropped-cropped-LOGO_AN_HUY_SAFETY_chuan-removebg-preview-1.png","contentUrl":"https:\/\/anhuysafety.com\/wp-content\/uploads\/2022\/02\/cropped-cropped-cropped-LOGO_AN_HUY_SAFETY_chuan-removebg-preview-1.png","width":357,"height":318,"caption":"C\u00f4ng ty TNHH trang thi\u1ebft b\u1ecb k\u1ef9 thu\u1eadt An Huy"},"image":{"@id":"https:\/\/anhuysafety.com\/#\/schema\/logo\/image\/"}}]}},"_links":{"self":[{"href":"https:\/\/anhuysafety.com\/en\/wp-json\/wp\/v2\/product\/3685","targetHints":{"allow":["GET"]}}],"collection":[{"href":"https:\/\/anhuysafety.com\/en\/wp-json\/wp\/v2\/product"}],"about":[{"href":"https:\/\/anhuysafety.com\/en\/wp-json\/wp\/v2\/types\/product"}],"version-history":[{"count":3,"href":"https:\/\/anhuysafety.com\/en\/wp-json\/wp\/v2\/product\/3685\/revisions"}],"predecessor-version":[{"id":3690,"href":"https:\/\/anhuysafety.com\/en\/wp-json\/wp\/v2\/product\/3685\/revisions\/3690"}],"wp:featuredmedia":[{"embeddable":true,"href":"https:\/\/anhuysafety.com\/en\/wp-json\/wp\/v2\/media\/3686"}],"wp:attachment":[{"href":"https:\/\/anhuysafety.com\/en\/wp-json\/wp\/v2\/media?parent=3685"}],"wp:term":[{"taxonomy":"product_brand","embeddable":true,"href":"https:\/\/anhuysafety.com\/en\/wp-json\/wp\/v2\/product_brand?post=3685"},{"taxonomy":"product_cat","embeddable":true,"href":"https:\/\/anhuysafety.com\/en\/wp-json\/wp\/v2\/product_cat?post=3685"},{"taxonomy":"product_tag","embeddable":true,"href":"https:\/\/anhuysafety.com\/en\/wp-json\/wp\/v2\/product_tag?post=3685"}],"curies":[{"name":"wp","href":"https:\/\/api.w.org\/{rel}","templated":true}]}}