{"id":3693,"date":"2022-04-12T10:00:29","date_gmt":"2022-04-12T03:00:29","guid":{"rendered":"https:\/\/anhuysafety.com\/?post_type=product&#038;p=3693"},"modified":"2022-04-12T10:00:30","modified_gmt":"2022-04-12T03:00:30","slug":"ung-hercules","status":"publish","type":"product","link":"https:\/\/anhuysafety.com\/en\/product\/ung-hercules\/","title":{"rendered":"\u1ee6ng Hercules"},"content":{"rendered":"<p>Chi ti\u1ebft s\u1ea3n ph\u1ea9m:<\/p>\n<p>\u1ee6ng an to\u00e0n Hercules\u00a0 &#8211; JOGGER<\/p>\n<p>\u1ee6ng mang bi\u1ec7t danh \u201cHercules\u201d \u2013 t\u00ean m\u1ed9t nh\u00e2n v\u1eadt th\u1ea7n tho\u1ea1i Hy l\u1ea1p c\u00f3 s\u1ee9c m\u1ea1nh phi th\u01b0\u1eddng.<br \/>\nT\u00ednh n\u0103ng ch\u1ed1ng d\u1ea7u, h\u00f3a ch\u1ea5t, ch\u1ed1ng d\u1eadp ng\u00f3n, ch\u1ed1ng \u0111\u00e2m xuy\u00ean, ch\u1ed1ng t\u0129nh \u0111i\u1ec7n, ch\u1ed1ng tr\u01b0\u1ee3t, ch\u1ed1ng n\u01b0\u1edbc, \u0111\u1ebf gi\u1ea3m s\u1ed1c.<br \/>\nS\u1ea3n ph\u1ea9m \u0111\u1ea1t c\u1ea5p b\u1ea3o v\u1ec7 S5 theo ti\u00eau chu\u1ea9n EN ISO 20345<\/p>\n<p>\u0110\u1ebf l\u00e0m b\u1eb1ng PVC.<br \/>\nM\u0169i gi\u00e0y c\u00f3 bu th\u00e9p ch\u1ed1ng d\u1eadp ng\u00f3n<br \/>\n\u0110\u1ebf gi\u00e0y c\u00f3 l\u00f3t t\u1ea5m th\u00e9p ch\u1ed1ng \u0111inh .<br \/>\nC\u1ee1 s\u1ed1 : 38 -47<\/p>\n<p>Xu\u1ea5t x\u1ee9: B\u1ec9 \u2013 Trung Qu\u1ed1c<\/p>","protected":false},"excerpt":{"rendered":"<p>Chi ti\u1ebft s\u1ea3n ph\u1ea9m: \u1ee6ng an to\u00e0n Hercules\u00a0 &#8211; JOGGER \u1ee6ng mang bi\u1ec7t danh \u201cHercules\u201d \u2013 t\u00ean m\u1ed9t nh\u00e2n v\u1eadt th\u1ea7n tho\u1ea1i Hy l\u1ea1p c\u00f3 s\u1ee9c m\u1ea1nh phi th\u01b0\u1eddng. T\u00ednh n\u0103ng ch\u1ed1ng d\u1ea7u, h\u00f3a ch\u1ea5t, ch\u1ed1ng d\u1eadp ng\u00f3n, ch\u1ed1ng \u0111\u00e2m xuy\u00ean, ch\u1ed1ng t\u0129nh \u0111i\u1ec7n, ch\u1ed1ng tr\u01b0\u1ee3t, ch\u1ed1ng n\u01b0\u1edbc, \u0111\u1ebf gi\u1ea3m s\u1ed1c. S\u1ea3n ph\u1ea9m \u0111\u1ea1t c\u1ea5p [&hellip;]<\/p>\n","protected":false},"featured_media":3694,"template":"","meta":{"site-sidebar-layout":"default","site-content-layout":"default","ast-site-content-layout":"default","site-content-style":"default","site-sidebar-style":"default","ast-global-header-display":"","ast-banner-title-visibility":"","ast-main-header-display":"","ast-hfb-above-header-display":"","ast-hfb-below-header-display":"","ast-hfb-mobile-header-display":"","site-post-title":"","ast-breadcrumbs-content":"","ast-featured-img":"","footer-sml-layout":"","ast-disable-related-posts":"","theme-transparent-header-meta":"","adv-header-id-meta":"","stick-header-meta":"","header-above-stick-meta":"","header-main-stick-meta":"","header-below-stick-meta":"","astra-migrate-meta-layouts":"default","ast-page-background-enabled":"default","ast-page-background-meta":{"desktop":{"background-color":"","background-image":"","background-repeat":"repeat","background-position":"center center","background-size":"auto","background-attachment":"scroll","background-type":"","background-media":"","overlay-type":"","overlay-color":"","overlay-opacity":"","overlay-gradient":""},"tablet":{"background-color":"","background-image":"","background-repeat":"repeat","background-position":"center center","background-size":"auto","background-attachment":"scroll","background-type":"","background-media":"","overlay-type":"","overlay-color":"","overlay-opacity":"","overlay-gradient":""},"mobile":{"background-color":"","background-image":"","background-repeat":"repeat","background-position":"center center","background-size":"auto","background-attachment":"scroll","background-type":"","background-media":"","overlay-type":"","overlay-color":"","overlay-opacity":"","overlay-gradient":""}},"ast-content-background-meta":{"desktop":{"background-color":"var(--ast-global-color-5)","background-image":"","background-repeat":"repeat","background-position":"center center","background-size":"auto","background-attachment":"scroll","background-type":"","background-media":"","overlay-type":"","overlay-color":"","overlay-opacity":"","overlay-gradient":""},"tablet":{"background-color":"var(--ast-global-color-5)","background-image":"","background-repeat":"repeat","background-position":"center center","background-size":"auto","background-attachment":"scroll","background-type":"","background-media":"","overlay-type":"","overlay-color":"","overlay-opacity":"","overlay-gradient":""},"mobile":{"background-color":"var(--ast-global-color-5)","background-image":"","background-repeat":"repeat","background-position":"center center","background-size":"auto","background-attachment":"scroll","background-type":"","background-media":"","overlay-type":"","overlay-color":"","overlay-opacity":"","overlay-gradient":""}}},"product_brand":[],"product_cat":[149,67,84],"product_tag":[],"class_list":{"0":"post-3693","1":"product","2":"type-product","3":"status-publish","4":"has-post-thumbnail","6":"product_cat-ung-chong-dau-hoa-chat","7":"product_cat-bao-ve-ca-nhan","8":"product_cat-bao-ve-chan","9":"desktop-align-left","10":"tablet-align-left","11":"mobile-align-left","13":"first","14":"instock","15":"shipping-taxable","16":"product-type-simple"},"yoast_head":"<!-- This site is optimized with the Yoast SEO plugin v27.4 - https:\/\/yoast.com\/product\/yoast-seo-wordpress\/ -->\n<title>\u1ee6ng Hercules - C\u00f4ng Ty TNHH Trang Thi\u1ebft B\u1ecb K\u1ef9 Thu\u1eadt An Huy<\/title>\n<meta name=\"description\" content=\"\u1ee6ng an to\u00e0n Hercules - JOGGER T\u00ednh n\u0103ng ch\u1ed1ng d\u1ea7u, h\u00f3a ch\u1ea5t, ch\u1ed1ng d\u1eadp ng\u00f3n, ch\u1ed1ng \u0111\u00e2m xuy\u00ean, ch\u1ed1ng t\u0129nh \u0111i\u1ec7n, ch\u1ed1ng tr\u01b0\u1ee3t, ch\u1ed1ng n\u01b0\u1edbc, \u0111\u1ebf gi\u1ea3m s\u1ed1c.\" \/>\n<meta name=\"robots\" content=\"index, follow, max-snippet:-1, max-image-preview:large, max-video-preview:-1\" \/>\n<link rel=\"canonical\" href=\"http:\/\/anhuysafety.com\/en\/product\/ung-hercules\/\" \/>\n<meta property=\"og:locale\" content=\"en_US\" \/>\n<meta property=\"og:type\" content=\"article\" \/>\n<meta property=\"og:title\" content=\"\u1ee6ng Hercules - C\u00f4ng Ty TNHH Trang Thi\u1ebft B\u1ecb K\u1ef9 Thu\u1eadt An Huy\" \/>\n<meta property=\"og:description\" content=\"\u1ee6ng an to\u00e0n Hercules - JOGGER T\u00ednh n\u0103ng ch\u1ed1ng d\u1ea7u, h\u00f3a ch\u1ea5t, ch\u1ed1ng d\u1eadp ng\u00f3n, ch\u1ed1ng \u0111\u00e2m xuy\u00ean, ch\u1ed1ng t\u0129nh \u0111i\u1ec7n, ch\u1ed1ng tr\u01b0\u1ee3t, ch\u1ed1ng n\u01b0\u1edbc, \u0111\u1ebf gi\u1ea3m s\u1ed1c.\" \/>\n<meta property=\"og:url\" content=\"http:\/\/anhuysafety.com\/en\/product\/ung-hercules\/\" \/>\n<meta property=\"og:site_name\" content=\"C\u00f4ng Ty TNHH Trang Thi\u1ebft B\u1ecb K\u1ef9 Thu\u1eadt An Huy\" \/>\n<meta property=\"article:modified_time\" content=\"2022-04-12T03:00:30+00:00\" \/>\n<meta property=\"og:image\" content=\"https:\/\/anhuysafety.com\/wp-content\/uploads\/2022\/04\/hercules400x30063484191.gif\" \/>\n\t<meta property=\"og:image:width\" content=\"400\" \/>\n\t<meta property=\"og:image:height\" content=\"300\" \/>\n\t<meta property=\"og:image:type\" content=\"image\/gif\" \/>\n<meta name=\"twitter:card\" content=\"summary_large_image\" \/>\n<meta name=\"twitter:label1\" content=\"Est. reading time\" \/>\n\t<meta name=\"twitter:data1\" content=\"1 minute\" \/>\n<script type=\"application\/ld+json\" class=\"yoast-schema-graph\">{\"@context\":\"https:\\\/\\\/schema.org\",\"@graph\":[{\"@type\":\"WebPage\",\"@id\":\"http:\\\/\\\/anhuysafety.com\\\/en\\\/product\\\/ung-hercules\\\/\",\"url\":\"http:\\\/\\\/anhuysafety.com\\\/en\\\/product\\\/ung-hercules\\\/\",\"name\":\"\u1ee6ng Hercules - C\u00f4ng Ty TNHH Trang Thi\u1ebft B\u1ecb K\u1ef9 Thu\u1eadt An Huy\",\"isPartOf\":{\"@id\":\"https:\\\/\\\/anhuysafety.com\\\/#website\"},\"primaryImageOfPage\":{\"@id\":\"http:\\\/\\\/anhuysafety.com\\\/en\\\/product\\\/ung-hercules\\\/#primaryimage\"},\"image\":{\"@id\":\"http:\\\/\\\/anhuysafety.com\\\/en\\\/product\\\/ung-hercules\\\/#primaryimage\"},\"thumbnailUrl\":\"https:\\\/\\\/anhuysafety.com\\\/wp-content\\\/uploads\\\/2022\\\/04\\\/hercules400x30063484191.gif\",\"datePublished\":\"2022-04-12T03:00:29+00:00\",\"dateModified\":\"2022-04-12T03:00:30+00:00\",\"description\":\"\u1ee6ng an to\u00e0n Hercules - JOGGER T\u00ednh n\u0103ng ch\u1ed1ng d\u1ea7u, h\u00f3a ch\u1ea5t, ch\u1ed1ng d\u1eadp ng\u00f3n, ch\u1ed1ng \u0111\u00e2m xuy\u00ean, ch\u1ed1ng t\u0129nh \u0111i\u1ec7n, ch\u1ed1ng tr\u01b0\u1ee3t, ch\u1ed1ng n\u01b0\u1edbc, \u0111\u1ebf gi\u1ea3m s\u1ed1c.\",\"breadcrumb\":{\"@id\":\"http:\\\/\\\/anhuysafety.com\\\/en\\\/product\\\/ung-hercules\\\/#breadcrumb\"},\"inLanguage\":\"en-US\",\"potentialAction\":[{\"@type\":\"ReadAction\",\"target\":[\"http:\\\/\\\/anhuysafety.com\\\/en\\\/product\\\/ung-hercules\\\/\"]}]},{\"@type\":\"ImageObject\",\"inLanguage\":\"en-US\",\"@id\":\"http:\\\/\\\/anhuysafety.com\\\/en\\\/product\\\/ung-hercules\\\/#primaryimage\",\"url\":\"https:\\\/\\\/anhuysafety.com\\\/wp-content\\\/uploads\\\/2022\\\/04\\\/hercules400x30063484191.gif\",\"contentUrl\":\"https:\\\/\\\/anhuysafety.com\\\/wp-content\\\/uploads\\\/2022\\\/04\\\/hercules400x30063484191.gif\",\"width\":400,\"height\":300,\"caption\":\"\u1ee6ng ch\u1ed1ng d\u1ea7u, h\u00f3a ch\u1ea5t\"},{\"@type\":\"BreadcrumbList\",\"@id\":\"http:\\\/\\\/anhuysafety.com\\\/en\\\/product\\\/ung-hercules\\\/#breadcrumb\",\"itemListElement\":[{\"@type\":\"ListItem\",\"position\":1,\"name\":\"Trang ch\u1ee7\",\"item\":\"https:\\\/\\\/anhuysafety.com\\\/\"},{\"@type\":\"ListItem\",\"position\":2,\"name\":\"S\u1ea3n ph\u1ea9m\",\"item\":\"http:\\\/\\\/anhuysafety.com\\\/en\\\/cua-hang\"},{\"@type\":\"ListItem\",\"position\":3,\"name\":\"\u1ee6ng Hercules\"}]},{\"@type\":\"WebSite\",\"@id\":\"https:\\\/\\\/anhuysafety.com\\\/#website\",\"url\":\"https:\\\/\\\/anhuysafety.com\\\/\",\"name\":\"C\u00f4ng Ty TNHH Trang Thi\u1ebft B\u1ecb K\u1ef9 Thu\u1eadt An Huy\",\"description\":\"\",\"publisher\":{\"@id\":\"https:\\\/\\\/anhuysafety.com\\\/#organization\"},\"potentialAction\":[{\"@type\":\"SearchAction\",\"target\":{\"@type\":\"EntryPoint\",\"urlTemplate\":\"https:\\\/\\\/anhuysafety.com\\\/?s={search_term_string}\"},\"query-input\":{\"@type\":\"PropertyValueSpecification\",\"valueRequired\":true,\"valueName\":\"search_term_string\"}}],\"inLanguage\":\"en-US\"},{\"@type\":\"Organization\",\"@id\":\"https:\\\/\\\/anhuysafety.com\\\/#organization\",\"name\":\"C\u00f4ng ty TNHH trang thi\u1ebft b\u1ecb k\u1ef9 thu\u1eadt An Huy\",\"url\":\"https:\\\/\\\/anhuysafety.com\\\/\",\"logo\":{\"@type\":\"ImageObject\",\"inLanguage\":\"en-US\",\"@id\":\"https:\\\/\\\/anhuysafety.com\\\/#\\\/schema\\\/logo\\\/image\\\/\",\"url\":\"https:\\\/\\\/anhuysafety.com\\\/wp-content\\\/uploads\\\/2022\\\/02\\\/cropped-cropped-cropped-LOGO_AN_HUY_SAFETY_chuan-removebg-preview-1.png\",\"contentUrl\":\"https:\\\/\\\/anhuysafety.com\\\/wp-content\\\/uploads\\\/2022\\\/02\\\/cropped-cropped-cropped-LOGO_AN_HUY_SAFETY_chuan-removebg-preview-1.png\",\"width\":357,\"height\":318,\"caption\":\"C\u00f4ng ty TNHH trang thi\u1ebft b\u1ecb k\u1ef9 thu\u1eadt An Huy\"},\"image\":{\"@id\":\"https:\\\/\\\/anhuysafety.com\\\/#\\\/schema\\\/logo\\\/image\\\/\"}}]}<\/script>\n<!-- \/ Yoast SEO plugin. -->","yoast_head_json":{"title":"\u1ee6ng Hercules - C\u00f4ng Ty TNHH Trang Thi\u1ebft B\u1ecb K\u1ef9 Thu\u1eadt An Huy","description":"\u1ee6ng an to\u00e0n Hercules - JOGGER T\u00ednh n\u0103ng ch\u1ed1ng d\u1ea7u, h\u00f3a ch\u1ea5t, ch\u1ed1ng d\u1eadp ng\u00f3n, ch\u1ed1ng \u0111\u00e2m xuy\u00ean, ch\u1ed1ng t\u0129nh \u0111i\u1ec7n, ch\u1ed1ng tr\u01b0\u1ee3t, ch\u1ed1ng n\u01b0\u1edbc, \u0111\u1ebf gi\u1ea3m s\u1ed1c.","robots":{"index":"index","follow":"follow","max-snippet":"max-snippet:-1","max-image-preview":"max-image-preview:large","max-video-preview":"max-video-preview:-1"},"canonical":"http:\/\/anhuysafety.com\/en\/product\/ung-hercules\/","og_locale":"en_US","og_type":"article","og_title":"\u1ee6ng Hercules - C\u00f4ng Ty TNHH Trang Thi\u1ebft B\u1ecb K\u1ef9 Thu\u1eadt An Huy","og_description":"\u1ee6ng an to\u00e0n Hercules - JOGGER T\u00ednh n\u0103ng ch\u1ed1ng d\u1ea7u, h\u00f3a ch\u1ea5t, ch\u1ed1ng d\u1eadp ng\u00f3n, ch\u1ed1ng \u0111\u00e2m xuy\u00ean, ch\u1ed1ng t\u0129nh \u0111i\u1ec7n, ch\u1ed1ng tr\u01b0\u1ee3t, ch\u1ed1ng n\u01b0\u1edbc, \u0111\u1ebf gi\u1ea3m s\u1ed1c.","og_url":"http:\/\/anhuysafety.com\/en\/product\/ung-hercules\/","og_site_name":"C\u00f4ng Ty TNHH Trang Thi\u1ebft B\u1ecb K\u1ef9 Thu\u1eadt An Huy","article_modified_time":"2022-04-12T03:00:30+00:00","og_image":[{"width":400,"height":300,"url":"https:\/\/anhuysafety.com\/wp-content\/uploads\/2022\/04\/hercules400x30063484191.gif","type":"image\/gif"}],"twitter_card":"summary_large_image","twitter_misc":{"Est. reading time":"1 minute"},"schema":{"@context":"https:\/\/schema.org","@graph":[{"@type":"WebPage","@id":"http:\/\/anhuysafety.com\/en\/product\/ung-hercules\/","url":"http:\/\/anhuysafety.com\/en\/product\/ung-hercules\/","name":"\u1ee6ng Hercules - C\u00f4ng Ty TNHH Trang Thi\u1ebft B\u1ecb K\u1ef9 Thu\u1eadt An Huy","isPartOf":{"@id":"https:\/\/anhuysafety.com\/#website"},"primaryImageOfPage":{"@id":"http:\/\/anhuysafety.com\/en\/product\/ung-hercules\/#primaryimage"},"image":{"@id":"http:\/\/anhuysafety.com\/en\/product\/ung-hercules\/#primaryimage"},"thumbnailUrl":"https:\/\/anhuysafety.com\/wp-content\/uploads\/2022\/04\/hercules400x30063484191.gif","datePublished":"2022-04-12T03:00:29+00:00","dateModified":"2022-04-12T03:00:30+00:00","description":"\u1ee6ng an to\u00e0n Hercules - JOGGER T\u00ednh n\u0103ng ch\u1ed1ng d\u1ea7u, h\u00f3a ch\u1ea5t, ch\u1ed1ng d\u1eadp ng\u00f3n, ch\u1ed1ng \u0111\u00e2m xuy\u00ean, ch\u1ed1ng t\u0129nh \u0111i\u1ec7n, ch\u1ed1ng tr\u01b0\u1ee3t, ch\u1ed1ng n\u01b0\u1edbc, \u0111\u1ebf gi\u1ea3m s\u1ed1c.","breadcrumb":{"@id":"http:\/\/anhuysafety.com\/en\/product\/ung-hercules\/#breadcrumb"},"inLanguage":"en-US","potentialAction":[{"@type":"ReadAction","target":["http:\/\/anhuysafety.com\/en\/product\/ung-hercules\/"]}]},{"@type":"ImageObject","inLanguage":"en-US","@id":"http:\/\/anhuysafety.com\/en\/product\/ung-hercules\/#primaryimage","url":"https:\/\/anhuysafety.com\/wp-content\/uploads\/2022\/04\/hercules400x30063484191.gif","contentUrl":"https:\/\/anhuysafety.com\/wp-content\/uploads\/2022\/04\/hercules400x30063484191.gif","width":400,"height":300,"caption":"\u1ee6ng ch\u1ed1ng d\u1ea7u, h\u00f3a ch\u1ea5t"},{"@type":"BreadcrumbList","@id":"http:\/\/anhuysafety.com\/en\/product\/ung-hercules\/#breadcrumb","itemListElement":[{"@type":"ListItem","position":1,"name":"Trang ch\u1ee7","item":"https:\/\/anhuysafety.com\/"},{"@type":"ListItem","position":2,"name":"S\u1ea3n ph\u1ea9m","item":"http:\/\/anhuysafety.com\/en\/cua-hang"},{"@type":"ListItem","position":3,"name":"\u1ee6ng Hercules"}]},{"@type":"WebSite","@id":"https:\/\/anhuysafety.com\/#website","url":"https:\/\/anhuysafety.com\/","name":"AN HUY TECHNICAL EQUIPMENT CO., LTD","description":"","publisher":{"@id":"https:\/\/anhuysafety.com\/#organization"},"potentialAction":[{"@type":"SearchAction","target":{"@type":"EntryPoint","urlTemplate":"https:\/\/anhuysafety.com\/?s={search_term_string}"},"query-input":{"@type":"PropertyValueSpecification","valueRequired":true,"valueName":"search_term_string"}}],"inLanguage":"en-US"},{"@type":"Organization","@id":"https:\/\/anhuysafety.com\/#organization","name":"C\u00f4ng ty TNHH trang thi\u1ebft b\u1ecb k\u1ef9 thu\u1eadt An Huy","url":"https:\/\/anhuysafety.com\/","logo":{"@type":"ImageObject","inLanguage":"en-US","@id":"https:\/\/anhuysafety.com\/#\/schema\/logo\/image\/","url":"https:\/\/anhuysafety.com\/wp-content\/uploads\/2022\/02\/cropped-cropped-cropped-LOGO_AN_HUY_SAFETY_chuan-removebg-preview-1.png","contentUrl":"https:\/\/anhuysafety.com\/wp-content\/uploads\/2022\/02\/cropped-cropped-cropped-LOGO_AN_HUY_SAFETY_chuan-removebg-preview-1.png","width":357,"height":318,"caption":"C\u00f4ng ty TNHH trang thi\u1ebft b\u1ecb k\u1ef9 thu\u1eadt An Huy"},"image":{"@id":"https:\/\/anhuysafety.com\/#\/schema\/logo\/image\/"}}]}},"_links":{"self":[{"href":"https:\/\/anhuysafety.com\/en\/wp-json\/wp\/v2\/product\/3693","targetHints":{"allow":["GET"]}}],"collection":[{"href":"https:\/\/anhuysafety.com\/en\/wp-json\/wp\/v2\/product"}],"about":[{"href":"https:\/\/anhuysafety.com\/en\/wp-json\/wp\/v2\/types\/product"}],"version-history":[{"count":2,"href":"https:\/\/anhuysafety.com\/en\/wp-json\/wp\/v2\/product\/3693\/revisions"}],"predecessor-version":[{"id":3696,"href":"https:\/\/anhuysafety.com\/en\/wp-json\/wp\/v2\/product\/3693\/revisions\/3696"}],"wp:featuredmedia":[{"embeddable":true,"href":"https:\/\/anhuysafety.com\/en\/wp-json\/wp\/v2\/media\/3694"}],"wp:attachment":[{"href":"https:\/\/anhuysafety.com\/en\/wp-json\/wp\/v2\/media?parent=3693"}],"wp:term":[{"taxonomy":"product_brand","embeddable":true,"href":"https:\/\/anhuysafety.com\/en\/wp-json\/wp\/v2\/product_brand?post=3693"},{"taxonomy":"product_cat","embeddable":true,"href":"https:\/\/anhuysafety.com\/en\/wp-json\/wp\/v2\/product_cat?post=3693"},{"taxonomy":"product_tag","embeddable":true,"href":"https:\/\/anhuysafety.com\/en\/wp-json\/wp\/v2\/product_tag?post=3693"}],"curies":[{"name":"wp","href":"https:\/\/api.w.org\/{rel}","templated":true}]}}