{"id":3700,"date":"2022-04-12T10:29:53","date_gmt":"2022-04-12T03:29:53","guid":{"rendered":"https:\/\/anhuysafety.com\/?post_type=product&#038;p=3700"},"modified":"2022-04-16T15:51:53","modified_gmt":"2022-04-16T08:51:53","slug":"ung-cach-dien-cao-ap-vicadi-35kv","status":"publish","type":"product","link":"https:\/\/anhuysafety.com\/en\/product\/ung-cach-dien-cao-ap-vicadi-35kv\/","title":{"rendered":"\u1ee6ng c\u00e1ch \u0111i\u1ec7n cao \u00e1p VICADI 35KV"},"content":{"rendered":"<p><strong>\u1ee6NG C\u00c1CH \u0110I\u1ec6N CAO \u00c1P 35KV- IEC VICADI<\/strong><\/p>\n<p>S\u1ea3n ph\u1ea9m \u0111\u1ea1t ti\u00eau\u00a0chu\u1ea9n Vi\u1ec7t Nam\u00a0TCVN 5588- 1991.<\/p>\n<p>V\u1eadt li\u1ec7u ch\u1ebf t\u1ea1o : cao su c\u00e1ch \u0111i\u1ec7n.<\/p>\n<p>\u0110i\u1ec7n \u00e1p\u00a0th\u1eed xu\u1ea5t x\u01b0\u1edfng : 35kV AC<\/p>\n<p>Th\u1eddi gian th\u1eed : 1 ph\u00fat<\/p>\n<p>D\u00f2ng r\u00f2 \u0111\u1ea1t :\u00a0\u2264 20mA<\/p>\n<p>( M\u1ed7i chi\u1ebfc \u1ee7ng c\u00f3 k\u00e8m 1 phi\u1ebfu ki\u1ec3m tra xu\u1ea5t x\u01b0\u1edfng ).<\/p>\n<p>Nh\u00e0 s\u1ea3n xu\u1ea5t : VICADI<\/p>","protected":false},"excerpt":{"rendered":"<p>\u1ee6NG C\u00c1CH \u0110I\u1ec6N CAO \u00c1P 35KV- IEC VICADI S\u1ea3n ph\u1ea9m \u0111\u1ea1t ti\u00eau\u00a0chu\u1ea9n Vi\u1ec7t Nam\u00a0TCVN 5588- 1991. V\u1eadt li\u1ec7u ch\u1ebf t\u1ea1o : cao su c\u00e1ch \u0111i\u1ec7n. \u0110i\u1ec7n \u00e1p\u00a0th\u1eed xu\u1ea5t x\u01b0\u1edfng : 35kV AC Th\u1eddi gian th\u1eed : 1 ph\u00fat D\u00f2ng r\u00f2 \u0111\u1ea1t :\u00a0\u2264 20mA ( M\u1ed7i chi\u1ebfc \u1ee7ng c\u00f3 k\u00e8m 1 phi\u1ebfu ki\u1ec3m tra xu\u1ea5t x\u01b0\u1edfng [&hellip;]<\/p>\n","protected":false},"featured_media":3702,"template":"","meta":{"site-sidebar-layout":"default","site-content-layout":"default","ast-site-content-layout":"default","site-content-style":"default","site-sidebar-style":"default","ast-global-header-display":"","ast-banner-title-visibility":"","ast-main-header-display":"","ast-hfb-above-header-display":"","ast-hfb-below-header-display":"","ast-hfb-mobile-header-display":"","site-post-title":"","ast-breadcrumbs-content":"","ast-featured-img":"","footer-sml-layout":"","ast-disable-related-posts":"","theme-transparent-header-meta":"","adv-header-id-meta":"","stick-header-meta":"","header-above-stick-meta":"","header-main-stick-meta":"","header-below-stick-meta":"","astra-migrate-meta-layouts":"default","ast-page-background-enabled":"default","ast-page-background-meta":{"desktop":{"background-color":"","background-image":"","background-repeat":"repeat","background-position":"center center","background-size":"auto","background-attachment":"scroll","background-type":"","background-media":"","overlay-type":"","overlay-color":"","overlay-opacity":"","overlay-gradient":""},"tablet":{"background-color":"","background-image":"","background-repeat":"repeat","background-position":"center center","background-size":"auto","background-attachment":"scroll","background-type":"","background-media":"","overlay-type":"","overlay-color":"","overlay-opacity":"","overlay-gradient":""},"mobile":{"background-color":"","background-image":"","background-repeat":"repeat","background-position":"center center","background-size":"auto","background-attachment":"scroll","background-type":"","background-media":"","overlay-type":"","overlay-color":"","overlay-opacity":"","overlay-gradient":""}},"ast-content-background-meta":{"desktop":{"background-color":"var(--ast-global-color-5)","background-image":"","background-repeat":"repeat","background-position":"center center","background-size":"auto","background-attachment":"scroll","background-type":"","background-media":"","overlay-type":"","overlay-color":"","overlay-opacity":"","overlay-gradient":""},"tablet":{"background-color":"var(--ast-global-color-5)","background-image":"","background-repeat":"repeat","background-position":"center center","background-size":"auto","background-attachment":"scroll","background-type":"","background-media":"","overlay-type":"","overlay-color":"","overlay-opacity":"","overlay-gradient":""},"mobile":{"background-color":"var(--ast-global-color-5)","background-image":"","background-repeat":"repeat","background-position":"center center","background-size":"auto","background-attachment":"scroll","background-type":"","background-media":"","overlay-type":"","overlay-color":"","overlay-opacity":"","overlay-gradient":""}}},"product_brand":[],"product_cat":[150,67,84],"product_tag":[],"class_list":{"0":"post-3700","1":"product","2":"type-product","3":"status-publish","4":"has-post-thumbnail","6":"product_cat-ung-va-giay-cach-dien","7":"product_cat-bao-ve-ca-nhan","8":"product_cat-bao-ve-chan","9":"desktop-align-left","10":"tablet-align-left","11":"mobile-align-left","13":"first","14":"instock","15":"shipping-taxable","16":"product-type-simple"},"yoast_head":"<!-- This site is optimized with the Yoast SEO plugin v27.4 - https:\/\/yoast.com\/product\/yoast-seo-wordpress\/ -->\n<title>\u1ee6ng c\u00e1ch \u0111i\u1ec7n cao \u00e1p VICADI 35KV - C\u00f4ng Ty TNHH Trang Thi\u1ebft B\u1ecb K\u1ef9 Thu\u1eadt An Huy<\/title>\n<meta name=\"description\" content=\"\u1ee6ng c\u00e1ch \u0111i\u1ec7n cao \u00e1p VICADI 35KV\" \/>\n<meta name=\"robots\" content=\"index, follow, max-snippet:-1, max-image-preview:large, max-video-preview:-1\" \/>\n<link rel=\"canonical\" href=\"http:\/\/anhuysafety.com\/en\/product\/ung-cach-dien-cao-ap-vicadi-35kv\/\" \/>\n<meta property=\"og:locale\" content=\"en_US\" \/>\n<meta property=\"og:type\" content=\"article\" \/>\n<meta property=\"og:title\" content=\"\u1ee6ng c\u00e1ch \u0111i\u1ec7n cao \u00e1p VICADI 35KV - C\u00f4ng Ty TNHH Trang Thi\u1ebft B\u1ecb K\u1ef9 Thu\u1eadt An Huy\" \/>\n<meta property=\"og:description\" content=\"\u1ee6ng c\u00e1ch \u0111i\u1ec7n cao \u00e1p VICADI 35KV\" \/>\n<meta property=\"og:url\" content=\"http:\/\/anhuysafety.com\/en\/product\/ung-cach-dien-cao-ap-vicadi-35kv\/\" \/>\n<meta property=\"og:site_name\" content=\"C\u00f4ng Ty TNHH Trang Thi\u1ebft B\u1ecb K\u1ef9 Thu\u1eadt An Huy\" \/>\n<meta property=\"article:modified_time\" content=\"2022-04-16T08:51:53+00:00\" \/>\n<meta property=\"og:image\" content=\"https:\/\/anhuysafety.com\/wp-content\/uploads\/2022\/04\/u69258615698.gif\" \/>\n\t<meta property=\"og:image:width\" content=\"400\" \/>\n\t<meta property=\"og:image:height\" content=\"300\" \/>\n\t<meta property=\"og:image:type\" content=\"image\/gif\" \/>\n<meta name=\"twitter:card\" content=\"summary_large_image\" \/>\n<script type=\"application\/ld+json\" class=\"yoast-schema-graph\">{\"@context\":\"https:\\\/\\\/schema.org\",\"@graph\":[{\"@type\":\"WebPage\",\"@id\":\"http:\\\/\\\/anhuysafety.com\\\/en\\\/product\\\/ung-cach-dien-cao-ap-vicadi-35kv\\\/\",\"url\":\"http:\\\/\\\/anhuysafety.com\\\/en\\\/product\\\/ung-cach-dien-cao-ap-vicadi-35kv\\\/\",\"name\":\"\u1ee6ng c\u00e1ch \u0111i\u1ec7n cao \u00e1p VICADI 35KV - C\u00f4ng Ty TNHH Trang Thi\u1ebft B\u1ecb K\u1ef9 Thu\u1eadt An Huy\",\"isPartOf\":{\"@id\":\"https:\\\/\\\/anhuysafety.com\\\/#website\"},\"primaryImageOfPage\":{\"@id\":\"http:\\\/\\\/anhuysafety.com\\\/en\\\/product\\\/ung-cach-dien-cao-ap-vicadi-35kv\\\/#primaryimage\"},\"image\":{\"@id\":\"http:\\\/\\\/anhuysafety.com\\\/en\\\/product\\\/ung-cach-dien-cao-ap-vicadi-35kv\\\/#primaryimage\"},\"thumbnailUrl\":\"https:\\\/\\\/anhuysafety.com\\\/wp-content\\\/uploads\\\/2022\\\/04\\\/u69258615698.gif\",\"datePublished\":\"2022-04-12T03:29:53+00:00\",\"dateModified\":\"2022-04-16T08:51:53+00:00\",\"description\":\"\u1ee6ng c\u00e1ch \u0111i\u1ec7n cao \u00e1p VICADI 35KV\",\"breadcrumb\":{\"@id\":\"http:\\\/\\\/anhuysafety.com\\\/en\\\/product\\\/ung-cach-dien-cao-ap-vicadi-35kv\\\/#breadcrumb\"},\"inLanguage\":\"en-US\",\"potentialAction\":[{\"@type\":\"ReadAction\",\"target\":[\"http:\\\/\\\/anhuysafety.com\\\/en\\\/product\\\/ung-cach-dien-cao-ap-vicadi-35kv\\\/\"]}]},{\"@type\":\"ImageObject\",\"inLanguage\":\"en-US\",\"@id\":\"http:\\\/\\\/anhuysafety.com\\\/en\\\/product\\\/ung-cach-dien-cao-ap-vicadi-35kv\\\/#primaryimage\",\"url\":\"https:\\\/\\\/anhuysafety.com\\\/wp-content\\\/uploads\\\/2022\\\/04\\\/u69258615698.gif\",\"contentUrl\":\"https:\\\/\\\/anhuysafety.com\\\/wp-content\\\/uploads\\\/2022\\\/04\\\/u69258615698.gif\",\"width\":400,\"height\":300,\"caption\":\"\u1ee6ng c\u00e1ch \u0111i\u1ec7n\"},{\"@type\":\"BreadcrumbList\",\"@id\":\"http:\\\/\\\/anhuysafety.com\\\/en\\\/product\\\/ung-cach-dien-cao-ap-vicadi-35kv\\\/#breadcrumb\",\"itemListElement\":[{\"@type\":\"ListItem\",\"position\":1,\"name\":\"Trang ch\u1ee7\",\"item\":\"https:\\\/\\\/anhuysafety.com\\\/\"},{\"@type\":\"ListItem\",\"position\":2,\"name\":\"S\u1ea3n ph\u1ea9m\",\"item\":\"http:\\\/\\\/anhuysafety.com\\\/en\\\/cua-hang\"},{\"@type\":\"ListItem\",\"position\":3,\"name\":\"\u1ee6ng c\u00e1ch \u0111i\u1ec7n cao \u00e1p VICADI 35KV\"}]},{\"@type\":\"WebSite\",\"@id\":\"https:\\\/\\\/anhuysafety.com\\\/#website\",\"url\":\"https:\\\/\\\/anhuysafety.com\\\/\",\"name\":\"C\u00f4ng Ty TNHH Trang Thi\u1ebft B\u1ecb K\u1ef9 Thu\u1eadt An Huy\",\"description\":\"\",\"publisher\":{\"@id\":\"https:\\\/\\\/anhuysafety.com\\\/#organization\"},\"potentialAction\":[{\"@type\":\"SearchAction\",\"target\":{\"@type\":\"EntryPoint\",\"urlTemplate\":\"https:\\\/\\\/anhuysafety.com\\\/?s={search_term_string}\"},\"query-input\":{\"@type\":\"PropertyValueSpecification\",\"valueRequired\":true,\"valueName\":\"search_term_string\"}}],\"inLanguage\":\"en-US\"},{\"@type\":\"Organization\",\"@id\":\"https:\\\/\\\/anhuysafety.com\\\/#organization\",\"name\":\"C\u00f4ng ty TNHH trang thi\u1ebft b\u1ecb k\u1ef9 thu\u1eadt An Huy\",\"url\":\"https:\\\/\\\/anhuysafety.com\\\/\",\"logo\":{\"@type\":\"ImageObject\",\"inLanguage\":\"en-US\",\"@id\":\"https:\\\/\\\/anhuysafety.com\\\/#\\\/schema\\\/logo\\\/image\\\/\",\"url\":\"https:\\\/\\\/anhuysafety.com\\\/wp-content\\\/uploads\\\/2022\\\/02\\\/cropped-cropped-cropped-LOGO_AN_HUY_SAFETY_chuan-removebg-preview-1.png\",\"contentUrl\":\"https:\\\/\\\/anhuysafety.com\\\/wp-content\\\/uploads\\\/2022\\\/02\\\/cropped-cropped-cropped-LOGO_AN_HUY_SAFETY_chuan-removebg-preview-1.png\",\"width\":357,\"height\":318,\"caption\":\"C\u00f4ng ty TNHH trang thi\u1ebft b\u1ecb k\u1ef9 thu\u1eadt An Huy\"},\"image\":{\"@id\":\"https:\\\/\\\/anhuysafety.com\\\/#\\\/schema\\\/logo\\\/image\\\/\"}}]}<\/script>\n<!-- \/ Yoast SEO plugin. -->","yoast_head_json":{"title":"\u1ee6ng c\u00e1ch \u0111i\u1ec7n cao \u00e1p VICADI 35KV - C\u00f4ng Ty TNHH Trang Thi\u1ebft B\u1ecb K\u1ef9 Thu\u1eadt An Huy","description":"\u1ee6ng c\u00e1ch \u0111i\u1ec7n cao \u00e1p VICADI 35KV","robots":{"index":"index","follow":"follow","max-snippet":"max-snippet:-1","max-image-preview":"max-image-preview:large","max-video-preview":"max-video-preview:-1"},"canonical":"http:\/\/anhuysafety.com\/en\/product\/ung-cach-dien-cao-ap-vicadi-35kv\/","og_locale":"en_US","og_type":"article","og_title":"\u1ee6ng c\u00e1ch \u0111i\u1ec7n cao \u00e1p VICADI 35KV - C\u00f4ng Ty TNHH Trang Thi\u1ebft B\u1ecb K\u1ef9 Thu\u1eadt An Huy","og_description":"\u1ee6ng c\u00e1ch \u0111i\u1ec7n cao \u00e1p VICADI 35KV","og_url":"http:\/\/anhuysafety.com\/en\/product\/ung-cach-dien-cao-ap-vicadi-35kv\/","og_site_name":"C\u00f4ng Ty TNHH Trang Thi\u1ebft B\u1ecb K\u1ef9 Thu\u1eadt An Huy","article_modified_time":"2022-04-16T08:51:53+00:00","og_image":[{"width":400,"height":300,"url":"https:\/\/anhuysafety.com\/wp-content\/uploads\/2022\/04\/u69258615698.gif","type":"image\/gif"}],"twitter_card":"summary_large_image","schema":{"@context":"https:\/\/schema.org","@graph":[{"@type":"WebPage","@id":"http:\/\/anhuysafety.com\/en\/product\/ung-cach-dien-cao-ap-vicadi-35kv\/","url":"http:\/\/anhuysafety.com\/en\/product\/ung-cach-dien-cao-ap-vicadi-35kv\/","name":"\u1ee6ng c\u00e1ch \u0111i\u1ec7n cao \u00e1p VICADI 35KV - C\u00f4ng Ty TNHH Trang Thi\u1ebft B\u1ecb K\u1ef9 Thu\u1eadt An Huy","isPartOf":{"@id":"https:\/\/anhuysafety.com\/#website"},"primaryImageOfPage":{"@id":"http:\/\/anhuysafety.com\/en\/product\/ung-cach-dien-cao-ap-vicadi-35kv\/#primaryimage"},"image":{"@id":"http:\/\/anhuysafety.com\/en\/product\/ung-cach-dien-cao-ap-vicadi-35kv\/#primaryimage"},"thumbnailUrl":"https:\/\/anhuysafety.com\/wp-content\/uploads\/2022\/04\/u69258615698.gif","datePublished":"2022-04-12T03:29:53+00:00","dateModified":"2022-04-16T08:51:53+00:00","description":"\u1ee6ng c\u00e1ch \u0111i\u1ec7n cao \u00e1p VICADI 35KV","breadcrumb":{"@id":"http:\/\/anhuysafety.com\/en\/product\/ung-cach-dien-cao-ap-vicadi-35kv\/#breadcrumb"},"inLanguage":"en-US","potentialAction":[{"@type":"ReadAction","target":["http:\/\/anhuysafety.com\/en\/product\/ung-cach-dien-cao-ap-vicadi-35kv\/"]}]},{"@type":"ImageObject","inLanguage":"en-US","@id":"http:\/\/anhuysafety.com\/en\/product\/ung-cach-dien-cao-ap-vicadi-35kv\/#primaryimage","url":"https:\/\/anhuysafety.com\/wp-content\/uploads\/2022\/04\/u69258615698.gif","contentUrl":"https:\/\/anhuysafety.com\/wp-content\/uploads\/2022\/04\/u69258615698.gif","width":400,"height":300,"caption":"\u1ee6ng c\u00e1ch \u0111i\u1ec7n"},{"@type":"BreadcrumbList","@id":"http:\/\/anhuysafety.com\/en\/product\/ung-cach-dien-cao-ap-vicadi-35kv\/#breadcrumb","itemListElement":[{"@type":"ListItem","position":1,"name":"Trang ch\u1ee7","item":"https:\/\/anhuysafety.com\/"},{"@type":"ListItem","position":2,"name":"S\u1ea3n ph\u1ea9m","item":"http:\/\/anhuysafety.com\/en\/cua-hang"},{"@type":"ListItem","position":3,"name":"\u1ee6ng c\u00e1ch \u0111i\u1ec7n cao \u00e1p VICADI 35KV"}]},{"@type":"WebSite","@id":"https:\/\/anhuysafety.com\/#website","url":"https:\/\/anhuysafety.com\/","name":"AN HUY TECHNICAL EQUIPMENT CO., LTD","description":"","publisher":{"@id":"https:\/\/anhuysafety.com\/#organization"},"potentialAction":[{"@type":"SearchAction","target":{"@type":"EntryPoint","urlTemplate":"https:\/\/anhuysafety.com\/?s={search_term_string}"},"query-input":{"@type":"PropertyValueSpecification","valueRequired":true,"valueName":"search_term_string"}}],"inLanguage":"en-US"},{"@type":"Organization","@id":"https:\/\/anhuysafety.com\/#organization","name":"C\u00f4ng ty TNHH trang thi\u1ebft b\u1ecb k\u1ef9 thu\u1eadt An Huy","url":"https:\/\/anhuysafety.com\/","logo":{"@type":"ImageObject","inLanguage":"en-US","@id":"https:\/\/anhuysafety.com\/#\/schema\/logo\/image\/","url":"https:\/\/anhuysafety.com\/wp-content\/uploads\/2022\/02\/cropped-cropped-cropped-LOGO_AN_HUY_SAFETY_chuan-removebg-preview-1.png","contentUrl":"https:\/\/anhuysafety.com\/wp-content\/uploads\/2022\/02\/cropped-cropped-cropped-LOGO_AN_HUY_SAFETY_chuan-removebg-preview-1.png","width":357,"height":318,"caption":"C\u00f4ng ty TNHH trang thi\u1ebft b\u1ecb k\u1ef9 thu\u1eadt An Huy"},"image":{"@id":"https:\/\/anhuysafety.com\/#\/schema\/logo\/image\/"}}]}},"_links":{"self":[{"href":"https:\/\/anhuysafety.com\/en\/wp-json\/wp\/v2\/product\/3700","targetHints":{"allow":["GET"]}}],"collection":[{"href":"https:\/\/anhuysafety.com\/en\/wp-json\/wp\/v2\/product"}],"about":[{"href":"https:\/\/anhuysafety.com\/en\/wp-json\/wp\/v2\/types\/product"}],"version-history":[{"count":2,"href":"https:\/\/anhuysafety.com\/en\/wp-json\/wp\/v2\/product\/3700\/revisions"}],"predecessor-version":[{"id":3704,"href":"https:\/\/anhuysafety.com\/en\/wp-json\/wp\/v2\/product\/3700\/revisions\/3704"}],"wp:featuredmedia":[{"embeddable":true,"href":"https:\/\/anhuysafety.com\/en\/wp-json\/wp\/v2\/media\/3702"}],"wp:attachment":[{"href":"https:\/\/anhuysafety.com\/en\/wp-json\/wp\/v2\/media?parent=3700"}],"wp:term":[{"taxonomy":"product_brand","embeddable":true,"href":"https:\/\/anhuysafety.com\/en\/wp-json\/wp\/v2\/product_brand?post=3700"},{"taxonomy":"product_cat","embeddable":true,"href":"https:\/\/anhuysafety.com\/en\/wp-json\/wp\/v2\/product_cat?post=3700"},{"taxonomy":"product_tag","embeddable":true,"href":"https:\/\/anhuysafety.com\/en\/wp-json\/wp\/v2\/product_tag?post=3700"}],"curies":[{"name":"wp","href":"https:\/\/api.w.org\/{rel}","templated":true}]}}