{"id":3705,"date":"2022-04-12T10:35:14","date_gmt":"2022-04-12T03:35:14","guid":{"rendered":"https:\/\/anhuysafety.com\/?post_type=product&#038;p=3705"},"modified":"2022-04-12T10:35:14","modified_gmt":"2022-04-12T03:35:14","slug":"ung-cach-dien-novax-dbs4","status":"publish","type":"product","link":"https:\/\/anhuysafety.com\/en\/product\/ung-cach-dien-novax-dbs4\/","title":{"rendered":"\u1ee6ng c\u00e1ch \u0111i\u1ec7n NOVAX DBS4"},"content":{"rendered":"<p><strong>\u1ee6ng c\u00e1ch \u0111i\u1ec7n\u00a0 NOVAX\u00a0 DBS4<\/strong><\/p>\n<div id=\"product-images\" class=\"carousel thumbnail_gallery product-images owl-carousel owl-theme\">\n<div class=\"owl-wrapper-outer\">\n<div class=\"owl-wrapper\">\n<div class=\"owl-item\">\n<p><img decoding=\"async\" data-src=\"http:\/\/anbac.com.vn\/upload\/hinhanh\/033351916333.gif\" src=\"data:image\/svg+xml;base64,PHN2ZyB3aWR0aD0iMSIgaGVpZ2h0PSIxIiB4bWxucz0iaHR0cDovL3d3dy53My5vcmcvMjAwMC9zdmciPjwvc3ZnPg==\" class=\"lazyload\" \/><\/p>\n<\/div>\n<\/div>\n<\/div>\n<\/div>\n<p>S\u1ea3n ph\u1ea9m \u0111\u01b0\u1ee3c l\u00e0m t\u1eeb cao su c\u00e1ch \u0111i\u1ec7n, h\u00ecnh th\u1ee9c \u0111\u1eb9p, ph\u00f9 h\u1ee3p ch\u00e2n ng\u01b0\u1eddi mang, \u00a0k\u1ebft c\u1ea5u r\u1ea5t ch\u1eafc ch\u1eafn.<\/p>\n<p>S\u1ea3n ph\u1ea9n c\u00f3 h\u00ecnh th\u1ee9c n\u1ed5i b\u1eadt \u0111\u01b0\u1ee3c ph\u1ed1i h\u1ee3p b\u1edfi hai m\u00e0u cam v\u00e0 xanh l\u00e1 \u0111\u1eadm.<\/p>\n<p>S\u1ea3n ph\u1ea9m \u0111\u1ea1t\u00a0 ti\u00eau chu\u1ea9n EN ISO 20345: 2011, EN 50321: 1999, CSA Z195-14 \/ ASTM F 2413-11, ASTM F1117-03<\/p>\n<p><strong>\u0110\u1eb7c t\u00ednh k\u1ef9 thu\u1eadt :<\/strong><\/p>\n<p>&#8211; \u0110i\u1ec7n \u00e1p ki\u1ec3m tra 20kV ( ASTM F1117-03 ) ,<\/p>\n<p>&#8211; \u1ee6ng c\u00f3 l\u1edbp l\u00f3t ph\u00eda trong gi\u00fap th\u1ea5m gi\u1eef m\u1ed3 h\u00f4i, t\u1ea1o s\u1ef1 tho\u1ea3i m\u00e1i khi mang.<\/p>\n<p>&#8211; \u1ee6ng ch\u1ed1ng th\u1ea5m n\u01b0\u1edbc, b\u1ea3o v\u00ea ch\u00e2n trong \u0111i\u1ec1u ki\u1ec7n th\u1eddi ti\u1ebft kh\u1eafc nghi\u1ec7t, d\u1ec5 d\u00e0ng v\u1ec7 sinh sau m\u1ed7i ca l\u00e0m vi\u1ec7c.<\/p>\n<p>&#8211; \u0110\u1ebf \u1ee7ng c\u00f3 t\u00ednh n\u0103ng ch\u1ed1ng m\u00e0i m\u00f2n cao, ch\u1ed1ng tr\u01a1n tr\u01b0\u1ee3t, t\u00e9 ng\u00e3<\/p>\n<p>&#8211; Ph\u1ea7n m\u0169i c\u00f3 l\u00f3t bu <strong>ch\u1ed1ng d\u1eadp ng\u00f3n ch\u00e2n<\/strong>, ph\u00eda ngo\u00e0i ph\u1ee7 l\u1edbp Epoxy ch\u1ed1ng \u0103n m\u00f2n.<\/p>\n<p>&#8211; Ph\u1ea7n tr\u00ean \u1ee7ng \u0111\u01b0\u1ee3c thi\u1ebft k\u1ebf c\u00e1c g\u00e2n d\u1ea1ng s\u00f3ng gi\u00fap \u0111\u1ec3 d\u00e0ng di chuy\u1ec3n.<\/p>\n<p>&#8211; \u1ee6ng c\u00f3 t\u00ednh n\u0103ng ch\u1ed1ng h\u00f3a ch\u1ea5t \u2013 Ri\u00eang ph\u1ea7n \u0111\u1ebf v\u00e0 m\u0169 \u1ee7ng c\u00f3 th\u1ec3 ch\u1ed1ng l\u1ea1i c\u00e1c axit v\u00e0 ki\u1ec1m m\u1ea1nh.<\/p>\n<p>&#8211; S\u1ea3n ph\u1ea9m \u0111\u1ea1t ti\u00eau chu\u1ea9n EN ISO 20345: 2011, EN 50321: 1999, CSA Z195-14 \/ ASTM F 2413-11, ASTM F1117-03<\/p>\n<p>S\u1ea3n ph\u1ea9m \u0111\u01b0\u1ee3c th\u1eed nghi\u1ec7m t\u1eebng chi\u1ebfc ph\u00f9 h\u1ee3p\u00a0 ti\u00eau chu\u1ea9n EN 20345 v\u00e0 EN 50321.<\/p>\n<p><img decoding=\"async\" data-src=\"https:\/\/novax-intl.com\/wp-content\/uploads\/2019\/04\/safety-boots-marking-136x300.jpg\" src=\"data:image\/svg+xml;base64,PHN2ZyB3aWR0aD0iMSIgaGVpZ2h0PSIxIiB4bWxucz0iaHR0cDovL3d3dy53My5vcmcvMjAwMC9zdmciPjwvc3ZnPg==\" class=\"lazyload\" style=\"--smush-placeholder-width: 136px; --smush-placeholder-aspect-ratio: 136\/300;\" \/><\/p>\n<p><strong>Nh\u00e0 s\u1ea3n xu\u1ea5t :<\/strong> Novax \u2013 Malaysia<\/p>","protected":false},"excerpt":{"rendered":"<p>\u1ee6ng c\u00e1ch \u0111i\u1ec7n\u00a0 NOVAX\u00a0 DBS4 S\u1ea3n ph\u1ea9m \u0111\u01b0\u1ee3c l\u00e0m t\u1eeb cao su c\u00e1ch \u0111i\u1ec7n, h\u00ecnh th\u1ee9c \u0111\u1eb9p, ph\u00f9 h\u1ee3p ch\u00e2n ng\u01b0\u1eddi mang, \u00a0k\u1ebft c\u1ea5u r\u1ea5t ch\u1eafc ch\u1eafn. S\u1ea3n ph\u1ea9n c\u00f3 h\u00ecnh th\u1ee9c n\u1ed5i b\u1eadt \u0111\u01b0\u1ee3c ph\u1ed1i h\u1ee3p b\u1edfi hai m\u00e0u cam v\u00e0 xanh l\u00e1 \u0111\u1eadm. S\u1ea3n ph\u1ea9m \u0111\u1ea1t\u00a0 ti\u00eau chu\u1ea9n EN ISO 20345: 2011, EN [&hellip;]<\/p>\n","protected":false},"featured_media":3706,"template":"","meta":{"site-sidebar-layout":"default","site-content-layout":"default","ast-site-content-layout":"default","site-content-style":"default","site-sidebar-style":"default","ast-global-header-display":"","ast-banner-title-visibility":"","ast-main-header-display":"","ast-hfb-above-header-display":"","ast-hfb-below-header-display":"","ast-hfb-mobile-header-display":"","site-post-title":"","ast-breadcrumbs-content":"","ast-featured-img":"","footer-sml-layout":"","ast-disable-related-posts":"","theme-transparent-header-meta":"","adv-header-id-meta":"","stick-header-meta":"","header-above-stick-meta":"","header-main-stick-meta":"","header-below-stick-meta":"","astra-migrate-meta-layouts":"default","ast-page-background-enabled":"default","ast-page-background-meta":{"desktop":{"background-color":"","background-image":"","background-repeat":"repeat","background-position":"center center","background-size":"auto","background-attachment":"scroll","background-type":"","background-media":"","overlay-type":"","overlay-color":"","overlay-opacity":"","overlay-gradient":""},"tablet":{"background-color":"","background-image":"","background-repeat":"repeat","background-position":"center center","background-size":"auto","background-attachment":"scroll","background-type":"","background-media":"","overlay-type":"","overlay-color":"","overlay-opacity":"","overlay-gradient":""},"mobile":{"background-color":"","background-image":"","background-repeat":"repeat","background-position":"center center","background-size":"auto","background-attachment":"scroll","background-type":"","background-media":"","overlay-type":"","overlay-color":"","overlay-opacity":"","overlay-gradient":""}},"ast-content-background-meta":{"desktop":{"background-color":"var(--ast-global-color-5)","background-image":"","background-repeat":"repeat","background-position":"center center","background-size":"auto","background-attachment":"scroll","background-type":"","background-media":"","overlay-type":"","overlay-color":"","overlay-opacity":"","overlay-gradient":""},"tablet":{"background-color":"var(--ast-global-color-5)","background-image":"","background-repeat":"repeat","background-position":"center center","background-size":"auto","background-attachment":"scroll","background-type":"","background-media":"","overlay-type":"","overlay-color":"","overlay-opacity":"","overlay-gradient":""},"mobile":{"background-color":"var(--ast-global-color-5)","background-image":"","background-repeat":"repeat","background-position":"center center","background-size":"auto","background-attachment":"scroll","background-type":"","background-media":"","overlay-type":"","overlay-color":"","overlay-opacity":"","overlay-gradient":""}}},"product_brand":[],"product_cat":[150,67,84],"product_tag":[],"class_list":{"0":"post-3705","1":"product","2":"type-product","3":"status-publish","4":"has-post-thumbnail","6":"product_cat-ung-va-giay-cach-dien","7":"product_cat-bao-ve-ca-nhan","8":"product_cat-bao-ve-chan","9":"desktop-align-left","10":"tablet-align-left","11":"mobile-align-left","13":"first","14":"instock","15":"shipping-taxable","16":"product-type-simple"},"yoast_head":"<!-- This site is optimized with the Yoast SEO plugin v27.5 - https:\/\/yoast.com\/product\/yoast-seo-wordpress\/ -->\n<title>\u1ee6ng c\u00e1ch \u0111i\u1ec7n NOVAX DBS4 - C\u00f4ng Ty TNHH Trang Thi\u1ebft B\u1ecb K\u1ef9 Thu\u1eadt An Huy<\/title>\n<meta name=\"description\" content=\"\u1ee6ng c\u00e1ch \u0111i\u1ec7n NOVAX DBS4 \u0111\u01b0\u1ee3c l\u00e0m t\u1eeb cao su c\u00e1ch \u0111i\u1ec7n, h\u00ecnh th\u1ee9c \u0111\u1eb9p, ph\u00f9 h\u1ee3p ch\u00e2n ng\u01b0\u1eddi mang, k\u1ebft c\u1ea5u r\u1ea5t ch\u1eafc ch\u1eafn.\" \/>\n<meta name=\"robots\" content=\"index, follow, max-snippet:-1, max-image-preview:large, max-video-preview:-1\" \/>\n<link rel=\"canonical\" href=\"http:\/\/anhuysafety.com\/en\/product\/ung-cach-dien-novax-dbs4\/\" \/>\n<meta property=\"og:locale\" content=\"en_US\" \/>\n<meta property=\"og:type\" content=\"article\" \/>\n<meta property=\"og:title\" content=\"\u1ee6ng c\u00e1ch \u0111i\u1ec7n NOVAX DBS4 - C\u00f4ng Ty TNHH Trang Thi\u1ebft B\u1ecb K\u1ef9 Thu\u1eadt An Huy\" \/>\n<meta property=\"og:description\" content=\"\u1ee6ng c\u00e1ch \u0111i\u1ec7n NOVAX DBS4 \u0111\u01b0\u1ee3c l\u00e0m t\u1eeb cao su c\u00e1ch \u0111i\u1ec7n, h\u00ecnh th\u1ee9c \u0111\u1eb9p, ph\u00f9 h\u1ee3p ch\u00e2n ng\u01b0\u1eddi mang, k\u1ebft c\u1ea5u r\u1ea5t ch\u1eafc ch\u1eafn.\" \/>\n<meta property=\"og:url\" content=\"http:\/\/anhuysafety.com\/en\/product\/ung-cach-dien-novax-dbs4\/\" \/>\n<meta property=\"og:site_name\" content=\"C\u00f4ng Ty TNHH Trang Thi\u1ebft B\u1ecb K\u1ef9 Thu\u1eadt An Huy\" \/>\n<meta property=\"og:image\" content=\"https:\/\/anhuysafety.com\/wp-content\/uploads\/2022\/04\/ngcachdiennovax11630414-1.gif\" \/>\n\t<meta property=\"og:image:width\" content=\"400\" \/>\n\t<meta property=\"og:image:height\" content=\"300\" \/>\n\t<meta property=\"og:image:type\" content=\"image\/gif\" \/>\n<meta name=\"twitter:card\" content=\"summary_large_image\" \/>\n<meta name=\"twitter:label1\" content=\"Est. reading time\" \/>\n\t<meta name=\"twitter:data1\" content=\"2 minutes\" \/>\n<script type=\"application\/ld+json\" class=\"yoast-schema-graph\">{\"@context\":\"https:\\\/\\\/schema.org\",\"@graph\":[{\"@type\":\"WebPage\",\"@id\":\"http:\\\/\\\/anhuysafety.com\\\/en\\\/product\\\/ung-cach-dien-novax-dbs4\\\/\",\"url\":\"http:\\\/\\\/anhuysafety.com\\\/en\\\/product\\\/ung-cach-dien-novax-dbs4\\\/\",\"name\":\"\u1ee6ng c\u00e1ch \u0111i\u1ec7n NOVAX DBS4 - C\u00f4ng Ty TNHH Trang Thi\u1ebft B\u1ecb K\u1ef9 Thu\u1eadt An Huy\",\"isPartOf\":{\"@id\":\"https:\\\/\\\/anhuysafety.com\\\/#website\"},\"primaryImageOfPage\":{\"@id\":\"http:\\\/\\\/anhuysafety.com\\\/en\\\/product\\\/ung-cach-dien-novax-dbs4\\\/#primaryimage\"},\"image\":{\"@id\":\"http:\\\/\\\/anhuysafety.com\\\/en\\\/product\\\/ung-cach-dien-novax-dbs4\\\/#primaryimage\"},\"thumbnailUrl\":\"https:\\\/\\\/anhuysafety.com\\\/wp-content\\\/uploads\\\/2022\\\/04\\\/ngcachdiennovax11630414-1.gif\",\"datePublished\":\"2022-04-12T03:35:14+00:00\",\"description\":\"\u1ee6ng c\u00e1ch \u0111i\u1ec7n NOVAX DBS4 \u0111\u01b0\u1ee3c l\u00e0m t\u1eeb cao su c\u00e1ch \u0111i\u1ec7n, h\u00ecnh th\u1ee9c \u0111\u1eb9p, ph\u00f9 h\u1ee3p ch\u00e2n ng\u01b0\u1eddi mang, k\u1ebft c\u1ea5u r\u1ea5t ch\u1eafc ch\u1eafn.\",\"breadcrumb\":{\"@id\":\"http:\\\/\\\/anhuysafety.com\\\/en\\\/product\\\/ung-cach-dien-novax-dbs4\\\/#breadcrumb\"},\"inLanguage\":\"en-US\",\"potentialAction\":[{\"@type\":\"ReadAction\",\"target\":[\"http:\\\/\\\/anhuysafety.com\\\/en\\\/product\\\/ung-cach-dien-novax-dbs4\\\/\"]}]},{\"@type\":\"ImageObject\",\"inLanguage\":\"en-US\",\"@id\":\"http:\\\/\\\/anhuysafety.com\\\/en\\\/product\\\/ung-cach-dien-novax-dbs4\\\/#primaryimage\",\"url\":\"https:\\\/\\\/anhuysafety.com\\\/wp-content\\\/uploads\\\/2022\\\/04\\\/ngcachdiennovax11630414-1.gif\",\"contentUrl\":\"https:\\\/\\\/anhuysafety.com\\\/wp-content\\\/uploads\\\/2022\\\/04\\\/ngcachdiennovax11630414-1.gif\",\"width\":400,\"height\":300,\"caption\":\"\u1ee6ng c\u00e1ch \u0111i\u1ec7n\"},{\"@type\":\"BreadcrumbList\",\"@id\":\"http:\\\/\\\/anhuysafety.com\\\/en\\\/product\\\/ung-cach-dien-novax-dbs4\\\/#breadcrumb\",\"itemListElement\":[{\"@type\":\"ListItem\",\"position\":1,\"name\":\"Trang ch\u1ee7\",\"item\":\"https:\\\/\\\/anhuysafety.com\\\/\"},{\"@type\":\"ListItem\",\"position\":2,\"name\":\"S\u1ea3n ph\u1ea9m\",\"item\":\"http:\\\/\\\/anhuysafety.com\\\/en\\\/cua-hang\"},{\"@type\":\"ListItem\",\"position\":3,\"name\":\"\u1ee6ng c\u00e1ch \u0111i\u1ec7n NOVAX DBS4\"}]},{\"@type\":\"WebSite\",\"@id\":\"https:\\\/\\\/anhuysafety.com\\\/#website\",\"url\":\"https:\\\/\\\/anhuysafety.com\\\/\",\"name\":\"C\u00f4ng Ty TNHH Trang Thi\u1ebft B\u1ecb K\u1ef9 Thu\u1eadt An Huy\",\"description\":\"\",\"publisher\":{\"@id\":\"https:\\\/\\\/anhuysafety.com\\\/#organization\"},\"potentialAction\":[{\"@type\":\"SearchAction\",\"target\":{\"@type\":\"EntryPoint\",\"urlTemplate\":\"https:\\\/\\\/anhuysafety.com\\\/?s={search_term_string}\"},\"query-input\":{\"@type\":\"PropertyValueSpecification\",\"valueRequired\":true,\"valueName\":\"search_term_string\"}}],\"inLanguage\":\"en-US\"},{\"@type\":\"Organization\",\"@id\":\"https:\\\/\\\/anhuysafety.com\\\/#organization\",\"name\":\"C\u00f4ng ty TNHH trang thi\u1ebft b\u1ecb k\u1ef9 thu\u1eadt An Huy\",\"url\":\"https:\\\/\\\/anhuysafety.com\\\/\",\"logo\":{\"@type\":\"ImageObject\",\"inLanguage\":\"en-US\",\"@id\":\"https:\\\/\\\/anhuysafety.com\\\/#\\\/schema\\\/logo\\\/image\\\/\",\"url\":\"https:\\\/\\\/anhuysafety.com\\\/wp-content\\\/uploads\\\/2022\\\/02\\\/cropped-cropped-cropped-LOGO_AN_HUY_SAFETY_chuan-removebg-preview-1.png\",\"contentUrl\":\"https:\\\/\\\/anhuysafety.com\\\/wp-content\\\/uploads\\\/2022\\\/02\\\/cropped-cropped-cropped-LOGO_AN_HUY_SAFETY_chuan-removebg-preview-1.png\",\"width\":357,\"height\":318,\"caption\":\"C\u00f4ng ty TNHH trang thi\u1ebft b\u1ecb k\u1ef9 thu\u1eadt An Huy\"},\"image\":{\"@id\":\"https:\\\/\\\/anhuysafety.com\\\/#\\\/schema\\\/logo\\\/image\\\/\"}}]}<\/script>\n<!-- \/ Yoast SEO plugin. -->","yoast_head_json":{"title":"\u1ee6ng c\u00e1ch \u0111i\u1ec7n NOVAX DBS4 - C\u00f4ng Ty TNHH Trang Thi\u1ebft B\u1ecb K\u1ef9 Thu\u1eadt An Huy","description":"\u1ee6ng c\u00e1ch \u0111i\u1ec7n NOVAX DBS4 \u0111\u01b0\u1ee3c l\u00e0m t\u1eeb cao su c\u00e1ch \u0111i\u1ec7n, h\u00ecnh th\u1ee9c \u0111\u1eb9p, ph\u00f9 h\u1ee3p ch\u00e2n ng\u01b0\u1eddi mang, k\u1ebft c\u1ea5u r\u1ea5t ch\u1eafc ch\u1eafn.","robots":{"index":"index","follow":"follow","max-snippet":"max-snippet:-1","max-image-preview":"max-image-preview:large","max-video-preview":"max-video-preview:-1"},"canonical":"http:\/\/anhuysafety.com\/en\/product\/ung-cach-dien-novax-dbs4\/","og_locale":"en_US","og_type":"article","og_title":"\u1ee6ng c\u00e1ch \u0111i\u1ec7n NOVAX DBS4 - C\u00f4ng Ty TNHH Trang Thi\u1ebft B\u1ecb K\u1ef9 Thu\u1eadt An Huy","og_description":"\u1ee6ng c\u00e1ch \u0111i\u1ec7n NOVAX DBS4 \u0111\u01b0\u1ee3c l\u00e0m t\u1eeb cao su c\u00e1ch \u0111i\u1ec7n, h\u00ecnh th\u1ee9c \u0111\u1eb9p, ph\u00f9 h\u1ee3p ch\u00e2n ng\u01b0\u1eddi mang, k\u1ebft c\u1ea5u r\u1ea5t ch\u1eafc ch\u1eafn.","og_url":"http:\/\/anhuysafety.com\/en\/product\/ung-cach-dien-novax-dbs4\/","og_site_name":"C\u00f4ng Ty TNHH Trang Thi\u1ebft B\u1ecb K\u1ef9 Thu\u1eadt An Huy","og_image":[{"width":400,"height":300,"url":"https:\/\/anhuysafety.com\/wp-content\/uploads\/2022\/04\/ngcachdiennovax11630414-1.gif","type":"image\/gif"}],"twitter_card":"summary_large_image","twitter_misc":{"Est. reading time":"2 minutes"},"schema":{"@context":"https:\/\/schema.org","@graph":[{"@type":"WebPage","@id":"http:\/\/anhuysafety.com\/en\/product\/ung-cach-dien-novax-dbs4\/","url":"http:\/\/anhuysafety.com\/en\/product\/ung-cach-dien-novax-dbs4\/","name":"\u1ee6ng c\u00e1ch \u0111i\u1ec7n NOVAX DBS4 - C\u00f4ng Ty TNHH Trang Thi\u1ebft B\u1ecb K\u1ef9 Thu\u1eadt An Huy","isPartOf":{"@id":"https:\/\/anhuysafety.com\/#website"},"primaryImageOfPage":{"@id":"http:\/\/anhuysafety.com\/en\/product\/ung-cach-dien-novax-dbs4\/#primaryimage"},"image":{"@id":"http:\/\/anhuysafety.com\/en\/product\/ung-cach-dien-novax-dbs4\/#primaryimage"},"thumbnailUrl":"https:\/\/anhuysafety.com\/wp-content\/uploads\/2022\/04\/ngcachdiennovax11630414-1.gif","datePublished":"2022-04-12T03:35:14+00:00","description":"\u1ee6ng c\u00e1ch \u0111i\u1ec7n NOVAX DBS4 \u0111\u01b0\u1ee3c l\u00e0m t\u1eeb cao su c\u00e1ch \u0111i\u1ec7n, h\u00ecnh th\u1ee9c \u0111\u1eb9p, ph\u00f9 h\u1ee3p ch\u00e2n ng\u01b0\u1eddi mang, k\u1ebft c\u1ea5u r\u1ea5t ch\u1eafc ch\u1eafn.","breadcrumb":{"@id":"http:\/\/anhuysafety.com\/en\/product\/ung-cach-dien-novax-dbs4\/#breadcrumb"},"inLanguage":"en-US","potentialAction":[{"@type":"ReadAction","target":["http:\/\/anhuysafety.com\/en\/product\/ung-cach-dien-novax-dbs4\/"]}]},{"@type":"ImageObject","inLanguage":"en-US","@id":"http:\/\/anhuysafety.com\/en\/product\/ung-cach-dien-novax-dbs4\/#primaryimage","url":"https:\/\/anhuysafety.com\/wp-content\/uploads\/2022\/04\/ngcachdiennovax11630414-1.gif","contentUrl":"https:\/\/anhuysafety.com\/wp-content\/uploads\/2022\/04\/ngcachdiennovax11630414-1.gif","width":400,"height":300,"caption":"\u1ee6ng c\u00e1ch \u0111i\u1ec7n"},{"@type":"BreadcrumbList","@id":"http:\/\/anhuysafety.com\/en\/product\/ung-cach-dien-novax-dbs4\/#breadcrumb","itemListElement":[{"@type":"ListItem","position":1,"name":"Trang ch\u1ee7","item":"https:\/\/anhuysafety.com\/"},{"@type":"ListItem","position":2,"name":"S\u1ea3n ph\u1ea9m","item":"http:\/\/anhuysafety.com\/en\/cua-hang"},{"@type":"ListItem","position":3,"name":"\u1ee6ng c\u00e1ch \u0111i\u1ec7n NOVAX DBS4"}]},{"@type":"WebSite","@id":"https:\/\/anhuysafety.com\/#website","url":"https:\/\/anhuysafety.com\/","name":"AN HUY TECHNICAL EQUIPMENT CO., LTD","description":"","publisher":{"@id":"https:\/\/anhuysafety.com\/#organization"},"potentialAction":[{"@type":"SearchAction","target":{"@type":"EntryPoint","urlTemplate":"https:\/\/anhuysafety.com\/?s={search_term_string}"},"query-input":{"@type":"PropertyValueSpecification","valueRequired":true,"valueName":"search_term_string"}}],"inLanguage":"en-US"},{"@type":"Organization","@id":"https:\/\/anhuysafety.com\/#organization","name":"C\u00f4ng ty TNHH trang thi\u1ebft b\u1ecb k\u1ef9 thu\u1eadt An Huy","url":"https:\/\/anhuysafety.com\/","logo":{"@type":"ImageObject","inLanguage":"en-US","@id":"https:\/\/anhuysafety.com\/#\/schema\/logo\/image\/","url":"https:\/\/anhuysafety.com\/wp-content\/uploads\/2022\/02\/cropped-cropped-cropped-LOGO_AN_HUY_SAFETY_chuan-removebg-preview-1.png","contentUrl":"https:\/\/anhuysafety.com\/wp-content\/uploads\/2022\/02\/cropped-cropped-cropped-LOGO_AN_HUY_SAFETY_chuan-removebg-preview-1.png","width":357,"height":318,"caption":"C\u00f4ng ty TNHH trang thi\u1ebft b\u1ecb k\u1ef9 thu\u1eadt An Huy"},"image":{"@id":"https:\/\/anhuysafety.com\/#\/schema\/logo\/image\/"}}]}},"_links":{"self":[{"href":"https:\/\/anhuysafety.com\/en\/wp-json\/wp\/v2\/product\/3705","targetHints":{"allow":["GET"]}}],"collection":[{"href":"https:\/\/anhuysafety.com\/en\/wp-json\/wp\/v2\/product"}],"about":[{"href":"https:\/\/anhuysafety.com\/en\/wp-json\/wp\/v2\/types\/product"}],"version-history":[{"count":1,"href":"https:\/\/anhuysafety.com\/en\/wp-json\/wp\/v2\/product\/3705\/revisions"}],"predecessor-version":[{"id":3708,"href":"https:\/\/anhuysafety.com\/en\/wp-json\/wp\/v2\/product\/3705\/revisions\/3708"}],"wp:featuredmedia":[{"embeddable":true,"href":"https:\/\/anhuysafety.com\/en\/wp-json\/wp\/v2\/media\/3706"}],"wp:attachment":[{"href":"https:\/\/anhuysafety.com\/en\/wp-json\/wp\/v2\/media?parent=3705"}],"wp:term":[{"taxonomy":"product_brand","embeddable":true,"href":"https:\/\/anhuysafety.com\/en\/wp-json\/wp\/v2\/product_brand?post=3705"},{"taxonomy":"product_cat","embeddable":true,"href":"https:\/\/anhuysafety.com\/en\/wp-json\/wp\/v2\/product_cat?post=3705"},{"taxonomy":"product_tag","embeddable":true,"href":"https:\/\/anhuysafety.com\/en\/wp-json\/wp\/v2\/product_tag?post=3705"}],"curies":[{"name":"wp","href":"https:\/\/api.w.org\/{rel}","templated":true}]}}