{"id":3718,"date":"2022-04-12T15:55:16","date_gmt":"2022-04-12T08:55:16","guid":{"rendered":"https:\/\/anhuysafety.com\/?post_type=product&#038;p=3718"},"modified":"2022-04-12T15:55:17","modified_gmt":"2022-04-12T08:55:17","slug":"bo-chong-hoa-chat-tyvek","status":"publish","type":"product","link":"https:\/\/anhuysafety.com\/en\/product\/bo-chong-hoa-chat-tyvek\/","title":{"rendered":"B\u1ed9 ch\u1ed1ng h\u00f3a ch\u1ea5t Tyvek"},"content":{"rendered":"<div id=\"home\" class=\"tab-pane fade in active\">\n<div class=\"col-xs-12\">\n<p>B\u1ed9 qu\u1ea7n \u00e1o li\u1ec1n qu\u1ea7n ch\u1ed1ng h\u00f3a ch\u1ea5t Dupot Tyvek<\/p>\n<p>\u0110\u01b0\u1ee3c l\u00e0m t\u1eeb v\u1eadt li\u1ec7u Tyvek\u00ae b\u1ec1n nh\u01b0ng m\u1ec1m m\u1ea1i, tho\u00e1ng kh\u00ed<br \/>\nCh\u1ed1ng t\u0129nh \u0111i\u1ec7n.<br \/>\nCh\u1ed1ng b\u1ee5i \u0111\u1ed9c h\u1ea1i d\u1ea1ng h\u1ea1t, c\u00e1c lo\u1ea1i s\u1ee3i amiang, s\u1ee3i th\u1ee7y tinh, ch\u00ec , ph\u00e2n b\u00f3n, thu\u1ed1c tr\u1eeb s\u00e2u , carbon.<br \/>\nCh\u1ed1ng \u0111\u01b0\u1ee3c nhi\u1ec1u lo\u1ea1i h\u00f3a ch\u1ea5t d\u1ea1ng l\u1ecfng v\u00f4 c\u01a1 lo\u00e3ng v\u00e0 h\u00f3a ch\u1ea5t r\u1eafn.<br \/>\nCh\u1ed1ng \u0111\u01b0\u1ee3c c\u00e1c sol kh\u00ed , k\u1ec3 c\u1ea3 s\u01a1n phun, isocyanat.<\/p>\n<p>&nbsp;<\/p>\n<p>Xu\u1ea5t x\u1ee9 : Trung Qu\u1ed1c<\/p>\n<\/div>\n<\/div>","protected":false},"excerpt":{"rendered":"<p>B\u1ed9 qu\u1ea7n \u00e1o li\u1ec1n qu\u1ea7n ch\u1ed1ng h\u00f3a ch\u1ea5t Dupot Tyvek \u0110\u01b0\u1ee3c l\u00e0m t\u1eeb v\u1eadt li\u1ec7u Tyvek\u00ae b\u1ec1n nh\u01b0ng m\u1ec1m m\u1ea1i, tho\u00e1ng kh\u00ed Ch\u1ed1ng t\u0129nh \u0111i\u1ec7n. Ch\u1ed1ng b\u1ee5i \u0111\u1ed9c h\u1ea1i d\u1ea1ng h\u1ea1t, c\u00e1c lo\u1ea1i s\u1ee3i amiang, s\u1ee3i th\u1ee7y tinh, ch\u00ec , ph\u00e2n b\u00f3n, thu\u1ed1c tr\u1eeb s\u00e2u , carbon. Ch\u1ed1ng \u0111\u01b0\u1ee3c nhi\u1ec1u lo\u1ea1i h\u00f3a ch\u1ea5t d\u1ea1ng l\u1ecfng [&hellip;]<\/p>\n","protected":false},"featured_media":3719,"template":"","meta":{"site-sidebar-layout":"default","site-content-layout":"default","ast-site-content-layout":"default","site-content-style":"default","site-sidebar-style":"default","ast-global-header-display":"","ast-banner-title-visibility":"","ast-main-header-display":"","ast-hfb-above-header-display":"","ast-hfb-below-header-display":"","ast-hfb-mobile-header-display":"","site-post-title":"","ast-breadcrumbs-content":"","ast-featured-img":"","footer-sml-layout":"","ast-disable-related-posts":"","theme-transparent-header-meta":"","adv-header-id-meta":"","stick-header-meta":"","header-above-stick-meta":"","header-main-stick-meta":"","header-below-stick-meta":"","astra-migrate-meta-layouts":"default","ast-page-background-enabled":"default","ast-page-background-meta":{"desktop":{"background-color":"","background-image":"","background-repeat":"repeat","background-position":"center center","background-size":"auto","background-attachment":"scroll","background-type":"","background-media":"","overlay-type":"","overlay-color":"","overlay-opacity":"","overlay-gradient":""},"tablet":{"background-color":"","background-image":"","background-repeat":"repeat","background-position":"center center","background-size":"auto","background-attachment":"scroll","background-type":"","background-media":"","overlay-type":"","overlay-color":"","overlay-opacity":"","overlay-gradient":""},"mobile":{"background-color":"","background-image":"","background-repeat":"repeat","background-position":"center center","background-size":"auto","background-attachment":"scroll","background-type":"","background-media":"","overlay-type":"","overlay-color":"","overlay-opacity":"","overlay-gradient":""}},"ast-content-background-meta":{"desktop":{"background-color":"var(--ast-global-color-5)","background-image":"","background-repeat":"repeat","background-position":"center center","background-size":"auto","background-attachment":"scroll","background-type":"","background-media":"","overlay-type":"","overlay-color":"","overlay-opacity":"","overlay-gradient":""},"tablet":{"background-color":"var(--ast-global-color-5)","background-image":"","background-repeat":"repeat","background-position":"center center","background-size":"auto","background-attachment":"scroll","background-type":"","background-media":"","overlay-type":"","overlay-color":"","overlay-opacity":"","overlay-gradient":""},"mobile":{"background-color":"var(--ast-global-color-5)","background-image":"","background-repeat":"repeat","background-position":"center center","background-size":"auto","background-attachment":"scroll","background-type":"","background-media":"","overlay-type":"","overlay-color":"","overlay-opacity":"","overlay-gradient":""}}},"product_brand":[],"product_cat":[153,67,107],"product_tag":[],"class_list":{"0":"post-3718","1":"product","2":"type-product","3":"status-publish","4":"has-post-thumbnail","6":"product_cat-quan-ao-chong-hoa-chat","7":"product_cat-bao-ve-ca-nhan","8":"product_cat-bao-ve-than-the","9":"desktop-align-left","10":"tablet-align-left","11":"mobile-align-left","13":"first","14":"instock","15":"shipping-taxable","16":"product-type-simple"},"yoast_head":"<!-- This site is optimized with the Yoast SEO plugin v27.5 - https:\/\/yoast.com\/product\/yoast-seo-wordpress\/ -->\n<title>B\u1ed9 ch\u1ed1ng h\u00f3a ch\u1ea5t Tyvek - C\u00f4ng Ty TNHH Trang Thi\u1ebft B\u1ecb K\u1ef9 Thu\u1eadt An Huy<\/title>\n<meta name=\"description\" content=\"B\u1ed9 ch\u1ed1ng h\u00f3a ch\u1ea5t Tyvek \u0110\u01b0\u1ee3c l\u00e0m t\u1eeb v\u1eadt li\u1ec7u Tyvek\u00ae b\u1ec1n nh\u01b0ng m\u1ec1m m\u1ea1i, tho\u00e1ng kh\u00ed. Ch\u1ed1ng t\u0129nh \u0111i\u1ec7n. Ch\u1ed1ng b\u1ee5i \u0111\u1ed9c h\u1ea1i d\u1ea1ng h\u1ea1t.\" \/>\n<meta name=\"robots\" content=\"index, follow, max-snippet:-1, max-image-preview:large, max-video-preview:-1\" \/>\n<link rel=\"canonical\" href=\"http:\/\/anhuysafety.com\/en\/product\/bo-chong-hoa-chat-tyvek\/\" \/>\n<meta property=\"og:locale\" content=\"en_US\" \/>\n<meta property=\"og:type\" content=\"article\" \/>\n<meta property=\"og:title\" content=\"B\u1ed9 ch\u1ed1ng h\u00f3a ch\u1ea5t Tyvek - C\u00f4ng Ty TNHH Trang Thi\u1ebft B\u1ecb K\u1ef9 Thu\u1eadt An Huy\" \/>\n<meta property=\"og:description\" content=\"B\u1ed9 ch\u1ed1ng h\u00f3a ch\u1ea5t Tyvek \u0110\u01b0\u1ee3c l\u00e0m t\u1eeb v\u1eadt li\u1ec7u Tyvek\u00ae b\u1ec1n nh\u01b0ng m\u1ec1m m\u1ea1i, tho\u00e1ng kh\u00ed. Ch\u1ed1ng t\u0129nh \u0111i\u1ec7n. Ch\u1ed1ng b\u1ee5i \u0111\u1ed9c h\u1ea1i d\u1ea1ng h\u1ea1t.\" \/>\n<meta property=\"og:url\" content=\"http:\/\/anhuysafety.com\/en\/product\/bo-chong-hoa-chat-tyvek\/\" \/>\n<meta property=\"og:site_name\" content=\"C\u00f4ng Ty TNHH Trang Thi\u1ebft B\u1ecb K\u1ef9 Thu\u1eadt An Huy\" \/>\n<meta property=\"article:modified_time\" content=\"2022-04-12T08:55:17+00:00\" \/>\n<meta property=\"og:image\" content=\"https:\/\/anhuysafety.com\/wp-content\/uploads\/2022\/04\/tyvek1422a16855992.gif\" \/>\n\t<meta property=\"og:image:width\" content=\"441\" \/>\n\t<meta property=\"og:image:height\" content=\"383\" \/>\n\t<meta property=\"og:image:type\" content=\"image\/gif\" \/>\n<meta name=\"twitter:card\" content=\"summary_large_image\" \/>\n<meta name=\"twitter:label1\" content=\"Est. reading time\" \/>\n\t<meta name=\"twitter:data1\" content=\"1 minute\" \/>\n<script type=\"application\/ld+json\" class=\"yoast-schema-graph\">{\"@context\":\"https:\\\/\\\/schema.org\",\"@graph\":[{\"@type\":\"WebPage\",\"@id\":\"http:\\\/\\\/anhuysafety.com\\\/en\\\/product\\\/bo-chong-hoa-chat-tyvek\\\/\",\"url\":\"http:\\\/\\\/anhuysafety.com\\\/en\\\/product\\\/bo-chong-hoa-chat-tyvek\\\/\",\"name\":\"B\u1ed9 ch\u1ed1ng h\u00f3a ch\u1ea5t Tyvek - C\u00f4ng Ty TNHH Trang Thi\u1ebft B\u1ecb K\u1ef9 Thu\u1eadt An Huy\",\"isPartOf\":{\"@id\":\"https:\\\/\\\/anhuysafety.com\\\/#website\"},\"primaryImageOfPage\":{\"@id\":\"http:\\\/\\\/anhuysafety.com\\\/en\\\/product\\\/bo-chong-hoa-chat-tyvek\\\/#primaryimage\"},\"image\":{\"@id\":\"http:\\\/\\\/anhuysafety.com\\\/en\\\/product\\\/bo-chong-hoa-chat-tyvek\\\/#primaryimage\"},\"thumbnailUrl\":\"https:\\\/\\\/anhuysafety.com\\\/wp-content\\\/uploads\\\/2022\\\/04\\\/tyvek1422a16855992.gif\",\"datePublished\":\"2022-04-12T08:55:16+00:00\",\"dateModified\":\"2022-04-12T08:55:17+00:00\",\"description\":\"B\u1ed9 ch\u1ed1ng h\u00f3a ch\u1ea5t Tyvek \u0110\u01b0\u1ee3c l\u00e0m t\u1eeb v\u1eadt li\u1ec7u Tyvek\u00ae b\u1ec1n nh\u01b0ng m\u1ec1m m\u1ea1i, tho\u00e1ng kh\u00ed. Ch\u1ed1ng t\u0129nh \u0111i\u1ec7n. Ch\u1ed1ng b\u1ee5i \u0111\u1ed9c h\u1ea1i d\u1ea1ng h\u1ea1t.\",\"breadcrumb\":{\"@id\":\"http:\\\/\\\/anhuysafety.com\\\/en\\\/product\\\/bo-chong-hoa-chat-tyvek\\\/#breadcrumb\"},\"inLanguage\":\"en-US\",\"potentialAction\":[{\"@type\":\"ReadAction\",\"target\":[\"http:\\\/\\\/anhuysafety.com\\\/en\\\/product\\\/bo-chong-hoa-chat-tyvek\\\/\"]}]},{\"@type\":\"ImageObject\",\"inLanguage\":\"en-US\",\"@id\":\"http:\\\/\\\/anhuysafety.com\\\/en\\\/product\\\/bo-chong-hoa-chat-tyvek\\\/#primaryimage\",\"url\":\"https:\\\/\\\/anhuysafety.com\\\/wp-content\\\/uploads\\\/2022\\\/04\\\/tyvek1422a16855992.gif\",\"contentUrl\":\"https:\\\/\\\/anhuysafety.com\\\/wp-content\\\/uploads\\\/2022\\\/04\\\/tyvek1422a16855992.gif\",\"width\":441,\"height\":383,\"caption\":\"Qu\u1ea7n \u00e1o ch\u1ed1ng h\u00f3a ch\u1ea5t\"},{\"@type\":\"BreadcrumbList\",\"@id\":\"http:\\\/\\\/anhuysafety.com\\\/en\\\/product\\\/bo-chong-hoa-chat-tyvek\\\/#breadcrumb\",\"itemListElement\":[{\"@type\":\"ListItem\",\"position\":1,\"name\":\"Trang ch\u1ee7\",\"item\":\"https:\\\/\\\/anhuysafety.com\\\/\"},{\"@type\":\"ListItem\",\"position\":2,\"name\":\"S\u1ea3n ph\u1ea9m\",\"item\":\"http:\\\/\\\/anhuysafety.com\\\/en\\\/cua-hang\"},{\"@type\":\"ListItem\",\"position\":3,\"name\":\"B\u1ed9 ch\u1ed1ng h\u00f3a ch\u1ea5t Tyvek\"}]},{\"@type\":\"WebSite\",\"@id\":\"https:\\\/\\\/anhuysafety.com\\\/#website\",\"url\":\"https:\\\/\\\/anhuysafety.com\\\/\",\"name\":\"C\u00f4ng Ty TNHH Trang Thi\u1ebft B\u1ecb K\u1ef9 Thu\u1eadt An Huy\",\"description\":\"\",\"publisher\":{\"@id\":\"https:\\\/\\\/anhuysafety.com\\\/#organization\"},\"potentialAction\":[{\"@type\":\"SearchAction\",\"target\":{\"@type\":\"EntryPoint\",\"urlTemplate\":\"https:\\\/\\\/anhuysafety.com\\\/?s={search_term_string}\"},\"query-input\":{\"@type\":\"PropertyValueSpecification\",\"valueRequired\":true,\"valueName\":\"search_term_string\"}}],\"inLanguage\":\"en-US\"},{\"@type\":\"Organization\",\"@id\":\"https:\\\/\\\/anhuysafety.com\\\/#organization\",\"name\":\"C\u00f4ng ty TNHH trang thi\u1ebft b\u1ecb k\u1ef9 thu\u1eadt An Huy\",\"url\":\"https:\\\/\\\/anhuysafety.com\\\/\",\"logo\":{\"@type\":\"ImageObject\",\"inLanguage\":\"en-US\",\"@id\":\"https:\\\/\\\/anhuysafety.com\\\/#\\\/schema\\\/logo\\\/image\\\/\",\"url\":\"https:\\\/\\\/anhuysafety.com\\\/wp-content\\\/uploads\\\/2022\\\/02\\\/cropped-cropped-cropped-LOGO_AN_HUY_SAFETY_chuan-removebg-preview-1.png\",\"contentUrl\":\"https:\\\/\\\/anhuysafety.com\\\/wp-content\\\/uploads\\\/2022\\\/02\\\/cropped-cropped-cropped-LOGO_AN_HUY_SAFETY_chuan-removebg-preview-1.png\",\"width\":357,\"height\":318,\"caption\":\"C\u00f4ng ty TNHH trang thi\u1ebft b\u1ecb k\u1ef9 thu\u1eadt An Huy\"},\"image\":{\"@id\":\"https:\\\/\\\/anhuysafety.com\\\/#\\\/schema\\\/logo\\\/image\\\/\"}}]}<\/script>\n<!-- \/ Yoast SEO plugin. -->","yoast_head_json":{"title":"B\u1ed9 ch\u1ed1ng h\u00f3a ch\u1ea5t Tyvek - C\u00f4ng Ty TNHH Trang Thi\u1ebft B\u1ecb K\u1ef9 Thu\u1eadt An Huy","description":"B\u1ed9 ch\u1ed1ng h\u00f3a ch\u1ea5t Tyvek \u0110\u01b0\u1ee3c l\u00e0m t\u1eeb v\u1eadt li\u1ec7u Tyvek\u00ae b\u1ec1n nh\u01b0ng m\u1ec1m m\u1ea1i, tho\u00e1ng kh\u00ed. Ch\u1ed1ng t\u0129nh \u0111i\u1ec7n. Ch\u1ed1ng b\u1ee5i \u0111\u1ed9c h\u1ea1i d\u1ea1ng h\u1ea1t.","robots":{"index":"index","follow":"follow","max-snippet":"max-snippet:-1","max-image-preview":"max-image-preview:large","max-video-preview":"max-video-preview:-1"},"canonical":"http:\/\/anhuysafety.com\/en\/product\/bo-chong-hoa-chat-tyvek\/","og_locale":"en_US","og_type":"article","og_title":"B\u1ed9 ch\u1ed1ng h\u00f3a ch\u1ea5t Tyvek - C\u00f4ng Ty TNHH Trang Thi\u1ebft B\u1ecb K\u1ef9 Thu\u1eadt An Huy","og_description":"B\u1ed9 ch\u1ed1ng h\u00f3a ch\u1ea5t Tyvek \u0110\u01b0\u1ee3c l\u00e0m t\u1eeb v\u1eadt li\u1ec7u Tyvek\u00ae b\u1ec1n nh\u01b0ng m\u1ec1m m\u1ea1i, tho\u00e1ng kh\u00ed. Ch\u1ed1ng t\u0129nh \u0111i\u1ec7n. Ch\u1ed1ng b\u1ee5i \u0111\u1ed9c h\u1ea1i d\u1ea1ng h\u1ea1t.","og_url":"http:\/\/anhuysafety.com\/en\/product\/bo-chong-hoa-chat-tyvek\/","og_site_name":"C\u00f4ng Ty TNHH Trang Thi\u1ebft B\u1ecb K\u1ef9 Thu\u1eadt An Huy","article_modified_time":"2022-04-12T08:55:17+00:00","og_image":[{"width":441,"height":383,"url":"https:\/\/anhuysafety.com\/wp-content\/uploads\/2022\/04\/tyvek1422a16855992.gif","type":"image\/gif"}],"twitter_card":"summary_large_image","twitter_misc":{"Est. reading time":"1 minute"},"schema":{"@context":"https:\/\/schema.org","@graph":[{"@type":"WebPage","@id":"http:\/\/anhuysafety.com\/en\/product\/bo-chong-hoa-chat-tyvek\/","url":"http:\/\/anhuysafety.com\/en\/product\/bo-chong-hoa-chat-tyvek\/","name":"B\u1ed9 ch\u1ed1ng h\u00f3a ch\u1ea5t Tyvek - C\u00f4ng Ty TNHH Trang Thi\u1ebft B\u1ecb K\u1ef9 Thu\u1eadt An Huy","isPartOf":{"@id":"https:\/\/anhuysafety.com\/#website"},"primaryImageOfPage":{"@id":"http:\/\/anhuysafety.com\/en\/product\/bo-chong-hoa-chat-tyvek\/#primaryimage"},"image":{"@id":"http:\/\/anhuysafety.com\/en\/product\/bo-chong-hoa-chat-tyvek\/#primaryimage"},"thumbnailUrl":"https:\/\/anhuysafety.com\/wp-content\/uploads\/2022\/04\/tyvek1422a16855992.gif","datePublished":"2022-04-12T08:55:16+00:00","dateModified":"2022-04-12T08:55:17+00:00","description":"B\u1ed9 ch\u1ed1ng h\u00f3a ch\u1ea5t Tyvek \u0110\u01b0\u1ee3c l\u00e0m t\u1eeb v\u1eadt li\u1ec7u Tyvek\u00ae b\u1ec1n nh\u01b0ng m\u1ec1m m\u1ea1i, tho\u00e1ng kh\u00ed. Ch\u1ed1ng t\u0129nh \u0111i\u1ec7n. Ch\u1ed1ng b\u1ee5i \u0111\u1ed9c h\u1ea1i d\u1ea1ng h\u1ea1t.","breadcrumb":{"@id":"http:\/\/anhuysafety.com\/en\/product\/bo-chong-hoa-chat-tyvek\/#breadcrumb"},"inLanguage":"en-US","potentialAction":[{"@type":"ReadAction","target":["http:\/\/anhuysafety.com\/en\/product\/bo-chong-hoa-chat-tyvek\/"]}]},{"@type":"ImageObject","inLanguage":"en-US","@id":"http:\/\/anhuysafety.com\/en\/product\/bo-chong-hoa-chat-tyvek\/#primaryimage","url":"https:\/\/anhuysafety.com\/wp-content\/uploads\/2022\/04\/tyvek1422a16855992.gif","contentUrl":"https:\/\/anhuysafety.com\/wp-content\/uploads\/2022\/04\/tyvek1422a16855992.gif","width":441,"height":383,"caption":"Qu\u1ea7n \u00e1o ch\u1ed1ng h\u00f3a ch\u1ea5t"},{"@type":"BreadcrumbList","@id":"http:\/\/anhuysafety.com\/en\/product\/bo-chong-hoa-chat-tyvek\/#breadcrumb","itemListElement":[{"@type":"ListItem","position":1,"name":"Trang ch\u1ee7","item":"https:\/\/anhuysafety.com\/"},{"@type":"ListItem","position":2,"name":"S\u1ea3n ph\u1ea9m","item":"http:\/\/anhuysafety.com\/en\/cua-hang"},{"@type":"ListItem","position":3,"name":"B\u1ed9 ch\u1ed1ng h\u00f3a ch\u1ea5t Tyvek"}]},{"@type":"WebSite","@id":"https:\/\/anhuysafety.com\/#website","url":"https:\/\/anhuysafety.com\/","name":"AN HUY TECHNICAL EQUIPMENT CO., LTD","description":"","publisher":{"@id":"https:\/\/anhuysafety.com\/#organization"},"potentialAction":[{"@type":"SearchAction","target":{"@type":"EntryPoint","urlTemplate":"https:\/\/anhuysafety.com\/?s={search_term_string}"},"query-input":{"@type":"PropertyValueSpecification","valueRequired":true,"valueName":"search_term_string"}}],"inLanguage":"en-US"},{"@type":"Organization","@id":"https:\/\/anhuysafety.com\/#organization","name":"C\u00f4ng ty TNHH trang thi\u1ebft b\u1ecb k\u1ef9 thu\u1eadt An Huy","url":"https:\/\/anhuysafety.com\/","logo":{"@type":"ImageObject","inLanguage":"en-US","@id":"https:\/\/anhuysafety.com\/#\/schema\/logo\/image\/","url":"https:\/\/anhuysafety.com\/wp-content\/uploads\/2022\/02\/cropped-cropped-cropped-LOGO_AN_HUY_SAFETY_chuan-removebg-preview-1.png","contentUrl":"https:\/\/anhuysafety.com\/wp-content\/uploads\/2022\/02\/cropped-cropped-cropped-LOGO_AN_HUY_SAFETY_chuan-removebg-preview-1.png","width":357,"height":318,"caption":"C\u00f4ng ty TNHH trang thi\u1ebft b\u1ecb k\u1ef9 thu\u1eadt An Huy"},"image":{"@id":"https:\/\/anhuysafety.com\/#\/schema\/logo\/image\/"}}]}},"_links":{"self":[{"href":"https:\/\/anhuysafety.com\/en\/wp-json\/wp\/v2\/product\/3718","targetHints":{"allow":["GET"]}}],"collection":[{"href":"https:\/\/anhuysafety.com\/en\/wp-json\/wp\/v2\/product"}],"about":[{"href":"https:\/\/anhuysafety.com\/en\/wp-json\/wp\/v2\/types\/product"}],"version-history":[{"count":1,"href":"https:\/\/anhuysafety.com\/en\/wp-json\/wp\/v2\/product\/3718\/revisions"}],"predecessor-version":[{"id":3720,"href":"https:\/\/anhuysafety.com\/en\/wp-json\/wp\/v2\/product\/3718\/revisions\/3720"}],"wp:featuredmedia":[{"embeddable":true,"href":"https:\/\/anhuysafety.com\/en\/wp-json\/wp\/v2\/media\/3719"}],"wp:attachment":[{"href":"https:\/\/anhuysafety.com\/en\/wp-json\/wp\/v2\/media?parent=3718"}],"wp:term":[{"taxonomy":"product_brand","embeddable":true,"href":"https:\/\/anhuysafety.com\/en\/wp-json\/wp\/v2\/product_brand?post=3718"},{"taxonomy":"product_cat","embeddable":true,"href":"https:\/\/anhuysafety.com\/en\/wp-json\/wp\/v2\/product_cat?post=3718"},{"taxonomy":"product_tag","embeddable":true,"href":"https:\/\/anhuysafety.com\/en\/wp-json\/wp\/v2\/product_tag?post=3718"}],"curies":[{"name":"wp","href":"https:\/\/api.w.org\/{rel}","templated":true}]}}