{"id":3724,"date":"2022-04-12T16:24:47","date_gmt":"2022-04-12T09:24:47","guid":{"rendered":"https:\/\/anhuysafety.com\/?post_type=product&#038;p=3724"},"modified":"2022-04-16T15:51:47","modified_gmt":"2022-04-16T08:51:47","slug":"quan-ao-kho-lanh-qa-7805","status":"publish","type":"product","link":"https:\/\/anhuysafety.com\/en\/product\/quan-ao-kho-lanh-qa-7805\/","title":{"rendered":"Qu\u1ea7n \u00e1o kho l\u1ea1nh QA.7805"},"content":{"rendered":"<div id=\"home\" class=\"tab-pane fade in active\">\n<div class=\"col-xs-12\">\n<p><strong>B\u00f4\u0323 QA kho la\u0323nh 5 l\u01a1\u0301p<\/strong><br \/>\n&#8211; Co\u0301 l\u01a1\u0301p va\u0309i b\u00ean ngoa\u0300i ch\u00f4\u0301ng th\u00e2\u0301m n\u01b0\u01a1\u0301c, co\u0301 b\u00f4ng va\u0300 l\u00f4ng c\u01b0\u0300u \u01a1\u0309 gi\u01b0\u0303a ch\u00f4\u0301ng la\u0323nh, 2 l\u01a1\u0301p lo\u0301t va\u0300 ga\u0300i b\u0103\u0300ng d\u00e2y ke\u0301o<br \/>\n&#8211; G\u00f4\u0300m a\u0301o da\u0300i tay co\u0301 mu\u0303 tru\u0300m co\u0301 va\u0300 qu\u00e2\u0300n<br \/>\n&#8211; Trang bi\u0323 cho c\u00f4ng nh\u00e2n la\u0300m pho\u0300ng la\u0323nh, kho \u0111\u00f4ng \u0111\u00ea\u0301n \u00e2m 40 \u0111\u00f4\u0323<\/p>\n<\/div>\n<\/div>","protected":false},"excerpt":{"rendered":"<p>B\u00f4\u0323 QA kho la\u0323nh 5 l\u01a1\u0301p &#8211; Co\u0301 l\u01a1\u0301p va\u0309i b\u00ean ngoa\u0300i ch\u00f4\u0301ng th\u00e2\u0301m n\u01b0\u01a1\u0301c, co\u0301 b\u00f4ng va\u0300 l\u00f4ng c\u01b0\u0300u \u01a1\u0309 gi\u01b0\u0303a ch\u00f4\u0301ng la\u0323nh, 2 l\u01a1\u0301p lo\u0301t va\u0300 ga\u0300i b\u0103\u0300ng d\u00e2y ke\u0301o &#8211; G\u00f4\u0300m a\u0301o da\u0300i tay co\u0301 mu\u0303 tru\u0300m co\u0301 va\u0300 qu\u00e2\u0300n &#8211; Trang bi\u0323 cho c\u00f4ng nh\u00e2n la\u0300m pho\u0300ng la\u0323nh, kho \u0111\u00f4ng \u0111\u00ea\u0301n [&hellip;]<\/p>\n","protected":false},"featured_media":3725,"template":"","meta":{"site-sidebar-layout":"default","site-content-layout":"default","ast-site-content-layout":"default","site-content-style":"default","site-sidebar-style":"default","ast-global-header-display":"","ast-banner-title-visibility":"","ast-main-header-display":"","ast-hfb-above-header-display":"","ast-hfb-below-header-display":"","ast-hfb-mobile-header-display":"","site-post-title":"","ast-breadcrumbs-content":"","ast-featured-img":"","footer-sml-layout":"","ast-disable-related-posts":"","theme-transparent-header-meta":"","adv-header-id-meta":"","stick-header-meta":"","header-above-stick-meta":"","header-main-stick-meta":"","header-below-stick-meta":"","astra-migrate-meta-layouts":"default","ast-page-background-enabled":"default","ast-page-background-meta":{"desktop":{"background-color":"","background-image":"","background-repeat":"repeat","background-position":"center center","background-size":"auto","background-attachment":"scroll","background-type":"","background-media":"","overlay-type":"","overlay-color":"","overlay-opacity":"","overlay-gradient":""},"tablet":{"background-color":"","background-image":"","background-repeat":"repeat","background-position":"center center","background-size":"auto","background-attachment":"scroll","background-type":"","background-media":"","overlay-type":"","overlay-color":"","overlay-opacity":"","overlay-gradient":""},"mobile":{"background-color":"","background-image":"","background-repeat":"repeat","background-position":"center center","background-size":"auto","background-attachment":"scroll","background-type":"","background-media":"","overlay-type":"","overlay-color":"","overlay-opacity":"","overlay-gradient":""}},"ast-content-background-meta":{"desktop":{"background-color":"var(--ast-global-color-5)","background-image":"","background-repeat":"repeat","background-position":"center center","background-size":"auto","background-attachment":"scroll","background-type":"","background-media":"","overlay-type":"","overlay-color":"","overlay-opacity":"","overlay-gradient":""},"tablet":{"background-color":"var(--ast-global-color-5)","background-image":"","background-repeat":"repeat","background-position":"center center","background-size":"auto","background-attachment":"scroll","background-type":"","background-media":"","overlay-type":"","overlay-color":"","overlay-opacity":"","overlay-gradient":""},"mobile":{"background-color":"var(--ast-global-color-5)","background-image":"","background-repeat":"repeat","background-position":"center center","background-size":"auto","background-attachment":"scroll","background-type":"","background-media":"","overlay-type":"","overlay-color":"","overlay-opacity":"","overlay-gradient":""}}},"product_brand":[],"product_cat":[154,67,107],"product_tag":[],"class_list":{"0":"post-3724","1":"product","2":"type-product","3":"status-publish","4":"has-post-thumbnail","6":"product_cat-quan-ao-bao-ho-chong-lanh","7":"product_cat-bao-ve-ca-nhan","8":"product_cat-bao-ve-than-the","9":"desktop-align-left","10":"tablet-align-left","11":"mobile-align-left","13":"first","14":"instock","15":"shipping-taxable","16":"product-type-simple"},"yoast_head":"<!-- This site is optimized with the Yoast SEO plugin v27.4 - https:\/\/yoast.com\/product\/yoast-seo-wordpress\/ -->\n<title>Qu\u1ea7n \u00e1o kho l\u1ea1nh QA.7805 - C\u00f4ng Ty TNHH Trang Thi\u1ebft B\u1ecb K\u1ef9 Thu\u1eadt An Huy<\/title>\n<meta name=\"description\" content=\"Qu\u1ea7n \u00e1o kho l\u1ea1nh QA.7805\" \/>\n<meta name=\"robots\" content=\"index, follow, max-snippet:-1, max-image-preview:large, max-video-preview:-1\" \/>\n<link rel=\"canonical\" href=\"http:\/\/anhuysafety.com\/en\/product\/quan-ao-kho-lanh-qa-7805\/\" \/>\n<meta property=\"og:locale\" content=\"en_US\" \/>\n<meta property=\"og:type\" content=\"article\" \/>\n<meta property=\"og:title\" content=\"Qu\u1ea7n \u00e1o kho l\u1ea1nh QA.7805 - C\u00f4ng Ty TNHH Trang Thi\u1ebft B\u1ecb K\u1ef9 Thu\u1eadt An Huy\" \/>\n<meta property=\"og:description\" content=\"Qu\u1ea7n \u00e1o kho l\u1ea1nh QA.7805\" \/>\n<meta property=\"og:url\" content=\"http:\/\/anhuysafety.com\/en\/product\/quan-ao-kho-lanh-qa-7805\/\" \/>\n<meta property=\"og:site_name\" content=\"C\u00f4ng Ty TNHH Trang Thi\u1ebft B\u1ecb K\u1ef9 Thu\u1eadt An Huy\" \/>\n<meta property=\"article:modified_time\" content=\"2022-04-16T08:51:47+00:00\" \/>\n<meta property=\"og:image\" content=\"https:\/\/anhuysafety.com\/wp-content\/uploads\/2022\/04\/294678cf66f89fa6c6e972108144.jpg\" \/>\n\t<meta property=\"og:image:width\" content=\"900\" \/>\n\t<meta property=\"og:image:height\" content=\"1600\" \/>\n\t<meta property=\"og:image:type\" content=\"image\/jpeg\" \/>\n<meta name=\"twitter:card\" content=\"summary_large_image\" \/>\n<script type=\"application\/ld+json\" class=\"yoast-schema-graph\">{\"@context\":\"https:\\\/\\\/schema.org\",\"@graph\":[{\"@type\":\"WebPage\",\"@id\":\"http:\\\/\\\/anhuysafety.com\\\/en\\\/product\\\/quan-ao-kho-lanh-qa-7805\\\/\",\"url\":\"http:\\\/\\\/anhuysafety.com\\\/en\\\/product\\\/quan-ao-kho-lanh-qa-7805\\\/\",\"name\":\"Qu\u1ea7n \u00e1o kho l\u1ea1nh QA.7805 - C\u00f4ng Ty TNHH Trang Thi\u1ebft B\u1ecb K\u1ef9 Thu\u1eadt An Huy\",\"isPartOf\":{\"@id\":\"https:\\\/\\\/anhuysafety.com\\\/#website\"},\"primaryImageOfPage\":{\"@id\":\"http:\\\/\\\/anhuysafety.com\\\/en\\\/product\\\/quan-ao-kho-lanh-qa-7805\\\/#primaryimage\"},\"image\":{\"@id\":\"http:\\\/\\\/anhuysafety.com\\\/en\\\/product\\\/quan-ao-kho-lanh-qa-7805\\\/#primaryimage\"},\"thumbnailUrl\":\"https:\\\/\\\/anhuysafety.com\\\/wp-content\\\/uploads\\\/2022\\\/04\\\/294678cf66f89fa6c6e972108144.jpg\",\"datePublished\":\"2022-04-12T09:24:47+00:00\",\"dateModified\":\"2022-04-16T08:51:47+00:00\",\"description\":\"Qu\u1ea7n \u00e1o kho l\u1ea1nh QA.7805\",\"breadcrumb\":{\"@id\":\"http:\\\/\\\/anhuysafety.com\\\/en\\\/product\\\/quan-ao-kho-lanh-qa-7805\\\/#breadcrumb\"},\"inLanguage\":\"en-US\",\"potentialAction\":[{\"@type\":\"ReadAction\",\"target\":[\"http:\\\/\\\/anhuysafety.com\\\/en\\\/product\\\/quan-ao-kho-lanh-qa-7805\\\/\"]}]},{\"@type\":\"ImageObject\",\"inLanguage\":\"en-US\",\"@id\":\"http:\\\/\\\/anhuysafety.com\\\/en\\\/product\\\/quan-ao-kho-lanh-qa-7805\\\/#primaryimage\",\"url\":\"https:\\\/\\\/anhuysafety.com\\\/wp-content\\\/uploads\\\/2022\\\/04\\\/294678cf66f89fa6c6e972108144.jpg\",\"contentUrl\":\"https:\\\/\\\/anhuysafety.com\\\/wp-content\\\/uploads\\\/2022\\\/04\\\/294678cf66f89fa6c6e972108144.jpg\",\"width\":900,\"height\":1600,\"caption\":\"Qu\u1ea7n \u00e1o kho l\u1ea1nh\"},{\"@type\":\"BreadcrumbList\",\"@id\":\"http:\\\/\\\/anhuysafety.com\\\/en\\\/product\\\/quan-ao-kho-lanh-qa-7805\\\/#breadcrumb\",\"itemListElement\":[{\"@type\":\"ListItem\",\"position\":1,\"name\":\"Trang ch\u1ee7\",\"item\":\"https:\\\/\\\/anhuysafety.com\\\/\"},{\"@type\":\"ListItem\",\"position\":2,\"name\":\"S\u1ea3n ph\u1ea9m\",\"item\":\"http:\\\/\\\/anhuysafety.com\\\/en\\\/cua-hang\"},{\"@type\":\"ListItem\",\"position\":3,\"name\":\"Qu\u1ea7n \u00e1o kho l\u1ea1nh QA.7805\"}]},{\"@type\":\"WebSite\",\"@id\":\"https:\\\/\\\/anhuysafety.com\\\/#website\",\"url\":\"https:\\\/\\\/anhuysafety.com\\\/\",\"name\":\"C\u00f4ng Ty TNHH Trang Thi\u1ebft B\u1ecb K\u1ef9 Thu\u1eadt An Huy\",\"description\":\"\",\"publisher\":{\"@id\":\"https:\\\/\\\/anhuysafety.com\\\/#organization\"},\"potentialAction\":[{\"@type\":\"SearchAction\",\"target\":{\"@type\":\"EntryPoint\",\"urlTemplate\":\"https:\\\/\\\/anhuysafety.com\\\/?s={search_term_string}\"},\"query-input\":{\"@type\":\"PropertyValueSpecification\",\"valueRequired\":true,\"valueName\":\"search_term_string\"}}],\"inLanguage\":\"en-US\"},{\"@type\":\"Organization\",\"@id\":\"https:\\\/\\\/anhuysafety.com\\\/#organization\",\"name\":\"C\u00f4ng ty TNHH trang thi\u1ebft b\u1ecb k\u1ef9 thu\u1eadt An Huy\",\"url\":\"https:\\\/\\\/anhuysafety.com\\\/\",\"logo\":{\"@type\":\"ImageObject\",\"inLanguage\":\"en-US\",\"@id\":\"https:\\\/\\\/anhuysafety.com\\\/#\\\/schema\\\/logo\\\/image\\\/\",\"url\":\"https:\\\/\\\/anhuysafety.com\\\/wp-content\\\/uploads\\\/2022\\\/02\\\/cropped-cropped-cropped-LOGO_AN_HUY_SAFETY_chuan-removebg-preview-1.png\",\"contentUrl\":\"https:\\\/\\\/anhuysafety.com\\\/wp-content\\\/uploads\\\/2022\\\/02\\\/cropped-cropped-cropped-LOGO_AN_HUY_SAFETY_chuan-removebg-preview-1.png\",\"width\":357,\"height\":318,\"caption\":\"C\u00f4ng ty TNHH trang thi\u1ebft b\u1ecb k\u1ef9 thu\u1eadt An Huy\"},\"image\":{\"@id\":\"https:\\\/\\\/anhuysafety.com\\\/#\\\/schema\\\/logo\\\/image\\\/\"}}]}<\/script>\n<!-- \/ Yoast SEO plugin. -->","yoast_head_json":{"title":"Qu\u1ea7n \u00e1o kho l\u1ea1nh QA.7805 - C\u00f4ng Ty TNHH Trang Thi\u1ebft B\u1ecb K\u1ef9 Thu\u1eadt An Huy","description":"Qu\u1ea7n \u00e1o kho l\u1ea1nh QA.7805","robots":{"index":"index","follow":"follow","max-snippet":"max-snippet:-1","max-image-preview":"max-image-preview:large","max-video-preview":"max-video-preview:-1"},"canonical":"http:\/\/anhuysafety.com\/en\/product\/quan-ao-kho-lanh-qa-7805\/","og_locale":"en_US","og_type":"article","og_title":"Qu\u1ea7n \u00e1o kho l\u1ea1nh QA.7805 - C\u00f4ng Ty TNHH Trang Thi\u1ebft B\u1ecb K\u1ef9 Thu\u1eadt An Huy","og_description":"Qu\u1ea7n \u00e1o kho l\u1ea1nh QA.7805","og_url":"http:\/\/anhuysafety.com\/en\/product\/quan-ao-kho-lanh-qa-7805\/","og_site_name":"C\u00f4ng Ty TNHH Trang Thi\u1ebft B\u1ecb K\u1ef9 Thu\u1eadt An Huy","article_modified_time":"2022-04-16T08:51:47+00:00","og_image":[{"width":900,"height":1600,"url":"https:\/\/anhuysafety.com\/wp-content\/uploads\/2022\/04\/294678cf66f89fa6c6e972108144.jpg","type":"image\/jpeg"}],"twitter_card":"summary_large_image","schema":{"@context":"https:\/\/schema.org","@graph":[{"@type":"WebPage","@id":"http:\/\/anhuysafety.com\/en\/product\/quan-ao-kho-lanh-qa-7805\/","url":"http:\/\/anhuysafety.com\/en\/product\/quan-ao-kho-lanh-qa-7805\/","name":"Qu\u1ea7n \u00e1o kho l\u1ea1nh QA.7805 - C\u00f4ng Ty TNHH Trang Thi\u1ebft B\u1ecb K\u1ef9 Thu\u1eadt An Huy","isPartOf":{"@id":"https:\/\/anhuysafety.com\/#website"},"primaryImageOfPage":{"@id":"http:\/\/anhuysafety.com\/en\/product\/quan-ao-kho-lanh-qa-7805\/#primaryimage"},"image":{"@id":"http:\/\/anhuysafety.com\/en\/product\/quan-ao-kho-lanh-qa-7805\/#primaryimage"},"thumbnailUrl":"https:\/\/anhuysafety.com\/wp-content\/uploads\/2022\/04\/294678cf66f89fa6c6e972108144.jpg","datePublished":"2022-04-12T09:24:47+00:00","dateModified":"2022-04-16T08:51:47+00:00","description":"Qu\u1ea7n \u00e1o kho l\u1ea1nh QA.7805","breadcrumb":{"@id":"http:\/\/anhuysafety.com\/en\/product\/quan-ao-kho-lanh-qa-7805\/#breadcrumb"},"inLanguage":"en-US","potentialAction":[{"@type":"ReadAction","target":["http:\/\/anhuysafety.com\/en\/product\/quan-ao-kho-lanh-qa-7805\/"]}]},{"@type":"ImageObject","inLanguage":"en-US","@id":"http:\/\/anhuysafety.com\/en\/product\/quan-ao-kho-lanh-qa-7805\/#primaryimage","url":"https:\/\/anhuysafety.com\/wp-content\/uploads\/2022\/04\/294678cf66f89fa6c6e972108144.jpg","contentUrl":"https:\/\/anhuysafety.com\/wp-content\/uploads\/2022\/04\/294678cf66f89fa6c6e972108144.jpg","width":900,"height":1600,"caption":"Qu\u1ea7n \u00e1o kho l\u1ea1nh"},{"@type":"BreadcrumbList","@id":"http:\/\/anhuysafety.com\/en\/product\/quan-ao-kho-lanh-qa-7805\/#breadcrumb","itemListElement":[{"@type":"ListItem","position":1,"name":"Trang ch\u1ee7","item":"https:\/\/anhuysafety.com\/"},{"@type":"ListItem","position":2,"name":"S\u1ea3n ph\u1ea9m","item":"http:\/\/anhuysafety.com\/en\/cua-hang"},{"@type":"ListItem","position":3,"name":"Qu\u1ea7n \u00e1o kho l\u1ea1nh QA.7805"}]},{"@type":"WebSite","@id":"https:\/\/anhuysafety.com\/#website","url":"https:\/\/anhuysafety.com\/","name":"AN HUY TECHNICAL EQUIPMENT CO., LTD","description":"","publisher":{"@id":"https:\/\/anhuysafety.com\/#organization"},"potentialAction":[{"@type":"SearchAction","target":{"@type":"EntryPoint","urlTemplate":"https:\/\/anhuysafety.com\/?s={search_term_string}"},"query-input":{"@type":"PropertyValueSpecification","valueRequired":true,"valueName":"search_term_string"}}],"inLanguage":"en-US"},{"@type":"Organization","@id":"https:\/\/anhuysafety.com\/#organization","name":"C\u00f4ng ty TNHH trang thi\u1ebft b\u1ecb k\u1ef9 thu\u1eadt An Huy","url":"https:\/\/anhuysafety.com\/","logo":{"@type":"ImageObject","inLanguage":"en-US","@id":"https:\/\/anhuysafety.com\/#\/schema\/logo\/image\/","url":"https:\/\/anhuysafety.com\/wp-content\/uploads\/2022\/02\/cropped-cropped-cropped-LOGO_AN_HUY_SAFETY_chuan-removebg-preview-1.png","contentUrl":"https:\/\/anhuysafety.com\/wp-content\/uploads\/2022\/02\/cropped-cropped-cropped-LOGO_AN_HUY_SAFETY_chuan-removebg-preview-1.png","width":357,"height":318,"caption":"C\u00f4ng ty TNHH trang thi\u1ebft b\u1ecb k\u1ef9 thu\u1eadt An Huy"},"image":{"@id":"https:\/\/anhuysafety.com\/#\/schema\/logo\/image\/"}}]}},"_links":{"self":[{"href":"https:\/\/anhuysafety.com\/en\/wp-json\/wp\/v2\/product\/3724","targetHints":{"allow":["GET"]}}],"collection":[{"href":"https:\/\/anhuysafety.com\/en\/wp-json\/wp\/v2\/product"}],"about":[{"href":"https:\/\/anhuysafety.com\/en\/wp-json\/wp\/v2\/types\/product"}],"version-history":[{"count":1,"href":"https:\/\/anhuysafety.com\/en\/wp-json\/wp\/v2\/product\/3724\/revisions"}],"predecessor-version":[{"id":3726,"href":"https:\/\/anhuysafety.com\/en\/wp-json\/wp\/v2\/product\/3724\/revisions\/3726"}],"wp:featuredmedia":[{"embeddable":true,"href":"https:\/\/anhuysafety.com\/en\/wp-json\/wp\/v2\/media\/3725"}],"wp:attachment":[{"href":"https:\/\/anhuysafety.com\/en\/wp-json\/wp\/v2\/media?parent=3724"}],"wp:term":[{"taxonomy":"product_brand","embeddable":true,"href":"https:\/\/anhuysafety.com\/en\/wp-json\/wp\/v2\/product_brand?post=3724"},{"taxonomy":"product_cat","embeddable":true,"href":"https:\/\/anhuysafety.com\/en\/wp-json\/wp\/v2\/product_cat?post=3724"},{"taxonomy":"product_tag","embeddable":true,"href":"https:\/\/anhuysafety.com\/en\/wp-json\/wp\/v2\/product_tag?post=3724"}],"curies":[{"name":"wp","href":"https:\/\/api.w.org\/{rel}","templated":true}]}}