{"id":3848,"date":"2022-05-15T15:08:21","date_gmt":"2022-05-15T08:08:21","guid":{"rendered":"https:\/\/anhuysafety.com\/?post_type=product&#038;p=3848"},"modified":"2022-05-16T16:38:14","modified_gmt":"2022-05-16T09:38:14","slug":"sao-thao-tac-220kv","status":"publish","type":"product","link":"https:\/\/anhuysafety.com\/en\/product\/sao-thao-tac-220kv\/","title":{"rendered":"S\u00e0o thao t\u00e1c 220KV"},"content":{"rendered":"<p><span dir=\"ltr\" role=\"presentation\">TECNOLOGIA DELLA SICUREZZA<\/span><br role=\"presentation\" \/><span dir=\"ltr\" role=\"presentation\">Via Giovanni Keplero, 24\/B10 &#8211; 20019 Settimo Milanese (MI)<\/span><br role=\"presentation\" \/><span dir=\"ltr\" role=\"presentation\">PROTEZIONE CONTRO I RISCHI ELETTRICI<\/span> <span dir=\"ltr\" role=\"presentation\">Tel. 02 33510332 &#8211; Fax 02 33510325 \u2013 webmaster@workitalia.it \u2013 www.workitalia.it<\/span><br role=\"presentation\" \/><span dir=\"ltr\" role=\"presentation\">C.C.I.A.A. 1223397 &#8211; Iscriz. Trib. 260630\/6794\/30 \u2013 P.IVA e C.F.. 08273270150<\/span><br role=\"presentation\" \/><span dir=\"ltr\" role=\"presentation\">220KV INSULATING TELESCOPIC STICK THREE SECTIONS FOR VOLTAGE<\/span><br role=\"presentation\" \/><span dir=\"ltr\" role=\"presentation\">DETECTORS AND SWITCHING DISCONNECTORS<\/span><br role=\"presentation\" \/><span dir=\"ltr\" role=\"presentation\">TYPE<\/span> <span dir=\"ltr\" role=\"presentation\">P2-PB\/500U-GSU\/TEL<\/span><br role=\"presentation\" \/><span dir=\"ltr\" role=\"presentation\">High insulating telescopic stick made of polyester resin reinforced by fibreglass tube.<\/span><br role=\"presentation\" \/><span dir=\"ltr\" role=\"presentation\">Max extended length 5 m, with locking device type Double Locking System, composed of:<\/span><br role=\"presentation\" \/><span dir=\"ltr\" role=\"presentation\">&#8211;<\/span> <span dir=\"ltr\" role=\"presentation\">base element, external diameter 40 mm, yellow colour, with lower rubber closing cap and hand<\/span><br role=\"presentation\" \/><span dir=\"ltr\" role=\"presentation\">guard;<\/span><br role=\"presentation\" \/><span dir=\"ltr\" role=\"presentation\">&#8211;<\/span> <span dir=\"ltr\" role=\"presentation\">intermediate element, external diameter 32mm, yellow colour;<\/span><br role=\"presentation\" \/><span dir=\"ltr\" role=\"presentation\">&#8211;<\/span> <span dir=\"ltr\" role=\"presentation\">upper element, external diameter 24 mm, white colour, with plastic universal splined attack type<\/span> <span dir=\"ltr\" role=\"presentation\">U<\/span><span dir=\"ltr\" role=\"presentation\">;<\/span><br role=\"presentation\" \/><span dir=\"ltr\" role=\"presentation\">&#8211;<\/span> <span dir=\"ltr\" role=\"presentation\">metallic disconnecting hook with universal attack, to be fixed to universal attack of the stick.<\/span><br role=\"presentation\" \/><span dir=\"ltr\" role=\"presentation\">Special characteristic: the telescopic locking device type double locking system allows to fix and to<\/span><br role=\"presentation\" \/><span dir=\"ltr\" role=\"presentation\">use the stick in different lengths up to 5m maximum.<\/span><\/p>","protected":false},"excerpt":{"rendered":"<p>TECNOLOGIA DELLA SICUREZZAVia Giovanni Keplero, 24\/B10 &#8211; 20019 Settimo Milanese (MI)PROTEZIONE CONTRO I RISCHI ELETTRICI Tel. 02 33510332 &#8211; Fax 02 33510325 \u2013 webmaster@workitalia.it \u2013 www.workitalia.itC.C.I.A.A. 1223397 &#8211; Iscriz. Trib. 260630\/6794\/30 \u2013 P.IVA e C.F.. 08273270150220KV INSULATING TELESCOPIC STICK THREE SECTIONS FOR VOLTAGEDETECTORS AND SWITCHING DISCONNECTORSTYPE P2-PB\/500U-GSU\/TELHigh insulating telescopic stick made of polyester resin reinforced [&hellip;]<\/p>\n","protected":false},"featured_media":3983,"template":"","meta":{"site-sidebar-layout":"default","site-content-layout":"default","ast-site-content-layout":"default","site-content-style":"default","site-sidebar-style":"default","ast-global-header-display":"","ast-banner-title-visibility":"","ast-main-header-display":"","ast-hfb-above-header-display":"","ast-hfb-below-header-display":"","ast-hfb-mobile-header-display":"","site-post-title":"","ast-breadcrumbs-content":"","ast-featured-img":"","footer-sml-layout":"","ast-disable-related-posts":"","theme-transparent-header-meta":"","adv-header-id-meta":"","stick-header-meta":"","header-above-stick-meta":"","header-main-stick-meta":"","header-below-stick-meta":"","astra-migrate-meta-layouts":"default","ast-page-background-enabled":"default","ast-page-background-meta":{"desktop":{"background-color":"","background-image":"","background-repeat":"repeat","background-position":"center center","background-size":"auto","background-attachment":"scroll","background-type":"","background-media":"","overlay-type":"","overlay-color":"","overlay-opacity":"","overlay-gradient":""},"tablet":{"background-color":"","background-image":"","background-repeat":"repeat","background-position":"center center","background-size":"auto","background-attachment":"scroll","background-type":"","background-media":"","overlay-type":"","overlay-color":"","overlay-opacity":"","overlay-gradient":""},"mobile":{"background-color":"","background-image":"","background-repeat":"repeat","background-position":"center center","background-size":"auto","background-attachment":"scroll","background-type":"","background-media":"","overlay-type":"","overlay-color":"","overlay-opacity":"","overlay-gradient":""}},"ast-content-background-meta":{"desktop":{"background-color":"var(--ast-global-color-5)","background-image":"","background-repeat":"repeat","background-position":"center center","background-size":"auto","background-attachment":"scroll","background-type":"","background-media":"","overlay-type":"","overlay-color":"","overlay-opacity":"","overlay-gradient":""},"tablet":{"background-color":"var(--ast-global-color-5)","background-image":"","background-repeat":"repeat","background-position":"center center","background-size":"auto","background-attachment":"scroll","background-type":"","background-media":"","overlay-type":"","overlay-color":"","overlay-opacity":"","overlay-gradient":""},"mobile":{"background-color":"var(--ast-global-color-5)","background-image":"","background-repeat":"repeat","background-position":"center center","background-size":"auto","background-attachment":"scroll","background-type":"","background-media":"","overlay-type":"","overlay-color":"","overlay-opacity":"","overlay-gradient":""}}},"product_brand":[],"product_cat":[88,87],"product_tag":[],"class_list":{"0":"post-3848","1":"product","2":"type-product","3":"status-publish","4":"has-post-thumbnail","6":"product_cat-sao-cach-dien","7":"product_cat-dung-cu-an-toan-dien","8":"desktop-align-left","9":"tablet-align-left","10":"mobile-align-left","12":"first","13":"instock","14":"shipping-taxable","15":"product-type-simple"},"yoast_head":"<!-- This site is optimized with the Yoast SEO plugin v27.4 - https:\/\/yoast.com\/product\/yoast-seo-wordpress\/ -->\n<title>S\u00e0o thao t\u00e1c 220KV - C\u00f4ng Ty TNHH Trang Thi\u1ebft B\u1ecb K\u1ef9 Thu\u1eadt An Huy<\/title>\n<meta name=\"description\" content=\"S\u00e0o thao t\u00e1c 220KV\" \/>\n<meta name=\"robots\" content=\"index, follow, max-snippet:-1, max-image-preview:large, max-video-preview:-1\" \/>\n<link rel=\"canonical\" href=\"http:\/\/anhuysafety.com\/en\/product\/sao-thao-tac-220kv\/\" \/>\n<meta property=\"og:locale\" content=\"en_US\" \/>\n<meta property=\"og:type\" content=\"article\" \/>\n<meta property=\"og:title\" content=\"S\u00e0o thao t\u00e1c 220KV - C\u00f4ng Ty TNHH Trang Thi\u1ebft B\u1ecb K\u1ef9 Thu\u1eadt An Huy\" \/>\n<meta property=\"og:description\" content=\"S\u00e0o thao t\u00e1c 220KV\" \/>\n<meta property=\"og:url\" content=\"http:\/\/anhuysafety.com\/en\/product\/sao-thao-tac-220kv\/\" \/>\n<meta property=\"og:site_name\" content=\"C\u00f4ng Ty TNHH Trang Thi\u1ebft B\u1ecb K\u1ef9 Thu\u1eadt An Huy\" \/>\n<meta property=\"article:modified_time\" content=\"2022-05-16T09:38:14+00:00\" \/>\n<meta property=\"og:image\" content=\"https:\/\/anhuysafety.com\/wp-content\/uploads\/2022\/05\/Screenshot-2022-05-16-at-16-37-36-Sao-thao-tac-220KV-WorkItalia-P2-PB-GSU-500-TEL.pdf.png\" \/>\n\t<meta property=\"og:image:width\" content=\"726\" \/>\n\t<meta property=\"og:image:height\" content=\"505\" \/>\n\t<meta property=\"og:image:type\" content=\"image\/png\" \/>\n<meta name=\"twitter:card\" content=\"summary_large_image\" \/>\n<meta name=\"twitter:label1\" content=\"Est. reading time\" \/>\n\t<meta name=\"twitter:data1\" content=\"1 minute\" \/>\n<script type=\"application\/ld+json\" class=\"yoast-schema-graph\">{\"@context\":\"https:\\\/\\\/schema.org\",\"@graph\":[{\"@type\":\"WebPage\",\"@id\":\"http:\\\/\\\/anhuysafety.com\\\/en\\\/product\\\/sao-thao-tac-220kv\\\/\",\"url\":\"http:\\\/\\\/anhuysafety.com\\\/en\\\/product\\\/sao-thao-tac-220kv\\\/\",\"name\":\"S\u00e0o thao t\u00e1c 220KV - C\u00f4ng Ty TNHH Trang Thi\u1ebft B\u1ecb K\u1ef9 Thu\u1eadt An Huy\",\"isPartOf\":{\"@id\":\"https:\\\/\\\/anhuysafety.com\\\/#website\"},\"primaryImageOfPage\":{\"@id\":\"http:\\\/\\\/anhuysafety.com\\\/en\\\/product\\\/sao-thao-tac-220kv\\\/#primaryimage\"},\"image\":{\"@id\":\"http:\\\/\\\/anhuysafety.com\\\/en\\\/product\\\/sao-thao-tac-220kv\\\/#primaryimage\"},\"thumbnailUrl\":\"https:\\\/\\\/anhuysafety.com\\\/wp-content\\\/uploads\\\/2022\\\/05\\\/Screenshot-2022-05-16-at-16-37-36-Sao-thao-tac-220KV-WorkItalia-P2-PB-GSU-500-TEL.pdf.png\",\"datePublished\":\"2022-05-15T08:08:21+00:00\",\"dateModified\":\"2022-05-16T09:38:14+00:00\",\"description\":\"S\u00e0o thao t\u00e1c 220KV\",\"breadcrumb\":{\"@id\":\"http:\\\/\\\/anhuysafety.com\\\/en\\\/product\\\/sao-thao-tac-220kv\\\/#breadcrumb\"},\"inLanguage\":\"en-US\",\"potentialAction\":[{\"@type\":\"ReadAction\",\"target\":[\"http:\\\/\\\/anhuysafety.com\\\/en\\\/product\\\/sao-thao-tac-220kv\\\/\"]}]},{\"@type\":\"ImageObject\",\"inLanguage\":\"en-US\",\"@id\":\"http:\\\/\\\/anhuysafety.com\\\/en\\\/product\\\/sao-thao-tac-220kv\\\/#primaryimage\",\"url\":\"https:\\\/\\\/anhuysafety.com\\\/wp-content\\\/uploads\\\/2022\\\/05\\\/Screenshot-2022-05-16-at-16-37-36-Sao-thao-tac-220KV-WorkItalia-P2-PB-GSU-500-TEL.pdf.png\",\"contentUrl\":\"https:\\\/\\\/anhuysafety.com\\\/wp-content\\\/uploads\\\/2022\\\/05\\\/Screenshot-2022-05-16-at-16-37-36-Sao-thao-tac-220KV-WorkItalia-P2-PB-GSU-500-TEL.pdf.png\",\"width\":726,\"height\":505,\"caption\":\"S\u00e0o thao t\u00e1c\"},{\"@type\":\"BreadcrumbList\",\"@id\":\"http:\\\/\\\/anhuysafety.com\\\/en\\\/product\\\/sao-thao-tac-220kv\\\/#breadcrumb\",\"itemListElement\":[{\"@type\":\"ListItem\",\"position\":1,\"name\":\"Trang ch\u1ee7\",\"item\":\"https:\\\/\\\/anhuysafety.com\\\/\"},{\"@type\":\"ListItem\",\"position\":2,\"name\":\"S\u1ea3n ph\u1ea9m\",\"item\":\"http:\\\/\\\/anhuysafety.com\\\/en\\\/cua-hang\"},{\"@type\":\"ListItem\",\"position\":3,\"name\":\"S\u00e0o thao t\u00e1c 220KV\"}]},{\"@type\":\"WebSite\",\"@id\":\"https:\\\/\\\/anhuysafety.com\\\/#website\",\"url\":\"https:\\\/\\\/anhuysafety.com\\\/\",\"name\":\"C\u00f4ng Ty TNHH Trang Thi\u1ebft B\u1ecb K\u1ef9 Thu\u1eadt An Huy\",\"description\":\"\",\"publisher\":{\"@id\":\"https:\\\/\\\/anhuysafety.com\\\/#organization\"},\"potentialAction\":[{\"@type\":\"SearchAction\",\"target\":{\"@type\":\"EntryPoint\",\"urlTemplate\":\"https:\\\/\\\/anhuysafety.com\\\/?s={search_term_string}\"},\"query-input\":{\"@type\":\"PropertyValueSpecification\",\"valueRequired\":true,\"valueName\":\"search_term_string\"}}],\"inLanguage\":\"en-US\"},{\"@type\":\"Organization\",\"@id\":\"https:\\\/\\\/anhuysafety.com\\\/#organization\",\"name\":\"C\u00f4ng ty TNHH trang thi\u1ebft b\u1ecb k\u1ef9 thu\u1eadt An Huy\",\"url\":\"https:\\\/\\\/anhuysafety.com\\\/\",\"logo\":{\"@type\":\"ImageObject\",\"inLanguage\":\"en-US\",\"@id\":\"https:\\\/\\\/anhuysafety.com\\\/#\\\/schema\\\/logo\\\/image\\\/\",\"url\":\"https:\\\/\\\/anhuysafety.com\\\/wp-content\\\/uploads\\\/2022\\\/02\\\/cropped-cropped-cropped-LOGO_AN_HUY_SAFETY_chuan-removebg-preview-1.png\",\"contentUrl\":\"https:\\\/\\\/anhuysafety.com\\\/wp-content\\\/uploads\\\/2022\\\/02\\\/cropped-cropped-cropped-LOGO_AN_HUY_SAFETY_chuan-removebg-preview-1.png\",\"width\":357,\"height\":318,\"caption\":\"C\u00f4ng ty TNHH trang thi\u1ebft b\u1ecb k\u1ef9 thu\u1eadt An Huy\"},\"image\":{\"@id\":\"https:\\\/\\\/anhuysafety.com\\\/#\\\/schema\\\/logo\\\/image\\\/\"}}]}<\/script>\n<!-- \/ Yoast SEO plugin. -->","yoast_head_json":{"title":"S\u00e0o thao t\u00e1c 220KV - C\u00f4ng Ty TNHH Trang Thi\u1ebft B\u1ecb K\u1ef9 Thu\u1eadt An Huy","description":"S\u00e0o thao t\u00e1c 220KV","robots":{"index":"index","follow":"follow","max-snippet":"max-snippet:-1","max-image-preview":"max-image-preview:large","max-video-preview":"max-video-preview:-1"},"canonical":"http:\/\/anhuysafety.com\/en\/product\/sao-thao-tac-220kv\/","og_locale":"en_US","og_type":"article","og_title":"S\u00e0o thao t\u00e1c 220KV - C\u00f4ng Ty TNHH Trang Thi\u1ebft B\u1ecb K\u1ef9 Thu\u1eadt An Huy","og_description":"S\u00e0o thao t\u00e1c 220KV","og_url":"http:\/\/anhuysafety.com\/en\/product\/sao-thao-tac-220kv\/","og_site_name":"C\u00f4ng Ty TNHH Trang Thi\u1ebft B\u1ecb K\u1ef9 Thu\u1eadt An Huy","article_modified_time":"2022-05-16T09:38:14+00:00","og_image":[{"width":726,"height":505,"url":"https:\/\/anhuysafety.com\/wp-content\/uploads\/2022\/05\/Screenshot-2022-05-16-at-16-37-36-Sao-thao-tac-220KV-WorkItalia-P2-PB-GSU-500-TEL.pdf.png","type":"image\/png"}],"twitter_card":"summary_large_image","twitter_misc":{"Est. reading time":"1 minute"},"schema":{"@context":"https:\/\/schema.org","@graph":[{"@type":"WebPage","@id":"http:\/\/anhuysafety.com\/en\/product\/sao-thao-tac-220kv\/","url":"http:\/\/anhuysafety.com\/en\/product\/sao-thao-tac-220kv\/","name":"S\u00e0o thao t\u00e1c 220KV - C\u00f4ng Ty TNHH Trang Thi\u1ebft B\u1ecb K\u1ef9 Thu\u1eadt An Huy","isPartOf":{"@id":"https:\/\/anhuysafety.com\/#website"},"primaryImageOfPage":{"@id":"http:\/\/anhuysafety.com\/en\/product\/sao-thao-tac-220kv\/#primaryimage"},"image":{"@id":"http:\/\/anhuysafety.com\/en\/product\/sao-thao-tac-220kv\/#primaryimage"},"thumbnailUrl":"https:\/\/anhuysafety.com\/wp-content\/uploads\/2022\/05\/Screenshot-2022-05-16-at-16-37-36-Sao-thao-tac-220KV-WorkItalia-P2-PB-GSU-500-TEL.pdf.png","datePublished":"2022-05-15T08:08:21+00:00","dateModified":"2022-05-16T09:38:14+00:00","description":"S\u00e0o thao t\u00e1c 220KV","breadcrumb":{"@id":"http:\/\/anhuysafety.com\/en\/product\/sao-thao-tac-220kv\/#breadcrumb"},"inLanguage":"en-US","potentialAction":[{"@type":"ReadAction","target":["http:\/\/anhuysafety.com\/en\/product\/sao-thao-tac-220kv\/"]}]},{"@type":"ImageObject","inLanguage":"en-US","@id":"http:\/\/anhuysafety.com\/en\/product\/sao-thao-tac-220kv\/#primaryimage","url":"https:\/\/anhuysafety.com\/wp-content\/uploads\/2022\/05\/Screenshot-2022-05-16-at-16-37-36-Sao-thao-tac-220KV-WorkItalia-P2-PB-GSU-500-TEL.pdf.png","contentUrl":"https:\/\/anhuysafety.com\/wp-content\/uploads\/2022\/05\/Screenshot-2022-05-16-at-16-37-36-Sao-thao-tac-220KV-WorkItalia-P2-PB-GSU-500-TEL.pdf.png","width":726,"height":505,"caption":"S\u00e0o thao t\u00e1c"},{"@type":"BreadcrumbList","@id":"http:\/\/anhuysafety.com\/en\/product\/sao-thao-tac-220kv\/#breadcrumb","itemListElement":[{"@type":"ListItem","position":1,"name":"Trang ch\u1ee7","item":"https:\/\/anhuysafety.com\/"},{"@type":"ListItem","position":2,"name":"S\u1ea3n ph\u1ea9m","item":"http:\/\/anhuysafety.com\/en\/cua-hang"},{"@type":"ListItem","position":3,"name":"S\u00e0o thao t\u00e1c 220KV"}]},{"@type":"WebSite","@id":"https:\/\/anhuysafety.com\/#website","url":"https:\/\/anhuysafety.com\/","name":"AN HUY TECHNICAL EQUIPMENT CO., LTD","description":"","publisher":{"@id":"https:\/\/anhuysafety.com\/#organization"},"potentialAction":[{"@type":"SearchAction","target":{"@type":"EntryPoint","urlTemplate":"https:\/\/anhuysafety.com\/?s={search_term_string}"},"query-input":{"@type":"PropertyValueSpecification","valueRequired":true,"valueName":"search_term_string"}}],"inLanguage":"en-US"},{"@type":"Organization","@id":"https:\/\/anhuysafety.com\/#organization","name":"C\u00f4ng ty TNHH trang thi\u1ebft b\u1ecb k\u1ef9 thu\u1eadt An Huy","url":"https:\/\/anhuysafety.com\/","logo":{"@type":"ImageObject","inLanguage":"en-US","@id":"https:\/\/anhuysafety.com\/#\/schema\/logo\/image\/","url":"https:\/\/anhuysafety.com\/wp-content\/uploads\/2022\/02\/cropped-cropped-cropped-LOGO_AN_HUY_SAFETY_chuan-removebg-preview-1.png","contentUrl":"https:\/\/anhuysafety.com\/wp-content\/uploads\/2022\/02\/cropped-cropped-cropped-LOGO_AN_HUY_SAFETY_chuan-removebg-preview-1.png","width":357,"height":318,"caption":"C\u00f4ng ty TNHH trang thi\u1ebft b\u1ecb k\u1ef9 thu\u1eadt An Huy"},"image":{"@id":"https:\/\/anhuysafety.com\/#\/schema\/logo\/image\/"}}]}},"_links":{"self":[{"href":"https:\/\/anhuysafety.com\/en\/wp-json\/wp\/v2\/product\/3848","targetHints":{"allow":["GET"]}}],"collection":[{"href":"https:\/\/anhuysafety.com\/en\/wp-json\/wp\/v2\/product"}],"about":[{"href":"https:\/\/anhuysafety.com\/en\/wp-json\/wp\/v2\/types\/product"}],"version-history":[{"count":1,"href":"https:\/\/anhuysafety.com\/en\/wp-json\/wp\/v2\/product\/3848\/revisions"}],"predecessor-version":[{"id":3850,"href":"https:\/\/anhuysafety.com\/en\/wp-json\/wp\/v2\/product\/3848\/revisions\/3850"}],"wp:featuredmedia":[{"embeddable":true,"href":"https:\/\/anhuysafety.com\/en\/wp-json\/wp\/v2\/media\/3983"}],"wp:attachment":[{"href":"https:\/\/anhuysafety.com\/en\/wp-json\/wp\/v2\/media?parent=3848"}],"wp:term":[{"taxonomy":"product_brand","embeddable":true,"href":"https:\/\/anhuysafety.com\/en\/wp-json\/wp\/v2\/product_brand?post=3848"},{"taxonomy":"product_cat","embeddable":true,"href":"https:\/\/anhuysafety.com\/en\/wp-json\/wp\/v2\/product_cat?post=3848"},{"taxonomy":"product_tag","embeddable":true,"href":"https:\/\/anhuysafety.com\/en\/wp-json\/wp\/v2\/product_tag?post=3848"}],"curies":[{"name":"wp","href":"https:\/\/api.w.org\/{rel}","templated":true}]}}