{"id":3857,"date":"2022-05-15T15:17:53","date_gmt":"2022-05-15T08:17:53","guid":{"rendered":"https:\/\/anhuysafety.com\/?post_type=product&#038;p=3857"},"modified":"2022-05-16T16:39:02","modified_gmt":"2022-05-16T09:39:02","slug":"sao-thao-tac-hastings-hv","status":"publish","type":"product","link":"https:\/\/anhuysafety.com\/en\/product\/sao-thao-tac-hastings-hv\/","title":{"rendered":"S\u00e0o thao t\u00e1c Hastings HV"},"content":{"rendered":"<p><span id=\"page4R_mcid0\" class=\"markedContent\"><span dir=\"ltr\" role=\"presentation\">TEL-O-POLE\u00ae II<\/span><\/span><span id=\"page4R_mcid1\" class=\"markedContent\"><br role=\"presentation\" \/><span dir=\"ltr\" role=\"presentation\">The \u201cNo Twist\u201d stick has a unique triangular design.<\/span><\/span><span id=\"page4R_mcid2\" class=\"markedContent\"><br role=\"presentation\" \/><span dir=\"ltr\" role=\"presentation\">All models are heavy duty.<\/span><\/span><span id=\"page4R_mcid3\" class=\"markedContent\"><br role=\"presentation\" \/><span dir=\"ltr\" role=\"presentation\">FEATURES AND BENEFITS:<\/span><\/span><span id=\"page4R_mcid4\" class=\"markedContent\"><br role=\"presentation\" \/><span dir=\"ltr\" role=\"presentation\">\u2022<\/span><\/span><span id=\"page4R_mcid5\" class=\"markedContent\"> <span dir=\"ltr\" role=\"presentation\">Triangle shape enables each section to \u201clock in automatically\u201d, no need to search for<\/span><\/span><span id=\"page4R_mcid6\" class=\"markedContent\"><br role=\"presentation\" \/><span dir=\"ltr\" role=\"presentation\">the button<\/span><\/span><span id=\"page4R_mcid7\" class=\"markedContent\"><br role=\"presentation\" \/><span dir=\"ltr\" role=\"presentation\">\u2022<\/span><\/span><span id=\"page4R_mcid8\" class=\"markedContent\"> <span dir=\"ltr\" role=\"presentation\">Fluorescent green tip section is highly visible and has a foam core<\/span><\/span><span id=\"page4R_mcid9\" class=\"markedContent\"><br role=\"presentation\" \/><span dir=\"ltr\" role=\"presentation\">\u2022<\/span><\/span><span id=\"page4R_mcid10\" class=\"markedContent\"> <span dir=\"ltr\" role=\"presentation\">Sections can be removed or added to make the stick the preferred length.<\/span><\/span><span id=\"page4R_mcid11\" class=\"markedContent\"><br role=\"presentation\" \/><span dir=\"ltr\" role=\"presentation\">Example: HV-235 remove 4 sections to make it 20 ft instead of 35 ft<\/span><\/span><span id=\"page4R_mcid12\" class=\"markedContent\"><br role=\"presentation\" \/><span dir=\"ltr\" role=\"presentation\">\u2022<\/span><\/span><span id=\"page4R_mcid13\" class=\"markedContent\"> <span dir=\"ltr\" role=\"presentation\">Ergonomic design gives the operator a better gripping surface for better control<\/span><\/span><span id=\"page4R_mcid14\" class=\"markedContent\"><br role=\"presentation\" \/><span dir=\"ltr\" role=\"presentation\">\u2022<\/span><\/span><span id=\"page4R_mcid15\" class=\"markedContent\"> <span dir=\"ltr\" role=\"presentation\">All sections have a smooth glossy surface for routine cleaning and waxing<\/span><\/span><\/p>\n<p><a href=\"https:\/\/anhuysafety.com\/wp-content\/uploads\/2022\/05\/Sao-thao-tac-Hastings-HVmoi.pdf\">S\u00e0o thao t\u00e1c Hastings HV<\/a><\/p>","protected":false},"excerpt":{"rendered":"<p>TEL-O-POLE\u00ae IIThe \u201cNo Twist\u201d stick has a unique triangular design.All models are heavy duty.FEATURES AND BENEFITS:\u2022 Triangle shape enables each section to \u201clock in automatically\u201d, no need to search forthe button\u2022 Fluorescent green tip section is highly visible and has a foam core\u2022 Sections can be removed or added to make the stick the preferred [&hellip;]<\/p>\n","protected":false},"featured_media":3984,"template":"","meta":{"site-sidebar-layout":"default","site-content-layout":"default","ast-site-content-layout":"default","site-content-style":"default","site-sidebar-style":"default","ast-global-header-display":"","ast-banner-title-visibility":"","ast-main-header-display":"","ast-hfb-above-header-display":"","ast-hfb-below-header-display":"","ast-hfb-mobile-header-display":"","site-post-title":"","ast-breadcrumbs-content":"","ast-featured-img":"","footer-sml-layout":"","ast-disable-related-posts":"","theme-transparent-header-meta":"","adv-header-id-meta":"","stick-header-meta":"","header-above-stick-meta":"","header-main-stick-meta":"","header-below-stick-meta":"","astra-migrate-meta-layouts":"default","ast-page-background-enabled":"default","ast-page-background-meta":{"desktop":{"background-color":"","background-image":"","background-repeat":"repeat","background-position":"center center","background-size":"auto","background-attachment":"scroll","background-type":"","background-media":"","overlay-type":"","overlay-color":"","overlay-opacity":"","overlay-gradient":""},"tablet":{"background-color":"","background-image":"","background-repeat":"repeat","background-position":"center center","background-size":"auto","background-attachment":"scroll","background-type":"","background-media":"","overlay-type":"","overlay-color":"","overlay-opacity":"","overlay-gradient":""},"mobile":{"background-color":"","background-image":"","background-repeat":"repeat","background-position":"center center","background-size":"auto","background-attachment":"scroll","background-type":"","background-media":"","overlay-type":"","overlay-color":"","overlay-opacity":"","overlay-gradient":""}},"ast-content-background-meta":{"desktop":{"background-color":"var(--ast-global-color-5)","background-image":"","background-repeat":"repeat","background-position":"center center","background-size":"auto","background-attachment":"scroll","background-type":"","background-media":"","overlay-type":"","overlay-color":"","overlay-opacity":"","overlay-gradient":""},"tablet":{"background-color":"var(--ast-global-color-5)","background-image":"","background-repeat":"repeat","background-position":"center center","background-size":"auto","background-attachment":"scroll","background-type":"","background-media":"","overlay-type":"","overlay-color":"","overlay-opacity":"","overlay-gradient":""},"mobile":{"background-color":"var(--ast-global-color-5)","background-image":"","background-repeat":"repeat","background-position":"center center","background-size":"auto","background-attachment":"scroll","background-type":"","background-media":"","overlay-type":"","overlay-color":"","overlay-opacity":"","overlay-gradient":""}}},"product_brand":[],"product_cat":[88,87],"product_tag":[],"class_list":{"0":"post-3857","1":"product","2":"type-product","3":"status-publish","4":"has-post-thumbnail","6":"product_cat-sao-cach-dien","7":"product_cat-dung-cu-an-toan-dien","8":"desktop-align-left","9":"tablet-align-left","10":"mobile-align-left","12":"first","13":"instock","14":"shipping-taxable","15":"product-type-simple"},"yoast_head":"<!-- This site is optimized with the Yoast SEO plugin v27.3 - https:\/\/yoast.com\/product\/yoast-seo-wordpress\/ -->\n<title>S\u00e0o thao t\u00e1c Hastings HV - C\u00f4ng Ty TNHH Trang Thi\u1ebft B\u1ecb K\u1ef9 Thu\u1eadt An Huy<\/title>\n<meta name=\"robots\" content=\"index, follow, max-snippet:-1, max-image-preview:large, max-video-preview:-1\" \/>\n<link rel=\"canonical\" href=\"https:\/\/anhuysafety.com\/en\/product\/sao-thao-tac-hastings-hv\/\" \/>\n<meta property=\"og:locale\" content=\"en_US\" \/>\n<meta property=\"og:type\" content=\"article\" \/>\n<meta property=\"og:title\" content=\"S\u00e0o thao t\u00e1c Hastings HV - C\u00f4ng Ty TNHH Trang Thi\u1ebft B\u1ecb K\u1ef9 Thu\u1eadt An Huy\" \/>\n<meta property=\"og:description\" content=\"TEL-O-POLE\u00ae IIThe \u201cNo Twist\u201d stick has a unique triangular design.All models are heavy duty.FEATURES AND BENEFITS:\u2022 Triangle shape enables each section to \u201clock in automatically\u201d, no need to search forthe button\u2022 Fluorescent green tip section is highly visible and has a foam core\u2022 Sections can be removed or added to make the stick the preferred [&hellip;]\" \/>\n<meta property=\"og:url\" content=\"https:\/\/anhuysafety.com\/en\/product\/sao-thao-tac-hastings-hv\/\" \/>\n<meta property=\"og:site_name\" content=\"C\u00f4ng Ty TNHH Trang Thi\u1ebft B\u1ecb K\u1ef9 Thu\u1eadt An Huy\" \/>\n<meta property=\"article:modified_time\" content=\"2022-05-16T09:39:02+00:00\" \/>\n<meta property=\"og:image\" content=\"https:\/\/anhuysafety.com\/wp-content\/uploads\/2022\/05\/Screenshot-2022-05-16-at-16-38-33-Sao-thao-tac-Hastings-HVmoi.pdf.png\" \/>\n\t<meta property=\"og:image:width\" content=\"82\" \/>\n\t<meta property=\"og:image:height\" content=\"526\" \/>\n\t<meta property=\"og:image:type\" content=\"image\/png\" \/>\n<meta name=\"twitter:card\" content=\"summary_large_image\" \/>\n<meta name=\"twitter:label1\" content=\"Est. reading time\" \/>\n\t<meta name=\"twitter:data1\" content=\"1 minute\" \/>\n<script type=\"application\/ld+json\" class=\"yoast-schema-graph\">{\"@context\":\"https:\\\/\\\/schema.org\",\"@graph\":[{\"@type\":\"WebPage\",\"@id\":\"https:\\\/\\\/anhuysafety.com\\\/san-pham\\\/sao-thao-tac-hastings-hv\\\/\",\"url\":\"https:\\\/\\\/anhuysafety.com\\\/san-pham\\\/sao-thao-tac-hastings-hv\\\/\",\"name\":\"S\u00e0o thao t\u00e1c Hastings HV - C\u00f4ng Ty TNHH Trang Thi\u1ebft B\u1ecb K\u1ef9 Thu\u1eadt An Huy\",\"isPartOf\":{\"@id\":\"https:\\\/\\\/anhuysafety.com\\\/#website\"},\"primaryImageOfPage\":{\"@id\":\"https:\\\/\\\/anhuysafety.com\\\/san-pham\\\/sao-thao-tac-hastings-hv\\\/#primaryimage\"},\"image\":{\"@id\":\"https:\\\/\\\/anhuysafety.com\\\/san-pham\\\/sao-thao-tac-hastings-hv\\\/#primaryimage\"},\"thumbnailUrl\":\"https:\\\/\\\/anhuysafety.com\\\/wp-content\\\/uploads\\\/2022\\\/05\\\/Screenshot-2022-05-16-at-16-38-33-Sao-thao-tac-Hastings-HVmoi.pdf.png\",\"datePublished\":\"2022-05-15T08:17:53+00:00\",\"dateModified\":\"2022-05-16T09:39:02+00:00\",\"breadcrumb\":{\"@id\":\"https:\\\/\\\/anhuysafety.com\\\/san-pham\\\/sao-thao-tac-hastings-hv\\\/#breadcrumb\"},\"inLanguage\":\"en-US\",\"potentialAction\":[{\"@type\":\"ReadAction\",\"target\":[\"https:\\\/\\\/anhuysafety.com\\\/san-pham\\\/sao-thao-tac-hastings-hv\\\/\"]}]},{\"@type\":\"ImageObject\",\"inLanguage\":\"en-US\",\"@id\":\"https:\\\/\\\/anhuysafety.com\\\/san-pham\\\/sao-thao-tac-hastings-hv\\\/#primaryimage\",\"url\":\"https:\\\/\\\/anhuysafety.com\\\/wp-content\\\/uploads\\\/2022\\\/05\\\/Screenshot-2022-05-16-at-16-38-33-Sao-thao-tac-Hastings-HVmoi.pdf.png\",\"contentUrl\":\"https:\\\/\\\/anhuysafety.com\\\/wp-content\\\/uploads\\\/2022\\\/05\\\/Screenshot-2022-05-16-at-16-38-33-Sao-thao-tac-Hastings-HVmoi.pdf.png\",\"width\":82,\"height\":526,\"caption\":\"S\u00e0o thao t\u00e1c\"},{\"@type\":\"BreadcrumbList\",\"@id\":\"https:\\\/\\\/anhuysafety.com\\\/san-pham\\\/sao-thao-tac-hastings-hv\\\/#breadcrumb\",\"itemListElement\":[{\"@type\":\"ListItem\",\"position\":1,\"name\":\"Trang ch\u1ee7\",\"item\":\"https:\\\/\\\/anhuysafety.com\\\/\"},{\"@type\":\"ListItem\",\"position\":2,\"name\":\"S\u1ea3n ph\u1ea9m\",\"item\":\"http:\\\/\\\/anhuysafety.com\\\/en\\\/cua-hang\"},{\"@type\":\"ListItem\",\"position\":3,\"name\":\"S\u00e0o thao t\u00e1c Hastings HV\"}]},{\"@type\":\"WebSite\",\"@id\":\"https:\\\/\\\/anhuysafety.com\\\/#website\",\"url\":\"https:\\\/\\\/anhuysafety.com\\\/\",\"name\":\"C\u00f4ng Ty TNHH Trang Thi\u1ebft B\u1ecb K\u1ef9 Thu\u1eadt An Huy\",\"description\":\"\",\"publisher\":{\"@id\":\"https:\\\/\\\/anhuysafety.com\\\/#organization\"},\"potentialAction\":[{\"@type\":\"SearchAction\",\"target\":{\"@type\":\"EntryPoint\",\"urlTemplate\":\"https:\\\/\\\/anhuysafety.com\\\/?s={search_term_string}\"},\"query-input\":{\"@type\":\"PropertyValueSpecification\",\"valueRequired\":true,\"valueName\":\"search_term_string\"}}],\"inLanguage\":\"en-US\"},{\"@type\":\"Organization\",\"@id\":\"https:\\\/\\\/anhuysafety.com\\\/#organization\",\"name\":\"C\u00f4ng ty TNHH trang thi\u1ebft b\u1ecb k\u1ef9 thu\u1eadt An Huy\",\"url\":\"https:\\\/\\\/anhuysafety.com\\\/\",\"logo\":{\"@type\":\"ImageObject\",\"inLanguage\":\"en-US\",\"@id\":\"https:\\\/\\\/anhuysafety.com\\\/#\\\/schema\\\/logo\\\/image\\\/\",\"url\":\"https:\\\/\\\/anhuysafety.com\\\/wp-content\\\/uploads\\\/2022\\\/02\\\/cropped-cropped-cropped-LOGO_AN_HUY_SAFETY_chuan-removebg-preview-1.png\",\"contentUrl\":\"https:\\\/\\\/anhuysafety.com\\\/wp-content\\\/uploads\\\/2022\\\/02\\\/cropped-cropped-cropped-LOGO_AN_HUY_SAFETY_chuan-removebg-preview-1.png\",\"width\":357,\"height\":318,\"caption\":\"C\u00f4ng ty TNHH trang thi\u1ebft b\u1ecb k\u1ef9 thu\u1eadt An Huy\"},\"image\":{\"@id\":\"https:\\\/\\\/anhuysafety.com\\\/#\\\/schema\\\/logo\\\/image\\\/\"}}]}<\/script>\n<!-- \/ Yoast SEO plugin. -->","yoast_head_json":{"title":"S\u00e0o thao t\u00e1c Hastings HV - C\u00f4ng Ty TNHH Trang Thi\u1ebft B\u1ecb K\u1ef9 Thu\u1eadt An Huy","robots":{"index":"index","follow":"follow","max-snippet":"max-snippet:-1","max-image-preview":"max-image-preview:large","max-video-preview":"max-video-preview:-1"},"canonical":"https:\/\/anhuysafety.com\/en\/product\/sao-thao-tac-hastings-hv\/","og_locale":"en_US","og_type":"article","og_title":"S\u00e0o thao t\u00e1c Hastings HV - C\u00f4ng Ty TNHH Trang Thi\u1ebft B\u1ecb K\u1ef9 Thu\u1eadt An Huy","og_description":"TEL-O-POLE\u00ae IIThe \u201cNo Twist\u201d stick has a unique triangular design.All models are heavy duty.FEATURES AND BENEFITS:\u2022 Triangle shape enables each section to \u201clock in automatically\u201d, no need to search forthe button\u2022 Fluorescent green tip section is highly visible and has a foam core\u2022 Sections can be removed or added to make the stick the preferred [&hellip;]","og_url":"https:\/\/anhuysafety.com\/en\/product\/sao-thao-tac-hastings-hv\/","og_site_name":"C\u00f4ng Ty TNHH Trang Thi\u1ebft B\u1ecb K\u1ef9 Thu\u1eadt An Huy","article_modified_time":"2022-05-16T09:39:02+00:00","og_image":[{"width":82,"height":526,"url":"https:\/\/anhuysafety.com\/wp-content\/uploads\/2022\/05\/Screenshot-2022-05-16-at-16-38-33-Sao-thao-tac-Hastings-HVmoi.pdf.png","type":"image\/png"}],"twitter_card":"summary_large_image","twitter_misc":{"Est. reading time":"1 minute"},"schema":{"@context":"https:\/\/schema.org","@graph":[{"@type":"WebPage","@id":"https:\/\/anhuysafety.com\/san-pham\/sao-thao-tac-hastings-hv\/","url":"https:\/\/anhuysafety.com\/san-pham\/sao-thao-tac-hastings-hv\/","name":"S\u00e0o thao t\u00e1c Hastings HV - C\u00f4ng Ty TNHH Trang Thi\u1ebft B\u1ecb K\u1ef9 Thu\u1eadt An Huy","isPartOf":{"@id":"https:\/\/anhuysafety.com\/#website"},"primaryImageOfPage":{"@id":"https:\/\/anhuysafety.com\/san-pham\/sao-thao-tac-hastings-hv\/#primaryimage"},"image":{"@id":"https:\/\/anhuysafety.com\/san-pham\/sao-thao-tac-hastings-hv\/#primaryimage"},"thumbnailUrl":"https:\/\/anhuysafety.com\/wp-content\/uploads\/2022\/05\/Screenshot-2022-05-16-at-16-38-33-Sao-thao-tac-Hastings-HVmoi.pdf.png","datePublished":"2022-05-15T08:17:53+00:00","dateModified":"2022-05-16T09:39:02+00:00","breadcrumb":{"@id":"https:\/\/anhuysafety.com\/san-pham\/sao-thao-tac-hastings-hv\/#breadcrumb"},"inLanguage":"en-US","potentialAction":[{"@type":"ReadAction","target":["https:\/\/anhuysafety.com\/san-pham\/sao-thao-tac-hastings-hv\/"]}]},{"@type":"ImageObject","inLanguage":"en-US","@id":"https:\/\/anhuysafety.com\/san-pham\/sao-thao-tac-hastings-hv\/#primaryimage","url":"https:\/\/anhuysafety.com\/wp-content\/uploads\/2022\/05\/Screenshot-2022-05-16-at-16-38-33-Sao-thao-tac-Hastings-HVmoi.pdf.png","contentUrl":"https:\/\/anhuysafety.com\/wp-content\/uploads\/2022\/05\/Screenshot-2022-05-16-at-16-38-33-Sao-thao-tac-Hastings-HVmoi.pdf.png","width":82,"height":526,"caption":"S\u00e0o thao t\u00e1c"},{"@type":"BreadcrumbList","@id":"https:\/\/anhuysafety.com\/san-pham\/sao-thao-tac-hastings-hv\/#breadcrumb","itemListElement":[{"@type":"ListItem","position":1,"name":"Trang ch\u1ee7","item":"https:\/\/anhuysafety.com\/"},{"@type":"ListItem","position":2,"name":"S\u1ea3n ph\u1ea9m","item":"http:\/\/anhuysafety.com\/en\/cua-hang"},{"@type":"ListItem","position":3,"name":"S\u00e0o thao t\u00e1c Hastings HV"}]},{"@type":"WebSite","@id":"https:\/\/anhuysafety.com\/#website","url":"https:\/\/anhuysafety.com\/","name":"AN HUY TECHNICAL EQUIPMENT CO., LTD","description":"","publisher":{"@id":"https:\/\/anhuysafety.com\/#organization"},"potentialAction":[{"@type":"SearchAction","target":{"@type":"EntryPoint","urlTemplate":"https:\/\/anhuysafety.com\/?s={search_term_string}"},"query-input":{"@type":"PropertyValueSpecification","valueRequired":true,"valueName":"search_term_string"}}],"inLanguage":"en-US"},{"@type":"Organization","@id":"https:\/\/anhuysafety.com\/#organization","name":"C\u00f4ng ty TNHH trang thi\u1ebft b\u1ecb k\u1ef9 thu\u1eadt An Huy","url":"https:\/\/anhuysafety.com\/","logo":{"@type":"ImageObject","inLanguage":"en-US","@id":"https:\/\/anhuysafety.com\/#\/schema\/logo\/image\/","url":"https:\/\/anhuysafety.com\/wp-content\/uploads\/2022\/02\/cropped-cropped-cropped-LOGO_AN_HUY_SAFETY_chuan-removebg-preview-1.png","contentUrl":"https:\/\/anhuysafety.com\/wp-content\/uploads\/2022\/02\/cropped-cropped-cropped-LOGO_AN_HUY_SAFETY_chuan-removebg-preview-1.png","width":357,"height":318,"caption":"C\u00f4ng ty TNHH trang thi\u1ebft b\u1ecb k\u1ef9 thu\u1eadt An Huy"},"image":{"@id":"https:\/\/anhuysafety.com\/#\/schema\/logo\/image\/"}}]}},"_links":{"self":[{"href":"https:\/\/anhuysafety.com\/en\/wp-json\/wp\/v2\/product\/3857","targetHints":{"allow":["GET"]}}],"collection":[{"href":"https:\/\/anhuysafety.com\/en\/wp-json\/wp\/v2\/product"}],"about":[{"href":"https:\/\/anhuysafety.com\/en\/wp-json\/wp\/v2\/types\/product"}],"version-history":[{"count":1,"href":"https:\/\/anhuysafety.com\/en\/wp-json\/wp\/v2\/product\/3857\/revisions"}],"predecessor-version":[{"id":3860,"href":"https:\/\/anhuysafety.com\/en\/wp-json\/wp\/v2\/product\/3857\/revisions\/3860"}],"wp:featuredmedia":[{"embeddable":true,"href":"https:\/\/anhuysafety.com\/en\/wp-json\/wp\/v2\/media\/3984"}],"wp:attachment":[{"href":"https:\/\/anhuysafety.com\/en\/wp-json\/wp\/v2\/media?parent=3857"}],"wp:term":[{"taxonomy":"product_brand","embeddable":true,"href":"https:\/\/anhuysafety.com\/en\/wp-json\/wp\/v2\/product_brand?post=3857"},{"taxonomy":"product_cat","embeddable":true,"href":"https:\/\/anhuysafety.com\/en\/wp-json\/wp\/v2\/product_cat?post=3857"},{"taxonomy":"product_tag","embeddable":true,"href":"https:\/\/anhuysafety.com\/en\/wp-json\/wp\/v2\/product_tag?post=3857"}],"curies":[{"name":"wp","href":"https:\/\/api.w.org\/{rel}","templated":true}]}}