{"id":3873,"date":"2022-05-15T16:04:53","date_gmt":"2022-05-15T09:04:53","guid":{"rendered":"https:\/\/anhuysafety.com\/?post_type=product&#038;p=3873"},"modified":"2022-05-15T16:04:58","modified_gmt":"2022-05-15T09:04:58","slug":"moc-sao-thay-jumber-hastings","status":"publish","type":"product","link":"https:\/\/anhuysafety.com\/en\/product\/moc-sao-thay-jumber-hastings\/","title":{"rendered":"M\u00f3c s\u00e0o thay Jumber Hastings"},"content":{"rendered":"<p><span id=\"page4R_mcid0\" class=\"markedContent\"><span dir=\"ltr\" role=\"presentation\">FUSE CLAW<\/span><\/span><span id=\"page4R_mcid1\" class=\"markedContent\"><br role=\"presentation\" \/><span dir=\"ltr\" role=\"presentation\">\u2022<\/span><\/span><span id=\"page4R_mcid2\" class=\"markedContent\"> <span dir=\"ltr\" role=\"presentation\">Designed for installing, removing, and changing out cutout fuse barrels<\/span><\/span><span id=\"page4R_mcid3\" class=\"markedContent\"><br role=\"presentation\" \/><span dir=\"ltr\" role=\"presentation\">\u2022<\/span><\/span><span id=\"page4R_mcid4\" class=\"markedContent\"> <span dir=\"ltr\" role=\"presentation\">Cradle design to stabilize fuse barrel during lifting<\/span><\/span><span id=\"page4R_mcid5\" class=\"markedContent\"><br role=\"presentation\" \/><span dir=\"ltr\" role=\"presentation\">\u2022<\/span><\/span><span id=\"page4R_mcid6\" class=\"markedContent\"> <span dir=\"ltr\" role=\"presentation\">Cradle is reversible so hook can be adapted for right handed or left handed operation<\/span><\/span><span id=\"page4R_mcid7\" class=\"markedContent\"><br role=\"presentation\" \/><span dir=\"ltr\" role=\"presentation\">\u2022<\/span><\/span><span id=\"page4R_mcid8\" class=\"markedContent\"> <span dir=\"ltr\" role=\"presentation\">Spring loaded tabs to hold fuse barrel in place and minimize movement<\/span><\/span><span id=\"page4R_mcid9\" class=\"markedContent\"><br role=\"presentation\" \/><span dir=\"ltr\" role=\"presentation\">\u2022<\/span><\/span><span id=\"page4R_mcid10\" class=\"markedContent\"> <span dir=\"ltr\" role=\"presentation\">Fiberglass dielectric main body<\/span><\/span><span id=\"page4R_mcid11\" class=\"markedContent\"><br role=\"presentation\" \/><span dir=\"ltr\" role=\"presentation\">\u2022<\/span><\/span><span id=\"page4R_mcid12\" class=\"markedContent\"> <span dir=\"ltr\" role=\"presentation\">Standard<\/span> <span dir=\"ltr\" role=\"presentation\">universal<\/span> <span dir=\"ltr\" role=\"presentation\">fitting<\/span> <span dir=\"ltr\" role=\"presentation\">for<\/span> <span dir=\"ltr\" role=\"presentation\">use<\/span> <span dir=\"ltr\" role=\"presentation\">with<\/span> <span dir=\"ltr\" role=\"presentation\">all<\/span> <span dir=\"ltr\" role=\"presentation\">tel-o-poles<\/span> <span dir=\"ltr\" role=\"presentation\">and<\/span> <span dir=\"ltr\" role=\"presentation\">universal<\/span> <span dir=\"ltr\" role=\"presentation\">sticks<\/span><\/span><span id=\"page4R_mcid13\" class=\"markedContent\"><br role=\"presentation\" \/><span dir=\"ltr\" role=\"presentation\">\u2022<\/span><\/span><span id=\"page4R_mcid14\" class=\"markedContent\"> <span dir=\"ltr\" role=\"presentation\">Designed<\/span> <span dir=\"ltr\" role=\"presentation\">to<\/span> <span dir=\"ltr\" role=\"presentation\">fit\/install<\/span> <span dir=\"ltr\" role=\"presentation\">standard<\/span> <span dir=\"ltr\" role=\"presentation\">100<\/span> <span dir=\"ltr\" role=\"presentation\">amp<\/span> <span dir=\"ltr\" role=\"presentation\">cut-out<\/span> <span dir=\"ltr\" role=\"presentation\">fuse<\/span> <span dir=\"ltr\" role=\"presentation\">barrels<\/span><\/span><span id=\"page4R_mcid15\" class=\"markedContent\"><br role=\"presentation\" \/><span dir=\"ltr\" role=\"presentation\">CAT NO<\/span><\/span><span id=\"page4R_mcid16\" class=\"markedContent\"> <span dir=\"ltr\" role=\"presentation\">DESCRIPTION<\/span><\/span><span id=\"page4R_mcid17\" class=\"markedContent\"> <span dir=\"ltr\" role=\"presentation\">LBS<\/span><\/span><span id=\"page4R_mcid18\" class=\"markedContent\"><br role=\"presentation\" \/><span dir=\"ltr\" role=\"presentation\">10-082<\/span><\/span><span id=\"page4R_mcid19\" class=\"markedContent\"> <span dir=\"ltr\" role=\"presentation\">FUSE CLAW<\/span><\/span><span id=\"page4R_mcid20\" class=\"markedContent\"> <span dir=\"ltr\" role=\"presentation\">0.9<\/span><\/span><span id=\"page4R_mcid21\" class=\"markedContent\"><\/span><\/p>\n<p><span id=\"page4R_mcid21\" class=\"markedContent\"><br role=\"presentation\" \/><span dir=\"ltr\" role=\"presentation\">FUSE CUP<\/span><\/span><span id=\"page4R_mcid22\" class=\"markedContent\"><br role=\"presentation\" \/><span dir=\"ltr\" role=\"presentation\">\u2022<\/span><\/span><span id=\"page4R_mcid23\" class=\"markedContent\"> <span dir=\"ltr\" role=\"presentation\">Holds<\/span> <span dir=\"ltr\" role=\"presentation\">100<\/span> <span dir=\"ltr\" role=\"presentation\">amp<\/span> <span dir=\"ltr\" role=\"presentation\">and<\/span> <span dir=\"ltr\" role=\"presentation\">200<\/span> <span dir=\"ltr\" role=\"presentation\">amp<\/span> <span dir=\"ltr\" role=\"presentation\">fuse<\/span> <span dir=\"ltr\" role=\"presentation\">barrels<\/span> <span dir=\"ltr\" role=\"presentation\">from<\/span> <span dir=\"ltr\" role=\"presentation\">any<\/span> <span dir=\"ltr\" role=\"presentation\">manufacturer<\/span><\/span><span id=\"page4R_mcid24\" class=\"markedContent\"><br role=\"presentation\" \/><span dir=\"ltr\" role=\"presentation\">\u2022<\/span><\/span><span id=\"page4R_mcid25\" class=\"markedContent\"> <span dir=\"ltr\" role=\"presentation\">Simplifies<\/span> <span dir=\"ltr\" role=\"presentation\">capturing<\/span> <span dir=\"ltr\" role=\"presentation\">the<\/span> <span dir=\"ltr\" role=\"presentation\">fuse<\/span> <span dir=\"ltr\" role=\"presentation\">barrel<\/span> <span dir=\"ltr\" role=\"presentation\">for<\/span> <span dir=\"ltr\" role=\"presentation\">quick<\/span> <span dir=\"ltr\" role=\"presentation\">and<\/span> <span dir=\"ltr\" role=\"presentation\">easy<\/span> <span dir=\"ltr\" role=\"presentation\">fuse<\/span> <span dir=\"ltr\" role=\"presentation\">removal<\/span><\/span><span id=\"page4R_mcid26\" class=\"markedContent\"><br role=\"presentation\" \/><span dir=\"ltr\" role=\"presentation\">and installation<\/span><\/span><span id=\"page4R_mcid27\" class=\"markedContent\"><br role=\"presentation\" \/><span dir=\"ltr\" role=\"presentation\">\u2022<\/span><\/span><span id=\"page4R_mcid28\" class=\"markedContent\"> <span dir=\"ltr\" role=\"presentation\">Fiberglass<\/span> <span dir=\"ltr\" role=\"presentation\">material<\/span> <span dir=\"ltr\" role=\"presentation\">eliminates<\/span> <span dir=\"ltr\" role=\"presentation\">potential<\/span> <span dir=\"ltr\" role=\"presentation\">hazards<\/span> <span dir=\"ltr\" role=\"presentation\">of<\/span> <span dir=\"ltr\" role=\"presentation\">flashover<\/span> <span dir=\"ltr\" role=\"presentation\">when<\/span><\/span><span id=\"page4R_mcid29\" class=\"markedContent\"><br role=\"presentation\" \/><span dir=\"ltr\" role=\"presentation\">removing or installing fuse tubes<\/span><\/span><span id=\"page4R_mcid30\" class=\"markedContent\"><br role=\"presentation\" \/><span dir=\"ltr\" role=\"presentation\">\u2022<\/span><\/span><span id=\"page4R_mcid31\" class=\"markedContent\"> <span dir=\"ltr\" role=\"presentation\">For<\/span> <span dir=\"ltr\" role=\"presentation\">greater<\/span> <span dir=\"ltr\" role=\"presentation\">strength<\/span> <span dir=\"ltr\" role=\"presentation\">the<\/span> <span dir=\"ltr\" role=\"presentation\">aluminum<\/span> <span dir=\"ltr\" role=\"presentation\">prong<\/span> <span dir=\"ltr\" role=\"presentation\">is<\/span> <span dir=\"ltr\" role=\"presentation\">sealed<\/span> <span dir=\"ltr\" role=\"presentation\">and<\/span> <span dir=\"ltr\" role=\"presentation\">covered<\/span> <span dir=\"ltr\" role=\"presentation\">with<\/span><\/span><span id=\"page4R_mcid32\" class=\"markedContent\"><br role=\"presentation\" \/><span dir=\"ltr\" role=\"presentation\">the<\/span> <span dir=\"ltr\" role=\"presentation\">fiberglass<\/span> <span dir=\"ltr\" role=\"presentation\">reinforced<\/span> <span dir=\"ltr\" role=\"presentation\">nylon<\/span><\/span><span id=\"page4R_mcid33\" class=\"markedContent\"><br role=\"presentation\" \/><span dir=\"ltr\" role=\"presentation\">\u2022<\/span><\/span><span id=\"page4R_mcid34\" class=\"markedContent\"> <span dir=\"ltr\" role=\"presentation\">HASTINGS<\/span> <span dir=\"ltr\" role=\"presentation\">Safety-Yellow<\/span> <span dir=\"ltr\" role=\"presentation\">color<\/span> <span dir=\"ltr\" role=\"presentation\">makes<\/span> <span dir=\"ltr\" role=\"presentation\">the<\/span> <span dir=\"ltr\" role=\"presentation\">Fuse<\/span> <span dir=\"ltr\" role=\"presentation\">Cup<\/span> <span dir=\"ltr\" role=\"presentation\">easy<\/span> <span dir=\"ltr\" role=\"presentation\">to<\/span> <span dir=\"ltr\" role=\"presentation\">see<\/span> <span dir=\"ltr\" role=\"presentation\">in<\/span><\/span><span id=\"page4R_mcid35\" class=\"markedContent\"><br role=\"presentation\" \/><span dir=\"ltr\" role=\"presentation\">all light conditions<\/span><\/span><span id=\"page4R_mcid36\" class=\"markedContent\"><br role=\"presentation\" \/><span dir=\"ltr\" role=\"presentation\">CAT NO<\/span><\/span><span id=\"page4R_mcid37\" class=\"markedContent\"> <span dir=\"ltr\" role=\"presentation\">DESCRIPTION<\/span><\/span><span id=\"page4R_mcid38\" class=\"markedContent\"> <span dir=\"ltr\" role=\"presentation\">LBS<\/span><\/span><span id=\"page4R_mcid39\" class=\"markedContent\"><br role=\"presentation\" \/><span dir=\"ltr\" role=\"presentation\">10-094<\/span><\/span><span id=\"page4R_mcid40\" class=\"markedContent\"> <span dir=\"ltr\" role=\"presentation\">UNIVERSAL FUSE CUP<\/span><\/span><span id=\"page4R_mcid41\" class=\"markedContent\"> <span dir=\"ltr\" role=\"presentation\">0.3<\/span><\/span><\/p>\n<p>&nbsp;<\/p>\n<p>&nbsp;<\/p>\n<p>&nbsp;<\/p>","protected":false},"excerpt":{"rendered":"<p>FUSE CLAW\u2022 Designed for installing, removing, and changing out cutout fuse barrels\u2022 Cradle design to stabilize fuse barrel during lifting\u2022 Cradle is reversible so hook can be adapted for right handed or left handed operation\u2022 Spring loaded tabs to hold fuse barrel in place and minimize movement\u2022 Fiberglass dielectric main body\u2022 Standard universal fitting for [&hellip;]<\/p>\n","protected":false},"featured_media":3874,"template":"","meta":{"site-sidebar-layout":"default","site-content-layout":"default","ast-site-content-layout":"default","site-content-style":"default","site-sidebar-style":"default","ast-global-header-display":"","ast-banner-title-visibility":"","ast-main-header-display":"","ast-hfb-above-header-display":"","ast-hfb-below-header-display":"","ast-hfb-mobile-header-display":"","site-post-title":"","ast-breadcrumbs-content":"","ast-featured-img":"","footer-sml-layout":"","ast-disable-related-posts":"","theme-transparent-header-meta":"","adv-header-id-meta":"","stick-header-meta":"","header-above-stick-meta":"","header-main-stick-meta":"","header-below-stick-meta":"","astra-migrate-meta-layouts":"default","ast-page-background-enabled":"default","ast-page-background-meta":{"desktop":{"background-color":"","background-image":"","background-repeat":"repeat","background-position":"center center","background-size":"auto","background-attachment":"scroll","background-type":"","background-media":"","overlay-type":"","overlay-color":"","overlay-opacity":"","overlay-gradient":""},"tablet":{"background-color":"","background-image":"","background-repeat":"repeat","background-position":"center center","background-size":"auto","background-attachment":"scroll","background-type":"","background-media":"","overlay-type":"","overlay-color":"","overlay-opacity":"","overlay-gradient":""},"mobile":{"background-color":"","background-image":"","background-repeat":"repeat","background-position":"center center","background-size":"auto","background-attachment":"scroll","background-type":"","background-media":"","overlay-type":"","overlay-color":"","overlay-opacity":"","overlay-gradient":""}},"ast-content-background-meta":{"desktop":{"background-color":"var(--ast-global-color-5)","background-image":"","background-repeat":"repeat","background-position":"center center","background-size":"auto","background-attachment":"scroll","background-type":"","background-media":"","overlay-type":"","overlay-color":"","overlay-opacity":"","overlay-gradient":""},"tablet":{"background-color":"var(--ast-global-color-5)","background-image":"","background-repeat":"repeat","background-position":"center center","background-size":"auto","background-attachment":"scroll","background-type":"","background-media":"","overlay-type":"","overlay-color":"","overlay-opacity":"","overlay-gradient":""},"mobile":{"background-color":"var(--ast-global-color-5)","background-image":"","background-repeat":"repeat","background-position":"center center","background-size":"auto","background-attachment":"scroll","background-type":"","background-media":"","overlay-type":"","overlay-color":"","overlay-opacity":"","overlay-gradient":""}}},"product_brand":[],"product_cat":[88,87],"product_tag":[],"class_list":{"0":"post-3873","1":"product","2":"type-product","3":"status-publish","4":"has-post-thumbnail","6":"product_cat-sao-cach-dien","7":"product_cat-dung-cu-an-toan-dien","8":"desktop-align-left","9":"tablet-align-left","10":"mobile-align-left","12":"first","13":"instock","14":"shipping-taxable","15":"product-type-simple"},"yoast_head":"<!-- This site is optimized with the Yoast SEO plugin v27.3 - https:\/\/yoast.com\/product\/yoast-seo-wordpress\/ -->\n<title>M\u00f3c s\u00e0o thay Jumber Hastings - C\u00f4ng Ty TNHH Trang Thi\u1ebft B\u1ecb K\u1ef9 Thu\u1eadt An Huy<\/title>\n<meta name=\"description\" content=\"M\u00f3c s\u00e0o thay Jumber Hastings\" \/>\n<meta name=\"robots\" content=\"index, follow, max-snippet:-1, max-image-preview:large, max-video-preview:-1\" \/>\n<link rel=\"canonical\" href=\"https:\/\/anhuysafety.com\/en\/product\/moc-sao-thay-jumber-hastings\/\" \/>\n<meta property=\"og:locale\" content=\"en_US\" \/>\n<meta property=\"og:type\" content=\"article\" \/>\n<meta property=\"og:title\" content=\"M\u00f3c s\u00e0o thay Jumber Hastings - C\u00f4ng Ty TNHH Trang Thi\u1ebft B\u1ecb K\u1ef9 Thu\u1eadt An Huy\" \/>\n<meta property=\"og:description\" content=\"M\u00f3c s\u00e0o thay Jumber Hastings\" \/>\n<meta property=\"og:url\" content=\"https:\/\/anhuysafety.com\/en\/product\/moc-sao-thay-jumber-hastings\/\" \/>\n<meta property=\"og:site_name\" content=\"C\u00f4ng Ty TNHH Trang Thi\u1ebft B\u1ecb K\u1ef9 Thu\u1eadt An Huy\" \/>\n<meta property=\"article:modified_time\" content=\"2022-05-15T09:04:58+00:00\" \/>\n<meta property=\"og:image\" content=\"https:\/\/anhuysafety.com\/wp-content\/uploads\/2022\/05\/Screenshot-2022-05-15-at-16-04-01-Moc-sao-thay-Jumber-Hastings-10082-10094.pdf.png\" \/>\n\t<meta property=\"og:image:width\" content=\"883\" \/>\n\t<meta property=\"og:image:height\" content=\"522\" \/>\n\t<meta property=\"og:image:type\" content=\"image\/png\" \/>\n<meta name=\"twitter:card\" content=\"summary_large_image\" \/>\n<meta name=\"twitter:label1\" content=\"Est. reading time\" \/>\n\t<meta name=\"twitter:data1\" content=\"1 minute\" \/>\n<script type=\"application\/ld+json\" class=\"yoast-schema-graph\">{\"@context\":\"https:\\\/\\\/schema.org\",\"@graph\":[{\"@type\":\"WebPage\",\"@id\":\"https:\\\/\\\/anhuysafety.com\\\/san-pham\\\/moc-sao-thay-jumber-hastings\\\/\",\"url\":\"https:\\\/\\\/anhuysafety.com\\\/san-pham\\\/moc-sao-thay-jumber-hastings\\\/\",\"name\":\"M\u00f3c s\u00e0o thay Jumber Hastings - C\u00f4ng Ty TNHH Trang Thi\u1ebft B\u1ecb K\u1ef9 Thu\u1eadt An Huy\",\"isPartOf\":{\"@id\":\"https:\\\/\\\/anhuysafety.com\\\/#website\"},\"primaryImageOfPage\":{\"@id\":\"https:\\\/\\\/anhuysafety.com\\\/san-pham\\\/moc-sao-thay-jumber-hastings\\\/#primaryimage\"},\"image\":{\"@id\":\"https:\\\/\\\/anhuysafety.com\\\/san-pham\\\/moc-sao-thay-jumber-hastings\\\/#primaryimage\"},\"thumbnailUrl\":\"https:\\\/\\\/anhuysafety.com\\\/wp-content\\\/uploads\\\/2022\\\/05\\\/Screenshot-2022-05-15-at-16-04-01-Moc-sao-thay-Jumber-Hastings-10082-10094.pdf.png\",\"datePublished\":\"2022-05-15T09:04:53+00:00\",\"dateModified\":\"2022-05-15T09:04:58+00:00\",\"description\":\"M\u00f3c s\u00e0o thay Jumber Hastings\",\"breadcrumb\":{\"@id\":\"https:\\\/\\\/anhuysafety.com\\\/san-pham\\\/moc-sao-thay-jumber-hastings\\\/#breadcrumb\"},\"inLanguage\":\"en-US\",\"potentialAction\":[{\"@type\":\"ReadAction\",\"target\":[\"https:\\\/\\\/anhuysafety.com\\\/san-pham\\\/moc-sao-thay-jumber-hastings\\\/\"]}]},{\"@type\":\"ImageObject\",\"inLanguage\":\"en-US\",\"@id\":\"https:\\\/\\\/anhuysafety.com\\\/san-pham\\\/moc-sao-thay-jumber-hastings\\\/#primaryimage\",\"url\":\"https:\\\/\\\/anhuysafety.com\\\/wp-content\\\/uploads\\\/2022\\\/05\\\/Screenshot-2022-05-15-at-16-04-01-Moc-sao-thay-Jumber-Hastings-10082-10094.pdf.png\",\"contentUrl\":\"https:\\\/\\\/anhuysafety.com\\\/wp-content\\\/uploads\\\/2022\\\/05\\\/Screenshot-2022-05-15-at-16-04-01-Moc-sao-thay-Jumber-Hastings-10082-10094.pdf.png\",\"width\":883,\"height\":522,\"caption\":\"M\u00f3c s\u00e0o thay\"},{\"@type\":\"BreadcrumbList\",\"@id\":\"https:\\\/\\\/anhuysafety.com\\\/san-pham\\\/moc-sao-thay-jumber-hastings\\\/#breadcrumb\",\"itemListElement\":[{\"@type\":\"ListItem\",\"position\":1,\"name\":\"Trang ch\u1ee7\",\"item\":\"https:\\\/\\\/anhuysafety.com\\\/\"},{\"@type\":\"ListItem\",\"position\":2,\"name\":\"S\u1ea3n ph\u1ea9m\",\"item\":\"http:\\\/\\\/anhuysafety.com\\\/en\\\/cua-hang\"},{\"@type\":\"ListItem\",\"position\":3,\"name\":\"M\u00f3c s\u00e0o thay Jumber Hastings\"}]},{\"@type\":\"WebSite\",\"@id\":\"https:\\\/\\\/anhuysafety.com\\\/#website\",\"url\":\"https:\\\/\\\/anhuysafety.com\\\/\",\"name\":\"C\u00f4ng Ty TNHH Trang Thi\u1ebft B\u1ecb K\u1ef9 Thu\u1eadt An Huy\",\"description\":\"\",\"publisher\":{\"@id\":\"https:\\\/\\\/anhuysafety.com\\\/#organization\"},\"potentialAction\":[{\"@type\":\"SearchAction\",\"target\":{\"@type\":\"EntryPoint\",\"urlTemplate\":\"https:\\\/\\\/anhuysafety.com\\\/?s={search_term_string}\"},\"query-input\":{\"@type\":\"PropertyValueSpecification\",\"valueRequired\":true,\"valueName\":\"search_term_string\"}}],\"inLanguage\":\"en-US\"},{\"@type\":\"Organization\",\"@id\":\"https:\\\/\\\/anhuysafety.com\\\/#organization\",\"name\":\"C\u00f4ng ty TNHH trang thi\u1ebft b\u1ecb k\u1ef9 thu\u1eadt An Huy\",\"url\":\"https:\\\/\\\/anhuysafety.com\\\/\",\"logo\":{\"@type\":\"ImageObject\",\"inLanguage\":\"en-US\",\"@id\":\"https:\\\/\\\/anhuysafety.com\\\/#\\\/schema\\\/logo\\\/image\\\/\",\"url\":\"https:\\\/\\\/anhuysafety.com\\\/wp-content\\\/uploads\\\/2022\\\/02\\\/cropped-cropped-cropped-LOGO_AN_HUY_SAFETY_chuan-removebg-preview-1.png\",\"contentUrl\":\"https:\\\/\\\/anhuysafety.com\\\/wp-content\\\/uploads\\\/2022\\\/02\\\/cropped-cropped-cropped-LOGO_AN_HUY_SAFETY_chuan-removebg-preview-1.png\",\"width\":357,\"height\":318,\"caption\":\"C\u00f4ng ty TNHH trang thi\u1ebft b\u1ecb k\u1ef9 thu\u1eadt An Huy\"},\"image\":{\"@id\":\"https:\\\/\\\/anhuysafety.com\\\/#\\\/schema\\\/logo\\\/image\\\/\"}}]}<\/script>\n<!-- \/ Yoast SEO plugin. -->","yoast_head_json":{"title":"M\u00f3c s\u00e0o thay Jumber Hastings - C\u00f4ng Ty TNHH Trang Thi\u1ebft B\u1ecb K\u1ef9 Thu\u1eadt An Huy","description":"M\u00f3c s\u00e0o thay Jumber Hastings","robots":{"index":"index","follow":"follow","max-snippet":"max-snippet:-1","max-image-preview":"max-image-preview:large","max-video-preview":"max-video-preview:-1"},"canonical":"https:\/\/anhuysafety.com\/en\/product\/moc-sao-thay-jumber-hastings\/","og_locale":"en_US","og_type":"article","og_title":"M\u00f3c s\u00e0o thay Jumber Hastings - C\u00f4ng Ty TNHH Trang Thi\u1ebft B\u1ecb K\u1ef9 Thu\u1eadt An Huy","og_description":"M\u00f3c s\u00e0o thay Jumber Hastings","og_url":"https:\/\/anhuysafety.com\/en\/product\/moc-sao-thay-jumber-hastings\/","og_site_name":"C\u00f4ng Ty TNHH Trang Thi\u1ebft B\u1ecb K\u1ef9 Thu\u1eadt An Huy","article_modified_time":"2022-05-15T09:04:58+00:00","og_image":[{"width":883,"height":522,"url":"https:\/\/anhuysafety.com\/wp-content\/uploads\/2022\/05\/Screenshot-2022-05-15-at-16-04-01-Moc-sao-thay-Jumber-Hastings-10082-10094.pdf.png","type":"image\/png"}],"twitter_card":"summary_large_image","twitter_misc":{"Est. reading time":"1 minute"},"schema":{"@context":"https:\/\/schema.org","@graph":[{"@type":"WebPage","@id":"https:\/\/anhuysafety.com\/san-pham\/moc-sao-thay-jumber-hastings\/","url":"https:\/\/anhuysafety.com\/san-pham\/moc-sao-thay-jumber-hastings\/","name":"M\u00f3c s\u00e0o thay Jumber Hastings - C\u00f4ng Ty TNHH Trang Thi\u1ebft B\u1ecb K\u1ef9 Thu\u1eadt An Huy","isPartOf":{"@id":"https:\/\/anhuysafety.com\/#website"},"primaryImageOfPage":{"@id":"https:\/\/anhuysafety.com\/san-pham\/moc-sao-thay-jumber-hastings\/#primaryimage"},"image":{"@id":"https:\/\/anhuysafety.com\/san-pham\/moc-sao-thay-jumber-hastings\/#primaryimage"},"thumbnailUrl":"https:\/\/anhuysafety.com\/wp-content\/uploads\/2022\/05\/Screenshot-2022-05-15-at-16-04-01-Moc-sao-thay-Jumber-Hastings-10082-10094.pdf.png","datePublished":"2022-05-15T09:04:53+00:00","dateModified":"2022-05-15T09:04:58+00:00","description":"M\u00f3c s\u00e0o thay Jumber Hastings","breadcrumb":{"@id":"https:\/\/anhuysafety.com\/san-pham\/moc-sao-thay-jumber-hastings\/#breadcrumb"},"inLanguage":"en-US","potentialAction":[{"@type":"ReadAction","target":["https:\/\/anhuysafety.com\/san-pham\/moc-sao-thay-jumber-hastings\/"]}]},{"@type":"ImageObject","inLanguage":"en-US","@id":"https:\/\/anhuysafety.com\/san-pham\/moc-sao-thay-jumber-hastings\/#primaryimage","url":"https:\/\/anhuysafety.com\/wp-content\/uploads\/2022\/05\/Screenshot-2022-05-15-at-16-04-01-Moc-sao-thay-Jumber-Hastings-10082-10094.pdf.png","contentUrl":"https:\/\/anhuysafety.com\/wp-content\/uploads\/2022\/05\/Screenshot-2022-05-15-at-16-04-01-Moc-sao-thay-Jumber-Hastings-10082-10094.pdf.png","width":883,"height":522,"caption":"M\u00f3c s\u00e0o thay"},{"@type":"BreadcrumbList","@id":"https:\/\/anhuysafety.com\/san-pham\/moc-sao-thay-jumber-hastings\/#breadcrumb","itemListElement":[{"@type":"ListItem","position":1,"name":"Trang ch\u1ee7","item":"https:\/\/anhuysafety.com\/"},{"@type":"ListItem","position":2,"name":"S\u1ea3n ph\u1ea9m","item":"http:\/\/anhuysafety.com\/en\/cua-hang"},{"@type":"ListItem","position":3,"name":"M\u00f3c s\u00e0o thay Jumber Hastings"}]},{"@type":"WebSite","@id":"https:\/\/anhuysafety.com\/#website","url":"https:\/\/anhuysafety.com\/","name":"AN HUY TECHNICAL EQUIPMENT CO., LTD","description":"","publisher":{"@id":"https:\/\/anhuysafety.com\/#organization"},"potentialAction":[{"@type":"SearchAction","target":{"@type":"EntryPoint","urlTemplate":"https:\/\/anhuysafety.com\/?s={search_term_string}"},"query-input":{"@type":"PropertyValueSpecification","valueRequired":true,"valueName":"search_term_string"}}],"inLanguage":"en-US"},{"@type":"Organization","@id":"https:\/\/anhuysafety.com\/#organization","name":"C\u00f4ng ty TNHH trang thi\u1ebft b\u1ecb k\u1ef9 thu\u1eadt An Huy","url":"https:\/\/anhuysafety.com\/","logo":{"@type":"ImageObject","inLanguage":"en-US","@id":"https:\/\/anhuysafety.com\/#\/schema\/logo\/image\/","url":"https:\/\/anhuysafety.com\/wp-content\/uploads\/2022\/02\/cropped-cropped-cropped-LOGO_AN_HUY_SAFETY_chuan-removebg-preview-1.png","contentUrl":"https:\/\/anhuysafety.com\/wp-content\/uploads\/2022\/02\/cropped-cropped-cropped-LOGO_AN_HUY_SAFETY_chuan-removebg-preview-1.png","width":357,"height":318,"caption":"C\u00f4ng ty TNHH trang thi\u1ebft b\u1ecb k\u1ef9 thu\u1eadt An Huy"},"image":{"@id":"https:\/\/anhuysafety.com\/#\/schema\/logo\/image\/"}}]}},"_links":{"self":[{"href":"https:\/\/anhuysafety.com\/en\/wp-json\/wp\/v2\/product\/3873","targetHints":{"allow":["GET"]}}],"collection":[{"href":"https:\/\/anhuysafety.com\/en\/wp-json\/wp\/v2\/product"}],"about":[{"href":"https:\/\/anhuysafety.com\/en\/wp-json\/wp\/v2\/types\/product"}],"version-history":[{"count":2,"href":"https:\/\/anhuysafety.com\/en\/wp-json\/wp\/v2\/product\/3873\/revisions"}],"predecessor-version":[{"id":3876,"href":"https:\/\/anhuysafety.com\/en\/wp-json\/wp\/v2\/product\/3873\/revisions\/3876"}],"wp:featuredmedia":[{"embeddable":true,"href":"https:\/\/anhuysafety.com\/en\/wp-json\/wp\/v2\/media\/3874"}],"wp:attachment":[{"href":"https:\/\/anhuysafety.com\/en\/wp-json\/wp\/v2\/media?parent=3873"}],"wp:term":[{"taxonomy":"product_brand","embeddable":true,"href":"https:\/\/anhuysafety.com\/en\/wp-json\/wp\/v2\/product_brand?post=3873"},{"taxonomy":"product_cat","embeddable":true,"href":"https:\/\/anhuysafety.com\/en\/wp-json\/wp\/v2\/product_cat?post=3873"},{"taxonomy":"product_tag","embeddable":true,"href":"https:\/\/anhuysafety.com\/en\/wp-json\/wp\/v2\/product_tag?post=3873"}],"curies":[{"name":"wp","href":"https:\/\/api.w.org\/{rel}","templated":true}]}}