{"id":4002,"date":"2022-07-25T17:16:24","date_gmt":"2022-07-25T10:16:24","guid":{"rendered":"https:\/\/anhuysafety.com\/?post_type=product&#038;p=4002"},"modified":"2022-07-29T08:28:16","modified_gmt":"2022-07-29T01:28:16","slug":"tui-dung-dung-cu","status":"publish","type":"product","link":"https:\/\/anhuysafety.com\/en\/product\/tui-dung-dung-cu\/","title":{"rendered":"T\u00fai \u0111\u1ee5ng d\u1ee5ng c\u1ee5"},"content":{"rendered":"<p><span id=\"mtc-3601260356726\"><span class=\"text\">Nh\u00e0 s\u1ea3n xu\u1ea5t : Anbaco<\/span><\/span><\/p>\n<p>&#8211; Ph\u1ea7n gi\u1ecf: D,30cm;R 20cm;C 40cm.<\/p>\n<p>&#8211; T\u00fai ph\u00eda tr\u01b0\u1edbc: D\u00e0i 26cm x 25cm.<\/p>\n<p>&#8211; V\u1eadt li\u1ec7u gi\u1ecf ch\u1ed1ng n\u01b0\u1edbc, b\u1ec1n \u0111\u1ec3 \u0111\u1ef1ng d\u1ee5ng c\u1ee5, kh\u00f4ng cho n\u01b0\u1edbc th\u1ea5m t\u1eeb b\u00ean ngo\u00e0i v\u00e0o \u01b0\u1edbt d\u1ee5ng c\u1ee5, m\u00e0u xanh d\u01b0\u01a1ng<\/p>\n<p>Ph\u00eda sau gi\u1ecf: Kh\u00f4ng t\u00fai, Gi\u1ecf c\u00f3 quai, quai \u0111\u01b0\u1ee3c may t\u0103ng c\u01b0\u1eddng\u00a0\u00a0\u00a0\u00a0\u00a0\u00a0\u00a0\u00a0\u00a0\u00a0\u00a0\u00a0 b\u1eb1ng d\u00e2y v\u1ea3i d\u00f9 b\u1ea3n r\u1ed9ng 4cm bao t\u1eeb \u0111\u00e1y gi\u1ecf \u0111\u1ebfn n\u1eafp gi\u1ecf<\/p>\n<p>Ph\u00eda tr\u00ean l\u00e0 quai gi\u1ecf v\u00e0 c\u00f3 n\u1eafp gi\u1ecf. T\u1ea5t c\u1ea3 c\u00e1c t\u00fai v\u00e0 n\u1eafp gi\u1ecf \u0111\u1ec1u \u0111\u01b0\u1ee3c kho\u00e1 b\u1eb1ng kho\u00e1 k\u00e9o c\u00f3 hai kho\u00e1 k\u00e9o (d\u1ef1 ph\u00f2ng tr\u01b0\u1eddng h\u1ee3p kho\u00e1 k\u00e9o b\u1ecb h\u01b0 th\u00ec c\u00f2n l\u1ea1i 1 c\u00e1i).<\/p>","protected":false},"excerpt":{"rendered":"<p>Nh\u00e0 s\u1ea3n xu\u1ea5t : Anbaco &#8211; Ph\u1ea7n gi\u1ecf: D,30cm;R 20cm;C 40cm. &#8211; T\u00fai ph\u00eda tr\u01b0\u1edbc: D\u00e0i 26cm x 25cm. &#8211; V\u1eadt li\u1ec7u gi\u1ecf ch\u1ed1ng n\u01b0\u1edbc, b\u1ec1n \u0111\u1ec3 \u0111\u1ef1ng d\u1ee5ng c\u1ee5, kh\u00f4ng cho n\u01b0\u1edbc th\u1ea5m t\u1eeb b\u00ean ngo\u00e0i v\u00e0o \u01b0\u1edbt d\u1ee5ng c\u1ee5, m\u00e0u xanh d\u01b0\u01a1ng Ph\u00eda sau gi\u1ecf: Kh\u00f4ng t\u00fai, Gi\u1ecf c\u00f3 quai, quai \u0111\u01b0\u1ee3c may [&hellip;]<\/p>\n","protected":false},"featured_media":4003,"template":"","meta":{"site-sidebar-layout":"default","site-content-layout":"default","ast-site-content-layout":"default","site-content-style":"default","site-sidebar-style":"default","ast-global-header-display":"","ast-banner-title-visibility":"","ast-main-header-display":"","ast-hfb-above-header-display":"","ast-hfb-below-header-display":"","ast-hfb-mobile-header-display":"","site-post-title":"","ast-breadcrumbs-content":"","ast-featured-img":"","footer-sml-layout":"","ast-disable-related-posts":"","theme-transparent-header-meta":"","adv-header-id-meta":"","stick-header-meta":"","header-above-stick-meta":"","header-main-stick-meta":"","header-below-stick-meta":"","astra-migrate-meta-layouts":"default","ast-page-background-enabled":"default","ast-page-background-meta":{"desktop":{"background-color":"","background-image":"","background-repeat":"repeat","background-position":"center center","background-size":"auto","background-attachment":"scroll","background-type":"","background-media":"","overlay-type":"","overlay-color":"","overlay-opacity":"","overlay-gradient":""},"tablet":{"background-color":"","background-image":"","background-repeat":"repeat","background-position":"center center","background-size":"auto","background-attachment":"scroll","background-type":"","background-media":"","overlay-type":"","overlay-color":"","overlay-opacity":"","overlay-gradient":""},"mobile":{"background-color":"","background-image":"","background-repeat":"repeat","background-position":"center center","background-size":"auto","background-attachment":"scroll","background-type":"","background-media":"","overlay-type":"","overlay-color":"","overlay-opacity":"","overlay-gradient":""}},"ast-content-background-meta":{"desktop":{"background-color":"var(--ast-global-color-5)","background-image":"","background-repeat":"repeat","background-position":"center center","background-size":"auto","background-attachment":"scroll","background-type":"","background-media":"","overlay-type":"","overlay-color":"","overlay-opacity":"","overlay-gradient":""},"tablet":{"background-color":"var(--ast-global-color-5)","background-image":"","background-repeat":"repeat","background-position":"center center","background-size":"auto","background-attachment":"scroll","background-type":"","background-media":"","overlay-type":"","overlay-color":"","overlay-opacity":"","overlay-gradient":""},"mobile":{"background-color":"var(--ast-global-color-5)","background-image":"","background-repeat":"repeat","background-position":"center center","background-size":"auto","background-attachment":"scroll","background-type":"","background-media":"","overlay-type":"","overlay-color":"","overlay-opacity":"","overlay-gradient":""}}},"product_brand":[],"product_cat":[174,101],"product_tag":[],"class_list":{"0":"post-4002","1":"product","2":"type-product","3":"status-publish","4":"has-post-thumbnail","6":"product_cat-tui-dung-dung-cu","7":"product_cat-san-pham-khac","8":"desktop-align-left","9":"tablet-align-left","10":"mobile-align-left","12":"first","13":"instock","14":"featured","15":"shipping-taxable","16":"product-type-simple"},"yoast_head":"<!-- This site is optimized with the Yoast SEO plugin v27.4 - https:\/\/yoast.com\/product\/yoast-seo-wordpress\/ -->\n<title>T\u00fai \u0111\u1ee5ng d\u1ee5ng c\u1ee5 - C\u00f4ng Ty TNHH Trang Thi\u1ebft B\u1ecb K\u1ef9 Thu\u1eadt An Huy<\/title>\n<meta name=\"description\" content=\"T\u00fai \u0111\u1ee5ng d\u1ee5ng c\u1ee5\" \/>\n<meta name=\"robots\" content=\"index, follow, max-snippet:-1, max-image-preview:large, max-video-preview:-1\" \/>\n<link rel=\"canonical\" href=\"https:\/\/anhuysafety.com\/en\/product\/tui-dung-dung-cu\/\" \/>\n<meta property=\"og:locale\" content=\"en_US\" \/>\n<meta property=\"og:type\" content=\"article\" \/>\n<meta property=\"og:title\" content=\"T\u00fai \u0111\u1ee5ng d\u1ee5ng c\u1ee5 - C\u00f4ng Ty TNHH Trang Thi\u1ebft B\u1ecb K\u1ef9 Thu\u1eadt An Huy\" \/>\n<meta property=\"og:description\" content=\"T\u00fai \u0111\u1ee5ng d\u1ee5ng c\u1ee5\" \/>\n<meta property=\"og:url\" content=\"https:\/\/anhuysafety.com\/en\/product\/tui-dung-dung-cu\/\" \/>\n<meta property=\"og:site_name\" content=\"C\u00f4ng Ty TNHH Trang Thi\u1ebft B\u1ecb K\u1ef9 Thu\u1eadt An Huy\" \/>\n<meta property=\"article:modified_time\" content=\"2022-07-29T01:28:16+00:00\" \/>\n<meta property=\"og:image\" content=\"https:\/\/anhuysafety.com\/wp-content\/uploads\/2022\/07\/tui-dung-cu.png\" \/>\n\t<meta property=\"og:image:width\" content=\"243\" \/>\n\t<meta property=\"og:image:height\" content=\"204\" \/>\n\t<meta property=\"og:image:type\" content=\"image\/png\" \/>\n<meta name=\"twitter:card\" content=\"summary_large_image\" \/>\n<meta name=\"twitter:label1\" content=\"Est. reading time\" \/>\n\t<meta name=\"twitter:data1\" content=\"1 minute\" \/>\n<script type=\"application\/ld+json\" class=\"yoast-schema-graph\">{\"@context\":\"https:\\\/\\\/schema.org\",\"@graph\":[{\"@type\":\"WebPage\",\"@id\":\"https:\\\/\\\/anhuysafety.com\\\/san-pham\\\/tui-dung-dung-cu\\\/\",\"url\":\"https:\\\/\\\/anhuysafety.com\\\/san-pham\\\/tui-dung-dung-cu\\\/\",\"name\":\"T\u00fai \u0111\u1ee5ng d\u1ee5ng c\u1ee5 - C\u00f4ng Ty TNHH Trang Thi\u1ebft B\u1ecb K\u1ef9 Thu\u1eadt An Huy\",\"isPartOf\":{\"@id\":\"https:\\\/\\\/anhuysafety.com\\\/#website\"},\"primaryImageOfPage\":{\"@id\":\"https:\\\/\\\/anhuysafety.com\\\/san-pham\\\/tui-dung-dung-cu\\\/#primaryimage\"},\"image\":{\"@id\":\"https:\\\/\\\/anhuysafety.com\\\/san-pham\\\/tui-dung-dung-cu\\\/#primaryimage\"},\"thumbnailUrl\":\"https:\\\/\\\/anhuysafety.com\\\/wp-content\\\/uploads\\\/2022\\\/07\\\/tui-dung-cu.png\",\"datePublished\":\"2022-07-25T10:16:24+00:00\",\"dateModified\":\"2022-07-29T01:28:16+00:00\",\"description\":\"T\u00fai \u0111\u1ee5ng d\u1ee5ng c\u1ee5\",\"breadcrumb\":{\"@id\":\"https:\\\/\\\/anhuysafety.com\\\/san-pham\\\/tui-dung-dung-cu\\\/#breadcrumb\"},\"inLanguage\":\"en-US\",\"potentialAction\":[{\"@type\":\"ReadAction\",\"target\":[\"https:\\\/\\\/anhuysafety.com\\\/san-pham\\\/tui-dung-dung-cu\\\/\"]}]},{\"@type\":\"ImageObject\",\"inLanguage\":\"en-US\",\"@id\":\"https:\\\/\\\/anhuysafety.com\\\/san-pham\\\/tui-dung-dung-cu\\\/#primaryimage\",\"url\":\"https:\\\/\\\/anhuysafety.com\\\/wp-content\\\/uploads\\\/2022\\\/07\\\/tui-dung-cu.png\",\"contentUrl\":\"https:\\\/\\\/anhuysafety.com\\\/wp-content\\\/uploads\\\/2022\\\/07\\\/tui-dung-cu.png\",\"width\":243,\"height\":204,\"caption\":\"T\u00fai \u0111\u1ef1ng d\u1ee5ng c\u1ee5\"},{\"@type\":\"BreadcrumbList\",\"@id\":\"https:\\\/\\\/anhuysafety.com\\\/san-pham\\\/tui-dung-dung-cu\\\/#breadcrumb\",\"itemListElement\":[{\"@type\":\"ListItem\",\"position\":1,\"name\":\"Trang ch\u1ee7\",\"item\":\"https:\\\/\\\/anhuysafety.com\\\/\"},{\"@type\":\"ListItem\",\"position\":2,\"name\":\"S\u1ea3n ph\u1ea9m\",\"item\":\"http:\\\/\\\/anhuysafety.com\\\/en\\\/cua-hang\"},{\"@type\":\"ListItem\",\"position\":3,\"name\":\"T\u00fai \u0111\u1ee5ng d\u1ee5ng c\u1ee5\"}]},{\"@type\":\"WebSite\",\"@id\":\"https:\\\/\\\/anhuysafety.com\\\/#website\",\"url\":\"https:\\\/\\\/anhuysafety.com\\\/\",\"name\":\"C\u00f4ng Ty TNHH Trang Thi\u1ebft B\u1ecb K\u1ef9 Thu\u1eadt An Huy\",\"description\":\"\",\"publisher\":{\"@id\":\"https:\\\/\\\/anhuysafety.com\\\/#organization\"},\"potentialAction\":[{\"@type\":\"SearchAction\",\"target\":{\"@type\":\"EntryPoint\",\"urlTemplate\":\"https:\\\/\\\/anhuysafety.com\\\/?s={search_term_string}\"},\"query-input\":{\"@type\":\"PropertyValueSpecification\",\"valueRequired\":true,\"valueName\":\"search_term_string\"}}],\"inLanguage\":\"en-US\"},{\"@type\":\"Organization\",\"@id\":\"https:\\\/\\\/anhuysafety.com\\\/#organization\",\"name\":\"C\u00f4ng ty TNHH trang thi\u1ebft b\u1ecb k\u1ef9 thu\u1eadt An Huy\",\"url\":\"https:\\\/\\\/anhuysafety.com\\\/\",\"logo\":{\"@type\":\"ImageObject\",\"inLanguage\":\"en-US\",\"@id\":\"https:\\\/\\\/anhuysafety.com\\\/#\\\/schema\\\/logo\\\/image\\\/\",\"url\":\"https:\\\/\\\/anhuysafety.com\\\/wp-content\\\/uploads\\\/2022\\\/02\\\/cropped-cropped-cropped-LOGO_AN_HUY_SAFETY_chuan-removebg-preview-1.png\",\"contentUrl\":\"https:\\\/\\\/anhuysafety.com\\\/wp-content\\\/uploads\\\/2022\\\/02\\\/cropped-cropped-cropped-LOGO_AN_HUY_SAFETY_chuan-removebg-preview-1.png\",\"width\":357,\"height\":318,\"caption\":\"C\u00f4ng ty TNHH trang thi\u1ebft b\u1ecb k\u1ef9 thu\u1eadt An Huy\"},\"image\":{\"@id\":\"https:\\\/\\\/anhuysafety.com\\\/#\\\/schema\\\/logo\\\/image\\\/\"}}]}<\/script>\n<!-- \/ Yoast SEO plugin. -->","yoast_head_json":{"title":"T\u00fai \u0111\u1ee5ng d\u1ee5ng c\u1ee5 - C\u00f4ng Ty TNHH Trang Thi\u1ebft B\u1ecb K\u1ef9 Thu\u1eadt An Huy","description":"T\u00fai \u0111\u1ee5ng d\u1ee5ng c\u1ee5","robots":{"index":"index","follow":"follow","max-snippet":"max-snippet:-1","max-image-preview":"max-image-preview:large","max-video-preview":"max-video-preview:-1"},"canonical":"https:\/\/anhuysafety.com\/en\/product\/tui-dung-dung-cu\/","og_locale":"en_US","og_type":"article","og_title":"T\u00fai \u0111\u1ee5ng d\u1ee5ng c\u1ee5 - C\u00f4ng Ty TNHH Trang Thi\u1ebft B\u1ecb K\u1ef9 Thu\u1eadt An Huy","og_description":"T\u00fai \u0111\u1ee5ng d\u1ee5ng c\u1ee5","og_url":"https:\/\/anhuysafety.com\/en\/product\/tui-dung-dung-cu\/","og_site_name":"C\u00f4ng Ty TNHH Trang Thi\u1ebft B\u1ecb K\u1ef9 Thu\u1eadt An Huy","article_modified_time":"2022-07-29T01:28:16+00:00","og_image":[{"width":243,"height":204,"url":"https:\/\/anhuysafety.com\/wp-content\/uploads\/2022\/07\/tui-dung-cu.png","type":"image\/png"}],"twitter_card":"summary_large_image","twitter_misc":{"Est. reading time":"1 minute"},"schema":{"@context":"https:\/\/schema.org","@graph":[{"@type":"WebPage","@id":"https:\/\/anhuysafety.com\/san-pham\/tui-dung-dung-cu\/","url":"https:\/\/anhuysafety.com\/san-pham\/tui-dung-dung-cu\/","name":"T\u00fai \u0111\u1ee5ng d\u1ee5ng c\u1ee5 - C\u00f4ng Ty TNHH Trang Thi\u1ebft B\u1ecb K\u1ef9 Thu\u1eadt An Huy","isPartOf":{"@id":"https:\/\/anhuysafety.com\/#website"},"primaryImageOfPage":{"@id":"https:\/\/anhuysafety.com\/san-pham\/tui-dung-dung-cu\/#primaryimage"},"image":{"@id":"https:\/\/anhuysafety.com\/san-pham\/tui-dung-dung-cu\/#primaryimage"},"thumbnailUrl":"https:\/\/anhuysafety.com\/wp-content\/uploads\/2022\/07\/tui-dung-cu.png","datePublished":"2022-07-25T10:16:24+00:00","dateModified":"2022-07-29T01:28:16+00:00","description":"T\u00fai \u0111\u1ee5ng d\u1ee5ng c\u1ee5","breadcrumb":{"@id":"https:\/\/anhuysafety.com\/san-pham\/tui-dung-dung-cu\/#breadcrumb"},"inLanguage":"en-US","potentialAction":[{"@type":"ReadAction","target":["https:\/\/anhuysafety.com\/san-pham\/tui-dung-dung-cu\/"]}]},{"@type":"ImageObject","inLanguage":"en-US","@id":"https:\/\/anhuysafety.com\/san-pham\/tui-dung-dung-cu\/#primaryimage","url":"https:\/\/anhuysafety.com\/wp-content\/uploads\/2022\/07\/tui-dung-cu.png","contentUrl":"https:\/\/anhuysafety.com\/wp-content\/uploads\/2022\/07\/tui-dung-cu.png","width":243,"height":204,"caption":"T\u00fai \u0111\u1ef1ng d\u1ee5ng c\u1ee5"},{"@type":"BreadcrumbList","@id":"https:\/\/anhuysafety.com\/san-pham\/tui-dung-dung-cu\/#breadcrumb","itemListElement":[{"@type":"ListItem","position":1,"name":"Trang ch\u1ee7","item":"https:\/\/anhuysafety.com\/"},{"@type":"ListItem","position":2,"name":"S\u1ea3n ph\u1ea9m","item":"http:\/\/anhuysafety.com\/en\/cua-hang"},{"@type":"ListItem","position":3,"name":"T\u00fai \u0111\u1ee5ng d\u1ee5ng c\u1ee5"}]},{"@type":"WebSite","@id":"https:\/\/anhuysafety.com\/#website","url":"https:\/\/anhuysafety.com\/","name":"AN HUY TECHNICAL EQUIPMENT CO., LTD","description":"","publisher":{"@id":"https:\/\/anhuysafety.com\/#organization"},"potentialAction":[{"@type":"SearchAction","target":{"@type":"EntryPoint","urlTemplate":"https:\/\/anhuysafety.com\/?s={search_term_string}"},"query-input":{"@type":"PropertyValueSpecification","valueRequired":true,"valueName":"search_term_string"}}],"inLanguage":"en-US"},{"@type":"Organization","@id":"https:\/\/anhuysafety.com\/#organization","name":"C\u00f4ng ty TNHH trang thi\u1ebft b\u1ecb k\u1ef9 thu\u1eadt An Huy","url":"https:\/\/anhuysafety.com\/","logo":{"@type":"ImageObject","inLanguage":"en-US","@id":"https:\/\/anhuysafety.com\/#\/schema\/logo\/image\/","url":"https:\/\/anhuysafety.com\/wp-content\/uploads\/2022\/02\/cropped-cropped-cropped-LOGO_AN_HUY_SAFETY_chuan-removebg-preview-1.png","contentUrl":"https:\/\/anhuysafety.com\/wp-content\/uploads\/2022\/02\/cropped-cropped-cropped-LOGO_AN_HUY_SAFETY_chuan-removebg-preview-1.png","width":357,"height":318,"caption":"C\u00f4ng ty TNHH trang thi\u1ebft b\u1ecb k\u1ef9 thu\u1eadt An Huy"},"image":{"@id":"https:\/\/anhuysafety.com\/#\/schema\/logo\/image\/"}}]}},"_links":{"self":[{"href":"https:\/\/anhuysafety.com\/en\/wp-json\/wp\/v2\/product\/4002","targetHints":{"allow":["GET"]}}],"collection":[{"href":"https:\/\/anhuysafety.com\/en\/wp-json\/wp\/v2\/product"}],"about":[{"href":"https:\/\/anhuysafety.com\/en\/wp-json\/wp\/v2\/types\/product"}],"version-history":[{"count":3,"href":"https:\/\/anhuysafety.com\/en\/wp-json\/wp\/v2\/product\/4002\/revisions"}],"predecessor-version":[{"id":4029,"href":"https:\/\/anhuysafety.com\/en\/wp-json\/wp\/v2\/product\/4002\/revisions\/4029"}],"wp:featuredmedia":[{"embeddable":true,"href":"https:\/\/anhuysafety.com\/en\/wp-json\/wp\/v2\/media\/4003"}],"wp:attachment":[{"href":"https:\/\/anhuysafety.com\/en\/wp-json\/wp\/v2\/media?parent=4002"}],"wp:term":[{"taxonomy":"product_brand","embeddable":true,"href":"https:\/\/anhuysafety.com\/en\/wp-json\/wp\/v2\/product_brand?post=4002"},{"taxonomy":"product_cat","embeddable":true,"href":"https:\/\/anhuysafety.com\/en\/wp-json\/wp\/v2\/product_cat?post=4002"},{"taxonomy":"product_tag","embeddable":true,"href":"https:\/\/anhuysafety.com\/en\/wp-json\/wp\/v2\/product_tag?post=4002"}],"curies":[{"name":"wp","href":"https:\/\/api.w.org\/{rel}","templated":true}]}}