{"id":4037,"date":"2022-07-28T20:42:33","date_gmt":"2022-07-28T13:42:33","guid":{"rendered":"https:\/\/anhuysafety.com\/?post_type=product&#038;p=4037"},"modified":"2023-02-08T09:30:27","modified_gmt":"2023-02-08T02:30:27","slug":"bot-giat-surf","status":"publish","type":"product","link":"https:\/\/anhuysafety.com\/en\/product\/bot-giat-surf\/","title":{"rendered":"B\u1ed9t Gi\u1eb7t Surf"},"content":{"rendered":"<p>B\u1ed8T V\u1ec6 SINH \u0110A N\u0102NG CHUY\u00caN D\u1ee4NG SURF \u0110\u1eb6C T\u00cdNH N\u1ed4I B\u1eacT M\u1ed9t gi\u1ea3i ph\u00e1p \u0111a n\u0103ng v\u1ec7 sinh cho m\u1ecdi b\u1ec1 m\u1eb7t v\u1edbi h\u01b0\u01a1ng hoa nh\u1eb9 nh\u00e0ng<\/p>\n<p>L\u1ee2I \u00cdCH Hi\u1ec7u qu\u1ea3 v\u00e0 t\u1ed1i \u01b0u chi ph\u00ed v\u1edbi nhi\u1ec1u c\u00f4ng d\u1ee5ng: Gi\u1eb7t qu\u1ea7n \u00e1o Lau s\u00e0n V\u1ec7 sinh s\u00e0n v\u00e0 t\u01b0\u1eddng nh\u00e0 t\u1eafm, toilet<\/p>\n<p>\u0110I\u1ec2M NH\u1ea4N C\u00f4ng th\u1ee9c kh\u00f4ng Phosphate, an to\u00e0n cho m\u00f4i tr\u01b0\u1eddng v\u00e0 nh\u00e2n vi\u00ean s\u1eed d\u1ee5ng<\/p>\n<p><img fetchpriority=\"high\" decoding=\"async\" class=\"alignnone size-medium wp-image-4039\" src=\"https:\/\/anhuysafety.com\/wp-content\/uploads\/2022\/07\/ket-qua-2-212x300.png\" alt=\"K\u1ebft qu\u1ea3 th\u1eed nghi\u1ec7m\" width=\"212\" height=\"300\" srcset=\"https:\/\/anhuysafety.com\/wp-content\/uploads\/2022\/07\/ket-qua-2-212x300.png 212w, https:\/\/anhuysafety.com\/wp-content\/uploads\/2022\/07\/ket-qua-2-723x1024.png 723w, https:\/\/anhuysafety.com\/wp-content\/uploads\/2022\/07\/ket-qua-2-768x1088.png 768w, https:\/\/anhuysafety.com\/wp-content\/uploads\/2022\/07\/ket-qua-2-8x12.png 8w, https:\/\/anhuysafety.com\/wp-content\/uploads\/2022\/07\/ket-qua-2-600x850.png 600w, https:\/\/anhuysafety.com\/wp-content\/uploads\/2022\/07\/ket-qua-2.png 793w\" sizes=\"(max-width: 212px) 100vw, 212px\" \/> <img decoding=\"async\" class=\"alignnone size-medium wp-image-4040 lazyload\" data-src=\"https:\/\/anhuysafety.com\/wp-content\/uploads\/2022\/07\/ket-qua-3-212x300.png\" alt=\"K\u1ebft qu\u1ea3 th\u1eed nghi\u1ec7m\" width=\"212\" height=\"300\" data-srcset=\"https:\/\/anhuysafety.com\/wp-content\/uploads\/2022\/07\/ket-qua-3-212x300.png 212w, https:\/\/anhuysafety.com\/wp-content\/uploads\/2022\/07\/ket-qua-3-723x1024.png 723w, https:\/\/anhuysafety.com\/wp-content\/uploads\/2022\/07\/ket-qua-3-768x1088.png 768w, https:\/\/anhuysafety.com\/wp-content\/uploads\/2022\/07\/ket-qua-3-8x12.png 8w, https:\/\/anhuysafety.com\/wp-content\/uploads\/2022\/07\/ket-qua-3-600x850.png 600w, https:\/\/anhuysafety.com\/wp-content\/uploads\/2022\/07\/ket-qua-3.png 793w\" data-sizes=\"(max-width: 212px) 100vw, 212px\" src=\"data:image\/svg+xml;base64,PHN2ZyB3aWR0aD0iMSIgaGVpZ2h0PSIxIiB4bWxucz0iaHR0cDovL3d3dy53My5vcmcvMjAwMC9zdmciPjwvc3ZnPg==\" style=\"--smush-placeholder-width: 212px; --smush-placeholder-aspect-ratio: 212\/300;\" \/> <img decoding=\"async\" class=\"alignnone size-medium wp-image-4041 lazyload\" data-src=\"https:\/\/anhuysafety.com\/wp-content\/uploads\/2022\/07\/quyet-dinh-212x300.png\" alt=\"Quy\u1ebft \u0111\u1ecbnh\" width=\"212\" height=\"300\" data-srcset=\"https:\/\/anhuysafety.com\/wp-content\/uploads\/2022\/07\/quyet-dinh-212x300.png 212w, https:\/\/anhuysafety.com\/wp-content\/uploads\/2022\/07\/quyet-dinh-723x1024.png 723w, https:\/\/anhuysafety.com\/wp-content\/uploads\/2022\/07\/quyet-dinh-768x1088.png 768w, https:\/\/anhuysafety.com\/wp-content\/uploads\/2022\/07\/quyet-dinh-8x12.png 8w, https:\/\/anhuysafety.com\/wp-content\/uploads\/2022\/07\/quyet-dinh-600x850.png 600w, https:\/\/anhuysafety.com\/wp-content\/uploads\/2022\/07\/quyet-dinh.png 793w\" data-sizes=\"(max-width: 212px) 100vw, 212px\" src=\"data:image\/svg+xml;base64,PHN2ZyB3aWR0aD0iMSIgaGVpZ2h0PSIxIiB4bWxucz0iaHR0cDovL3d3dy53My5vcmcvMjAwMC9zdmciPjwvc3ZnPg==\" style=\"--smush-placeholder-width: 212px; --smush-placeholder-aspect-ratio: 212\/300;\" \/> <img decoding=\"async\" class=\"alignnone size-medium wp-image-4042 lazyload\" data-src=\"https:\/\/anhuysafety.com\/wp-content\/uploads\/2022\/07\/tieu-chuan-co-so-212x300.png\" alt=\"Ti\u1ec3u chu\u1ea9n c\u01a1 s\u1edf\" width=\"212\" height=\"300\" data-srcset=\"https:\/\/anhuysafety.com\/wp-content\/uploads\/2022\/07\/tieu-chuan-co-so-212x300.png 212w, https:\/\/anhuysafety.com\/wp-content\/uploads\/2022\/07\/tieu-chuan-co-so-723x1024.png 723w, https:\/\/anhuysafety.com\/wp-content\/uploads\/2022\/07\/tieu-chuan-co-so-768x1088.png 768w, https:\/\/anhuysafety.com\/wp-content\/uploads\/2022\/07\/tieu-chuan-co-so-8x12.png 8w, https:\/\/anhuysafety.com\/wp-content\/uploads\/2022\/07\/tieu-chuan-co-so-600x850.png 600w, https:\/\/anhuysafety.com\/wp-content\/uploads\/2022\/07\/tieu-chuan-co-so.png 793w\" data-sizes=\"(max-width: 212px) 100vw, 212px\" src=\"data:image\/svg+xml;base64,PHN2ZyB3aWR0aD0iMSIgaGVpZ2h0PSIxIiB4bWxucz0iaHR0cDovL3d3dy53My5vcmcvMjAwMC9zdmciPjwvc3ZnPg==\" style=\"--smush-placeholder-width: 212px; --smush-placeholder-aspect-ratio: 212\/300;\" \/> <img decoding=\"async\" class=\"alignnone size-medium wp-image-4043 lazyload\" data-src=\"https:\/\/anhuysafety.com\/wp-content\/uploads\/2022\/07\/tieu-chuan-co-so-1-212x300.png\" alt=\"Ti\u00eau chu\u1ea9n c\u01a1 s\u1edf\" width=\"212\" height=\"300\" data-srcset=\"https:\/\/anhuysafety.com\/wp-content\/uploads\/2022\/07\/tieu-chuan-co-so-1-212x300.png 212w, https:\/\/anhuysafety.com\/wp-content\/uploads\/2022\/07\/tieu-chuan-co-so-1-723x1024.png 723w, https:\/\/anhuysafety.com\/wp-content\/uploads\/2022\/07\/tieu-chuan-co-so-1-768x1088.png 768w, https:\/\/anhuysafety.com\/wp-content\/uploads\/2022\/07\/tieu-chuan-co-so-1-8x12.png 8w, https:\/\/anhuysafety.com\/wp-content\/uploads\/2022\/07\/tieu-chuan-co-so-1-600x850.png 600w, https:\/\/anhuysafety.com\/wp-content\/uploads\/2022\/07\/tieu-chuan-co-so-1.png 793w\" data-sizes=\"(max-width: 212px) 100vw, 212px\" src=\"data:image\/svg+xml;base64,PHN2ZyB3aWR0aD0iMSIgaGVpZ2h0PSIxIiB4bWxucz0iaHR0cDovL3d3dy53My5vcmcvMjAwMC9zdmciPjwvc3ZnPg==\" style=\"--smush-placeholder-width: 212px; --smush-placeholder-aspect-ratio: 212\/300;\" \/> <img decoding=\"async\" class=\"alignnone size-medium wp-image-4044 lazyload\" data-src=\"https:\/\/anhuysafety.com\/wp-content\/uploads\/2022\/07\/tieu-chuan-co-so-2-212x300.png\" alt=\"Ti\u00eau chu\u1ea9n c\u01a1 s\u1edf\" width=\"212\" height=\"300\" data-srcset=\"https:\/\/anhuysafety.com\/wp-content\/uploads\/2022\/07\/tieu-chuan-co-so-2-212x300.png 212w, https:\/\/anhuysafety.com\/wp-content\/uploads\/2022\/07\/tieu-chuan-co-so-2-723x1024.png 723w, https:\/\/anhuysafety.com\/wp-content\/uploads\/2022\/07\/tieu-chuan-co-so-2-768x1088.png 768w, https:\/\/anhuysafety.com\/wp-content\/uploads\/2022\/07\/tieu-chuan-co-so-2-8x12.png 8w, https:\/\/anhuysafety.com\/wp-content\/uploads\/2022\/07\/tieu-chuan-co-so-2-600x850.png 600w, https:\/\/anhuysafety.com\/wp-content\/uploads\/2022\/07\/tieu-chuan-co-so-2.png 793w\" data-sizes=\"(max-width: 212px) 100vw, 212px\" src=\"data:image\/svg+xml;base64,PHN2ZyB3aWR0aD0iMSIgaGVpZ2h0PSIxIiB4bWxucz0iaHR0cDovL3d3dy53My5vcmcvMjAwMC9zdmciPjwvc3ZnPg==\" style=\"--smush-placeholder-width: 212px; --smush-placeholder-aspect-ratio: 212\/300;\" \/><\/p>","protected":false},"excerpt":{"rendered":"<p>B\u1ed8T V\u1ec6 SINH \u0110A N\u0102NG CHUY\u00caN D\u1ee4NG SURF \u0110\u1eb6C T\u00cdNH N\u1ed4I B\u1eacT M\u1ed9t gi\u1ea3i ph\u00e1p \u0111a n\u0103ng v\u1ec7 sinh cho m\u1ecdi b\u1ec1 m\u1eb7t v\u1edbi h\u01b0\u01a1ng hoa nh\u1eb9 nh\u00e0ng L\u1ee2I \u00cdCH Hi\u1ec7u qu\u1ea3 v\u00e0 t\u1ed1i \u01b0u chi ph\u00ed v\u1edbi nhi\u1ec1u c\u00f4ng d\u1ee5ng: Gi\u1eb7t qu\u1ea7n \u00e1o Lau s\u00e0n V\u1ec7 sinh s\u00e0n v\u00e0 t\u01b0\u1eddng nh\u00e0 t\u1eafm, toilet \u0110I\u1ec2M [&hellip;]<\/p>\n","protected":false},"featured_media":4038,"template":"","meta":{"site-sidebar-layout":"default","site-content-layout":"default","ast-site-content-layout":"default","site-content-style":"default","site-sidebar-style":"default","ast-global-header-display":"","ast-banner-title-visibility":"","ast-main-header-display":"","ast-hfb-above-header-display":"","ast-hfb-below-header-display":"","ast-hfb-mobile-header-display":"","site-post-title":"","ast-breadcrumbs-content":"","ast-featured-img":"","footer-sml-layout":"","ast-disable-related-posts":"","theme-transparent-header-meta":"","adv-header-id-meta":"","stick-header-meta":"","header-above-stick-meta":"","header-main-stick-meta":"","header-below-stick-meta":"","astra-migrate-meta-layouts":"default","ast-page-background-enabled":"default","ast-page-background-meta":{"desktop":{"background-color":"","background-image":"","background-repeat":"repeat","background-position":"center center","background-size":"auto","background-attachment":"scroll","background-type":"","background-media":"","overlay-type":"","overlay-color":"","overlay-opacity":"","overlay-gradient":""},"tablet":{"background-color":"","background-image":"","background-repeat":"repeat","background-position":"center center","background-size":"auto","background-attachment":"scroll","background-type":"","background-media":"","overlay-type":"","overlay-color":"","overlay-opacity":"","overlay-gradient":""},"mobile":{"background-color":"","background-image":"","background-repeat":"repeat","background-position":"center center","background-size":"auto","background-attachment":"scroll","background-type":"","background-media":"","overlay-type":"","overlay-color":"","overlay-opacity":"","overlay-gradient":""}},"ast-content-background-meta":{"desktop":{"background-color":"var(--ast-global-color-5)","background-image":"","background-repeat":"repeat","background-position":"center center","background-size":"auto","background-attachment":"scroll","background-type":"","background-media":"","overlay-type":"","overlay-color":"","overlay-opacity":"","overlay-gradient":""},"tablet":{"background-color":"var(--ast-global-color-5)","background-image":"","background-repeat":"repeat","background-position":"center center","background-size":"auto","background-attachment":"scroll","background-type":"","background-media":"","overlay-type":"","overlay-color":"","overlay-opacity":"","overlay-gradient":""},"mobile":{"background-color":"var(--ast-global-color-5)","background-image":"","background-repeat":"repeat","background-position":"center center","background-size":"auto","background-attachment":"scroll","background-type":"","background-media":"","overlay-type":"","overlay-color":"","overlay-opacity":"","overlay-gradient":""}}},"product_brand":[],"product_cat":[106,101],"product_tag":[],"class_list":{"0":"post-4037","1":"product","2":"type-product","3":"status-publish","4":"has-post-thumbnail","6":"product_cat-loai-khac","7":"product_cat-san-pham-khac","8":"desktop-align-left","9":"tablet-align-left","10":"mobile-align-left","12":"first","13":"instock","14":"shipping-taxable","15":"product-type-simple"},"yoast_head":"<!-- This site is optimized with the Yoast SEO plugin v27.4 - https:\/\/yoast.com\/product\/yoast-seo-wordpress\/ -->\n<title>B\u1ed9t Gi\u1eb7t Surf - C\u00f4ng Ty TNHH Trang Thi\u1ebft B\u1ecb K\u1ef9 Thu\u1eadt An Huy<\/title>\n<meta name=\"description\" content=\"B\u1ed9t Gi\u1eb7t Surf\" \/>\n<meta name=\"robots\" content=\"index, follow, max-snippet:-1, max-image-preview:large, max-video-preview:-1\" \/>\n<link rel=\"canonical\" href=\"http:\/\/anhuysafety.com\/en\/product\/bot-giat-surf\/\" \/>\n<meta property=\"og:locale\" content=\"en_US\" \/>\n<meta property=\"og:type\" content=\"article\" \/>\n<meta property=\"og:title\" content=\"B\u1ed9t Gi\u1eb7t Surf - C\u00f4ng Ty TNHH Trang Thi\u1ebft B\u1ecb K\u1ef9 Thu\u1eadt An Huy\" \/>\n<meta property=\"og:description\" content=\"B\u1ed9t Gi\u1eb7t Surf\" \/>\n<meta property=\"og:url\" content=\"http:\/\/anhuysafety.com\/en\/product\/bot-giat-surf\/\" \/>\n<meta property=\"og:site_name\" content=\"C\u00f4ng Ty TNHH Trang Thi\u1ebft B\u1ecb K\u1ef9 Thu\u1eadt An Huy\" \/>\n<meta property=\"article:modified_time\" content=\"2023-02-08T02:30:27+00:00\" \/>\n<meta property=\"og:image\" content=\"https:\/\/anhuysafety.com\/wp-content\/uploads\/2022\/07\/bot-giat-surf.png\" \/>\n\t<meta property=\"og:image:width\" content=\"382\" \/>\n\t<meta property=\"og:image:height\" content=\"501\" \/>\n\t<meta property=\"og:image:type\" content=\"image\/png\" \/>\n<meta name=\"twitter:card\" content=\"summary_large_image\" \/>\n<meta name=\"twitter:label1\" content=\"Est. reading time\" \/>\n\t<meta name=\"twitter:data1\" content=\"1 minute\" \/>\n<script type=\"application\/ld+json\" class=\"yoast-schema-graph\">{\"@context\":\"https:\\\/\\\/schema.org\",\"@graph\":[{\"@type\":\"WebPage\",\"@id\":\"http:\\\/\\\/anhuysafety.com\\\/en\\\/product\\\/bot-giat-surf\\\/\",\"url\":\"http:\\\/\\\/anhuysafety.com\\\/en\\\/product\\\/bot-giat-surf\\\/\",\"name\":\"B\u1ed9t Gi\u1eb7t Surf - C\u00f4ng Ty TNHH Trang Thi\u1ebft B\u1ecb K\u1ef9 Thu\u1eadt An Huy\",\"isPartOf\":{\"@id\":\"https:\\\/\\\/anhuysafety.com\\\/#website\"},\"primaryImageOfPage\":{\"@id\":\"http:\\\/\\\/anhuysafety.com\\\/en\\\/product\\\/bot-giat-surf\\\/#primaryimage\"},\"image\":{\"@id\":\"http:\\\/\\\/anhuysafety.com\\\/en\\\/product\\\/bot-giat-surf\\\/#primaryimage\"},\"thumbnailUrl\":\"https:\\\/\\\/anhuysafety.com\\\/wp-content\\\/uploads\\\/2022\\\/07\\\/bot-giat-surf.png\",\"datePublished\":\"2022-07-28T13:42:33+00:00\",\"dateModified\":\"2023-02-08T02:30:27+00:00\",\"description\":\"B\u1ed9t Gi\u1eb7t Surf\",\"breadcrumb\":{\"@id\":\"http:\\\/\\\/anhuysafety.com\\\/en\\\/product\\\/bot-giat-surf\\\/#breadcrumb\"},\"inLanguage\":\"en-US\",\"potentialAction\":[{\"@type\":\"ReadAction\",\"target\":[\"http:\\\/\\\/anhuysafety.com\\\/en\\\/product\\\/bot-giat-surf\\\/\"]}]},{\"@type\":\"ImageObject\",\"inLanguage\":\"en-US\",\"@id\":\"http:\\\/\\\/anhuysafety.com\\\/en\\\/product\\\/bot-giat-surf\\\/#primaryimage\",\"url\":\"https:\\\/\\\/anhuysafety.com\\\/wp-content\\\/uploads\\\/2022\\\/07\\\/bot-giat-surf.png\",\"contentUrl\":\"https:\\\/\\\/anhuysafety.com\\\/wp-content\\\/uploads\\\/2022\\\/07\\\/bot-giat-surf.png\",\"width\":382,\"height\":501,\"caption\":\"B\u1ed9t gi\u1eb7t Surf\"},{\"@type\":\"BreadcrumbList\",\"@id\":\"http:\\\/\\\/anhuysafety.com\\\/en\\\/product\\\/bot-giat-surf\\\/#breadcrumb\",\"itemListElement\":[{\"@type\":\"ListItem\",\"position\":1,\"name\":\"Trang ch\u1ee7\",\"item\":\"https:\\\/\\\/anhuysafety.com\\\/\"},{\"@type\":\"ListItem\",\"position\":2,\"name\":\"S\u1ea3n ph\u1ea9m\",\"item\":\"http:\\\/\\\/anhuysafety.com\\\/en\\\/cua-hang\"},{\"@type\":\"ListItem\",\"position\":3,\"name\":\"B\u1ed9t Gi\u1eb7t Surf\"}]},{\"@type\":\"WebSite\",\"@id\":\"https:\\\/\\\/anhuysafety.com\\\/#website\",\"url\":\"https:\\\/\\\/anhuysafety.com\\\/\",\"name\":\"C\u00f4ng Ty TNHH Trang Thi\u1ebft B\u1ecb K\u1ef9 Thu\u1eadt An Huy\",\"description\":\"\",\"publisher\":{\"@id\":\"https:\\\/\\\/anhuysafety.com\\\/#organization\"},\"potentialAction\":[{\"@type\":\"SearchAction\",\"target\":{\"@type\":\"EntryPoint\",\"urlTemplate\":\"https:\\\/\\\/anhuysafety.com\\\/?s={search_term_string}\"},\"query-input\":{\"@type\":\"PropertyValueSpecification\",\"valueRequired\":true,\"valueName\":\"search_term_string\"}}],\"inLanguage\":\"en-US\"},{\"@type\":\"Organization\",\"@id\":\"https:\\\/\\\/anhuysafety.com\\\/#organization\",\"name\":\"C\u00f4ng ty TNHH trang thi\u1ebft b\u1ecb k\u1ef9 thu\u1eadt An Huy\",\"url\":\"https:\\\/\\\/anhuysafety.com\\\/\",\"logo\":{\"@type\":\"ImageObject\",\"inLanguage\":\"en-US\",\"@id\":\"https:\\\/\\\/anhuysafety.com\\\/#\\\/schema\\\/logo\\\/image\\\/\",\"url\":\"https:\\\/\\\/anhuysafety.com\\\/wp-content\\\/uploads\\\/2022\\\/02\\\/cropped-cropped-cropped-LOGO_AN_HUY_SAFETY_chuan-removebg-preview-1.png\",\"contentUrl\":\"https:\\\/\\\/anhuysafety.com\\\/wp-content\\\/uploads\\\/2022\\\/02\\\/cropped-cropped-cropped-LOGO_AN_HUY_SAFETY_chuan-removebg-preview-1.png\",\"width\":357,\"height\":318,\"caption\":\"C\u00f4ng ty TNHH trang thi\u1ebft b\u1ecb k\u1ef9 thu\u1eadt An Huy\"},\"image\":{\"@id\":\"https:\\\/\\\/anhuysafety.com\\\/#\\\/schema\\\/logo\\\/image\\\/\"}}]}<\/script>\n<!-- \/ Yoast SEO plugin. -->","yoast_head_json":{"title":"B\u1ed9t Gi\u1eb7t Surf - C\u00f4ng Ty TNHH Trang Thi\u1ebft B\u1ecb K\u1ef9 Thu\u1eadt An Huy","description":"B\u1ed9t Gi\u1eb7t Surf","robots":{"index":"index","follow":"follow","max-snippet":"max-snippet:-1","max-image-preview":"max-image-preview:large","max-video-preview":"max-video-preview:-1"},"canonical":"http:\/\/anhuysafety.com\/en\/product\/bot-giat-surf\/","og_locale":"en_US","og_type":"article","og_title":"B\u1ed9t Gi\u1eb7t Surf - C\u00f4ng Ty TNHH Trang Thi\u1ebft B\u1ecb K\u1ef9 Thu\u1eadt An Huy","og_description":"B\u1ed9t Gi\u1eb7t Surf","og_url":"http:\/\/anhuysafety.com\/en\/product\/bot-giat-surf\/","og_site_name":"C\u00f4ng Ty TNHH Trang Thi\u1ebft B\u1ecb K\u1ef9 Thu\u1eadt An Huy","article_modified_time":"2023-02-08T02:30:27+00:00","og_image":[{"width":382,"height":501,"url":"https:\/\/anhuysafety.com\/wp-content\/uploads\/2022\/07\/bot-giat-surf.png","type":"image\/png"}],"twitter_card":"summary_large_image","twitter_misc":{"Est. reading time":"1 minute"},"schema":{"@context":"https:\/\/schema.org","@graph":[{"@type":"WebPage","@id":"http:\/\/anhuysafety.com\/en\/product\/bot-giat-surf\/","url":"http:\/\/anhuysafety.com\/en\/product\/bot-giat-surf\/","name":"B\u1ed9t Gi\u1eb7t Surf - C\u00f4ng Ty TNHH Trang Thi\u1ebft B\u1ecb K\u1ef9 Thu\u1eadt An Huy","isPartOf":{"@id":"https:\/\/anhuysafety.com\/#website"},"primaryImageOfPage":{"@id":"http:\/\/anhuysafety.com\/en\/product\/bot-giat-surf\/#primaryimage"},"image":{"@id":"http:\/\/anhuysafety.com\/en\/product\/bot-giat-surf\/#primaryimage"},"thumbnailUrl":"https:\/\/anhuysafety.com\/wp-content\/uploads\/2022\/07\/bot-giat-surf.png","datePublished":"2022-07-28T13:42:33+00:00","dateModified":"2023-02-08T02:30:27+00:00","description":"B\u1ed9t Gi\u1eb7t Surf","breadcrumb":{"@id":"http:\/\/anhuysafety.com\/en\/product\/bot-giat-surf\/#breadcrumb"},"inLanguage":"en-US","potentialAction":[{"@type":"ReadAction","target":["http:\/\/anhuysafety.com\/en\/product\/bot-giat-surf\/"]}]},{"@type":"ImageObject","inLanguage":"en-US","@id":"http:\/\/anhuysafety.com\/en\/product\/bot-giat-surf\/#primaryimage","url":"https:\/\/anhuysafety.com\/wp-content\/uploads\/2022\/07\/bot-giat-surf.png","contentUrl":"https:\/\/anhuysafety.com\/wp-content\/uploads\/2022\/07\/bot-giat-surf.png","width":382,"height":501,"caption":"B\u1ed9t gi\u1eb7t Surf"},{"@type":"BreadcrumbList","@id":"http:\/\/anhuysafety.com\/en\/product\/bot-giat-surf\/#breadcrumb","itemListElement":[{"@type":"ListItem","position":1,"name":"Trang ch\u1ee7","item":"https:\/\/anhuysafety.com\/"},{"@type":"ListItem","position":2,"name":"S\u1ea3n ph\u1ea9m","item":"http:\/\/anhuysafety.com\/en\/cua-hang"},{"@type":"ListItem","position":3,"name":"B\u1ed9t Gi\u1eb7t Surf"}]},{"@type":"WebSite","@id":"https:\/\/anhuysafety.com\/#website","url":"https:\/\/anhuysafety.com\/","name":"AN HUY TECHNICAL EQUIPMENT CO., LTD","description":"","publisher":{"@id":"https:\/\/anhuysafety.com\/#organization"},"potentialAction":[{"@type":"SearchAction","target":{"@type":"EntryPoint","urlTemplate":"https:\/\/anhuysafety.com\/?s={search_term_string}"},"query-input":{"@type":"PropertyValueSpecification","valueRequired":true,"valueName":"search_term_string"}}],"inLanguage":"en-US"},{"@type":"Organization","@id":"https:\/\/anhuysafety.com\/#organization","name":"C\u00f4ng ty TNHH trang thi\u1ebft b\u1ecb k\u1ef9 thu\u1eadt An Huy","url":"https:\/\/anhuysafety.com\/","logo":{"@type":"ImageObject","inLanguage":"en-US","@id":"https:\/\/anhuysafety.com\/#\/schema\/logo\/image\/","url":"https:\/\/anhuysafety.com\/wp-content\/uploads\/2022\/02\/cropped-cropped-cropped-LOGO_AN_HUY_SAFETY_chuan-removebg-preview-1.png","contentUrl":"https:\/\/anhuysafety.com\/wp-content\/uploads\/2022\/02\/cropped-cropped-cropped-LOGO_AN_HUY_SAFETY_chuan-removebg-preview-1.png","width":357,"height":318,"caption":"C\u00f4ng ty TNHH trang thi\u1ebft b\u1ecb k\u1ef9 thu\u1eadt An Huy"},"image":{"@id":"https:\/\/anhuysafety.com\/#\/schema\/logo\/image\/"}}]}},"_links":{"self":[{"href":"https:\/\/anhuysafety.com\/en\/wp-json\/wp\/v2\/product\/4037","targetHints":{"allow":["GET"]}}],"collection":[{"href":"https:\/\/anhuysafety.com\/en\/wp-json\/wp\/v2\/product"}],"about":[{"href":"https:\/\/anhuysafety.com\/en\/wp-json\/wp\/v2\/types\/product"}],"version-history":[{"count":1,"href":"https:\/\/anhuysafety.com\/en\/wp-json\/wp\/v2\/product\/4037\/revisions"}],"predecessor-version":[{"id":4045,"href":"https:\/\/anhuysafety.com\/en\/wp-json\/wp\/v2\/product\/4037\/revisions\/4045"}],"wp:featuredmedia":[{"embeddable":true,"href":"https:\/\/anhuysafety.com\/en\/wp-json\/wp\/v2\/media\/4038"}],"wp:attachment":[{"href":"https:\/\/anhuysafety.com\/en\/wp-json\/wp\/v2\/media?parent=4037"}],"wp:term":[{"taxonomy":"product_brand","embeddable":true,"href":"https:\/\/anhuysafety.com\/en\/wp-json\/wp\/v2\/product_brand?post=4037"},{"taxonomy":"product_cat","embeddable":true,"href":"https:\/\/anhuysafety.com\/en\/wp-json\/wp\/v2\/product_cat?post=4037"},{"taxonomy":"product_tag","embeddable":true,"href":"https:\/\/anhuysafety.com\/en\/wp-json\/wp\/v2\/product_tag?post=4037"}],"curies":[{"name":"wp","href":"https:\/\/api.w.org\/{rel}","templated":true}]}}