{"id":4074,"date":"2022-08-21T17:07:26","date_gmt":"2022-08-21T10:07:26","guid":{"rendered":"https:\/\/anhuysafety.com\/?post_type=product&#038;p=4074"},"modified":"2022-08-21T17:07:26","modified_gmt":"2022-08-21T10:07:26","slug":"may-do-dien-tro-cach-dien-500v-kyoriitsu-3165","status":"publish","type":"product","link":"https:\/\/anhuysafety.com\/en\/product\/may-do-dien-tro-cach-dien-500v-kyoriitsu-3165\/","title":{"rendered":"M\u00e1y \u0111o \u0111i\u1ec7n tr\u1edf c\u00e1ch \u0111i\u1ec7n 500V Kyoriitsu 3165"},"content":{"rendered":"<table width=\"0\">\n<tbody>\n<tr>\n<td>\n<table width=\"0\">\n<tbody>\n<tr>\n<td width=\"224\"><span id=\"mtc-3626033798022\"><span class=\"text\">Xu\u1ea5t x\u1ee9 : Th\u00e1i Lan <\/span><\/span><\/p>\n<p><span id=\"mtc-3626033798022\"><span class=\"text\">Tr\u00ecnh tr\u1ea1ng : m\u00e1y m\u1edbi 100%<\/span><\/span><\/p>\n<table width=\"0\">\n<tbody>\n<tr>\n<td width=\"10\">\u2022<\/td>\n<td>500V\/1000M\u03a9(Model 3165)<\/td>\n<\/tr>\n<tr>\n<td width=\"10\">\u2022<\/td>\n<td>1000V\/2000M\u03a9 (Model 3166)<\/td>\n<\/tr>\n<tr>\n<td width=\"10\">\u2022<\/td>\n<td>Expanded megohm scale for easy reading.<\/td>\n<\/tr>\n<tr>\n<td width=\"10\">\u2022<\/td>\n<td>New robust housing case to prevent damage.<\/td>\n<\/tr>\n<tr>\n<td>\u2022<\/td>\n<td>AC voltmeter scale for easy reading.<\/td>\n<\/tr>\n<tr>\n<td>\u2022<\/td>\n<td>Neck strap for both hand\u2019s operation.<\/td>\n<\/tr>\n<\/tbody>\n<\/table>\n<\/td>\n<td width=\"288\"><\/td>\n<\/tr>\n<\/tbody>\n<\/table>\n<\/td>\n<\/tr>\n<tr>\n<td><\/td>\n<\/tr>\n<tr>\n<td>\n<table>\n<tbody>\n<tr>\n<td>\n<table width=\"0\">\n<tbody>\n<tr>\n<td>MODEL<\/td>\n<td width=\"37%\">3165<\/td>\n<td width=\"37%\">3166<\/td>\n<\/tr>\n<tr>\n<td colspan=\"3\">Insulation Resistance<\/td>\n<\/tr>\n<tr>\n<td>DC Test Voltage<\/td>\n<td>500V<\/td>\n<td>1000V<\/td>\n<\/tr>\n<tr>\n<td>Measuring Range<\/td>\n<td>1000M\u03a9<\/td>\n<td>2000M\u03a9<\/td>\n<\/tr>\n<tr>\n<td>Mid-Scale Value<\/td>\n<td>20M\u03a9<\/td>\n<td>50M\u03a9<\/td>\n<\/tr>\n<tr>\n<td rowspan=\"2\">First Effective<br \/>\nMeasuring Range<br \/>\nAccuracy<\/td>\n<td>1~500M\u03a9<\/td>\n<td>2~1000M\u03a9<\/td>\n<\/tr>\n<tr>\n<td colspan=\"2\">|\u00b15% rdg<\/td>\n<\/tr>\n<tr>\n<td rowspan=\"2\">Second Effective<br \/>\nMeasuring Range<br \/>\nAccuracy<\/td>\n<td>0.5\/1000M\u03a9<\/td>\n<td>1\/2000M\u03a9<\/td>\n<\/tr>\n<tr>\n<td colspan=\"2\">|\u00b110% rdg<\/td>\n<\/tr>\n<tr>\n<td>AC Voltage<\/td>\n<td colspan=\"2\">600V<\/td>\n<\/tr>\n<tr>\n<td>Accuracy<\/td>\n<td colspan=\"2\">|\u00b13% of full scale value<\/td>\n<\/tr>\n<tr>\n<td>Withstand Voltage<\/td>\n<td colspan=\"2\">3700V AC for 1 minute<\/td>\n<\/tr>\n<tr>\n<td>Power Source<\/td>\n<td colspan=\"2\">R6P (AA) (1.5V) \u00d7 4<\/td>\n<\/tr>\n<tr>\n<td>Dimensions<\/td>\n<td colspan=\"2\">90(L) \u00d7 137(W) \u00d7 40(D)mm<\/td>\n<\/tr>\n<tr>\n<td>Weight<\/td>\n<td colspan=\"2\">330g approx.<\/td>\n<\/tr>\n<tr>\n<td>Accessories<\/td>\n<td colspan=\"2\"><a href=\"http:\/\/www.kew-ltd.co.jp\/en\/products\/measurement\/index.html#7025\">7025<\/a> (Test leads)<br \/>\n9067 (Pouch for test lead)<br \/>\nNeck Strap<br \/>\nR6P (AA) \u00d7 4<br \/>\nInstruction Manual<\/td>\n<\/tr>\n<\/tbody>\n<\/table>\n<\/td>\n<\/tr>\n<\/tbody>\n<\/table>\n<\/td>\n<\/tr>\n<\/tbody>\n<\/table>","protected":false},"excerpt":{"rendered":"<p>Xu\u1ea5t x\u1ee9 : Th\u00e1i Lan Tr\u00ecnh tr\u1ea1ng : m\u00e1y m\u1edbi 100% \u2022 500V\/1000M\u03a9(Model 3165) \u2022 1000V\/2000M\u03a9 (Model 3166) \u2022 Expanded megohm scale for easy reading. \u2022 New robust housing case to prevent damage. \u2022 AC voltmeter scale for easy reading. \u2022 Neck strap for both hand\u2019s operation. MODEL 3165 3166 Insulation Resistance DC Test Voltage [&hellip;]<\/p>\n","protected":false},"featured_media":4075,"template":"","meta":{"site-sidebar-layout":"default","site-content-layout":"default","ast-site-content-layout":"default","site-content-style":"default","site-sidebar-style":"default","ast-global-header-display":"","ast-banner-title-visibility":"","ast-main-header-display":"","ast-hfb-above-header-display":"","ast-hfb-below-header-display":"","ast-hfb-mobile-header-display":"","site-post-title":"","ast-breadcrumbs-content":"","ast-featured-img":"","footer-sml-layout":"","ast-disable-related-posts":"","theme-transparent-header-meta":"","adv-header-id-meta":"","stick-header-meta":"","header-above-stick-meta":"","header-main-stick-meta":"","header-below-stick-meta":"","astra-migrate-meta-layouts":"default","ast-page-background-enabled":"default","ast-page-background-meta":{"desktop":{"background-color":"","background-image":"","background-repeat":"repeat","background-position":"center center","background-size":"auto","background-attachment":"scroll","background-type":"","background-media":"","overlay-type":"","overlay-color":"","overlay-opacity":"","overlay-gradient":""},"tablet":{"background-color":"","background-image":"","background-repeat":"repeat","background-position":"center center","background-size":"auto","background-attachment":"scroll","background-type":"","background-media":"","overlay-type":"","overlay-color":"","overlay-opacity":"","overlay-gradient":""},"mobile":{"background-color":"","background-image":"","background-repeat":"repeat","background-position":"center center","background-size":"auto","background-attachment":"scroll","background-type":"","background-media":"","overlay-type":"","overlay-color":"","overlay-opacity":"","overlay-gradient":""}},"ast-content-background-meta":{"desktop":{"background-color":"var(--ast-global-color-5)","background-image":"","background-repeat":"repeat","background-position":"center center","background-size":"auto","background-attachment":"scroll","background-type":"","background-media":"","overlay-type":"","overlay-color":"","overlay-opacity":"","overlay-gradient":""},"tablet":{"background-color":"var(--ast-global-color-5)","background-image":"","background-repeat":"repeat","background-position":"center center","background-size":"auto","background-attachment":"scroll","background-type":"","background-media":"","overlay-type":"","overlay-color":"","overlay-opacity":"","overlay-gradient":""},"mobile":{"background-color":"var(--ast-global-color-5)","background-image":"","background-repeat":"repeat","background-position":"center center","background-size":"auto","background-attachment":"scroll","background-type":"","background-media":"","overlay-type":"","overlay-color":"","overlay-opacity":"","overlay-gradient":""}}},"product_brand":[],"product_cat":[98,96],"product_tag":[],"class_list":{"0":"post-4074","1":"product","2":"type-product","3":"status-publish","4":"has-post-thumbnail","6":"product_cat-dung-cu-do-luong","7":"product_cat-dung-cu-do-kiem-tra","8":"desktop-align-left","9":"tablet-align-left","10":"mobile-align-left","12":"first","13":"instock","14":"shipping-taxable","15":"product-type-simple"},"yoast_head":"<!-- This site is optimized with the Yoast SEO plugin v27.6 - https:\/\/yoast.com\/product\/yoast-seo-wordpress\/ -->\n<title>M\u00e1y \u0111o \u0111i\u1ec7n tr\u1edf c\u00e1ch \u0111i\u1ec7n 500V Kyoriitsu 3165 - C\u00f4ng Ty TNHH Trang Thi\u1ebft B\u1ecb K\u1ef9 Thu\u1eadt An Huy<\/title>\n<meta name=\"description\" content=\"M\u00e1y \u0111o \u0111i\u1ec7n tr\u1edf c\u00e1ch \u0111i\u1ec7n 500V Kyoriitsu 3165\" \/>\n<meta name=\"robots\" content=\"index, follow, max-snippet:-1, max-image-preview:large, max-video-preview:-1\" \/>\n<link rel=\"canonical\" href=\"http:\/\/anhuysafety.com\/en\/product\/may-do-dien-tro-cach-dien-500v-kyoriitsu-3165\/\" \/>\n<meta property=\"og:locale\" content=\"en_US\" \/>\n<meta property=\"og:type\" content=\"article\" \/>\n<meta property=\"og:title\" content=\"M\u00e1y \u0111o \u0111i\u1ec7n tr\u1edf c\u00e1ch \u0111i\u1ec7n 500V Kyoriitsu 3165 - C\u00f4ng Ty TNHH Trang Thi\u1ebft B\u1ecb K\u1ef9 Thu\u1eadt An Huy\" \/>\n<meta property=\"og:description\" content=\"M\u00e1y \u0111o \u0111i\u1ec7n tr\u1edf c\u00e1ch \u0111i\u1ec7n 500V Kyoriitsu 3165\" \/>\n<meta property=\"og:url\" content=\"http:\/\/anhuysafety.com\/en\/product\/may-do-dien-tro-cach-dien-500v-kyoriitsu-3165\/\" \/>\n<meta property=\"og:site_name\" content=\"C\u00f4ng Ty TNHH Trang Thi\u1ebft B\u1ecb K\u1ef9 Thu\u1eadt An Huy\" \/>\n<meta property=\"og:image\" content=\"https:\/\/anhuysafety.com\/wp-content\/uploads\/2022\/08\/500V.jpg\" \/>\n\t<meta property=\"og:image:width\" content=\"270\" \/>\n\t<meta property=\"og:image:height\" content=\"250\" \/>\n\t<meta property=\"og:image:type\" content=\"image\/jpeg\" \/>\n<meta name=\"twitter:card\" content=\"summary_large_image\" \/>\n<meta name=\"twitter:label1\" content=\"Est. reading time\" \/>\n\t<meta name=\"twitter:data1\" content=\"1 minute\" \/>\n<script type=\"application\/ld+json\" class=\"yoast-schema-graph\">{\"@context\":\"https:\\\/\\\/schema.org\",\"@graph\":[{\"@type\":\"WebPage\",\"@id\":\"http:\\\/\\\/anhuysafety.com\\\/en\\\/product\\\/may-do-dien-tro-cach-dien-500v-kyoriitsu-3165\\\/\",\"url\":\"http:\\\/\\\/anhuysafety.com\\\/en\\\/product\\\/may-do-dien-tro-cach-dien-500v-kyoriitsu-3165\\\/\",\"name\":\"M\u00e1y \u0111o \u0111i\u1ec7n tr\u1edf c\u00e1ch \u0111i\u1ec7n 500V Kyoriitsu 3165 - C\u00f4ng Ty TNHH Trang Thi\u1ebft B\u1ecb K\u1ef9 Thu\u1eadt An Huy\",\"isPartOf\":{\"@id\":\"https:\\\/\\\/anhuysafety.com\\\/#website\"},\"primaryImageOfPage\":{\"@id\":\"http:\\\/\\\/anhuysafety.com\\\/en\\\/product\\\/may-do-dien-tro-cach-dien-500v-kyoriitsu-3165\\\/#primaryimage\"},\"image\":{\"@id\":\"http:\\\/\\\/anhuysafety.com\\\/en\\\/product\\\/may-do-dien-tro-cach-dien-500v-kyoriitsu-3165\\\/#primaryimage\"},\"thumbnailUrl\":\"https:\\\/\\\/anhuysafety.com\\\/wp-content\\\/uploads\\\/2022\\\/08\\\/500V.jpg\",\"datePublished\":\"2022-08-21T10:07:26+00:00\",\"description\":\"M\u00e1y \u0111o \u0111i\u1ec7n tr\u1edf c\u00e1ch \u0111i\u1ec7n 500V Kyoriitsu 3165\",\"breadcrumb\":{\"@id\":\"http:\\\/\\\/anhuysafety.com\\\/en\\\/product\\\/may-do-dien-tro-cach-dien-500v-kyoriitsu-3165\\\/#breadcrumb\"},\"inLanguage\":\"en-US\",\"potentialAction\":[{\"@type\":\"ReadAction\",\"target\":[\"http:\\\/\\\/anhuysafety.com\\\/en\\\/product\\\/may-do-dien-tro-cach-dien-500v-kyoriitsu-3165\\\/\"]}]},{\"@type\":\"ImageObject\",\"inLanguage\":\"en-US\",\"@id\":\"http:\\\/\\\/anhuysafety.com\\\/en\\\/product\\\/may-do-dien-tro-cach-dien-500v-kyoriitsu-3165\\\/#primaryimage\",\"url\":\"https:\\\/\\\/anhuysafety.com\\\/wp-content\\\/uploads\\\/2022\\\/08\\\/500V.jpg\",\"contentUrl\":\"https:\\\/\\\/anhuysafety.com\\\/wp-content\\\/uploads\\\/2022\\\/08\\\/500V.jpg\",\"width\":270,\"height\":250,\"caption\":\"M\u00e1y \u0111o \u0111i\u1ec7n tr\u1edf c\u00e1ch \u0111i\u1ec7n 500V\"},{\"@type\":\"BreadcrumbList\",\"@id\":\"http:\\\/\\\/anhuysafety.com\\\/en\\\/product\\\/may-do-dien-tro-cach-dien-500v-kyoriitsu-3165\\\/#breadcrumb\",\"itemListElement\":[{\"@type\":\"ListItem\",\"position\":1,\"name\":\"Trang ch\u1ee7\",\"item\":\"https:\\\/\\\/anhuysafety.com\\\/\"},{\"@type\":\"ListItem\",\"position\":2,\"name\":\"S\u1ea3n ph\u1ea9m\",\"item\":\"http:\\\/\\\/anhuysafety.com\\\/en\\\/cua-hang\"},{\"@type\":\"ListItem\",\"position\":3,\"name\":\"M\u00e1y \u0111o \u0111i\u1ec7n tr\u1edf c\u00e1ch \u0111i\u1ec7n 500V Kyoriitsu 3165\"}]},{\"@type\":\"WebSite\",\"@id\":\"https:\\\/\\\/anhuysafety.com\\\/#website\",\"url\":\"https:\\\/\\\/anhuysafety.com\\\/\",\"name\":\"C\u00f4ng Ty TNHH Trang Thi\u1ebft B\u1ecb K\u1ef9 Thu\u1eadt An Huy\",\"description\":\"\",\"publisher\":{\"@id\":\"https:\\\/\\\/anhuysafety.com\\\/#organization\"},\"potentialAction\":[{\"@type\":\"SearchAction\",\"target\":{\"@type\":\"EntryPoint\",\"urlTemplate\":\"https:\\\/\\\/anhuysafety.com\\\/?s={search_term_string}\"},\"query-input\":{\"@type\":\"PropertyValueSpecification\",\"valueRequired\":true,\"valueName\":\"search_term_string\"}}],\"inLanguage\":\"en-US\"},{\"@type\":\"Organization\",\"@id\":\"https:\\\/\\\/anhuysafety.com\\\/#organization\",\"name\":\"C\u00f4ng ty TNHH trang thi\u1ebft b\u1ecb k\u1ef9 thu\u1eadt An Huy\",\"url\":\"https:\\\/\\\/anhuysafety.com\\\/\",\"logo\":{\"@type\":\"ImageObject\",\"inLanguage\":\"en-US\",\"@id\":\"https:\\\/\\\/anhuysafety.com\\\/#\\\/schema\\\/logo\\\/image\\\/\",\"url\":\"https:\\\/\\\/anhuysafety.com\\\/wp-content\\\/uploads\\\/2022\\\/02\\\/cropped-cropped-cropped-LOGO_AN_HUY_SAFETY_chuan-removebg-preview-1.png\",\"contentUrl\":\"https:\\\/\\\/anhuysafety.com\\\/wp-content\\\/uploads\\\/2022\\\/02\\\/cropped-cropped-cropped-LOGO_AN_HUY_SAFETY_chuan-removebg-preview-1.png\",\"width\":357,\"height\":318,\"caption\":\"C\u00f4ng ty TNHH trang thi\u1ebft b\u1ecb k\u1ef9 thu\u1eadt An Huy\"},\"image\":{\"@id\":\"https:\\\/\\\/anhuysafety.com\\\/#\\\/schema\\\/logo\\\/image\\\/\"}}]}<\/script>\n<!-- \/ Yoast SEO plugin. -->","yoast_head_json":{"title":"M\u00e1y \u0111o \u0111i\u1ec7n tr\u1edf c\u00e1ch \u0111i\u1ec7n 500V Kyoriitsu 3165 - C\u00f4ng Ty TNHH Trang Thi\u1ebft B\u1ecb K\u1ef9 Thu\u1eadt An Huy","description":"M\u00e1y \u0111o \u0111i\u1ec7n tr\u1edf c\u00e1ch \u0111i\u1ec7n 500V Kyoriitsu 3165","robots":{"index":"index","follow":"follow","max-snippet":"max-snippet:-1","max-image-preview":"max-image-preview:large","max-video-preview":"max-video-preview:-1"},"canonical":"http:\/\/anhuysafety.com\/en\/product\/may-do-dien-tro-cach-dien-500v-kyoriitsu-3165\/","og_locale":"en_US","og_type":"article","og_title":"M\u00e1y \u0111o \u0111i\u1ec7n tr\u1edf c\u00e1ch \u0111i\u1ec7n 500V Kyoriitsu 3165 - C\u00f4ng Ty TNHH Trang Thi\u1ebft B\u1ecb K\u1ef9 Thu\u1eadt An Huy","og_description":"M\u00e1y \u0111o \u0111i\u1ec7n tr\u1edf c\u00e1ch \u0111i\u1ec7n 500V Kyoriitsu 3165","og_url":"http:\/\/anhuysafety.com\/en\/product\/may-do-dien-tro-cach-dien-500v-kyoriitsu-3165\/","og_site_name":"C\u00f4ng Ty TNHH Trang Thi\u1ebft B\u1ecb K\u1ef9 Thu\u1eadt An Huy","og_image":[{"width":270,"height":250,"url":"https:\/\/anhuysafety.com\/wp-content\/uploads\/2022\/08\/500V.jpg","type":"image\/jpeg"}],"twitter_card":"summary_large_image","twitter_misc":{"Est. reading time":"1 minute"},"schema":{"@context":"https:\/\/schema.org","@graph":[{"@type":"WebPage","@id":"http:\/\/anhuysafety.com\/en\/product\/may-do-dien-tro-cach-dien-500v-kyoriitsu-3165\/","url":"http:\/\/anhuysafety.com\/en\/product\/may-do-dien-tro-cach-dien-500v-kyoriitsu-3165\/","name":"M\u00e1y \u0111o \u0111i\u1ec7n tr\u1edf c\u00e1ch \u0111i\u1ec7n 500V Kyoriitsu 3165 - C\u00f4ng Ty TNHH Trang Thi\u1ebft B\u1ecb K\u1ef9 Thu\u1eadt An Huy","isPartOf":{"@id":"https:\/\/anhuysafety.com\/#website"},"primaryImageOfPage":{"@id":"http:\/\/anhuysafety.com\/en\/product\/may-do-dien-tro-cach-dien-500v-kyoriitsu-3165\/#primaryimage"},"image":{"@id":"http:\/\/anhuysafety.com\/en\/product\/may-do-dien-tro-cach-dien-500v-kyoriitsu-3165\/#primaryimage"},"thumbnailUrl":"https:\/\/anhuysafety.com\/wp-content\/uploads\/2022\/08\/500V.jpg","datePublished":"2022-08-21T10:07:26+00:00","description":"M\u00e1y \u0111o \u0111i\u1ec7n tr\u1edf c\u00e1ch \u0111i\u1ec7n 500V Kyoriitsu 3165","breadcrumb":{"@id":"http:\/\/anhuysafety.com\/en\/product\/may-do-dien-tro-cach-dien-500v-kyoriitsu-3165\/#breadcrumb"},"inLanguage":"en-US","potentialAction":[{"@type":"ReadAction","target":["http:\/\/anhuysafety.com\/en\/product\/may-do-dien-tro-cach-dien-500v-kyoriitsu-3165\/"]}]},{"@type":"ImageObject","inLanguage":"en-US","@id":"http:\/\/anhuysafety.com\/en\/product\/may-do-dien-tro-cach-dien-500v-kyoriitsu-3165\/#primaryimage","url":"https:\/\/anhuysafety.com\/wp-content\/uploads\/2022\/08\/500V.jpg","contentUrl":"https:\/\/anhuysafety.com\/wp-content\/uploads\/2022\/08\/500V.jpg","width":270,"height":250,"caption":"M\u00e1y \u0111o \u0111i\u1ec7n tr\u1edf c\u00e1ch \u0111i\u1ec7n 500V"},{"@type":"BreadcrumbList","@id":"http:\/\/anhuysafety.com\/en\/product\/may-do-dien-tro-cach-dien-500v-kyoriitsu-3165\/#breadcrumb","itemListElement":[{"@type":"ListItem","position":1,"name":"Trang ch\u1ee7","item":"https:\/\/anhuysafety.com\/"},{"@type":"ListItem","position":2,"name":"S\u1ea3n ph\u1ea9m","item":"http:\/\/anhuysafety.com\/en\/cua-hang"},{"@type":"ListItem","position":3,"name":"M\u00e1y \u0111o \u0111i\u1ec7n tr\u1edf c\u00e1ch \u0111i\u1ec7n 500V Kyoriitsu 3165"}]},{"@type":"WebSite","@id":"https:\/\/anhuysafety.com\/#website","url":"https:\/\/anhuysafety.com\/","name":"AN HUY TECHNICAL EQUIPMENT CO., LTD","description":"","publisher":{"@id":"https:\/\/anhuysafety.com\/#organization"},"potentialAction":[{"@type":"SearchAction","target":{"@type":"EntryPoint","urlTemplate":"https:\/\/anhuysafety.com\/?s={search_term_string}"},"query-input":{"@type":"PropertyValueSpecification","valueRequired":true,"valueName":"search_term_string"}}],"inLanguage":"en-US"},{"@type":"Organization","@id":"https:\/\/anhuysafety.com\/#organization","name":"C\u00f4ng ty TNHH trang thi\u1ebft b\u1ecb k\u1ef9 thu\u1eadt An Huy","url":"https:\/\/anhuysafety.com\/","logo":{"@type":"ImageObject","inLanguage":"en-US","@id":"https:\/\/anhuysafety.com\/#\/schema\/logo\/image\/","url":"https:\/\/anhuysafety.com\/wp-content\/uploads\/2022\/02\/cropped-cropped-cropped-LOGO_AN_HUY_SAFETY_chuan-removebg-preview-1.png","contentUrl":"https:\/\/anhuysafety.com\/wp-content\/uploads\/2022\/02\/cropped-cropped-cropped-LOGO_AN_HUY_SAFETY_chuan-removebg-preview-1.png","width":357,"height":318,"caption":"C\u00f4ng ty TNHH trang thi\u1ebft b\u1ecb k\u1ef9 thu\u1eadt An Huy"},"image":{"@id":"https:\/\/anhuysafety.com\/#\/schema\/logo\/image\/"}}]}},"_links":{"self":[{"href":"https:\/\/anhuysafety.com\/en\/wp-json\/wp\/v2\/product\/4074","targetHints":{"allow":["GET"]}}],"collection":[{"href":"https:\/\/anhuysafety.com\/en\/wp-json\/wp\/v2\/product"}],"about":[{"href":"https:\/\/anhuysafety.com\/en\/wp-json\/wp\/v2\/types\/product"}],"version-history":[{"count":2,"href":"https:\/\/anhuysafety.com\/en\/wp-json\/wp\/v2\/product\/4074\/revisions"}],"predecessor-version":[{"id":4077,"href":"https:\/\/anhuysafety.com\/en\/wp-json\/wp\/v2\/product\/4074\/revisions\/4077"}],"wp:featuredmedia":[{"embeddable":true,"href":"https:\/\/anhuysafety.com\/en\/wp-json\/wp\/v2\/media\/4075"}],"wp:attachment":[{"href":"https:\/\/anhuysafety.com\/en\/wp-json\/wp\/v2\/media?parent=4074"}],"wp:term":[{"taxonomy":"product_brand","embeddable":true,"href":"https:\/\/anhuysafety.com\/en\/wp-json\/wp\/v2\/product_brand?post=4074"},{"taxonomy":"product_cat","embeddable":true,"href":"https:\/\/anhuysafety.com\/en\/wp-json\/wp\/v2\/product_cat?post=4074"},{"taxonomy":"product_tag","embeddable":true,"href":"https:\/\/anhuysafety.com\/en\/wp-json\/wp\/v2\/product_tag?post=4074"}],"curies":[{"name":"wp","href":"https:\/\/api.w.org\/{rel}","templated":true}]}}