{"id":4090,"date":"2023-02-08T08:39:07","date_gmt":"2023-02-08T01:39:07","guid":{"rendered":"https:\/\/anhuysafety.com\/?post_type=product&#038;p=4090"},"modified":"2023-02-09T15:54:44","modified_gmt":"2023-02-09T08:54:44","slug":"cam-bien-kep-do-ac-hioki-9290-10","status":"publish","type":"product","link":"https:\/\/anhuysafety.com\/en\/product\/cam-bien-kep-do-ac-hioki-9290-10\/","title":{"rendered":"C\u1ea3m Bi\u1ebfn K\u1eb9p \u0110o AC Hioki 9290-10"},"content":{"rendered":"<p><img fetchpriority=\"high\" decoding=\"async\" class=\"alignnone  wp-image-4091\" src=\"https:\/\/anhuysafety.com\/wp-content\/uploads\/2023\/02\/ac-hioki-300x95.png\" alt=\"\" width=\"515\" height=\"163\" srcset=\"https:\/\/anhuysafety.com\/wp-content\/uploads\/2023\/02\/ac-hioki-300x95.png 300w, https:\/\/anhuysafety.com\/wp-content\/uploads\/2023\/02\/ac-hioki-768x242.png 768w, https:\/\/anhuysafety.com\/wp-content\/uploads\/2023\/02\/ac-hioki-18x6.png 18w, https:\/\/anhuysafety.com\/wp-content\/uploads\/2023\/02\/ac-hioki-600x189.png 600w, https:\/\/anhuysafety.com\/wp-content\/uploads\/2023\/02\/ac-hioki.png 910w\" sizes=\"(max-width: 515px) 100vw, 515px\" \/><\/p>\n<p><strong>Th\u00f4ng S\u1ed1 K\u1ef9 Thu\u1eadt<\/strong>\u00a0<a href=\"http:\/\/hiokivietnam.vn\/ampe-kim-ac\/\"><strong>C\u1ea3m Bi\u1ebfn K\u1eb9p \u0110o AC<\/strong><strong>\u00a0<\/strong><\/a><\/p>\n<table width=\"0\">\n<tbody>\n<tr>\n<td><strong>X\u1ebfp h\u1ea1ng hi\u1ec7n t\u1ea1i ch\u00ednh<\/strong><\/td>\n<td width=\"396\">AC 1000 A ti\u1ebfp t\u1ee5c (t\u1ed1i \u0111a 1500 M\u1ed9t trong 5 ph\u00fat ho\u1eb7c ng\u1eafn h\u01a1n)<\/td>\n<\/tr>\n<tr>\n<td><strong>D\u00f2ng \u0111\u1ecbnh m\u1ee9c th\u1ee9 c\u1ea5p<\/strong><\/td>\n<td width=\"396\">AC 100 A (10: 1 CT t\u1ef7 l\u1ec7)<\/td>\n<\/tr>\n<tr>\n<td><strong>\u0111\u1ed9 ch\u00ednh x\u00e1c bi\u00ean \u0111\u1ed9<\/strong><\/td>\n<td width=\"396\">\u00b1 1,5% RDG.<\/td>\n<\/tr>\n<tr>\n<td><strong>\u0111\u1ed9 ch\u00ednh x\u00e1c giai \u0111o\u1ea1n<\/strong><\/td>\n<td width=\"396\">\u00b1 1.0 \u00b0 ho\u1eb7c \u00edt h\u01a1n<\/td>\n<\/tr>\n<tr>\n<td><strong>\u0111\u1eb7c t\u00ednh t\u1ea7n s\u1ed1<\/strong><\/td>\n<td width=\"396\">Bi\u00ean \u0111\u1ed9: 20 Hz \u0111\u1ebfn 5 kHz: \u00b1 2.0% RDG.\u00a0(\u0111\u1ed9 l\u1ec7ch t\u1eeb ch\u00ednh x\u00e1c)<br \/>\nGiai \u0111o\u1ea1n: 20 Hz \u0111\u1ebfn 5 kHz: \u00b1 1.0 \u00b0 ho\u1eb7c \u00edt h\u01a1n (\u0111\u1ed9 l\u1ec7ch t\u1eeb ch\u00ednh x\u00e1c)<\/td>\n<\/tr>\n<tr>\n<td><strong>Max.\u00a0\u0111\u00e1nh gi\u00e1 \u0111i\u1ec7n \u00e1p cho tr\u00e1i \u0111\u1ea5t<\/strong><\/td>\n<td width=\"396\">600 V rms AC (d\u00e2y c\u00e1ch \u0111i\u1ec7n)<\/td>\n<\/tr>\n<tr>\n<td><strong>L\u00f5i h\u00e0m dia.<\/strong><\/td>\n<td width=\"396\">\u03c6 55 mm (2,17 in) ho\u1eb7c 80 mm (3,15 in) \u00d7 20 mm (0,79 in) thanh c\u00e1i<\/td>\n<\/tr>\n<tr>\n<td><strong>K\u00edch th\u01b0\u1edbc v\u00e0 kh\u1ed1i l\u01b0\u1ee3ng<\/strong><\/td>\n<td width=\"396\">99,5 mm (3,92 in) W \u00d7 188 mm (7.40 in) H \u00d7 42 mm (1,65 in) D, 580 g (20,5 oz), chi\u1ec1u d\u00e0i d\u00e2y 3 m (9,84 ft)<\/td>\n<\/tr>\n<tr>\n<td><strong>Ph\u1ee5 ki\u1ec7n<\/strong><\/td>\n<td width=\"396\">H\u01b0\u1edbng d\u1eabn s\u1eed d\u1ee5ng \u00d7 1, Mark band \u00d7 6<\/td>\n<\/tr>\n<\/tbody>\n<\/table>\n<p>&nbsp;<\/p>\n<p>&nbsp;<\/p>\n<p>&nbsp;<\/p>","protected":false},"excerpt":{"rendered":"<p>Th\u00f4ng S\u1ed1 K\u1ef9 Thu\u1eadt\u00a0C\u1ea3m Bi\u1ebfn K\u1eb9p \u0110o AC\u00a0 X\u1ebfp h\u1ea1ng hi\u1ec7n t\u1ea1i ch\u00ednh AC 1000 A ti\u1ebfp t\u1ee5c (t\u1ed1i \u0111a 1500 M\u1ed9t trong 5 ph\u00fat ho\u1eb7c ng\u1eafn h\u01a1n) D\u00f2ng \u0111\u1ecbnh m\u1ee9c th\u1ee9 c\u1ea5p AC 100 A (10: 1 CT t\u1ef7 l\u1ec7) \u0111\u1ed9 ch\u00ednh x\u00e1c bi\u00ean \u0111\u1ed9 \u00b1 1,5% RDG. \u0111\u1ed9 ch\u00ednh x\u00e1c giai \u0111o\u1ea1n \u00b1 [&hellip;]<\/p>\n","protected":false},"featured_media":4092,"template":"","meta":{"site-sidebar-layout":"default","site-content-layout":"default","ast-site-content-layout":"default","site-content-style":"default","site-sidebar-style":"default","ast-global-header-display":"","ast-banner-title-visibility":"","ast-main-header-display":"","ast-hfb-above-header-display":"","ast-hfb-below-header-display":"","ast-hfb-mobile-header-display":"","site-post-title":"","ast-breadcrumbs-content":"","ast-featured-img":"","footer-sml-layout":"","ast-disable-related-posts":"","theme-transparent-header-meta":"","adv-header-id-meta":"","stick-header-meta":"","header-above-stick-meta":"","header-main-stick-meta":"","header-below-stick-meta":"","astra-migrate-meta-layouts":"default","ast-page-background-enabled":"default","ast-page-background-meta":{"desktop":{"background-color":"","background-image":"","background-repeat":"repeat","background-position":"center center","background-size":"auto","background-attachment":"scroll","background-type":"","background-media":"","overlay-type":"","overlay-color":"","overlay-opacity":"","overlay-gradient":""},"tablet":{"background-color":"","background-image":"","background-repeat":"repeat","background-position":"center center","background-size":"auto","background-attachment":"scroll","background-type":"","background-media":"","overlay-type":"","overlay-color":"","overlay-opacity":"","overlay-gradient":""},"mobile":{"background-color":"","background-image":"","background-repeat":"repeat","background-position":"center center","background-size":"auto","background-attachment":"scroll","background-type":"","background-media":"","overlay-type":"","overlay-color":"","overlay-opacity":"","overlay-gradient":""}},"ast-content-background-meta":{"desktop":{"background-color":"var(--ast-global-color-5)","background-image":"","background-repeat":"repeat","background-position":"center center","background-size":"auto","background-attachment":"scroll","background-type":"","background-media":"","overlay-type":"","overlay-color":"","overlay-opacity":"","overlay-gradient":""},"tablet":{"background-color":"var(--ast-global-color-5)","background-image":"","background-repeat":"repeat","background-position":"center center","background-size":"auto","background-attachment":"scroll","background-type":"","background-media":"","overlay-type":"","overlay-color":"","overlay-opacity":"","overlay-gradient":""},"mobile":{"background-color":"var(--ast-global-color-5)","background-image":"","background-repeat":"repeat","background-position":"center center","background-size":"auto","background-attachment":"scroll","background-type":"","background-media":"","overlay-type":"","overlay-color":"","overlay-opacity":"","overlay-gradient":""}}},"product_brand":[],"product_cat":[98,96],"product_tag":[],"class_list":{"0":"post-4090","1":"product","2":"type-product","3":"status-publish","4":"has-post-thumbnail","6":"product_cat-dung-cu-do-luong","7":"product_cat-dung-cu-do-kiem-tra","8":"desktop-align-left","9":"tablet-align-left","10":"mobile-align-left","12":"first","13":"instock","14":"featured","15":"shipping-taxable","16":"product-type-simple"},"yoast_head":"<!-- This site is optimized with the Yoast SEO plugin v27.4 - https:\/\/yoast.com\/product\/yoast-seo-wordpress\/ -->\n<title>C\u1ea3m Bi\u1ebfn K\u1eb9p \u0110o AC Hioki 9290-10 - C\u00f4ng Ty TNHH Trang Thi\u1ebft B\u1ecb K\u1ef9 Thu\u1eadt An Huy<\/title>\n<meta name=\"description\" content=\"C\u00f4ng Ty TNHH Trang Thi\u1ebft B\u1ecb K\u1ef9 Thu\u1eadt An Huy\" \/>\n<meta name=\"robots\" content=\"index, follow, max-snippet:-1, max-image-preview:large, max-video-preview:-1\" \/>\n<link rel=\"canonical\" href=\"http:\/\/anhuysafety.com\/en\/product\/cam-bien-kep-do-ac-hioki-9290-10\/\" \/>\n<meta property=\"og:locale\" content=\"en_US\" \/>\n<meta property=\"og:type\" content=\"article\" \/>\n<meta property=\"og:title\" content=\"C\u1ea3m Bi\u1ebfn K\u1eb9p \u0110o AC Hioki 9290-10 - C\u00f4ng Ty TNHH Trang Thi\u1ebft B\u1ecb K\u1ef9 Thu\u1eadt An Huy\" \/>\n<meta property=\"og:description\" content=\"C\u00f4ng Ty TNHH Trang Thi\u1ebft B\u1ecb K\u1ef9 Thu\u1eadt An Huy\" \/>\n<meta property=\"og:url\" content=\"http:\/\/anhuysafety.com\/en\/product\/cam-bien-kep-do-ac-hioki-9290-10\/\" \/>\n<meta property=\"og:site_name\" content=\"C\u00f4ng Ty TNHH Trang Thi\u1ebft B\u1ecb K\u1ef9 Thu\u1eadt An Huy\" \/>\n<meta property=\"article:modified_time\" content=\"2023-02-09T08:54:44+00:00\" \/>\n<meta property=\"og:image\" content=\"https:\/\/anhuysafety.com\/wp-content\/uploads\/2023\/02\/Screenshot-2023-02-08-083700.png\" \/>\n\t<meta property=\"og:image:width\" content=\"202\" \/>\n\t<meta property=\"og:image:height\" content=\"208\" \/>\n\t<meta property=\"og:image:type\" content=\"image\/png\" \/>\n<meta name=\"twitter:card\" content=\"summary_large_image\" \/>\n<meta name=\"twitter:label1\" content=\"Est. reading time\" \/>\n\t<meta name=\"twitter:data1\" content=\"2 minutes\" \/>\n<script type=\"application\/ld+json\" class=\"yoast-schema-graph\">{\"@context\":\"https:\\\/\\\/schema.org\",\"@graph\":[{\"@type\":\"WebPage\",\"@id\":\"http:\\\/\\\/anhuysafety.com\\\/en\\\/product\\\/cam-bien-kep-do-ac-hioki-9290-10\\\/\",\"url\":\"http:\\\/\\\/anhuysafety.com\\\/en\\\/product\\\/cam-bien-kep-do-ac-hioki-9290-10\\\/\",\"name\":\"C\u1ea3m Bi\u1ebfn K\u1eb9p \u0110o AC Hioki 9290-10 - C\u00f4ng Ty TNHH Trang Thi\u1ebft B\u1ecb K\u1ef9 Thu\u1eadt An Huy\",\"isPartOf\":{\"@id\":\"https:\\\/\\\/anhuysafety.com\\\/#website\"},\"primaryImageOfPage\":{\"@id\":\"http:\\\/\\\/anhuysafety.com\\\/en\\\/product\\\/cam-bien-kep-do-ac-hioki-9290-10\\\/#primaryimage\"},\"image\":{\"@id\":\"http:\\\/\\\/anhuysafety.com\\\/en\\\/product\\\/cam-bien-kep-do-ac-hioki-9290-10\\\/#primaryimage\"},\"thumbnailUrl\":\"https:\\\/\\\/anhuysafety.com\\\/wp-content\\\/uploads\\\/2023\\\/02\\\/Screenshot-2023-02-08-083700.png\",\"datePublished\":\"2023-02-08T01:39:07+00:00\",\"dateModified\":\"2023-02-09T08:54:44+00:00\",\"description\":\"C\u00f4ng Ty TNHH Trang Thi\u1ebft B\u1ecb K\u1ef9 Thu\u1eadt An Huy\",\"breadcrumb\":{\"@id\":\"http:\\\/\\\/anhuysafety.com\\\/en\\\/product\\\/cam-bien-kep-do-ac-hioki-9290-10\\\/#breadcrumb\"},\"inLanguage\":\"en-US\",\"potentialAction\":[{\"@type\":\"ReadAction\",\"target\":[\"http:\\\/\\\/anhuysafety.com\\\/en\\\/product\\\/cam-bien-kep-do-ac-hioki-9290-10\\\/\"]}]},{\"@type\":\"ImageObject\",\"inLanguage\":\"en-US\",\"@id\":\"http:\\\/\\\/anhuysafety.com\\\/en\\\/product\\\/cam-bien-kep-do-ac-hioki-9290-10\\\/#primaryimage\",\"url\":\"https:\\\/\\\/anhuysafety.com\\\/wp-content\\\/uploads\\\/2023\\\/02\\\/Screenshot-2023-02-08-083700.png\",\"contentUrl\":\"https:\\\/\\\/anhuysafety.com\\\/wp-content\\\/uploads\\\/2023\\\/02\\\/Screenshot-2023-02-08-083700.png\",\"width\":202,\"height\":208},{\"@type\":\"BreadcrumbList\",\"@id\":\"http:\\\/\\\/anhuysafety.com\\\/en\\\/product\\\/cam-bien-kep-do-ac-hioki-9290-10\\\/#breadcrumb\",\"itemListElement\":[{\"@type\":\"ListItem\",\"position\":1,\"name\":\"Trang ch\u1ee7\",\"item\":\"https:\\\/\\\/anhuysafety.com\\\/\"},{\"@type\":\"ListItem\",\"position\":2,\"name\":\"S\u1ea3n ph\u1ea9m\",\"item\":\"http:\\\/\\\/anhuysafety.com\\\/en\\\/cua-hang\"},{\"@type\":\"ListItem\",\"position\":3,\"name\":\"C\u1ea3m Bi\u1ebfn K\u1eb9p \u0110o AC Hioki 9290-10\"}]},{\"@type\":\"WebSite\",\"@id\":\"https:\\\/\\\/anhuysafety.com\\\/#website\",\"url\":\"https:\\\/\\\/anhuysafety.com\\\/\",\"name\":\"C\u00f4ng Ty TNHH Trang Thi\u1ebft B\u1ecb K\u1ef9 Thu\u1eadt An Huy\",\"description\":\"\",\"publisher\":{\"@id\":\"https:\\\/\\\/anhuysafety.com\\\/#organization\"},\"potentialAction\":[{\"@type\":\"SearchAction\",\"target\":{\"@type\":\"EntryPoint\",\"urlTemplate\":\"https:\\\/\\\/anhuysafety.com\\\/?s={search_term_string}\"},\"query-input\":{\"@type\":\"PropertyValueSpecification\",\"valueRequired\":true,\"valueName\":\"search_term_string\"}}],\"inLanguage\":\"en-US\"},{\"@type\":\"Organization\",\"@id\":\"https:\\\/\\\/anhuysafety.com\\\/#organization\",\"name\":\"C\u00f4ng ty TNHH trang thi\u1ebft b\u1ecb k\u1ef9 thu\u1eadt An Huy\",\"url\":\"https:\\\/\\\/anhuysafety.com\\\/\",\"logo\":{\"@type\":\"ImageObject\",\"inLanguage\":\"en-US\",\"@id\":\"https:\\\/\\\/anhuysafety.com\\\/#\\\/schema\\\/logo\\\/image\\\/\",\"url\":\"https:\\\/\\\/anhuysafety.com\\\/wp-content\\\/uploads\\\/2022\\\/02\\\/cropped-cropped-cropped-LOGO_AN_HUY_SAFETY_chuan-removebg-preview-1.png\",\"contentUrl\":\"https:\\\/\\\/anhuysafety.com\\\/wp-content\\\/uploads\\\/2022\\\/02\\\/cropped-cropped-cropped-LOGO_AN_HUY_SAFETY_chuan-removebg-preview-1.png\",\"width\":357,\"height\":318,\"caption\":\"C\u00f4ng ty TNHH trang thi\u1ebft b\u1ecb k\u1ef9 thu\u1eadt An Huy\"},\"image\":{\"@id\":\"https:\\\/\\\/anhuysafety.com\\\/#\\\/schema\\\/logo\\\/image\\\/\"}}]}<\/script>\n<!-- \/ Yoast SEO plugin. -->","yoast_head_json":{"title":"C\u1ea3m Bi\u1ebfn K\u1eb9p \u0110o AC Hioki 9290-10 - C\u00f4ng Ty TNHH Trang Thi\u1ebft B\u1ecb K\u1ef9 Thu\u1eadt An Huy","description":"AN HUY TECHNICAL EQUIPMENT CO., LTD","robots":{"index":"index","follow":"follow","max-snippet":"max-snippet:-1","max-image-preview":"max-image-preview:large","max-video-preview":"max-video-preview:-1"},"canonical":"http:\/\/anhuysafety.com\/en\/product\/cam-bien-kep-do-ac-hioki-9290-10\/","og_locale":"en_US","og_type":"article","og_title":"C\u1ea3m Bi\u1ebfn K\u1eb9p \u0110o AC Hioki 9290-10 - C\u00f4ng Ty TNHH Trang Thi\u1ebft B\u1ecb K\u1ef9 Thu\u1eadt An Huy","og_description":"C\u00f4ng Ty TNHH Trang Thi\u1ebft B\u1ecb K\u1ef9 Thu\u1eadt An Huy","og_url":"http:\/\/anhuysafety.com\/en\/product\/cam-bien-kep-do-ac-hioki-9290-10\/","og_site_name":"C\u00f4ng Ty TNHH Trang Thi\u1ebft B\u1ecb K\u1ef9 Thu\u1eadt An Huy","article_modified_time":"2023-02-09T08:54:44+00:00","og_image":[{"width":202,"height":208,"url":"https:\/\/anhuysafety.com\/wp-content\/uploads\/2023\/02\/Screenshot-2023-02-08-083700.png","type":"image\/png"}],"twitter_card":"summary_large_image","twitter_misc":{"Est. reading time":"2 minutes"},"schema":{"@context":"https:\/\/schema.org","@graph":[{"@type":"WebPage","@id":"http:\/\/anhuysafety.com\/en\/product\/cam-bien-kep-do-ac-hioki-9290-10\/","url":"http:\/\/anhuysafety.com\/en\/product\/cam-bien-kep-do-ac-hioki-9290-10\/","name":"C\u1ea3m Bi\u1ebfn K\u1eb9p \u0110o AC Hioki 9290-10 - C\u00f4ng Ty TNHH Trang Thi\u1ebft B\u1ecb K\u1ef9 Thu\u1eadt An Huy","isPartOf":{"@id":"https:\/\/anhuysafety.com\/#website"},"primaryImageOfPage":{"@id":"http:\/\/anhuysafety.com\/en\/product\/cam-bien-kep-do-ac-hioki-9290-10\/#primaryimage"},"image":{"@id":"http:\/\/anhuysafety.com\/en\/product\/cam-bien-kep-do-ac-hioki-9290-10\/#primaryimage"},"thumbnailUrl":"https:\/\/anhuysafety.com\/wp-content\/uploads\/2023\/02\/Screenshot-2023-02-08-083700.png","datePublished":"2023-02-08T01:39:07+00:00","dateModified":"2023-02-09T08:54:44+00:00","description":"AN HUY TECHNICAL EQUIPMENT CO., LTD","breadcrumb":{"@id":"http:\/\/anhuysafety.com\/en\/product\/cam-bien-kep-do-ac-hioki-9290-10\/#breadcrumb"},"inLanguage":"en-US","potentialAction":[{"@type":"ReadAction","target":["http:\/\/anhuysafety.com\/en\/product\/cam-bien-kep-do-ac-hioki-9290-10\/"]}]},{"@type":"ImageObject","inLanguage":"en-US","@id":"http:\/\/anhuysafety.com\/en\/product\/cam-bien-kep-do-ac-hioki-9290-10\/#primaryimage","url":"https:\/\/anhuysafety.com\/wp-content\/uploads\/2023\/02\/Screenshot-2023-02-08-083700.png","contentUrl":"https:\/\/anhuysafety.com\/wp-content\/uploads\/2023\/02\/Screenshot-2023-02-08-083700.png","width":202,"height":208},{"@type":"BreadcrumbList","@id":"http:\/\/anhuysafety.com\/en\/product\/cam-bien-kep-do-ac-hioki-9290-10\/#breadcrumb","itemListElement":[{"@type":"ListItem","position":1,"name":"Trang ch\u1ee7","item":"https:\/\/anhuysafety.com\/"},{"@type":"ListItem","position":2,"name":"S\u1ea3n ph\u1ea9m","item":"http:\/\/anhuysafety.com\/en\/cua-hang"},{"@type":"ListItem","position":3,"name":"C\u1ea3m Bi\u1ebfn K\u1eb9p \u0110o AC Hioki 9290-10"}]},{"@type":"WebSite","@id":"https:\/\/anhuysafety.com\/#website","url":"https:\/\/anhuysafety.com\/","name":"AN HUY TECHNICAL EQUIPMENT CO., LTD","description":"","publisher":{"@id":"https:\/\/anhuysafety.com\/#organization"},"potentialAction":[{"@type":"SearchAction","target":{"@type":"EntryPoint","urlTemplate":"https:\/\/anhuysafety.com\/?s={search_term_string}"},"query-input":{"@type":"PropertyValueSpecification","valueRequired":true,"valueName":"search_term_string"}}],"inLanguage":"en-US"},{"@type":"Organization","@id":"https:\/\/anhuysafety.com\/#organization","name":"C\u00f4ng ty TNHH trang thi\u1ebft b\u1ecb k\u1ef9 thu\u1eadt An Huy","url":"https:\/\/anhuysafety.com\/","logo":{"@type":"ImageObject","inLanguage":"en-US","@id":"https:\/\/anhuysafety.com\/#\/schema\/logo\/image\/","url":"https:\/\/anhuysafety.com\/wp-content\/uploads\/2022\/02\/cropped-cropped-cropped-LOGO_AN_HUY_SAFETY_chuan-removebg-preview-1.png","contentUrl":"https:\/\/anhuysafety.com\/wp-content\/uploads\/2022\/02\/cropped-cropped-cropped-LOGO_AN_HUY_SAFETY_chuan-removebg-preview-1.png","width":357,"height":318,"caption":"C\u00f4ng ty TNHH trang thi\u1ebft b\u1ecb k\u1ef9 thu\u1eadt An Huy"},"image":{"@id":"https:\/\/anhuysafety.com\/#\/schema\/logo\/image\/"}}]}},"_links":{"self":[{"href":"https:\/\/anhuysafety.com\/en\/wp-json\/wp\/v2\/product\/4090","targetHints":{"allow":["GET"]}}],"collection":[{"href":"https:\/\/anhuysafety.com\/en\/wp-json\/wp\/v2\/product"}],"about":[{"href":"https:\/\/anhuysafety.com\/en\/wp-json\/wp\/v2\/types\/product"}],"version-history":[{"count":1,"href":"https:\/\/anhuysafety.com\/en\/wp-json\/wp\/v2\/product\/4090\/revisions"}],"predecessor-version":[{"id":4093,"href":"https:\/\/anhuysafety.com\/en\/wp-json\/wp\/v2\/product\/4090\/revisions\/4093"}],"wp:featuredmedia":[{"embeddable":true,"href":"https:\/\/anhuysafety.com\/en\/wp-json\/wp\/v2\/media\/4092"}],"wp:attachment":[{"href":"https:\/\/anhuysafety.com\/en\/wp-json\/wp\/v2\/media?parent=4090"}],"wp:term":[{"taxonomy":"product_brand","embeddable":true,"href":"https:\/\/anhuysafety.com\/en\/wp-json\/wp\/v2\/product_brand?post=4090"},{"taxonomy":"product_cat","embeddable":true,"href":"https:\/\/anhuysafety.com\/en\/wp-json\/wp\/v2\/product_cat?post=4090"},{"taxonomy":"product_tag","embeddable":true,"href":"https:\/\/anhuysafety.com\/en\/wp-json\/wp\/v2\/product_tag?post=4090"}],"curies":[{"name":"wp","href":"https:\/\/api.w.org\/{rel}","templated":true}]}}