{"id":4102,"date":"2023-02-08T09:12:31","date_gmt":"2023-02-08T02:12:31","guid":{"rendered":"https:\/\/anhuysafety.com\/?post_type=product&#038;p=4102"},"modified":"2023-02-08T09:43:35","modified_gmt":"2023-02-08T02:43:35","slug":"puly-nhom-3-ranh-2-tang","status":"publish","type":"product","link":"https:\/\/anhuysafety.com\/en\/product\/puly-nhom-3-ranh-2-tang\/","title":{"rendered":"Puly nh\u00f4m 3 r\u00e3nh 2 t\u1ea7ng"},"content":{"rendered":"<p>M\u00e3 s\u1ea3n ph\u1ea9m : QHN8-3<\/p>\n<ul>\n<li>Puly\u00a0\u00a0nh\u00f4m, c\u00f3 \u0111\u1ed9 b\u1ec1n cao h\u01a1n, ch\u1eafc ch\u1eafn h\u01a1n trong qu\u00e1 tr\u00ecnh v\u1eadn h\u00e0nh .<\/li>\n<\/ul>\n<p>\u2013 Ch\u1ee9c n\u0103ng: \u0110\u1ec3 gi\u1ea3m l\u1ef1c, chia l\u1ef1c d\u00fang n\u00e2ng h\u1ea1 c\u00e1c v\u1eadt n\u1eb7ng.<\/p>\n<p>\u2013 Thi\u1ebft k\u1ebf:<\/p>\n<p>+ \u00a0G\u1ed3m 02 b\u1ed9 m\u00f3c treo k\u1ebft n\u1ed1i v\u1edbi\u00a002\u00a0r\u00f2ng r\u1ecdc (puly) v\u00e0 01 s\u1ee3i d\u00e2y th\u1eebng ch\u1ecbu l\u1ef1c\u00a0l\u00e0m \u00a0t\u1eeb s\u1ee3i t\u1ed5ng h\u1ee3p \u0111\u00e3 \u0111\u01b0\u1ee3c lu\u1ed3n qua h\u1ec7 th\u1ed1ng r\u00f2ng r\u1ecdc (Puly).<\/p>\n<p>+ M\u00f3c treo r\u00f2ng r\u1ecdc c\u00f3 thi\u1ebft k\u1ebf kh\u00f3a an to\u00e0n \u0111\u1ec3 r\u00f2ng r\u1ecdc kh\u00f4ng th\u1ec3 t\u1ef1 r\u01a1i ra khi treo.<\/p>\n<p>\u2013 Th\u00e2n r\u00f2ng r\u1ecdc (Puly) g\u1ed3m: \u00a003 r\u00e3nh ri\u00eang bi\u1ec7t quay t\u1ef1 do \u0111\u01b0\u1ee3c g\u1eafn v\u1edbi tr\u1ee5c b\u1eb1ng \u1ed5 b\u1ea1c \u0111\u1ea1n.<\/p>\n<p>\u2013 T\u1ea3i tr\u1ecdng l\u00e0m vi\u1ec7c (P<sub>H<\/sub>): 1,5 t\u1ea5n (1500Kgf)<\/p>\n<p>\u2013 Chi\u1ec1u d\u00e0i d\u00e2y: 100\u00f7200m<\/p>\n<p>\u2013 \u0110\u01b0\u1eddng k\u00ednh d\u00e2y: 12 \u00f716mm<\/p>\n<p>\u2013 Tr\u1ecdng l\u01b0\u1ee3ng to\u00e0n b\u1ed9 Puly: 10Kg<\/p>\n<p>&nbsp;<\/p>","protected":false},"excerpt":{"rendered":"<p>M\u00e3 s\u1ea3n ph\u1ea9m : QHN8-3 Puly\u00a0\u00a0nh\u00f4m, c\u00f3 \u0111\u1ed9 b\u1ec1n cao h\u01a1n, ch\u1eafc ch\u1eafn h\u01a1n trong qu\u00e1 tr\u00ecnh v\u1eadn h\u00e0nh . \u2013 Ch\u1ee9c n\u0103ng: \u0110\u1ec3 gi\u1ea3m l\u1ef1c, chia l\u1ef1c d\u00fang n\u00e2ng h\u1ea1 c\u00e1c v\u1eadt n\u1eb7ng. \u2013 Thi\u1ebft k\u1ebf: + \u00a0G\u1ed3m 02 b\u1ed9 m\u00f3c treo k\u1ebft n\u1ed1i v\u1edbi\u00a002\u00a0r\u00f2ng r\u1ecdc (puly) v\u00e0 01 s\u1ee3i d\u00e2y th\u1eebng ch\u1ecbu l\u1ef1c\u00a0l\u00e0m [&hellip;]<\/p>\n","protected":false},"featured_media":4110,"template":"","meta":{"site-sidebar-layout":"default","site-content-layout":"default","ast-site-content-layout":"default","site-content-style":"default","site-sidebar-style":"default","ast-global-header-display":"","ast-banner-title-visibility":"","ast-main-header-display":"","ast-hfb-above-header-display":"","ast-hfb-below-header-display":"","ast-hfb-mobile-header-display":"","site-post-title":"","ast-breadcrumbs-content":"","ast-featured-img":"","footer-sml-layout":"","ast-disable-related-posts":"","theme-transparent-header-meta":"","adv-header-id-meta":"","stick-header-meta":"","header-above-stick-meta":"","header-main-stick-meta":"","header-below-stick-meta":"","astra-migrate-meta-layouts":"default","ast-page-background-enabled":"default","ast-page-background-meta":{"desktop":{"background-color":"","background-image":"","background-repeat":"repeat","background-position":"center center","background-size":"auto","background-attachment":"scroll","background-type":"","background-media":"","overlay-type":"","overlay-color":"","overlay-opacity":"","overlay-gradient":""},"tablet":{"background-color":"","background-image":"","background-repeat":"repeat","background-position":"center center","background-size":"auto","background-attachment":"scroll","background-type":"","background-media":"","overlay-type":"","overlay-color":"","overlay-opacity":"","overlay-gradient":""},"mobile":{"background-color":"","background-image":"","background-repeat":"repeat","background-position":"center center","background-size":"auto","background-attachment":"scroll","background-type":"","background-media":"","overlay-type":"","overlay-color":"","overlay-opacity":"","overlay-gradient":""}},"ast-content-background-meta":{"desktop":{"background-color":"var(--ast-global-color-5)","background-image":"","background-repeat":"repeat","background-position":"center center","background-size":"auto","background-attachment":"scroll","background-type":"","background-media":"","overlay-type":"","overlay-color":"","overlay-opacity":"","overlay-gradient":""},"tablet":{"background-color":"var(--ast-global-color-5)","background-image":"","background-repeat":"repeat","background-position":"center center","background-size":"auto","background-attachment":"scroll","background-type":"","background-media":"","overlay-type":"","overlay-color":"","overlay-opacity":"","overlay-gradient":""},"mobile":{"background-color":"var(--ast-global-color-5)","background-image":"","background-repeat":"repeat","background-position":"center center","background-size":"auto","background-attachment":"scroll","background-type":"","background-media":"","overlay-type":"","overlay-color":"","overlay-opacity":"","overlay-gradient":""}}},"product_brand":[],"product_cat":[93,92,95],"product_tag":[],"class_list":{"0":"post-4102","1":"product","2":"type-product","3":"status-publish","4":"has-post-thumbnail","6":"product_cat-dung-cu-cam-tay","7":"product_cat-dung-cu-thi-con","8":"product_cat-dung-cu-thi-cong-khac","9":"desktop-align-left","10":"tablet-align-left","11":"mobile-align-left","13":"first","14":"instock","15":"shipping-taxable","16":"product-type-simple"},"yoast_head":"<!-- This site is optimized with the Yoast SEO plugin v27.3 - https:\/\/yoast.com\/product\/yoast-seo-wordpress\/ -->\n<title>Puly nh\u00f4m 3 r\u00e3nh 2 t\u1ea7ng - C\u00f4ng Ty TNHH Trang Thi\u1ebft B\u1ecb K\u1ef9 Thu\u1eadt An Huy<\/title>\n<meta name=\"description\" content=\"C\u00f4ng Ty TNHH Trang Thi\u1ebft B\u1ecb K\u1ef9 Thu\u1eadt An Huy\" \/>\n<meta name=\"robots\" content=\"index, follow, max-snippet:-1, max-image-preview:large, max-video-preview:-1\" \/>\n<link rel=\"canonical\" href=\"http:\/\/anhuysafety.com\/en\/product\/puly-nhom-3-ranh-2-tang\/\" \/>\n<meta property=\"og:locale\" content=\"en_US\" \/>\n<meta property=\"og:type\" content=\"article\" \/>\n<meta property=\"og:title\" content=\"Puly nh\u00f4m 3 r\u00e3nh 2 t\u1ea7ng - C\u00f4ng Ty TNHH Trang Thi\u1ebft B\u1ecb K\u1ef9 Thu\u1eadt An Huy\" \/>\n<meta property=\"og:description\" content=\"C\u00f4ng Ty TNHH Trang Thi\u1ebft B\u1ecb K\u1ef9 Thu\u1eadt An Huy\" \/>\n<meta property=\"og:url\" content=\"http:\/\/anhuysafety.com\/en\/product\/puly-nhom-3-ranh-2-tang\/\" \/>\n<meta property=\"og:site_name\" content=\"C\u00f4ng Ty TNHH Trang Thi\u1ebft B\u1ecb K\u1ef9 Thu\u1eadt An Huy\" \/>\n<meta property=\"article:modified_time\" content=\"2023-02-08T02:43:35+00:00\" \/>\n<meta property=\"og:image\" content=\"https:\/\/anhuysafety.com\/wp-content\/uploads\/2023\/02\/puly-3.png\" \/>\n\t<meta property=\"og:image:width\" content=\"74\" \/>\n\t<meta property=\"og:image:height\" content=\"132\" \/>\n\t<meta property=\"og:image:type\" content=\"image\/png\" \/>\n<meta name=\"twitter:card\" content=\"summary_large_image\" \/>\n<meta name=\"twitter:label1\" content=\"Est. reading time\" \/>\n\t<meta name=\"twitter:data1\" content=\"1 minute\" \/>\n<script type=\"application\/ld+json\" class=\"yoast-schema-graph\">{\"@context\":\"https:\\\/\\\/schema.org\",\"@graph\":[{\"@type\":\"WebPage\",\"@id\":\"http:\\\/\\\/anhuysafety.com\\\/en\\\/product\\\/puly-nhom-3-ranh-2-tang\\\/\",\"url\":\"http:\\\/\\\/anhuysafety.com\\\/en\\\/product\\\/puly-nhom-3-ranh-2-tang\\\/\",\"name\":\"Puly nh\u00f4m 3 r\u00e3nh 2 t\u1ea7ng - C\u00f4ng Ty TNHH Trang Thi\u1ebft B\u1ecb K\u1ef9 Thu\u1eadt An Huy\",\"isPartOf\":{\"@id\":\"https:\\\/\\\/anhuysafety.com\\\/#website\"},\"primaryImageOfPage\":{\"@id\":\"http:\\\/\\\/anhuysafety.com\\\/en\\\/product\\\/puly-nhom-3-ranh-2-tang\\\/#primaryimage\"},\"image\":{\"@id\":\"http:\\\/\\\/anhuysafety.com\\\/en\\\/product\\\/puly-nhom-3-ranh-2-tang\\\/#primaryimage\"},\"thumbnailUrl\":\"https:\\\/\\\/anhuysafety.com\\\/wp-content\\\/uploads\\\/2023\\\/02\\\/puly-3.png\",\"datePublished\":\"2023-02-08T02:12:31+00:00\",\"dateModified\":\"2023-02-08T02:43:35+00:00\",\"description\":\"C\u00f4ng Ty TNHH Trang Thi\u1ebft B\u1ecb K\u1ef9 Thu\u1eadt An Huy\",\"breadcrumb\":{\"@id\":\"http:\\\/\\\/anhuysafety.com\\\/en\\\/product\\\/puly-nhom-3-ranh-2-tang\\\/#breadcrumb\"},\"inLanguage\":\"en-US\",\"potentialAction\":[{\"@type\":\"ReadAction\",\"target\":[\"http:\\\/\\\/anhuysafety.com\\\/en\\\/product\\\/puly-nhom-3-ranh-2-tang\\\/\"]}]},{\"@type\":\"ImageObject\",\"inLanguage\":\"en-US\",\"@id\":\"http:\\\/\\\/anhuysafety.com\\\/en\\\/product\\\/puly-nhom-3-ranh-2-tang\\\/#primaryimage\",\"url\":\"https:\\\/\\\/anhuysafety.com\\\/wp-content\\\/uploads\\\/2023\\\/02\\\/puly-3.png\",\"contentUrl\":\"https:\\\/\\\/anhuysafety.com\\\/wp-content\\\/uploads\\\/2023\\\/02\\\/puly-3.png\",\"width\":74,\"height\":132},{\"@type\":\"BreadcrumbList\",\"@id\":\"http:\\\/\\\/anhuysafety.com\\\/en\\\/product\\\/puly-nhom-3-ranh-2-tang\\\/#breadcrumb\",\"itemListElement\":[{\"@type\":\"ListItem\",\"position\":1,\"name\":\"Trang ch\u1ee7\",\"item\":\"https:\\\/\\\/anhuysafety.com\\\/\"},{\"@type\":\"ListItem\",\"position\":2,\"name\":\"S\u1ea3n ph\u1ea9m\",\"item\":\"http:\\\/\\\/anhuysafety.com\\\/en\\\/cua-hang\"},{\"@type\":\"ListItem\",\"position\":3,\"name\":\"Puly nh\u00f4m 3 r\u00e3nh 2 t\u1ea7ng\"}]},{\"@type\":\"WebSite\",\"@id\":\"https:\\\/\\\/anhuysafety.com\\\/#website\",\"url\":\"https:\\\/\\\/anhuysafety.com\\\/\",\"name\":\"C\u00f4ng Ty TNHH Trang Thi\u1ebft B\u1ecb K\u1ef9 Thu\u1eadt An Huy\",\"description\":\"\",\"publisher\":{\"@id\":\"https:\\\/\\\/anhuysafety.com\\\/#organization\"},\"potentialAction\":[{\"@type\":\"SearchAction\",\"target\":{\"@type\":\"EntryPoint\",\"urlTemplate\":\"https:\\\/\\\/anhuysafety.com\\\/?s={search_term_string}\"},\"query-input\":{\"@type\":\"PropertyValueSpecification\",\"valueRequired\":true,\"valueName\":\"search_term_string\"}}],\"inLanguage\":\"en-US\"},{\"@type\":\"Organization\",\"@id\":\"https:\\\/\\\/anhuysafety.com\\\/#organization\",\"name\":\"C\u00f4ng ty TNHH trang thi\u1ebft b\u1ecb k\u1ef9 thu\u1eadt An Huy\",\"url\":\"https:\\\/\\\/anhuysafety.com\\\/\",\"logo\":{\"@type\":\"ImageObject\",\"inLanguage\":\"en-US\",\"@id\":\"https:\\\/\\\/anhuysafety.com\\\/#\\\/schema\\\/logo\\\/image\\\/\",\"url\":\"https:\\\/\\\/anhuysafety.com\\\/wp-content\\\/uploads\\\/2022\\\/02\\\/cropped-cropped-cropped-LOGO_AN_HUY_SAFETY_chuan-removebg-preview-1.png\",\"contentUrl\":\"https:\\\/\\\/anhuysafety.com\\\/wp-content\\\/uploads\\\/2022\\\/02\\\/cropped-cropped-cropped-LOGO_AN_HUY_SAFETY_chuan-removebg-preview-1.png\",\"width\":357,\"height\":318,\"caption\":\"C\u00f4ng ty TNHH trang thi\u1ebft b\u1ecb k\u1ef9 thu\u1eadt An Huy\"},\"image\":{\"@id\":\"https:\\\/\\\/anhuysafety.com\\\/#\\\/schema\\\/logo\\\/image\\\/\"}}]}<\/script>\n<!-- \/ Yoast SEO plugin. -->","yoast_head_json":{"title":"Puly nh\u00f4m 3 r\u00e3nh 2 t\u1ea7ng - C\u00f4ng Ty TNHH Trang Thi\u1ebft B\u1ecb K\u1ef9 Thu\u1eadt An Huy","description":"AN HUY TECHNICAL EQUIPMENT CO., LTD","robots":{"index":"index","follow":"follow","max-snippet":"max-snippet:-1","max-image-preview":"max-image-preview:large","max-video-preview":"max-video-preview:-1"},"canonical":"http:\/\/anhuysafety.com\/en\/product\/puly-nhom-3-ranh-2-tang\/","og_locale":"en_US","og_type":"article","og_title":"Puly nh\u00f4m 3 r\u00e3nh 2 t\u1ea7ng - C\u00f4ng Ty TNHH Trang Thi\u1ebft B\u1ecb K\u1ef9 Thu\u1eadt An Huy","og_description":"C\u00f4ng Ty TNHH Trang Thi\u1ebft B\u1ecb K\u1ef9 Thu\u1eadt An Huy","og_url":"http:\/\/anhuysafety.com\/en\/product\/puly-nhom-3-ranh-2-tang\/","og_site_name":"C\u00f4ng Ty TNHH Trang Thi\u1ebft B\u1ecb K\u1ef9 Thu\u1eadt An Huy","article_modified_time":"2023-02-08T02:43:35+00:00","og_image":[{"width":74,"height":132,"url":"https:\/\/anhuysafety.com\/wp-content\/uploads\/2023\/02\/puly-3.png","type":"image\/png"}],"twitter_card":"summary_large_image","twitter_misc":{"Est. reading time":"1 minute"},"schema":{"@context":"https:\/\/schema.org","@graph":[{"@type":"WebPage","@id":"http:\/\/anhuysafety.com\/en\/product\/puly-nhom-3-ranh-2-tang\/","url":"http:\/\/anhuysafety.com\/en\/product\/puly-nhom-3-ranh-2-tang\/","name":"Puly nh\u00f4m 3 r\u00e3nh 2 t\u1ea7ng - C\u00f4ng Ty TNHH Trang Thi\u1ebft B\u1ecb K\u1ef9 Thu\u1eadt An Huy","isPartOf":{"@id":"https:\/\/anhuysafety.com\/#website"},"primaryImageOfPage":{"@id":"http:\/\/anhuysafety.com\/en\/product\/puly-nhom-3-ranh-2-tang\/#primaryimage"},"image":{"@id":"http:\/\/anhuysafety.com\/en\/product\/puly-nhom-3-ranh-2-tang\/#primaryimage"},"thumbnailUrl":"https:\/\/anhuysafety.com\/wp-content\/uploads\/2023\/02\/puly-3.png","datePublished":"2023-02-08T02:12:31+00:00","dateModified":"2023-02-08T02:43:35+00:00","description":"AN HUY TECHNICAL EQUIPMENT CO., LTD","breadcrumb":{"@id":"http:\/\/anhuysafety.com\/en\/product\/puly-nhom-3-ranh-2-tang\/#breadcrumb"},"inLanguage":"en-US","potentialAction":[{"@type":"ReadAction","target":["http:\/\/anhuysafety.com\/en\/product\/puly-nhom-3-ranh-2-tang\/"]}]},{"@type":"ImageObject","inLanguage":"en-US","@id":"http:\/\/anhuysafety.com\/en\/product\/puly-nhom-3-ranh-2-tang\/#primaryimage","url":"https:\/\/anhuysafety.com\/wp-content\/uploads\/2023\/02\/puly-3.png","contentUrl":"https:\/\/anhuysafety.com\/wp-content\/uploads\/2023\/02\/puly-3.png","width":74,"height":132},{"@type":"BreadcrumbList","@id":"http:\/\/anhuysafety.com\/en\/product\/puly-nhom-3-ranh-2-tang\/#breadcrumb","itemListElement":[{"@type":"ListItem","position":1,"name":"Trang ch\u1ee7","item":"https:\/\/anhuysafety.com\/"},{"@type":"ListItem","position":2,"name":"S\u1ea3n ph\u1ea9m","item":"http:\/\/anhuysafety.com\/en\/cua-hang"},{"@type":"ListItem","position":3,"name":"Puly nh\u00f4m 3 r\u00e3nh 2 t\u1ea7ng"}]},{"@type":"WebSite","@id":"https:\/\/anhuysafety.com\/#website","url":"https:\/\/anhuysafety.com\/","name":"AN HUY TECHNICAL EQUIPMENT CO., LTD","description":"","publisher":{"@id":"https:\/\/anhuysafety.com\/#organization"},"potentialAction":[{"@type":"SearchAction","target":{"@type":"EntryPoint","urlTemplate":"https:\/\/anhuysafety.com\/?s={search_term_string}"},"query-input":{"@type":"PropertyValueSpecification","valueRequired":true,"valueName":"search_term_string"}}],"inLanguage":"en-US"},{"@type":"Organization","@id":"https:\/\/anhuysafety.com\/#organization","name":"C\u00f4ng ty TNHH trang thi\u1ebft b\u1ecb k\u1ef9 thu\u1eadt An Huy","url":"https:\/\/anhuysafety.com\/","logo":{"@type":"ImageObject","inLanguage":"en-US","@id":"https:\/\/anhuysafety.com\/#\/schema\/logo\/image\/","url":"https:\/\/anhuysafety.com\/wp-content\/uploads\/2022\/02\/cropped-cropped-cropped-LOGO_AN_HUY_SAFETY_chuan-removebg-preview-1.png","contentUrl":"https:\/\/anhuysafety.com\/wp-content\/uploads\/2022\/02\/cropped-cropped-cropped-LOGO_AN_HUY_SAFETY_chuan-removebg-preview-1.png","width":357,"height":318,"caption":"C\u00f4ng ty TNHH trang thi\u1ebft b\u1ecb k\u1ef9 thu\u1eadt An Huy"},"image":{"@id":"https:\/\/anhuysafety.com\/#\/schema\/logo\/image\/"}}]}},"_links":{"self":[{"href":"https:\/\/anhuysafety.com\/en\/wp-json\/wp\/v2\/product\/4102","targetHints":{"allow":["GET"]}}],"collection":[{"href":"https:\/\/anhuysafety.com\/en\/wp-json\/wp\/v2\/product"}],"about":[{"href":"https:\/\/anhuysafety.com\/en\/wp-json\/wp\/v2\/types\/product"}],"version-history":[{"count":1,"href":"https:\/\/anhuysafety.com\/en\/wp-json\/wp\/v2\/product\/4102\/revisions"}],"predecessor-version":[{"id":4105,"href":"https:\/\/anhuysafety.com\/en\/wp-json\/wp\/v2\/product\/4102\/revisions\/4105"}],"wp:featuredmedia":[{"embeddable":true,"href":"https:\/\/anhuysafety.com\/en\/wp-json\/wp\/v2\/media\/4110"}],"wp:attachment":[{"href":"https:\/\/anhuysafety.com\/en\/wp-json\/wp\/v2\/media?parent=4102"}],"wp:term":[{"taxonomy":"product_brand","embeddable":true,"href":"https:\/\/anhuysafety.com\/en\/wp-json\/wp\/v2\/product_brand?post=4102"},{"taxonomy":"product_cat","embeddable":true,"href":"https:\/\/anhuysafety.com\/en\/wp-json\/wp\/v2\/product_cat?post=4102"},{"taxonomy":"product_tag","embeddable":true,"href":"https:\/\/anhuysafety.com\/en\/wp-json\/wp\/v2\/product_tag?post=4102"}],"curies":[{"name":"wp","href":"https:\/\/api.w.org\/{rel}","templated":true}]}}