{"id":4139,"date":"2025-06-30T16:34:18","date_gmt":"2025-06-30T09:34:18","guid":{"rendered":"https:\/\/anhuysafety.com\/?post_type=product&#038;p=4139"},"modified":"2025-06-30T16:38:28","modified_gmt":"2025-06-30T09:38:28","slug":"gang-tay-bhld-phu-song-nhua","status":"publish","type":"product","link":"https:\/\/anhuysafety.com\/en\/product\/gang-tay-bhld-phu-song-nhua\/","title":{"rendered":"G\u0103ng tay BHL\u0110 ph\u1ee7 s\u00f3ng nh\u1ef1a"},"content":{"rendered":"<p><img fetchpriority=\"high\" decoding=\"async\" class=\"alignnone size-medium wp-image-4140\" src=\"https:\/\/anhuysafety.com\/wp-content\/uploads\/2025\/06\/gangtay-300x238.jpg\" alt=\"\" width=\"300\" height=\"238\" srcset=\"https:\/\/anhuysafety.com\/wp-content\/uploads\/2025\/06\/gangtay-300x238.jpg 300w, https:\/\/anhuysafety.com\/wp-content\/uploads\/2025\/06\/gangtay-15x12.jpg 15w, https:\/\/anhuysafety.com\/wp-content\/uploads\/2025\/06\/gangtay.jpg 351w\" sizes=\"(max-width: 300px) 100vw, 300px\" \/><\/p>\n<p>&nbsp;<\/p>\n<ul>\n<li><span style=\"font-size: medium;\">M\u00e3 s\u1ea3n ph\u1ea9m GV526S<\/span><\/li>\n<li><span style=\"font-size: medium;\"><span lang=\"vi-VN\">G\u0103ng tay v\u1ea3i s\u1eed d\u1ee5ng trong th\u1eddi ti\u1ebft n\u1eafng n\u00f3ng, d\u1ec5 d\u00e0ng c\u1ea7m c\u00e1c \u0111\u1ed3 ngh\u1ec1 khi thao t\u00e1c. S\u1eed<\/span><\/span> <span style=\"font-size: medium;\"><span lang=\"vi-VN\">d\u1ee5ng<\/span><\/span> <span style=\"font-size: medium;\"><span lang=\"vi-VN\">khi<\/span><\/span> <span style=\"font-size: medium;\"><span lang=\"vi-VN\">b\u1ed1c<\/span><\/span> <span style=\"font-size: medium;\"><span lang=\"vi-VN\">d\u1ee1<\/span><\/span> <span style=\"font-size: medium;\"><span lang=\"vi-VN\">v\u1eadt<\/span><\/span> <span style=\"font-size: medium;\"><span lang=\"vi-VN\">t\u01b0<\/span><\/span> <span style=\"font-size: medium;\"><span lang=\"vi-VN\">thi\u1ebft<\/span><\/span> <span style=\"font-size: medium;\"><span lang=\"vi-VN\">b\u1ecb,<\/span><\/span> <span style=\"font-size: medium;\"><span lang=\"vi-VN\">gia<\/span><\/span> <span style=\"font-size: medium;\"><span lang=\"vi-VN\">c\u00f4ng<\/span><\/span> <span style=\"font-size: medium;\"><span lang=\"vi-VN\">c\u01a1<\/span><\/span> <span style=\"font-size: medium;\"><span lang=\"vi-VN\">kh\u00ed,<\/span><\/span> <span style=\"font-size: medium;\"><span lang=\"vi-VN\">m\u00f3c<\/span><\/span> <span style=\"font-size: medium;\"><span lang=\"vi-VN\">c\u00e1p<\/span><\/span> <span style=\"font-size: medium;\"><span lang=\"vi-VN\">c\u1ea9u<\/span><\/span> <span style=\"font-size: medium;\"><span lang=\"vi-VN\">v\u1eadt<\/span><\/span> <span style=\"font-size: medium;\"><span lang=\"vi-VN\">t\u01b0,<\/span><\/span> <span style=\"font-size: medium;\"><span lang=\"vi-VN\">mang<\/span><\/span> <span style=\"font-size: medium;\"><span lang=\"vi-VN\">c\u00e1c<\/span><\/span> <span style=\"font-size: medium;\"><span lang=\"vi-VN\">\u0111\u1ed3 v\u1eadt n\u1eb7ng,&#8230; , b\u1ea3o v\u1ec7 b\u00e0n tay khi c\u1ea7m n\u1eafm c\u00e1c v\u1eadt s\u1eafc nh\u1ecdn.<\/span><\/span><\/li>\n<li><span style=\"font-size: medium;\"><span lang=\"vi-VN\">Ch\u1ea5t<\/span><\/span> <span style=\"font-size: medium;\"><span lang=\"vi-VN\">li\u1ec7u<\/span><\/span> <span style=\"font-size: medium;\"><span lang=\"vi-VN\">c\u1ea5u<\/span><\/span> <span style=\"font-size: medium;\"><span lang=\"vi-VN\">th\u00e0nh:<\/span><\/span> <span style=\"font-size: medium;\"><span lang=\"vi-VN\">V\u1ea3i<\/span><\/span> <span style=\"font-size: medium;\"><span lang=\"vi-VN\">s\u1ee3i<\/span><\/span> <span style=\"font-size: medium;\"><span lang=\"vi-VN\">cotton<\/span><\/span> <span style=\"font-size: medium;\"><span lang=\"vi-VN\">\u0111\u01b0\u1ee3c<\/span><\/span> <span style=\"font-size: medium;\"><span lang=\"vi-VN\">ph\u1ee7<\/span><\/span> <span style=\"font-size: medium;\"><span lang=\"vi-VN\">nh\u1ef1a.<\/span><\/span><\/li>\n<li><span style=\"font-size: medium;\"><span lang=\"vi-VN\">Ki\u1ec3u: D\u1ec7t len, ph\u1ee7 nh\u1ef1a m\u1eb7t b\u00e0n tay s\u1ee3i g\u00e2n h\u00ecnh x\u01b0\u01a1ng c\u00e1 (m\u00e0u \u0111\u1ecf, xanh ho\u1eb7c <\/span><\/span><span style=\"font-size: medium;\"><span lang=\"vi-VN\">v\u00e0ng&#8230;)<\/span><\/span><\/li>\n<li><span style=\"font-size: medium;\"><span lang=\"vi-VN\">K\u00edch c\u1ee1: C\u1ee1 l\u1edbn, c\u00f3 \u0111\u1ed9 co gi\u00e3n \u0111\u1ec3 s\u1eed d\u1ee5ng ph\u00f9 h\u1ee3p v\u1edbi c\u00e1c c\u1ee1 tay, \u0111\u1ea3m b\u1ea3o ph\u1ee7 v\u1eeba b\u00e0n tay t\u00ednh t\u1eeb m\u1eaft c\u00e1 c\u1ed5 tay (ph\u00f9 h\u1ee3p c\u1edf tay ng\u01b0\u1eddi Vi\u1ec7t Nam).<\/span><\/span><\/li>\n<\/ul>\n<p>&nbsp;<\/p>","protected":false},"excerpt":{"rendered":"<p>&nbsp; M\u00e3 s\u1ea3n ph\u1ea9m GV526S G\u0103ng tay v\u1ea3i s\u1eed d\u1ee5ng trong th\u1eddi ti\u1ebft n\u1eafng n\u00f3ng, d\u1ec5 d\u00e0ng c\u1ea7m c\u00e1c \u0111\u1ed3 ngh\u1ec1 khi thao t\u00e1c. S\u1eed d\u1ee5ng khi b\u1ed1c d\u1ee1 v\u1eadt t\u01b0 thi\u1ebft b\u1ecb, gia c\u00f4ng c\u01a1 kh\u00ed, m\u00f3c c\u00e1p c\u1ea9u v\u1eadt t\u01b0, mang c\u00e1c \u0111\u1ed3 v\u1eadt n\u1eb7ng,&#8230; , b\u1ea3o v\u1ec7 b\u00e0n tay khi c\u1ea7m n\u1eafm [&hellip;]<\/p>\n","protected":false},"featured_media":4140,"template":"","meta":{"site-sidebar-layout":"default","site-content-layout":"","ast-site-content-layout":"default","site-content-style":"default","site-sidebar-style":"default","ast-global-header-display":"","ast-banner-title-visibility":"","ast-main-header-display":"","ast-hfb-above-header-display":"","ast-hfb-below-header-display":"","ast-hfb-mobile-header-display":"","site-post-title":"","ast-breadcrumbs-content":"","ast-featured-img":"","footer-sml-layout":"","ast-disable-related-posts":"","theme-transparent-header-meta":"default","adv-header-id-meta":"","stick-header-meta":"","header-above-stick-meta":"","header-main-stick-meta":"","header-below-stick-meta":"","astra-migrate-meta-layouts":"set","ast-page-background-enabled":"default","ast-page-background-meta":{"desktop":{"background-color":"","background-image":"","background-repeat":"repeat","background-position":"center center","background-size":"auto","background-attachment":"scroll","background-type":"","background-media":"","overlay-type":"","overlay-color":"","overlay-opacity":"","overlay-gradient":""},"tablet":{"background-color":"","background-image":"","background-repeat":"repeat","background-position":"center center","background-size":"auto","background-attachment":"scroll","background-type":"","background-media":"","overlay-type":"","overlay-color":"","overlay-opacity":"","overlay-gradient":""},"mobile":{"background-color":"","background-image":"","background-repeat":"repeat","background-position":"center center","background-size":"auto","background-attachment":"scroll","background-type":"","background-media":"","overlay-type":"","overlay-color":"","overlay-opacity":"","overlay-gradient":""}},"ast-content-background-meta":{"desktop":{"background-color":"var(--ast-global-color-5)","background-image":"","background-repeat":"repeat","background-position":"center center","background-size":"auto","background-attachment":"scroll","background-type":"","background-media":"","overlay-type":"","overlay-color":"","overlay-opacity":"","overlay-gradient":""},"tablet":{"background-color":"var(--ast-global-color-5)","background-image":"","background-repeat":"repeat","background-position":"center center","background-size":"auto","background-attachment":"scroll","background-type":"","background-media":"","overlay-type":"","overlay-color":"","overlay-opacity":"","overlay-gradient":""},"mobile":{"background-color":"var(--ast-global-color-5)","background-image":"","background-repeat":"repeat","background-position":"center center","background-size":"auto","background-attachment":"scroll","background-type":"","background-media":"","overlay-type":"","overlay-color":"","overlay-opacity":"","overlay-gradient":""}}},"product_brand":[],"product_cat":[130,83],"product_tag":[],"class_list":{"0":"post-4139","1":"product","2":"type-product","3":"status-publish","4":"has-post-thumbnail","6":"product_cat-gang-tay-bao-ho-det-kim","7":"product_cat-bao-ve-tay-va-canh-tay","8":"desktop-align-left","9":"tablet-align-left","10":"mobile-align-left","12":"first","13":"instock","14":"shipping-taxable","15":"product-type-simple"},"yoast_head":"<!-- This site is optimized with the Yoast SEO plugin v27.4 - https:\/\/yoast.com\/product\/yoast-seo-wordpress\/ -->\n<title>G\u0103ng tay BHL\u0110 ph\u1ee7 s\u00f3ng nh\u1ef1a - C\u00f4ng Ty TNHH Trang Thi\u1ebft B\u1ecb K\u1ef9 Thu\u1eadt An Huy<\/title>\n<meta name=\"robots\" content=\"index, follow, max-snippet:-1, max-image-preview:large, max-video-preview:-1\" \/>\n<link rel=\"canonical\" href=\"https:\/\/anhuysafety.com\/en\/product\/gang-tay-bhld-phu-song-nhua\/\" \/>\n<meta property=\"og:locale\" content=\"en_US\" \/>\n<meta property=\"og:type\" content=\"article\" \/>\n<meta property=\"og:title\" content=\"G\u0103ng tay BHL\u0110 ph\u1ee7 s\u00f3ng nh\u1ef1a - C\u00f4ng Ty TNHH Trang Thi\u1ebft B\u1ecb K\u1ef9 Thu\u1eadt An Huy\" \/>\n<meta property=\"og:description\" content=\"&nbsp; M\u00e3 s\u1ea3n ph\u1ea9m GV526S G\u0103ng tay v\u1ea3i s\u1eed d\u1ee5ng trong th\u1eddi ti\u1ebft n\u1eafng n\u00f3ng, d\u1ec5 d\u00e0ng c\u1ea7m c\u00e1c \u0111\u1ed3 ngh\u1ec1 khi thao t\u00e1c. S\u1eed d\u1ee5ng khi b\u1ed1c d\u1ee1 v\u1eadt t\u01b0 thi\u1ebft b\u1ecb, gia c\u00f4ng c\u01a1 kh\u00ed, m\u00f3c c\u00e1p c\u1ea9u v\u1eadt t\u01b0, mang c\u00e1c \u0111\u1ed3 v\u1eadt n\u1eb7ng,&#8230; , b\u1ea3o v\u1ec7 b\u00e0n tay khi c\u1ea7m n\u1eafm [&hellip;]\" \/>\n<meta property=\"og:url\" content=\"https:\/\/anhuysafety.com\/en\/product\/gang-tay-bhld-phu-song-nhua\/\" \/>\n<meta property=\"og:site_name\" content=\"C\u00f4ng Ty TNHH Trang Thi\u1ebft B\u1ecb K\u1ef9 Thu\u1eadt An Huy\" \/>\n<meta property=\"article:modified_time\" content=\"2025-06-30T09:38:28+00:00\" \/>\n<meta property=\"og:image\" content=\"https:\/\/anhuysafety.com\/wp-content\/uploads\/2025\/06\/gangtay.jpg\" \/>\n\t<meta property=\"og:image:width\" content=\"351\" \/>\n\t<meta property=\"og:image:height\" content=\"278\" \/>\n\t<meta property=\"og:image:type\" content=\"image\/jpeg\" \/>\n<meta name=\"twitter:card\" content=\"summary_large_image\" \/>\n<meta name=\"twitter:label1\" content=\"Est. reading time\" \/>\n\t<meta name=\"twitter:data1\" content=\"2 minutes\" \/>\n<script type=\"application\/ld+json\" class=\"yoast-schema-graph\">{\"@context\":\"https:\\\/\\\/schema.org\",\"@graph\":[{\"@type\":\"WebPage\",\"@id\":\"https:\\\/\\\/anhuysafety.com\\\/san-pham\\\/gang-tay-bhld-phu-song-nhua\\\/\",\"url\":\"https:\\\/\\\/anhuysafety.com\\\/san-pham\\\/gang-tay-bhld-phu-song-nhua\\\/\",\"name\":\"G\u0103ng tay BHL\u0110 ph\u1ee7 s\u00f3ng nh\u1ef1a - C\u00f4ng Ty TNHH Trang Thi\u1ebft B\u1ecb K\u1ef9 Thu\u1eadt An Huy\",\"isPartOf\":{\"@id\":\"https:\\\/\\\/anhuysafety.com\\\/#website\"},\"primaryImageOfPage\":{\"@id\":\"https:\\\/\\\/anhuysafety.com\\\/san-pham\\\/gang-tay-bhld-phu-song-nhua\\\/#primaryimage\"},\"image\":{\"@id\":\"https:\\\/\\\/anhuysafety.com\\\/san-pham\\\/gang-tay-bhld-phu-song-nhua\\\/#primaryimage\"},\"thumbnailUrl\":\"https:\\\/\\\/anhuysafety.com\\\/wp-content\\\/uploads\\\/2025\\\/06\\\/gangtay.jpg\",\"datePublished\":\"2025-06-30T09:34:18+00:00\",\"dateModified\":\"2025-06-30T09:38:28+00:00\",\"breadcrumb\":{\"@id\":\"https:\\\/\\\/anhuysafety.com\\\/san-pham\\\/gang-tay-bhld-phu-song-nhua\\\/#breadcrumb\"},\"inLanguage\":\"en-US\",\"potentialAction\":[{\"@type\":\"ReadAction\",\"target\":[\"https:\\\/\\\/anhuysafety.com\\\/san-pham\\\/gang-tay-bhld-phu-song-nhua\\\/\"]}]},{\"@type\":\"ImageObject\",\"inLanguage\":\"en-US\",\"@id\":\"https:\\\/\\\/anhuysafety.com\\\/san-pham\\\/gang-tay-bhld-phu-song-nhua\\\/#primaryimage\",\"url\":\"https:\\\/\\\/anhuysafety.com\\\/wp-content\\\/uploads\\\/2025\\\/06\\\/gangtay.jpg\",\"contentUrl\":\"https:\\\/\\\/anhuysafety.com\\\/wp-content\\\/uploads\\\/2025\\\/06\\\/gangtay.jpg\",\"width\":351,\"height\":278},{\"@type\":\"BreadcrumbList\",\"@id\":\"https:\\\/\\\/anhuysafety.com\\\/san-pham\\\/gang-tay-bhld-phu-song-nhua\\\/#breadcrumb\",\"itemListElement\":[{\"@type\":\"ListItem\",\"position\":1,\"name\":\"Trang ch\u1ee7\",\"item\":\"https:\\\/\\\/anhuysafety.com\\\/\"},{\"@type\":\"ListItem\",\"position\":2,\"name\":\"S\u1ea3n ph\u1ea9m\",\"item\":\"http:\\\/\\\/anhuysafety.com\\\/en\\\/cua-hang\"},{\"@type\":\"ListItem\",\"position\":3,\"name\":\"G\u0103ng tay BHL\u0110 ph\u1ee7 s\u00f3ng nh\u1ef1a\"}]},{\"@type\":\"WebSite\",\"@id\":\"https:\\\/\\\/anhuysafety.com\\\/#website\",\"url\":\"https:\\\/\\\/anhuysafety.com\\\/\",\"name\":\"C\u00f4ng Ty TNHH Trang Thi\u1ebft B\u1ecb K\u1ef9 Thu\u1eadt An Huy\",\"description\":\"\",\"publisher\":{\"@id\":\"https:\\\/\\\/anhuysafety.com\\\/#organization\"},\"potentialAction\":[{\"@type\":\"SearchAction\",\"target\":{\"@type\":\"EntryPoint\",\"urlTemplate\":\"https:\\\/\\\/anhuysafety.com\\\/?s={search_term_string}\"},\"query-input\":{\"@type\":\"PropertyValueSpecification\",\"valueRequired\":true,\"valueName\":\"search_term_string\"}}],\"inLanguage\":\"en-US\"},{\"@type\":\"Organization\",\"@id\":\"https:\\\/\\\/anhuysafety.com\\\/#organization\",\"name\":\"C\u00f4ng ty TNHH trang thi\u1ebft b\u1ecb k\u1ef9 thu\u1eadt An Huy\",\"url\":\"https:\\\/\\\/anhuysafety.com\\\/\",\"logo\":{\"@type\":\"ImageObject\",\"inLanguage\":\"en-US\",\"@id\":\"https:\\\/\\\/anhuysafety.com\\\/#\\\/schema\\\/logo\\\/image\\\/\",\"url\":\"https:\\\/\\\/anhuysafety.com\\\/wp-content\\\/uploads\\\/2022\\\/02\\\/cropped-cropped-cropped-LOGO_AN_HUY_SAFETY_chuan-removebg-preview-1.png\",\"contentUrl\":\"https:\\\/\\\/anhuysafety.com\\\/wp-content\\\/uploads\\\/2022\\\/02\\\/cropped-cropped-cropped-LOGO_AN_HUY_SAFETY_chuan-removebg-preview-1.png\",\"width\":357,\"height\":318,\"caption\":\"C\u00f4ng ty TNHH trang thi\u1ebft b\u1ecb k\u1ef9 thu\u1eadt An Huy\"},\"image\":{\"@id\":\"https:\\\/\\\/anhuysafety.com\\\/#\\\/schema\\\/logo\\\/image\\\/\"}}]}<\/script>\n<!-- \/ Yoast SEO plugin. -->","yoast_head_json":{"title":"G\u0103ng tay BHL\u0110 ph\u1ee7 s\u00f3ng nh\u1ef1a - C\u00f4ng Ty TNHH Trang Thi\u1ebft B\u1ecb K\u1ef9 Thu\u1eadt An Huy","robots":{"index":"index","follow":"follow","max-snippet":"max-snippet:-1","max-image-preview":"max-image-preview:large","max-video-preview":"max-video-preview:-1"},"canonical":"https:\/\/anhuysafety.com\/en\/product\/gang-tay-bhld-phu-song-nhua\/","og_locale":"en_US","og_type":"article","og_title":"G\u0103ng tay BHL\u0110 ph\u1ee7 s\u00f3ng nh\u1ef1a - C\u00f4ng Ty TNHH Trang Thi\u1ebft B\u1ecb K\u1ef9 Thu\u1eadt An Huy","og_description":"&nbsp; M\u00e3 s\u1ea3n ph\u1ea9m GV526S G\u0103ng tay v\u1ea3i s\u1eed d\u1ee5ng trong th\u1eddi ti\u1ebft n\u1eafng n\u00f3ng, d\u1ec5 d\u00e0ng c\u1ea7m c\u00e1c \u0111\u1ed3 ngh\u1ec1 khi thao t\u00e1c. S\u1eed d\u1ee5ng khi b\u1ed1c d\u1ee1 v\u1eadt t\u01b0 thi\u1ebft b\u1ecb, gia c\u00f4ng c\u01a1 kh\u00ed, m\u00f3c c\u00e1p c\u1ea9u v\u1eadt t\u01b0, mang c\u00e1c \u0111\u1ed3 v\u1eadt n\u1eb7ng,&#8230; , b\u1ea3o v\u1ec7 b\u00e0n tay khi c\u1ea7m n\u1eafm [&hellip;]","og_url":"https:\/\/anhuysafety.com\/en\/product\/gang-tay-bhld-phu-song-nhua\/","og_site_name":"C\u00f4ng Ty TNHH Trang Thi\u1ebft B\u1ecb K\u1ef9 Thu\u1eadt An Huy","article_modified_time":"2025-06-30T09:38:28+00:00","og_image":[{"width":351,"height":278,"url":"https:\/\/anhuysafety.com\/wp-content\/uploads\/2025\/06\/gangtay.jpg","type":"image\/jpeg"}],"twitter_card":"summary_large_image","twitter_misc":{"Est. reading time":"2 minutes"},"schema":{"@context":"https:\/\/schema.org","@graph":[{"@type":"WebPage","@id":"https:\/\/anhuysafety.com\/san-pham\/gang-tay-bhld-phu-song-nhua\/","url":"https:\/\/anhuysafety.com\/san-pham\/gang-tay-bhld-phu-song-nhua\/","name":"G\u0103ng tay BHL\u0110 ph\u1ee7 s\u00f3ng nh\u1ef1a - C\u00f4ng Ty TNHH Trang Thi\u1ebft B\u1ecb K\u1ef9 Thu\u1eadt An Huy","isPartOf":{"@id":"https:\/\/anhuysafety.com\/#website"},"primaryImageOfPage":{"@id":"https:\/\/anhuysafety.com\/san-pham\/gang-tay-bhld-phu-song-nhua\/#primaryimage"},"image":{"@id":"https:\/\/anhuysafety.com\/san-pham\/gang-tay-bhld-phu-song-nhua\/#primaryimage"},"thumbnailUrl":"https:\/\/anhuysafety.com\/wp-content\/uploads\/2025\/06\/gangtay.jpg","datePublished":"2025-06-30T09:34:18+00:00","dateModified":"2025-06-30T09:38:28+00:00","breadcrumb":{"@id":"https:\/\/anhuysafety.com\/san-pham\/gang-tay-bhld-phu-song-nhua\/#breadcrumb"},"inLanguage":"en-US","potentialAction":[{"@type":"ReadAction","target":["https:\/\/anhuysafety.com\/san-pham\/gang-tay-bhld-phu-song-nhua\/"]}]},{"@type":"ImageObject","inLanguage":"en-US","@id":"https:\/\/anhuysafety.com\/san-pham\/gang-tay-bhld-phu-song-nhua\/#primaryimage","url":"https:\/\/anhuysafety.com\/wp-content\/uploads\/2025\/06\/gangtay.jpg","contentUrl":"https:\/\/anhuysafety.com\/wp-content\/uploads\/2025\/06\/gangtay.jpg","width":351,"height":278},{"@type":"BreadcrumbList","@id":"https:\/\/anhuysafety.com\/san-pham\/gang-tay-bhld-phu-song-nhua\/#breadcrumb","itemListElement":[{"@type":"ListItem","position":1,"name":"Trang ch\u1ee7","item":"https:\/\/anhuysafety.com\/"},{"@type":"ListItem","position":2,"name":"S\u1ea3n ph\u1ea9m","item":"http:\/\/anhuysafety.com\/en\/cua-hang"},{"@type":"ListItem","position":3,"name":"G\u0103ng tay BHL\u0110 ph\u1ee7 s\u00f3ng nh\u1ef1a"}]},{"@type":"WebSite","@id":"https:\/\/anhuysafety.com\/#website","url":"https:\/\/anhuysafety.com\/","name":"AN HUY TECHNICAL EQUIPMENT CO., LTD","description":"","publisher":{"@id":"https:\/\/anhuysafety.com\/#organization"},"potentialAction":[{"@type":"SearchAction","target":{"@type":"EntryPoint","urlTemplate":"https:\/\/anhuysafety.com\/?s={search_term_string}"},"query-input":{"@type":"PropertyValueSpecification","valueRequired":true,"valueName":"search_term_string"}}],"inLanguage":"en-US"},{"@type":"Organization","@id":"https:\/\/anhuysafety.com\/#organization","name":"C\u00f4ng ty TNHH trang thi\u1ebft b\u1ecb k\u1ef9 thu\u1eadt An Huy","url":"https:\/\/anhuysafety.com\/","logo":{"@type":"ImageObject","inLanguage":"en-US","@id":"https:\/\/anhuysafety.com\/#\/schema\/logo\/image\/","url":"https:\/\/anhuysafety.com\/wp-content\/uploads\/2022\/02\/cropped-cropped-cropped-LOGO_AN_HUY_SAFETY_chuan-removebg-preview-1.png","contentUrl":"https:\/\/anhuysafety.com\/wp-content\/uploads\/2022\/02\/cropped-cropped-cropped-LOGO_AN_HUY_SAFETY_chuan-removebg-preview-1.png","width":357,"height":318,"caption":"C\u00f4ng ty TNHH trang thi\u1ebft b\u1ecb k\u1ef9 thu\u1eadt An Huy"},"image":{"@id":"https:\/\/anhuysafety.com\/#\/schema\/logo\/image\/"}}]}},"_links":{"self":[{"href":"https:\/\/anhuysafety.com\/en\/wp-json\/wp\/v2\/product\/4139","targetHints":{"allow":["GET"]}}],"collection":[{"href":"https:\/\/anhuysafety.com\/en\/wp-json\/wp\/v2\/product"}],"about":[{"href":"https:\/\/anhuysafety.com\/en\/wp-json\/wp\/v2\/types\/product"}],"version-history":[{"count":1,"href":"https:\/\/anhuysafety.com\/en\/wp-json\/wp\/v2\/product\/4139\/revisions"}],"predecessor-version":[{"id":4141,"href":"https:\/\/anhuysafety.com\/en\/wp-json\/wp\/v2\/product\/4139\/revisions\/4141"}],"wp:featuredmedia":[{"embeddable":true,"href":"https:\/\/anhuysafety.com\/en\/wp-json\/wp\/v2\/media\/4140"}],"wp:attachment":[{"href":"https:\/\/anhuysafety.com\/en\/wp-json\/wp\/v2\/media?parent=4139"}],"wp:term":[{"taxonomy":"product_brand","embeddable":true,"href":"https:\/\/anhuysafety.com\/en\/wp-json\/wp\/v2\/product_brand?post=4139"},{"taxonomy":"product_cat","embeddable":true,"href":"https:\/\/anhuysafety.com\/en\/wp-json\/wp\/v2\/product_cat?post=4139"},{"taxonomy":"product_tag","embeddable":true,"href":"https:\/\/anhuysafety.com\/en\/wp-json\/wp\/v2\/product_tag?post=4139"}],"curies":[{"name":"wp","href":"https:\/\/api.w.org\/{rel}","templated":true}]}}